{"id":45921,"date":"2026-03-16T08:00:19","date_gmt":"2026-03-16T07:00:19","guid":{"rendered":"https:\/\/primaverde.com\/support\/"},"modified":"2026-04-20T08:54:05","modified_gmt":"2026-04-20T07:54:05","slug":"support","status":"publish","type":"page","link":"https:\/\/primaverde.com\/da\/support\/","title":{"rendered":"Support"},"content":{"rendered":"\n<h1 class=\"wp-block-heading has-text-align-center\" id=\"h-kommerciel-og-teknisk-support\">Kommerciel og teknisk support <\/h1>\n\n\n\n<h2 class=\"wp-block-heading has-text-align-center\" id=\"h-palideligheden-af-primaverde-s-teknisk-og-kommercielle-support\">P\u00e5lideligheden af Primaverde&#8217;s teknisk og kommercielle support<\/h2>\n\n\n\n<p><\/p>\n\n\n\n<div class=\"wp-block-columns has-2-columns is-layout-flex wp-container-core-columns-is-layout-9d6595d7 wp-block-columns-is-layout-flex\">\n<div class=\"wp-block-column is-layout-flow wp-block-column-is-layout-flow\">\n<figure class=\"wp-block-gallery has-nested-images columns-2 wp-block-gallery-1 is-layout-flex wp-block-gallery-is-layout-flex\">\n<figure class=\"wp-block-image size-full\"><a href=\"https:\/\/primaverde.com\/wp-content\/uploads\/2025\/07\/PrimaCover2_logo_content_categorie_1-600x399-2.jpg\"><img loading=\"lazy\" decoding=\"async\" width=\"600\" height=\"399\" data-id=\"44886\" src=\"https:\/\/primaverde.com\/wp-content\/uploads\/2025\/07\/PrimaCover2_logo_content_categorie_1-600x399-2.jpg\" alt=\"\" class=\"wp-image-44886\" srcset=\"https:\/\/primaverde.com\/wp-content\/uploads\/2025\/07\/PrimaCover2_logo_content_categorie_1-600x399-2.jpg 600w, https:\/\/primaverde.com\/wp-content\/uploads\/2025\/07\/PrimaCover2_logo_content_categorie_1-600x399-2-300x200.jpg 300w\" sizes=\"auto, (max-width: 600px) 100vw, 600px\" \/><\/a><\/figure>\n\n\n\n<figure class=\"wp-block-image size-full\"><a href=\"https:\/\/primaverde.com\/wp-content\/uploads\/2025\/07\/PrimaCover6_logo_content_categorie_2-300x200-1.jpg\"><img loading=\"lazy\" decoding=\"async\" width=\"300\" height=\"200\" data-id=\"44901\" src=\"https:\/\/primaverde.com\/wp-content\/uploads\/2025\/07\/PrimaCover6_logo_content_categorie_2-300x200-1.jpg\" alt=\"\" class=\"wp-image-44901\"\/><\/a><\/figure>\n\n\n\n<figure class=\"wp-block-image size-full\"><a href=\"https:\/\/primaverde.com\/wp-content\/uploads\/2025\/07\/PrimaCover9_logo_content_categorie_2-300x200-1.jpg\"><img loading=\"lazy\" decoding=\"async\" width=\"300\" height=\"200\" data-id=\"44908\" src=\"https:\/\/primaverde.com\/wp-content\/uploads\/2025\/07\/PrimaCover9_logo_content_categorie_2-300x200-1.jpg\" alt=\"\" class=\"wp-image-44908\"\/><\/a><\/figure>\n\n\n\n<figure class=\"wp-block-image size-full\"><a href=\"https:\/\/primaverde.com\/wp-content\/uploads\/2025\/07\/PrimaCover10_logo_content_categorie_2-300x200-1.jpg\"><img loading=\"lazy\" decoding=\"async\" width=\"300\" height=\"200\" data-id=\"44915\" src=\"https:\/\/primaverde.com\/wp-content\/uploads\/2025\/07\/PrimaCover10_logo_content_categorie_2-300x200-1.jpg\" alt=\"\" class=\"wp-image-44915\"\/><\/a><\/figure>\n\n\n\n<figure class=\"wp-block-image size-full\"><a href=\"https:\/\/primaverde.com\/wp-content\/uploads\/2025\/07\/PrimaCover11_logo_content_categorie_2-300x200-1.jpg\"><img loading=\"lazy\" decoding=\"async\" width=\"300\" height=\"200\" data-id=\"44922\" src=\"https:\/\/primaverde.com\/wp-content\/uploads\/2025\/07\/PrimaCover11_logo_content_categorie_2-300x200-1.jpg\" alt=\"\" class=\"wp-image-44922\"\/><\/a><\/figure>\n\n\n\n<figure class=\"wp-block-image size-full\"><a href=\"https:\/\/primaverde.com\/wp-content\/uploads\/2025\/07\/PrimaCover16_logo_content_categorie_2-300x200-1.jpg\"><img loading=\"lazy\" decoding=\"async\" width=\"300\" height=\"200\" data-id=\"44930\" src=\"https:\/\/primaverde.com\/wp-content\/uploads\/2025\/07\/PrimaCover16_logo_content_categorie_2-300x200-1.jpg\" alt=\"\" class=\"wp-image-44930\"\/><\/a><\/figure>\n\n\n\n<figure class=\"wp-block-image size-full\"><a href=\"https:\/\/primaverde.com\/wp-content\/uploads\/2025\/07\/PrimaCover30_logo_content_categorie_2-300x200-1.jpg\"><img loading=\"lazy\" decoding=\"async\" width=\"300\" height=\"200\" data-id=\"44937\" src=\"https:\/\/primaverde.com\/wp-content\/uploads\/2025\/07\/PrimaCover30_logo_content_categorie_2-300x200-1.jpg\" alt=\"\" class=\"wp-image-44937\"\/><\/a><\/figure>\n<\/figure>\n<\/div>\n\n\n\n<div class=\"wp-block-column is-layout-flow wp-block-column-is-layout-flow\">\n<p>Primaverde leverer kun produkter af h\u00f8jeste kvalitet. Et premiumprodukt udvikler sig ikke af sig selv. Det kr\u00e6ver omhu, opm\u00e6rksomhed, markedskendskab og fremragende kundeservice. Forvent enest\u00e5ende og bevidst kvalitet, opf\u00f8lgning og fremragende teknisk support.<\/p>\n\n\n\n<h3 class=\"wp-block-heading\" id=\"h-opfolgning-af-forhandlere\">Opf\u00f8lgning af forhandlere<\/h3>\n\n\n\n<p>Er du forhandler af vores produkter? Primaverde tilbyder omfattende teknisk og kommerciel support til forhandlere. Som salgssted for vores produkter er du derfor aldrig alene.<\/p>\n\n\n\n<h3 class=\"wp-block-heading\" id=\"h-teknisk-support\">Teknisk support<\/h3>\n\n\n\n<p>Tekniske produkter fortjener den rette tekniske support. Vores medarbejdere tilbyder derfor produktuddannelse og r\u00e5dgivning om korrekt brug af Primacovers afd\u00e6kningsmaterialer og st\u00f8vd\u00f8re i specifikke situationer. Det betyder, at de regelm\u00e6ssigt bes\u00f8ger entrepren\u00f8rer, byggemarkeder og byggepladser. Dette indeb\u00e6rer ofte flere bes\u00f8g, hvor en af vores medarbejdere samarbejder med din projektleder for at sikre, at arbejdet udf\u00f8res rent og sikkert.<\/p>\n\n\n\n<h3 class=\"wp-block-heading\" id=\"h-kommerciel-support\">Kommerciel support<\/h3>\n\n\n\n<p>Primaverde tilbyder kommerciel support p\u00e5 forskellige m\u00e5der. M\u00e5let er at etablere en god dialog med dine kunder og brugerne af vores produkter. Vores sortiment pr\u00e6senteres i butikkerne ved hj\u00e6lp af displays og butikshylder. Derudover er vores markedsf\u00f8ring kendetegnet ved genkendelig emballage, informative hjemmesider, brochurer, et omhyggeligt mediefokus og deltagelse i messer.<\/p>\n\n\n\n<h3 class=\"wp-block-heading\" id=\"h-digital\">Digital<\/h3>\n\n\n\n<p>For at promovere vores m\u00e6rker stiller vi forskellige kommunikationsv\u00e6rkt\u00f8jer til r\u00e5dighed for vores forhandlere. Vi leverer produktbilleder i h\u00f8j kvalitet, salgsfremmende videoer og layoutfiler. Forhandlere og grossister drager ogs\u00e5 fordel af den automatiske udveksling af produktinformation via FINFO eller elektroniske medier via UBL.<\/p>\n\n\n\n<h3 class=\"wp-block-heading\" id=\"h-private-label\">Private label<\/h3>\n\n\n\n<p>Sp\u00f8rg om mulighederne for dit eget private label eller tryk p\u00e5 emballagen. Din Primaverde-r\u00e5dgiver vil fort\u00e6lle dig alt om mulighederne og minimumsordrem\u00e6ngder.<\/p>\n\n\n\n<h3 class=\"wp-block-heading\" id=\"h-mere-information\">Mere information<\/h3>\n\n\n\n<p>Vores produkter kan k\u00f8bes i isenkr\u00e6mmere, byggemarkeder, elgrossister og malerforretninger. Kontakt Primaverde, hvis du vil vide mere om vores m\u00e6rker og vores markedsf\u00f8ringsstrategi. Vi hj\u00e6lper dig gerne. Du er velkommen til at <a href=\"https:\/\/primaverde.com\/da\/kontakt\/\" type=\"page\" id=\"45956\">kontakte<\/a> os uden forpligtelser.<\/p>\n<\/div>\n<\/div>\n\n\n\n<p><\/p>\n","protected":false},"excerpt":{"rendered":"<p>Kommerciel og teknisk support P\u00e5lideligheden af Primaverde&#8217;s teknisk og kommercielle support Primaverde leverer kun produkter af h\u00f8jeste kvalitet. Et premiumprodukt &#8230; <a title=\"Support\" class=\"read-more\" href=\"https:\/\/primaverde.com\/da\/support\/\" aria-label=\"Read more about Support\">Lees verder&#8230;<\/a><\/p>\n","protected":false},"author":140,"featured_media":0,"parent":0,"menu_order":4,"comment_status":"closed","ping_status":"closed","template":"","meta":{"generate_page_header":"","footnotes":""},"class_list":{"0":"post-45921","1":"page","2":"type-page","3":"status-publish","5":"infinite-scroll-item"},"yoast_head":"<!-- This site is optimized with the Yoast SEO Premium plugin v26.8 (Yoast SEO v27.4) - https:\/\/yoast.com\/product\/yoast-seo-premium-wordpress\/ -->\n<title>Kommerciel og teknisk support<\/title>\n<meta name=\"description\" content=\"PrimaCover er et beskyttelsesmateriale til mange forskellige overflader, s\u00e5som beton, natursten, fliser, tr\u00e6, laminat, linoleum, t\u00e6pper osv.\" \/>\n<meta name=\"robots\" content=\"index, follow, max-snippet:-1, max-image-preview:large, max-video-preview:-1\" \/>\n<link rel=\"canonical\" href=\"https:\/\/primaverde.com\/da\/support\/\" \/>\n<meta property=\"og:locale\" content=\"da_DK\" \/>\n<meta property=\"og:type\" content=\"article\" \/>\n<meta property=\"og:title\" content=\"Support\" \/>\n<meta property=\"og:description\" content=\"PrimaCover er et beskyttelsesmateriale til mange forskellige overflader, s\u00e5som beton, natursten, fliser, tr\u00e6, laminat, linoleum, t\u00e6pper osv.\" \/>\n<meta property=\"og:url\" content=\"https:\/\/primaverde.com\/da\/support\/\" \/>\n<meta property=\"og:site_name\" content=\"Primaverde\" \/>\n<meta property=\"article:publisher\" content=\"https:\/\/www.facebook.com\/PrimaverdeBV\/\" \/>\n<meta property=\"article:modified_time\" content=\"2026-04-20T07:54:05+00:00\" \/>\n<meta property=\"og:image\" content=\"https:\/\/primaverde.com\/wp-content\/uploads\/2025\/07\/PrimaCover2_logo_content_categorie_1-600x399-2.jpg\" \/>\n\t<meta property=\"og:image:width\" content=\"600\" \/>\n\t<meta property=\"og:image:height\" content=\"399\" \/>\n\t<meta property=\"og:image:type\" content=\"image\/jpeg\" \/>\n<meta name=\"twitter:card\" content=\"summary_large_image\" \/>\n<meta name=\"twitter:site\" content=\"@PrimaverdeBV\" \/>\n<meta name=\"twitter:label1\" content=\"Estimeret l\u00e6setid\" \/>\n\t<meta name=\"twitter:data1\" content=\"3 minutter\" \/>\n<script type=\"application\/ld+json\" class=\"yoast-schema-graph\">{\"@context\":\"https:\\\/\\\/schema.org\",\"@graph\":[{\"@type\":\"WebPage\",\"@id\":\"https:\\\/\\\/primaverde.com\\\/da\\\/support\\\/\",\"url\":\"https:\\\/\\\/primaverde.com\\\/da\\\/support\\\/\",\"name\":\"Kommerciel og teknisk support\",\"isPartOf\":{\"@id\":\"https:\\\/\\\/primaverde.com\\\/da\\\/#website\"},\"primaryImageOfPage\":{\"@id\":\"https:\\\/\\\/primaverde.com\\\/da\\\/support\\\/#primaryimage\"},\"image\":{\"@id\":\"https:\\\/\\\/primaverde.com\\\/da\\\/support\\\/#primaryimage\"},\"thumbnailUrl\":\"https:\\\/\\\/primaverde.com\\\/wp-content\\\/uploads\\\/2025\\\/07\\\/PrimaCover2_logo_content_categorie_1-600x399-2.jpg\",\"datePublished\":\"2026-03-16T07:00:19+00:00\",\"dateModified\":\"2026-04-20T07:54:05+00:00\",\"description\":\"PrimaCover er et beskyttelsesmateriale til mange forskellige overflader, s\u00e5som beton, natursten, fliser, tr\u00e6, laminat, linoleum, t\u00e6pper osv.\",\"breadcrumb\":{\"@id\":\"https:\\\/\\\/primaverde.com\\\/da\\\/support\\\/#breadcrumb\"},\"inLanguage\":\"da-DK\",\"potentialAction\":[{\"@type\":\"ReadAction\",\"target\":[\"https:\\\/\\\/primaverde.com\\\/da\\\/support\\\/\"]}]},{\"@type\":\"ImageObject\",\"inLanguage\":\"da-DK\",\"@id\":\"https:\\\/\\\/primaverde.com\\\/da\\\/support\\\/#primaryimage\",\"url\":\"https:\\\/\\\/primaverde.com\\\/wp-content\\\/uploads\\\/2025\\\/07\\\/PrimaCover2_logo_content_categorie_1-600x399-2.jpg\",\"contentUrl\":\"https:\\\/\\\/primaverde.com\\\/wp-content\\\/uploads\\\/2025\\\/07\\\/PrimaCover2_logo_content_categorie_1-600x399-2.jpg\"},{\"@type\":\"BreadcrumbList\",\"@id\":\"https:\\\/\\\/primaverde.com\\\/da\\\/support\\\/#breadcrumb\",\"itemListElement\":[{\"@type\":\"ListItem\",\"position\":1,\"name\":\"Home\",\"item\":\"https:\\\/\\\/primaverde.com\\\/da\\\/\"},{\"@type\":\"ListItem\",\"position\":2,\"name\":\"Support\"}]},{\"@type\":\"WebSite\",\"@id\":\"https:\\\/\\\/primaverde.com\\\/da\\\/#website\",\"url\":\"https:\\\/\\\/primaverde.com\\\/da\\\/\",\"name\":\"Primaverde\",\"description\":\"Covering material, protection, tapes, Beschermende materialen\",\"publisher\":{\"@id\":\"https:\\\/\\\/primaverde.com\\\/da\\\/#organization\"},\"potentialAction\":[{\"@type\":\"SearchAction\",\"target\":{\"@type\":\"EntryPoint\",\"urlTemplate\":\"https:\\\/\\\/primaverde.com\\\/da\\\/?s={search_term_string}\"},\"query-input\":{\"@type\":\"PropertyValueSpecification\",\"valueRequired\":true,\"valueName\":\"search_term_string\"}}],\"inLanguage\":\"da-DK\"},{\"@type\":\"Organization\",\"@id\":\"https:\\\/\\\/primaverde.com\\\/da\\\/#organization\",\"name\":\"Primaverde B.V.\",\"url\":\"https:\\\/\\\/primaverde.com\\\/da\\\/\",\"logo\":{\"@type\":\"ImageObject\",\"inLanguage\":\"da-DK\",\"@id\":\"https:\\\/\\\/primaverde.com\\\/da\\\/#\\\/schema\\\/logo\\\/image\\\/\",\"url\":\"https:\\\/\\\/primaverde.com\\\/wp-content\\\/uploads\\\/2015\\\/03\\\/Logo_Primaverde.jpg\",\"contentUrl\":\"https:\\\/\\\/primaverde.com\\\/wp-content\\\/uploads\\\/2015\\\/03\\\/Logo_Primaverde.jpg\",\"width\":1170,\"height\":212,\"caption\":\"Primaverde B.V.\"},\"image\":{\"@id\":\"https:\\\/\\\/primaverde.com\\\/da\\\/#\\\/schema\\\/logo\\\/image\\\/\"},\"sameAs\":[\"https:\\\/\\\/www.facebook.com\\\/PrimaverdeBV\\\/\",\"https:\\\/\\\/x.com\\\/PrimaverdeBV\",\"https:\\\/\\\/nl.linkedin.com\\\/company\\\/primaverde\",\"http:\\\/\\\/www.youtube.com\\\/channel\\\/UC3DwQqj8f8tatLdSFA0aWwA\"]}]}<\/script>\n<!-- \/ Yoast SEO Premium plugin. -->","yoast_head_json":{"title":"Kommerciel og teknisk support","description":"PrimaCover er et beskyttelsesmateriale til mange forskellige overflader, s\u00e5som beton, natursten, fliser, tr\u00e6, laminat, linoleum, t\u00e6pper osv.","robots":{"index":"index","follow":"follow","max-snippet":"max-snippet:-1","max-image-preview":"max-image-preview:large","max-video-preview":"max-video-preview:-1"},"canonical":"https:\/\/primaverde.com\/da\/support\/","og_locale":"da_DK","og_type":"article","og_title":"Support","og_description":"PrimaCover er et beskyttelsesmateriale til mange forskellige overflader, s\u00e5som beton, natursten, fliser, tr\u00e6, laminat, linoleum, t\u00e6pper osv.","og_url":"https:\/\/primaverde.com\/da\/support\/","og_site_name":"Primaverde","article_publisher":"https:\/\/www.facebook.com\/PrimaverdeBV\/","article_modified_time":"2026-04-20T07:54:05+00:00","og_image":[{"width":600,"height":399,"url":"https:\/\/primaverde.com\/wp-content\/uploads\/2025\/07\/PrimaCover2_logo_content_categorie_1-600x399-2.jpg","type":"image\/jpeg"}],"twitter_card":"summary_large_image","twitter_site":"@PrimaverdeBV","twitter_misc":{"Estimeret l\u00e6setid":"3 minutter"},"schema":{"@context":"https:\/\/schema.org","@graph":[{"@type":"WebPage","@id":"https:\/\/primaverde.com\/da\/support\/","url":"https:\/\/primaverde.com\/da\/support\/","name":"Kommerciel og teknisk support","isPartOf":{"@id":"https:\/\/primaverde.com\/da\/#website"},"primaryImageOfPage":{"@id":"https:\/\/primaverde.com\/da\/support\/#primaryimage"},"image":{"@id":"https:\/\/primaverde.com\/da\/support\/#primaryimage"},"thumbnailUrl":"https:\/\/primaverde.com\/wp-content\/uploads\/2025\/07\/PrimaCover2_logo_content_categorie_1-600x399-2.jpg","datePublished":"2026-03-16T07:00:19+00:00","dateModified":"2026-04-20T07:54:05+00:00","description":"PrimaCover er et beskyttelsesmateriale til mange forskellige overflader, s\u00e5som beton, natursten, fliser, tr\u00e6, laminat, linoleum, t\u00e6pper osv.","breadcrumb":{"@id":"https:\/\/primaverde.com\/da\/support\/#breadcrumb"},"inLanguage":"da-DK","potentialAction":[{"@type":"ReadAction","target":["https:\/\/primaverde.com\/da\/support\/"]}]},{"@type":"ImageObject","inLanguage":"da-DK","@id":"https:\/\/primaverde.com\/da\/support\/#primaryimage","url":"https:\/\/primaverde.com\/wp-content\/uploads\/2025\/07\/PrimaCover2_logo_content_categorie_1-600x399-2.jpg","contentUrl":"https:\/\/primaverde.com\/wp-content\/uploads\/2025\/07\/PrimaCover2_logo_content_categorie_1-600x399-2.jpg"},{"@type":"BreadcrumbList","@id":"https:\/\/primaverde.com\/da\/support\/#breadcrumb","itemListElement":[{"@type":"ListItem","position":1,"name":"Home","item":"https:\/\/primaverde.com\/da\/"},{"@type":"ListItem","position":2,"name":"Support"}]},{"@type":"WebSite","@id":"https:\/\/primaverde.com\/da\/#website","url":"https:\/\/primaverde.com\/da\/","name":"Primaverde","description":"Covering material, protection, tapes, Beschermende materialen","publisher":{"@id":"https:\/\/primaverde.com\/da\/#organization"},"potentialAction":[{"@type":"SearchAction","target":{"@type":"EntryPoint","urlTemplate":"https:\/\/primaverde.com\/da\/?s={search_term_string}"},"query-input":{"@type":"PropertyValueSpecification","valueRequired":true,"valueName":"search_term_string"}}],"inLanguage":"da-DK"},{"@type":"Organization","@id":"https:\/\/primaverde.com\/da\/#organization","name":"Primaverde B.V.","url":"https:\/\/primaverde.com\/da\/","logo":{"@type":"ImageObject","inLanguage":"da-DK","@id":"https:\/\/primaverde.com\/da\/#\/schema\/logo\/image\/","url":"https:\/\/primaverde.com\/wp-content\/uploads\/2015\/03\/Logo_Primaverde.jpg","contentUrl":"https:\/\/primaverde.com\/wp-content\/uploads\/2015\/03\/Logo_Primaverde.jpg","width":1170,"height":212,"caption":"Primaverde B.V."},"image":{"@id":"https:\/\/primaverde.com\/da\/#\/schema\/logo\/image\/"},"sameAs":["https:\/\/www.facebook.com\/PrimaverdeBV\/","https:\/\/x.com\/PrimaverdeBV","https:\/\/nl.linkedin.com\/company\/primaverde","http:\/\/www.youtube.com\/channel\/UC3DwQqj8f8tatLdSFA0aWwA"]}]}},"_links":{"self":[{"href":"https:\/\/primaverde.com\/da\/wp-json\/wp\/v2\/pages\/45921","targetHints":{"allow":["GET"]}}],"collection":[{"href":"https:\/\/primaverde.com\/da\/wp-json\/wp\/v2\/pages"}],"about":[{"href":"https:\/\/primaverde.com\/da\/wp-json\/wp\/v2\/types\/page"}],"author":[{"embeddable":true,"href":"https:\/\/primaverde.com\/da\/wp-json\/wp\/v2\/users\/140"}],"replies":[{"embeddable":true,"href":"https:\/\/primaverde.com\/da\/wp-json\/wp\/v2\/comments?post=45921"}],"version-history":[{"count":2,"href":"https:\/\/primaverde.com\/da\/wp-json\/wp\/v2\/pages\/45921\/revisions"}],"predecessor-version":[{"id":46337,"href":"https:\/\/primaverde.com\/da\/wp-json\/wp\/v2\/pages\/45921\/revisions\/46337"}],"wp:attachment":[{"href":"https:\/\/primaverde.com\/da\/wp-json\/wp\/v2\/media?parent=45921"}],"curies":[{"name":"wp","href":"https:\/\/api.w.org\/{rel}","templated":true}]}}