{"id":45942,"date":"2026-03-16T08:00:12","date_gmt":"2026-03-16T07:00:12","guid":{"rendered":"https:\/\/primaverde.com\/duurzaamheid-en-milieu\/"},"modified":"2026-04-20T08:55:24","modified_gmt":"2026-04-20T07:55:24","slug":"baeredygtighed-og-miljoe","status":"publish","type":"page","link":"https:\/\/primaverde.com\/da\/baeredygtighed-og-miljoe\/","title":{"rendered":"B\u00e6redygtighed og milj\u00f8"},"content":{"rendered":"\n<h1 class=\"wp-block-heading has-text-align-center\" id=\"h-baeredygtighed-og-miljo\">B\u00e6redygtighed og milj\u00f8<\/h1>\n\n\n\n<h2 class=\"wp-block-heading has-text-align-center\" id=\"h-sadan-bidrager-primaverde-til-en-sund-verden\">S\u00e5dan bidrager Primaverde til en sund verden<\/h2>\n\n\n\n<div class=\"wp-block-columns has-3-columns is-layout-flex wp-container-core-columns-is-layout-9d6595d7 wp-block-columns-is-layout-flex\">\n<div class=\"wp-block-column is-layout-flow wp-block-column-is-layout-flow\">\n<h3 class=\"wp-block-heading\" id=\"h-baeredygtighed\">B\u00e6redygtighed<\/h3>\n\n\n\n<p><strong><strong>Primaverde BV har indarbejdet b\u00e6redygtighed som en integreret del af sin mission og vision. Derfor bliver alle beslutninger, der tr\u00e6ffes i vores virksomhed, vurderet ud fra b\u00e6redygtighedsprincippet. P\u00e5 denne m\u00e5de \u00f8nsker Primaverde at bidrage til en sundere verden, milj\u00f8beskyttelse og menneskers velbefindende. Det betyder, at vi hele tiden er p\u00e5 udkig efter muligheder for at reducere vores CO2-aftryk yderligere. Vi forklarer gerne, hvad dette betyder for vores politikker og produkter.<\/strong><\/strong><\/p>\n\n\n\n<h3 class=\"wp-block-heading\" id=\"h-beskyttelse-bevarelse\">Beskyttelse = bevarelse<\/h3>\n\n\n\n<p>Primaverde udvikler, producerer og leverer produkter, der forhindrer og minimerer skader. Disse omfatter afd\u00e6kningsmaterialer, kl\u00e6bem\u00e5tter, st\u00f8vd\u00f8re og st\u00f8vkontrolsystemer. Disse produkter beskytter forskellige overflader og omr\u00e5der under byggeri, renovering, vedligeholdelse osv. Beskyttelse betyder bevarelse. Ved at forhindre reparationsarbejde sikrer vi, at r\u00e5materialer ikke un\u00f8digt skal udvindes fra jorden.<\/p>\n\n\n\n<h3 class=\"gb-headline gb-headline-5a1843ad gb-headline-text\">Sikkerhed = B\u00e6redygtighed<\/h3>\n\n\n\n<p>I Primavere&#8217;s vision er menneskers sikkerhed ogs\u00e5 et tegn p\u00e5 b\u00e6redygtighed. Vores produkter og systemer er derfor designet til at bidrage til sikkerheden for dem, der arbejder med dem. For eksempel er de fleste af vores bel\u00e6gningsmaterialer selvkl\u00e6bende, hvilket forhindrer snublerisici og g\u00f8r det muligt at bruge dem sikkert p\u00e5 trapper. Vores ikke-v\u00e6vede filt er let og bidrager derfor til god sundhed og sikkerhed p\u00e5 arbejdspladsen.<\/p>\n\n\n\n<h3 class=\"gb-headline gb-headline-5c78718e gb-headline-text\">Uddannelse og undervisning<\/h3>\n\n\n\n<figure class=\"wp-block-image size-full\"><img loading=\"lazy\" decoding=\"async\" width=\"2560\" height=\"931\" src=\"https:\/\/primaverde.com\/wp-content\/uploads\/2026\/03\/PV-site-Deens-scaled.png\" alt=\"\" class=\"wp-image-46112\" srcset=\"https:\/\/primaverde.com\/wp-content\/uploads\/2026\/03\/PV-site-Deens-scaled.png 2560w, https:\/\/primaverde.com\/wp-content\/uploads\/2026\/03\/PV-site-Deens-300x109.png 300w, https:\/\/primaverde.com\/wp-content\/uploads\/2026\/03\/PV-site-Deens-1200x436.png 1200w, https:\/\/primaverde.com\/wp-content\/uploads\/2026\/03\/PV-site-Deens-768x279.png 768w, https:\/\/primaverde.com\/wp-content\/uploads\/2026\/03\/PV-site-Deens-1536x559.png 1536w, https:\/\/primaverde.com\/wp-content\/uploads\/2026\/03\/PV-site-Deens-2048x745.png 2048w, https:\/\/primaverde.com\/wp-content\/uploads\/2026\/03\/PV-site-Deens-600x218.png 600w\" sizes=\"auto, (max-width: 2560px) 100vw, 2560px\" \/><\/figure>\n\n\n\n<p>For at sikre korrekt beskyttelse tilbyder Primaverde-teamet omfattende uddannelse og instruktion i korrekt brug af produkterne. Dette omfatter ogs\u00e5, hvordan vores produkter kan bruges flere gange p\u00e5 en sikker og ansvarlig m\u00e5de. Vores kommunikation foreg\u00e5r blandt andet via emballage, hjemmesider, presseartikler, sociale medier, demonstrationsm\u00f8der, produkt- og projektr\u00e5dgivning samt produktinformationsbrochurer. Digital, hvor det er muligt.<\/p>\n\n\n\n<h3 class=\"wp-block-heading\" id=\"h-genanvendte-ravarer\">Genanvendte r\u00e5varer<\/h3>\n\n\n\n<p>Vi bruger genanvendte r\u00e5varer til fremstilling af vores produkter. Dette er ogs\u00e5 i tr\u00e5d med vores b\u00e6redygtighedsm\u00e5l. Eksempler herp\u00e5 er de genanvendte polyesterfibre i vores PrimaCover afd\u00e6kningsfolier og den genanvendte pap til vores Ram Board-produkter. Restmateriale, der opst\u00e5r under produktionsprocessen, indsamles og genanvendes som r\u00e5vare.<\/p>\n<\/div>\n\n\n\n<div class=\"wp-block-column is-layout-flow wp-block-column-is-layout-flow\">\n<h3 class=\"wp-block-heading\" id=\"h-genbrug-og-genanvendelse\">Genbrug og genanvendelse<\/h3>\n\n\n\n<p>Vi er p\u00e5 vej til at forbedre b\u00e6redygtigheden af vores hovedkontor i Waalwijk. Milj\u00f8tiltag s\u00e5som h\u00f8jeffektivt glas, isolering og LED-belysning er allerede blevet implementeret. Elektriciteten til vores hovedkontor genereres i vid udstr\u00e6kning af solceller. Vores salgsr\u00e5dgivere bor i deres arbejdsomr\u00e5de eller s\u00e5 t\u00e6t p\u00e5 det som muligt. Primaverde bidrager med et bel\u00f8b pr. liter fossilt br\u00e6ndstof, der bruges, til et CO\u2082-kompensationsprogram. Dette bruges til at finansiere b\u00e6redygtighedsprojekter i ind- og udland. For de af vores salgsr\u00e5dgivere, der har mulighed for det, bruges kun elbiler til kundebes\u00f8g og lignende.<\/p>\n\n\n\n<div style=\"height:13px\" aria-hidden=\"true\" class=\"wp-block-spacer\"><\/div>\n\n\n\n<h3 class=\"wp-block-heading\" id=\"h-baeredygtige-produktionsprocesser\">B\u00e6redygtige produktionsprocesser<\/h3>\n\n\n\n<p>Vores produktionsprocesser er s\u00e5 b\u00e6redygtige som muligt. Der er truffet forskellige foranstaltninger p\u00e5 vores fabrikker for at reducere emissioner og energiforbrug betydeligt. Vores produktionsenergi kommer fra solceller. LED-belysning og brugen af milj\u00f8venlig naturgas reducerer vores CO2-aftryk yderligere. B\u00e6redygtighed er et af de vigtigste udv\u00e6lgelseskriterier, n\u00e5r vi v\u00e6lger nye produktionslinjer. Vores produkters struktur og produktionsmetode er blevet optimeret, s\u00e5 der kr\u00e6ves s\u00e5 f\u00e5 r\u00e5varer som muligt til produktionen.<\/p>\n\n\n\n<h3 class=\"gb-headline gb-headline-d5691a1c gb-headline-text\">G\u00f8r hovedkontoret mere b\u00e6redygtigt<\/h3>\n\n\n\n<p>Vi er p\u00e5 vej til at forbedre b\u00e6redygtigheden af vores hovedkontor i Waalwijk. Milj\u00f8tiltag s\u00e5som h\u00f8jeffektivt glas, isolering og LED-belysning er allerede blevet implementeret. Elektriciteten til vores hovedkontor genereres i vid udstr\u00e6kning af solceller. Vores salgsr\u00e5dgivere bor i deres arbejdsomr\u00e5de eller s\u00e5 t\u00e6t p\u00e5 det som muligt. Primaverde bidrager med et bel\u00f8b pr. liter fossilt br\u00e6ndstof, der bruges, til et CO\u2082-kompensationsprogram. Dette bruges til at finansiere b\u00e6redygtighedsprojekter i ind- og udland. For de af vores salgsr\u00e5dgivere, der har mulighed for det, bruges kun elbiler til kundebes\u00f8g og lignende.<\/p>\n<\/div>\n\n\n\n<div class=\"wp-block-column is-layout-flow wp-block-column-is-layout-flow\">\n<figure class=\"wp-block-image size-large\"><img loading=\"lazy\" decoding=\"async\" width=\"1200\" height=\"798\" src=\"https:\/\/primaverde.com\/wp-content\/uploads\/2021\/12\/PrimaCover6_logo_content_categorie_2-1200x798.jpg\" alt=\"PrimaCover afdekvlies zelfklevend herbruikbaar duurzaam bescherming trap vloer beton\" class=\"wp-image-31229\" srcset=\"https:\/\/primaverde.com\/wp-content\/uploads\/2021\/12\/PrimaCover6_logo_content_categorie_2-1200x798.jpg 1200w, https:\/\/primaverde.com\/wp-content\/uploads\/2021\/12\/PrimaCover6_logo_content_categorie_2-600x399.jpg 600w, https:\/\/primaverde.com\/wp-content\/uploads\/2021\/12\/PrimaCover6_logo_content_categorie_2-300x200.jpg 300w, https:\/\/primaverde.com\/wp-content\/uploads\/2021\/12\/PrimaCover6_logo_content_categorie_2-768x511.jpg 768w, https:\/\/primaverde.com\/wp-content\/uploads\/2021\/12\/PrimaCover6_logo_content_categorie_2-1536x1022.jpg 1536w, https:\/\/primaverde.com\/wp-content\/uploads\/2021\/12\/PrimaCover6_logo_content_categorie_2-2048x1362.jpg 2048w\" sizes=\"auto, (max-width: 1200px) 100vw, 1200px\" \/><\/figure>\n\n\n\n<figure class=\"wp-block-image size-full\"><img loading=\"lazy\" decoding=\"async\" width=\"2560\" height=\"1703\" src=\"https:\/\/primaverde.com\/wp-content\/uploads\/2026\/03\/PV-site-1-scaled.png\" alt=\"\" class=\"wp-image-46109\" srcset=\"https:\/\/primaverde.com\/wp-content\/uploads\/2026\/03\/PV-site-1-scaled.png 2560w, https:\/\/primaverde.com\/wp-content\/uploads\/2026\/03\/PV-site-1-300x200.png 300w, https:\/\/primaverde.com\/wp-content\/uploads\/2026\/03\/PV-site-1-1200x798.png 1200w, https:\/\/primaverde.com\/wp-content\/uploads\/2026\/03\/PV-site-1-768x511.png 768w, https:\/\/primaverde.com\/wp-content\/uploads\/2026\/03\/PV-site-1-1536x1022.png 1536w, https:\/\/primaverde.com\/wp-content\/uploads\/2026\/03\/PV-site-1-2048x1362.png 2048w, https:\/\/primaverde.com\/wp-content\/uploads\/2026\/03\/PV-site-1-600x399.png 600w\" sizes=\"auto, (max-width: 2560px) 100vw, 2560px\" \/><\/figure>\n\n\n\n<figure class=\"wp-block-image size-full\"><img loading=\"lazy\" decoding=\"async\" width=\"2560\" height=\"1703\" src=\"https:\/\/primaverde.com\/wp-content\/uploads\/2026\/03\/PV-site-2-scaled.png\" alt=\"\" class=\"wp-image-46110\" srcset=\"https:\/\/primaverde.com\/wp-content\/uploads\/2026\/03\/PV-site-2-scaled.png 2560w, https:\/\/primaverde.com\/wp-content\/uploads\/2026\/03\/PV-site-2-300x200.png 300w, https:\/\/primaverde.com\/wp-content\/uploads\/2026\/03\/PV-site-2-1200x798.png 1200w, https:\/\/primaverde.com\/wp-content\/uploads\/2026\/03\/PV-site-2-768x511.png 768w, https:\/\/primaverde.com\/wp-content\/uploads\/2026\/03\/PV-site-2-1536x1022.png 1536w, https:\/\/primaverde.com\/wp-content\/uploads\/2026\/03\/PV-site-2-2048x1362.png 2048w, https:\/\/primaverde.com\/wp-content\/uploads\/2026\/03\/PV-site-2-600x399.png 600w\" sizes=\"auto, (max-width: 2560px) 100vw, 2560px\" \/><\/figure>\n\n\n\n<figure class=\"wp-block-image size-full is-resized\"><img loading=\"lazy\" decoding=\"async\" width=\"2560\" height=\"1703\" src=\"https:\/\/primaverde.com\/wp-content\/uploads\/2026\/03\/PV-site-3-scaled.png\" alt=\"\" class=\"wp-image-46111\" style=\"width:400px;height:299px\" srcset=\"https:\/\/primaverde.com\/wp-content\/uploads\/2026\/03\/PV-site-3-scaled.png 2560w, https:\/\/primaverde.com\/wp-content\/uploads\/2026\/03\/PV-site-3-300x200.png 300w, https:\/\/primaverde.com\/wp-content\/uploads\/2026\/03\/PV-site-3-1200x798.png 1200w, https:\/\/primaverde.com\/wp-content\/uploads\/2026\/03\/PV-site-3-768x511.png 768w, https:\/\/primaverde.com\/wp-content\/uploads\/2026\/03\/PV-site-3-1536x1022.png 1536w, https:\/\/primaverde.com\/wp-content\/uploads\/2026\/03\/PV-site-3-2048x1362.png 2048w, https:\/\/primaverde.com\/wp-content\/uploads\/2026\/03\/PV-site-3-600x399.png 600w\" sizes=\"auto, (max-width: 2560px) 100vw, 2560px\" \/><\/figure>\n\n\n\n<p><\/p>\n<\/div>\n<\/div>\n\n\n\n<hr class=\"wp-block-separator has-text-color has-css-opacity has-background\" style=\"background-color:#fc0004;color:#fc0004\"\/>\n\n\n\n<h3 class=\"gb-headline gb-headline-ab0aa5f8 gb-headline-text\">Hvor l\u00e6nge vil b\u00e6redygtighedstiltag v\u00e6re n\u00f8dvendige?<\/h3>\n\n\n\n<p>Hvorn\u00e5r vil Primaverde have gennemf\u00f8rt alle n\u00f8dvendige b\u00e6redygtighedstiltag? Vi forventer ikke, at der kommer et tidspunkt, hvor vi kan l\u00e6ne os tilbage og slappe af. Det er trods alt en konstant udfordring at n\u00e5 de globale klimam\u00e5l. Derfor udvikles der konstant nye teknologier rundt om i verden, som bidrager til b\u00e6redygtighed. Hver dag tager vi endnu et skridt fremad. Primaverde vil ikke stoppe med at investere i og optimere sine produkter og processer. Derfor er b\u00e6redygtighed fortsat en del af vores m\u00e5l og vision. Primaverde lancerer fortsat produkter, der beskytter bygninger og overflader. Dette reducerer m\u00e6ngden af reparationsarbejde og minimerer m\u00e6ngden af produkter, der skal udvindes fra jorden. P\u00e5 alle omr\u00e5der er vi opm\u00e6rksomme p\u00e5 muligheder, der gavner vores milj\u00f8.<\/p>\n\n\n\n<h3 class=\"gb-headline gb-headline-407a8cb9 gb-headline-text\">Har du sp\u00f8rgsm\u00e5l om b\u00e6redygtighed?<\/h3>\n\n\n\n<p>Har du sp\u00f8rgsm\u00e5l til Primaverde om b\u00e6redygtighed? Du er velkommen til at sende os en besked. <a href=\"https:\/\/primaverde.com\/da\/kontakt\/\" type=\"page\" id=\"45956\">Eller g\u00e5 direkte til kontaktsiden<\/a>.<\/p>\n\n\n\n<hr class=\"wp-block-separator has-text-color has-css-opacity has-background\" style=\"background-color:#fc0004;color:#fc0004\"\/>\n\n\n\n<p><\/p>\n","protected":false},"excerpt":{"rendered":"<p>B\u00e6redygtighed og milj\u00f8 S\u00e5dan bidrager Primaverde til en sund verden B\u00e6redygtighed Primaverde BV har indarbejdet b\u00e6redygtighed som en integreret del &#8230; <a title=\"B\u00e6redygtighed og milj\u00f8\" class=\"read-more\" href=\"https:\/\/primaverde.com\/da\/baeredygtighed-og-miljoe\/\" aria-label=\"Read more about B\u00e6redygtighed og milj\u00f8\">Lees verder&#8230;<\/a><\/p>\n","protected":false},"author":140,"featured_media":0,"parent":0,"menu_order":10,"comment_status":"open","ping_status":"closed","template":"","meta":{"generate_page_header":"","footnotes":""},"class_list":{"0":"post-45942","1":"page","2":"type-page","3":"status-publish","5":"infinite-scroll-item"},"yoast_head":"<!-- This site is optimized with the Yoast SEO Premium plugin v26.8 (Yoast SEO v27.5) - https:\/\/yoast.com\/product\/yoast-seo-premium-wordpress\/ -->\n<title>B\u00e6redygtighed, milj\u00f8, beskyttelse, genbrug<\/title>\n<meta name=\"description\" content=\"Primaverde \u00f8nsker at yde et b\u00e6redygtigt bidrag til verden, milj\u00f8et og menneskers trivsel. B\u00e6redygtighed. Genanvendelse.\" \/>\n<meta name=\"robots\" content=\"index, follow, max-snippet:-1, max-image-preview:large, max-video-preview:-1\" \/>\n<link rel=\"canonical\" href=\"https:\/\/primaverde.com\/da\/baeredygtighed-og-miljoe\/\" \/>\n<meta property=\"og:locale\" content=\"da_DK\" \/>\n<meta property=\"og:type\" content=\"article\" \/>\n<meta property=\"og:title\" content=\"B\u00e6redygtighed og milj\u00f8\" \/>\n<meta property=\"og:description\" content=\"Primaverde \u00f8nsker at yde et b\u00e6redygtigt bidrag til verden, milj\u00f8et og menneskers trivsel. B\u00e6redygtighed. Genanvendelse.\" \/>\n<meta property=\"og:url\" content=\"https:\/\/primaverde.com\/da\/baeredygtighed-og-miljoe\/\" \/>\n<meta property=\"og:site_name\" content=\"Primaverde\" \/>\n<meta property=\"article:publisher\" content=\"https:\/\/www.facebook.com\/PrimaverdeBV\/\" \/>\n<meta property=\"article:modified_time\" content=\"2026-04-20T07:55:24+00:00\" \/>\n<meta property=\"og:image\" content=\"https:\/\/primaverde.com\/wp-content\/uploads\/2026\/03\/PV-site-Deens-scaled.png\" \/>\n\t<meta property=\"og:image:width\" content=\"2560\" \/>\n\t<meta property=\"og:image:height\" content=\"931\" \/>\n\t<meta property=\"og:image:type\" content=\"image\/png\" \/>\n<meta name=\"twitter:card\" content=\"summary_large_image\" \/>\n<meta name=\"twitter:site\" content=\"@PrimaverdeBV\" \/>\n<meta name=\"twitter:label1\" content=\"Estimeret l\u00e6setid\" \/>\n\t<meta name=\"twitter:data1\" content=\"5 minutter\" \/>\n<script type=\"application\/ld+json\" class=\"yoast-schema-graph\">{\"@context\":\"https:\\\/\\\/schema.org\",\"@graph\":[{\"@type\":\"WebPage\",\"@id\":\"https:\\\/\\\/primaverde.com\\\/da\\\/baeredygtighed-og-miljoe\\\/\",\"url\":\"https:\\\/\\\/primaverde.com\\\/da\\\/baeredygtighed-og-miljoe\\\/\",\"name\":\"B\u00e6redygtighed, milj\u00f8, beskyttelse, genbrug\",\"isPartOf\":{\"@id\":\"https:\\\/\\\/primaverde.com\\\/da\\\/#website\"},\"primaryImageOfPage\":{\"@id\":\"https:\\\/\\\/primaverde.com\\\/da\\\/baeredygtighed-og-miljoe\\\/#primaryimage\"},\"image\":{\"@id\":\"https:\\\/\\\/primaverde.com\\\/da\\\/baeredygtighed-og-miljoe\\\/#primaryimage\"},\"thumbnailUrl\":\"https:\\\/\\\/primaverde.com\\\/wp-content\\\/uploads\\\/2026\\\/03\\\/PV-site-Deens-scaled.png\",\"datePublished\":\"2026-03-16T07:00:12+00:00\",\"dateModified\":\"2026-04-20T07:55:24+00:00\",\"description\":\"Primaverde \u00f8nsker at yde et b\u00e6redygtigt bidrag til verden, milj\u00f8et og menneskers trivsel. B\u00e6redygtighed. Genanvendelse.\",\"breadcrumb\":{\"@id\":\"https:\\\/\\\/primaverde.com\\\/da\\\/baeredygtighed-og-miljoe\\\/#breadcrumb\"},\"inLanguage\":\"da-DK\",\"potentialAction\":[{\"@type\":\"ReadAction\",\"target\":[\"https:\\\/\\\/primaverde.com\\\/da\\\/baeredygtighed-og-miljoe\\\/\"]}]},{\"@type\":\"ImageObject\",\"inLanguage\":\"da-DK\",\"@id\":\"https:\\\/\\\/primaverde.com\\\/da\\\/baeredygtighed-og-miljoe\\\/#primaryimage\",\"url\":\"https:\\\/\\\/primaverde.com\\\/wp-content\\\/uploads\\\/2026\\\/03\\\/PV-site-Deens-scaled.png\",\"contentUrl\":\"https:\\\/\\\/primaverde.com\\\/wp-content\\\/uploads\\\/2026\\\/03\\\/PV-site-Deens-scaled.png\"},{\"@type\":\"BreadcrumbList\",\"@id\":\"https:\\\/\\\/primaverde.com\\\/da\\\/baeredygtighed-og-miljoe\\\/#breadcrumb\",\"itemListElement\":[{\"@type\":\"ListItem\",\"position\":1,\"name\":\"Home\",\"item\":\"https:\\\/\\\/primaverde.com\\\/da\\\/\"},{\"@type\":\"ListItem\",\"position\":2,\"name\":\"B\u00e6redygtighed og milj\u00f8\"}]},{\"@type\":\"WebSite\",\"@id\":\"https:\\\/\\\/primaverde.com\\\/da\\\/#website\",\"url\":\"https:\\\/\\\/primaverde.com\\\/da\\\/\",\"name\":\"Primaverde\",\"description\":\"Covering material, protection, tapes, Beschermende materialen\",\"publisher\":{\"@id\":\"https:\\\/\\\/primaverde.com\\\/da\\\/#organization\"},\"potentialAction\":[{\"@type\":\"SearchAction\",\"target\":{\"@type\":\"EntryPoint\",\"urlTemplate\":\"https:\\\/\\\/primaverde.com\\\/da\\\/?s={search_term_string}\"},\"query-input\":{\"@type\":\"PropertyValueSpecification\",\"valueRequired\":true,\"valueName\":\"search_term_string\"}}],\"inLanguage\":\"da-DK\"},{\"@type\":\"Organization\",\"@id\":\"https:\\\/\\\/primaverde.com\\\/da\\\/#organization\",\"name\":\"Primaverde B.V.\",\"url\":\"https:\\\/\\\/primaverde.com\\\/da\\\/\",\"logo\":{\"@type\":\"ImageObject\",\"inLanguage\":\"da-DK\",\"@id\":\"https:\\\/\\\/primaverde.com\\\/da\\\/#\\\/schema\\\/logo\\\/image\\\/\",\"url\":\"https:\\\/\\\/primaverde.com\\\/wp-content\\\/uploads\\\/2015\\\/03\\\/Logo_Primaverde.jpg\",\"contentUrl\":\"https:\\\/\\\/primaverde.com\\\/wp-content\\\/uploads\\\/2015\\\/03\\\/Logo_Primaverde.jpg\",\"width\":1170,\"height\":212,\"caption\":\"Primaverde B.V.\"},\"image\":{\"@id\":\"https:\\\/\\\/primaverde.com\\\/da\\\/#\\\/schema\\\/logo\\\/image\\\/\"},\"sameAs\":[\"https:\\\/\\\/www.facebook.com\\\/PrimaverdeBV\\\/\",\"https:\\\/\\\/x.com\\\/PrimaverdeBV\",\"https:\\\/\\\/nl.linkedin.com\\\/company\\\/primaverde\",\"http:\\\/\\\/www.youtube.com\\\/channel\\\/UC3DwQqj8f8tatLdSFA0aWwA\"]}]}<\/script>\n<!-- \/ Yoast SEO Premium plugin. -->","yoast_head_json":{"title":"B\u00e6redygtighed, milj\u00f8, beskyttelse, genbrug","description":"Primaverde \u00f8nsker at yde et b\u00e6redygtigt bidrag til verden, milj\u00f8et og menneskers trivsel. B\u00e6redygtighed. Genanvendelse.","robots":{"index":"index","follow":"follow","max-snippet":"max-snippet:-1","max-image-preview":"max-image-preview:large","max-video-preview":"max-video-preview:-1"},"canonical":"https:\/\/primaverde.com\/da\/baeredygtighed-og-miljoe\/","og_locale":"da_DK","og_type":"article","og_title":"B\u00e6redygtighed og milj\u00f8","og_description":"Primaverde \u00f8nsker at yde et b\u00e6redygtigt bidrag til verden, milj\u00f8et og menneskers trivsel. B\u00e6redygtighed. Genanvendelse.","og_url":"https:\/\/primaverde.com\/da\/baeredygtighed-og-miljoe\/","og_site_name":"Primaverde","article_publisher":"https:\/\/www.facebook.com\/PrimaverdeBV\/","article_modified_time":"2026-04-20T07:55:24+00:00","og_image":[{"width":2560,"height":931,"url":"https:\/\/primaverde.com\/wp-content\/uploads\/2026\/03\/PV-site-Deens-scaled.png","type":"image\/png"}],"twitter_card":"summary_large_image","twitter_site":"@PrimaverdeBV","twitter_misc":{"Estimeret l\u00e6setid":"5 minutter"},"schema":{"@context":"https:\/\/schema.org","@graph":[{"@type":"WebPage","@id":"https:\/\/primaverde.com\/da\/baeredygtighed-og-miljoe\/","url":"https:\/\/primaverde.com\/da\/baeredygtighed-og-miljoe\/","name":"B\u00e6redygtighed, milj\u00f8, beskyttelse, genbrug","isPartOf":{"@id":"https:\/\/primaverde.com\/da\/#website"},"primaryImageOfPage":{"@id":"https:\/\/primaverde.com\/da\/baeredygtighed-og-miljoe\/#primaryimage"},"image":{"@id":"https:\/\/primaverde.com\/da\/baeredygtighed-og-miljoe\/#primaryimage"},"thumbnailUrl":"https:\/\/primaverde.com\/wp-content\/uploads\/2026\/03\/PV-site-Deens-scaled.png","datePublished":"2026-03-16T07:00:12+00:00","dateModified":"2026-04-20T07:55:24+00:00","description":"Primaverde \u00f8nsker at yde et b\u00e6redygtigt bidrag til verden, milj\u00f8et og menneskers trivsel. B\u00e6redygtighed. Genanvendelse.","breadcrumb":{"@id":"https:\/\/primaverde.com\/da\/baeredygtighed-og-miljoe\/#breadcrumb"},"inLanguage":"da-DK","potentialAction":[{"@type":"ReadAction","target":["https:\/\/primaverde.com\/da\/baeredygtighed-og-miljoe\/"]}]},{"@type":"ImageObject","inLanguage":"da-DK","@id":"https:\/\/primaverde.com\/da\/baeredygtighed-og-miljoe\/#primaryimage","url":"https:\/\/primaverde.com\/wp-content\/uploads\/2026\/03\/PV-site-Deens-scaled.png","contentUrl":"https:\/\/primaverde.com\/wp-content\/uploads\/2026\/03\/PV-site-Deens-scaled.png"},{"@type":"BreadcrumbList","@id":"https:\/\/primaverde.com\/da\/baeredygtighed-og-miljoe\/#breadcrumb","itemListElement":[{"@type":"ListItem","position":1,"name":"Home","item":"https:\/\/primaverde.com\/da\/"},{"@type":"ListItem","position":2,"name":"B\u00e6redygtighed og milj\u00f8"}]},{"@type":"WebSite","@id":"https:\/\/primaverde.com\/da\/#website","url":"https:\/\/primaverde.com\/da\/","name":"Primaverde","description":"Covering material, protection, tapes, Beschermende materialen","publisher":{"@id":"https:\/\/primaverde.com\/da\/#organization"},"potentialAction":[{"@type":"SearchAction","target":{"@type":"EntryPoint","urlTemplate":"https:\/\/primaverde.com\/da\/?s={search_term_string}"},"query-input":{"@type":"PropertyValueSpecification","valueRequired":true,"valueName":"search_term_string"}}],"inLanguage":"da-DK"},{"@type":"Organization","@id":"https:\/\/primaverde.com\/da\/#organization","name":"Primaverde B.V.","url":"https:\/\/primaverde.com\/da\/","logo":{"@type":"ImageObject","inLanguage":"da-DK","@id":"https:\/\/primaverde.com\/da\/#\/schema\/logo\/image\/","url":"https:\/\/primaverde.com\/wp-content\/uploads\/2015\/03\/Logo_Primaverde.jpg","contentUrl":"https:\/\/primaverde.com\/wp-content\/uploads\/2015\/03\/Logo_Primaverde.jpg","width":1170,"height":212,"caption":"Primaverde B.V."},"image":{"@id":"https:\/\/primaverde.com\/da\/#\/schema\/logo\/image\/"},"sameAs":["https:\/\/www.facebook.com\/PrimaverdeBV\/","https:\/\/x.com\/PrimaverdeBV","https:\/\/nl.linkedin.com\/company\/primaverde","http:\/\/www.youtube.com\/channel\/UC3DwQqj8f8tatLdSFA0aWwA"]}]}},"_links":{"self":[{"href":"https:\/\/primaverde.com\/da\/wp-json\/wp\/v2\/pages\/45942","targetHints":{"allow":["GET"]}}],"collection":[{"href":"https:\/\/primaverde.com\/da\/wp-json\/wp\/v2\/pages"}],"about":[{"href":"https:\/\/primaverde.com\/da\/wp-json\/wp\/v2\/types\/page"}],"author":[{"embeddable":true,"href":"https:\/\/primaverde.com\/da\/wp-json\/wp\/v2\/users\/140"}],"replies":[{"embeddable":true,"href":"https:\/\/primaverde.com\/da\/wp-json\/wp\/v2\/comments?post=45942"}],"version-history":[{"count":7,"href":"https:\/\/primaverde.com\/da\/wp-json\/wp\/v2\/pages\/45942\/revisions"}],"predecessor-version":[{"id":46338,"href":"https:\/\/primaverde.com\/da\/wp-json\/wp\/v2\/pages\/45942\/revisions\/46338"}],"wp:attachment":[{"href":"https:\/\/primaverde.com\/da\/wp-json\/wp\/v2\/media?parent=45942"}],"curies":[{"name":"wp","href":"https:\/\/api.w.org\/{rel}","templated":true}]}}