{"id":46057,"date":"2026-03-16T08:00:49","date_gmt":"2026-03-16T07:00:49","guid":{"rendered":"https:\/\/primaverde.com\/primacover\/"},"modified":"2026-04-15T09:33:18","modified_gmt":"2026-04-15T08:33:18","slug":"primacover","status":"publish","type":"page","link":"https:\/\/primaverde.com\/da\/primacover\/","title":{"rendered":"PrimaCover"},"content":{"rendered":"\n<h1 class=\"wp-block-heading has-text-align-center\" id=\"h-primacover-afdaekningsmaterialer\">PrimaCover afd\u00e6kningsmaterialer<\/h1>\n\n\n\n<h2 class=\"wp-block-heading has-text-align-center\" id=\"h-primacover-tilbyder-det-mest-omfattende-udvalg-af-afdaekningsmaterialer-og-stovdore\">PrimaCover tilbyder det mest omfattende udvalg af afd\u00e6kningsmaterialer og stovd\u00f8re<\/h2>\n\n\n<div class=\"gb-button-wrapper gb-button-wrapper-79799af8\">\n\n<a class=\"gb-button gb-button-aa4574e0 gb-button-text\" href=\"https:\/\/primacover.com\/da\/\">Direkte til primacover.com<\/a>\n\n<\/div>\n\n\n<hr class=\"wp-block-separator has-css-opacity\"\/>\n\n\n\n<div class=\"wp-block-columns has-2-columns is-layout-flex wp-container-core-columns-is-layout-9d6595d7 wp-block-columns-is-layout-flex\">\n<div class=\"wp-block-column is-layout-flow wp-block-column-is-layout-flow\">\n<figure class=\"wp-block-gallery has-nested-images columns-default wp-block-gallery-1 is-layout-flex wp-block-gallery-is-layout-flex\">\n<figure class=\"wp-block-image size-large\"><a href=\"https:\/\/primaverde.com\/wp-content\/uploads\/2015\/11\/PrimaCover0_logo_content_categorie_1-1.jpg\"><img loading=\"lazy\" decoding=\"async\" width=\"600\" height=\"399\" data-id=\"2078\" src=\"https:\/\/primaverde.com\/wp-content\/uploads\/2015\/11\/PrimaCover0_logo_content_categorie_1-1.jpg\" alt=\"PrimaCover afdekmateriaal\" class=\"wp-image-2078\" srcset=\"https:\/\/primaverde.com\/wp-content\/uploads\/2015\/11\/PrimaCover0_logo_content_categorie_1-1.jpg 600w, https:\/\/primaverde.com\/wp-content\/uploads\/2015\/11\/PrimaCover0_logo_content_categorie_1-1-300x200.jpg 300w, https:\/\/primaverde.com\/wp-content\/uploads\/2015\/11\/PrimaCover0_logo_content_categorie_1-1-31x21.jpg 31w, https:\/\/primaverde.com\/wp-content\/uploads\/2015\/11\/PrimaCover0_logo_content_categorie_1-1-272x182.jpg 272w\" sizes=\"auto, (max-width: 600px) 100vw, 600px\" \/><\/a><\/figure>\n\n\n\n<figure class=\"wp-block-image size-large\"><a href=\"https:\/\/primaverde.com\/wp-content\/uploads\/2019\/06\/PrimaCover6_logo_content_categorie_2.jpg\"><img loading=\"lazy\" decoding=\"async\" width=\"1200\" height=\"798\" data-id=\"6868\" src=\"https:\/\/primaverde.com\/wp-content\/uploads\/2019\/06\/PrimaCover6_logo_content_categorie_2-1200x798.jpg\" alt=\"PrimaCover Robust - afdekvlies beton - vloer trap\" class=\"wp-image-6868\" srcset=\"https:\/\/primaverde.com\/wp-content\/uploads\/2019\/06\/PrimaCover6_logo_content_categorie_2-1200x798.jpg 1200w, https:\/\/primaverde.com\/wp-content\/uploads\/2019\/06\/PrimaCover6_logo_content_categorie_2-600x399.jpg 600w, https:\/\/primaverde.com\/wp-content\/uploads\/2019\/06\/PrimaCover6_logo_content_categorie_2-300x200.jpg 300w, https:\/\/primaverde.com\/wp-content\/uploads\/2019\/06\/PrimaCover6_logo_content_categorie_2-768x511.jpg 768w\" sizes=\"auto, (max-width: 1200px) 100vw, 1200px\" \/><\/a><\/figure>\n\n\n\n<figure class=\"wp-block-image size-large\"><a href=\"https:\/\/primaverde.com\/wp-content\/uploads\/2019\/06\/PrimaCover9_logo_content_categorie_2.jpg\"><img loading=\"lazy\" decoding=\"async\" width=\"1200\" height=\"798\" data-id=\"6873\" src=\"https:\/\/primaverde.com\/wp-content\/uploads\/2019\/06\/PrimaCover9_logo_content_categorie_2-1200x798.jpg\" alt=\"PrimaCover Evapo - damp-open afdekvlies - hout - trap vloer\" class=\"wp-image-6873\" srcset=\"https:\/\/primaverde.com\/wp-content\/uploads\/2019\/06\/PrimaCover9_logo_content_categorie_2-1200x798.jpg 1200w, https:\/\/primaverde.com\/wp-content\/uploads\/2019\/06\/PrimaCover9_logo_content_categorie_2-600x399.jpg 600w, https:\/\/primaverde.com\/wp-content\/uploads\/2019\/06\/PrimaCover9_logo_content_categorie_2-300x200.jpg 300w, https:\/\/primaverde.com\/wp-content\/uploads\/2019\/06\/PrimaCover9_logo_content_categorie_2-768x511.jpg 768w\" sizes=\"auto, (max-width: 1200px) 100vw, 1200px\" \/><\/a><\/figure>\n\n\n\n<figure class=\"wp-block-image size-large\"><a href=\"https:\/\/primaverde.com\/wp-content\/uploads\/2019\/06\/PrimaCover10_logo_content_categorie_2.jpg\"><img loading=\"lazy\" decoding=\"async\" width=\"1200\" height=\"798\" data-id=\"6878\" src=\"https:\/\/primaverde.com\/wp-content\/uploads\/2019\/06\/PrimaCover10_logo_content_categorie_2-1200x798.jpg\" alt=\"PrimaCover Standard - universeel zelfklevend afdekvlies\" class=\"wp-image-6878\" srcset=\"https:\/\/primaverde.com\/wp-content\/uploads\/2019\/06\/PrimaCover10_logo_content_categorie_2-1200x798.jpg 1200w, https:\/\/primaverde.com\/wp-content\/uploads\/2019\/06\/PrimaCover10_logo_content_categorie_2-600x399.jpg 600w, https:\/\/primaverde.com\/wp-content\/uploads\/2019\/06\/PrimaCover10_logo_content_categorie_2-300x200.jpg 300w, https:\/\/primaverde.com\/wp-content\/uploads\/2019\/06\/PrimaCover10_logo_content_categorie_2-768x511.jpg 768w\" sizes=\"auto, (max-width: 1200px) 100vw, 1200px\" \/><\/a><\/figure>\n\n\n\n<figure class=\"wp-block-image size-large\"><a href=\"https:\/\/primaverde.com\/wp-content\/uploads\/2019\/06\/PrimaCover11_logo_content_categorie_2.jpg\"><img loading=\"lazy\" decoding=\"async\" width=\"1200\" height=\"798\" data-id=\"6883\" src=\"https:\/\/primaverde.com\/wp-content\/uploads\/2019\/06\/PrimaCover11_logo_content_categorie_2-1200x798.jpg\" alt=\"PrimaCover Standard - universeel zelfklevend afdekvlies - puin\" class=\"wp-image-6883\" srcset=\"https:\/\/primaverde.com\/wp-content\/uploads\/2019\/06\/PrimaCover11_logo_content_categorie_2-1200x798.jpg 1200w, https:\/\/primaverde.com\/wp-content\/uploads\/2019\/06\/PrimaCover11_logo_content_categorie_2-600x399.jpg 600w, https:\/\/primaverde.com\/wp-content\/uploads\/2019\/06\/PrimaCover11_logo_content_categorie_2-300x200.jpg 300w, https:\/\/primaverde.com\/wp-content\/uploads\/2019\/06\/PrimaCover11_logo_content_categorie_2-768x511.jpg 768w\" sizes=\"auto, (max-width: 1200px) 100vw, 1200px\" \/><\/a><\/figure>\n\n\n\n<figure class=\"wp-block-image size-large\"><a href=\"https:\/\/primaverde.com\/wp-content\/uploads\/2019\/06\/PrimaCover16_logo_content_categorie_2.jpg\"><img loading=\"lazy\" decoding=\"async\" width=\"1200\" height=\"798\" data-id=\"6888\" src=\"https:\/\/primaverde.com\/wp-content\/uploads\/2019\/06\/PrimaCover16_logo_content_categorie_2-1200x798.jpg\" alt=\"PrimaCover Zipper Door A - ritsdoorgang - stofdeur\" class=\"wp-image-6888\" srcset=\"https:\/\/primaverde.com\/wp-content\/uploads\/2019\/06\/PrimaCover16_logo_content_categorie_2-1200x798.jpg 1200w, https:\/\/primaverde.com\/wp-content\/uploads\/2019\/06\/PrimaCover16_logo_content_categorie_2-600x399.jpg 600w, https:\/\/primaverde.com\/wp-content\/uploads\/2019\/06\/PrimaCover16_logo_content_categorie_2-300x200.jpg 300w, https:\/\/primaverde.com\/wp-content\/uploads\/2019\/06\/PrimaCover16_logo_content_categorie_2-768x511.jpg 768w\" sizes=\"auto, (max-width: 1200px) 100vw, 1200px\" \/><\/a><\/figure>\n\n\n\n<figure class=\"wp-block-image size-large\"><a href=\"https:\/\/primaverde.com\/wp-content\/uploads\/2019\/06\/PrimaCover30_logo_content_categorie_2.jpg\"><img loading=\"lazy\" decoding=\"async\" width=\"1200\" height=\"798\" data-id=\"6893\" src=\"https:\/\/primaverde.com\/wp-content\/uploads\/2019\/06\/PrimaCover30_logo_content_categorie_2-1200x798.jpg\" alt=\"PrimaCover Active - ademend afdekvlies - praktijk\" class=\"wp-image-6893\" srcset=\"https:\/\/primaverde.com\/wp-content\/uploads\/2019\/06\/PrimaCover30_logo_content_categorie_2-1200x798.jpg 1200w, https:\/\/primaverde.com\/wp-content\/uploads\/2019\/06\/PrimaCover30_logo_content_categorie_2-600x399.jpg 600w, https:\/\/primaverde.com\/wp-content\/uploads\/2019\/06\/PrimaCover30_logo_content_categorie_2-300x200.jpg 300w, https:\/\/primaverde.com\/wp-content\/uploads\/2019\/06\/PrimaCover30_logo_content_categorie_2-768x511.jpg 768w\" sizes=\"auto, (max-width: 1200px) 100vw, 1200px\" \/><\/a><\/figure>\n\n\n\n<figure class=\"wp-block-image size-large\"><a href=\"https:\/\/primaverde.com\/wp-content\/uploads\/2015\/11\/PrimaCover1_logo_content_categorie_1-1.jpg\"><img loading=\"lazy\" decoding=\"async\" width=\"601\" height=\"399\" data-id=\"2079\" src=\"https:\/\/primaverde.com\/wp-content\/uploads\/2015\/11\/PrimaCover1_logo_content_categorie_1-1.jpg\" alt=\"PrimaCover Absorb - afdekvlies onderhoud techniek bescherming oplosmiddel olie ondergrond\" class=\"wp-image-2079\" srcset=\"https:\/\/primaverde.com\/wp-content\/uploads\/2015\/11\/PrimaCover1_logo_content_categorie_1-1.jpg 601w, https:\/\/primaverde.com\/wp-content\/uploads\/2015\/11\/PrimaCover1_logo_content_categorie_1-1-300x199.jpg 300w, https:\/\/primaverde.com\/wp-content\/uploads\/2015\/11\/PrimaCover1_logo_content_categorie_1-1-600x398.jpg 600w, https:\/\/primaverde.com\/wp-content\/uploads\/2015\/11\/PrimaCover1_logo_content_categorie_1-1-31x21.jpg 31w, https:\/\/primaverde.com\/wp-content\/uploads\/2015\/11\/PrimaCover1_logo_content_categorie_1-1-272x182.jpg 272w\" sizes=\"auto, (max-width: 601px) 100vw, 601px\" \/><\/a><\/figure>\n<\/figure>\n<\/div>\n\n\n\n<div class=\"wp-block-column is-layout-flow wp-block-column-is-layout-flow\">\n<p>PrimaCover er det innovative m\u00e6rke inden for afd\u00e6kningsfilt, afd\u00e6kningsfolier og stofd\u00f8re. Produkterne fra <strong>PrimaCover<\/strong> sikrer beskyttelse af gulve, trapper og vinduer under byggeri, renovering og vedligeholdelse. PrimaCover er kendetegnet ved:<\/p>\n\n\n\n<ul class=\"wp-block-list\">\n<li>Kvalitet bevist i praksis<\/li>\n\n\n\n<li>Fremragende salgssupport til forhandlere<\/li>\n\n\n\n<li>Fremragende teknisk support til slutbrugere<\/li>\n<\/ul>\n\n\n\n<h2 class=\"wp-block-heading\" id=\"h-udvikling\">Udvikling<\/h2>\n\n\n\n<p>Inden et PrimaCover produkt kommer p\u00e5 markedet, l\u00e6gger vi stor v\u00e6gt p\u00e5 udviklingen af det. Dette sker i t\u00e6t samarbejde med fagfolk i praksis. De ved jo bedre end nogen anden, hvilke potentielle risici de s\u00f8ger en p\u00e5lidelig l\u00f8sning p\u00e5. PrimaCover og slutbrugerne har et f\u00e6lles m\u00e5l: at spare tid og undg\u00e5 reparationsomkostninger.<\/p>\n\n\n\n<h2 class=\"wp-block-heading\" id=\"h-afdaekningsfilt-og-afdaekningsfolie\">Afd\u00e6kningsfilt og afd\u00e6kningsfolie<\/h2>\n\n\n\n<p>PrimaCover afd\u00e6kningsfilt og -folier beskytter gulve, trapper og vinduer. De udm\u00e6rker sig ved en fremragende h\u00e5ndtering og enest\u00e5ende beskyttende egenskaber p\u00e5 utallige underlag.<\/p>\n\n\n\n<p>Der findes mange forskellige typer PrimaCover afd\u00e6kningsmaterialer, herunder ogs\u00e5 specialprodukter. For eksempel PrimaCover Active eller PrimaCover Evapo til f\u00f8lsomme og nye underlag. Eller PrimaCover Robust til afd\u00e6kning og beskyttelse af pr\u00e6fabrikeret beton gennem hele byggeprocessen.<\/p>\n\n\n\n<h2 class=\"wp-block-heading\" id=\"h-stovdore\">Stovd\u00f8re<\/h2>\n\n\n\n<p>Lav selv en stovd\u00f8r med to produkter fra PrimaCover: PrimaCover Zipper og PrimaCover Zipper Door A. Begge produkter er udviklet med henblik p\u00e5 langvarig p\u00e5lidelighed og brugervenlighed.<\/p>\n\n\n\n<p>PrimaCover Zipper er et s\u00e6t med to selvkl\u00e6bende lynl\u00e5se, som du nemt kan montere p\u00e5 enhver type folie. S\u00e5dan forvandler du enhver stofv\u00e6g til en gennemgang p\u00e5 et \u00f8jeblik.<\/p>\n\n\n\n<p>PrimaCover Zipper Door A er en st\u00f8vd\u00f8r, der best\u00e5r af en robust, gennemsigtig folie med en formonteret lynl\u00e5s. Den monteres med en egnet tape. Gennemgangen \u00e5bner uden t\u00e6rskel for optimal tilg\u00e6ngelighed.<\/p>\n\n\n\n<h2 class=\"wp-block-heading\" id=\"h-support\">Support<\/h2>\n\n\n\n<p>Tilfredse slutbrugere opn\u00e5s ikke uden videre. Det starter med en omhyggelig produktudvikling. Udgangspunktet her er: effektivitet i praksis. Primaverde tilbyder forhandlere omfattende support. Bes\u00f8g vores side <a href=\"https:\/\/primaverde.com\/da\/kontakt\/\" type=\"page\" id=\"45956\">Support,<\/a> hvis du vil vide mere om vores tekniske og kommercielle support.<\/p>\n\n\n\n<h2 class=\"wp-block-heading\" id=\"h-mere-information\">Mere information<\/h2>\n\n\n\n<p>PrimaCover kan k\u00f8bes hos jernvaregrossister, professionelle byggemarkeder og malerforretninger. Mere information om PrimaCover produkterne finder du p\u00e5 <a href=\"https:\/\/primacover.com\/da\/\">PrimaCover<\/a> website. Du er velkommen til at<a href=\"https:\/\/primaverde.com\/da\/kontakt\/\" type=\"page\" id=\"45956\"> kontakte <\/a>Primaverde, hvis du vil vide mere om PrimaCover. Vi besvarer gerne dine sp\u00f8rgsm\u00e5l<\/p>\n<\/div>\n<\/div>\n\n\n\n<p><\/p>\n","protected":false},"excerpt":{"rendered":"<p>PrimaCover afd\u00e6kningsmaterialer PrimaCover tilbyder det mest omfattende udvalg af afd\u00e6kningsmaterialer og stovd\u00f8re PrimaCover er det innovative m\u00e6rke inden for afd\u00e6kningsfilt, &#8230; <a title=\"PrimaCover\" class=\"read-more\" href=\"https:\/\/primaverde.com\/da\/primacover\/\" aria-label=\"Read more about PrimaCover\">Lees verder&#8230;<\/a><\/p>\n","protected":false},"author":140,"featured_media":0,"parent":0,"menu_order":2,"comment_status":"closed","ping_status":"closed","template":"","meta":{"generate_page_header":"","footnotes":""},"class_list":{"0":"post-46057","1":"page","2":"type-page","3":"status-publish","5":"infinite-scroll-item"},"yoast_head":"<!-- This site is optimized with the Yoast SEO Premium plugin v26.8 (Yoast SEO v27.5) - https:\/\/yoast.com\/product\/yoast-seo-premium-wordpress\/ -->\n<title>PrimaCover afd\u00e6kningsmaterialer til utallige underlag.<\/title>\n<meta name=\"description\" content=\"PrimaCover afd\u00e6kningsmaterialer til utallige underlag s\u00e5som beton, natursten, fliser, tr\u00e6, parket, laminat, linoleum, metal, t\u00e6ppe osv.\" \/>\n<meta name=\"robots\" content=\"index, follow, max-snippet:-1, max-image-preview:large, max-video-preview:-1\" \/>\n<link rel=\"canonical\" href=\"https:\/\/primaverde.com\/da\/primacover\/\" \/>\n<meta property=\"og:locale\" content=\"da_DK\" \/>\n<meta property=\"og:type\" content=\"article\" \/>\n<meta property=\"og:title\" content=\"PrimaCover\" \/>\n<meta property=\"og:description\" content=\"PrimaCover afd\u00e6kningsmaterialer til utallige underlag s\u00e5som beton, natursten, fliser, tr\u00e6, parket, laminat, linoleum, metal, t\u00e6ppe osv.\" \/>\n<meta property=\"og:url\" content=\"https:\/\/primaverde.com\/da\/primacover\/\" \/>\n<meta property=\"og:site_name\" content=\"Primaverde\" \/>\n<meta property=\"article:publisher\" content=\"https:\/\/www.facebook.com\/PrimaverdeBV\/\" \/>\n<meta property=\"article:modified_time\" content=\"2026-04-15T08:33:18+00:00\" \/>\n<meta property=\"og:image\" content=\"https:\/\/primaverde.com\/wp-content\/uploads\/2015\/11\/PrimaCover0_logo_content_categorie_1-1.jpg\" \/>\n\t<meta property=\"og:image:width\" content=\"600\" \/>\n\t<meta property=\"og:image:height\" content=\"399\" \/>\n\t<meta property=\"og:image:type\" content=\"image\/jpeg\" \/>\n<meta name=\"twitter:card\" content=\"summary_large_image\" \/>\n<meta name=\"twitter:site\" content=\"@PrimaverdeBV\" \/>\n<meta name=\"twitter:label1\" content=\"Estimeret l\u00e6setid\" \/>\n\t<meta name=\"twitter:data1\" content=\"4 minutter\" \/>\n<script type=\"application\/ld+json\" class=\"yoast-schema-graph\">{\"@context\":\"https:\\\/\\\/schema.org\",\"@graph\":[{\"@type\":\"WebPage\",\"@id\":\"https:\\\/\\\/primaverde.com\\\/da\\\/primacover\\\/\",\"url\":\"https:\\\/\\\/primaverde.com\\\/da\\\/primacover\\\/\",\"name\":\"PrimaCover afd\u00e6kningsmaterialer til utallige underlag.\",\"isPartOf\":{\"@id\":\"https:\\\/\\\/primaverde.com\\\/da\\\/#website\"},\"primaryImageOfPage\":{\"@id\":\"https:\\\/\\\/primaverde.com\\\/da\\\/primacover\\\/#primaryimage\"},\"image\":{\"@id\":\"https:\\\/\\\/primaverde.com\\\/da\\\/primacover\\\/#primaryimage\"},\"thumbnailUrl\":\"https:\\\/\\\/primaverde.com\\\/wp-content\\\/uploads\\\/2015\\\/11\\\/PrimaCover0_logo_content_categorie_1-1.jpg\",\"datePublished\":\"2026-03-16T07:00:49+00:00\",\"dateModified\":\"2026-04-15T08:33:18+00:00\",\"description\":\"PrimaCover afd\u00e6kningsmaterialer til utallige underlag s\u00e5som beton, natursten, fliser, tr\u00e6, parket, laminat, linoleum, metal, t\u00e6ppe osv.\",\"breadcrumb\":{\"@id\":\"https:\\\/\\\/primaverde.com\\\/da\\\/primacover\\\/#breadcrumb\"},\"inLanguage\":\"da-DK\",\"potentialAction\":[{\"@type\":\"ReadAction\",\"target\":[\"https:\\\/\\\/primaverde.com\\\/da\\\/primacover\\\/\"]}]},{\"@type\":\"ImageObject\",\"inLanguage\":\"da-DK\",\"@id\":\"https:\\\/\\\/primaverde.com\\\/da\\\/primacover\\\/#primaryimage\",\"url\":\"https:\\\/\\\/primaverde.com\\\/wp-content\\\/uploads\\\/2015\\\/11\\\/PrimaCover0_logo_content_categorie_1-1.jpg\",\"contentUrl\":\"https:\\\/\\\/primaverde.com\\\/wp-content\\\/uploads\\\/2015\\\/11\\\/PrimaCover0_logo_content_categorie_1-1.jpg\"},{\"@type\":\"BreadcrumbList\",\"@id\":\"https:\\\/\\\/primaverde.com\\\/da\\\/primacover\\\/#breadcrumb\",\"itemListElement\":[{\"@type\":\"ListItem\",\"position\":1,\"name\":\"Home\",\"item\":\"https:\\\/\\\/primaverde.com\\\/da\\\/\"},{\"@type\":\"ListItem\",\"position\":2,\"name\":\"PrimaCover\"}]},{\"@type\":\"WebSite\",\"@id\":\"https:\\\/\\\/primaverde.com\\\/da\\\/#website\",\"url\":\"https:\\\/\\\/primaverde.com\\\/da\\\/\",\"name\":\"Primaverde\",\"description\":\"Covering material, protection, tapes, Beschermende materialen\",\"publisher\":{\"@id\":\"https:\\\/\\\/primaverde.com\\\/da\\\/#organization\"},\"potentialAction\":[{\"@type\":\"SearchAction\",\"target\":{\"@type\":\"EntryPoint\",\"urlTemplate\":\"https:\\\/\\\/primaverde.com\\\/da\\\/?s={search_term_string}\"},\"query-input\":{\"@type\":\"PropertyValueSpecification\",\"valueRequired\":true,\"valueName\":\"search_term_string\"}}],\"inLanguage\":\"da-DK\"},{\"@type\":\"Organization\",\"@id\":\"https:\\\/\\\/primaverde.com\\\/da\\\/#organization\",\"name\":\"Primaverde B.V.\",\"url\":\"https:\\\/\\\/primaverde.com\\\/da\\\/\",\"logo\":{\"@type\":\"ImageObject\",\"inLanguage\":\"da-DK\",\"@id\":\"https:\\\/\\\/primaverde.com\\\/da\\\/#\\\/schema\\\/logo\\\/image\\\/\",\"url\":\"https:\\\/\\\/primaverde.com\\\/wp-content\\\/uploads\\\/2015\\\/03\\\/Logo_Primaverde.jpg\",\"contentUrl\":\"https:\\\/\\\/primaverde.com\\\/wp-content\\\/uploads\\\/2015\\\/03\\\/Logo_Primaverde.jpg\",\"width\":1170,\"height\":212,\"caption\":\"Primaverde B.V.\"},\"image\":{\"@id\":\"https:\\\/\\\/primaverde.com\\\/da\\\/#\\\/schema\\\/logo\\\/image\\\/\"},\"sameAs\":[\"https:\\\/\\\/www.facebook.com\\\/PrimaverdeBV\\\/\",\"https:\\\/\\\/x.com\\\/PrimaverdeBV\",\"https:\\\/\\\/nl.linkedin.com\\\/company\\\/primaverde\",\"http:\\\/\\\/www.youtube.com\\\/channel\\\/UC3DwQqj8f8tatLdSFA0aWwA\"]}]}<\/script>\n<!-- \/ Yoast SEO Premium plugin. -->","yoast_head_json":{"title":"PrimaCover afd\u00e6kningsmaterialer til utallige underlag.","description":"PrimaCover afd\u00e6kningsmaterialer til utallige underlag s\u00e5som beton, natursten, fliser, tr\u00e6, parket, laminat, linoleum, metal, t\u00e6ppe osv.","robots":{"index":"index","follow":"follow","max-snippet":"max-snippet:-1","max-image-preview":"max-image-preview:large","max-video-preview":"max-video-preview:-1"},"canonical":"https:\/\/primaverde.com\/da\/primacover\/","og_locale":"da_DK","og_type":"article","og_title":"PrimaCover","og_description":"PrimaCover afd\u00e6kningsmaterialer til utallige underlag s\u00e5som beton, natursten, fliser, tr\u00e6, parket, laminat, linoleum, metal, t\u00e6ppe osv.","og_url":"https:\/\/primaverde.com\/da\/primacover\/","og_site_name":"Primaverde","article_publisher":"https:\/\/www.facebook.com\/PrimaverdeBV\/","article_modified_time":"2026-04-15T08:33:18+00:00","og_image":[{"width":600,"height":399,"url":"https:\/\/primaverde.com\/wp-content\/uploads\/2015\/11\/PrimaCover0_logo_content_categorie_1-1.jpg","type":"image\/jpeg"}],"twitter_card":"summary_large_image","twitter_site":"@PrimaverdeBV","twitter_misc":{"Estimeret l\u00e6setid":"4 minutter"},"schema":{"@context":"https:\/\/schema.org","@graph":[{"@type":"WebPage","@id":"https:\/\/primaverde.com\/da\/primacover\/","url":"https:\/\/primaverde.com\/da\/primacover\/","name":"PrimaCover afd\u00e6kningsmaterialer til utallige underlag.","isPartOf":{"@id":"https:\/\/primaverde.com\/da\/#website"},"primaryImageOfPage":{"@id":"https:\/\/primaverde.com\/da\/primacover\/#primaryimage"},"image":{"@id":"https:\/\/primaverde.com\/da\/primacover\/#primaryimage"},"thumbnailUrl":"https:\/\/primaverde.com\/wp-content\/uploads\/2015\/11\/PrimaCover0_logo_content_categorie_1-1.jpg","datePublished":"2026-03-16T07:00:49+00:00","dateModified":"2026-04-15T08:33:18+00:00","description":"PrimaCover afd\u00e6kningsmaterialer til utallige underlag s\u00e5som beton, natursten, fliser, tr\u00e6, parket, laminat, linoleum, metal, t\u00e6ppe osv.","breadcrumb":{"@id":"https:\/\/primaverde.com\/da\/primacover\/#breadcrumb"},"inLanguage":"da-DK","potentialAction":[{"@type":"ReadAction","target":["https:\/\/primaverde.com\/da\/primacover\/"]}]},{"@type":"ImageObject","inLanguage":"da-DK","@id":"https:\/\/primaverde.com\/da\/primacover\/#primaryimage","url":"https:\/\/primaverde.com\/wp-content\/uploads\/2015\/11\/PrimaCover0_logo_content_categorie_1-1.jpg","contentUrl":"https:\/\/primaverde.com\/wp-content\/uploads\/2015\/11\/PrimaCover0_logo_content_categorie_1-1.jpg"},{"@type":"BreadcrumbList","@id":"https:\/\/primaverde.com\/da\/primacover\/#breadcrumb","itemListElement":[{"@type":"ListItem","position":1,"name":"Home","item":"https:\/\/primaverde.com\/da\/"},{"@type":"ListItem","position":2,"name":"PrimaCover"}]},{"@type":"WebSite","@id":"https:\/\/primaverde.com\/da\/#website","url":"https:\/\/primaverde.com\/da\/","name":"Primaverde","description":"Covering material, protection, tapes, Beschermende materialen","publisher":{"@id":"https:\/\/primaverde.com\/da\/#organization"},"potentialAction":[{"@type":"SearchAction","target":{"@type":"EntryPoint","urlTemplate":"https:\/\/primaverde.com\/da\/?s={search_term_string}"},"query-input":{"@type":"PropertyValueSpecification","valueRequired":true,"valueName":"search_term_string"}}],"inLanguage":"da-DK"},{"@type":"Organization","@id":"https:\/\/primaverde.com\/da\/#organization","name":"Primaverde B.V.","url":"https:\/\/primaverde.com\/da\/","logo":{"@type":"ImageObject","inLanguage":"da-DK","@id":"https:\/\/primaverde.com\/da\/#\/schema\/logo\/image\/","url":"https:\/\/primaverde.com\/wp-content\/uploads\/2015\/03\/Logo_Primaverde.jpg","contentUrl":"https:\/\/primaverde.com\/wp-content\/uploads\/2015\/03\/Logo_Primaverde.jpg","width":1170,"height":212,"caption":"Primaverde B.V."},"image":{"@id":"https:\/\/primaverde.com\/da\/#\/schema\/logo\/image\/"},"sameAs":["https:\/\/www.facebook.com\/PrimaverdeBV\/","https:\/\/x.com\/PrimaverdeBV","https:\/\/nl.linkedin.com\/company\/primaverde","http:\/\/www.youtube.com\/channel\/UC3DwQqj8f8tatLdSFA0aWwA"]}]}},"_links":{"self":[{"href":"https:\/\/primaverde.com\/da\/wp-json\/wp\/v2\/pages\/46057","targetHints":{"allow":["GET"]}}],"collection":[{"href":"https:\/\/primaverde.com\/da\/wp-json\/wp\/v2\/pages"}],"about":[{"href":"https:\/\/primaverde.com\/da\/wp-json\/wp\/v2\/types\/page"}],"author":[{"embeddable":true,"href":"https:\/\/primaverde.com\/da\/wp-json\/wp\/v2\/users\/140"}],"replies":[{"embeddable":true,"href":"https:\/\/primaverde.com\/da\/wp-json\/wp\/v2\/comments?post=46057"}],"version-history":[{"count":4,"href":"https:\/\/primaverde.com\/da\/wp-json\/wp\/v2\/pages\/46057\/revisions"}],"predecessor-version":[{"id":46328,"href":"https:\/\/primaverde.com\/da\/wp-json\/wp\/v2\/pages\/46057\/revisions\/46328"}],"wp:attachment":[{"href":"https:\/\/primaverde.com\/da\/wp-json\/wp\/v2\/media?parent=46057"}],"curies":[{"name":"wp","href":"https:\/\/api.w.org\/{rel}","templated":true}]}}