{"id":46311,"date":"2024-07-04T10:57:30","date_gmt":"2024-07-04T09:57:30","guid":{"rendered":"https:\/\/primaverde.com\/product\/ram-board-edge\/"},"modified":"2026-04-15T14:42:09","modified_gmt":"2026-04-15T13:42:09","slug":"ram-board-edge","status":"publish","type":"product","link":"https:\/\/primaverde.com\/da\/product\/ram-board-edge\/","title":{"rendered":"Ram Board Edge"},"content":{"rendered":"<h2>Maskeringstape, der er let at fjerne<\/h2>\n<p>Med Edge Tape 14-Day fastg\u00f8r du kanterne p\u00e5 Ram Board Floor Protection til underlaget. Det specialudviklede kl\u00e6belag sikrer en p\u00e5lidelig vedh\u00e6ftning. Edge Tape kan fjernes inden for 14 dage uden at efterlade kl\u00e6berester.<\/p>\n<p><strong>Egenskaber:<\/strong><\/p>\n<ul>\n<li>6,3 cm bred, perfekt til afd\u00e6kning af Ram Board Floor Protection<\/li>\n<li>Fremragende vedh\u00e6ftning p\u00e5 Ram Board Floor Protection<\/li>\n<li>Sikker vedh\u00e6ftning p\u00e5 h\u00e5rde underlag<\/li>\n<li>Den klare orange farve sikrer tydelig markering af kanter<\/li>\n<li>Kan fjernes uden at efterlade limrester<\/li>\n<\/ul>\n","protected":false},"excerpt":{"rendered":"<h2>Maskeringstape, der er let at fjerne<\/h2>\n<p>Med Edge Tape 14-Day fastg\u00f8r du kanterne p\u00e5 Ram Board Floor Protection til underlaget. Det specialudviklede kl\u00e6belag sikrer en p\u00e5lidelig vedh\u00e6ftning. Edge Tape kan fjernes inden for 14 dage uden at efterlade kl\u00e6berester.<\/p>\n<p><strong>Egenskaber:<\/strong><\/p>\n<ul>\n<li>6,3 cm bred, perfekt til afd\u00e6kning af Ram Board Floor Protection<\/li>\n<li>Fremragende vedh\u00e6ftning p\u00e5 Ram Board Floor Protection<\/li>\n<li>Sikker vedh\u00e6ftning p\u00e5 h\u00e5rde underlag<\/li>\n<li>Den klare orange farve sikrer tydelig markering af kanter<\/li>\n<li>Kan fjernes uden at efterlade limrester<\/li>\n<\/ul>\n","protected":false},"featured_media":46314,"comment_status":"closed","ping_status":"closed","template":"","meta":{"generate_page_header":""},"product_brand":[],"product_cat":[5788],"product_tag":[],"class_list":{"0":"post-46311","1":"product","2":"type-product","3":"status-publish","4":"has-post-thumbnail","6":"product_cat-ramboard","7":"infinite-scroll-item","8":"","9":"woocommerce-text-align-left","10":"woocommerce-image-align-center","11":"wc-has-gallery","13":"first","14":"instock","15":"shipping-taxable","16":"product-type-simple"},"yoast_head":"<!-- This site is optimized with the Yoast SEO Premium plugin v26.8 (Yoast SEO v27.5) - https:\/\/yoast.com\/product\/yoast-seo-premium-wordpress\/ -->\n<title>Ram Board Edge - Primaverde<\/title>\n<meta name=\"robots\" content=\"index, follow, max-snippet:-1, max-image-preview:large, max-video-preview:-1\" \/>\n<link rel=\"canonical\" href=\"https:\/\/primaverde.com\/da\/product\/ram-board-edge\/\" \/>\n<meta property=\"og:locale\" content=\"da_DK\" \/>\n<meta property=\"og:type\" content=\"article\" \/>\n<meta property=\"og:title\" content=\"Ram Board Edge\" \/>\n<meta property=\"og:description\" content=\"Maskeringstape, der er let at fjerneMed Edge Tape 14-Day fastg\u00f8r du kanterne p\u00e5 Ram Board Floor Protection til underlaget. Det specialudviklede kl\u00e6belag sikrer en p\u00e5lidelig vedh\u00e6ftning. Edge Tape kan fjernes inden for 14 dage uden at efterlade kl\u00e6berester.Egenskaber:6,3 cm bred, perfekt til afd\u00e6kning af Ram Board Floor ProtectionFremragende vedh\u00e6ftning p\u00e5 Ram Board Floor ProtectionSikker vedh\u00e6ftning p\u00e5 h\u00e5rde underlagDen klare orange farve sikrer tydelig markering af kanterKan fjernes uden at efterlade limrester\" \/>\n<meta property=\"og:url\" content=\"https:\/\/primaverde.com\/da\/product\/ram-board-edge\/\" \/>\n<meta property=\"og:site_name\" content=\"Primaverde\" \/>\n<meta property=\"article:publisher\" content=\"https:\/\/www.facebook.com\/PrimaverdeBV\/\" \/>\n<meta property=\"article:modified_time\" content=\"2026-04-15T13:42:09+00:00\" \/>\n<meta property=\"og:image\" content=\"https:\/\/primaverde.com\/wp-content\/uploads\/2024\/07\/EdgeTape14Day_P0NZ_s02.png\" \/>\n\t<meta property=\"og:image:width\" content=\"600\" \/>\n\t<meta property=\"og:image:height\" content=\"600\" \/>\n\t<meta property=\"og:image:type\" content=\"image\/png\" \/>\n<meta name=\"twitter:card\" content=\"summary_large_image\" \/>\n<meta name=\"twitter:site\" content=\"@PrimaverdeBV\" \/>\n<meta name=\"twitter:label1\" content=\"Estimeret l\u00e6setid\" \/>\n\t<meta name=\"twitter:data1\" content=\"1 minut\" \/>\n<script type=\"application\/ld+json\" class=\"yoast-schema-graph\">{\"@context\":\"https:\\\/\\\/schema.org\",\"@graph\":[{\"@type\":\"WebPage\",\"@id\":\"https:\\\/\\\/primaverde.com\\\/da\\\/product\\\/ram-board-edge\\\/\",\"url\":\"https:\\\/\\\/primaverde.com\\\/da\\\/product\\\/ram-board-edge\\\/\",\"name\":\"Ram Board Edge - Primaverde\",\"isPartOf\":{\"@id\":\"https:\\\/\\\/primaverde.com\\\/da\\\/#website\"},\"primaryImageOfPage\":{\"@id\":\"https:\\\/\\\/primaverde.com\\\/da\\\/product\\\/ram-board-edge\\\/#primaryimage\"},\"image\":{\"@id\":\"https:\\\/\\\/primaverde.com\\\/da\\\/product\\\/ram-board-edge\\\/#primaryimage\"},\"thumbnailUrl\":\"https:\\\/\\\/primaverde.com\\\/wp-content\\\/uploads\\\/2024\\\/07\\\/EdgeTape14Day_P0NZ_s02.png\",\"datePublished\":\"2024-07-04T09:57:30+00:00\",\"dateModified\":\"2026-04-15T13:42:09+00:00\",\"breadcrumb\":{\"@id\":\"https:\\\/\\\/primaverde.com\\\/da\\\/product\\\/ram-board-edge\\\/#breadcrumb\"},\"inLanguage\":\"da-DK\",\"potentialAction\":[{\"@type\":\"ReadAction\",\"target\":[\"https:\\\/\\\/primaverde.com\\\/da\\\/product\\\/ram-board-edge\\\/\"]}]},{\"@type\":\"ImageObject\",\"inLanguage\":\"da-DK\",\"@id\":\"https:\\\/\\\/primaverde.com\\\/da\\\/product\\\/ram-board-edge\\\/#primaryimage\",\"url\":\"https:\\\/\\\/primaverde.com\\\/wp-content\\\/uploads\\\/2024\\\/07\\\/EdgeTape14Day_P0NZ_s02.png\",\"contentUrl\":\"https:\\\/\\\/primaverde.com\\\/wp-content\\\/uploads\\\/2024\\\/07\\\/EdgeTape14Day_P0NZ_s02.png\",\"width\":600,\"height\":600},{\"@type\":\"BreadcrumbList\",\"@id\":\"https:\\\/\\\/primaverde.com\\\/da\\\/product\\\/ram-board-edge\\\/#breadcrumb\",\"itemListElement\":[{\"@type\":\"ListItem\",\"position\":1,\"name\":\"Home\",\"item\":\"https:\\\/\\\/primaverde.com\\\/da\\\/\"},{\"@type\":\"ListItem\",\"position\":2,\"name\":\"Shop\",\"item\":\"https:\\\/\\\/primaverde.com\\\/shop\\\/\"},{\"@type\":\"ListItem\",\"position\":3,\"name\":\"Ram Board Edge\"}]},{\"@type\":\"WebSite\",\"@id\":\"https:\\\/\\\/primaverde.com\\\/da\\\/#website\",\"url\":\"https:\\\/\\\/primaverde.com\\\/da\\\/\",\"name\":\"Primaverde\",\"description\":\"Covering material, protection, tapes, Beschermende materialen\",\"publisher\":{\"@id\":\"https:\\\/\\\/primaverde.com\\\/da\\\/#organization\"},\"potentialAction\":[{\"@type\":\"SearchAction\",\"target\":{\"@type\":\"EntryPoint\",\"urlTemplate\":\"https:\\\/\\\/primaverde.com\\\/da\\\/?s={search_term_string}\"},\"query-input\":{\"@type\":\"PropertyValueSpecification\",\"valueRequired\":true,\"valueName\":\"search_term_string\"}}],\"inLanguage\":\"da-DK\"},{\"@type\":\"Organization\",\"@id\":\"https:\\\/\\\/primaverde.com\\\/da\\\/#organization\",\"name\":\"Primaverde B.V.\",\"url\":\"https:\\\/\\\/primaverde.com\\\/da\\\/\",\"logo\":{\"@type\":\"ImageObject\",\"inLanguage\":\"da-DK\",\"@id\":\"https:\\\/\\\/primaverde.com\\\/da\\\/#\\\/schema\\\/logo\\\/image\\\/\",\"url\":\"https:\\\/\\\/primaverde.com\\\/wp-content\\\/uploads\\\/2015\\\/03\\\/Logo_Primaverde.jpg\",\"contentUrl\":\"https:\\\/\\\/primaverde.com\\\/wp-content\\\/uploads\\\/2015\\\/03\\\/Logo_Primaverde.jpg\",\"width\":1170,\"height\":212,\"caption\":\"Primaverde B.V.\"},\"image\":{\"@id\":\"https:\\\/\\\/primaverde.com\\\/da\\\/#\\\/schema\\\/logo\\\/image\\\/\"},\"sameAs\":[\"https:\\\/\\\/www.facebook.com\\\/PrimaverdeBV\\\/\",\"https:\\\/\\\/x.com\\\/PrimaverdeBV\",\"https:\\\/\\\/nl.linkedin.com\\\/company\\\/primaverde\",\"http:\\\/\\\/www.youtube.com\\\/channel\\\/UC3DwQqj8f8tatLdSFA0aWwA\"]}]}<\/script>\n<!-- \/ Yoast SEO Premium plugin. -->","yoast_head_json":{"title":"Ram Board Edge - Primaverde","robots":{"index":"index","follow":"follow","max-snippet":"max-snippet:-1","max-image-preview":"max-image-preview:large","max-video-preview":"max-video-preview:-1"},"canonical":"https:\/\/primaverde.com\/da\/product\/ram-board-edge\/","og_locale":"da_DK","og_type":"article","og_title":"Ram Board Edge","og_description":"Maskeringstape, der er let at fjerneMed Edge Tape 14-Day fastg\u00f8r du kanterne p\u00e5 Ram Board Floor Protection til underlaget. Det specialudviklede kl\u00e6belag sikrer en p\u00e5lidelig vedh\u00e6ftning. Edge Tape kan fjernes inden for 14 dage uden at efterlade kl\u00e6berester.Egenskaber:6,3 cm bred, perfekt til afd\u00e6kning af Ram Board Floor ProtectionFremragende vedh\u00e6ftning p\u00e5 Ram Board Floor ProtectionSikker vedh\u00e6ftning p\u00e5 h\u00e5rde underlagDen klare orange farve sikrer tydelig markering af kanterKan fjernes uden at efterlade limrester","og_url":"https:\/\/primaverde.com\/da\/product\/ram-board-edge\/","og_site_name":"Primaverde","article_publisher":"https:\/\/www.facebook.com\/PrimaverdeBV\/","article_modified_time":"2026-04-15T13:42:09+00:00","og_image":[{"width":600,"height":600,"url":"https:\/\/primaverde.com\/wp-content\/uploads\/2024\/07\/EdgeTape14Day_P0NZ_s02.png","type":"image\/png"}],"twitter_card":"summary_large_image","twitter_site":"@PrimaverdeBV","twitter_misc":{"Estimeret l\u00e6setid":"1 minut"},"schema":{"@context":"https:\/\/schema.org","@graph":[{"@type":"WebPage","@id":"https:\/\/primaverde.com\/da\/product\/ram-board-edge\/","url":"https:\/\/primaverde.com\/da\/product\/ram-board-edge\/","name":"Ram Board Edge - Primaverde","isPartOf":{"@id":"https:\/\/primaverde.com\/da\/#website"},"primaryImageOfPage":{"@id":"https:\/\/primaverde.com\/da\/product\/ram-board-edge\/#primaryimage"},"image":{"@id":"https:\/\/primaverde.com\/da\/product\/ram-board-edge\/#primaryimage"},"thumbnailUrl":"https:\/\/primaverde.com\/wp-content\/uploads\/2024\/07\/EdgeTape14Day_P0NZ_s02.png","datePublished":"2024-07-04T09:57:30+00:00","dateModified":"2026-04-15T13:42:09+00:00","breadcrumb":{"@id":"https:\/\/primaverde.com\/da\/product\/ram-board-edge\/#breadcrumb"},"inLanguage":"da-DK","potentialAction":[{"@type":"ReadAction","target":["https:\/\/primaverde.com\/da\/product\/ram-board-edge\/"]}]},{"@type":"ImageObject","inLanguage":"da-DK","@id":"https:\/\/primaverde.com\/da\/product\/ram-board-edge\/#primaryimage","url":"https:\/\/primaverde.com\/wp-content\/uploads\/2024\/07\/EdgeTape14Day_P0NZ_s02.png","contentUrl":"https:\/\/primaverde.com\/wp-content\/uploads\/2024\/07\/EdgeTape14Day_P0NZ_s02.png","width":600,"height":600},{"@type":"BreadcrumbList","@id":"https:\/\/primaverde.com\/da\/product\/ram-board-edge\/#breadcrumb","itemListElement":[{"@type":"ListItem","position":1,"name":"Home","item":"https:\/\/primaverde.com\/da\/"},{"@type":"ListItem","position":2,"name":"Shop","item":"https:\/\/primaverde.com\/shop\/"},{"@type":"ListItem","position":3,"name":"Ram Board Edge"}]},{"@type":"WebSite","@id":"https:\/\/primaverde.com\/da\/#website","url":"https:\/\/primaverde.com\/da\/","name":"Primaverde","description":"Covering material, protection, tapes, Beschermende materialen","publisher":{"@id":"https:\/\/primaverde.com\/da\/#organization"},"potentialAction":[{"@type":"SearchAction","target":{"@type":"EntryPoint","urlTemplate":"https:\/\/primaverde.com\/da\/?s={search_term_string}"},"query-input":{"@type":"PropertyValueSpecification","valueRequired":true,"valueName":"search_term_string"}}],"inLanguage":"da-DK"},{"@type":"Organization","@id":"https:\/\/primaverde.com\/da\/#organization","name":"Primaverde B.V.","url":"https:\/\/primaverde.com\/da\/","logo":{"@type":"ImageObject","inLanguage":"da-DK","@id":"https:\/\/primaverde.com\/da\/#\/schema\/logo\/image\/","url":"https:\/\/primaverde.com\/wp-content\/uploads\/2015\/03\/Logo_Primaverde.jpg","contentUrl":"https:\/\/primaverde.com\/wp-content\/uploads\/2015\/03\/Logo_Primaverde.jpg","width":1170,"height":212,"caption":"Primaverde B.V."},"image":{"@id":"https:\/\/primaverde.com\/da\/#\/schema\/logo\/image\/"},"sameAs":["https:\/\/www.facebook.com\/PrimaverdeBV\/","https:\/\/x.com\/PrimaverdeBV","https:\/\/nl.linkedin.com\/company\/primaverde","http:\/\/www.youtube.com\/channel\/UC3DwQqj8f8tatLdSFA0aWwA"]}]}},"_links":{"self":[{"href":"https:\/\/primaverde.com\/da\/wp-json\/wp\/v2\/product\/46311","targetHints":{"allow":["GET"]}}],"collection":[{"href":"https:\/\/primaverde.com\/da\/wp-json\/wp\/v2\/product"}],"about":[{"href":"https:\/\/primaverde.com\/da\/wp-json\/wp\/v2\/types\/product"}],"replies":[{"embeddable":true,"href":"https:\/\/primaverde.com\/da\/wp-json\/wp\/v2\/comments?post=46311"}],"wp:featuredmedia":[{"embeddable":true,"href":"https:\/\/primaverde.com\/da\/wp-json\/wp\/v2\/media\/46314"}],"wp:attachment":[{"href":"https:\/\/primaverde.com\/da\/wp-json\/wp\/v2\/media?parent=46311"}],"wp:term":[{"taxonomy":"product_brand","embeddable":true,"href":"https:\/\/primaverde.com\/da\/wp-json\/wp\/v2\/product_brand?post=46311"},{"taxonomy":"product_cat","embeddable":true,"href":"https:\/\/primaverde.com\/da\/wp-json\/wp\/v2\/product_cat?post=46311"},{"taxonomy":"product_tag","embeddable":true,"href":"https:\/\/primaverde.com\/da\/wp-json\/wp\/v2\/product_tag?post=46311"}],"curies":[{"name":"wp","href":"https:\/\/api.w.org\/{rel}","templated":true}]}}