{"id":46320,"date":"2024-07-03T15:53:07","date_gmt":"2024-07-03T14:53:07","guid":{"rendered":"https:\/\/primaverde.com\/product\/ram-board-floor-protection\/"},"modified":"2026-04-15T14:40:23","modified_gmt":"2026-04-15T13:40:23","slug":"ram-board-floor-protection","status":"publish","type":"product","link":"https:\/\/primaverde.com\/da\/product\/ram-board-floor-protection\/","title":{"rendered":"Ram Board Floor Protection"},"content":{"rendered":"<h2>Den b\u00e6redygtige gulvbeskyttelse til byggepladsen<\/h2>\n<p>Ram Board Floor Protection til byggepladsen. Ekstra st\u00e6rk, ekstra holdbar. Beskytter mod de h\u00e5rdeste forhold. Egnet til alle gulve, ogs\u00e5 nye. Ram Board er \u00e5ndbart, s\u00e5 selvom gulvet er beskyttet, kan underlaget fortsat t\u00f8rre igennem.<\/p>\n<p><strong>Egenskaber:<\/strong><\/p>\n<ul>\n<li>Ekstra robust, ekstra lang levetid<\/li>\n<li>Fremstillet af genbrugspap<\/li>\n<li>Let at l\u00e6gge<\/li>\n<li>Wall Guard \u2013 unikke foldelinjer til v\u00e6gbeskyttelse<\/li>\n<li>Vapor Cure \u2013 \u00e5ndbar, og derfor ogs\u00e5 velegnet til nye gulve<\/li>\n<li>Flex-Fiber \u2013 fiberforst\u00e6rket struktur<\/li>\n<li>Spill-Guard \u2013 v\u00e6sket\u00e6t beskyttelse<\/li>\n<li>Genbrugt \/ Genanvendeligt<\/li>\n<li>FSC-certificeret<\/li>\n<\/ul>\n","protected":false},"excerpt":{"rendered":"<h2>Den b\u00e6redygtige gulvbeskyttelse til byggepladsen<\/h2>\n<p>Ram Board Floor Protection til byggepladsen. Ekstra st\u00e6rk, ekstra holdbar. Beskytter mod de h\u00e5rdeste forhold. Egnet til alle gulve, ogs\u00e5 nye. Ram Board er \u00e5ndbart, s\u00e5 selvom gulvet er beskyttet, kan underlaget fortsat t\u00f8rre igennem.<\/p>\n<p><strong>Egenskaber:<\/strong><\/p>\n<ul>\n<li>Ekstra robust, ekstra lang levetid<\/li>\n<li>Fremstillet af genbrugspap<\/li>\n<li>Let at l\u00e6gge<\/li>\n<li>Wall Guard \u2013 unikke foldelinjer til v\u00e6gbeskyttelse<\/li>\n<li>Vapor Cure \u2013 \u00e5ndbar, og derfor ogs\u00e5 velegnet til nye gulve<\/li>\n<li>Flex-Fiber \u2013 fiberforst\u00e6rket struktur<\/li>\n<li>Spill-Guard \u2013 v\u00e6sket\u00e6t beskyttelse<\/li>\n<li>Genbrugt \/ Genanvendeligt<\/li>\n<li>FSC-certificeret<\/li>\n<\/ul>\n","protected":false},"featured_media":46325,"comment_status":"closed","ping_status":"closed","template":"","meta":{"generate_page_header":""},"product_brand":[],"product_cat":[5788],"product_tag":[],"class_list":{"0":"post-46320","1":"product","2":"type-product","3":"status-publish","4":"has-post-thumbnail","6":"product_cat-ramboard","7":"infinite-scroll-item","8":"","9":"woocommerce-text-align-left","10":"woocommerce-image-align-center","11":"wc-has-gallery","13":"first","14":"instock","15":"shipping-taxable","16":"product-type-simple"},"yoast_head":"<!-- This site is optimized with the Yoast SEO Premium plugin v26.8 (Yoast SEO v27.5) - https:\/\/yoast.com\/product\/yoast-seo-premium-wordpress\/ -->\n<title>Ram Board Floor Protection - Primaverde<\/title>\n<meta name=\"robots\" content=\"index, follow, max-snippet:-1, max-image-preview:large, max-video-preview:-1\" \/>\n<link rel=\"canonical\" href=\"https:\/\/primaverde.com\/da\/product\/ram-board-floor-protection\/\" \/>\n<meta property=\"og:locale\" content=\"da_DK\" \/>\n<meta property=\"og:type\" content=\"article\" \/>\n<meta property=\"og:title\" content=\"Ram Board Floor Protection\" \/>\n<meta property=\"og:description\" content=\"Den b\u00e6redygtige gulvbeskyttelse til byggepladsenRam Board Floor Protection til byggepladsen. Ekstra st\u00e6rk, ekstra holdbar. Beskytter mod de h\u00e5rdeste forhold. Egnet til alle gulve, ogs\u00e5 nye. Ram Board er \u00e5ndbart, s\u00e5 selvom gulvet er beskyttet, kan underlaget fortsat t\u00f8rre igennem.Egenskaber:Ekstra robust, ekstra lang levetidFremstillet af genbrugspapLet at l\u00e6ggeWall Guard \u2013 unikke foldelinjer til v\u00e6gbeskyttelseVapor Cure \u2013 \u00e5ndbar, og derfor ogs\u00e5 velegnet til nye gulveFlex-Fiber \u2013 fiberforst\u00e6rket strukturSpill-Guard \u2013 v\u00e6sket\u00e6t beskyttelseGenbrugt \/ GenanvendeligtFSC-certificeret\" \/>\n<meta property=\"og:url\" content=\"https:\/\/primaverde.com\/da\/product\/ram-board-floor-protection\/\" \/>\n<meta property=\"og:site_name\" content=\"Primaverde\" \/>\n<meta property=\"article:publisher\" content=\"https:\/\/www.facebook.com\/PrimaverdeBV\/\" \/>\n<meta property=\"article:modified_time\" content=\"2026-04-15T13:40:23+00:00\" \/>\n<meta property=\"og:image\" content=\"https:\/\/primaverde.com\/wp-content\/uploads\/2024\/07\/FloorProtection_P0NZ_s06.png\" \/>\n\t<meta property=\"og:image:width\" content=\"600\" \/>\n\t<meta property=\"og:image:height\" content=\"600\" \/>\n\t<meta property=\"og:image:type\" content=\"image\/png\" \/>\n<meta name=\"twitter:card\" content=\"summary_large_image\" \/>\n<meta name=\"twitter:site\" content=\"@PrimaverdeBV\" \/>\n<meta name=\"twitter:label1\" content=\"Estimeret l\u00e6setid\" \/>\n\t<meta name=\"twitter:data1\" content=\"1 minut\" \/>\n<script type=\"application\/ld+json\" class=\"yoast-schema-graph\">{\"@context\":\"https:\\\/\\\/schema.org\",\"@graph\":[{\"@type\":\"WebPage\",\"@id\":\"https:\\\/\\\/primaverde.com\\\/da\\\/product\\\/ram-board-floor-protection\\\/\",\"url\":\"https:\\\/\\\/primaverde.com\\\/da\\\/product\\\/ram-board-floor-protection\\\/\",\"name\":\"Ram Board Floor Protection - Primaverde\",\"isPartOf\":{\"@id\":\"https:\\\/\\\/primaverde.com\\\/da\\\/#website\"},\"primaryImageOfPage\":{\"@id\":\"https:\\\/\\\/primaverde.com\\\/da\\\/product\\\/ram-board-floor-protection\\\/#primaryimage\"},\"image\":{\"@id\":\"https:\\\/\\\/primaverde.com\\\/da\\\/product\\\/ram-board-floor-protection\\\/#primaryimage\"},\"thumbnailUrl\":\"https:\\\/\\\/primaverde.com\\\/wp-content\\\/uploads\\\/2024\\\/07\\\/FloorProtection_P0NZ_s06.png\",\"datePublished\":\"2024-07-03T14:53:07+00:00\",\"dateModified\":\"2026-04-15T13:40:23+00:00\",\"breadcrumb\":{\"@id\":\"https:\\\/\\\/primaverde.com\\\/da\\\/product\\\/ram-board-floor-protection\\\/#breadcrumb\"},\"inLanguage\":\"da-DK\",\"potentialAction\":[{\"@type\":\"ReadAction\",\"target\":[\"https:\\\/\\\/primaverde.com\\\/da\\\/product\\\/ram-board-floor-protection\\\/\"]}]},{\"@type\":\"ImageObject\",\"inLanguage\":\"da-DK\",\"@id\":\"https:\\\/\\\/primaverde.com\\\/da\\\/product\\\/ram-board-floor-protection\\\/#primaryimage\",\"url\":\"https:\\\/\\\/primaverde.com\\\/wp-content\\\/uploads\\\/2024\\\/07\\\/FloorProtection_P0NZ_s06.png\",\"contentUrl\":\"https:\\\/\\\/primaverde.com\\\/wp-content\\\/uploads\\\/2024\\\/07\\\/FloorProtection_P0NZ_s06.png\",\"width\":600,\"height\":600},{\"@type\":\"BreadcrumbList\",\"@id\":\"https:\\\/\\\/primaverde.com\\\/da\\\/product\\\/ram-board-floor-protection\\\/#breadcrumb\",\"itemListElement\":[{\"@type\":\"ListItem\",\"position\":1,\"name\":\"Home\",\"item\":\"https:\\\/\\\/primaverde.com\\\/da\\\/\"},{\"@type\":\"ListItem\",\"position\":2,\"name\":\"Shop\",\"item\":\"https:\\\/\\\/primaverde.com\\\/shop\\\/\"},{\"@type\":\"ListItem\",\"position\":3,\"name\":\"Ram Board Floor Protection\"}]},{\"@type\":\"WebSite\",\"@id\":\"https:\\\/\\\/primaverde.com\\\/da\\\/#website\",\"url\":\"https:\\\/\\\/primaverde.com\\\/da\\\/\",\"name\":\"Primaverde\",\"description\":\"Covering material, protection, tapes, Beschermende materialen\",\"publisher\":{\"@id\":\"https:\\\/\\\/primaverde.com\\\/da\\\/#organization\"},\"potentialAction\":[{\"@type\":\"SearchAction\",\"target\":{\"@type\":\"EntryPoint\",\"urlTemplate\":\"https:\\\/\\\/primaverde.com\\\/da\\\/?s={search_term_string}\"},\"query-input\":{\"@type\":\"PropertyValueSpecification\",\"valueRequired\":true,\"valueName\":\"search_term_string\"}}],\"inLanguage\":\"da-DK\"},{\"@type\":\"Organization\",\"@id\":\"https:\\\/\\\/primaverde.com\\\/da\\\/#organization\",\"name\":\"Primaverde B.V.\",\"url\":\"https:\\\/\\\/primaverde.com\\\/da\\\/\",\"logo\":{\"@type\":\"ImageObject\",\"inLanguage\":\"da-DK\",\"@id\":\"https:\\\/\\\/primaverde.com\\\/da\\\/#\\\/schema\\\/logo\\\/image\\\/\",\"url\":\"https:\\\/\\\/primaverde.com\\\/wp-content\\\/uploads\\\/2015\\\/03\\\/Logo_Primaverde.jpg\",\"contentUrl\":\"https:\\\/\\\/primaverde.com\\\/wp-content\\\/uploads\\\/2015\\\/03\\\/Logo_Primaverde.jpg\",\"width\":1170,\"height\":212,\"caption\":\"Primaverde B.V.\"},\"image\":{\"@id\":\"https:\\\/\\\/primaverde.com\\\/da\\\/#\\\/schema\\\/logo\\\/image\\\/\"},\"sameAs\":[\"https:\\\/\\\/www.facebook.com\\\/PrimaverdeBV\\\/\",\"https:\\\/\\\/x.com\\\/PrimaverdeBV\",\"https:\\\/\\\/nl.linkedin.com\\\/company\\\/primaverde\",\"http:\\\/\\\/www.youtube.com\\\/channel\\\/UC3DwQqj8f8tatLdSFA0aWwA\"]}]}<\/script>\n<!-- \/ Yoast SEO Premium plugin. -->","yoast_head_json":{"title":"Ram Board Floor Protection - Primaverde","robots":{"index":"index","follow":"follow","max-snippet":"max-snippet:-1","max-image-preview":"max-image-preview:large","max-video-preview":"max-video-preview:-1"},"canonical":"https:\/\/primaverde.com\/da\/product\/ram-board-floor-protection\/","og_locale":"da_DK","og_type":"article","og_title":"Ram Board Floor Protection","og_description":"Den b\u00e6redygtige gulvbeskyttelse til byggepladsenRam Board Floor Protection til byggepladsen. Ekstra st\u00e6rk, ekstra holdbar. Beskytter mod de h\u00e5rdeste forhold. Egnet til alle gulve, ogs\u00e5 nye. Ram Board er \u00e5ndbart, s\u00e5 selvom gulvet er beskyttet, kan underlaget fortsat t\u00f8rre igennem.Egenskaber:Ekstra robust, ekstra lang levetidFremstillet af genbrugspapLet at l\u00e6ggeWall Guard \u2013 unikke foldelinjer til v\u00e6gbeskyttelseVapor Cure \u2013 \u00e5ndbar, og derfor ogs\u00e5 velegnet til nye gulveFlex-Fiber \u2013 fiberforst\u00e6rket strukturSpill-Guard \u2013 v\u00e6sket\u00e6t beskyttelseGenbrugt \/ GenanvendeligtFSC-certificeret","og_url":"https:\/\/primaverde.com\/da\/product\/ram-board-floor-protection\/","og_site_name":"Primaverde","article_publisher":"https:\/\/www.facebook.com\/PrimaverdeBV\/","article_modified_time":"2026-04-15T13:40:23+00:00","og_image":[{"width":600,"height":600,"url":"https:\/\/primaverde.com\/wp-content\/uploads\/2024\/07\/FloorProtection_P0NZ_s06.png","type":"image\/png"}],"twitter_card":"summary_large_image","twitter_site":"@PrimaverdeBV","twitter_misc":{"Estimeret l\u00e6setid":"1 minut"},"schema":{"@context":"https:\/\/schema.org","@graph":[{"@type":"WebPage","@id":"https:\/\/primaverde.com\/da\/product\/ram-board-floor-protection\/","url":"https:\/\/primaverde.com\/da\/product\/ram-board-floor-protection\/","name":"Ram Board Floor Protection - Primaverde","isPartOf":{"@id":"https:\/\/primaverde.com\/da\/#website"},"primaryImageOfPage":{"@id":"https:\/\/primaverde.com\/da\/product\/ram-board-floor-protection\/#primaryimage"},"image":{"@id":"https:\/\/primaverde.com\/da\/product\/ram-board-floor-protection\/#primaryimage"},"thumbnailUrl":"https:\/\/primaverde.com\/wp-content\/uploads\/2024\/07\/FloorProtection_P0NZ_s06.png","datePublished":"2024-07-03T14:53:07+00:00","dateModified":"2026-04-15T13:40:23+00:00","breadcrumb":{"@id":"https:\/\/primaverde.com\/da\/product\/ram-board-floor-protection\/#breadcrumb"},"inLanguage":"da-DK","potentialAction":[{"@type":"ReadAction","target":["https:\/\/primaverde.com\/da\/product\/ram-board-floor-protection\/"]}]},{"@type":"ImageObject","inLanguage":"da-DK","@id":"https:\/\/primaverde.com\/da\/product\/ram-board-floor-protection\/#primaryimage","url":"https:\/\/primaverde.com\/wp-content\/uploads\/2024\/07\/FloorProtection_P0NZ_s06.png","contentUrl":"https:\/\/primaverde.com\/wp-content\/uploads\/2024\/07\/FloorProtection_P0NZ_s06.png","width":600,"height":600},{"@type":"BreadcrumbList","@id":"https:\/\/primaverde.com\/da\/product\/ram-board-floor-protection\/#breadcrumb","itemListElement":[{"@type":"ListItem","position":1,"name":"Home","item":"https:\/\/primaverde.com\/da\/"},{"@type":"ListItem","position":2,"name":"Shop","item":"https:\/\/primaverde.com\/shop\/"},{"@type":"ListItem","position":3,"name":"Ram Board Floor Protection"}]},{"@type":"WebSite","@id":"https:\/\/primaverde.com\/da\/#website","url":"https:\/\/primaverde.com\/da\/","name":"Primaverde","description":"Covering material, protection, tapes, Beschermende materialen","publisher":{"@id":"https:\/\/primaverde.com\/da\/#organization"},"potentialAction":[{"@type":"SearchAction","target":{"@type":"EntryPoint","urlTemplate":"https:\/\/primaverde.com\/da\/?s={search_term_string}"},"query-input":{"@type":"PropertyValueSpecification","valueRequired":true,"valueName":"search_term_string"}}],"inLanguage":"da-DK"},{"@type":"Organization","@id":"https:\/\/primaverde.com\/da\/#organization","name":"Primaverde B.V.","url":"https:\/\/primaverde.com\/da\/","logo":{"@type":"ImageObject","inLanguage":"da-DK","@id":"https:\/\/primaverde.com\/da\/#\/schema\/logo\/image\/","url":"https:\/\/primaverde.com\/wp-content\/uploads\/2015\/03\/Logo_Primaverde.jpg","contentUrl":"https:\/\/primaverde.com\/wp-content\/uploads\/2015\/03\/Logo_Primaverde.jpg","width":1170,"height":212,"caption":"Primaverde B.V."},"image":{"@id":"https:\/\/primaverde.com\/da\/#\/schema\/logo\/image\/"},"sameAs":["https:\/\/www.facebook.com\/PrimaverdeBV\/","https:\/\/x.com\/PrimaverdeBV","https:\/\/nl.linkedin.com\/company\/primaverde","http:\/\/www.youtube.com\/channel\/UC3DwQqj8f8tatLdSFA0aWwA"]}]}},"_links":{"self":[{"href":"https:\/\/primaverde.com\/da\/wp-json\/wp\/v2\/product\/46320","targetHints":{"allow":["GET"]}}],"collection":[{"href":"https:\/\/primaverde.com\/da\/wp-json\/wp\/v2\/product"}],"about":[{"href":"https:\/\/primaverde.com\/da\/wp-json\/wp\/v2\/types\/product"}],"replies":[{"embeddable":true,"href":"https:\/\/primaverde.com\/da\/wp-json\/wp\/v2\/comments?post=46320"}],"wp:featuredmedia":[{"embeddable":true,"href":"https:\/\/primaverde.com\/da\/wp-json\/wp\/v2\/media\/46325"}],"wp:attachment":[{"href":"https:\/\/primaverde.com\/da\/wp-json\/wp\/v2\/media?parent=46320"}],"wp:term":[{"taxonomy":"product_brand","embeddable":true,"href":"https:\/\/primaverde.com\/da\/wp-json\/wp\/v2\/product_brand?post=46320"},{"taxonomy":"product_cat","embeddable":true,"href":"https:\/\/primaverde.com\/da\/wp-json\/wp\/v2\/product_cat?post=46320"},{"taxonomy":"product_tag","embeddable":true,"href":"https:\/\/primaverde.com\/da\/wp-json\/wp\/v2\/product_tag?post=46320"}],"curies":[{"name":"wp","href":"https:\/\/api.w.org\/{rel}","templated":true}]}}