{"id":27024,"date":"2019-10-30T08:19:17","date_gmt":"2019-10-30T07:19:17","guid":{"rendered":"https:\/\/primaverde.com\/?page_id=27024"},"modified":"2019-12-06T11:06:16","modified_gmt":"2019-12-06T10:06:16","slug":"downloads","status":"publish","type":"page","link":"https:\/\/primaverde.com\/de\/downloads\/","title":{"rendered":"Primaverde Artikeldateien, Bilder und Videos herunterladen"},"content":{"rendered":"\n<h1 class=\"wp-block-heading\">Artikeldateien, Bilder und Videos herunterladen<\/h1>\n\n\n\n<p>Unterstehend finden sie eine Liste mit verschiedene Artikeldateien, Bilder und Videos, zusammengefasst pro Marke, zum Herunterladen.<\/p>\n\n\n\n<h2 class=\"wp-block-heading\">Rechtliches<\/h2>\n\n\n\n<p>Alle rechte vorbehalten Kein Teil dieser Publikation darf ohne vorherige schriftliche Zustimmung von Primaverde B.V. in irgendeiner Form oder auf irgendeine Weise reproduziert, verbreitet oder \u00fcbertragen werden, einschlie\u00dflich Fotokopien, Aufzeichnungen oder anderen elektronischen oder mechanischen Methoden.<\/p>\n\n\n\n<p>Ausnahme sind Ver\u00f6ffentlichungen, mit denen Primaverde und \/ oder seine Marken und \/ oder Produkte auf Primaverde aufmerksam gemacht werden sollen. Alle Rechte an Texten, Bildern und Informationen bei Primaverde B.V. Diese Rechte bleiben uneingeschr\u00e4nkt in Kraft, auch wenn Sie diese Materialien \u00fcber die Medien Ihrer Wahl ver\u00f6ffentlicht haben.<\/p>\n\n\n<p>[wpdm_all_packages items_per_page=&#8220;20&#8243; jstable=1 order_by=&#8220;Categories&#8220; order=&#8220;DESC&#8220; cols=&#8220;title,file_count,download_count|categories|update_date|download_link&#8220; colheads=&#8220;Title|Categories|Update Date|Download::155px&#8220;]<\/p>\n","protected":false},"excerpt":{"rendered":"<p>Artikeldateien, Bilder und Videos herunterladen Unterstehend finden sie eine Liste mit verschiedene Artikeldateien, Bilder und Videos, zusammengefasst pro Marke, zum &#8230; <a title=\"Primaverde Artikeldateien, Bilder und Videos herunterladen\" class=\"read-more\" href=\"https:\/\/primaverde.com\/de\/downloads\/\" aria-label=\"Mehr Informationen \u00fcber Primaverde Artikeldateien, Bilder und Videos herunterladen\">Lees verder&#8230;<\/a><\/p>\n","protected":false},"author":6,"featured_media":0,"parent":0,"menu_order":900,"comment_status":"closed","ping_status":"closed","template":"","meta":{"generate_page_header":"","footnotes":""},"class_list":{"0":"post-27024","1":"page","2":"type-page","3":"status-publish","5":"infinite-scroll-item"},"yoast_head":"<!-- This site is optimized with the Yoast SEO Premium plugin v26.8 (Yoast SEO v27.4) - https:\/\/yoast.com\/product\/yoast-seo-premium-wordpress\/ -->\n<title>Primaverde Artikeldateien, Bilder und Videos herunterladen - Primaverde<\/title>\n<meta name=\"description\" content=\"Primaverde Artikeldateien, Bilder und Videos herunterladen PrimaCover und Permafix. Diese k\u00f6nnen f\u00fcr Prospekte und Webshops ben\u00fctzt werden.\" \/>\n<meta name=\"robots\" content=\"index, follow, max-snippet:-1, max-image-preview:large, max-video-preview:-1\" \/>\n<link rel=\"canonical\" href=\"https:\/\/primaverde.com\/de\/downloads\/\" \/>\n<meta property=\"og:locale\" content=\"de_DE\" \/>\n<meta property=\"og:type\" content=\"article\" \/>\n<meta property=\"og:title\" content=\"Primaverde Artikeldateien, Bilder und Videos herunterladen\" \/>\n<meta property=\"og:description\" content=\"Primaverde Artikeldateien, Bilder und Videos herunterladen PrimaCover und Permafix. Diese k\u00f6nnen f\u00fcr Prospekte und Webshops ben\u00fctzt werden.\" \/>\n<meta property=\"og:url\" content=\"https:\/\/primaverde.com\/de\/downloads\/\" \/>\n<meta property=\"og:site_name\" content=\"Primaverde\" \/>\n<meta property=\"article:publisher\" content=\"https:\/\/www.facebook.com\/PrimaverdeBV\/\" \/>\n<meta property=\"article:modified_time\" content=\"2019-12-06T10:06:16+00:00\" \/>\n<meta name=\"twitter:card\" content=\"summary_large_image\" \/>\n<meta name=\"twitter:site\" content=\"@PrimaverdeBV\" \/>\n<meta name=\"twitter:label1\" content=\"Gesch\u00e4tzte Lesezeit\" \/>\n\t<meta name=\"twitter:data1\" content=\"1\u00a0Minute\" \/>\n<script type=\"application\/ld+json\" class=\"yoast-schema-graph\">{\"@context\":\"https:\\\/\\\/schema.org\",\"@graph\":[{\"@type\":\"WebPage\",\"@id\":\"https:\\\/\\\/primaverde.com\\\/de\\\/downloads\\\/\",\"url\":\"https:\\\/\\\/primaverde.com\\\/de\\\/downloads\\\/\",\"name\":\"Primaverde Artikeldateien, Bilder und Videos herunterladen - Primaverde\",\"isPartOf\":{\"@id\":\"https:\\\/\\\/primaverde.com\\\/de\\\/#website\"},\"datePublished\":\"2019-10-30T07:19:17+00:00\",\"dateModified\":\"2019-12-06T10:06:16+00:00\",\"description\":\"Primaverde Artikeldateien, Bilder und Videos herunterladen PrimaCover und Permafix. Diese k\u00f6nnen f\u00fcr Prospekte und Webshops ben\u00fctzt werden.\",\"breadcrumb\":{\"@id\":\"https:\\\/\\\/primaverde.com\\\/de\\\/downloads\\\/#breadcrumb\"},\"inLanguage\":\"de\",\"potentialAction\":[{\"@type\":\"ReadAction\",\"target\":[\"https:\\\/\\\/primaverde.com\\\/de\\\/downloads\\\/\"]}]},{\"@type\":\"BreadcrumbList\",\"@id\":\"https:\\\/\\\/primaverde.com\\\/de\\\/downloads\\\/#breadcrumb\",\"itemListElement\":[{\"@type\":\"ListItem\",\"position\":1,\"name\":\"Home\",\"item\":\"https:\\\/\\\/primaverde.com\\\/de\\\/\"},{\"@type\":\"ListItem\",\"position\":2,\"name\":\"Primaverde Artikeldateien, Bilder und Videos herunterladen\"}]},{\"@type\":\"WebSite\",\"@id\":\"https:\\\/\\\/primaverde.com\\\/de\\\/#website\",\"url\":\"https:\\\/\\\/primaverde.com\\\/de\\\/\",\"name\":\"Primaverde\",\"description\":\"Covering material, protection, tapes, Beschermende materialen\",\"publisher\":{\"@id\":\"https:\\\/\\\/primaverde.com\\\/de\\\/#organization\"},\"potentialAction\":[{\"@type\":\"SearchAction\",\"target\":{\"@type\":\"EntryPoint\",\"urlTemplate\":\"https:\\\/\\\/primaverde.com\\\/de\\\/?s={search_term_string}\"},\"query-input\":{\"@type\":\"PropertyValueSpecification\",\"valueRequired\":true,\"valueName\":\"search_term_string\"}}],\"inLanguage\":\"de\"},{\"@type\":\"Organization\",\"@id\":\"https:\\\/\\\/primaverde.com\\\/de\\\/#organization\",\"name\":\"Primaverde B.V.\",\"url\":\"https:\\\/\\\/primaverde.com\\\/de\\\/\",\"logo\":{\"@type\":\"ImageObject\",\"inLanguage\":\"de\",\"@id\":\"https:\\\/\\\/primaverde.com\\\/de\\\/#\\\/schema\\\/logo\\\/image\\\/\",\"url\":\"https:\\\/\\\/primaverde.com\\\/wp-content\\\/uploads\\\/2015\\\/03\\\/Logo_Primaverde.jpg\",\"contentUrl\":\"https:\\\/\\\/primaverde.com\\\/wp-content\\\/uploads\\\/2015\\\/03\\\/Logo_Primaverde.jpg\",\"width\":1170,\"height\":212,\"caption\":\"Primaverde B.V.\"},\"image\":{\"@id\":\"https:\\\/\\\/primaverde.com\\\/de\\\/#\\\/schema\\\/logo\\\/image\\\/\"},\"sameAs\":[\"https:\\\/\\\/www.facebook.com\\\/PrimaverdeBV\\\/\",\"https:\\\/\\\/x.com\\\/PrimaverdeBV\",\"https:\\\/\\\/nl.linkedin.com\\\/company\\\/primaverde\",\"http:\\\/\\\/www.youtube.com\\\/channel\\\/UC3DwQqj8f8tatLdSFA0aWwA\"]}]}<\/script>\n<!-- \/ Yoast SEO Premium plugin. -->","yoast_head_json":{"title":"Primaverde Artikeldateien, Bilder und Videos herunterladen - Primaverde","description":"Primaverde Artikeldateien, Bilder und Videos herunterladen PrimaCover und Permafix. Diese k\u00f6nnen f\u00fcr Prospekte und Webshops ben\u00fctzt werden.","robots":{"index":"index","follow":"follow","max-snippet":"max-snippet:-1","max-image-preview":"max-image-preview:large","max-video-preview":"max-video-preview:-1"},"canonical":"https:\/\/primaverde.com\/de\/downloads\/","og_locale":"de_DE","og_type":"article","og_title":"Primaverde Artikeldateien, Bilder und Videos herunterladen","og_description":"Primaverde Artikeldateien, Bilder und Videos herunterladen PrimaCover und Permafix. Diese k\u00f6nnen f\u00fcr Prospekte und Webshops ben\u00fctzt werden.","og_url":"https:\/\/primaverde.com\/de\/downloads\/","og_site_name":"Primaverde","article_publisher":"https:\/\/www.facebook.com\/PrimaverdeBV\/","article_modified_time":"2019-12-06T10:06:16+00:00","twitter_card":"summary_large_image","twitter_site":"@PrimaverdeBV","twitter_misc":{"Gesch\u00e4tzte Lesezeit":"1\u00a0Minute"},"schema":{"@context":"https:\/\/schema.org","@graph":[{"@type":"WebPage","@id":"https:\/\/primaverde.com\/de\/downloads\/","url":"https:\/\/primaverde.com\/de\/downloads\/","name":"Primaverde Artikeldateien, Bilder und Videos herunterladen - Primaverde","isPartOf":{"@id":"https:\/\/primaverde.com\/de\/#website"},"datePublished":"2019-10-30T07:19:17+00:00","dateModified":"2019-12-06T10:06:16+00:00","description":"Primaverde Artikeldateien, Bilder und Videos herunterladen PrimaCover und Permafix. Diese k\u00f6nnen f\u00fcr Prospekte und Webshops ben\u00fctzt werden.","breadcrumb":{"@id":"https:\/\/primaverde.com\/de\/downloads\/#breadcrumb"},"inLanguage":"de","potentialAction":[{"@type":"ReadAction","target":["https:\/\/primaverde.com\/de\/downloads\/"]}]},{"@type":"BreadcrumbList","@id":"https:\/\/primaverde.com\/de\/downloads\/#breadcrumb","itemListElement":[{"@type":"ListItem","position":1,"name":"Home","item":"https:\/\/primaverde.com\/de\/"},{"@type":"ListItem","position":2,"name":"Primaverde Artikeldateien, Bilder und Videos herunterladen"}]},{"@type":"WebSite","@id":"https:\/\/primaverde.com\/de\/#website","url":"https:\/\/primaverde.com\/de\/","name":"Primaverde","description":"Covering material, protection, tapes, Beschermende materialen","publisher":{"@id":"https:\/\/primaverde.com\/de\/#organization"},"potentialAction":[{"@type":"SearchAction","target":{"@type":"EntryPoint","urlTemplate":"https:\/\/primaverde.com\/de\/?s={search_term_string}"},"query-input":{"@type":"PropertyValueSpecification","valueRequired":true,"valueName":"search_term_string"}}],"inLanguage":"de"},{"@type":"Organization","@id":"https:\/\/primaverde.com\/de\/#organization","name":"Primaverde B.V.","url":"https:\/\/primaverde.com\/de\/","logo":{"@type":"ImageObject","inLanguage":"de","@id":"https:\/\/primaverde.com\/de\/#\/schema\/logo\/image\/","url":"https:\/\/primaverde.com\/wp-content\/uploads\/2015\/03\/Logo_Primaverde.jpg","contentUrl":"https:\/\/primaverde.com\/wp-content\/uploads\/2015\/03\/Logo_Primaverde.jpg","width":1170,"height":212,"caption":"Primaverde B.V."},"image":{"@id":"https:\/\/primaverde.com\/de\/#\/schema\/logo\/image\/"},"sameAs":["https:\/\/www.facebook.com\/PrimaverdeBV\/","https:\/\/x.com\/PrimaverdeBV","https:\/\/nl.linkedin.com\/company\/primaverde","http:\/\/www.youtube.com\/channel\/UC3DwQqj8f8tatLdSFA0aWwA"]}]}},"_links":{"self":[{"href":"https:\/\/primaverde.com\/de\/wp-json\/wp\/v2\/pages\/27024","targetHints":{"allow":["GET"]}}],"collection":[{"href":"https:\/\/primaverde.com\/de\/wp-json\/wp\/v2\/pages"}],"about":[{"href":"https:\/\/primaverde.com\/de\/wp-json\/wp\/v2\/types\/page"}],"author":[{"embeddable":true,"href":"https:\/\/primaverde.com\/de\/wp-json\/wp\/v2\/users\/6"}],"replies":[{"embeddable":true,"href":"https:\/\/primaverde.com\/de\/wp-json\/wp\/v2\/comments?post=27024"}],"version-history":[{"count":0,"href":"https:\/\/primaverde.com\/de\/wp-json\/wp\/v2\/pages\/27024\/revisions"}],"wp:attachment":[{"href":"https:\/\/primaverde.com\/de\/wp-json\/wp\/v2\/media?parent=27024"}],"curies":[{"name":"wp","href":"https:\/\/api.w.org\/{rel}","templated":true}]}}