{"id":27365,"date":"2019-06-13T10:53:19","date_gmt":"2019-06-13T09:53:19","guid":{"rendered":"https:\/\/primaverde.com\/ondersteuning\/"},"modified":"2019-11-28T17:38:52","modified_gmt":"2019-11-28T16:38:52","slug":"unterstutzung","status":"publish","type":"page","link":"https:\/\/primaverde.com\/de\/unterstutzung\/","title":{"rendered":"Unterst\u00fctzung"},"content":{"rendered":"\n<h1 class=\"has-text-align-center wp-block-heading\">Kaufm\u00e4nnischer und technischer Support<\/h1>\n\n\n\n<h2 class=\"has-text-align-center wp-block-heading\">Die Zuverl\u00e4ssigkeit eines hervorragenden<br>\ntechnische und kaufm\u00e4nnische Unterst\u00fctzung durch Primaverde<\/h2>\n\n\n\n<p><\/p>\n\n\n\n<div class=\"wp-block-columns has-2-columns is-layout-flex wp-container-core-columns-is-layout-9d6595d7 wp-block-columns-is-layout-flex\">\n<div class=\"wp-block-column is-layout-flow wp-block-column-is-layout-flow\">\n<figure class=\"wp-block-gallery columns-3 wp-block-gallery-1 is-layout-flex wp-block-gallery-is-layout-flex\"><ul class=\"blocks-gallery-grid\"><li class=\"blocks-gallery-item\"><figure><a href=\"https:\/\/primaverde.com\/wp-content\/uploads\/2015\/11\/PrimaCover0_logo_content_categorie_1-1.jpg\"><img loading=\"lazy\" decoding=\"async\" width=\"600\" height=\"399\" src=\"https:\/\/primaverde.com\/wp-content\/uploads\/2015\/11\/PrimaCover0_logo_content_categorie_1-1.jpg\" alt=\"PrimaCover afdekmateriaal\" data-id=\"2078\" data-link=\"https:\/\/primaverde.com\/primacover0_logo_content_categorie_1\/\" class=\"wp-image-2078\" srcset=\"https:\/\/primaverde.com\/wp-content\/uploads\/2015\/11\/PrimaCover0_logo_content_categorie_1-1.jpg 600w, https:\/\/primaverde.com\/wp-content\/uploads\/2015\/11\/PrimaCover0_logo_content_categorie_1-1-300x200.jpg 300w, https:\/\/primaverde.com\/wp-content\/uploads\/2015\/11\/PrimaCover0_logo_content_categorie_1-1-31x21.jpg 31w, https:\/\/primaverde.com\/wp-content\/uploads\/2015\/11\/PrimaCover0_logo_content_categorie_1-1-272x182.jpg 272w\" sizes=\"auto, (max-width: 600px) 100vw, 600px\" \/><\/a><\/figure><\/li><li class=\"blocks-gallery-item\"><figure><a href=\"https:\/\/primaverde.com\/wp-content\/uploads\/2019\/06\/PrimaCover6_logo_content_categorie_2-1200x798.jpg\"><img loading=\"lazy\" decoding=\"async\" width=\"1200\" height=\"798\" src=\"https:\/\/primaverde.com\/wp-content\/uploads\/2019\/06\/PrimaCover6_logo_content_categorie_2-1200x798.jpg\" alt=\"PrimaCover Robust - afdekvlies beton - vloer trap\" data-id=\"6868\" data-link=\"https:\/\/primaverde.com\/?attachment_id=6868#main\" class=\"wp-image-6868\" srcset=\"https:\/\/primaverde.com\/wp-content\/uploads\/2019\/06\/PrimaCover6_logo_content_categorie_2-1200x798.jpg 1200w, https:\/\/primaverde.com\/wp-content\/uploads\/2019\/06\/PrimaCover6_logo_content_categorie_2-600x399.jpg 600w, https:\/\/primaverde.com\/wp-content\/uploads\/2019\/06\/PrimaCover6_logo_content_categorie_2-300x200.jpg 300w, https:\/\/primaverde.com\/wp-content\/uploads\/2019\/06\/PrimaCover6_logo_content_categorie_2-768x511.jpg 768w\" sizes=\"auto, (max-width: 1200px) 100vw, 1200px\" \/><\/a><\/figure><\/li><li class=\"blocks-gallery-item\"><figure><a href=\"https:\/\/primaverde.com\/wp-content\/uploads\/2019\/06\/PrimaCover9_logo_content_categorie_2-1200x798.jpg\"><img loading=\"lazy\" decoding=\"async\" width=\"1200\" height=\"798\" src=\"https:\/\/primaverde.com\/wp-content\/uploads\/2019\/06\/PrimaCover9_logo_content_categorie_2-1200x798.jpg\" alt=\"PrimaCover Evapo - damp-open afdekvlies - hout - trap vloer\" data-id=\"6873\" data-link=\"https:\/\/primaverde.com\/?attachment_id=6873#main\" class=\"wp-image-6873\" srcset=\"https:\/\/primaverde.com\/wp-content\/uploads\/2019\/06\/PrimaCover9_logo_content_categorie_2-1200x798.jpg 1200w, https:\/\/primaverde.com\/wp-content\/uploads\/2019\/06\/PrimaCover9_logo_content_categorie_2-600x399.jpg 600w, https:\/\/primaverde.com\/wp-content\/uploads\/2019\/06\/PrimaCover9_logo_content_categorie_2-300x200.jpg 300w, https:\/\/primaverde.com\/wp-content\/uploads\/2019\/06\/PrimaCover9_logo_content_categorie_2-768x511.jpg 768w\" sizes=\"auto, (max-width: 1200px) 100vw, 1200px\" \/><\/a><\/figure><\/li><li class=\"blocks-gallery-item\"><figure><a href=\"https:\/\/primaverde.com\/wp-content\/uploads\/2019\/06\/PrimaCover10_logo_content_categorie_2-1200x798.jpg\"><img loading=\"lazy\" decoding=\"async\" width=\"1200\" height=\"798\" src=\"https:\/\/primaverde.com\/wp-content\/uploads\/2019\/06\/PrimaCover10_logo_content_categorie_2-1200x798.jpg\" alt=\"PrimaCover Standard - universeel zelfklevend afdekvlies\" data-id=\"6878\" data-link=\"https:\/\/primaverde.com\/?attachment_id=6878#main\" class=\"wp-image-6878\" srcset=\"https:\/\/primaverde.com\/wp-content\/uploads\/2019\/06\/PrimaCover10_logo_content_categorie_2-1200x798.jpg 1200w, https:\/\/primaverde.com\/wp-content\/uploads\/2019\/06\/PrimaCover10_logo_content_categorie_2-600x399.jpg 600w, https:\/\/primaverde.com\/wp-content\/uploads\/2019\/06\/PrimaCover10_logo_content_categorie_2-300x200.jpg 300w, https:\/\/primaverde.com\/wp-content\/uploads\/2019\/06\/PrimaCover10_logo_content_categorie_2-768x511.jpg 768w\" sizes=\"auto, (max-width: 1200px) 100vw, 1200px\" \/><\/a><\/figure><\/li><li class=\"blocks-gallery-item\"><figure><a href=\"https:\/\/primaverde.com\/wp-content\/uploads\/2019\/06\/PrimaCover11_logo_content_categorie_2-1200x798.jpg\"><img loading=\"lazy\" decoding=\"async\" width=\"1200\" height=\"798\" src=\"https:\/\/primaverde.com\/wp-content\/uploads\/2019\/06\/PrimaCover11_logo_content_categorie_2-1200x798.jpg\" alt=\"PrimaCover Standard - universeel zelfklevend afdekvlies - puin\" data-id=\"6883\" data-link=\"https:\/\/primaverde.com\/?attachment_id=6883#main\" class=\"wp-image-6883\" srcset=\"https:\/\/primaverde.com\/wp-content\/uploads\/2019\/06\/PrimaCover11_logo_content_categorie_2-1200x798.jpg 1200w, https:\/\/primaverde.com\/wp-content\/uploads\/2019\/06\/PrimaCover11_logo_content_categorie_2-600x399.jpg 600w, https:\/\/primaverde.com\/wp-content\/uploads\/2019\/06\/PrimaCover11_logo_content_categorie_2-300x200.jpg 300w, https:\/\/primaverde.com\/wp-content\/uploads\/2019\/06\/PrimaCover11_logo_content_categorie_2-768x511.jpg 768w\" sizes=\"auto, (max-width: 1200px) 100vw, 1200px\" \/><\/a><\/figure><\/li><li class=\"blocks-gallery-item\"><figure><a href=\"https:\/\/primaverde.com\/wp-content\/uploads\/2019\/06\/PrimaCover16_logo_content_categorie_2-1200x798.jpg\"><img loading=\"lazy\" decoding=\"async\" width=\"1200\" height=\"798\" src=\"https:\/\/primaverde.com\/wp-content\/uploads\/2019\/06\/PrimaCover16_logo_content_categorie_2-1200x798.jpg\" alt=\"PrimaCover Zipper Door A - ritsdoorgang - stofdeur\" data-id=\"6888\" data-link=\"https:\/\/primaverde.com\/?attachment_id=6888#main\" class=\"wp-image-6888\" srcset=\"https:\/\/primaverde.com\/wp-content\/uploads\/2019\/06\/PrimaCover16_logo_content_categorie_2-1200x798.jpg 1200w, https:\/\/primaverde.com\/wp-content\/uploads\/2019\/06\/PrimaCover16_logo_content_categorie_2-600x399.jpg 600w, https:\/\/primaverde.com\/wp-content\/uploads\/2019\/06\/PrimaCover16_logo_content_categorie_2-300x200.jpg 300w, https:\/\/primaverde.com\/wp-content\/uploads\/2019\/06\/PrimaCover16_logo_content_categorie_2-768x511.jpg 768w\" sizes=\"auto, (max-width: 1200px) 100vw, 1200px\" \/><\/a><\/figure><\/li><li class=\"blocks-gallery-item\"><figure><a href=\"https:\/\/primaverde.com\/wp-content\/uploads\/2019\/06\/PrimaCover30_logo_content_categorie_2-1200x798.jpg\"><img loading=\"lazy\" decoding=\"async\" width=\"1200\" height=\"798\" src=\"https:\/\/primaverde.com\/wp-content\/uploads\/2019\/06\/PrimaCover30_logo_content_categorie_2-1200x798.jpg\" alt=\"PrimaCover Active - ademend afdekvlies - praktijk\" data-id=\"6893\" data-link=\"https:\/\/primaverde.com\/?attachment_id=6893#main\" class=\"wp-image-6893\" srcset=\"https:\/\/primaverde.com\/wp-content\/uploads\/2019\/06\/PrimaCover30_logo_content_categorie_2-1200x798.jpg 1200w, https:\/\/primaverde.com\/wp-content\/uploads\/2019\/06\/PrimaCover30_logo_content_categorie_2-600x399.jpg 600w, https:\/\/primaverde.com\/wp-content\/uploads\/2019\/06\/PrimaCover30_logo_content_categorie_2-300x200.jpg 300w, https:\/\/primaverde.com\/wp-content\/uploads\/2019\/06\/PrimaCover30_logo_content_categorie_2-768x511.jpg 768w\" sizes=\"auto, (max-width: 1200px) 100vw, 1200px\" \/><\/a><\/figure><\/li><li class=\"blocks-gallery-item\"><figure><a href=\"https:\/\/primaverde.com\/wp-content\/uploads\/2015\/11\/PrimaCover1_logo_content_categorie_1-1.jpg\"><img loading=\"lazy\" decoding=\"async\" width=\"601\" height=\"399\" src=\"https:\/\/primaverde.com\/wp-content\/uploads\/2015\/11\/PrimaCover1_logo_content_categorie_1-1.jpg\" alt=\"PrimaCover Absorb - afdekvlies onderhoud techniek bescherming oplosmiddel olie ondergrond\" data-id=\"2079\" data-link=\"https:\/\/primaverde.com\/primacover1_logo_content_categorie_1\/\" class=\"wp-image-2079\" srcset=\"https:\/\/primaverde.com\/wp-content\/uploads\/2015\/11\/PrimaCover1_logo_content_categorie_1-1.jpg 601w, https:\/\/primaverde.com\/wp-content\/uploads\/2015\/11\/PrimaCover1_logo_content_categorie_1-1-300x199.jpg 300w, https:\/\/primaverde.com\/wp-content\/uploads\/2015\/11\/PrimaCover1_logo_content_categorie_1-1-600x398.jpg 600w, https:\/\/primaverde.com\/wp-content\/uploads\/2015\/11\/PrimaCover1_logo_content_categorie_1-1-31x21.jpg 31w, https:\/\/primaverde.com\/wp-content\/uploads\/2015\/11\/PrimaCover1_logo_content_categorie_1-1-272x182.jpg 272w\" sizes=\"auto, (max-width: 601px) 100vw, 601px\" \/><\/a><\/figure><\/li><\/ul><\/figure>\n<\/div>\n\n\n\n<div class=\"wp-block-column is-layout-flow wp-block-column-is-layout-flow\">\n<p>Primaverde liefert Spitzenmarken. Eine Premiummarke entwickelt sich jedoch nicht automatisch. Dies erfordert Sorgfalt, Aufmerksamkeit, Marktkenntnis und eine \u00e4u\u00dferst kundenorientierte Haltung. Neben exzellenter und bew\u00e4hrter Qualit\u00e4t ben\u00f6tigen Wiederverk\u00e4ufer und Endkunden auch exzellenten Support. <\/p>\n\n\n\n<h2 class=\"wp-block-heading\">Unterst\u00fctzung f\u00fcr Wiederverk\u00e4ufer<\/h2>\n\n\n\n<p>Sind Sie Wiederverk\u00e4ufer unserer Produkte? Primaverde bietet Resellern umfassenden technischen und kommerziellen Support. Als Verkaufsstelle unserer Produkte sind Sie daher nie alleine.<\/p>\n\n\n\n<h3 class=\"wp-block-heading\">Technischer Support<\/h3>\n\n\n\n<p>Technische Produkte verdienen die richtige technische Unterst\u00fctzung. Unsere <a href=\"https:\/\/primaverde.com\/de\/kontakt\/\">Berater <\/a>bieten daher Produktschulungen an und beraten Sie bei der richtigen Anwendung von PrimaCover-Abdeckmaterialien und Staubschutzt\u00fcren in bestimmten Situationen. Aus diesem Grund sind sie auch regelm\u00e4\u00dfig bei Bauunternehmern, Veredlungsunternehmen und bei Bauprojekten anzutreffen. Es handelt sich h\u00e4ufig um einen Doppelbesuch, bei dem einer unserer Berater mit Ihrem Account Manager zusammenarbeitet.<\/p>\n\n\n\n<h3 class=\"wp-block-heading\">Kaufm\u00e4nnischer Support<\/h3>\n\n\n\n<p>Primaverde bietet kaufm\u00e4nnischen Support auf verschiedene Arten an. Das Ziel ist: ein guter Name bei Ihren Kunden und bei den Anwendern unserer Produkte. Unser Sortiment wird in der Werkstatt durch Displays und Verkaufsregale unterst\u00fctzt. Dar\u00fcber hinaus zeichnet sich unser Marktansatz durch erkennbare Verpackungen, informative Websites, Faltbl\u00e4tter, einen sorgf\u00e4ltigen Medienansatz und die Teilnahme an Messen aus.<\/p>\n\n\n\n<h3 class=\"wp-block-heading\">Digital<\/h3>\n\n\n\n<p>F\u00fcr die Promotion unserer Marken stellen wir unseren Resellern verschiedene <a href=\"https:\/\/primaverde.com\/de\/downloads\/\">Kommunikationsmittel <\/a>zur Verf\u00fcgung. Betrachten Sie Produktbilder, Werbevideos und Layoutdateien. Weiters profitieren Wiederverk\u00e4ufer und Gro\u00dfh\u00e4ndler vom automatisierten Austausch von  elektronischen Rechnungen \u00fcber UBL.<\/p>\n\n\n\n<h2 class=\"wp-block-heading\">Eigenmarke<\/h2>\n\n\n\n<p>Erkundigen Sie sich auch nach den Optionen f\u00fcr Ihr eigenes Etikett oder Ihren Druck. Ihr Primaverde-Berater informiert Sie \u00fcber die Optionen und die Mindestbestellmenge.<\/p>\n\n\n\n<h2 class=\"wp-block-heading\">Weitere Informationen<\/h2>\n\n\n\n<p>Unsere Produkte sind in Baum\u00e4rkten, professionellen Baum\u00e4rkten und Malerh\u00e4ndlern erh\u00e4ltlich. Wenden Sie sich an Primaverde, wenn Sie mehr \u00fcber unsere Marken und unseren Marktansatz erfahren m\u00f6chten. Wir helfen Ihnen gerne weiter. Z\u00f6gern Sie nicht und <a href=\"https:\/\/primaverde.com\/de\/kontakt\/\">kontaktieren <\/a>Sie uns unverbindlich.<\/p>\n<\/div>\n<\/div>\n\n\n\n<p><\/p>\n","protected":false},"excerpt":{"rendered":"<p>Kaufm\u00e4nnischer und technischer Support Die Zuverl\u00e4ssigkeit eines hervorragenden technische und kaufm\u00e4nnische Unterst\u00fctzung durch Primaverde Primaverde liefert Spitzenmarken. Eine Premiummarke entwickelt &#8230; <a title=\"Unterst\u00fctzung\" class=\"read-more\" href=\"https:\/\/primaverde.com\/de\/unterstutzung\/\" aria-label=\"Mehr Informationen \u00fcber Unterst\u00fctzung\">Lees verder&#8230;<\/a><\/p>\n","protected":false},"author":7,"featured_media":0,"parent":0,"menu_order":4,"comment_status":"closed","ping_status":"closed","template":"","meta":{"generate_page_header":"","footnotes":""},"class_list":{"0":"post-27365","1":"page","2":"type-page","3":"status-publish","5":"infinite-scroll-item"},"yoast_head":"<!-- This site is optimized with the Yoast SEO Premium plugin v26.8 (Yoast SEO v27.4) - https:\/\/yoast.com\/product\/yoast-seo-premium-wordpress\/ -->\n<title>Technische und kaufm\u00e4nnische Unterst\u00fctzung durch Primaverde<\/title>\n<meta name=\"description\" content=\"Die Zuverl\u00e4ssigkeit eines hervorragenden technische und kaufm\u00e4nnische Unterst\u00fctzung durch Primaverde. Produktschulungen, Displays, Verkaufsregale und Medien\" \/>\n<meta name=\"robots\" content=\"index, follow, max-snippet:-1, max-image-preview:large, max-video-preview:-1\" \/>\n<link rel=\"canonical\" href=\"https:\/\/primaverde.com\/de\/unterstutzung\/\" \/>\n<meta property=\"og:locale\" content=\"de_DE\" \/>\n<meta property=\"og:type\" content=\"article\" \/>\n<meta property=\"og:title\" content=\"Unterst\u00fctzung\" \/>\n<meta property=\"og:description\" content=\"Die Zuverl\u00e4ssigkeit eines hervorragenden technische und kaufm\u00e4nnische Unterst\u00fctzung durch Primaverde. Produktschulungen, Displays, Verkaufsregale und Medien\" \/>\n<meta property=\"og:url\" content=\"https:\/\/primaverde.com\/de\/unterstutzung\/\" \/>\n<meta property=\"og:site_name\" content=\"Primaverde\" \/>\n<meta property=\"article:publisher\" content=\"https:\/\/www.facebook.com\/PrimaverdeBV\/\" \/>\n<meta property=\"article:modified_time\" content=\"2019-11-28T16:38:52+00:00\" \/>\n<meta property=\"og:image\" content=\"https:\/\/primaverde.com\/wp-content\/uploads\/2015\/11\/PrimaCover0_logo_content_categorie_1-1.jpg\" \/>\n<meta name=\"twitter:card\" content=\"summary_large_image\" \/>\n<meta name=\"twitter:site\" content=\"@PrimaverdeBV\" \/>\n<meta name=\"twitter:label1\" content=\"Gesch\u00e4tzte Lesezeit\" \/>\n\t<meta name=\"twitter:data1\" content=\"2\u00a0Minuten\" \/>\n<script type=\"application\/ld+json\" class=\"yoast-schema-graph\">{\"@context\":\"https:\\\/\\\/schema.org\",\"@graph\":[{\"@type\":\"WebPage\",\"@id\":\"https:\\\/\\\/primaverde.com\\\/de\\\/unterstutzung\\\/\",\"url\":\"https:\\\/\\\/primaverde.com\\\/de\\\/unterstutzung\\\/\",\"name\":\"Technische und kaufm\u00e4nnische Unterst\u00fctzung durch Primaverde\",\"isPartOf\":{\"@id\":\"https:\\\/\\\/primaverde.com\\\/de\\\/#website\"},\"primaryImageOfPage\":{\"@id\":\"https:\\\/\\\/primaverde.com\\\/de\\\/unterstutzung\\\/#primaryimage\"},\"image\":{\"@id\":\"https:\\\/\\\/primaverde.com\\\/de\\\/unterstutzung\\\/#primaryimage\"},\"thumbnailUrl\":\"https:\\\/\\\/primaverde.com\\\/wp-content\\\/uploads\\\/2015\\\/11\\\/PrimaCover0_logo_content_categorie_1-1.jpg\",\"datePublished\":\"2019-06-13T09:53:19+00:00\",\"dateModified\":\"2019-11-28T16:38:52+00:00\",\"description\":\"Die Zuverl\u00e4ssigkeit eines hervorragenden technische und kaufm\u00e4nnische Unterst\u00fctzung durch Primaverde. Produktschulungen, Displays, Verkaufsregale und Medien\",\"breadcrumb\":{\"@id\":\"https:\\\/\\\/primaverde.com\\\/de\\\/unterstutzung\\\/#breadcrumb\"},\"inLanguage\":\"de\",\"potentialAction\":[{\"@type\":\"ReadAction\",\"target\":[\"https:\\\/\\\/primaverde.com\\\/de\\\/unterstutzung\\\/\"]}]},{\"@type\":\"ImageObject\",\"inLanguage\":\"de\",\"@id\":\"https:\\\/\\\/primaverde.com\\\/de\\\/unterstutzung\\\/#primaryimage\",\"url\":\"https:\\\/\\\/primaverde.com\\\/wp-content\\\/uploads\\\/2015\\\/11\\\/PrimaCover0_logo_content_categorie_1-1.jpg\",\"contentUrl\":\"https:\\\/\\\/primaverde.com\\\/wp-content\\\/uploads\\\/2015\\\/11\\\/PrimaCover0_logo_content_categorie_1-1.jpg\"},{\"@type\":\"BreadcrumbList\",\"@id\":\"https:\\\/\\\/primaverde.com\\\/de\\\/unterstutzung\\\/#breadcrumb\",\"itemListElement\":[{\"@type\":\"ListItem\",\"position\":1,\"name\":\"Home\",\"item\":\"https:\\\/\\\/primaverde.com\\\/de\\\/\"},{\"@type\":\"ListItem\",\"position\":2,\"name\":\"Unterst\u00fctzung\"}]},{\"@type\":\"WebSite\",\"@id\":\"https:\\\/\\\/primaverde.com\\\/de\\\/#website\",\"url\":\"https:\\\/\\\/primaverde.com\\\/de\\\/\",\"name\":\"Primaverde\",\"description\":\"Covering material, protection, tapes, Beschermende materialen\",\"publisher\":{\"@id\":\"https:\\\/\\\/primaverde.com\\\/de\\\/#organization\"},\"potentialAction\":[{\"@type\":\"SearchAction\",\"target\":{\"@type\":\"EntryPoint\",\"urlTemplate\":\"https:\\\/\\\/primaverde.com\\\/de\\\/?s={search_term_string}\"},\"query-input\":{\"@type\":\"PropertyValueSpecification\",\"valueRequired\":true,\"valueName\":\"search_term_string\"}}],\"inLanguage\":\"de\"},{\"@type\":\"Organization\",\"@id\":\"https:\\\/\\\/primaverde.com\\\/de\\\/#organization\",\"name\":\"Primaverde B.V.\",\"url\":\"https:\\\/\\\/primaverde.com\\\/de\\\/\",\"logo\":{\"@type\":\"ImageObject\",\"inLanguage\":\"de\",\"@id\":\"https:\\\/\\\/primaverde.com\\\/de\\\/#\\\/schema\\\/logo\\\/image\\\/\",\"url\":\"https:\\\/\\\/primaverde.com\\\/wp-content\\\/uploads\\\/2015\\\/03\\\/Logo_Primaverde.jpg\",\"contentUrl\":\"https:\\\/\\\/primaverde.com\\\/wp-content\\\/uploads\\\/2015\\\/03\\\/Logo_Primaverde.jpg\",\"width\":1170,\"height\":212,\"caption\":\"Primaverde B.V.\"},\"image\":{\"@id\":\"https:\\\/\\\/primaverde.com\\\/de\\\/#\\\/schema\\\/logo\\\/image\\\/\"},\"sameAs\":[\"https:\\\/\\\/www.facebook.com\\\/PrimaverdeBV\\\/\",\"https:\\\/\\\/x.com\\\/PrimaverdeBV\",\"https:\\\/\\\/nl.linkedin.com\\\/company\\\/primaverde\",\"http:\\\/\\\/www.youtube.com\\\/channel\\\/UC3DwQqj8f8tatLdSFA0aWwA\"]}]}<\/script>\n<!-- \/ Yoast SEO Premium plugin. -->","yoast_head_json":{"title":"Technische und kaufm\u00e4nnische Unterst\u00fctzung durch Primaverde","description":"Die Zuverl\u00e4ssigkeit eines hervorragenden technische und kaufm\u00e4nnische Unterst\u00fctzung durch Primaverde. Produktschulungen, Displays, Verkaufsregale und Medien","robots":{"index":"index","follow":"follow","max-snippet":"max-snippet:-1","max-image-preview":"max-image-preview:large","max-video-preview":"max-video-preview:-1"},"canonical":"https:\/\/primaverde.com\/de\/unterstutzung\/","og_locale":"de_DE","og_type":"article","og_title":"Unterst\u00fctzung","og_description":"Die Zuverl\u00e4ssigkeit eines hervorragenden technische und kaufm\u00e4nnische Unterst\u00fctzung durch Primaverde. Produktschulungen, Displays, Verkaufsregale und Medien","og_url":"https:\/\/primaverde.com\/de\/unterstutzung\/","og_site_name":"Primaverde","article_publisher":"https:\/\/www.facebook.com\/PrimaverdeBV\/","article_modified_time":"2019-11-28T16:38:52+00:00","og_image":[{"url":"https:\/\/primaverde.com\/wp-content\/uploads\/2015\/11\/PrimaCover0_logo_content_categorie_1-1.jpg","type":"","width":"","height":""}],"twitter_card":"summary_large_image","twitter_site":"@PrimaverdeBV","twitter_misc":{"Gesch\u00e4tzte Lesezeit":"2\u00a0Minuten"},"schema":{"@context":"https:\/\/schema.org","@graph":[{"@type":"WebPage","@id":"https:\/\/primaverde.com\/de\/unterstutzung\/","url":"https:\/\/primaverde.com\/de\/unterstutzung\/","name":"Technische und kaufm\u00e4nnische Unterst\u00fctzung durch Primaverde","isPartOf":{"@id":"https:\/\/primaverde.com\/de\/#website"},"primaryImageOfPage":{"@id":"https:\/\/primaverde.com\/de\/unterstutzung\/#primaryimage"},"image":{"@id":"https:\/\/primaverde.com\/de\/unterstutzung\/#primaryimage"},"thumbnailUrl":"https:\/\/primaverde.com\/wp-content\/uploads\/2015\/11\/PrimaCover0_logo_content_categorie_1-1.jpg","datePublished":"2019-06-13T09:53:19+00:00","dateModified":"2019-11-28T16:38:52+00:00","description":"Die Zuverl\u00e4ssigkeit eines hervorragenden technische und kaufm\u00e4nnische Unterst\u00fctzung durch Primaverde. Produktschulungen, Displays, Verkaufsregale und Medien","breadcrumb":{"@id":"https:\/\/primaverde.com\/de\/unterstutzung\/#breadcrumb"},"inLanguage":"de","potentialAction":[{"@type":"ReadAction","target":["https:\/\/primaverde.com\/de\/unterstutzung\/"]}]},{"@type":"ImageObject","inLanguage":"de","@id":"https:\/\/primaverde.com\/de\/unterstutzung\/#primaryimage","url":"https:\/\/primaverde.com\/wp-content\/uploads\/2015\/11\/PrimaCover0_logo_content_categorie_1-1.jpg","contentUrl":"https:\/\/primaverde.com\/wp-content\/uploads\/2015\/11\/PrimaCover0_logo_content_categorie_1-1.jpg"},{"@type":"BreadcrumbList","@id":"https:\/\/primaverde.com\/de\/unterstutzung\/#breadcrumb","itemListElement":[{"@type":"ListItem","position":1,"name":"Home","item":"https:\/\/primaverde.com\/de\/"},{"@type":"ListItem","position":2,"name":"Unterst\u00fctzung"}]},{"@type":"WebSite","@id":"https:\/\/primaverde.com\/de\/#website","url":"https:\/\/primaverde.com\/de\/","name":"Primaverde","description":"Covering material, protection, tapes, Beschermende materialen","publisher":{"@id":"https:\/\/primaverde.com\/de\/#organization"},"potentialAction":[{"@type":"SearchAction","target":{"@type":"EntryPoint","urlTemplate":"https:\/\/primaverde.com\/de\/?s={search_term_string}"},"query-input":{"@type":"PropertyValueSpecification","valueRequired":true,"valueName":"search_term_string"}}],"inLanguage":"de"},{"@type":"Organization","@id":"https:\/\/primaverde.com\/de\/#organization","name":"Primaverde B.V.","url":"https:\/\/primaverde.com\/de\/","logo":{"@type":"ImageObject","inLanguage":"de","@id":"https:\/\/primaverde.com\/de\/#\/schema\/logo\/image\/","url":"https:\/\/primaverde.com\/wp-content\/uploads\/2015\/03\/Logo_Primaverde.jpg","contentUrl":"https:\/\/primaverde.com\/wp-content\/uploads\/2015\/03\/Logo_Primaverde.jpg","width":1170,"height":212,"caption":"Primaverde B.V."},"image":{"@id":"https:\/\/primaverde.com\/de\/#\/schema\/logo\/image\/"},"sameAs":["https:\/\/www.facebook.com\/PrimaverdeBV\/","https:\/\/x.com\/PrimaverdeBV","https:\/\/nl.linkedin.com\/company\/primaverde","http:\/\/www.youtube.com\/channel\/UC3DwQqj8f8tatLdSFA0aWwA"]}]}},"_links":{"self":[{"href":"https:\/\/primaverde.com\/de\/wp-json\/wp\/v2\/pages\/27365","targetHints":{"allow":["GET"]}}],"collection":[{"href":"https:\/\/primaverde.com\/de\/wp-json\/wp\/v2\/pages"}],"about":[{"href":"https:\/\/primaverde.com\/de\/wp-json\/wp\/v2\/types\/page"}],"author":[{"embeddable":true,"href":"https:\/\/primaverde.com\/de\/wp-json\/wp\/v2\/users\/7"}],"replies":[{"embeddable":true,"href":"https:\/\/primaverde.com\/de\/wp-json\/wp\/v2\/comments?post=27365"}],"version-history":[{"count":0,"href":"https:\/\/primaverde.com\/de\/wp-json\/wp\/v2\/pages\/27365\/revisions"}],"wp:attachment":[{"href":"https:\/\/primaverde.com\/de\/wp-json\/wp\/v2\/media?parent=27365"}],"curies":[{"name":"wp","href":"https:\/\/api.w.org\/{rel}","templated":true}]}}