{"id":31792,"date":"2021-12-21T14:23:12","date_gmt":"2021-12-21T13:23:12","guid":{"rendered":"https:\/\/primaverde.com\/duurzaamheid-en-milieu\/"},"modified":"2026-03-17T12:09:11","modified_gmt":"2026-03-17T11:09:11","slug":"nachhaltigkeit-umwelt","status":"publish","type":"page","link":"https:\/\/primaverde.com\/de\/nachhaltigkeit-umwelt\/","title":{"rendered":"Nachhaltigkeit und die Umwelt"},"content":{"rendered":"\n<h1 class=\"wp-block-heading has-text-align-center\" id=\"h-nachhaltigkeit-und-die-umwelt\">Nachhaltigkeit und die Umwelt<\/h1>\n\n\n\n<h2 class=\"wp-block-heading has-text-align-center\" id=\"h-so-tragt-primaverde-zur-forderung-einer-gesunden-welt-bei\">So tr\u00e4gt Primaverde zur F\u00f6rderung einer gesunden Welt bei<\/h2>\n\n\n\n<div class=\"wp-block-columns has-3-columns is-layout-flex wp-container-core-columns-is-layout-9d6595d7 wp-block-columns-is-layout-flex\">\n<div class=\"wp-block-column is-layout-flow wp-block-column-is-layout-flow\">\n<h3 class=\"wp-block-heading\" id=\"h-nachhaltigkeit\">Nachhaltigkeit<\/h3>\n\n\n\n<p><strong>Primaverde BV hat die Nachhaltigkeit als festen Bestandteil in seine Mission und Vision aufgenommen. Jede Entscheidung in unserem Unternehmen wird auf das Prinzip der Nachhaltigkeit gepr\u00fcft. Auf diese Weise m\u00f6chte Primaverde einen Beitrag zu einer ges\u00fcnderen Welt, zur Erhaltung der Umwelt und zum Wohlbefinden der Menschen leisten. Au\u00dferdem halten wir Ausschau nach M\u00f6glichkeiten, unseren \u00f6kologischen Fu\u00dfabdruck weiter zu verringern. Wir erkl\u00e4ren Ihnen gerne, was dies f\u00fcr unsere Gesch\u00e4ftspolitik und unsere Produkte bedeutet.<\/strong><\/p>\n\n\n\n<h3 class=\"wp-block-heading\" id=\"h-schutz-erhaltung\">Schutz = Erhaltung<\/h3>\n\n\n\n<p>Primaverde entwickelt, produziert und liefert Produkte, die Verschmutzungen und Sch\u00e4den minimieren. Dazu geh\u00f6ren Abdeckmaterialien, Klebematten, Staubschutzt\u00fcren und Staubschutzwandsysteme. Diese sch\u00fctzen verschiedene Oberfl\u00e4chen und Bereiche bei Bau-, Renovierungs- und Wartungsarbeiten und vielen anderen Aktivit\u00e4ten. Schutz bedeutet Erhaltung. Indem wir Reparaturen verhindern, sorgen wir daf\u00fcr, dass Rohstoffe nicht unn\u00f6tig der Erde entnommen werden m\u00fcssen.<\/p>\n\n\n\n<h3 class=\"gb-headline gb-headline-5a1843ad gb-headline-text\">Sicherheit = Nachhaltigkeit<\/h3>\n\n\n\n<p>Aus Sicht von Primaverde ist die Sicherheit der Menschen auch ein Zeichen von Nachhaltigkeit. Unsere Produkte und Systeme sind daher so entwickelt, dass sie zur Sicherheit der Menschen beitragen, die mit diesen Produkten arbeiten. So sind die meisten Abdeckmaterialien selbstklebend, so dass keine Rutschgefahr besteht und sie auch sicher auf Treppen verwendet werden k\u00f6nnen. Unsere Abdeckvliesen sind leicht und tragen zur Arbeitssicherheit bei.<\/p>\n\n\n\n<h3 class=\"gb-headline gb-headline-5c78718e gb-headline-text\">Information und Anleitung<\/h3>\n\n\n\n<figure class=\"wp-block-image size-full\"><img loading=\"lazy\" decoding=\"async\" width=\"400\" height=\"138\" src=\"https:\/\/primaverde.com\/wp-content\/uploads\/2022\/01\/Wiederverwendbar_Nachhaltigkeit_Umwelt_RecycleT_PrimaCover_Standard_Abdeckvlies.jpg\" alt=\"Wiederverwendbar Nachhaltigkeit Umwelt Recyclet PrimaCover Standard Abdeckvlies\" class=\"wp-image-31873\" srcset=\"https:\/\/primaverde.com\/wp-content\/uploads\/2022\/01\/Wiederverwendbar_Nachhaltigkeit_Umwelt_RecycleT_PrimaCover_Standard_Abdeckvlies.jpg 400w, https:\/\/primaverde.com\/wp-content\/uploads\/2022\/01\/Wiederverwendbar_Nachhaltigkeit_Umwelt_RecycleT_PrimaCover_Standard_Abdeckvlies-300x104.jpg 300w\" sizes=\"auto, (max-width: 400px) 100vw, 400px\" \/><\/figure>\n\n\n\n<p>Um einen optimalen Schutz zu gew\u00e4hrleisten, stellt das Primaverde-Team umfassende Informationen und Anweisungen zur korrekten Verwendung der Produkte bereit. Dazu geh\u00f6rt auch, wie unsere Produkte mehrfach sicher verwendet werden k\u00f6nnen. Unsere Kommunikation findet unter anderem statt durch Verpackungen, Websites, Pressever\u00f6ffentlichungen, soziale Medien, Toolbox-Meetings, Produkt- und Projektberatung sowie Produktinformationsflyer. Wenn m\u00f6glich digital.<\/p>\n<\/div>\n\n\n\n<div class=\"wp-block-column is-layout-flow wp-block-column-is-layout-flow\">\n<h3 class=\"wp-block-heading\" id=\"h-recycelte-rohstoffe\">Recycelte Rohstoffe<\/h3>\n\n\n\n<p>F\u00fcr die Herstellung unserer Produkte verwenden wir recycelte Rohstoffe. Dies entspricht auch unseren Nachhaltigkeitszielen. Beispiele daf\u00fcr sind die recycelten Polyesterfasern in unseren PrimaCover Abdeckvliesen und der recycelte Karton f\u00fcr unsere Ram Board-Produkte. Restmaterialien, die w\u00e4hrend des Produktionsprozesses anfallen, werden gesammelt und wieder zu Rohstoffen verarbeitet.<\/p>\n\n\n\n<h3 class=\"wp-block-heading\">Wiederverwendbar und recycelbar<\/h3>\n\n\n\n<p>Im Prinzip sind die Produkte von Primaverde BV wiederverwendbar und recycelbar. Dies hat zwei Konsequenzen: Erstens motivieren wir den Markt, unsere Produkte mehr als einmal zu verwenden, und zweitens nehmen wir die Wiederverwendbarkeit von Rohstoffen als Ausgangspunkt f\u00fcr die Produktentwicklung. Die Rohstoffe, aus denen unsere Produkte hergestellt werden, werden aufgrund ihrer Wiederverwendbarkeit und Kreislauff\u00e4higkeit ausgew\u00e4hlt. Produkte, die aus mehreren Teilen bestehen, k\u00f6nnen demontiert und separat zur Abfallsammlung angeboten werden. Wo m\u00f6glich, h\u00e4lt Primaverde BV Ausschau nach weiteren M\u00f6glichkeiten der Wiederverwendbarkeit und Wiederverwertbarkeit.<\/p>\n\n\n\n<h3 class=\"gb-headline gb-headline-d5691a1c gb-headline-text\">Den Firmenhauptsitz nachhaltiger gestalten<\/h3>\n\n\n\n<p>Unseren Hauptsitz in Waalwijk nachhaltiger zu gestalten, verl\u00e4uft nach Plan. Umweltschutzma\u00dfnahmen wie hocheffiziente Verglasung, Isolierung und LED-Beleuchtung wurden bereits ergriffen. Der Strom f\u00fcr unseren Hauptsitz wird gr\u00f6\u00dftenteils durch Solarpanele geliefert. Unsere Aussendienstmitarbeiter wohnen in ihrem Arbeitsgebiet oder so nahe wie m\u00f6glich. Pro Liter zahlt Primaverde einen Betrag in ein Programm zur CO2-Kompensation ein. Diese Mittel werden zur Finanzierung von Nachhaltigkeitsprojekten im In- und Ausland verwendet.<\/p>\n\n\n\n<h3 class=\"wp-block-heading\" id=\"h-nachhaltige-herstellungsprozesse\">Nachhaltige Herstellungsprozesse<\/h3>\n\n\n\n<p>Auch unsere Herstellungsprozesse wurden so nachhaltig wie m\u00f6glich gestaltet. Daf\u00fcr wurden an den Produktionsstandorten verschiedene Ma\u00dfnahmen ergriffen, um die Emissionen und den Energieverbrauch deutlich zu senken. Der Strom f\u00fcr die Produktion kommt von Solarpanelen. LED-Beleuchtung und die Verwendung von umweltfreundlichem Erdgas verringern unseren CO2-Fu\u00dfabdruck noch weiter. Bei der Auswahl neuer Produktionslinien ist die Nachhaltigkeit eines der wichtigsten Auswahlkriterien. Struktur und Produktionsverfahren unserer Produkte sind so optimiert, dass f\u00fcr ihre Herstellung so wenig Rohstoffe wie m\u00f6glich ben\u00f6tigt werden.<\/p>\n<\/div>\n\n\n\n<div class=\"wp-block-column is-layout-flow wp-block-column-is-layout-flow\">\n<figure class=\"wp-block-image size-large\"><img loading=\"lazy\" decoding=\"async\" width=\"1200\" height=\"798\" src=\"https:\/\/primaverde.com\/wp-content\/uploads\/2021\/12\/PrimaCover6_logo_content_categorie_2-1200x798.jpg\" alt=\"PrimaCover Abdeckvlies selbstklebend wiederverwendbarer dauerhafter Schutz Treppenboden Beton\" class=\"wp-image-31232\" srcset=\"https:\/\/primaverde.com\/wp-content\/uploads\/2021\/12\/PrimaCover6_logo_content_categorie_2-1200x798.jpg 1200w, https:\/\/primaverde.com\/wp-content\/uploads\/2021\/12\/PrimaCover6_logo_content_categorie_2-600x399.jpg 600w, https:\/\/primaverde.com\/wp-content\/uploads\/2021\/12\/PrimaCover6_logo_content_categorie_2-300x200.jpg 300w, https:\/\/primaverde.com\/wp-content\/uploads\/2021\/12\/PrimaCover6_logo_content_categorie_2-768x511.jpg 768w, https:\/\/primaverde.com\/wp-content\/uploads\/2021\/12\/PrimaCover6_logo_content_categorie_2-1536x1022.jpg 1536w, https:\/\/primaverde.com\/wp-content\/uploads\/2021\/12\/PrimaCover6_logo_content_categorie_2-2048x1362.jpg 2048w\" sizes=\"auto, (max-width: 1200px) 100vw, 1200px\" \/><\/figure>\n\n\n\n<figure class=\"wp-block-image size-full\"><img loading=\"lazy\" decoding=\"async\" width=\"2560\" height=\"1703\" src=\"https:\/\/primaverde.com\/wp-content\/uploads\/2026\/03\/PV-site-1-1-scaled.png\" alt=\"\" class=\"wp-image-46129\" srcset=\"https:\/\/primaverde.com\/wp-content\/uploads\/2026\/03\/PV-site-1-1-scaled.png 2560w, https:\/\/primaverde.com\/wp-content\/uploads\/2026\/03\/PV-site-1-1-300x200.png 300w, https:\/\/primaverde.com\/wp-content\/uploads\/2026\/03\/PV-site-1-1-1200x798.png 1200w, https:\/\/primaverde.com\/wp-content\/uploads\/2026\/03\/PV-site-1-1-768x511.png 768w, https:\/\/primaverde.com\/wp-content\/uploads\/2026\/03\/PV-site-1-1-1536x1022.png 1536w, https:\/\/primaverde.com\/wp-content\/uploads\/2026\/03\/PV-site-1-1-2048x1362.png 2048w, https:\/\/primaverde.com\/wp-content\/uploads\/2026\/03\/PV-site-1-1-600x399.png 600w\" sizes=\"auto, (max-width: 2560px) 100vw, 2560px\" \/><\/figure>\n\n\n\n<figure class=\"wp-block-image size-full\"><img loading=\"lazy\" decoding=\"async\" width=\"2560\" height=\"1703\" src=\"https:\/\/primaverde.com\/wp-content\/uploads\/2026\/03\/PV-site-2-1-scaled.png\" alt=\"\" class=\"wp-image-46130\" srcset=\"https:\/\/primaverde.com\/wp-content\/uploads\/2026\/03\/PV-site-2-1-scaled.png 2560w, https:\/\/primaverde.com\/wp-content\/uploads\/2026\/03\/PV-site-2-1-300x200.png 300w, https:\/\/primaverde.com\/wp-content\/uploads\/2026\/03\/PV-site-2-1-1200x798.png 1200w, https:\/\/primaverde.com\/wp-content\/uploads\/2026\/03\/PV-site-2-1-768x511.png 768w, https:\/\/primaverde.com\/wp-content\/uploads\/2026\/03\/PV-site-2-1-1536x1022.png 1536w, https:\/\/primaverde.com\/wp-content\/uploads\/2026\/03\/PV-site-2-1-2048x1362.png 2048w, https:\/\/primaverde.com\/wp-content\/uploads\/2026\/03\/PV-site-2-1-600x399.png 600w\" sizes=\"auto, (max-width: 2560px) 100vw, 2560px\" \/><\/figure>\n\n\n\n<figure class=\"wp-block-image size-full is-resized\"><img loading=\"lazy\" decoding=\"async\" width=\"2560\" height=\"1703\" src=\"https:\/\/primaverde.com\/wp-content\/uploads\/2026\/03\/PV-site-3-1-scaled.png\" alt=\"\" class=\"wp-image-46131\" style=\"width:400px;height:299px\" srcset=\"https:\/\/primaverde.com\/wp-content\/uploads\/2026\/03\/PV-site-3-1-scaled.png 2560w, https:\/\/primaverde.com\/wp-content\/uploads\/2026\/03\/PV-site-3-1-300x200.png 300w, https:\/\/primaverde.com\/wp-content\/uploads\/2026\/03\/PV-site-3-1-1200x798.png 1200w, https:\/\/primaverde.com\/wp-content\/uploads\/2026\/03\/PV-site-3-1-768x511.png 768w, https:\/\/primaverde.com\/wp-content\/uploads\/2026\/03\/PV-site-3-1-1536x1022.png 1536w, https:\/\/primaverde.com\/wp-content\/uploads\/2026\/03\/PV-site-3-1-2048x1362.png 2048w, https:\/\/primaverde.com\/wp-content\/uploads\/2026\/03\/PV-site-3-1-600x399.png 600w\" sizes=\"auto, (max-width: 2560px) 100vw, 2560px\" \/><\/figure>\n\n\n\n<p><\/p>\n<\/div>\n<\/div>\n\n\n\n<hr class=\"wp-block-separator has-text-color has-css-opacity has-background\" style=\"background-color:#fc0004;color:#fc0004\"\/>\n\n\n\n<h3 class=\"gb-headline gb-headline-ab0aa5f8 gb-headline-text\">Wie lange werden die Nachhaltigkeitsma\u00dfnahmen ben\u00f6tigt?<\/h3>\n\n\n\n<p>Wann wird Primaverde alle erforderlichen Nachhaltigkeitsma\u00dfnahmen ergriffen haben? Wir erwarten nicht, dass es einen Moment gibt, an dem wir uns bequem zur\u00fccklehnen k\u00f6nnen. Schlie\u00dflich ist das Erreichen der globalen Klimaziele eine st\u00e4ndige Herausforderung. So werden weltweit st\u00e4ndig neue Technologien entwickelt, die zur Nachhaltigkeit beitragen. Jeden Tag gehen wir einen Schritt weiter. Primaverde h\u00f6rt auch nach dem heutigen Tag nicht auf zu investieren und seine Produkte und Prozesse zu optimieren. Nachhaltigkeit bleibt daher Teil unseres Ziels und unserer Vision. Primaverde bringt weiterhin Produkte auf den Markt, die Geb\u00e4ude und Oberfl\u00e4chen sch\u00fctzen. Dadurch wird der Reparaturaufwand reduziert und die Menge der Produkte, die aus der Erde gewonnen werden m\u00fcssen, minimiert. In allen Bereichen achten wir weiterhin auf M\u00f6glichkeiten, die unserer Umwelt zu Gute kommen.<\/p>\n\n\n\n<h3 class=\"gb-headline gb-headline-407a8cb9 gb-headline-text\">Haben Sie weitere Fragen zur Nachhaltigkeit?<\/h3>\n\n\n\n<p>Haben Sie weitere Fragen an Primaverde zum Thema Nachhaltigkeit? Sie k\u00f6nnen uns gerne eine <a href=\"mailto:info@primaverde.com\">Nachricht <\/a>schicken. Oder gehen Sie auf die <a href=\"https:\/\/primaverde.com\/de\/kontakt\/\">Kontaktseite<\/a>.<\/p>\n\n\n\n<hr class=\"wp-block-separator has-text-color has-css-opacity has-background\" style=\"background-color:#fc0004;color:#fc0004\"\/>\n","protected":false},"excerpt":{"rendered":"<p>Nachhaltigkeit und die Umwelt So tr\u00e4gt Primaverde zur F\u00f6rderung einer gesunden Welt bei Nachhaltigkeit Primaverde BV hat die Nachhaltigkeit als &#8230; <a title=\"Nachhaltigkeit und die Umwelt\" class=\"read-more\" href=\"https:\/\/primaverde.com\/de\/nachhaltigkeit-umwelt\/\" aria-label=\"Mehr Informationen \u00fcber Nachhaltigkeit und die Umwelt\">Lees verder&#8230;<\/a><\/p>\n","protected":false},"author":7,"featured_media":0,"parent":0,"menu_order":10,"comment_status":"open","ping_status":"closed","template":"","meta":{"generate_page_header":"","footnotes":""},"class_list":{"0":"post-31792","1":"page","2":"type-page","3":"status-publish","5":"infinite-scroll-item"},"yoast_head":"<!-- This site is optimized with the Yoast SEO Premium plugin v26.8 (Yoast SEO v27.5) - https:\/\/yoast.com\/product\/yoast-seo-premium-wordpress\/ -->\n<title>Nachhaltigkeit, Umwelt, Schutz , wiederverwendbar<\/title>\n<meta name=\"description\" content=\"Primaverde B.V. m\u00f6chte einen Beitrag zu einer ges\u00fcnderen Welt, zur Erhaltung der Umwelt und zum Wohlbefinden der Menschen leisten.\" \/>\n<meta name=\"robots\" content=\"index, follow, max-snippet:-1, max-image-preview:large, max-video-preview:-1\" \/>\n<link rel=\"canonical\" href=\"https:\/\/primaverde.com\/de\/nachhaltigkeit-umwelt\/\" \/>\n<meta property=\"og:locale\" content=\"de_DE\" \/>\n<meta property=\"og:type\" content=\"article\" \/>\n<meta property=\"og:title\" content=\"Nachhaltigkeit und die Umwelt\" \/>\n<meta property=\"og:description\" content=\"Primaverde B.V. m\u00f6chte einen Beitrag zu einer ges\u00fcnderen Welt, zur Erhaltung der Umwelt und zum Wohlbefinden der Menschen leisten.\" \/>\n<meta property=\"og:url\" content=\"https:\/\/primaverde.com\/de\/nachhaltigkeit-umwelt\/\" \/>\n<meta property=\"og:site_name\" content=\"Primaverde\" \/>\n<meta property=\"article:publisher\" content=\"https:\/\/www.facebook.com\/PrimaverdeBV\/\" \/>\n<meta property=\"article:modified_time\" content=\"2026-03-17T11:09:11+00:00\" \/>\n<meta property=\"og:image\" content=\"https:\/\/primaverde.com\/wp-content\/uploads\/2022\/01\/Wiederverwendbar_Nachhaltigkeit_Umwelt_RecycleT_PrimaCover_Standard_Abdeckvlies.jpg\" \/>\n\t<meta property=\"og:image:width\" content=\"400\" \/>\n\t<meta property=\"og:image:height\" content=\"138\" \/>\n\t<meta property=\"og:image:type\" content=\"image\/jpeg\" \/>\n<meta name=\"twitter:card\" content=\"summary_large_image\" \/>\n<meta name=\"twitter:site\" content=\"@PrimaverdeBV\" \/>\n<meta name=\"twitter:label1\" content=\"Gesch\u00e4tzte Lesezeit\" \/>\n\t<meta name=\"twitter:data1\" content=\"5\u00a0Minuten\" \/>\n<script type=\"application\/ld+json\" class=\"yoast-schema-graph\">{\"@context\":\"https:\\\/\\\/schema.org\",\"@graph\":[{\"@type\":\"WebPage\",\"@id\":\"https:\\\/\\\/primaverde.com\\\/de\\\/nachhaltigkeit-umwelt\\\/\",\"url\":\"https:\\\/\\\/primaverde.com\\\/de\\\/nachhaltigkeit-umwelt\\\/\",\"name\":\"Nachhaltigkeit, Umwelt, Schutz , wiederverwendbar\",\"isPartOf\":{\"@id\":\"https:\\\/\\\/primaverde.com\\\/de\\\/#website\"},\"primaryImageOfPage\":{\"@id\":\"https:\\\/\\\/primaverde.com\\\/de\\\/nachhaltigkeit-umwelt\\\/#primaryimage\"},\"image\":{\"@id\":\"https:\\\/\\\/primaverde.com\\\/de\\\/nachhaltigkeit-umwelt\\\/#primaryimage\"},\"thumbnailUrl\":\"https:\\\/\\\/primaverde.com\\\/wp-content\\\/uploads\\\/2022\\\/01\\\/Wiederverwendbar_Nachhaltigkeit_Umwelt_RecycleT_PrimaCover_Standard_Abdeckvlies.jpg\",\"datePublished\":\"2021-12-21T13:23:12+00:00\",\"dateModified\":\"2026-03-17T11:09:11+00:00\",\"description\":\"Primaverde B.V. m\u00f6chte einen Beitrag zu einer ges\u00fcnderen Welt, zur Erhaltung der Umwelt und zum Wohlbefinden der Menschen leisten.\",\"breadcrumb\":{\"@id\":\"https:\\\/\\\/primaverde.com\\\/de\\\/nachhaltigkeit-umwelt\\\/#breadcrumb\"},\"inLanguage\":\"de\",\"potentialAction\":[{\"@type\":\"ReadAction\",\"target\":[\"https:\\\/\\\/primaverde.com\\\/de\\\/nachhaltigkeit-umwelt\\\/\"]}]},{\"@type\":\"ImageObject\",\"inLanguage\":\"de\",\"@id\":\"https:\\\/\\\/primaverde.com\\\/de\\\/nachhaltigkeit-umwelt\\\/#primaryimage\",\"url\":\"https:\\\/\\\/primaverde.com\\\/wp-content\\\/uploads\\\/2022\\\/01\\\/Wiederverwendbar_Nachhaltigkeit_Umwelt_RecycleT_PrimaCover_Standard_Abdeckvlies.jpg\",\"contentUrl\":\"https:\\\/\\\/primaverde.com\\\/wp-content\\\/uploads\\\/2022\\\/01\\\/Wiederverwendbar_Nachhaltigkeit_Umwelt_RecycleT_PrimaCover_Standard_Abdeckvlies.jpg\"},{\"@type\":\"BreadcrumbList\",\"@id\":\"https:\\\/\\\/primaverde.com\\\/de\\\/nachhaltigkeit-umwelt\\\/#breadcrumb\",\"itemListElement\":[{\"@type\":\"ListItem\",\"position\":1,\"name\":\"Home\",\"item\":\"https:\\\/\\\/primaverde.com\\\/de\\\/\"},{\"@type\":\"ListItem\",\"position\":2,\"name\":\"Nachhaltigkeit und die Umwelt\"}]},{\"@type\":\"WebSite\",\"@id\":\"https:\\\/\\\/primaverde.com\\\/de\\\/#website\",\"url\":\"https:\\\/\\\/primaverde.com\\\/de\\\/\",\"name\":\"Primaverde\",\"description\":\"Covering material, protection, tapes, Beschermende materialen\",\"publisher\":{\"@id\":\"https:\\\/\\\/primaverde.com\\\/de\\\/#organization\"},\"potentialAction\":[{\"@type\":\"SearchAction\",\"target\":{\"@type\":\"EntryPoint\",\"urlTemplate\":\"https:\\\/\\\/primaverde.com\\\/de\\\/?s={search_term_string}\"},\"query-input\":{\"@type\":\"PropertyValueSpecification\",\"valueRequired\":true,\"valueName\":\"search_term_string\"}}],\"inLanguage\":\"de\"},{\"@type\":\"Organization\",\"@id\":\"https:\\\/\\\/primaverde.com\\\/de\\\/#organization\",\"name\":\"Primaverde B.V.\",\"url\":\"https:\\\/\\\/primaverde.com\\\/de\\\/\",\"logo\":{\"@type\":\"ImageObject\",\"inLanguage\":\"de\",\"@id\":\"https:\\\/\\\/primaverde.com\\\/de\\\/#\\\/schema\\\/logo\\\/image\\\/\",\"url\":\"https:\\\/\\\/primaverde.com\\\/wp-content\\\/uploads\\\/2015\\\/03\\\/Logo_Primaverde.jpg\",\"contentUrl\":\"https:\\\/\\\/primaverde.com\\\/wp-content\\\/uploads\\\/2015\\\/03\\\/Logo_Primaverde.jpg\",\"width\":1170,\"height\":212,\"caption\":\"Primaverde B.V.\"},\"image\":{\"@id\":\"https:\\\/\\\/primaverde.com\\\/de\\\/#\\\/schema\\\/logo\\\/image\\\/\"},\"sameAs\":[\"https:\\\/\\\/www.facebook.com\\\/PrimaverdeBV\\\/\",\"https:\\\/\\\/x.com\\\/PrimaverdeBV\",\"https:\\\/\\\/nl.linkedin.com\\\/company\\\/primaverde\",\"http:\\\/\\\/www.youtube.com\\\/channel\\\/UC3DwQqj8f8tatLdSFA0aWwA\"]}]}<\/script>\n<!-- \/ Yoast SEO Premium plugin. -->","yoast_head_json":{"title":"Nachhaltigkeit, Umwelt, Schutz , wiederverwendbar","description":"Primaverde B.V. m\u00f6chte einen Beitrag zu einer ges\u00fcnderen Welt, zur Erhaltung der Umwelt und zum Wohlbefinden der Menschen leisten.","robots":{"index":"index","follow":"follow","max-snippet":"max-snippet:-1","max-image-preview":"max-image-preview:large","max-video-preview":"max-video-preview:-1"},"canonical":"https:\/\/primaverde.com\/de\/nachhaltigkeit-umwelt\/","og_locale":"de_DE","og_type":"article","og_title":"Nachhaltigkeit und die Umwelt","og_description":"Primaverde B.V. m\u00f6chte einen Beitrag zu einer ges\u00fcnderen Welt, zur Erhaltung der Umwelt und zum Wohlbefinden der Menschen leisten.","og_url":"https:\/\/primaverde.com\/de\/nachhaltigkeit-umwelt\/","og_site_name":"Primaverde","article_publisher":"https:\/\/www.facebook.com\/PrimaverdeBV\/","article_modified_time":"2026-03-17T11:09:11+00:00","og_image":[{"width":400,"height":138,"url":"https:\/\/primaverde.com\/wp-content\/uploads\/2022\/01\/Wiederverwendbar_Nachhaltigkeit_Umwelt_RecycleT_PrimaCover_Standard_Abdeckvlies.jpg","type":"image\/jpeg"}],"twitter_card":"summary_large_image","twitter_site":"@PrimaverdeBV","twitter_misc":{"Gesch\u00e4tzte Lesezeit":"5\u00a0Minuten"},"schema":{"@context":"https:\/\/schema.org","@graph":[{"@type":"WebPage","@id":"https:\/\/primaverde.com\/de\/nachhaltigkeit-umwelt\/","url":"https:\/\/primaverde.com\/de\/nachhaltigkeit-umwelt\/","name":"Nachhaltigkeit, Umwelt, Schutz , wiederverwendbar","isPartOf":{"@id":"https:\/\/primaverde.com\/de\/#website"},"primaryImageOfPage":{"@id":"https:\/\/primaverde.com\/de\/nachhaltigkeit-umwelt\/#primaryimage"},"image":{"@id":"https:\/\/primaverde.com\/de\/nachhaltigkeit-umwelt\/#primaryimage"},"thumbnailUrl":"https:\/\/primaverde.com\/wp-content\/uploads\/2022\/01\/Wiederverwendbar_Nachhaltigkeit_Umwelt_RecycleT_PrimaCover_Standard_Abdeckvlies.jpg","datePublished":"2021-12-21T13:23:12+00:00","dateModified":"2026-03-17T11:09:11+00:00","description":"Primaverde B.V. m\u00f6chte einen Beitrag zu einer ges\u00fcnderen Welt, zur Erhaltung der Umwelt und zum Wohlbefinden der Menschen leisten.","breadcrumb":{"@id":"https:\/\/primaverde.com\/de\/nachhaltigkeit-umwelt\/#breadcrumb"},"inLanguage":"de","potentialAction":[{"@type":"ReadAction","target":["https:\/\/primaverde.com\/de\/nachhaltigkeit-umwelt\/"]}]},{"@type":"ImageObject","inLanguage":"de","@id":"https:\/\/primaverde.com\/de\/nachhaltigkeit-umwelt\/#primaryimage","url":"https:\/\/primaverde.com\/wp-content\/uploads\/2022\/01\/Wiederverwendbar_Nachhaltigkeit_Umwelt_RecycleT_PrimaCover_Standard_Abdeckvlies.jpg","contentUrl":"https:\/\/primaverde.com\/wp-content\/uploads\/2022\/01\/Wiederverwendbar_Nachhaltigkeit_Umwelt_RecycleT_PrimaCover_Standard_Abdeckvlies.jpg"},{"@type":"BreadcrumbList","@id":"https:\/\/primaverde.com\/de\/nachhaltigkeit-umwelt\/#breadcrumb","itemListElement":[{"@type":"ListItem","position":1,"name":"Home","item":"https:\/\/primaverde.com\/de\/"},{"@type":"ListItem","position":2,"name":"Nachhaltigkeit und die Umwelt"}]},{"@type":"WebSite","@id":"https:\/\/primaverde.com\/de\/#website","url":"https:\/\/primaverde.com\/de\/","name":"Primaverde","description":"Covering material, protection, tapes, Beschermende materialen","publisher":{"@id":"https:\/\/primaverde.com\/de\/#organization"},"potentialAction":[{"@type":"SearchAction","target":{"@type":"EntryPoint","urlTemplate":"https:\/\/primaverde.com\/de\/?s={search_term_string}"},"query-input":{"@type":"PropertyValueSpecification","valueRequired":true,"valueName":"search_term_string"}}],"inLanguage":"de"},{"@type":"Organization","@id":"https:\/\/primaverde.com\/de\/#organization","name":"Primaverde B.V.","url":"https:\/\/primaverde.com\/de\/","logo":{"@type":"ImageObject","inLanguage":"de","@id":"https:\/\/primaverde.com\/de\/#\/schema\/logo\/image\/","url":"https:\/\/primaverde.com\/wp-content\/uploads\/2015\/03\/Logo_Primaverde.jpg","contentUrl":"https:\/\/primaverde.com\/wp-content\/uploads\/2015\/03\/Logo_Primaverde.jpg","width":1170,"height":212,"caption":"Primaverde B.V."},"image":{"@id":"https:\/\/primaverde.com\/de\/#\/schema\/logo\/image\/"},"sameAs":["https:\/\/www.facebook.com\/PrimaverdeBV\/","https:\/\/x.com\/PrimaverdeBV","https:\/\/nl.linkedin.com\/company\/primaverde","http:\/\/www.youtube.com\/channel\/UC3DwQqj8f8tatLdSFA0aWwA"]}]}},"_links":{"self":[{"href":"https:\/\/primaverde.com\/de\/wp-json\/wp\/v2\/pages\/31792","targetHints":{"allow":["GET"]}}],"collection":[{"href":"https:\/\/primaverde.com\/de\/wp-json\/wp\/v2\/pages"}],"about":[{"href":"https:\/\/primaverde.com\/de\/wp-json\/wp\/v2\/types\/page"}],"author":[{"embeddable":true,"href":"https:\/\/primaverde.com\/de\/wp-json\/wp\/v2\/users\/7"}],"replies":[{"embeddable":true,"href":"https:\/\/primaverde.com\/de\/wp-json\/wp\/v2\/comments?post=31792"}],"version-history":[{"count":1,"href":"https:\/\/primaverde.com\/de\/wp-json\/wp\/v2\/pages\/31792\/revisions"}],"predecessor-version":[{"id":46132,"href":"https:\/\/primaverde.com\/de\/wp-json\/wp\/v2\/pages\/31792\/revisions\/46132"}],"wp:attachment":[{"href":"https:\/\/primaverde.com\/de\/wp-json\/wp\/v2\/media?parent=31792"}],"curies":[{"name":"wp","href":"https:\/\/api.w.org\/{rel}","templated":true}]}}