{"id":5531,"date":"2019-01-08T20:31:20","date_gmt":"2019-01-08T19:31:20","guid":{"rendered":"https:\/\/primaverde.com\/?page_id=5531"},"modified":"2019-11-28T15:03:11","modified_gmt":"2019-11-28T14:03:11","slug":"curtain-wall","status":"publish","type":"page","link":"https:\/\/primaverde.com\/de\/curtain-wall\/","title":{"rendered":"Curtain-Wall"},"content":{"rendered":"\n<h1 class=\"has-text-align-center wp-block-heading\">Curtain-Wall Staubschutz-System<\/h1>\n\n\n\n<h2 class=\"has-text-align-center wp-block-heading\"> Curtain-Wall erf\u00fcllt m\u00fchelos die gesetzlichen Feinstaub-Vorschriften <\/h2>\n\n\n\n<div class=\"wp-block-columns has-2-columns is-layout-flex wp-container-core-columns-is-layout-9d6595d7 wp-block-columns-is-layout-flex\">\n<div class=\"wp-block-column is-layout-flow wp-block-column-is-layout-flow\">\n<figure class=\"wp-block-gallery columns-2 is-cropped aligncenter wp-block-gallery-1 is-layout-flex wp-block-gallery-is-layout-flex\"><ul class=\"blocks-gallery-grid\"><li class=\"blocks-gallery-item\"><figure><a href=\"https:\/\/primaverde.com\/wp-content\/uploads\/2015\/03\/Curtain-Wall15_logo_content_categorie.jpg\"><img loading=\"lazy\" decoding=\"async\" width=\"600\" height=\"399\" src=\"https:\/\/primaverde.com\/wp-content\/uploads\/2015\/03\/Curtain-Wall15_logo_content_categorie.jpg\" alt=\"Primaverde Curtain-Wall\" data-id=\"360\" data-link=\"https:\/\/primaverde.com\/primaverde-4\/attachment\/curtain-wall15_logo_content_categorie\/#main\" class=\"wp-image-24303\" srcset=\"https:\/\/primaverde.com\/wp-content\/uploads\/2015\/03\/Curtain-Wall15_logo_content_categorie.jpg 600w, https:\/\/primaverde.com\/wp-content\/uploads\/2015\/03\/Curtain-Wall15_logo_content_categorie-300x200.jpg 300w, https:\/\/primaverde.com\/wp-content\/uploads\/2015\/03\/Curtain-Wall15_logo_content_categorie-272x182.jpg 272w\" sizes=\"auto, (max-width: 600px) 100vw, 600px\" \/><\/a><\/figure><\/li><li class=\"blocks-gallery-item\"><figure><a href=\"https:\/\/primaverde.com\/wp-content\/uploads\/2015\/03\/Curtain-Wall14_logo_content_categorie.jpg\"><img loading=\"lazy\" decoding=\"async\" width=\"600\" height=\"399\" src=\"https:\/\/primaverde.com\/wp-content\/uploads\/2015\/03\/Curtain-Wall14_logo_content_categorie.jpg\" alt=\"Primaverde Curtain-Wall\" data-id=\"359\" data-link=\"https:\/\/primaverde.com\/primaverde-4\/attachment\/curtain-wall14_logo_content_categorie\/#main\" class=\"wp-image-24302\" srcset=\"https:\/\/primaverde.com\/wp-content\/uploads\/2015\/03\/Curtain-Wall14_logo_content_categorie.jpg 600w, https:\/\/primaverde.com\/wp-content\/uploads\/2015\/03\/Curtain-Wall14_logo_content_categorie-300x200.jpg 300w, https:\/\/primaverde.com\/wp-content\/uploads\/2015\/03\/Curtain-Wall14_logo_content_categorie-272x182.jpg 272w\" sizes=\"auto, (max-width: 600px) 100vw, 600px\" \/><\/a><\/figure><\/li><li class=\"blocks-gallery-item\"><figure><a href=\"https:\/\/primaverde.com\/wp-content\/uploads\/2015\/03\/Curtain-Wall13_logo_content_categorie.jpg\"><img loading=\"lazy\" decoding=\"async\" width=\"600\" height=\"399\" src=\"https:\/\/primaverde.com\/wp-content\/uploads\/2015\/03\/Curtain-Wall13_logo_content_categorie.jpg\" alt=\"Curtain-Wall\" data-id=\"358\" data-link=\"https:\/\/primaverde.com\/primaverde-4\/attachment\/curtain-wall13_logo_content_categorie\/#main\" class=\"wp-image-24301\" srcset=\"https:\/\/primaverde.com\/wp-content\/uploads\/2015\/03\/Curtain-Wall13_logo_content_categorie.jpg 600w, https:\/\/primaverde.com\/wp-content\/uploads\/2015\/03\/Curtain-Wall13_logo_content_categorie-300x200.jpg 300w, https:\/\/primaverde.com\/wp-content\/uploads\/2015\/03\/Curtain-Wall13_logo_content_categorie-272x182.jpg 272w\" sizes=\"auto, (max-width: 600px) 100vw, 600px\" \/><\/a><\/figure><\/li><li class=\"blocks-gallery-item\"><figure><a href=\"https:\/\/primaverde.com\/wp-content\/uploads\/2015\/03\/Curtain-Wall10_logo_content_categorie.jpg\"><img loading=\"lazy\" decoding=\"async\" width=\"600\" height=\"399\" src=\"https:\/\/primaverde.com\/wp-content\/uploads\/2015\/03\/Curtain-Wall10_logo_content_categorie.jpg\" alt=\"Primaverde Curtain-Wall\" data-id=\"355\" data-link=\"https:\/\/primaverde.com\/primaverde-4\/attachment\/curtain-wall10_logo_content_categorie\/#main\" class=\"wp-image-24300\" srcset=\"https:\/\/primaverde.com\/wp-content\/uploads\/2015\/03\/Curtain-Wall10_logo_content_categorie.jpg 600w, https:\/\/primaverde.com\/wp-content\/uploads\/2015\/03\/Curtain-Wall10_logo_content_categorie-300x200.jpg 300w, https:\/\/primaverde.com\/wp-content\/uploads\/2015\/03\/Curtain-Wall10_logo_content_categorie-272x182.jpg 272w\" sizes=\"auto, (max-width: 600px) 100vw, 600px\" \/><\/a><\/figure><\/li><li class=\"blocks-gallery-item\"><figure><a href=\"https:\/\/primaverde.com\/wp-content\/uploads\/2015\/03\/Curtain-Wall6_logo_content_categorie.jpg\"><img loading=\"lazy\" decoding=\"async\" width=\"600\" height=\"399\" src=\"https:\/\/primaverde.com\/wp-content\/uploads\/2015\/03\/Curtain-Wall6_logo_content_categorie.jpg\" alt=\"Primaverde Curtain-Wall\" data-id=\"351\" data-link=\"https:\/\/primaverde.com\/primaverde-4\/attachment\/curtain-wall6_logo_content_categorie\/#main\" class=\"wp-image-24299\" srcset=\"https:\/\/primaverde.com\/wp-content\/uploads\/2015\/03\/Curtain-Wall6_logo_content_categorie.jpg 600w, https:\/\/primaverde.com\/wp-content\/uploads\/2015\/03\/Curtain-Wall6_logo_content_categorie-300x200.jpg 300w, https:\/\/primaverde.com\/wp-content\/uploads\/2015\/03\/Curtain-Wall6_logo_content_categorie-272x182.jpg 272w\" sizes=\"auto, (max-width: 600px) 100vw, 600px\" \/><\/a><\/figure><\/li><li class=\"blocks-gallery-item\"><figure><a href=\"https:\/\/primaverde.com\/wp-content\/uploads\/2015\/03\/Curtain-Wall2_logo_content_categorie.jpg\"><img loading=\"lazy\" decoding=\"async\" width=\"600\" height=\"399\" src=\"https:\/\/primaverde.com\/wp-content\/uploads\/2015\/03\/Curtain-Wall2_logo_content_categorie.jpg\" alt=\"Primaverde Curtain-Wall\" data-id=\"348\" data-link=\"https:\/\/primaverde.com\/primaverde-4\/attachment\/curtain-wall2_logo_content_categorie\/#main\" class=\"wp-image-24298\" srcset=\"https:\/\/primaverde.com\/wp-content\/uploads\/2015\/03\/Curtain-Wall2_logo_content_categorie.jpg 600w, https:\/\/primaverde.com\/wp-content\/uploads\/2015\/03\/Curtain-Wall2_logo_content_categorie-300x200.jpg 300w, https:\/\/primaverde.com\/wp-content\/uploads\/2015\/03\/Curtain-Wall2_logo_content_categorie-272x182.jpg 272w\" sizes=\"auto, (max-width: 600px) 100vw, 600px\" \/><\/a><\/figure><\/li><\/ul><\/figure>\n<\/div>\n\n\n\n<div class=\"wp-block-column is-layout-flow wp-block-column-is-layout-flow\">\n<p><strong>Curtain-Wall\n ist  die ideale Staubschutzwand f\u00fcr die Aufteilung von R\u00e4umen. W\u00e4hrend \nauf der einen Seite umgebaut wird, kann auf der anderen Seite das Leben \nganz normal weitergehen.<\/strong><\/p>\n\n\n\n<p>Die Ausstrahlung ist besonders repr\u00e4sentativ; wichtig an Orten, an \ndenen Bel\u00e4stigungen unerw\u00fcnscht sind und wo Bauaktivit\u00e4ten vorzugsweise \nnicht zu sehen sein sollen. Dies ist h\u00e4ufig bei B\u00fcror\u00e4umen, \nKrankenh\u00e4usern, Ladenlokalen, Schulen, Banken, Hotels oder \nWohnbauprojekten der Fall.<\/p>\n\n\n\n<h3 class=\"wp-block-heading\">Curtain-Wall ist schnell aufzustellen<\/h3>\n\n\n\n<p>Curtain-Wall ist die beste Alternative zu provisorischen Trennw\u00e4nden \naus Dachlatten und Baufolien. Nicht nur weil Curtain-Wall immer weiter \nwiederverwendet werden kann, sondern auch weil Curtain-Wall im \nHandumdrehen von einer Person aufzustellen ist. Auch bei einer \nDeckenh\u00f6he von 4 Metern. Ideal auch f\u00fcr hohe Innenr\u00e4ume, wie sie h\u00e4ufig \nin \u00f6ffentlichen Geb\u00e4uden, Eingangshallen, Werkst\u00e4tten und historischen \nGeb\u00e4uden anzutreffen sind.<\/p>\n\n\n\n<p>Das Curtain-Wall Staubschutz-System bietet viele M\u00f6glichkeiten. Es sind verschiedene Basissets, Zubeh\u00f6rteile und Erweiterungen lieferbar.<\/p>\n\n\n\n<p><a rel=\"noreferrer noopener\" href=\"https:\/\/curtainwalleurope.com\/de\/\" target=\"_blank\"><em>Klicken Sie hier f\u00fcr weitere Informationen zu Curtain-Wall.<\/em><\/a><\/p>\n<\/div>\n<\/div>\n","protected":false},"excerpt":{"rendered":"<p>Curtain-Wall Staubschutz-System Curtain-Wall erf\u00fcllt m\u00fchelos die gesetzlichen Feinstaub-Vorschriften Curtain-Wall ist die ideale Staubschutzwand f\u00fcr die Aufteilung von R\u00e4umen. W\u00e4hrend auf &#8230; <a title=\"Curtain-Wall\" class=\"read-more\" href=\"https:\/\/primaverde.com\/de\/curtain-wall\/\" aria-label=\"Mehr Informationen \u00fcber Curtain-Wall\">Lees verder&#8230;<\/a><\/p>\n","protected":false},"author":7,"featured_media":0,"parent":0,"menu_order":3,"comment_status":"closed","ping_status":"closed","template":"","meta":{"generate_page_header":"","footnotes":""},"class_list":{"0":"post-5531","1":"page","2":"type-page","3":"status-publish","5":"infinite-scroll-item"},"yoast_head":"<!-- This site is optimized with the Yoast SEO Premium plugin v26.8 (Yoast SEO v27.5) - https:\/\/yoast.com\/product\/yoast-seo-premium-wordpress\/ -->\n<title>Curtain-Wall - Primaverde<\/title>\n<meta name=\"robots\" content=\"index, follow, max-snippet:-1, max-image-preview:large, max-video-preview:-1\" \/>\n<link rel=\"canonical\" href=\"https:\/\/primaverde.com\/de\/curtain-wall\/\" \/>\n<meta property=\"og:locale\" content=\"de_DE\" \/>\n<meta property=\"og:type\" content=\"article\" \/>\n<meta property=\"og:title\" content=\"Curtain-Wall\" \/>\n<meta property=\"og:description\" content=\"Curtain-Wall Staubschutz-System Curtain-Wall erf\u00fcllt m\u00fchelos die gesetzlichen Feinstaub-Vorschriften Curtain-Wall ist die ideale Staubschutzwand f\u00fcr die Aufteilung von R\u00e4umen. W\u00e4hrend auf ... Lees verder...\" \/>\n<meta property=\"og:url\" content=\"https:\/\/primaverde.com\/de\/curtain-wall\/\" \/>\n<meta property=\"og:site_name\" content=\"Primaverde\" \/>\n<meta property=\"article:publisher\" content=\"https:\/\/www.facebook.com\/PrimaverdeBV\/\" \/>\n<meta property=\"article:modified_time\" content=\"2019-11-28T14:03:11+00:00\" \/>\n<meta property=\"og:image\" content=\"https:\/\/primaverde.com\/wp-content\/uploads\/2015\/03\/Curtain-Wall15_logo_content_categorie.jpg\" \/>\n<meta name=\"twitter:card\" content=\"summary_large_image\" \/>\n<meta name=\"twitter:site\" content=\"@PrimaverdeBV\" \/>\n<meta name=\"twitter:label1\" content=\"Gesch\u00e4tzte Lesezeit\" \/>\n\t<meta name=\"twitter:data1\" content=\"1\u00a0Minute\" \/>\n<script type=\"application\/ld+json\" class=\"yoast-schema-graph\">{\"@context\":\"https:\\\/\\\/schema.org\",\"@graph\":[{\"@type\":\"WebPage\",\"@id\":\"https:\\\/\\\/primaverde.com\\\/de\\\/curtain-wall\\\/\",\"url\":\"https:\\\/\\\/primaverde.com\\\/de\\\/curtain-wall\\\/\",\"name\":\"Curtain-Wall - Primaverde\",\"isPartOf\":{\"@id\":\"https:\\\/\\\/primaverde.com\\\/de\\\/#website\"},\"primaryImageOfPage\":{\"@id\":\"https:\\\/\\\/primaverde.com\\\/de\\\/curtain-wall\\\/#primaryimage\"},\"image\":{\"@id\":\"https:\\\/\\\/primaverde.com\\\/de\\\/curtain-wall\\\/#primaryimage\"},\"thumbnailUrl\":\"https:\\\/\\\/primaverde.com\\\/wp-content\\\/uploads\\\/2015\\\/03\\\/Curtain-Wall15_logo_content_categorie.jpg\",\"datePublished\":\"2019-01-08T19:31:20+00:00\",\"dateModified\":\"2019-11-28T14:03:11+00:00\",\"breadcrumb\":{\"@id\":\"https:\\\/\\\/primaverde.com\\\/de\\\/curtain-wall\\\/#breadcrumb\"},\"inLanguage\":\"de\",\"potentialAction\":[{\"@type\":\"ReadAction\",\"target\":[\"https:\\\/\\\/primaverde.com\\\/de\\\/curtain-wall\\\/\"]}]},{\"@type\":\"ImageObject\",\"inLanguage\":\"de\",\"@id\":\"https:\\\/\\\/primaverde.com\\\/de\\\/curtain-wall\\\/#primaryimage\",\"url\":\"https:\\\/\\\/primaverde.com\\\/wp-content\\\/uploads\\\/2015\\\/03\\\/Curtain-Wall15_logo_content_categorie.jpg\",\"contentUrl\":\"https:\\\/\\\/primaverde.com\\\/wp-content\\\/uploads\\\/2015\\\/03\\\/Curtain-Wall15_logo_content_categorie.jpg\"},{\"@type\":\"BreadcrumbList\",\"@id\":\"https:\\\/\\\/primaverde.com\\\/de\\\/curtain-wall\\\/#breadcrumb\",\"itemListElement\":[{\"@type\":\"ListItem\",\"position\":1,\"name\":\"Home\",\"item\":\"https:\\\/\\\/primaverde.com\\\/de\\\/\"},{\"@type\":\"ListItem\",\"position\":2,\"name\":\"Curtain-Wall\"}]},{\"@type\":\"WebSite\",\"@id\":\"https:\\\/\\\/primaverde.com\\\/de\\\/#website\",\"url\":\"https:\\\/\\\/primaverde.com\\\/de\\\/\",\"name\":\"Primaverde\",\"description\":\"Covering material, protection, tapes, Beschermende materialen\",\"publisher\":{\"@id\":\"https:\\\/\\\/primaverde.com\\\/de\\\/#organization\"},\"potentialAction\":[{\"@type\":\"SearchAction\",\"target\":{\"@type\":\"EntryPoint\",\"urlTemplate\":\"https:\\\/\\\/primaverde.com\\\/de\\\/?s={search_term_string}\"},\"query-input\":{\"@type\":\"PropertyValueSpecification\",\"valueRequired\":true,\"valueName\":\"search_term_string\"}}],\"inLanguage\":\"de\"},{\"@type\":\"Organization\",\"@id\":\"https:\\\/\\\/primaverde.com\\\/de\\\/#organization\",\"name\":\"Primaverde B.V.\",\"url\":\"https:\\\/\\\/primaverde.com\\\/de\\\/\",\"logo\":{\"@type\":\"ImageObject\",\"inLanguage\":\"de\",\"@id\":\"https:\\\/\\\/primaverde.com\\\/de\\\/#\\\/schema\\\/logo\\\/image\\\/\",\"url\":\"https:\\\/\\\/primaverde.com\\\/wp-content\\\/uploads\\\/2015\\\/03\\\/Logo_Primaverde.jpg\",\"contentUrl\":\"https:\\\/\\\/primaverde.com\\\/wp-content\\\/uploads\\\/2015\\\/03\\\/Logo_Primaverde.jpg\",\"width\":1170,\"height\":212,\"caption\":\"Primaverde B.V.\"},\"image\":{\"@id\":\"https:\\\/\\\/primaverde.com\\\/de\\\/#\\\/schema\\\/logo\\\/image\\\/\"},\"sameAs\":[\"https:\\\/\\\/www.facebook.com\\\/PrimaverdeBV\\\/\",\"https:\\\/\\\/x.com\\\/PrimaverdeBV\",\"https:\\\/\\\/nl.linkedin.com\\\/company\\\/primaverde\",\"http:\\\/\\\/www.youtube.com\\\/channel\\\/UC3DwQqj8f8tatLdSFA0aWwA\"]}]}<\/script>\n<!-- \/ Yoast SEO Premium plugin. -->","yoast_head_json":{"title":"Curtain-Wall - Primaverde","robots":{"index":"index","follow":"follow","max-snippet":"max-snippet:-1","max-image-preview":"max-image-preview:large","max-video-preview":"max-video-preview:-1"},"canonical":"https:\/\/primaverde.com\/de\/curtain-wall\/","og_locale":"de_DE","og_type":"article","og_title":"Curtain-Wall","og_description":"Curtain-Wall Staubschutz-System Curtain-Wall erf\u00fcllt m\u00fchelos die gesetzlichen Feinstaub-Vorschriften Curtain-Wall ist die ideale Staubschutzwand f\u00fcr die Aufteilung von R\u00e4umen. W\u00e4hrend auf ... Lees verder...","og_url":"https:\/\/primaverde.com\/de\/curtain-wall\/","og_site_name":"Primaverde","article_publisher":"https:\/\/www.facebook.com\/PrimaverdeBV\/","article_modified_time":"2019-11-28T14:03:11+00:00","og_image":[{"url":"https:\/\/primaverde.com\/wp-content\/uploads\/2015\/03\/Curtain-Wall15_logo_content_categorie.jpg","type":"","width":"","height":""}],"twitter_card":"summary_large_image","twitter_site":"@PrimaverdeBV","twitter_misc":{"Gesch\u00e4tzte Lesezeit":"1\u00a0Minute"},"schema":{"@context":"https:\/\/schema.org","@graph":[{"@type":"WebPage","@id":"https:\/\/primaverde.com\/de\/curtain-wall\/","url":"https:\/\/primaverde.com\/de\/curtain-wall\/","name":"Curtain-Wall - Primaverde","isPartOf":{"@id":"https:\/\/primaverde.com\/de\/#website"},"primaryImageOfPage":{"@id":"https:\/\/primaverde.com\/de\/curtain-wall\/#primaryimage"},"image":{"@id":"https:\/\/primaverde.com\/de\/curtain-wall\/#primaryimage"},"thumbnailUrl":"https:\/\/primaverde.com\/wp-content\/uploads\/2015\/03\/Curtain-Wall15_logo_content_categorie.jpg","datePublished":"2019-01-08T19:31:20+00:00","dateModified":"2019-11-28T14:03:11+00:00","breadcrumb":{"@id":"https:\/\/primaverde.com\/de\/curtain-wall\/#breadcrumb"},"inLanguage":"de","potentialAction":[{"@type":"ReadAction","target":["https:\/\/primaverde.com\/de\/curtain-wall\/"]}]},{"@type":"ImageObject","inLanguage":"de","@id":"https:\/\/primaverde.com\/de\/curtain-wall\/#primaryimage","url":"https:\/\/primaverde.com\/wp-content\/uploads\/2015\/03\/Curtain-Wall15_logo_content_categorie.jpg","contentUrl":"https:\/\/primaverde.com\/wp-content\/uploads\/2015\/03\/Curtain-Wall15_logo_content_categorie.jpg"},{"@type":"BreadcrumbList","@id":"https:\/\/primaverde.com\/de\/curtain-wall\/#breadcrumb","itemListElement":[{"@type":"ListItem","position":1,"name":"Home","item":"https:\/\/primaverde.com\/de\/"},{"@type":"ListItem","position":2,"name":"Curtain-Wall"}]},{"@type":"WebSite","@id":"https:\/\/primaverde.com\/de\/#website","url":"https:\/\/primaverde.com\/de\/","name":"Primaverde","description":"Covering material, protection, tapes, Beschermende materialen","publisher":{"@id":"https:\/\/primaverde.com\/de\/#organization"},"potentialAction":[{"@type":"SearchAction","target":{"@type":"EntryPoint","urlTemplate":"https:\/\/primaverde.com\/de\/?s={search_term_string}"},"query-input":{"@type":"PropertyValueSpecification","valueRequired":true,"valueName":"search_term_string"}}],"inLanguage":"de"},{"@type":"Organization","@id":"https:\/\/primaverde.com\/de\/#organization","name":"Primaverde B.V.","url":"https:\/\/primaverde.com\/de\/","logo":{"@type":"ImageObject","inLanguage":"de","@id":"https:\/\/primaverde.com\/de\/#\/schema\/logo\/image\/","url":"https:\/\/primaverde.com\/wp-content\/uploads\/2015\/03\/Logo_Primaverde.jpg","contentUrl":"https:\/\/primaverde.com\/wp-content\/uploads\/2015\/03\/Logo_Primaverde.jpg","width":1170,"height":212,"caption":"Primaverde B.V."},"image":{"@id":"https:\/\/primaverde.com\/de\/#\/schema\/logo\/image\/"},"sameAs":["https:\/\/www.facebook.com\/PrimaverdeBV\/","https:\/\/x.com\/PrimaverdeBV","https:\/\/nl.linkedin.com\/company\/primaverde","http:\/\/www.youtube.com\/channel\/UC3DwQqj8f8tatLdSFA0aWwA"]}]}},"_links":{"self":[{"href":"https:\/\/primaverde.com\/de\/wp-json\/wp\/v2\/pages\/5531","targetHints":{"allow":["GET"]}}],"collection":[{"href":"https:\/\/primaverde.com\/de\/wp-json\/wp\/v2\/pages"}],"about":[{"href":"https:\/\/primaverde.com\/de\/wp-json\/wp\/v2\/types\/page"}],"author":[{"embeddable":true,"href":"https:\/\/primaverde.com\/de\/wp-json\/wp\/v2\/users\/7"}],"replies":[{"embeddable":true,"href":"https:\/\/primaverde.com\/de\/wp-json\/wp\/v2\/comments?post=5531"}],"version-history":[{"count":0,"href":"https:\/\/primaverde.com\/de\/wp-json\/wp\/v2\/pages\/5531\/revisions"}],"wp:attachment":[{"href":"https:\/\/primaverde.com\/de\/wp-json\/wp\/v2\/media?parent=5531"}],"curies":[{"name":"wp","href":"https:\/\/api.w.org\/{rel}","templated":true}]}}