{"id":5542,"date":"2019-01-17T11:46:28","date_gmt":"2019-01-17T10:46:28","guid":{"rendered":"https:\/\/primaverde.com\/?page_id=5542"},"modified":"2026-01-23T12:19:46","modified_gmt":"2026-01-23T11:19:46","slug":"primaverde-als-lieferant","status":"publish","type":"page","link":"https:\/\/primaverde.com\/de\/primaverde-als-lieferant\/","title":{"rendered":"Primaverde als Lieferant"},"content":{"rendered":"\n<h1 class=\"wp-block-heading has-text-align-center\" id=\"h-primaverde-als-lieferant\">Primaverde als Lieferant <\/h1>\n\n\n\n<h2 class=\"wp-block-heading has-text-align-center\" id=\"h-zuverlassig-in-vertriebsstrategie-branding-und-unterstutzung\"> Zuverl\u00e4ssig in Vertriebsstrategie, Branding und Unterst\u00fctzung <\/h2>\n\n\n\n<div class=\"wp-block-columns has-3-columns is-layout-flex wp-container-core-columns-is-layout-9d6595d7 wp-block-columns-is-layout-flex\">\n<div class=\"wp-block-column is-layout-flow wp-block-column-is-layout-flow\">\n<h3 class=\"wp-block-heading\" id=\"h-primaverde-als-lieferant-0\"> Primaverde als Lieferant <\/h3>\n\n\n\n<p> <strong>Primaverde BV liefert ausschlie\u00dflich \u00fcber bew\u00e4hrte  Vertriebskan\u00e4le. Es erfolgt somit kein regelm\u00e4\u00dfiger direkter Verkauf an  den Endverbraucher. Unsere Marken k\u00f6nnen \u00fcber den Eisenwarengro\u00dfhandel,  Baufachhandel und den Malerfachhandel in den Niederlanden, Belgien und  Luxemburg bezogen werden. Dort erhalten Endverbraucher nicht nur die  Produkte, sondern auch kompetente Beratung.<\/strong> <\/p>\n\n\n\n<h3 class=\"wp-block-heading\" id=\"h-zuverlassiger-lieferant\"> Zuverl\u00e4ssiger Lieferant<\/h3>\n\n\n\n<p> Primaverde ist ein \u00e4u\u00dferst zuverl\u00e4ssiger Lieferant. Das merken Sie und  Ihre Kunden an der Qualit\u00e4t der Produkte, dem zuverl\u00e4ssigen Vertrieb und  den Vereinbarungen die wir stets einhalten. Unser Verkaufsteam ist mit  Herz und Sachverstand bei der Sache. Wir machen uns st\u00e4ndig Gedanken  \u00fcber Strategie und Markenpolitik und die Art und Weise, wie wir unsere  Vertriebspartner und den Gro\u00dfhandel so gut wie m\u00f6glich unterst\u00fctzen  k\u00f6nnen. <\/p>\n<\/div>\n\n\n\n<div class=\"wp-block-column is-layout-flow wp-block-column-is-layout-flow\">\n<h3 class=\"wp-block-heading\" id=\"h-mehrere-marken-unter-einem-dach\"> Mehrere Marken unter einem Dach <\/h3>\n\n\n\n<p> Primaverde BV bringt mehrere Marken unter einem Dach zusammen. Ideal f\u00fcr  Gro\u00dfh\u00e4ndler und Vertriebsh\u00e4ndler, die die Anzahl der Lieferanten  beschr\u00e4nken m\u00f6chten und die richtige Unterst\u00fctzung und Zusammenarbeit  beim Angebot von sch\u00fctzenden Produkten und Hilfswerkzeugen erwarten.  Durchdachte Produkte f\u00fcr ein sicheres und sauberes Arbeiten. Branchen,  in denen Primaverde aktiv ist, sind unter anderem: Bau, Modernisierung,  Malerarbeiten, Geb\u00e4udemanagement, Projekteinrichtung, Industrie und  Automobilsektor. <\/p>\n\n\n\n<p>Einige unserer Marken: PrimaCover, Ram Board und FugenMeister. <\/p>\n\n\n\n<h3 class=\"wp-block-heading\" id=\"h-private-label-ihre-eigene-marke\"> Private Label \u2013 Ihre eigene Marke <\/h3>\n\n\n\n<p> Primaverde kann viele Produkte, wie z. B. Abdeckmaterialien, auch f\u00fcr  Sie auf der Grundlage spezieller Kundenw\u00fcnsche herstellen \u2013 mit oder  ohne Personalisierung. Haben Sie schon einmal \u00fcber eine Eigenmarke  (Private Label) nachgedacht, bei der das Material vollkommen nach Ihren  Spezifikationen und mit Ihrem eigenen Aufdruck ausgeliefert wird? <a href=\"https:\/\/primaverde.com\/de\/kontakt\/\">Informieren Sie sich \u00fcber die M\u00f6glichkeiten<\/a>. <\/p>\n<\/div>\n\n\n\n<div class=\"wp-block-column is-layout-flow wp-block-column-is-layout-flow\">\n<figure class=\"wp-block-image\"><img loading=\"lazy\" decoding=\"async\" width=\"600\" height=\"400\" src=\"https:\/\/primaverde.com\/wp-content\/uploads\/2018\/08\/Primaverde_supplier_leverancier_shop.jpg\" alt=\"Primaverde, supplier, leverancier, shop\" class=\"wp-image-5031\" srcset=\"https:\/\/primaverde.com\/wp-content\/uploads\/2018\/08\/Primaverde_supplier_leverancier_shop.jpg 600w, https:\/\/primaverde.com\/wp-content\/uploads\/2018\/08\/Primaverde_supplier_leverancier_shop-300x200.jpg 300w, https:\/\/primaverde.com\/wp-content\/uploads\/2018\/08\/Primaverde_supplier_leverancier_shop-272x182.jpg 272w\" sizes=\"auto, (max-width: 600px) 100vw, 600px\" \/><\/figure>\n<\/div>\n<\/div>\n\n\n\n<h3 class=\"wp-block-heading\" id=\"h-fur-unsere-bestehenden-und-neuen-marken-sucht-primaverde-weiterhin-nach-vertriebspartnern-grosshandlern-in-verschiedenen-branchen\"><strong>F\u00fcr unsere bestehenden und  neuen Marken sucht Primaverde weiterhin nach  Vertriebspartnern\/Gro\u00dfh\u00e4ndlern in verschiedenen Branchen.<\/strong><\/h3>\n\n\n\n<p>Werden Sie der neue Vertreiber unserer Marken? Nat\u00fcrlich  einschlie\u00dflich der richtigen Unterst\u00fctzung f\u00fcr Ihre Kunden. Willkommen  bei Primaverde! Vereinbaren Sie unverbindlich einen Termin. <a href=\"https:\/\/primaverde.com\/de\/kontakt\/\">Unsere Kontaktdaten finden Sie hier<\/a>. Bis bald!<\/p>\n","protected":false},"excerpt":{"rendered":"<p>Primaverde als Lieferant Zuverl\u00e4ssig in Vertriebsstrategie, Branding und Unterst\u00fctzung Primaverde als Lieferant Primaverde BV liefert ausschlie\u00dflich \u00fcber bew\u00e4hrte Vertriebskan\u00e4le. Es &#8230; <a title=\"Primaverde als Lieferant\" class=\"read-more\" href=\"https:\/\/primaverde.com\/de\/primaverde-als-lieferant\/\" aria-label=\"Mehr Informationen \u00fcber Primaverde als Lieferant\">Lees verder&#8230;<\/a><\/p>\n","protected":false},"author":7,"featured_media":0,"parent":0,"menu_order":10,"comment_status":"open","ping_status":"closed","template":"","meta":{"generate_page_header":"","footnotes":""},"class_list":{"0":"post-5542","1":"page","2":"type-page","3":"status-publish","5":"infinite-scroll-item"},"yoast_head":"<!-- This site is optimized with the Yoast SEO Premium plugin v26.8 (Yoast SEO v27.5) - https:\/\/yoast.com\/product\/yoast-seo-premium-wordpress\/ -->\n<title>Primaverde als Lieferant - Primaverde<\/title>\n<meta name=\"robots\" content=\"index, follow, max-snippet:-1, max-image-preview:large, max-video-preview:-1\" \/>\n<link rel=\"canonical\" href=\"https:\/\/primaverde.com\/de\/primaverde-als-lieferant\/\" \/>\n<meta property=\"og:locale\" content=\"de_DE\" \/>\n<meta property=\"og:type\" content=\"article\" \/>\n<meta property=\"og:title\" content=\"Primaverde als Lieferant\" \/>\n<meta property=\"og:description\" content=\"Primaverde als Lieferant Zuverl\u00e4ssig in Vertriebsstrategie, Branding und Unterst\u00fctzung Primaverde als Lieferant Primaverde BV liefert ausschlie\u00dflich \u00fcber bew\u00e4hrte Vertriebskan\u00e4le. Es ... Lees verder...\" \/>\n<meta property=\"og:url\" content=\"https:\/\/primaverde.com\/de\/primaverde-als-lieferant\/\" \/>\n<meta property=\"og:site_name\" content=\"Primaverde\" \/>\n<meta property=\"article:publisher\" content=\"https:\/\/www.facebook.com\/PrimaverdeBV\/\" \/>\n<meta property=\"article:modified_time\" content=\"2026-01-23T11:19:46+00:00\" \/>\n<meta property=\"og:image\" content=\"https:\/\/primaverde.com\/wp-content\/uploads\/2018\/08\/Primaverde_supplier_leverancier_shop.jpg\" \/>\n\t<meta property=\"og:image:width\" content=\"600\" \/>\n\t<meta property=\"og:image:height\" content=\"400\" \/>\n\t<meta property=\"og:image:type\" content=\"image\/jpeg\" \/>\n<meta name=\"twitter:card\" content=\"summary_large_image\" \/>\n<meta name=\"twitter:site\" content=\"@PrimaverdeBV\" \/>\n<meta name=\"twitter:label1\" content=\"Gesch\u00e4tzte Lesezeit\" \/>\n\t<meta name=\"twitter:data1\" content=\"2\u00a0Minuten\" \/>\n<script type=\"application\/ld+json\" class=\"yoast-schema-graph\">{\"@context\":\"https:\\\/\\\/schema.org\",\"@graph\":[{\"@type\":\"WebPage\",\"@id\":\"https:\\\/\\\/primaverde.com\\\/de\\\/primaverde-als-lieferant\\\/\",\"url\":\"https:\\\/\\\/primaverde.com\\\/de\\\/primaverde-als-lieferant\\\/\",\"name\":\"Primaverde als Lieferant - Primaverde\",\"isPartOf\":{\"@id\":\"https:\\\/\\\/primaverde.com\\\/de\\\/#website\"},\"primaryImageOfPage\":{\"@id\":\"https:\\\/\\\/primaverde.com\\\/de\\\/primaverde-als-lieferant\\\/#primaryimage\"},\"image\":{\"@id\":\"https:\\\/\\\/primaverde.com\\\/de\\\/primaverde-als-lieferant\\\/#primaryimage\"},\"thumbnailUrl\":\"https:\\\/\\\/primaverde.com\\\/wp-content\\\/uploads\\\/2018\\\/08\\\/Primaverde_supplier_leverancier_shop.jpg\",\"datePublished\":\"2019-01-17T10:46:28+00:00\",\"dateModified\":\"2026-01-23T11:19:46+00:00\",\"breadcrumb\":{\"@id\":\"https:\\\/\\\/primaverde.com\\\/de\\\/primaverde-als-lieferant\\\/#breadcrumb\"},\"inLanguage\":\"de\",\"potentialAction\":[{\"@type\":\"ReadAction\",\"target\":[\"https:\\\/\\\/primaverde.com\\\/de\\\/primaverde-als-lieferant\\\/\"]}]},{\"@type\":\"ImageObject\",\"inLanguage\":\"de\",\"@id\":\"https:\\\/\\\/primaverde.com\\\/de\\\/primaverde-als-lieferant\\\/#primaryimage\",\"url\":\"https:\\\/\\\/primaverde.com\\\/wp-content\\\/uploads\\\/2018\\\/08\\\/Primaverde_supplier_leverancier_shop.jpg\",\"contentUrl\":\"https:\\\/\\\/primaverde.com\\\/wp-content\\\/uploads\\\/2018\\\/08\\\/Primaverde_supplier_leverancier_shop.jpg\"},{\"@type\":\"BreadcrumbList\",\"@id\":\"https:\\\/\\\/primaverde.com\\\/de\\\/primaverde-als-lieferant\\\/#breadcrumb\",\"itemListElement\":[{\"@type\":\"ListItem\",\"position\":1,\"name\":\"Home\",\"item\":\"https:\\\/\\\/primaverde.com\\\/de\\\/\"},{\"@type\":\"ListItem\",\"position\":2,\"name\":\"Primaverde als Lieferant\"}]},{\"@type\":\"WebSite\",\"@id\":\"https:\\\/\\\/primaverde.com\\\/de\\\/#website\",\"url\":\"https:\\\/\\\/primaverde.com\\\/de\\\/\",\"name\":\"Primaverde\",\"description\":\"Covering material, protection, tapes, Beschermende materialen\",\"publisher\":{\"@id\":\"https:\\\/\\\/primaverde.com\\\/de\\\/#organization\"},\"potentialAction\":[{\"@type\":\"SearchAction\",\"target\":{\"@type\":\"EntryPoint\",\"urlTemplate\":\"https:\\\/\\\/primaverde.com\\\/de\\\/?s={search_term_string}\"},\"query-input\":{\"@type\":\"PropertyValueSpecification\",\"valueRequired\":true,\"valueName\":\"search_term_string\"}}],\"inLanguage\":\"de\"},{\"@type\":\"Organization\",\"@id\":\"https:\\\/\\\/primaverde.com\\\/de\\\/#organization\",\"name\":\"Primaverde B.V.\",\"url\":\"https:\\\/\\\/primaverde.com\\\/de\\\/\",\"logo\":{\"@type\":\"ImageObject\",\"inLanguage\":\"de\",\"@id\":\"https:\\\/\\\/primaverde.com\\\/de\\\/#\\\/schema\\\/logo\\\/image\\\/\",\"url\":\"https:\\\/\\\/primaverde.com\\\/wp-content\\\/uploads\\\/2015\\\/03\\\/Logo_Primaverde.jpg\",\"contentUrl\":\"https:\\\/\\\/primaverde.com\\\/wp-content\\\/uploads\\\/2015\\\/03\\\/Logo_Primaverde.jpg\",\"width\":1170,\"height\":212,\"caption\":\"Primaverde B.V.\"},\"image\":{\"@id\":\"https:\\\/\\\/primaverde.com\\\/de\\\/#\\\/schema\\\/logo\\\/image\\\/\"},\"sameAs\":[\"https:\\\/\\\/www.facebook.com\\\/PrimaverdeBV\\\/\",\"https:\\\/\\\/x.com\\\/PrimaverdeBV\",\"https:\\\/\\\/nl.linkedin.com\\\/company\\\/primaverde\",\"http:\\\/\\\/www.youtube.com\\\/channel\\\/UC3DwQqj8f8tatLdSFA0aWwA\"]}]}<\/script>\n<!-- \/ Yoast SEO Premium plugin. -->","yoast_head_json":{"title":"Primaverde als Lieferant - Primaverde","robots":{"index":"index","follow":"follow","max-snippet":"max-snippet:-1","max-image-preview":"max-image-preview:large","max-video-preview":"max-video-preview:-1"},"canonical":"https:\/\/primaverde.com\/de\/primaverde-als-lieferant\/","og_locale":"de_DE","og_type":"article","og_title":"Primaverde als Lieferant","og_description":"Primaverde als Lieferant Zuverl\u00e4ssig in Vertriebsstrategie, Branding und Unterst\u00fctzung Primaverde als Lieferant Primaverde BV liefert ausschlie\u00dflich \u00fcber bew\u00e4hrte Vertriebskan\u00e4le. Es ... Lees verder...","og_url":"https:\/\/primaverde.com\/de\/primaverde-als-lieferant\/","og_site_name":"Primaverde","article_publisher":"https:\/\/www.facebook.com\/PrimaverdeBV\/","article_modified_time":"2026-01-23T11:19:46+00:00","og_image":[{"width":600,"height":400,"url":"https:\/\/primaverde.com\/wp-content\/uploads\/2018\/08\/Primaverde_supplier_leverancier_shop.jpg","type":"image\/jpeg"}],"twitter_card":"summary_large_image","twitter_site":"@PrimaverdeBV","twitter_misc":{"Gesch\u00e4tzte Lesezeit":"2\u00a0Minuten"},"schema":{"@context":"https:\/\/schema.org","@graph":[{"@type":"WebPage","@id":"https:\/\/primaverde.com\/de\/primaverde-als-lieferant\/","url":"https:\/\/primaverde.com\/de\/primaverde-als-lieferant\/","name":"Primaverde als Lieferant - Primaverde","isPartOf":{"@id":"https:\/\/primaverde.com\/de\/#website"},"primaryImageOfPage":{"@id":"https:\/\/primaverde.com\/de\/primaverde-als-lieferant\/#primaryimage"},"image":{"@id":"https:\/\/primaverde.com\/de\/primaverde-als-lieferant\/#primaryimage"},"thumbnailUrl":"https:\/\/primaverde.com\/wp-content\/uploads\/2018\/08\/Primaverde_supplier_leverancier_shop.jpg","datePublished":"2019-01-17T10:46:28+00:00","dateModified":"2026-01-23T11:19:46+00:00","breadcrumb":{"@id":"https:\/\/primaverde.com\/de\/primaverde-als-lieferant\/#breadcrumb"},"inLanguage":"de","potentialAction":[{"@type":"ReadAction","target":["https:\/\/primaverde.com\/de\/primaverde-als-lieferant\/"]}]},{"@type":"ImageObject","inLanguage":"de","@id":"https:\/\/primaverde.com\/de\/primaverde-als-lieferant\/#primaryimage","url":"https:\/\/primaverde.com\/wp-content\/uploads\/2018\/08\/Primaverde_supplier_leverancier_shop.jpg","contentUrl":"https:\/\/primaverde.com\/wp-content\/uploads\/2018\/08\/Primaverde_supplier_leverancier_shop.jpg"},{"@type":"BreadcrumbList","@id":"https:\/\/primaverde.com\/de\/primaverde-als-lieferant\/#breadcrumb","itemListElement":[{"@type":"ListItem","position":1,"name":"Home","item":"https:\/\/primaverde.com\/de\/"},{"@type":"ListItem","position":2,"name":"Primaverde als Lieferant"}]},{"@type":"WebSite","@id":"https:\/\/primaverde.com\/de\/#website","url":"https:\/\/primaverde.com\/de\/","name":"Primaverde","description":"Covering material, protection, tapes, Beschermende materialen","publisher":{"@id":"https:\/\/primaverde.com\/de\/#organization"},"potentialAction":[{"@type":"SearchAction","target":{"@type":"EntryPoint","urlTemplate":"https:\/\/primaverde.com\/de\/?s={search_term_string}"},"query-input":{"@type":"PropertyValueSpecification","valueRequired":true,"valueName":"search_term_string"}}],"inLanguage":"de"},{"@type":"Organization","@id":"https:\/\/primaverde.com\/de\/#organization","name":"Primaverde B.V.","url":"https:\/\/primaverde.com\/de\/","logo":{"@type":"ImageObject","inLanguage":"de","@id":"https:\/\/primaverde.com\/de\/#\/schema\/logo\/image\/","url":"https:\/\/primaverde.com\/wp-content\/uploads\/2015\/03\/Logo_Primaverde.jpg","contentUrl":"https:\/\/primaverde.com\/wp-content\/uploads\/2015\/03\/Logo_Primaverde.jpg","width":1170,"height":212,"caption":"Primaverde B.V."},"image":{"@id":"https:\/\/primaverde.com\/de\/#\/schema\/logo\/image\/"},"sameAs":["https:\/\/www.facebook.com\/PrimaverdeBV\/","https:\/\/x.com\/PrimaverdeBV","https:\/\/nl.linkedin.com\/company\/primaverde","http:\/\/www.youtube.com\/channel\/UC3DwQqj8f8tatLdSFA0aWwA"]}]}},"_links":{"self":[{"href":"https:\/\/primaverde.com\/de\/wp-json\/wp\/v2\/pages\/5542","targetHints":{"allow":["GET"]}}],"collection":[{"href":"https:\/\/primaverde.com\/de\/wp-json\/wp\/v2\/pages"}],"about":[{"href":"https:\/\/primaverde.com\/de\/wp-json\/wp\/v2\/types\/page"}],"author":[{"embeddable":true,"href":"https:\/\/primaverde.com\/de\/wp-json\/wp\/v2\/users\/7"}],"replies":[{"embeddable":true,"href":"https:\/\/primaverde.com\/de\/wp-json\/wp\/v2\/comments?post=5542"}],"version-history":[{"count":1,"href":"https:\/\/primaverde.com\/de\/wp-json\/wp\/v2\/pages\/5542\/revisions"}],"predecessor-version":[{"id":45516,"href":"https:\/\/primaverde.com\/de\/wp-json\/wp\/v2\/pages\/5542\/revisions\/45516"}],"wp:attachment":[{"href":"https:\/\/primaverde.com\/de\/wp-json\/wp\/v2\/media?parent=5542"}],"curies":[{"name":"wp","href":"https:\/\/api.w.org\/{rel}","templated":true}]}}