{"id":5548,"date":"2019-01-17T12:11:55","date_gmt":"2019-01-17T11:11:55","guid":{"rendered":"https:\/\/primaverde.com\/?page_id=5548"},"modified":"2019-01-17T12:11:56","modified_gmt":"2019-01-17T11:11:56","slug":"primaverde-als-einkaufsorganisation","status":"publish","type":"page","link":"https:\/\/primaverde.com\/de\/primaverde-als-einkaufsorganisation\/","title":{"rendered":"Primaverde als Einkaufsorganisation"},"content":{"rendered":"\n<h1 class=\"wp-block-heading\" style=\"text-align:center\">Primaverde als Einkaufsorganisation <\/h1>\n\n\n\n<h2 class=\"wp-block-heading\" style=\"text-align:center\">Verl\u00e4ssliche Erfahrung in verschiedenen Branchen <\/h2>\n\n\n\n<div class=\"wp-block-columns has-3-columns is-layout-flex wp-container-core-columns-is-layout-9d6595d7 wp-block-columns-is-layout-flex\">\n<div class=\"wp-block-column is-layout-flow wp-block-column-is-layout-flow\">\n<h3 class=\"wp-block-heading\">Produktentwicklung, Produktion und Einkauf <\/h3>\n\n\n\n<p><strong>Die\n Marken von Primaverde sind vollst\u00e4ndig fertigentwickelt, in der Praxis \ngetestet und dokumentiert, bevor wir Sie auf den Markt bringen. Unsere \nAbnehmer und die Endverbraucher m\u00fcssen sich  auf uns und unsere Marken \nverlassen k\u00f6nnen. Als Abnehmer Ihrer Produkte gehen wir ebenfalls sehr \nsorgf\u00e4ltig vor. Wir sind ein Gesch\u00e4ftspartner, auf den unsere \nLieferanten bauen k\u00f6nnen. Wenn wir Gesch\u00e4fte miteinander machen, haben \nwir immer die Absicht, langfristige Beziehungen einzugehen.<\/strong><\/p>\n\n\n\n<h3 class=\"wp-block-heading\">Primaverde kennt den Markt<\/h3>\n\n\n\n<p>Primaverde\n kann beim Verkauf und Vertrieb Ihrer Marke eine Schl\u00fcsselrolle spielen.\n Vom einfachen \u201eKisten schieben\u201d haben wir noch nie geh\u00f6rt. Primaverde \ngeht jeden Tag auf Tuchf\u00fchlung mit dem Markt und steht in direktem \nKontakt mit den Verkaufsstellen und den Endverbrauchern. Primaverde \nanalysiert laufend die praktische Anwendbarkeit Ihres Produkts. Das \nhei\u00dft, dass wir immer mit Ihnen Produktanpassungen besprechen, wenn wir \nder Ansicht sind, dass dies Vorteile f\u00fcr den Endverbraucher bietet und \nwir dadurch Ihre Absatzchancen erh\u00f6hen k\u00f6nnen.<\/p>\n<\/div>\n\n\n\n<div class=\"wp-block-column is-layout-flow wp-block-column-is-layout-flow\">\n<h3 class=\"wp-block-heading\">M\u00f6chten Sie Ihren Verkauf bei Primaverde platzieren?<\/h3>\n\n\n\n<p>Primaverde\n BV bringt mehrere Marken unter einem Dach zusammen. Ideal f\u00fcr \nGro\u00dfh\u00e4ndler und Vertriebsh\u00e4ndler, die die Anzahl der Lieferanten \nbeschr\u00e4nken m\u00f6chten und die richtige Unterst\u00fctzung und Zusammenarbeit \nbeim Angebot von sch\u00fctzenden Produkten und Hilfswerkzeugen erwarten. \nDurchdachte Produkte f\u00fcr ein sicheres und sauberes Arbeiten. Primaverde \nhat hervorragende Kontakte in verschiedenen Branchen, wie z. B.: Bau, \nModernisierung, Malerarbeiten, Geb\u00e4udemanagement, Projekteinrichtung, \nIndustrie, Automobilsektor und Marine\/Schifffahrt.<\/p>\n\n\n\n<h3 class=\"wp-block-heading\">Lernen Sie Primaverde kennen<\/h3>\n\n\n\n<p>Sind\n Sie Entwickler von durchdachten Produkten f\u00fcr sicheres und sauberes \nArbeiten? Oder haben Sie eine Marke, die Sie auf dem europ\u00e4ischen Markt \nexpandieren m\u00f6chten? <a href=\"https:\/\/primaverde.com\/de\/kontakt\/\">Lernen Sie das Team von Primaverde kennen<\/a>. Wir stehen f\u00fcr Macher und Erfinder einzigartiger Produkte und Marken offen, die wir unserem Sortiment hinzuf\u00fcgen k\u00f6nnen.<\/p>\n<\/div>\n\n\n\n<div class=\"wp-block-column is-layout-flow wp-block-column-is-layout-flow\">\n<figure class=\"wp-block-image\"><img loading=\"lazy\" decoding=\"async\" width=\"600\" height=\"399\" src=\"https:\/\/primaverde.com\/wp-content\/uploads\/2015\/03\/Primaverde14_content_expeditie1.jpg\" alt=\"Primaverde_magazijn_ingaand_expeditie_PrimaCover\" class=\"wp-image-414\" srcset=\"https:\/\/primaverde.com\/wp-content\/uploads\/2015\/03\/Primaverde14_content_expeditie1.jpg 600w, https:\/\/primaverde.com\/wp-content\/uploads\/2015\/03\/Primaverde14_content_expeditie1-300x200.jpg 300w, https:\/\/primaverde.com\/wp-content\/uploads\/2015\/03\/Primaverde14_content_expeditie1-272x182.jpg 272w\" sizes=\"auto, (max-width: 600px) 100vw, 600px\" \/><\/figure>\n<\/div>\n<\/div>\n","protected":false},"excerpt":{"rendered":"<p>Primaverde als Einkaufsorganisation Verl\u00e4ssliche Erfahrung in verschiedenen Branchen Produktentwicklung, Produktion und Einkauf Die Marken von Primaverde sind vollst\u00e4ndig fertigentwickelt, in &#8230; <a title=\"Primaverde als Einkaufsorganisation\" class=\"read-more\" href=\"https:\/\/primaverde.com\/de\/primaverde-als-einkaufsorganisation\/\" aria-label=\"Mehr Informationen \u00fcber Primaverde als Einkaufsorganisation\">Lees verder&#8230;<\/a><\/p>\n","protected":false},"author":7,"featured_media":0,"parent":0,"menu_order":11,"comment_status":"open","ping_status":"open","template":"","meta":{"generate_page_header":"","footnotes":""},"class_list":{"0":"post-5548","1":"page","2":"type-page","3":"status-publish","5":"infinite-scroll-item"},"yoast_head":"<!-- This site is optimized with the Yoast SEO Premium plugin v26.8 (Yoast SEO v27.5) - https:\/\/yoast.com\/product\/yoast-seo-premium-wordpress\/ -->\n<title>Primaverde als Einkaufsorganisation - Primaverde<\/title>\n<meta name=\"robots\" content=\"index, follow, max-snippet:-1, max-image-preview:large, max-video-preview:-1\" \/>\n<link rel=\"canonical\" href=\"https:\/\/primaverde.com\/de\/primaverde-als-einkaufsorganisation\/\" \/>\n<meta property=\"og:locale\" content=\"de_DE\" \/>\n<meta property=\"og:type\" content=\"article\" \/>\n<meta property=\"og:title\" content=\"Primaverde als Einkaufsorganisation\" \/>\n<meta property=\"og:description\" content=\"Primaverde als Einkaufsorganisation Verl\u00e4ssliche Erfahrung in verschiedenen Branchen Produktentwicklung, Produktion und Einkauf Die Marken von Primaverde sind vollst\u00e4ndig fertigentwickelt, in ... Lees verder...\" \/>\n<meta property=\"og:url\" content=\"https:\/\/primaverde.com\/de\/primaverde-als-einkaufsorganisation\/\" \/>\n<meta property=\"og:site_name\" content=\"Primaverde\" \/>\n<meta property=\"article:publisher\" content=\"https:\/\/www.facebook.com\/PrimaverdeBV\/\" \/>\n<meta property=\"article:modified_time\" content=\"2019-01-17T11:11:56+00:00\" \/>\n<meta property=\"og:image\" content=\"https:\/\/primaverde.com\/wp-content\/uploads\/2015\/03\/Primaverde14_content_expeditie1.jpg\" \/>\n<meta name=\"twitter:card\" content=\"summary_large_image\" \/>\n<meta name=\"twitter:site\" content=\"@PrimaverdeBV\" \/>\n<meta name=\"twitter:label1\" content=\"Gesch\u00e4tzte Lesezeit\" \/>\n\t<meta name=\"twitter:data1\" content=\"2\u00a0Minuten\" \/>\n<script type=\"application\/ld+json\" class=\"yoast-schema-graph\">{\"@context\":\"https:\\\/\\\/schema.org\",\"@graph\":[{\"@type\":\"WebPage\",\"@id\":\"https:\\\/\\\/primaverde.com\\\/de\\\/primaverde-als-einkaufsorganisation\\\/\",\"url\":\"https:\\\/\\\/primaverde.com\\\/de\\\/primaverde-als-einkaufsorganisation\\\/\",\"name\":\"Primaverde als Einkaufsorganisation - Primaverde\",\"isPartOf\":{\"@id\":\"https:\\\/\\\/primaverde.com\\\/de\\\/#website\"},\"primaryImageOfPage\":{\"@id\":\"https:\\\/\\\/primaverde.com\\\/de\\\/primaverde-als-einkaufsorganisation\\\/#primaryimage\"},\"image\":{\"@id\":\"https:\\\/\\\/primaverde.com\\\/de\\\/primaverde-als-einkaufsorganisation\\\/#primaryimage\"},\"thumbnailUrl\":\"https:\\\/\\\/primaverde.com\\\/wp-content\\\/uploads\\\/2015\\\/03\\\/Primaverde14_content_expeditie1.jpg\",\"datePublished\":\"2019-01-17T11:11:55+00:00\",\"dateModified\":\"2019-01-17T11:11:56+00:00\",\"breadcrumb\":{\"@id\":\"https:\\\/\\\/primaverde.com\\\/de\\\/primaverde-als-einkaufsorganisation\\\/#breadcrumb\"},\"inLanguage\":\"de\",\"potentialAction\":[{\"@type\":\"ReadAction\",\"target\":[\"https:\\\/\\\/primaverde.com\\\/de\\\/primaverde-als-einkaufsorganisation\\\/\"]}]},{\"@type\":\"ImageObject\",\"inLanguage\":\"de\",\"@id\":\"https:\\\/\\\/primaverde.com\\\/de\\\/primaverde-als-einkaufsorganisation\\\/#primaryimage\",\"url\":\"https:\\\/\\\/primaverde.com\\\/wp-content\\\/uploads\\\/2015\\\/03\\\/Primaverde14_content_expeditie1.jpg\",\"contentUrl\":\"https:\\\/\\\/primaverde.com\\\/wp-content\\\/uploads\\\/2015\\\/03\\\/Primaverde14_content_expeditie1.jpg\"},{\"@type\":\"BreadcrumbList\",\"@id\":\"https:\\\/\\\/primaverde.com\\\/de\\\/primaverde-als-einkaufsorganisation\\\/#breadcrumb\",\"itemListElement\":[{\"@type\":\"ListItem\",\"position\":1,\"name\":\"Home\",\"item\":\"https:\\\/\\\/primaverde.com\\\/de\\\/\"},{\"@type\":\"ListItem\",\"position\":2,\"name\":\"Primaverde als Einkaufsorganisation\"}]},{\"@type\":\"WebSite\",\"@id\":\"https:\\\/\\\/primaverde.com\\\/de\\\/#website\",\"url\":\"https:\\\/\\\/primaverde.com\\\/de\\\/\",\"name\":\"Primaverde\",\"description\":\"Covering material, protection, tapes, Beschermende materialen\",\"publisher\":{\"@id\":\"https:\\\/\\\/primaverde.com\\\/de\\\/#organization\"},\"potentialAction\":[{\"@type\":\"SearchAction\",\"target\":{\"@type\":\"EntryPoint\",\"urlTemplate\":\"https:\\\/\\\/primaverde.com\\\/de\\\/?s={search_term_string}\"},\"query-input\":{\"@type\":\"PropertyValueSpecification\",\"valueRequired\":true,\"valueName\":\"search_term_string\"}}],\"inLanguage\":\"de\"},{\"@type\":\"Organization\",\"@id\":\"https:\\\/\\\/primaverde.com\\\/de\\\/#organization\",\"name\":\"Primaverde B.V.\",\"url\":\"https:\\\/\\\/primaverde.com\\\/de\\\/\",\"logo\":{\"@type\":\"ImageObject\",\"inLanguage\":\"de\",\"@id\":\"https:\\\/\\\/primaverde.com\\\/de\\\/#\\\/schema\\\/logo\\\/image\\\/\",\"url\":\"https:\\\/\\\/primaverde.com\\\/wp-content\\\/uploads\\\/2015\\\/03\\\/Logo_Primaverde.jpg\",\"contentUrl\":\"https:\\\/\\\/primaverde.com\\\/wp-content\\\/uploads\\\/2015\\\/03\\\/Logo_Primaverde.jpg\",\"width\":1170,\"height\":212,\"caption\":\"Primaverde B.V.\"},\"image\":{\"@id\":\"https:\\\/\\\/primaverde.com\\\/de\\\/#\\\/schema\\\/logo\\\/image\\\/\"},\"sameAs\":[\"https:\\\/\\\/www.facebook.com\\\/PrimaverdeBV\\\/\",\"https:\\\/\\\/x.com\\\/PrimaverdeBV\",\"https:\\\/\\\/nl.linkedin.com\\\/company\\\/primaverde\",\"http:\\\/\\\/www.youtube.com\\\/channel\\\/UC3DwQqj8f8tatLdSFA0aWwA\"]}]}<\/script>\n<!-- \/ Yoast SEO Premium plugin. -->","yoast_head_json":{"title":"Primaverde als Einkaufsorganisation - Primaverde","robots":{"index":"index","follow":"follow","max-snippet":"max-snippet:-1","max-image-preview":"max-image-preview:large","max-video-preview":"max-video-preview:-1"},"canonical":"https:\/\/primaverde.com\/de\/primaverde-als-einkaufsorganisation\/","og_locale":"de_DE","og_type":"article","og_title":"Primaverde als Einkaufsorganisation","og_description":"Primaverde als Einkaufsorganisation Verl\u00e4ssliche Erfahrung in verschiedenen Branchen Produktentwicklung, Produktion und Einkauf Die Marken von Primaverde sind vollst\u00e4ndig fertigentwickelt, in ... Lees verder...","og_url":"https:\/\/primaverde.com\/de\/primaverde-als-einkaufsorganisation\/","og_site_name":"Primaverde","article_publisher":"https:\/\/www.facebook.com\/PrimaverdeBV\/","article_modified_time":"2019-01-17T11:11:56+00:00","og_image":[{"url":"https:\/\/primaverde.com\/wp-content\/uploads\/2015\/03\/Primaverde14_content_expeditie1.jpg","type":"","width":"","height":""}],"twitter_card":"summary_large_image","twitter_site":"@PrimaverdeBV","twitter_misc":{"Gesch\u00e4tzte Lesezeit":"2\u00a0Minuten"},"schema":{"@context":"https:\/\/schema.org","@graph":[{"@type":"WebPage","@id":"https:\/\/primaverde.com\/de\/primaverde-als-einkaufsorganisation\/","url":"https:\/\/primaverde.com\/de\/primaverde-als-einkaufsorganisation\/","name":"Primaverde als Einkaufsorganisation - Primaverde","isPartOf":{"@id":"https:\/\/primaverde.com\/de\/#website"},"primaryImageOfPage":{"@id":"https:\/\/primaverde.com\/de\/primaverde-als-einkaufsorganisation\/#primaryimage"},"image":{"@id":"https:\/\/primaverde.com\/de\/primaverde-als-einkaufsorganisation\/#primaryimage"},"thumbnailUrl":"https:\/\/primaverde.com\/wp-content\/uploads\/2015\/03\/Primaverde14_content_expeditie1.jpg","datePublished":"2019-01-17T11:11:55+00:00","dateModified":"2019-01-17T11:11:56+00:00","breadcrumb":{"@id":"https:\/\/primaverde.com\/de\/primaverde-als-einkaufsorganisation\/#breadcrumb"},"inLanguage":"de","potentialAction":[{"@type":"ReadAction","target":["https:\/\/primaverde.com\/de\/primaverde-als-einkaufsorganisation\/"]}]},{"@type":"ImageObject","inLanguage":"de","@id":"https:\/\/primaverde.com\/de\/primaverde-als-einkaufsorganisation\/#primaryimage","url":"https:\/\/primaverde.com\/wp-content\/uploads\/2015\/03\/Primaverde14_content_expeditie1.jpg","contentUrl":"https:\/\/primaverde.com\/wp-content\/uploads\/2015\/03\/Primaverde14_content_expeditie1.jpg"},{"@type":"BreadcrumbList","@id":"https:\/\/primaverde.com\/de\/primaverde-als-einkaufsorganisation\/#breadcrumb","itemListElement":[{"@type":"ListItem","position":1,"name":"Home","item":"https:\/\/primaverde.com\/de\/"},{"@type":"ListItem","position":2,"name":"Primaverde als Einkaufsorganisation"}]},{"@type":"WebSite","@id":"https:\/\/primaverde.com\/de\/#website","url":"https:\/\/primaverde.com\/de\/","name":"Primaverde","description":"Covering material, protection, tapes, Beschermende materialen","publisher":{"@id":"https:\/\/primaverde.com\/de\/#organization"},"potentialAction":[{"@type":"SearchAction","target":{"@type":"EntryPoint","urlTemplate":"https:\/\/primaverde.com\/de\/?s={search_term_string}"},"query-input":{"@type":"PropertyValueSpecification","valueRequired":true,"valueName":"search_term_string"}}],"inLanguage":"de"},{"@type":"Organization","@id":"https:\/\/primaverde.com\/de\/#organization","name":"Primaverde B.V.","url":"https:\/\/primaverde.com\/de\/","logo":{"@type":"ImageObject","inLanguage":"de","@id":"https:\/\/primaverde.com\/de\/#\/schema\/logo\/image\/","url":"https:\/\/primaverde.com\/wp-content\/uploads\/2015\/03\/Logo_Primaverde.jpg","contentUrl":"https:\/\/primaverde.com\/wp-content\/uploads\/2015\/03\/Logo_Primaverde.jpg","width":1170,"height":212,"caption":"Primaverde B.V."},"image":{"@id":"https:\/\/primaverde.com\/de\/#\/schema\/logo\/image\/"},"sameAs":["https:\/\/www.facebook.com\/PrimaverdeBV\/","https:\/\/x.com\/PrimaverdeBV","https:\/\/nl.linkedin.com\/company\/primaverde","http:\/\/www.youtube.com\/channel\/UC3DwQqj8f8tatLdSFA0aWwA"]}]}},"_links":{"self":[{"href":"https:\/\/primaverde.com\/de\/wp-json\/wp\/v2\/pages\/5548","targetHints":{"allow":["GET"]}}],"collection":[{"href":"https:\/\/primaverde.com\/de\/wp-json\/wp\/v2\/pages"}],"about":[{"href":"https:\/\/primaverde.com\/de\/wp-json\/wp\/v2\/types\/page"}],"author":[{"embeddable":true,"href":"https:\/\/primaverde.com\/de\/wp-json\/wp\/v2\/users\/7"}],"replies":[{"embeddable":true,"href":"https:\/\/primaverde.com\/de\/wp-json\/wp\/v2\/comments?post=5548"}],"version-history":[{"count":0,"href":"https:\/\/primaverde.com\/de\/wp-json\/wp\/v2\/pages\/5548\/revisions"}],"wp:attachment":[{"href":"https:\/\/primaverde.com\/de\/wp-json\/wp\/v2\/media?parent=5548"}],"curies":[{"name":"wp","href":"https:\/\/api.w.org\/{rel}","templated":true}]}}