{"id":5679,"date":"2019-02-01T11:53:24","date_gmt":"2019-02-01T10:53:24","guid":{"rendered":"https:\/\/primaverde.com\/?page_id=5679"},"modified":"2019-02-28T15:05:57","modified_gmt":"2019-02-28T14:05:57","slug":"fugenmeister","status":"publish","type":"page","link":"https:\/\/primaverde.com\/de\/aktuell\/fugenmeister\/","title":{"rendered":"Aktuell Fugenmeister"},"content":{"rendered":"\n<h1 class=\"wp-block-heading\">Aktuell: FugenMeister<\/h1>\n\n\n\n<p>Das Sortiment FugenMeister besteht aus verschiedenen praktischen Werkzeugen wie Spachteln und dem Delta-Schleifmesser. Neuigkeiten und Neuigkeiten rund um FugenMeister finden Sie auf <a href=\"https:\/\/primaverde.com\/de\/unsere-marken\/fugenmeister\/\">dieser Seite<\/a>.<\/p>\n\n\n\n<p>Weitere Informationen zu FugenMeister finden Sie auf der FugenMeister-Seite dieser Website. Hast du eine Frage? Sie k\u00f6nnen sich jederzeit an die Berater von Primaverde wenden. Sie finden alle Details auf der <a href=\"https:\/\/primaverde.com\/de\/kontakt\/\">Kontaktseite<\/a>.<\/p>\n\n\n<style>.slick-slider#wpsp-5276 {margin-left: 0px; }.slick-slider#wpsp-5276 .wp-show-posts-inner {margin-left: 1em; margin-right: 1em; }#wpsp-5276.wpsp-card .wp-show-posts-single {margin-bottom: 2em; }.slick-slider#wpsp-5276 .wp-show-posts-single {margin-bottom: 0px; }#wpsp-5276 .wp-show-posts-read-more,\t\t#wpsp-5276 .wp-show-posts-read-more:visited {background: #ffffff; border-color: #d8d8d8; color: #ffffff; }#wpsp-5276 .wp-show-posts-read-more:hover,\t\t#wpsp-5276 .wp-show-posts-read-more:focus {background: #ffffff; border-color: #d8d8d8; color: #FFFFFF; }<\/style><style>.wp-show-posts-columns#wpsp-5276 {margin-left: -2em; }.wp-show-posts-columns#wpsp-5276 .wp-show-posts-inner {margin: 0 0 2em 2em; }<\/style><section id=\"wpsp-5276\" class=\" wp-show-posts-columns wp-show-posts-masonry wp-show-posts\" style=\"\"><div class=\"grid-sizer wpsp-col-4\"><\/div><article class=\"  wp-show-posts-masonry-col-4  wp-show-posts-masonry-block wp-show-posts-single post-41236 post type-post status-publish format-standard has-post-thumbnail hentry category-curtain-wall category-fugenmeister-de category-primacover category-messen category-presse category-primaverde-de wpsp-col-4\" itemtype=\"http:\/\/schema.org\/CreativeWork\" itemscope><div class=\"wp-show-posts-inner\" style=\"\">\t\t\t\t\t\t<header class=\"wp-show-posts-entry-header\">\n\t\t\t\t\t\t\t<h2 class=\"wp-show-posts-entry-title\" itemprop=\"headline\"><a href=\"https:\/\/primaverde.com\/de\/primaverde-de\/abweichende-oeffnungszeiten-mai-bauferien-2024\/\" rel=\"bookmark\">Abweichende \u00d6ffnungszeiten Mai + Bauferien 2024<\/a><\/h2>\t\t\t\t\t\t<\/header><!-- .entry-header -->\n\t\t\t\t\t\t\t<div class=\"wp-show-posts-image  wpsp-image-center \">\n\t\t\t<a href=\"https:\/\/primaverde.com\/de\/primaverde-de\/abweichende-oeffnungszeiten-mai-bauferien-2024\/\"  title=\"Abweichende \u00d6ffnungszeiten Mai + Bauferien 2024\"><img loading=\"lazy\" decoding=\"async\" width=\"600\" height=\"235\" src=\"https:\/\/primaverde.com\/wp-content\/uploads\/2023\/05\/Primaverde-vakantie-en-vrije-dagen-gesloten-niet-bereikbaar.jpg\" class=\"attachment-full size-full wp-post-image\" alt=\"Primaverde vakantie en vrije dagen - gesloten - niet bereikbaar - update voor relaties\" itemprop=\"image\" srcset=\"https:\/\/primaverde.com\/wp-content\/uploads\/2023\/05\/Primaverde-vakantie-en-vrije-dagen-gesloten-niet-bereikbaar.jpg 600w, https:\/\/primaverde.com\/wp-content\/uploads\/2023\/05\/Primaverde-vakantie-en-vrije-dagen-gesloten-niet-bereikbaar-300x118.jpg 300w\" sizes=\"auto, (max-width: 600px) 100vw, 600px\" \/><\/a>\t\t<\/div>\n\t\t\t\t\t\t\t\t<div class=\"wp-show-posts-entry-summary\" itemprop=\"text\">\n\t\t\t\t\t\t\t<p>Primaverde bleibt am Freitag, den 21. Juni geschlossen. An diesem Tag findet unser j\u00e4hrliches Team-Wochenende statt. Bitte beachten Sie auch die Bauferien, da Primaverde dann f\u00fcr 1 Woche geschlossen ist&#8230;.<\/p>\n\t\t\t\t\t\t<\/div><!-- .entry-summary -->\n\t\t\t\t\t<div class=\"wpsp-read-more\"><a title=\"Abweichende \u00d6ffnungszeiten Mai + Bauferien 2024\" class=\"wp-show-posts-read-more\" href=\"https:\/\/primaverde.com\/de\/primaverde-de\/abweichende-oeffnungszeiten-mai-bauferien-2024\/\">Lees meer...<\/a><\/div><\/div><!-- wp-show-posts-inner --><\/article><article class=\"  wp-show-posts-masonry-col-4  wp-show-posts-masonry-block wp-show-posts-single post-41399 post type-post status-publish format-standard has-post-thumbnail hentry category-curtain-wall category-fugenmeister-de category-primacover category-primaverde-de wpsp-col-4\" itemtype=\"http:\/\/schema.org\/CreativeWork\" itemscope><div class=\"wp-show-posts-inner\" style=\"\">\t\t\t\t\t\t<header class=\"wp-show-posts-entry-header\">\n\t\t\t\t\t\t\t<h2 class=\"wp-show-posts-entry-title\" itemprop=\"headline\"><a href=\"https:\/\/primaverde.com\/de\/curtain-wall\/in-memoriam-edwin-van-iersel\/\" rel=\"bookmark\">In Memoriam: Edwin van Iersel<\/a><\/h2>\t\t\t\t\t\t<\/header><!-- .entry-header -->\n\t\t\t\t\t\t\t<div class=\"wp-show-posts-image  wpsp-image-center \">\n\t\t\t<a href=\"https:\/\/primaverde.com\/de\/curtain-wall\/in-memoriam-edwin-van-iersel\/\"  title=\"In Memoriam: Edwin van Iersel\"><img loading=\"lazy\" decoding=\"async\" width=\"600\" height=\"235\" src=\"https:\/\/primaverde.com\/wp-content\/uploads\/2023\/09\/Primaverde_EdwinvIersel_in_memoriam_magazijn_groot.jpg\" class=\"attachment-full size-full wp-post-image\" alt=\"Primaverde Edwin van Iersel overleden\" itemprop=\"image\" srcset=\"https:\/\/primaverde.com\/wp-content\/uploads\/2023\/09\/Primaverde_EdwinvIersel_in_memoriam_magazijn_groot.jpg 600w, https:\/\/primaverde.com\/wp-content\/uploads\/2023\/09\/Primaverde_EdwinvIersel_in_memoriam_magazijn_groot-300x118.jpg 300w\" sizes=\"auto, (max-width: 600px) 100vw, 600px\" \/><\/a>\t\t<\/div>\n\t\t\t\t\t\t\t\t<div class=\"wp-show-posts-entry-summary\" itemprop=\"text\">\n\t\t\t\t\t\t\t<p>V\u00f6llig unerwartet und zu unserem gro\u00dfen Bedauern ist Edwin van Iersel, Miteigent\u00fcmer und Vorstandsmitglied von Primaverde BV, verstorben. &nbsp; Edwins Ableben ist schwer zu begreifen. Viel zu jung und mit&#8230;<\/p>\n\t\t\t\t\t\t<\/div><!-- .entry-summary -->\n\t\t\t\t\t<div class=\"wpsp-read-more\"><a title=\"In Memoriam: Edwin van Iersel\" class=\"wp-show-posts-read-more\" href=\"https:\/\/primaverde.com\/de\/curtain-wall\/in-memoriam-edwin-van-iersel\/\">Lees meer...<\/a><\/div><\/div><!-- wp-show-posts-inner --><\/article><article class=\"  wp-show-posts-masonry-col-4  wp-show-posts-masonry-block wp-show-posts-single post-32854 post type-post status-publish format-standard has-post-thumbnail hentry category-curtain-wall category-fugenmeister-de category-primacover category-in-de-media-de category-messen category-niet-geklassificeerd category-presse category-primaverde-de tag-austria tag-curtain-wall-staubschutzsysteme tag-fachkongress tag-fliesenleger tag-fugenmeister-fugenwerkzeuge tag-keramiko-2 tag-oesterreich tag-primacover-schutz-fuer-fliesenboeden tag-ram-board-extra-starker-atmungsaktiver-bodenschutz wpsp-col-4\" itemtype=\"http:\/\/schema.org\/CreativeWork\" itemscope><div class=\"wp-show-posts-inner\" style=\"\">\t\t\t\t\t\t<header class=\"wp-show-posts-entry-header\">\n\t\t\t\t\t\t\t<h2 class=\"wp-show-posts-entry-title\" itemprop=\"headline\"><a href=\"https:\/\/primaverde.com\/de\/messen\/primaverde-teilnehmer-innovativem-fachkongress-keramiko-austria\/\" rel=\"bookmark\">Primaverde Teilnehmer an innovativem Fachkongress Keramiko Austria<\/a><\/h2>\t\t\t\t\t\t<\/header><!-- .entry-header -->\n\t\t\t\t\t\t\t<div class=\"wp-show-posts-image  wpsp-image-center \">\n\t\t\t<a href=\"https:\/\/primaverde.com\/de\/messen\/primaverde-teilnehmer-innovativem-fachkongress-keramiko-austria\/\"  title=\"Primaverde Teilnehmer an innovativem Fachkongress Keramiko Austria\"><img loading=\"lazy\" decoding=\"async\" width=\"600\" height=\"235\" src=\"https:\/\/primaverde.com\/wp-content\/uploads\/2022\/07\/Keramiko-Osterreich-Sponsoring-Primaverde.jpg\" class=\"attachment-full size-full wp-post-image\" alt=\"Keramiko \u00d6sterreich Sponsoring Primaverde\" itemprop=\"image\" srcset=\"https:\/\/primaverde.com\/wp-content\/uploads\/2022\/07\/Keramiko-Osterreich-Sponsoring-Primaverde.jpg 600w, https:\/\/primaverde.com\/wp-content\/uploads\/2022\/07\/Keramiko-Osterreich-Sponsoring-Primaverde-300x118.jpg 300w\" sizes=\"auto, (max-width: 600px) 100vw, 600px\" \/><\/a>\t\t<\/div>\n\t\t\t\t\t\t\t\t<div class=\"wp-show-posts-entry-summary\" itemprop=\"text\">\n\t\t\t\t\t\t\t<p>Bei Keramiko Austria dreht sich alles um Innovation und den Austausch von Fachwissen. Primaverde ist mit einem Stand auf der gleichzeitig stattfindenden Messe vertreten. Kommen Sie am 8. und 9. September nach Wien!<\/p>\n\t\t\t\t\t\t<\/div><!-- .entry-summary -->\n\t\t\t\t\t<div class=\"wpsp-read-more\"><a title=\"Primaverde Teilnehmer an innovativem Fachkongress Keramiko Austria\" class=\"wp-show-posts-read-more\" href=\"https:\/\/primaverde.com\/de\/messen\/primaverde-teilnehmer-innovativem-fachkongress-keramiko-austria\/\">Lees meer...<\/a><\/div><\/div><!-- wp-show-posts-inner --><\/article><div class=\"wpsp-clear\"><\/div><\/section><!-- .wp-show-posts -->\n","protected":false},"excerpt":{"rendered":"<p>Aktuell: FugenMeister Das Sortiment FugenMeister besteht aus verschiedenen praktischen Werkzeugen wie Spachteln und dem Delta-Schleifmesser. Neuigkeiten und Neuigkeiten rund um &#8230; <a title=\"Primaverde Teilnehmer an innovativem Fachkongress Keramiko Austria\" class=\"read-more\" href=\"https:\/\/primaverde.com\/de\/messen\/primaverde-teilnehmer-innovativem-fachkongress-keramiko-austria\/\" aria-label=\"Mehr Informationen \u00fcber Primaverde Teilnehmer an innovativem Fachkongress Keramiko Austria\">Lees verder&#8230;<\/a><\/p>\n","protected":false},"author":7,"featured_media":0,"parent":5699,"menu_order":0,"comment_status":"closed","ping_status":"closed","template":"","meta":{"generate_page_header":"","footnotes":""},"class_list":["post-5679","page","type-page","status-publish","hentry","infinite-scroll-item","masonry-post","generate-columns","tablet-grid-50","mobile-grid-100","grid-parent","grid-33"],"yoast_head":"<!-- This site is optimized with the Yoast SEO Premium plugin v26.8 (Yoast SEO v27.5) - https:\/\/yoast.com\/product\/yoast-seo-premium-wordpress\/ -->\n<title>Aktuell Fugenmeister - Primaverde<\/title>\n<meta name=\"robots\" content=\"index, follow, max-snippet:-1, max-image-preview:large, max-video-preview:-1\" \/>\n<link rel=\"canonical\" href=\"https:\/\/primaverde.com\/de\/aktuell\/fugenmeister\/\" \/>\n<meta property=\"og:locale\" content=\"de_DE\" \/>\n<meta property=\"og:type\" content=\"article\" \/>\n<meta property=\"og:title\" content=\"Aktuell Fugenmeister\" \/>\n<meta property=\"og:description\" content=\"Aktuell: FugenMeister Das Sortiment FugenMeister besteht aus verschiedenen praktischen Werkzeugen wie Spachteln und dem Delta-Schleifmesser. Neuigkeiten und Neuigkeiten rund um ... Lees verder...\" \/>\n<meta property=\"og:url\" content=\"https:\/\/primaverde.com\/de\/aktuell\/fugenmeister\/\" \/>\n<meta property=\"og:site_name\" content=\"Primaverde\" \/>\n<meta property=\"article:publisher\" content=\"https:\/\/www.facebook.com\/PrimaverdeBV\/\" \/>\n<meta property=\"article:modified_time\" content=\"2019-02-28T14:05:57+00:00\" \/>\n<meta name=\"twitter:card\" content=\"summary_large_image\" \/>\n<meta name=\"twitter:site\" content=\"@PrimaverdeBV\" \/>\n<script type=\"application\/ld+json\" class=\"yoast-schema-graph\">{\"@context\":\"https:\\\/\\\/schema.org\",\"@graph\":[{\"@type\":\"WebPage\",\"@id\":\"https:\\\/\\\/primaverde.com\\\/de\\\/aktuell\\\/fugenmeister\\\/\",\"url\":\"https:\\\/\\\/primaverde.com\\\/de\\\/aktuell\\\/fugenmeister\\\/\",\"name\":\"Aktuell Fugenmeister - Primaverde\",\"isPartOf\":{\"@id\":\"https:\\\/\\\/primaverde.com\\\/de\\\/#website\"},\"datePublished\":\"2019-02-01T10:53:24+00:00\",\"dateModified\":\"2019-02-28T14:05:57+00:00\",\"breadcrumb\":{\"@id\":\"https:\\\/\\\/primaverde.com\\\/de\\\/aktuell\\\/fugenmeister\\\/#breadcrumb\"},\"inLanguage\":\"de\",\"potentialAction\":[{\"@type\":\"ReadAction\",\"target\":[\"https:\\\/\\\/primaverde.com\\\/de\\\/aktuell\\\/fugenmeister\\\/\"]}]},{\"@type\":\"BreadcrumbList\",\"@id\":\"https:\\\/\\\/primaverde.com\\\/de\\\/aktuell\\\/fugenmeister\\\/#breadcrumb\",\"itemListElement\":[{\"@type\":\"ListItem\",\"position\":1,\"name\":\"Home\",\"item\":\"https:\\\/\\\/primaverde.com\\\/de\\\/\"},{\"@type\":\"ListItem\",\"position\":2,\"name\":\"Aktuelle Nachrichten zu Primaverde\",\"item\":\"https:\\\/\\\/primaverde.com\\\/de\\\/aktuell\\\/\"},{\"@type\":\"ListItem\",\"position\":3,\"name\":\"Aktuell Fugenmeister\"}]},{\"@type\":\"WebSite\",\"@id\":\"https:\\\/\\\/primaverde.com\\\/de\\\/#website\",\"url\":\"https:\\\/\\\/primaverde.com\\\/de\\\/\",\"name\":\"Primaverde\",\"description\":\"Covering material, protection, tapes, Beschermende materialen\",\"publisher\":{\"@id\":\"https:\\\/\\\/primaverde.com\\\/de\\\/#organization\"},\"potentialAction\":[{\"@type\":\"SearchAction\",\"target\":{\"@type\":\"EntryPoint\",\"urlTemplate\":\"https:\\\/\\\/primaverde.com\\\/de\\\/?s={search_term_string}\"},\"query-input\":{\"@type\":\"PropertyValueSpecification\",\"valueRequired\":true,\"valueName\":\"search_term_string\"}}],\"inLanguage\":\"de\"},{\"@type\":\"Organization\",\"@id\":\"https:\\\/\\\/primaverde.com\\\/de\\\/#organization\",\"name\":\"Primaverde B.V.\",\"url\":\"https:\\\/\\\/primaverde.com\\\/de\\\/\",\"logo\":{\"@type\":\"ImageObject\",\"inLanguage\":\"de\",\"@id\":\"https:\\\/\\\/primaverde.com\\\/de\\\/#\\\/schema\\\/logo\\\/image\\\/\",\"url\":\"https:\\\/\\\/primaverde.com\\\/wp-content\\\/uploads\\\/2015\\\/03\\\/Logo_Primaverde.jpg\",\"contentUrl\":\"https:\\\/\\\/primaverde.com\\\/wp-content\\\/uploads\\\/2015\\\/03\\\/Logo_Primaverde.jpg\",\"width\":1170,\"height\":212,\"caption\":\"Primaverde B.V.\"},\"image\":{\"@id\":\"https:\\\/\\\/primaverde.com\\\/de\\\/#\\\/schema\\\/logo\\\/image\\\/\"},\"sameAs\":[\"https:\\\/\\\/www.facebook.com\\\/PrimaverdeBV\\\/\",\"https:\\\/\\\/x.com\\\/PrimaverdeBV\",\"https:\\\/\\\/nl.linkedin.com\\\/company\\\/primaverde\",\"http:\\\/\\\/www.youtube.com\\\/channel\\\/UC3DwQqj8f8tatLdSFA0aWwA\"]}]}<\/script>\n<!-- \/ Yoast SEO Premium plugin. -->","yoast_head_json":{"title":"Aktuell Fugenmeister - Primaverde","robots":{"index":"index","follow":"follow","max-snippet":"max-snippet:-1","max-image-preview":"max-image-preview:large","max-video-preview":"max-video-preview:-1"},"canonical":"https:\/\/primaverde.com\/de\/aktuell\/fugenmeister\/","og_locale":"de_DE","og_type":"article","og_title":"Aktuell Fugenmeister","og_description":"Aktuell: FugenMeister Das Sortiment FugenMeister besteht aus verschiedenen praktischen Werkzeugen wie Spachteln und dem Delta-Schleifmesser. Neuigkeiten und Neuigkeiten rund um ... Lees verder...","og_url":"https:\/\/primaverde.com\/de\/aktuell\/fugenmeister\/","og_site_name":"Primaverde","article_publisher":"https:\/\/www.facebook.com\/PrimaverdeBV\/","article_modified_time":"2019-02-28T14:05:57+00:00","twitter_card":"summary_large_image","twitter_site":"@PrimaverdeBV","schema":{"@context":"https:\/\/schema.org","@graph":[{"@type":"WebPage","@id":"https:\/\/primaverde.com\/de\/aktuell\/fugenmeister\/","url":"https:\/\/primaverde.com\/de\/aktuell\/fugenmeister\/","name":"Aktuell Fugenmeister - Primaverde","isPartOf":{"@id":"https:\/\/primaverde.com\/de\/#website"},"datePublished":"2019-02-01T10:53:24+00:00","dateModified":"2019-02-28T14:05:57+00:00","breadcrumb":{"@id":"https:\/\/primaverde.com\/de\/aktuell\/fugenmeister\/#breadcrumb"},"inLanguage":"de","potentialAction":[{"@type":"ReadAction","target":["https:\/\/primaverde.com\/de\/aktuell\/fugenmeister\/"]}]},{"@type":"BreadcrumbList","@id":"https:\/\/primaverde.com\/de\/aktuell\/fugenmeister\/#breadcrumb","itemListElement":[{"@type":"ListItem","position":1,"name":"Home","item":"https:\/\/primaverde.com\/de\/"},{"@type":"ListItem","position":2,"name":"Aktuelle Nachrichten zu Primaverde","item":"https:\/\/primaverde.com\/de\/aktuell\/"},{"@type":"ListItem","position":3,"name":"Aktuell Fugenmeister"}]},{"@type":"WebSite","@id":"https:\/\/primaverde.com\/de\/#website","url":"https:\/\/primaverde.com\/de\/","name":"Primaverde","description":"Covering material, protection, tapes, Beschermende materialen","publisher":{"@id":"https:\/\/primaverde.com\/de\/#organization"},"potentialAction":[{"@type":"SearchAction","target":{"@type":"EntryPoint","urlTemplate":"https:\/\/primaverde.com\/de\/?s={search_term_string}"},"query-input":{"@type":"PropertyValueSpecification","valueRequired":true,"valueName":"search_term_string"}}],"inLanguage":"de"},{"@type":"Organization","@id":"https:\/\/primaverde.com\/de\/#organization","name":"Primaverde B.V.","url":"https:\/\/primaverde.com\/de\/","logo":{"@type":"ImageObject","inLanguage":"de","@id":"https:\/\/primaverde.com\/de\/#\/schema\/logo\/image\/","url":"https:\/\/primaverde.com\/wp-content\/uploads\/2015\/03\/Logo_Primaverde.jpg","contentUrl":"https:\/\/primaverde.com\/wp-content\/uploads\/2015\/03\/Logo_Primaverde.jpg","width":1170,"height":212,"caption":"Primaverde B.V."},"image":{"@id":"https:\/\/primaverde.com\/de\/#\/schema\/logo\/image\/"},"sameAs":["https:\/\/www.facebook.com\/PrimaverdeBV\/","https:\/\/x.com\/PrimaverdeBV","https:\/\/nl.linkedin.com\/company\/primaverde","http:\/\/www.youtube.com\/channel\/UC3DwQqj8f8tatLdSFA0aWwA"]}]}},"_links":{"self":[{"href":"https:\/\/primaverde.com\/de\/wp-json\/wp\/v2\/pages\/5679","targetHints":{"allow":["GET"]}}],"collection":[{"href":"https:\/\/primaverde.com\/de\/wp-json\/wp\/v2\/pages"}],"about":[{"href":"https:\/\/primaverde.com\/de\/wp-json\/wp\/v2\/types\/page"}],"author":[{"embeddable":true,"href":"https:\/\/primaverde.com\/de\/wp-json\/wp\/v2\/users\/7"}],"replies":[{"embeddable":true,"href":"https:\/\/primaverde.com\/de\/wp-json\/wp\/v2\/comments?post=5679"}],"version-history":[{"count":0,"href":"https:\/\/primaverde.com\/de\/wp-json\/wp\/v2\/pages\/5679\/revisions"}],"up":[{"embeddable":true,"href":"https:\/\/primaverde.com\/de\/wp-json\/wp\/v2\/pages\/5699"}],"wp:attachment":[{"href":"https:\/\/primaverde.com\/de\/wp-json\/wp\/v2\/media?parent=5679"}],"curies":[{"name":"wp","href":"https:\/\/api.w.org\/{rel}","templated":true}]}}