{"id":5699,"date":"2019-02-05T10:30:34","date_gmt":"2019-02-05T09:30:34","guid":{"rendered":"https:\/\/primaverde.com\/?page_id=5699"},"modified":"2019-11-28T17:19:25","modified_gmt":"2019-11-28T16:19:25","slug":"aktuell","status":"publish","type":"page","link":"https:\/\/primaverde.com\/de\/aktuell\/","title":{"rendered":"Aktuelle Nachrichten zu Primaverde"},"content":{"rendered":"\n<h1 class=\"wp-block-heading\">Aktuell<\/h1>\n\n\n\n<p>Alle Neuigkeiten zu Primaverde finden Sie auf dieser Nachrichtenseite. Lernen Sie beispielsweise neue Produkte und Anwendungen von PrimaCover, Curtain-Wall und FugenMeister kennen. Sie sehen auch, auf welchen Messen unser Team vertreten ist.<\/p>\n\n\n\n<p>Interessieren Sie sich f\u00fcr ein bestimmtes Thema? W\u00e4hlen Sie dann das Thema Ihrer Wahl. Bei Fragen zur Verwendung unserer Produkte, Verkaufspunkte usw. k\u00f6nnen Sie sich jederzeit an einen unserer <a href=\"https:\/\/primaverde.com\/de\/kontakt\/\">Berater<\/a> wenden.<\/p>\n\n\n<style>.slick-slider#wpsp-5494 {margin-left: 0px; }.slick-slider#wpsp-5494 .wp-show-posts-inner {margin-left: 1em; margin-right: 1em; }#wpsp-5494.wpsp-card .wp-show-posts-single {margin-bottom: 2em; }.slick-slider#wpsp-5494 .wp-show-posts-single {margin-bottom: 0px; }#wpsp-5494 .wp-show-posts-inner {background-color: #ffffff; }#wpsp-5494 .wp-show-posts-read-more,\t\t#wpsp-5494 .wp-show-posts-read-more:visited {background: #ffffff; border-color: #d8d8d8; color: #ffffff; }#wpsp-5494 .wp-show-posts-read-more:hover,\t\t#wpsp-5494 .wp-show-posts-read-more:focus {background: #ffffff; border-color: #d8d8d8; color: #ffffff; }<\/style><style>.wp-show-posts-columns#wpsp-5494 {margin-left: -2em; }.wp-show-posts-columns#wpsp-5494 .wp-show-posts-inner {margin: 0 0 2em 2em; }<\/style><section id=\"wpsp-5494\" class=\" wp-show-posts-columns wp-show-posts\" style=\"\"><article class=\" wp-show-posts-single post-45862 post type-post status-publish format-standard has-post-thumbnail hentry category-primacover category-primaverde-de wpsp-col-4\" itemtype=\"http:\/\/schema.org\/CreativeWork\" itemscope><div class=\"wp-show-posts-inner\" style=\"\">\t\t\t\t\t\t<header class=\"wp-show-posts-entry-header\">\n\t\t\t\t\t\t\t<h2 class=\"wp-show-posts-entry-title\" itemprop=\"headline\"><a href=\"https:\/\/primaverde.com\/de\/primacover\/primaverde-gaat-verhuizen\/\" rel=\"bookmark\">Primaverde zieht um!<\/a><\/h2>\t\t\t\t\t\t<\/header><!-- .entry-header -->\n\t\t\t\t\t\t\t<div class=\"wp-show-posts-image  wpsp-image-center \">\n\t\t\t<a href=\"https:\/\/primaverde.com\/de\/primacover\/primaverde-gaat-verhuizen\/\"  title=\"Primaverde zieht um!\"><img loading=\"lazy\" decoding=\"async\" width=\"1536\" height=\"1024\" src=\"https:\/\/primaverde.com\/wp-content\/uploads\/2026\/03\/Lkw-im-Vordergrund-vor-Lagerhalle.png\" class=\"attachment-full size-full wp-post-image\" alt=\"\" itemprop=\"image\" srcset=\"https:\/\/primaverde.com\/wp-content\/uploads\/2026\/03\/Lkw-im-Vordergrund-vor-Lagerhalle.png 1536w, https:\/\/primaverde.com\/wp-content\/uploads\/2026\/03\/Lkw-im-Vordergrund-vor-Lagerhalle-300x200.png 300w, https:\/\/primaverde.com\/wp-content\/uploads\/2026\/03\/Lkw-im-Vordergrund-vor-Lagerhalle-1200x800.png 1200w, https:\/\/primaverde.com\/wp-content\/uploads\/2026\/03\/Lkw-im-Vordergrund-vor-Lagerhalle-768x512.png 768w, https:\/\/primaverde.com\/wp-content\/uploads\/2026\/03\/Lkw-im-Vordergrund-vor-Lagerhalle-600x400.png 600w\" sizes=\"auto, (max-width: 1536px) 100vw, 1536px\" \/><\/a>\t\t<\/div>\n\t\t\t\t\t\t\t\t<div class=\"wp-show-posts-entry-summary\" itemprop=\"text\">\n\t\t\t\t\t\t\t<p>Ab dem 1. April 2026 ziehen wir in ein neues, modernes und deutlich gr\u00f6\u00dferes Geb\u00e4ude um. Dank dieser Umzug sind wir bestens f\u00fcr die Zukunft ger\u00fcstet. Bei Fragen stehen wir Ihnen gerne zur Verf\u00fcgung!<\/p>\n\t\t\t\t\t\t<\/div><!-- .entry-summary -->\n\t\t\t\t\t<div class=\"wpsp-read-more\"><a title=\"Primaverde zieht um!\" class=\"wp-show-posts-read-more\" href=\"https:\/\/primaverde.com\/de\/primacover\/primaverde-gaat-verhuizen\/\">Lees meer...<\/a><\/div><\/div><!-- wp-show-posts-inner --><\/article><article class=\" wp-show-posts-single post-43457 post type-post status-publish format-standard has-post-thumbnail hentry category-messen tag-primacover-de tag-primacover wpsp-col-4\" itemtype=\"http:\/\/schema.org\/CreativeWork\" itemscope><div class=\"wp-show-posts-inner\" style=\"\">\t\t\t\t\t\t<header class=\"wp-show-posts-entry-header\">\n\t\t\t\t\t\t\t<h2 class=\"wp-show-posts-entry-title\" itemprop=\"headline\"><a href=\"https:\/\/primaverde.com\/de\/messen\/primaverde-teilnehmer-bau-2025-muenchen\/\" rel=\"bookmark\">Primaverde Teilnehmer BAU 2025 M\u00fcnchen<\/a><\/h2>\t\t\t\t\t\t<\/header><!-- .entry-header -->\n\t\t\t\t\t\t\t<div class=\"wp-show-posts-image  wpsp-image-center \">\n\t\t\t<a href=\"https:\/\/primaverde.com\/de\/messen\/primaverde-teilnehmer-bau-2025-muenchen\/\"  title=\"Primaverde Teilnehmer BAU 2025 M\u00fcnchen\"><img loading=\"lazy\" decoding=\"async\" width=\"1024\" height=\"512\" src=\"https:\/\/primaverde.com\/wp-content\/uploads\/2024\/10\/104515_BAU25_Mediakit_Aussteller_1024x512_Engels-1.jpg\" class=\"attachment-full size-full wp-post-image\" alt=\"BAU 2025 logo\" itemprop=\"image\" srcset=\"https:\/\/primaverde.com\/wp-content\/uploads\/2024\/10\/104515_BAU25_Mediakit_Aussteller_1024x512_Engels-1.jpg 1024w, https:\/\/primaverde.com\/wp-content\/uploads\/2024\/10\/104515_BAU25_Mediakit_Aussteller_1024x512_Engels-1-300x150.jpg 300w, https:\/\/primaverde.com\/wp-content\/uploads\/2024\/10\/104515_BAU25_Mediakit_Aussteller_1024x512_Engels-1-768x384.jpg 768w, https:\/\/primaverde.com\/wp-content\/uploads\/2024\/10\/104515_BAU25_Mediakit_Aussteller_1024x512_Engels-1-600x300.jpg 600w\" sizes=\"auto, (max-width: 1024px) 100vw, 1024px\" \/><\/a>\t\t<\/div>\n\t\t\t\t\t\t\t\t<div class=\"wp-show-posts-entry-summary\" itemprop=\"text\">\n\t\t\t\t\t\t\t<p>Bei Keramiko Austria dreht sich alles um Innovation und den Austausch von Fachwissen. Primaverde ist mit einem Stand auf der gleichzeitig stattfindenden Messe vertreten. Kommen Sie am 8. und 9. September nach Wien!<\/p>\n\t\t\t\t\t\t<\/div><!-- .entry-summary -->\n\t\t\t\t\t<div class=\"wpsp-read-more\"><a title=\"Primaverde Teilnehmer BAU 2025 M\u00fcnchen\" class=\"wp-show-posts-read-more\" href=\"https:\/\/primaverde.com\/de\/messen\/primaverde-teilnehmer-bau-2025-muenchen\/\">Lees meer...<\/a><\/div><\/div><!-- wp-show-posts-inner --><\/article><article class=\" wp-show-posts-single post-41236 post type-post status-publish format-standard has-post-thumbnail hentry category-curtain-wall category-fugenmeister-de category-primacover category-messen category-presse category-primaverde-de wpsp-col-4\" itemtype=\"http:\/\/schema.org\/CreativeWork\" itemscope><div class=\"wp-show-posts-inner\" style=\"\">\t\t\t\t\t\t<header class=\"wp-show-posts-entry-header\">\n\t\t\t\t\t\t\t<h2 class=\"wp-show-posts-entry-title\" itemprop=\"headline\"><a href=\"https:\/\/primaverde.com\/de\/primaverde-de\/abweichende-oeffnungszeiten-mai-bauferien-2024\/\" rel=\"bookmark\">Abweichende \u00d6ffnungszeiten Mai + Bauferien 2024<\/a><\/h2>\t\t\t\t\t\t<\/header><!-- .entry-header -->\n\t\t\t\t\t\t\t<div class=\"wp-show-posts-image  wpsp-image-center \">\n\t\t\t<a href=\"https:\/\/primaverde.com\/de\/primaverde-de\/abweichende-oeffnungszeiten-mai-bauferien-2024\/\"  title=\"Abweichende \u00d6ffnungszeiten Mai + Bauferien 2024\"><img loading=\"lazy\" decoding=\"async\" width=\"600\" height=\"235\" src=\"https:\/\/primaverde.com\/wp-content\/uploads\/2023\/05\/Primaverde-vakantie-en-vrije-dagen-gesloten-niet-bereikbaar.jpg\" class=\"attachment-full size-full wp-post-image\" alt=\"Primaverde vakantie en vrije dagen - gesloten - niet bereikbaar - update voor relaties\" itemprop=\"image\" srcset=\"https:\/\/primaverde.com\/wp-content\/uploads\/2023\/05\/Primaverde-vakantie-en-vrije-dagen-gesloten-niet-bereikbaar.jpg 600w, https:\/\/primaverde.com\/wp-content\/uploads\/2023\/05\/Primaverde-vakantie-en-vrije-dagen-gesloten-niet-bereikbaar-300x118.jpg 300w\" sizes=\"auto, (max-width: 600px) 100vw, 600px\" \/><\/a>\t\t<\/div>\n\t\t\t\t\t\t\t\t<div class=\"wp-show-posts-entry-summary\" itemprop=\"text\">\n\t\t\t\t\t\t\t<p>Primaverde bleibt am Freitag, den 21. Juni geschlossen. An diesem Tag findet unser j\u00e4hrliches Team-Wochenende statt. Bitte beachten Sie auch die Bauferien, da Primaverde dann f\u00fcr 1 Woche geschlossen ist&#8230;.<\/p>\n\t\t\t\t\t\t<\/div><!-- .entry-summary -->\n\t\t\t\t\t<div class=\"wpsp-read-more\"><a title=\"Abweichende \u00d6ffnungszeiten Mai + Bauferien 2024\" class=\"wp-show-posts-read-more\" href=\"https:\/\/primaverde.com\/de\/primaverde-de\/abweichende-oeffnungszeiten-mai-bauferien-2024\/\">Lees meer...<\/a><\/div><\/div><!-- wp-show-posts-inner --><\/article><div class=\"wpsp-clear\"><\/div><\/section><!-- .wp-show-posts -->\n","protected":false},"excerpt":{"rendered":"<p>Aktuell Alle Neuigkeiten zu Primaverde finden Sie auf dieser Nachrichtenseite. Lernen Sie beispielsweise neue Produkte und Anwendungen von PrimaCover, Curtain-Wall &#8230; <a title=\"Abweichende \u00d6ffnungszeiten Mai + Bauferien 2024\" class=\"read-more\" href=\"https:\/\/primaverde.com\/de\/primaverde-de\/abweichende-oeffnungszeiten-mai-bauferien-2024\/\" aria-label=\"Mehr Informationen \u00fcber Abweichende \u00d6ffnungszeiten Mai + Bauferien 2024\">Lees verder&#8230;<\/a><\/p>\n","protected":false},"author":7,"featured_media":0,"parent":0,"menu_order":8,"comment_status":"open","ping_status":"closed","template":"","meta":{"generate_page_header":"","footnotes":""},"class_list":["post-5699","page","type-page","status-publish","hentry","infinite-scroll-item","masonry-post","generate-columns","tablet-grid-50","mobile-grid-100","grid-parent","grid-33"],"yoast_head":"<!-- This site is optimized with the Yoast SEO Premium plugin v26.8 (Yoast SEO v27.4) - https:\/\/yoast.com\/product\/yoast-seo-premium-wordpress\/ -->\n<title>Aktuelle Nachrichten zu Primaverde - Primaverde<\/title>\n<meta name=\"description\" content=\"Alle Neuigkeiten zu Primaverde finden Sie auf dieser Nachrichtenseite. Neue Produkte und Anwendungen von PrimaCover, Curtain-Wall und FugenMeister\" \/>\n<meta name=\"robots\" content=\"index, follow, max-snippet:-1, max-image-preview:large, max-video-preview:-1\" \/>\n<link rel=\"canonical\" href=\"https:\/\/primaverde.com\/de\/aktuell\/\" \/>\n<meta property=\"og:locale\" content=\"de_DE\" \/>\n<meta property=\"og:type\" content=\"article\" \/>\n<meta property=\"og:title\" content=\"Aktuelle Nachrichten zu Primaverde\" \/>\n<meta property=\"og:description\" content=\"Alle Neuigkeiten zu Primaverde finden Sie auf dieser Nachrichtenseite. Neue Produkte und Anwendungen von PrimaCover, Curtain-Wall und FugenMeister\" \/>\n<meta property=\"og:url\" content=\"https:\/\/primaverde.com\/de\/aktuell\/\" \/>\n<meta property=\"og:site_name\" content=\"Primaverde\" \/>\n<meta property=\"article:publisher\" content=\"https:\/\/www.facebook.com\/PrimaverdeBV\/\" \/>\n<meta property=\"article:modified_time\" content=\"2019-11-28T16:19:25+00:00\" \/>\n<meta name=\"twitter:card\" content=\"summary_large_image\" \/>\n<meta name=\"twitter:site\" content=\"@PrimaverdeBV\" \/>\n<script type=\"application\/ld+json\" class=\"yoast-schema-graph\">{\"@context\":\"https:\\\/\\\/schema.org\",\"@graph\":[{\"@type\":\"WebPage\",\"@id\":\"https:\\\/\\\/primaverde.com\\\/de\\\/aktuell\\\/\",\"url\":\"https:\\\/\\\/primaverde.com\\\/de\\\/aktuell\\\/\",\"name\":\"Aktuelle Nachrichten zu Primaverde - Primaverde\",\"isPartOf\":{\"@id\":\"https:\\\/\\\/primaverde.com\\\/de\\\/#website\"},\"datePublished\":\"2019-02-05T09:30:34+00:00\",\"dateModified\":\"2019-11-28T16:19:25+00:00\",\"description\":\"Alle Neuigkeiten zu Primaverde finden Sie auf dieser Nachrichtenseite. Neue Produkte und Anwendungen von PrimaCover, Curtain-Wall und FugenMeister\",\"breadcrumb\":{\"@id\":\"https:\\\/\\\/primaverde.com\\\/de\\\/aktuell\\\/#breadcrumb\"},\"inLanguage\":\"de\",\"potentialAction\":[{\"@type\":\"ReadAction\",\"target\":[\"https:\\\/\\\/primaverde.com\\\/de\\\/aktuell\\\/\"]}]},{\"@type\":\"BreadcrumbList\",\"@id\":\"https:\\\/\\\/primaverde.com\\\/de\\\/aktuell\\\/#breadcrumb\",\"itemListElement\":[{\"@type\":\"ListItem\",\"position\":1,\"name\":\"Home\",\"item\":\"https:\\\/\\\/primaverde.com\\\/de\\\/\"},{\"@type\":\"ListItem\",\"position\":2,\"name\":\"Aktuelle Nachrichten zu Primaverde\"}]},{\"@type\":\"WebSite\",\"@id\":\"https:\\\/\\\/primaverde.com\\\/de\\\/#website\",\"url\":\"https:\\\/\\\/primaverde.com\\\/de\\\/\",\"name\":\"Primaverde\",\"description\":\"Covering material, protection, tapes, Beschermende materialen\",\"publisher\":{\"@id\":\"https:\\\/\\\/primaverde.com\\\/de\\\/#organization\"},\"potentialAction\":[{\"@type\":\"SearchAction\",\"target\":{\"@type\":\"EntryPoint\",\"urlTemplate\":\"https:\\\/\\\/primaverde.com\\\/de\\\/?s={search_term_string}\"},\"query-input\":{\"@type\":\"PropertyValueSpecification\",\"valueRequired\":true,\"valueName\":\"search_term_string\"}}],\"inLanguage\":\"de\"},{\"@type\":\"Organization\",\"@id\":\"https:\\\/\\\/primaverde.com\\\/de\\\/#organization\",\"name\":\"Primaverde B.V.\",\"url\":\"https:\\\/\\\/primaverde.com\\\/de\\\/\",\"logo\":{\"@type\":\"ImageObject\",\"inLanguage\":\"de\",\"@id\":\"https:\\\/\\\/primaverde.com\\\/de\\\/#\\\/schema\\\/logo\\\/image\\\/\",\"url\":\"https:\\\/\\\/primaverde.com\\\/wp-content\\\/uploads\\\/2015\\\/03\\\/Logo_Primaverde.jpg\",\"contentUrl\":\"https:\\\/\\\/primaverde.com\\\/wp-content\\\/uploads\\\/2015\\\/03\\\/Logo_Primaverde.jpg\",\"width\":1170,\"height\":212,\"caption\":\"Primaverde B.V.\"},\"image\":{\"@id\":\"https:\\\/\\\/primaverde.com\\\/de\\\/#\\\/schema\\\/logo\\\/image\\\/\"},\"sameAs\":[\"https:\\\/\\\/www.facebook.com\\\/PrimaverdeBV\\\/\",\"https:\\\/\\\/x.com\\\/PrimaverdeBV\",\"https:\\\/\\\/nl.linkedin.com\\\/company\\\/primaverde\",\"http:\\\/\\\/www.youtube.com\\\/channel\\\/UC3DwQqj8f8tatLdSFA0aWwA\"]}]}<\/script>\n<!-- \/ Yoast SEO Premium plugin. -->","yoast_head_json":{"title":"Aktuelle Nachrichten zu Primaverde - Primaverde","description":"Alle Neuigkeiten zu Primaverde finden Sie auf dieser Nachrichtenseite. Neue Produkte und Anwendungen von PrimaCover, Curtain-Wall und FugenMeister","robots":{"index":"index","follow":"follow","max-snippet":"max-snippet:-1","max-image-preview":"max-image-preview:large","max-video-preview":"max-video-preview:-1"},"canonical":"https:\/\/primaverde.com\/de\/aktuell\/","og_locale":"de_DE","og_type":"article","og_title":"Aktuelle Nachrichten zu Primaverde","og_description":"Alle Neuigkeiten zu Primaverde finden Sie auf dieser Nachrichtenseite. Neue Produkte und Anwendungen von PrimaCover, Curtain-Wall und FugenMeister","og_url":"https:\/\/primaverde.com\/de\/aktuell\/","og_site_name":"Primaverde","article_publisher":"https:\/\/www.facebook.com\/PrimaverdeBV\/","article_modified_time":"2019-11-28T16:19:25+00:00","twitter_card":"summary_large_image","twitter_site":"@PrimaverdeBV","schema":{"@context":"https:\/\/schema.org","@graph":[{"@type":"WebPage","@id":"https:\/\/primaverde.com\/de\/aktuell\/","url":"https:\/\/primaverde.com\/de\/aktuell\/","name":"Aktuelle Nachrichten zu Primaverde - Primaverde","isPartOf":{"@id":"https:\/\/primaverde.com\/de\/#website"},"datePublished":"2019-02-05T09:30:34+00:00","dateModified":"2019-11-28T16:19:25+00:00","description":"Alle Neuigkeiten zu Primaverde finden Sie auf dieser Nachrichtenseite. Neue Produkte und Anwendungen von PrimaCover, Curtain-Wall und FugenMeister","breadcrumb":{"@id":"https:\/\/primaverde.com\/de\/aktuell\/#breadcrumb"},"inLanguage":"de","potentialAction":[{"@type":"ReadAction","target":["https:\/\/primaverde.com\/de\/aktuell\/"]}]},{"@type":"BreadcrumbList","@id":"https:\/\/primaverde.com\/de\/aktuell\/#breadcrumb","itemListElement":[{"@type":"ListItem","position":1,"name":"Home","item":"https:\/\/primaverde.com\/de\/"},{"@type":"ListItem","position":2,"name":"Aktuelle Nachrichten zu Primaverde"}]},{"@type":"WebSite","@id":"https:\/\/primaverde.com\/de\/#website","url":"https:\/\/primaverde.com\/de\/","name":"Primaverde","description":"Covering material, protection, tapes, Beschermende materialen","publisher":{"@id":"https:\/\/primaverde.com\/de\/#organization"},"potentialAction":[{"@type":"SearchAction","target":{"@type":"EntryPoint","urlTemplate":"https:\/\/primaverde.com\/de\/?s={search_term_string}"},"query-input":{"@type":"PropertyValueSpecification","valueRequired":true,"valueName":"search_term_string"}}],"inLanguage":"de"},{"@type":"Organization","@id":"https:\/\/primaverde.com\/de\/#organization","name":"Primaverde B.V.","url":"https:\/\/primaverde.com\/de\/","logo":{"@type":"ImageObject","inLanguage":"de","@id":"https:\/\/primaverde.com\/de\/#\/schema\/logo\/image\/","url":"https:\/\/primaverde.com\/wp-content\/uploads\/2015\/03\/Logo_Primaverde.jpg","contentUrl":"https:\/\/primaverde.com\/wp-content\/uploads\/2015\/03\/Logo_Primaverde.jpg","width":1170,"height":212,"caption":"Primaverde B.V."},"image":{"@id":"https:\/\/primaverde.com\/de\/#\/schema\/logo\/image\/"},"sameAs":["https:\/\/www.facebook.com\/PrimaverdeBV\/","https:\/\/x.com\/PrimaverdeBV","https:\/\/nl.linkedin.com\/company\/primaverde","http:\/\/www.youtube.com\/channel\/UC3DwQqj8f8tatLdSFA0aWwA"]}]}},"_links":{"self":[{"href":"https:\/\/primaverde.com\/de\/wp-json\/wp\/v2\/pages\/5699","targetHints":{"allow":["GET"]}}],"collection":[{"href":"https:\/\/primaverde.com\/de\/wp-json\/wp\/v2\/pages"}],"about":[{"href":"https:\/\/primaverde.com\/de\/wp-json\/wp\/v2\/types\/page"}],"author":[{"embeddable":true,"href":"https:\/\/primaverde.com\/de\/wp-json\/wp\/v2\/users\/7"}],"replies":[{"embeddable":true,"href":"https:\/\/primaverde.com\/de\/wp-json\/wp\/v2\/comments?post=5699"}],"version-history":[{"count":0,"href":"https:\/\/primaverde.com\/de\/wp-json\/wp\/v2\/pages\/5699\/revisions"}],"wp:attachment":[{"href":"https:\/\/primaverde.com\/de\/wp-json\/wp\/v2\/media?parent=5699"}],"curies":[{"name":"wp","href":"https:\/\/api.w.org\/{rel}","templated":true}]}}