{"id":5710,"date":"2019-02-05T10:42:05","date_gmt":"2019-02-05T09:42:05","guid":{"rendered":"https:\/\/primaverde.com\/?page_id=5710"},"modified":"2021-03-24T14:01:05","modified_gmt":"2021-03-24T13:01:05","slug":"primacover","status":"publish","type":"page","link":"https:\/\/primaverde.com\/de\/aktuell\/primacover\/","title":{"rendered":"Aktuell: PrimaCover"},"content":{"rendered":"\n<h1 class=\"wp-block-heading\" id=\"h-aktuell-primacover\">Aktuell: PrimaCover<\/h1>\n\n\n\n<p>PrimaCover bietet Ihnen ein komplettes Sortiment an Bezugsmaterialien f\u00fcr B\u00f6den, Treppen und Fenster. PrimaCover ist immer in Bewegung. Auf dieser News-Seite erfahren Sie mehr \u00fcber spezielle Projekte, praktische Anwendungen und Sortiments\u00e4nderungen.<\/p>\n\n\n\n<p>Auf unserer <a href=\"https:\/\/primaverde.com\/de\/primacover\/\">PrimaCover-Markenseite<\/a> finden Sie weitere Informationen \u00fcber das Sortiment und die Art und Weise, wie wir Gro\u00dfh\u00e4ndler und Endverbraucher unterst\u00fctzen. Wenn Sie Fragen zu unseren Produkten haben, wenden Sie sich bitte an Primaverde. Wir beantworten Ihre Fragen gerne.<\/p>\n\n\n\n<p>Weitere Informationen zu PrimaCover finden Sie auf der speziellen Website: <a href=\"https:\/\/primacover.com\">primacover.com<\/a> &gt;&gt;&gt;<\/p>\n\n\n<style>.slick-slider#wpsp-5281 {margin-left: 0px; }.slick-slider#wpsp-5281 .wp-show-posts-inner {margin-left: 1em; margin-right: 1em; }#wpsp-5281.wpsp-card .wp-show-posts-single {margin-bottom: 2em; }.slick-slider#wpsp-5281 .wp-show-posts-single {margin-bottom: 0px; }#wpsp-5281 .wp-show-posts-read-more,\t\t#wpsp-5281 .wp-show-posts-read-more:visited {background: #ffffff; border-color: #d8d8d8; color: #ffffff; }#wpsp-5281 .wp-show-posts-read-more:hover,\t\t#wpsp-5281 .wp-show-posts-read-more:focus {background: #ffffff; border-color: #d8d8d8; color: #FFFFFF; }<\/style><style>.wp-show-posts-columns#wpsp-5281 {margin-left: -2em; }.wp-show-posts-columns#wpsp-5281 .wp-show-posts-inner {margin: 0 0 2em 2em; }<\/style><section id=\"wpsp-5281\" class=\" wp-show-posts-columns wp-show-posts-masonry wp-show-posts\" style=\"\"><div class=\"grid-sizer wpsp-col-4\"><\/div><article class=\"  wp-show-posts-masonry-col-4  wp-show-posts-masonry-block wp-show-posts-single post-45862 post type-post status-publish format-standard has-post-thumbnail hentry category-primacover category-primaverde-de wpsp-col-4\" itemtype=\"http:\/\/schema.org\/CreativeWork\" itemscope><div class=\"wp-show-posts-inner\" style=\"\">\t\t\t\t\t\t<header class=\"wp-show-posts-entry-header\">\n\t\t\t\t\t\t\t<h2 class=\"wp-show-posts-entry-title\" itemprop=\"headline\"><a href=\"https:\/\/primaverde.com\/de\/primacover\/primaverde-gaat-verhuizen\/\" rel=\"bookmark\">Primaverde zieht um!<\/a><\/h2>\t\t\t\t\t\t<\/header><!-- .entry-header -->\n\t\t\t\t\t\t\t<div class=\"wp-show-posts-image  wpsp-image-center \">\n\t\t\t<a href=\"https:\/\/primaverde.com\/de\/primacover\/primaverde-gaat-verhuizen\/\"  title=\"Primaverde zieht um!\"><img loading=\"lazy\" decoding=\"async\" width=\"1536\" height=\"1024\" src=\"https:\/\/primaverde.com\/wp-content\/uploads\/2026\/03\/Lkw-im-Vordergrund-vor-Lagerhalle.png\" class=\"attachment-full size-full wp-post-image\" alt=\"\" itemprop=\"image\" srcset=\"https:\/\/primaverde.com\/wp-content\/uploads\/2026\/03\/Lkw-im-Vordergrund-vor-Lagerhalle.png 1536w, https:\/\/primaverde.com\/wp-content\/uploads\/2026\/03\/Lkw-im-Vordergrund-vor-Lagerhalle-300x200.png 300w, https:\/\/primaverde.com\/wp-content\/uploads\/2026\/03\/Lkw-im-Vordergrund-vor-Lagerhalle-1200x800.png 1200w, https:\/\/primaverde.com\/wp-content\/uploads\/2026\/03\/Lkw-im-Vordergrund-vor-Lagerhalle-768x512.png 768w, https:\/\/primaverde.com\/wp-content\/uploads\/2026\/03\/Lkw-im-Vordergrund-vor-Lagerhalle-600x400.png 600w\" sizes=\"auto, (max-width: 1536px) 100vw, 1536px\" \/><\/a>\t\t<\/div>\n\t\t\t\t\t\t\t\t<div class=\"wp-show-posts-entry-summary\" itemprop=\"text\">\n\t\t\t\t\t\t\t<p>Ab dem 1. April 2026 ziehen wir in ein neues, modernes und deutlich gr\u00f6\u00dferes Geb\u00e4ude um. Dank dieser Umzug sind wir bestens f\u00fcr die Zukunft ger\u00fcstet. Bei Fragen stehen wir Ihnen gerne zur Verf\u00fcgung!<\/p>\n\t\t\t\t\t\t<\/div><!-- .entry-summary -->\n\t\t\t\t\t<div class=\"wpsp-read-more\"><a title=\"Primaverde zieht um!\" class=\"wp-show-posts-read-more\" href=\"https:\/\/primaverde.com\/de\/primacover\/primaverde-gaat-verhuizen\/\">Lees meer...<\/a><\/div><\/div><!-- wp-show-posts-inner --><\/article><article class=\"  wp-show-posts-masonry-col-4  wp-show-posts-masonry-block wp-show-posts-single post-41236 post type-post status-publish format-standard has-post-thumbnail hentry category-curtain-wall category-fugenmeister-de category-primacover category-messen category-presse category-primaverde-de wpsp-col-4\" itemtype=\"http:\/\/schema.org\/CreativeWork\" itemscope><div class=\"wp-show-posts-inner\" style=\"\">\t\t\t\t\t\t<header class=\"wp-show-posts-entry-header\">\n\t\t\t\t\t\t\t<h2 class=\"wp-show-posts-entry-title\" itemprop=\"headline\"><a href=\"https:\/\/primaverde.com\/de\/primaverde-de\/abweichende-oeffnungszeiten-mai-bauferien-2024\/\" rel=\"bookmark\">Abweichende \u00d6ffnungszeiten Mai + Bauferien 2024<\/a><\/h2>\t\t\t\t\t\t<\/header><!-- .entry-header -->\n\t\t\t\t\t\t\t<div class=\"wp-show-posts-image  wpsp-image-center \">\n\t\t\t<a href=\"https:\/\/primaverde.com\/de\/primaverde-de\/abweichende-oeffnungszeiten-mai-bauferien-2024\/\"  title=\"Abweichende \u00d6ffnungszeiten Mai + Bauferien 2024\"><img loading=\"lazy\" decoding=\"async\" width=\"600\" height=\"235\" src=\"https:\/\/primaverde.com\/wp-content\/uploads\/2023\/05\/Primaverde-vakantie-en-vrije-dagen-gesloten-niet-bereikbaar.jpg\" class=\"attachment-full size-full wp-post-image\" alt=\"Primaverde vakantie en vrije dagen - gesloten - niet bereikbaar - update voor relaties\" itemprop=\"image\" srcset=\"https:\/\/primaverde.com\/wp-content\/uploads\/2023\/05\/Primaverde-vakantie-en-vrije-dagen-gesloten-niet-bereikbaar.jpg 600w, https:\/\/primaverde.com\/wp-content\/uploads\/2023\/05\/Primaverde-vakantie-en-vrije-dagen-gesloten-niet-bereikbaar-300x118.jpg 300w\" sizes=\"auto, (max-width: 600px) 100vw, 600px\" \/><\/a>\t\t<\/div>\n\t\t\t\t\t\t\t\t<div class=\"wp-show-posts-entry-summary\" itemprop=\"text\">\n\t\t\t\t\t\t\t<p>Primaverde bleibt am Freitag, den 21. Juni geschlossen. An diesem Tag findet unser j\u00e4hrliches Team-Wochenende statt. Bitte beachten Sie auch die Bauferien, da Primaverde dann f\u00fcr 1 Woche geschlossen ist&#8230;.<\/p>\n\t\t\t\t\t\t<\/div><!-- .entry-summary -->\n\t\t\t\t\t<div class=\"wpsp-read-more\"><a title=\"Abweichende \u00d6ffnungszeiten Mai + Bauferien 2024\" class=\"wp-show-posts-read-more\" href=\"https:\/\/primaverde.com\/de\/primaverde-de\/abweichende-oeffnungszeiten-mai-bauferien-2024\/\">Lees meer...<\/a><\/div><\/div><!-- wp-show-posts-inner --><\/article><article class=\"  wp-show-posts-masonry-col-4  wp-show-posts-masonry-block wp-show-posts-single post-41399 post type-post status-publish format-standard has-post-thumbnail hentry category-curtain-wall category-fugenmeister-de category-primacover category-primaverde-de wpsp-col-4\" itemtype=\"http:\/\/schema.org\/CreativeWork\" itemscope><div class=\"wp-show-posts-inner\" style=\"\">\t\t\t\t\t\t<header class=\"wp-show-posts-entry-header\">\n\t\t\t\t\t\t\t<h2 class=\"wp-show-posts-entry-title\" itemprop=\"headline\"><a href=\"https:\/\/primaverde.com\/de\/curtain-wall\/in-memoriam-edwin-van-iersel\/\" rel=\"bookmark\">In Memoriam: Edwin van Iersel<\/a><\/h2>\t\t\t\t\t\t<\/header><!-- .entry-header -->\n\t\t\t\t\t\t\t<div class=\"wp-show-posts-image  wpsp-image-center \">\n\t\t\t<a href=\"https:\/\/primaverde.com\/de\/curtain-wall\/in-memoriam-edwin-van-iersel\/\"  title=\"In Memoriam: Edwin van Iersel\"><img loading=\"lazy\" decoding=\"async\" width=\"600\" height=\"235\" src=\"https:\/\/primaverde.com\/wp-content\/uploads\/2023\/09\/Primaverde_EdwinvIersel_in_memoriam_magazijn_groot.jpg\" class=\"attachment-full size-full wp-post-image\" alt=\"Primaverde Edwin van Iersel overleden\" itemprop=\"image\" srcset=\"https:\/\/primaverde.com\/wp-content\/uploads\/2023\/09\/Primaverde_EdwinvIersel_in_memoriam_magazijn_groot.jpg 600w, https:\/\/primaverde.com\/wp-content\/uploads\/2023\/09\/Primaverde_EdwinvIersel_in_memoriam_magazijn_groot-300x118.jpg 300w\" sizes=\"auto, (max-width: 600px) 100vw, 600px\" \/><\/a>\t\t<\/div>\n\t\t\t\t\t\t\t\t<div class=\"wp-show-posts-entry-summary\" itemprop=\"text\">\n\t\t\t\t\t\t\t<p>V\u00f6llig unerwartet und zu unserem gro\u00dfen Bedauern ist Edwin van Iersel, Miteigent\u00fcmer und Vorstandsmitglied von Primaverde BV, verstorben. &nbsp; Edwins Ableben ist schwer zu begreifen. Viel zu jung und mit&#8230;<\/p>\n\t\t\t\t\t\t<\/div><!-- .entry-summary -->\n\t\t\t\t\t<div class=\"wpsp-read-more\"><a title=\"In Memoriam: Edwin van Iersel\" class=\"wp-show-posts-read-more\" href=\"https:\/\/primaverde.com\/de\/curtain-wall\/in-memoriam-edwin-van-iersel\/\">Lees meer...<\/a><\/div><\/div><!-- wp-show-posts-inner --><\/article><article class=\"  wp-show-posts-masonry-col-4  wp-show-posts-masonry-block wp-show-posts-single post-32854 post type-post status-publish format-standard has-post-thumbnail hentry category-curtain-wall category-fugenmeister-de category-primacover category-in-de-media-de category-messen category-niet-geklassificeerd category-presse category-primaverde-de tag-austria tag-curtain-wall-staubschutzsysteme tag-fachkongress tag-fliesenleger tag-fugenmeister-fugenwerkzeuge tag-keramiko-2 tag-oesterreich tag-primacover-schutz-fuer-fliesenboeden tag-ram-board-extra-starker-atmungsaktiver-bodenschutz wpsp-col-4\" itemtype=\"http:\/\/schema.org\/CreativeWork\" itemscope><div class=\"wp-show-posts-inner\" style=\"\">\t\t\t\t\t\t<header class=\"wp-show-posts-entry-header\">\n\t\t\t\t\t\t\t<h2 class=\"wp-show-posts-entry-title\" itemprop=\"headline\"><a href=\"https:\/\/primaverde.com\/de\/messen\/primaverde-teilnehmer-innovativem-fachkongress-keramiko-austria\/\" rel=\"bookmark\">Primaverde Teilnehmer an innovativem Fachkongress Keramiko Austria<\/a><\/h2>\t\t\t\t\t\t<\/header><!-- .entry-header -->\n\t\t\t\t\t\t\t<div class=\"wp-show-posts-image  wpsp-image-center \">\n\t\t\t<a href=\"https:\/\/primaverde.com\/de\/messen\/primaverde-teilnehmer-innovativem-fachkongress-keramiko-austria\/\"  title=\"Primaverde Teilnehmer an innovativem Fachkongress Keramiko Austria\"><img loading=\"lazy\" decoding=\"async\" width=\"600\" height=\"235\" src=\"https:\/\/primaverde.com\/wp-content\/uploads\/2022\/07\/Keramiko-Osterreich-Sponsoring-Primaverde.jpg\" class=\"attachment-full size-full wp-post-image\" alt=\"Keramiko \u00d6sterreich Sponsoring Primaverde\" itemprop=\"image\" srcset=\"https:\/\/primaverde.com\/wp-content\/uploads\/2022\/07\/Keramiko-Osterreich-Sponsoring-Primaverde.jpg 600w, https:\/\/primaverde.com\/wp-content\/uploads\/2022\/07\/Keramiko-Osterreich-Sponsoring-Primaverde-300x118.jpg 300w\" sizes=\"auto, (max-width: 600px) 100vw, 600px\" \/><\/a>\t\t<\/div>\n\t\t\t\t\t\t\t\t<div class=\"wp-show-posts-entry-summary\" itemprop=\"text\">\n\t\t\t\t\t\t\t<p>Bei Keramiko Austria dreht sich alles um Innovation und den Austausch von Fachwissen. Primaverde ist mit einem Stand auf der gleichzeitig stattfindenden Messe vertreten. Kommen Sie am 8. und 9. September nach Wien!<\/p>\n\t\t\t\t\t\t<\/div><!-- .entry-summary -->\n\t\t\t\t\t<div class=\"wpsp-read-more\"><a title=\"Primaverde Teilnehmer an innovativem Fachkongress Keramiko Austria\" class=\"wp-show-posts-read-more\" href=\"https:\/\/primaverde.com\/de\/messen\/primaverde-teilnehmer-innovativem-fachkongress-keramiko-austria\/\">Lees meer...<\/a><\/div><\/div><!-- wp-show-posts-inner --><\/article><article class=\"  wp-show-posts-masonry-col-4  wp-show-posts-masonry-block wp-show-posts-single post-32312 post type-post status-publish format-standard has-post-thumbnail hentry category-primacover category-in-de-media-de category-presse category-primaverde-de wpsp-col-4\" itemtype=\"http:\/\/schema.org\/CreativeWork\" itemscope><div class=\"wp-show-posts-inner\" style=\"\">\t\t\t\t\t\t<header class=\"wp-show-posts-entry-header\">\n\t\t\t\t\t\t\t<h2 class=\"wp-show-posts-entry-title\" itemprop=\"headline\"><a href=\"https:\/\/primaverde.com\/de\/primaverde-de\/iso-90012015-voor-primaverde-bv\/\" rel=\"bookmark\">ISO 9001:2015 f\u00fcr Primaverde BV<\/a><\/h2>\t\t\t\t\t\t<\/header><!-- .entry-header -->\n\t\t\t\t\t\t\t<div class=\"wp-show-posts-image  wpsp-image-center \">\n\t\t\t<a href=\"https:\/\/primaverde.com\/de\/primaverde-de\/iso-90012015-voor-primaverde-bv\/\"  title=\"ISO 9001:2015 f\u00fcr Primaverde BV\"><img loading=\"lazy\" decoding=\"async\" width=\"1299\" height=\"650\" src=\"https:\/\/primaverde.com\/wp-content\/uploads\/2022\/02\/Primaverde_Iso_nieuwsbrief_logo_medres.png\" class=\"attachment-full size-full wp-post-image\" alt=\"Primaverde ISO 9001 kwaliteitsnorm certificaat Veritas\" itemprop=\"image\" srcset=\"https:\/\/primaverde.com\/wp-content\/uploads\/2022\/02\/Primaverde_Iso_nieuwsbrief_logo_medres.png 1299w, https:\/\/primaverde.com\/wp-content\/uploads\/2022\/02\/Primaverde_Iso_nieuwsbrief_logo_medres-600x300.png 600w, https:\/\/primaverde.com\/wp-content\/uploads\/2022\/02\/Primaverde_Iso_nieuwsbrief_logo_medres-300x150.png 300w, https:\/\/primaverde.com\/wp-content\/uploads\/2022\/02\/Primaverde_Iso_nieuwsbrief_logo_medres-1200x600.png 1200w, https:\/\/primaverde.com\/wp-content\/uploads\/2022\/02\/Primaverde_Iso_nieuwsbrief_logo_medres-768x384.png 768w\" sizes=\"auto, (max-width: 1299px) 100vw, 1299px\" \/><\/a>\t\t<\/div>\n\t\t\t\t\t\t\t\t<div class=\"wp-show-posts-entry-summary\" itemprop=\"text\">\n\t\t\t\t\t\t\t<p>Primaverde ist jetzt nach der Qualit\u00e4tsnorm ISO 9001:2015 zertifiziert. Die Zertifizierung und die Audits wurden von dem renommierten Bureau Veritas durchgef\u00fchrt. <\/p>\n\t\t\t\t\t\t<\/div><!-- .entry-summary -->\n\t\t\t\t\t<div class=\"wpsp-read-more\"><a title=\"ISO 9001:2015 f\u00fcr Primaverde BV\" class=\"wp-show-posts-read-more\" href=\"https:\/\/primaverde.com\/de\/primaverde-de\/iso-90012015-voor-primaverde-bv\/\">Lees meer...<\/a><\/div><\/div><!-- wp-show-posts-inner --><\/article><article class=\"  wp-show-posts-masonry-col-4  wp-show-posts-masonry-block wp-show-posts-single post-43836 post type-post status-publish format-standard has-post-thumbnail hentry category-primacover category-projekt-in-der-praxis tag-folie-de tag-glas-de tag-glass-de tag-primacover-de tag-ruit-de wpsp-col-4\" itemtype=\"http:\/\/schema.org\/CreativeWork\" itemscope><div class=\"wp-show-posts-inner\" style=\"\">\t\t\t\t\t\t<header class=\"wp-show-posts-entry-header\">\n\t\t\t\t\t\t\t<h2 class=\"wp-show-posts-entry-title\" itemprop=\"headline\"><a href=\"https:\/\/primaverde.com\/de\/primacover\/primacover-glass-beschermt-ruiten\/\" rel=\"bookmark\">PrimaCover Glass beschermt ruiten<\/a><\/h2>\t\t\t\t\t\t<\/header><!-- .entry-header -->\n\t\t\t\t\t\t\t<div class=\"wp-show-posts-image  wpsp-image-center \">\n\t\t\t<a href=\"https:\/\/primaverde.com\/de\/primacover\/primacover-glass-beschermt-ruiten\/\"  title=\"PrimaCover Glass beschermt ruiten\"><img loading=\"lazy\" decoding=\"async\" width=\"800\" height=\"599\" src=\"https:\/\/primaverde.com\/wp-content\/uploads\/2020\/07\/PrimaCover_Glass_glasfolie_Project_in_beeld.png\" class=\"attachment-full size-full wp-post-image\" alt=\"PrimaCover_Glass_glasfolie_Project_in_Beeld_buitenzijde_gevel\" itemprop=\"image\" srcset=\"https:\/\/primaverde.com\/wp-content\/uploads\/2020\/07\/PrimaCover_Glass_glasfolie_Project_in_beeld.png 800w, https:\/\/primaverde.com\/wp-content\/uploads\/2020\/07\/PrimaCover_Glass_glasfolie_Project_in_beeld-600x449.png 600w, https:\/\/primaverde.com\/wp-content\/uploads\/2020\/07\/PrimaCover_Glass_glasfolie_Project_in_beeld-300x225.png 300w, https:\/\/primaverde.com\/wp-content\/uploads\/2020\/07\/PrimaCover_Glass_glasfolie_Project_in_beeld-768x575.png 768w\" sizes=\"auto, (max-width: 800px) 100vw, 800px\" \/><\/a>\t\t<\/div>\n\t\t\t\t\t\t\t\t<div class=\"wp-show-posts-entry-summary\" itemprop=\"text\">\n\t\t\t\t\t\t\t<p>Zo voorkomt u kosten voor herstel en reiniging van glasoppervlakken! PrimaCover Glass beschermt ruiten. Een appartementencomplex in Vlaanderen werd aan de binnen- en buitenzijde gerenoveerd. De gevel is daarbij voorzien&#8230;<\/p>\n\t\t\t\t\t\t<\/div><!-- .entry-summary -->\n\t\t\t\t\t<div class=\"wpsp-read-more\"><a title=\"PrimaCover Glass beschermt ruiten\" class=\"wp-show-posts-read-more\" href=\"https:\/\/primaverde.com\/de\/primacover\/primacover-glass-beschermt-ruiten\/\">Lees meer...<\/a><\/div><\/div><!-- wp-show-posts-inner --><\/article><div class=\"wpsp-clear\"><\/div><\/section><!-- .wp-show-posts -->\n","protected":false},"excerpt":{"rendered":"<p>Aktuell: PrimaCover PrimaCover bietet Ihnen ein komplettes Sortiment an Bezugsmaterialien f\u00fcr B\u00f6den, Treppen und Fenster. PrimaCover ist immer in Bewegung. &#8230; <a title=\"PrimaCover Glass beschermt ruiten\" class=\"read-more\" href=\"https:\/\/primaverde.com\/de\/primacover\/primacover-glass-beschermt-ruiten\/\" aria-label=\"Mehr Informationen \u00fcber PrimaCover Glass beschermt ruiten\">Lees verder&#8230;<\/a><\/p>\n","protected":false},"author":7,"featured_media":0,"parent":5699,"menu_order":0,"comment_status":"closed","ping_status":"closed","template":"","meta":{"generate_page_header":"","footnotes":""},"class_list":["post-5710","page","type-page","status-publish","hentry","infinite-scroll-item","masonry-post","generate-columns","tablet-grid-50","mobile-grid-100","grid-parent","grid-33"],"yoast_head":"<!-- This site is optimized with the Yoast SEO Premium plugin v26.8 (Yoast SEO v27.4) - https:\/\/yoast.com\/product\/yoast-seo-premium-wordpress\/ -->\n<title>Aktuell: PrimaCover - Primaverde<\/title>\n<meta name=\"description\" content=\"PrimaCover ist immer in Bewegung. Auf dieser News-Seite erfahren Sie mehr \u00fcber spezielle Projekte, praktische Anwendungen und Sortiments\u00e4nderungen.\" \/>\n<meta name=\"robots\" content=\"index, follow, max-snippet:-1, max-image-preview:large, max-video-preview:-1\" \/>\n<link rel=\"canonical\" href=\"https:\/\/primaverde.com\/de\/aktuell\/primacover\/\" \/>\n<meta property=\"og:locale\" content=\"de_DE\" \/>\n<meta property=\"og:type\" content=\"article\" \/>\n<meta property=\"og:title\" content=\"Aktuell: PrimaCover\" \/>\n<meta property=\"og:description\" content=\"PrimaCover ist immer in Bewegung. Auf dieser News-Seite erfahren Sie mehr \u00fcber spezielle Projekte, praktische Anwendungen und Sortiments\u00e4nderungen.\" \/>\n<meta property=\"og:url\" content=\"https:\/\/primaverde.com\/de\/aktuell\/primacover\/\" \/>\n<meta property=\"og:site_name\" content=\"Primaverde\" \/>\n<meta property=\"article:publisher\" content=\"https:\/\/www.facebook.com\/PrimaverdeBV\/\" \/>\n<meta property=\"article:modified_time\" content=\"2021-03-24T13:01:05+00:00\" \/>\n<meta name=\"twitter:card\" content=\"summary_large_image\" \/>\n<meta name=\"twitter:site\" content=\"@PrimaverdeBV\" \/>\n<meta name=\"twitter:label1\" content=\"Gesch\u00e4tzte Lesezeit\" \/>\n\t<meta name=\"twitter:data1\" content=\"1\u00a0Minute\" \/>\n<script type=\"application\/ld+json\" class=\"yoast-schema-graph\">{\"@context\":\"https:\\\/\\\/schema.org\",\"@graph\":[{\"@type\":\"WebPage\",\"@id\":\"https:\\\/\\\/primaverde.com\\\/de\\\/aktuell\\\/primacover\\\/\",\"url\":\"https:\\\/\\\/primaverde.com\\\/de\\\/aktuell\\\/primacover\\\/\",\"name\":\"Aktuell: PrimaCover - Primaverde\",\"isPartOf\":{\"@id\":\"https:\\\/\\\/primaverde.com\\\/de\\\/#website\"},\"datePublished\":\"2019-02-05T09:42:05+00:00\",\"dateModified\":\"2021-03-24T13:01:05+00:00\",\"description\":\"PrimaCover ist immer in Bewegung. Auf dieser News-Seite erfahren Sie mehr \u00fcber spezielle Projekte, praktische Anwendungen und Sortiments\u00e4nderungen.\",\"breadcrumb\":{\"@id\":\"https:\\\/\\\/primaverde.com\\\/de\\\/aktuell\\\/primacover\\\/#breadcrumb\"},\"inLanguage\":\"de\",\"potentialAction\":[{\"@type\":\"ReadAction\",\"target\":[\"https:\\\/\\\/primaverde.com\\\/de\\\/aktuell\\\/primacover\\\/\"]}]},{\"@type\":\"BreadcrumbList\",\"@id\":\"https:\\\/\\\/primaverde.com\\\/de\\\/aktuell\\\/primacover\\\/#breadcrumb\",\"itemListElement\":[{\"@type\":\"ListItem\",\"position\":1,\"name\":\"Home\",\"item\":\"https:\\\/\\\/primaverde.com\\\/de\\\/\"},{\"@type\":\"ListItem\",\"position\":2,\"name\":\"Aktuelle Nachrichten zu Primaverde\",\"item\":\"https:\\\/\\\/primaverde.com\\\/de\\\/aktuell\\\/\"},{\"@type\":\"ListItem\",\"position\":3,\"name\":\"Aktuell: PrimaCover\"}]},{\"@type\":\"WebSite\",\"@id\":\"https:\\\/\\\/primaverde.com\\\/de\\\/#website\",\"url\":\"https:\\\/\\\/primaverde.com\\\/de\\\/\",\"name\":\"Primaverde\",\"description\":\"Covering material, protection, tapes, Beschermende materialen\",\"publisher\":{\"@id\":\"https:\\\/\\\/primaverde.com\\\/de\\\/#organization\"},\"potentialAction\":[{\"@type\":\"SearchAction\",\"target\":{\"@type\":\"EntryPoint\",\"urlTemplate\":\"https:\\\/\\\/primaverde.com\\\/de\\\/?s={search_term_string}\"},\"query-input\":{\"@type\":\"PropertyValueSpecification\",\"valueRequired\":true,\"valueName\":\"search_term_string\"}}],\"inLanguage\":\"de\"},{\"@type\":\"Organization\",\"@id\":\"https:\\\/\\\/primaverde.com\\\/de\\\/#organization\",\"name\":\"Primaverde B.V.\",\"url\":\"https:\\\/\\\/primaverde.com\\\/de\\\/\",\"logo\":{\"@type\":\"ImageObject\",\"inLanguage\":\"de\",\"@id\":\"https:\\\/\\\/primaverde.com\\\/de\\\/#\\\/schema\\\/logo\\\/image\\\/\",\"url\":\"https:\\\/\\\/primaverde.com\\\/wp-content\\\/uploads\\\/2015\\\/03\\\/Logo_Primaverde.jpg\",\"contentUrl\":\"https:\\\/\\\/primaverde.com\\\/wp-content\\\/uploads\\\/2015\\\/03\\\/Logo_Primaverde.jpg\",\"width\":1170,\"height\":212,\"caption\":\"Primaverde B.V.\"},\"image\":{\"@id\":\"https:\\\/\\\/primaverde.com\\\/de\\\/#\\\/schema\\\/logo\\\/image\\\/\"},\"sameAs\":[\"https:\\\/\\\/www.facebook.com\\\/PrimaverdeBV\\\/\",\"https:\\\/\\\/x.com\\\/PrimaverdeBV\",\"https:\\\/\\\/nl.linkedin.com\\\/company\\\/primaverde\",\"http:\\\/\\\/www.youtube.com\\\/channel\\\/UC3DwQqj8f8tatLdSFA0aWwA\"]}]}<\/script>\n<!-- \/ Yoast SEO Premium plugin. -->","yoast_head_json":{"title":"Aktuell: PrimaCover - Primaverde","description":"PrimaCover ist immer in Bewegung. Auf dieser News-Seite erfahren Sie mehr \u00fcber spezielle Projekte, praktische Anwendungen und Sortiments\u00e4nderungen.","robots":{"index":"index","follow":"follow","max-snippet":"max-snippet:-1","max-image-preview":"max-image-preview:large","max-video-preview":"max-video-preview:-1"},"canonical":"https:\/\/primaverde.com\/de\/aktuell\/primacover\/","og_locale":"de_DE","og_type":"article","og_title":"Aktuell: PrimaCover","og_description":"PrimaCover ist immer in Bewegung. Auf dieser News-Seite erfahren Sie mehr \u00fcber spezielle Projekte, praktische Anwendungen und Sortiments\u00e4nderungen.","og_url":"https:\/\/primaverde.com\/de\/aktuell\/primacover\/","og_site_name":"Primaverde","article_publisher":"https:\/\/www.facebook.com\/PrimaverdeBV\/","article_modified_time":"2021-03-24T13:01:05+00:00","twitter_card":"summary_large_image","twitter_site":"@PrimaverdeBV","twitter_misc":{"Gesch\u00e4tzte Lesezeit":"1\u00a0Minute"},"schema":{"@context":"https:\/\/schema.org","@graph":[{"@type":"WebPage","@id":"https:\/\/primaverde.com\/de\/aktuell\/primacover\/","url":"https:\/\/primaverde.com\/de\/aktuell\/primacover\/","name":"Aktuell: PrimaCover - Primaverde","isPartOf":{"@id":"https:\/\/primaverde.com\/de\/#website"},"datePublished":"2019-02-05T09:42:05+00:00","dateModified":"2021-03-24T13:01:05+00:00","description":"PrimaCover ist immer in Bewegung. Auf dieser News-Seite erfahren Sie mehr \u00fcber spezielle Projekte, praktische Anwendungen und Sortiments\u00e4nderungen.","breadcrumb":{"@id":"https:\/\/primaverde.com\/de\/aktuell\/primacover\/#breadcrumb"},"inLanguage":"de","potentialAction":[{"@type":"ReadAction","target":["https:\/\/primaverde.com\/de\/aktuell\/primacover\/"]}]},{"@type":"BreadcrumbList","@id":"https:\/\/primaverde.com\/de\/aktuell\/primacover\/#breadcrumb","itemListElement":[{"@type":"ListItem","position":1,"name":"Home","item":"https:\/\/primaverde.com\/de\/"},{"@type":"ListItem","position":2,"name":"Aktuelle Nachrichten zu Primaverde","item":"https:\/\/primaverde.com\/de\/aktuell\/"},{"@type":"ListItem","position":3,"name":"Aktuell: PrimaCover"}]},{"@type":"WebSite","@id":"https:\/\/primaverde.com\/de\/#website","url":"https:\/\/primaverde.com\/de\/","name":"Primaverde","description":"Covering material, protection, tapes, Beschermende materialen","publisher":{"@id":"https:\/\/primaverde.com\/de\/#organization"},"potentialAction":[{"@type":"SearchAction","target":{"@type":"EntryPoint","urlTemplate":"https:\/\/primaverde.com\/de\/?s={search_term_string}"},"query-input":{"@type":"PropertyValueSpecification","valueRequired":true,"valueName":"search_term_string"}}],"inLanguage":"de"},{"@type":"Organization","@id":"https:\/\/primaverde.com\/de\/#organization","name":"Primaverde B.V.","url":"https:\/\/primaverde.com\/de\/","logo":{"@type":"ImageObject","inLanguage":"de","@id":"https:\/\/primaverde.com\/de\/#\/schema\/logo\/image\/","url":"https:\/\/primaverde.com\/wp-content\/uploads\/2015\/03\/Logo_Primaverde.jpg","contentUrl":"https:\/\/primaverde.com\/wp-content\/uploads\/2015\/03\/Logo_Primaverde.jpg","width":1170,"height":212,"caption":"Primaverde B.V."},"image":{"@id":"https:\/\/primaverde.com\/de\/#\/schema\/logo\/image\/"},"sameAs":["https:\/\/www.facebook.com\/PrimaverdeBV\/","https:\/\/x.com\/PrimaverdeBV","https:\/\/nl.linkedin.com\/company\/primaverde","http:\/\/www.youtube.com\/channel\/UC3DwQqj8f8tatLdSFA0aWwA"]}]}},"_links":{"self":[{"href":"https:\/\/primaverde.com\/de\/wp-json\/wp\/v2\/pages\/5710","targetHints":{"allow":["GET"]}}],"collection":[{"href":"https:\/\/primaverde.com\/de\/wp-json\/wp\/v2\/pages"}],"about":[{"href":"https:\/\/primaverde.com\/de\/wp-json\/wp\/v2\/types\/page"}],"author":[{"embeddable":true,"href":"https:\/\/primaverde.com\/de\/wp-json\/wp\/v2\/users\/7"}],"replies":[{"embeddable":true,"href":"https:\/\/primaverde.com\/de\/wp-json\/wp\/v2\/comments?post=5710"}],"version-history":[{"count":0,"href":"https:\/\/primaverde.com\/de\/wp-json\/wp\/v2\/pages\/5710\/revisions"}],"up":[{"embeddable":true,"href":"https:\/\/primaverde.com\/de\/wp-json\/wp\/v2\/pages\/5699"}],"wp:attachment":[{"href":"https:\/\/primaverde.com\/de\/wp-json\/wp\/v2\/media?parent=5710"}],"curies":[{"name":"wp","href":"https:\/\/api.w.org\/{rel}","templated":true}]}}