{"id":42965,"date":"2024-07-04T13:01:49","date_gmt":"2024-07-04T12:01:49","guid":{"rendered":"https:\/\/primaverde.com\/product\/fugenmeister-nozzles\/"},"modified":"2026-04-15T14:38:35","modified_gmt":"2026-04-15T13:38:35","slug":"fugenmeister-nozzles","status":"publish","type":"product","link":"https:\/\/primaverde.com\/de\/produkt\/fugenmeister-nozzles\/","title":{"rendered":"FugenMeister Nozzles"},"content":{"rendered":"<h2>D\u00fcsen<\/h2>\n<p>Die Fugenmeister-D\u00fcsen sind handliche Werkzeuge zum kontrollierten Spr\u00fchen von Dichtstoffen f\u00fcr Fugen und N\u00e4hte.<\/p>\n<p><strong>Eigenschaften:<\/strong><\/p>\n<ul>\n<li>Geeignet f\u00fcr alle g\u00e4ngigen Dichtstofftuben.<\/li>\n<\/ul>\n","protected":false},"excerpt":{"rendered":"<h2>D\u00fcsen<\/h2>\n<p>Die Fugenmeister-D\u00fcsen sind handliche Werkzeuge zum kontrollierten Spr\u00fchen von Dichtstoffen f\u00fcr Fugen und N\u00e4hte.<\/p>\n<p><strong>Eigenschaften:<\/strong><\/p>\n<ul>\n<li>Geeignet f\u00fcr alle g\u00e4ngigen Dichtstofftuben.<\/li>\n<\/ul>\n","protected":false},"featured_media":41750,"comment_status":"closed","ping_status":"closed","template":"","meta":{"generate_page_header":""},"product_brand":[],"product_cat":[5736],"product_tag":[],"class_list":{"0":"post-42965","1":"product","2":"type-product","3":"status-publish","4":"has-post-thumbnail","6":"product_cat-fugenmeister","7":"infinite-scroll-item","8":"","9":"woocommerce-text-align-left","10":"woocommerce-image-align-center","11":"wc-has-gallery","13":"first","14":"instock","15":"shipping-taxable","16":"product-type-simple"},"yoast_head":"<!-- This site is optimized with the Yoast SEO Premium plugin v26.8 (Yoast SEO v27.4) - https:\/\/yoast.com\/product\/yoast-seo-premium-wordpress\/ -->\n<title>FugenMeister Nozzles - Primaverde<\/title>\n<meta name=\"robots\" content=\"index, follow, max-snippet:-1, max-image-preview:large, max-video-preview:-1\" \/>\n<link rel=\"canonical\" href=\"https:\/\/primaverde.com\/de\/produkt\/fugenmeister-nozzles\/\" \/>\n<meta property=\"og:locale\" content=\"de_DE\" \/>\n<meta property=\"og:type\" content=\"article\" \/>\n<meta property=\"og:title\" content=\"FugenMeister Nozzles\" \/>\n<meta property=\"og:description\" content=\"D\u00fcsenDie Fugenmeister-D\u00fcsen sind handliche Werkzeuge zum kontrollierten Spr\u00fchen von Dichtstoffen f\u00fcr Fugen und N\u00e4hte.Eigenschaften:Geeignet f\u00fcr alle g\u00e4ngigen Dichtstofftuben.\" \/>\n<meta property=\"og:url\" content=\"https:\/\/primaverde.com\/de\/produkt\/fugenmeister-nozzles\/\" \/>\n<meta property=\"og:site_name\" content=\"Primaverde\" \/>\n<meta property=\"article:publisher\" content=\"https:\/\/www.facebook.com\/PrimaverdeBV\/\" \/>\n<meta property=\"article:modified_time\" content=\"2026-04-15T13:38:35+00:00\" \/>\n<meta name=\"twitter:card\" content=\"summary_large_image\" \/>\n<meta name=\"twitter:site\" content=\"@PrimaverdeBV\" \/>\n<script type=\"application\/ld+json\" class=\"yoast-schema-graph\">{\"@context\":\"https:\\\/\\\/schema.org\",\"@graph\":[{\"@type\":\"WebPage\",\"@id\":\"https:\\\/\\\/primaverde.com\\\/de\\\/produkt\\\/fugenmeister-nozzles\\\/\",\"url\":\"https:\\\/\\\/primaverde.com\\\/de\\\/produkt\\\/fugenmeister-nozzles\\\/\",\"name\":\"FugenMeister Nozzles - Primaverde\",\"isPartOf\":{\"@id\":\"https:\\\/\\\/primaverde.com\\\/de\\\/#website\"},\"primaryImageOfPage\":{\"@id\":\"https:\\\/\\\/primaverde.com\\\/de\\\/produkt\\\/fugenmeister-nozzles\\\/#primaryimage\"},\"image\":{\"@id\":\"https:\\\/\\\/primaverde.com\\\/de\\\/produkt\\\/fugenmeister-nozzles\\\/#primaryimage\"},\"thumbnailUrl\":\"https:\\\/\\\/primaverde.com\\\/wp-content\\\/uploads\\\/2023\\\/09\\\/Fugenmeister-spuitmond-accessoire-set-kitten-tuit-nozzle.jpg\",\"datePublished\":\"2024-07-04T12:01:49+00:00\",\"dateModified\":\"2026-04-15T13:38:35+00:00\",\"breadcrumb\":{\"@id\":\"https:\\\/\\\/primaverde.com\\\/de\\\/produkt\\\/fugenmeister-nozzles\\\/#breadcrumb\"},\"inLanguage\":\"de\",\"potentialAction\":[{\"@type\":\"ReadAction\",\"target\":[\"https:\\\/\\\/primaverde.com\\\/de\\\/produkt\\\/fugenmeister-nozzles\\\/\"]}]},{\"@type\":\"ImageObject\",\"inLanguage\":\"de\",\"@id\":\"https:\\\/\\\/primaverde.com\\\/de\\\/produkt\\\/fugenmeister-nozzles\\\/#primaryimage\",\"url\":\"https:\\\/\\\/primaverde.com\\\/wp-content\\\/uploads\\\/2023\\\/09\\\/Fugenmeister-spuitmond-accessoire-set-kitten-tuit-nozzle.jpg\",\"contentUrl\":\"https:\\\/\\\/primaverde.com\\\/wp-content\\\/uploads\\\/2023\\\/09\\\/Fugenmeister-spuitmond-accessoire-set-kitten-tuit-nozzle.jpg\",\"width\":800,\"height\":599},{\"@type\":\"BreadcrumbList\",\"@id\":\"https:\\\/\\\/primaverde.com\\\/de\\\/produkt\\\/fugenmeister-nozzles\\\/#breadcrumb\",\"itemListElement\":[{\"@type\":\"ListItem\",\"position\":1,\"name\":\"Home\",\"item\":\"https:\\\/\\\/primaverde.com\\\/de\\\/\"},{\"@type\":\"ListItem\",\"position\":2,\"name\":\"Boutique\",\"item\":\"https:\\\/\\\/primaverde.com\\\/de\\\/boutique\\\/\"},{\"@type\":\"ListItem\",\"position\":3,\"name\":\"FugenMeister Nozzles\"}]},{\"@type\":\"WebSite\",\"@id\":\"https:\\\/\\\/primaverde.com\\\/de\\\/#website\",\"url\":\"https:\\\/\\\/primaverde.com\\\/de\\\/\",\"name\":\"Primaverde\",\"description\":\"Covering material, protection, tapes, Beschermende materialen\",\"publisher\":{\"@id\":\"https:\\\/\\\/primaverde.com\\\/de\\\/#organization\"},\"potentialAction\":[{\"@type\":\"SearchAction\",\"target\":{\"@type\":\"EntryPoint\",\"urlTemplate\":\"https:\\\/\\\/primaverde.com\\\/de\\\/?s={search_term_string}\"},\"query-input\":{\"@type\":\"PropertyValueSpecification\",\"valueRequired\":true,\"valueName\":\"search_term_string\"}}],\"inLanguage\":\"de\"},{\"@type\":\"Organization\",\"@id\":\"https:\\\/\\\/primaverde.com\\\/de\\\/#organization\",\"name\":\"Primaverde B.V.\",\"url\":\"https:\\\/\\\/primaverde.com\\\/de\\\/\",\"logo\":{\"@type\":\"ImageObject\",\"inLanguage\":\"de\",\"@id\":\"https:\\\/\\\/primaverde.com\\\/de\\\/#\\\/schema\\\/logo\\\/image\\\/\",\"url\":\"https:\\\/\\\/primaverde.com\\\/wp-content\\\/uploads\\\/2015\\\/03\\\/Logo_Primaverde.jpg\",\"contentUrl\":\"https:\\\/\\\/primaverde.com\\\/wp-content\\\/uploads\\\/2015\\\/03\\\/Logo_Primaverde.jpg\",\"width\":1170,\"height\":212,\"caption\":\"Primaverde B.V.\"},\"image\":{\"@id\":\"https:\\\/\\\/primaverde.com\\\/de\\\/#\\\/schema\\\/logo\\\/image\\\/\"},\"sameAs\":[\"https:\\\/\\\/www.facebook.com\\\/PrimaverdeBV\\\/\",\"https:\\\/\\\/x.com\\\/PrimaverdeBV\",\"https:\\\/\\\/nl.linkedin.com\\\/company\\\/primaverde\",\"http:\\\/\\\/www.youtube.com\\\/channel\\\/UC3DwQqj8f8tatLdSFA0aWwA\"]}]}<\/script>\n<!-- \/ Yoast SEO Premium plugin. -->","yoast_head_json":{"title":"FugenMeister Nozzles - Primaverde","robots":{"index":"index","follow":"follow","max-snippet":"max-snippet:-1","max-image-preview":"max-image-preview:large","max-video-preview":"max-video-preview:-1"},"canonical":"https:\/\/primaverde.com\/de\/produkt\/fugenmeister-nozzles\/","og_locale":"de_DE","og_type":"article","og_title":"FugenMeister Nozzles","og_description":"D\u00fcsenDie Fugenmeister-D\u00fcsen sind handliche Werkzeuge zum kontrollierten Spr\u00fchen von Dichtstoffen f\u00fcr Fugen und N\u00e4hte.Eigenschaften:Geeignet f\u00fcr alle g\u00e4ngigen Dichtstofftuben.","og_url":"https:\/\/primaverde.com\/de\/produkt\/fugenmeister-nozzles\/","og_site_name":"Primaverde","article_publisher":"https:\/\/www.facebook.com\/PrimaverdeBV\/","article_modified_time":"2026-04-15T13:38:35+00:00","twitter_card":"summary_large_image","twitter_site":"@PrimaverdeBV","schema":{"@context":"https:\/\/schema.org","@graph":[{"@type":"WebPage","@id":"https:\/\/primaverde.com\/de\/produkt\/fugenmeister-nozzles\/","url":"https:\/\/primaverde.com\/de\/produkt\/fugenmeister-nozzles\/","name":"FugenMeister Nozzles - Primaverde","isPartOf":{"@id":"https:\/\/primaverde.com\/de\/#website"},"primaryImageOfPage":{"@id":"https:\/\/primaverde.com\/de\/produkt\/fugenmeister-nozzles\/#primaryimage"},"image":{"@id":"https:\/\/primaverde.com\/de\/produkt\/fugenmeister-nozzles\/#primaryimage"},"thumbnailUrl":"https:\/\/primaverde.com\/wp-content\/uploads\/2023\/09\/Fugenmeister-spuitmond-accessoire-set-kitten-tuit-nozzle.jpg","datePublished":"2024-07-04T12:01:49+00:00","dateModified":"2026-04-15T13:38:35+00:00","breadcrumb":{"@id":"https:\/\/primaverde.com\/de\/produkt\/fugenmeister-nozzles\/#breadcrumb"},"inLanguage":"de","potentialAction":[{"@type":"ReadAction","target":["https:\/\/primaverde.com\/de\/produkt\/fugenmeister-nozzles\/"]}]},{"@type":"ImageObject","inLanguage":"de","@id":"https:\/\/primaverde.com\/de\/produkt\/fugenmeister-nozzles\/#primaryimage","url":"https:\/\/primaverde.com\/wp-content\/uploads\/2023\/09\/Fugenmeister-spuitmond-accessoire-set-kitten-tuit-nozzle.jpg","contentUrl":"https:\/\/primaverde.com\/wp-content\/uploads\/2023\/09\/Fugenmeister-spuitmond-accessoire-set-kitten-tuit-nozzle.jpg","width":800,"height":599},{"@type":"BreadcrumbList","@id":"https:\/\/primaverde.com\/de\/produkt\/fugenmeister-nozzles\/#breadcrumb","itemListElement":[{"@type":"ListItem","position":1,"name":"Home","item":"https:\/\/primaverde.com\/de\/"},{"@type":"ListItem","position":2,"name":"Boutique","item":"https:\/\/primaverde.com\/de\/boutique\/"},{"@type":"ListItem","position":3,"name":"FugenMeister Nozzles"}]},{"@type":"WebSite","@id":"https:\/\/primaverde.com\/de\/#website","url":"https:\/\/primaverde.com\/de\/","name":"Primaverde","description":"Covering material, protection, tapes, Beschermende materialen","publisher":{"@id":"https:\/\/primaverde.com\/de\/#organization"},"potentialAction":[{"@type":"SearchAction","target":{"@type":"EntryPoint","urlTemplate":"https:\/\/primaverde.com\/de\/?s={search_term_string}"},"query-input":{"@type":"PropertyValueSpecification","valueRequired":true,"valueName":"search_term_string"}}],"inLanguage":"de"},{"@type":"Organization","@id":"https:\/\/primaverde.com\/de\/#organization","name":"Primaverde B.V.","url":"https:\/\/primaverde.com\/de\/","logo":{"@type":"ImageObject","inLanguage":"de","@id":"https:\/\/primaverde.com\/de\/#\/schema\/logo\/image\/","url":"https:\/\/primaverde.com\/wp-content\/uploads\/2015\/03\/Logo_Primaverde.jpg","contentUrl":"https:\/\/primaverde.com\/wp-content\/uploads\/2015\/03\/Logo_Primaverde.jpg","width":1170,"height":212,"caption":"Primaverde B.V."},"image":{"@id":"https:\/\/primaverde.com\/de\/#\/schema\/logo\/image\/"},"sameAs":["https:\/\/www.facebook.com\/PrimaverdeBV\/","https:\/\/x.com\/PrimaverdeBV","https:\/\/nl.linkedin.com\/company\/primaverde","http:\/\/www.youtube.com\/channel\/UC3DwQqj8f8tatLdSFA0aWwA"]}]}},"_links":{"self":[{"href":"https:\/\/primaverde.com\/de\/wp-json\/wp\/v2\/product\/42965","targetHints":{"allow":["GET"]}}],"collection":[{"href":"https:\/\/primaverde.com\/de\/wp-json\/wp\/v2\/product"}],"about":[{"href":"https:\/\/primaverde.com\/de\/wp-json\/wp\/v2\/types\/product"}],"replies":[{"embeddable":true,"href":"https:\/\/primaverde.com\/de\/wp-json\/wp\/v2\/comments?post=42965"}],"wp:featuredmedia":[{"embeddable":true,"href":"https:\/\/primaverde.com\/de\/wp-json\/wp\/v2\/media\/41750"}],"wp:attachment":[{"href":"https:\/\/primaverde.com\/de\/wp-json\/wp\/v2\/media?parent=42965"}],"wp:term":[{"taxonomy":"product_brand","embeddable":true,"href":"https:\/\/primaverde.com\/de\/wp-json\/wp\/v2\/product_brand?post=42965"},{"taxonomy":"product_cat","embeddable":true,"href":"https:\/\/primaverde.com\/de\/wp-json\/wp\/v2\/product_cat?post=42965"},{"taxonomy":"product_tag","embeddable":true,"href":"https:\/\/primaverde.com\/de\/wp-json\/wp\/v2\/product_tag?post=42965"}],"curies":[{"name":"wp","href":"https:\/\/api.w.org\/{rel}","templated":true}]}}