{"id":42972,"date":"2024-07-04T12:59:51","date_gmt":"2024-07-04T11:59:51","guid":{"rendered":"https:\/\/primaverde.com\/product\/fugenmeister-spatula\/"},"modified":"2026-04-15T14:38:59","modified_gmt":"2026-04-15T13:38:59","slug":"fugenmeister-spatula","status":"publish","type":"product","link":"https:\/\/primaverde.com\/de\/produkt\/fugenmeister-spatula\/","title":{"rendered":"FugenMeister Spatula"},"content":{"rendered":"<h2>Fugenspachtel<\/h2>\n<p>Fugenmeister Fugenspachtel sind ergonomisch und funktionell gestaltete Werkzeuge zum Gl\u00e4tten von Dichtstofffugen. Die Fugenspachtel schaffen eine stabile und strapazierf\u00e4hige Naht auch an schwer zug\u00e4nglichen Stellen. Dehnungsfugen, Anschlussfugen und Eckfugen werden mit den Fugenmeister Fugenspachteln spielend leicht und dicht abgedichtet.<\/p>\n<p><strong>Eigenschaften:<\/strong><\/p>\n<ul>\n<li>Zum Gl\u00e4tten von Dichtstofffugen.<\/li>\n<li>Geeignet f\u00fcr Eck-, Dehnungs- und Anschlussfugen.<\/li>\n<li>Auch f\u00fcr schwer zug\u00e4ngliche Stellen.<\/li>\n<li>Verschiedene Gr\u00f6\u00dfen in 1 Dichtungsspachtel.<\/li>\n<\/ul>\n","protected":false},"excerpt":{"rendered":"<h2>Fugenspachtel<\/h2>\n<p>Fugenmeister Fugenspachtel sind ergonomisch und funktionell gestaltete Werkzeuge zum Gl\u00e4tten von Dichtstofffugen. Die Fugenspachtel schaffen eine stabile und strapazierf\u00e4hige Naht auch an schwer zug\u00e4nglichen Stellen. Dehnungsfugen, Anschlussfugen und Eckfugen werden mit den Fugenmeister Fugenspachteln spielend leicht und dicht abgedichtet.<\/p>\n<p><strong>Eigenschaften:<\/strong><\/p>\n<ul>\n<li>Zum Gl\u00e4tten von Dichtstofffugen.<\/li>\n<li>Geeignet f\u00fcr Eck-, Dehnungs- und Anschlussfugen.<\/li>\n<li>Auch f\u00fcr schwer zug\u00e4ngliche Stellen.<\/li>\n<li>Verschiedene Gr\u00f6\u00dfen in 1 Dichtungsspachtel.<\/li>\n<\/ul>\n","protected":false},"featured_media":41720,"comment_status":"closed","ping_status":"closed","template":"","meta":{"generate_page_header":""},"product_brand":[],"product_cat":[5736],"product_tag":[],"class_list":{"0":"post-42972","1":"product","2":"type-product","3":"status-publish","4":"has-post-thumbnail","6":"product_cat-fugenmeister","7":"infinite-scroll-item","8":"","9":"woocommerce-text-align-left","10":"woocommerce-image-align-center","11":"wc-has-gallery","13":"first","14":"instock","15":"shipping-taxable","16":"product-type-simple"},"yoast_head":"<!-- This site is optimized with the Yoast SEO Premium plugin v26.8 (Yoast SEO v27.5) - https:\/\/yoast.com\/product\/yoast-seo-premium-wordpress\/ -->\n<title>FugenMeister Spatula - Primaverde<\/title>\n<meta name=\"robots\" content=\"index, follow, max-snippet:-1, max-image-preview:large, max-video-preview:-1\" \/>\n<link rel=\"canonical\" href=\"https:\/\/primaverde.com\/de\/produkt\/fugenmeister-spatula\/\" \/>\n<meta property=\"og:locale\" content=\"de_DE\" \/>\n<meta property=\"og:type\" content=\"article\" \/>\n<meta property=\"og:title\" content=\"FugenMeister Spatula\" \/>\n<meta property=\"og:description\" content=\"FugenspachtelFugenmeister Fugenspachtel sind ergonomisch und funktionell gestaltete Werkzeuge zum Gl\u00e4tten von Dichtstofffugen. Die Fugenspachtel schaffen eine stabile und strapazierf\u00e4hige Naht auch an schwer zug\u00e4nglichen Stellen. Dehnungsfugen, Anschlussfugen und Eckfugen werden mit den Fugenmeister Fugenspachteln spielend leicht und dicht abgedichtet.Eigenschaften:Zum Gl\u00e4tten von Dichtstofffugen.Geeignet f\u00fcr Eck-, Dehnungs- und Anschlussfugen.Auch f\u00fcr schwer zug\u00e4ngliche Stellen.Verschiedene Gr\u00f6\u00dfen in 1 Dichtungsspachtel.\" \/>\n<meta property=\"og:url\" content=\"https:\/\/primaverde.com\/de\/produkt\/fugenmeister-spatula\/\" \/>\n<meta property=\"og:site_name\" content=\"Primaverde\" \/>\n<meta property=\"article:publisher\" content=\"https:\/\/www.facebook.com\/PrimaverdeBV\/\" \/>\n<meta property=\"article:modified_time\" content=\"2026-04-15T13:38:59+00:00\" \/>\n<meta name=\"twitter:card\" content=\"summary_large_image\" \/>\n<meta name=\"twitter:site\" content=\"@PrimaverdeBV\" \/>\n<script type=\"application\/ld+json\" class=\"yoast-schema-graph\">{\"@context\":\"https:\\\/\\\/schema.org\",\"@graph\":[{\"@type\":\"WebPage\",\"@id\":\"https:\\\/\\\/primaverde.com\\\/de\\\/produkt\\\/fugenmeister-spatula\\\/\",\"url\":\"https:\\\/\\\/primaverde.com\\\/de\\\/produkt\\\/fugenmeister-spatula\\\/\",\"name\":\"FugenMeister Spatula - Primaverde\",\"isPartOf\":{\"@id\":\"https:\\\/\\\/primaverde.com\\\/de\\\/#website\"},\"primaryImageOfPage\":{\"@id\":\"https:\\\/\\\/primaverde.com\\\/de\\\/produkt\\\/fugenmeister-spatula\\\/#primaryimage\"},\"image\":{\"@id\":\"https:\\\/\\\/primaverde.com\\\/de\\\/produkt\\\/fugenmeister-spatula\\\/#primaryimage\"},\"thumbnailUrl\":\"https:\\\/\\\/primaverde.com\\\/wp-content\\\/uploads\\\/2023\\\/09\\\/Fugenmeister-spatelset-winkelschap.jpg\",\"datePublished\":\"2024-07-04T11:59:51+00:00\",\"dateModified\":\"2026-04-15T13:38:59+00:00\",\"breadcrumb\":{\"@id\":\"https:\\\/\\\/primaverde.com\\\/de\\\/produkt\\\/fugenmeister-spatula\\\/#breadcrumb\"},\"inLanguage\":\"de\",\"potentialAction\":[{\"@type\":\"ReadAction\",\"target\":[\"https:\\\/\\\/primaverde.com\\\/de\\\/produkt\\\/fugenmeister-spatula\\\/\"]}]},{\"@type\":\"ImageObject\",\"inLanguage\":\"de\",\"@id\":\"https:\\\/\\\/primaverde.com\\\/de\\\/produkt\\\/fugenmeister-spatula\\\/#primaryimage\",\"url\":\"https:\\\/\\\/primaverde.com\\\/wp-content\\\/uploads\\\/2023\\\/09\\\/Fugenmeister-spatelset-winkelschap.jpg\",\"contentUrl\":\"https:\\\/\\\/primaverde.com\\\/wp-content\\\/uploads\\\/2023\\\/09\\\/Fugenmeister-spatelset-winkelschap.jpg\",\"width\":800,\"height\":599},{\"@type\":\"BreadcrumbList\",\"@id\":\"https:\\\/\\\/primaverde.com\\\/de\\\/produkt\\\/fugenmeister-spatula\\\/#breadcrumb\",\"itemListElement\":[{\"@type\":\"ListItem\",\"position\":1,\"name\":\"Home\",\"item\":\"https:\\\/\\\/primaverde.com\\\/de\\\/\"},{\"@type\":\"ListItem\",\"position\":2,\"name\":\"Boutique\",\"item\":\"https:\\\/\\\/primaverde.com\\\/de\\\/boutique\\\/\"},{\"@type\":\"ListItem\",\"position\":3,\"name\":\"FugenMeister Spatula\"}]},{\"@type\":\"WebSite\",\"@id\":\"https:\\\/\\\/primaverde.com\\\/de\\\/#website\",\"url\":\"https:\\\/\\\/primaverde.com\\\/de\\\/\",\"name\":\"Primaverde\",\"description\":\"Covering material, protection, tapes, Beschermende materialen\",\"publisher\":{\"@id\":\"https:\\\/\\\/primaverde.com\\\/de\\\/#organization\"},\"potentialAction\":[{\"@type\":\"SearchAction\",\"target\":{\"@type\":\"EntryPoint\",\"urlTemplate\":\"https:\\\/\\\/primaverde.com\\\/de\\\/?s={search_term_string}\"},\"query-input\":{\"@type\":\"PropertyValueSpecification\",\"valueRequired\":true,\"valueName\":\"search_term_string\"}}],\"inLanguage\":\"de\"},{\"@type\":\"Organization\",\"@id\":\"https:\\\/\\\/primaverde.com\\\/de\\\/#organization\",\"name\":\"Primaverde B.V.\",\"url\":\"https:\\\/\\\/primaverde.com\\\/de\\\/\",\"logo\":{\"@type\":\"ImageObject\",\"inLanguage\":\"de\",\"@id\":\"https:\\\/\\\/primaverde.com\\\/de\\\/#\\\/schema\\\/logo\\\/image\\\/\",\"url\":\"https:\\\/\\\/primaverde.com\\\/wp-content\\\/uploads\\\/2015\\\/03\\\/Logo_Primaverde.jpg\",\"contentUrl\":\"https:\\\/\\\/primaverde.com\\\/wp-content\\\/uploads\\\/2015\\\/03\\\/Logo_Primaverde.jpg\",\"width\":1170,\"height\":212,\"caption\":\"Primaverde B.V.\"},\"image\":{\"@id\":\"https:\\\/\\\/primaverde.com\\\/de\\\/#\\\/schema\\\/logo\\\/image\\\/\"},\"sameAs\":[\"https:\\\/\\\/www.facebook.com\\\/PrimaverdeBV\\\/\",\"https:\\\/\\\/x.com\\\/PrimaverdeBV\",\"https:\\\/\\\/nl.linkedin.com\\\/company\\\/primaverde\",\"http:\\\/\\\/www.youtube.com\\\/channel\\\/UC3DwQqj8f8tatLdSFA0aWwA\"]}]}<\/script>\n<!-- \/ Yoast SEO Premium plugin. -->","yoast_head_json":{"title":"FugenMeister Spatula - Primaverde","robots":{"index":"index","follow":"follow","max-snippet":"max-snippet:-1","max-image-preview":"max-image-preview:large","max-video-preview":"max-video-preview:-1"},"canonical":"https:\/\/primaverde.com\/de\/produkt\/fugenmeister-spatula\/","og_locale":"de_DE","og_type":"article","og_title":"FugenMeister Spatula","og_description":"FugenspachtelFugenmeister Fugenspachtel sind ergonomisch und funktionell gestaltete Werkzeuge zum Gl\u00e4tten von Dichtstofffugen. Die Fugenspachtel schaffen eine stabile und strapazierf\u00e4hige Naht auch an schwer zug\u00e4nglichen Stellen. Dehnungsfugen, Anschlussfugen und Eckfugen werden mit den Fugenmeister Fugenspachteln spielend leicht und dicht abgedichtet.Eigenschaften:Zum Gl\u00e4tten von Dichtstofffugen.Geeignet f\u00fcr Eck-, Dehnungs- und Anschlussfugen.Auch f\u00fcr schwer zug\u00e4ngliche Stellen.Verschiedene Gr\u00f6\u00dfen in 1 Dichtungsspachtel.","og_url":"https:\/\/primaverde.com\/de\/produkt\/fugenmeister-spatula\/","og_site_name":"Primaverde","article_publisher":"https:\/\/www.facebook.com\/PrimaverdeBV\/","article_modified_time":"2026-04-15T13:38:59+00:00","twitter_card":"summary_large_image","twitter_site":"@PrimaverdeBV","schema":{"@context":"https:\/\/schema.org","@graph":[{"@type":"WebPage","@id":"https:\/\/primaverde.com\/de\/produkt\/fugenmeister-spatula\/","url":"https:\/\/primaverde.com\/de\/produkt\/fugenmeister-spatula\/","name":"FugenMeister Spatula - Primaverde","isPartOf":{"@id":"https:\/\/primaverde.com\/de\/#website"},"primaryImageOfPage":{"@id":"https:\/\/primaverde.com\/de\/produkt\/fugenmeister-spatula\/#primaryimage"},"image":{"@id":"https:\/\/primaverde.com\/de\/produkt\/fugenmeister-spatula\/#primaryimage"},"thumbnailUrl":"https:\/\/primaverde.com\/wp-content\/uploads\/2023\/09\/Fugenmeister-spatelset-winkelschap.jpg","datePublished":"2024-07-04T11:59:51+00:00","dateModified":"2026-04-15T13:38:59+00:00","breadcrumb":{"@id":"https:\/\/primaverde.com\/de\/produkt\/fugenmeister-spatula\/#breadcrumb"},"inLanguage":"de","potentialAction":[{"@type":"ReadAction","target":["https:\/\/primaverde.com\/de\/produkt\/fugenmeister-spatula\/"]}]},{"@type":"ImageObject","inLanguage":"de","@id":"https:\/\/primaverde.com\/de\/produkt\/fugenmeister-spatula\/#primaryimage","url":"https:\/\/primaverde.com\/wp-content\/uploads\/2023\/09\/Fugenmeister-spatelset-winkelschap.jpg","contentUrl":"https:\/\/primaverde.com\/wp-content\/uploads\/2023\/09\/Fugenmeister-spatelset-winkelschap.jpg","width":800,"height":599},{"@type":"BreadcrumbList","@id":"https:\/\/primaverde.com\/de\/produkt\/fugenmeister-spatula\/#breadcrumb","itemListElement":[{"@type":"ListItem","position":1,"name":"Home","item":"https:\/\/primaverde.com\/de\/"},{"@type":"ListItem","position":2,"name":"Boutique","item":"https:\/\/primaverde.com\/de\/boutique\/"},{"@type":"ListItem","position":3,"name":"FugenMeister Spatula"}]},{"@type":"WebSite","@id":"https:\/\/primaverde.com\/de\/#website","url":"https:\/\/primaverde.com\/de\/","name":"Primaverde","description":"Covering material, protection, tapes, Beschermende materialen","publisher":{"@id":"https:\/\/primaverde.com\/de\/#organization"},"potentialAction":[{"@type":"SearchAction","target":{"@type":"EntryPoint","urlTemplate":"https:\/\/primaverde.com\/de\/?s={search_term_string}"},"query-input":{"@type":"PropertyValueSpecification","valueRequired":true,"valueName":"search_term_string"}}],"inLanguage":"de"},{"@type":"Organization","@id":"https:\/\/primaverde.com\/de\/#organization","name":"Primaverde B.V.","url":"https:\/\/primaverde.com\/de\/","logo":{"@type":"ImageObject","inLanguage":"de","@id":"https:\/\/primaverde.com\/de\/#\/schema\/logo\/image\/","url":"https:\/\/primaverde.com\/wp-content\/uploads\/2015\/03\/Logo_Primaverde.jpg","contentUrl":"https:\/\/primaverde.com\/wp-content\/uploads\/2015\/03\/Logo_Primaverde.jpg","width":1170,"height":212,"caption":"Primaverde B.V."},"image":{"@id":"https:\/\/primaverde.com\/de\/#\/schema\/logo\/image\/"},"sameAs":["https:\/\/www.facebook.com\/PrimaverdeBV\/","https:\/\/x.com\/PrimaverdeBV","https:\/\/nl.linkedin.com\/company\/primaverde","http:\/\/www.youtube.com\/channel\/UC3DwQqj8f8tatLdSFA0aWwA"]}]}},"_links":{"self":[{"href":"https:\/\/primaverde.com\/de\/wp-json\/wp\/v2\/product\/42972","targetHints":{"allow":["GET"]}}],"collection":[{"href":"https:\/\/primaverde.com\/de\/wp-json\/wp\/v2\/product"}],"about":[{"href":"https:\/\/primaverde.com\/de\/wp-json\/wp\/v2\/types\/product"}],"replies":[{"embeddable":true,"href":"https:\/\/primaverde.com\/de\/wp-json\/wp\/v2\/comments?post=42972"}],"wp:featuredmedia":[{"embeddable":true,"href":"https:\/\/primaverde.com\/de\/wp-json\/wp\/v2\/media\/41720"}],"wp:attachment":[{"href":"https:\/\/primaverde.com\/de\/wp-json\/wp\/v2\/media?parent=42972"}],"wp:term":[{"taxonomy":"product_brand","embeddable":true,"href":"https:\/\/primaverde.com\/de\/wp-json\/wp\/v2\/product_brand?post=42972"},{"taxonomy":"product_cat","embeddable":true,"href":"https:\/\/primaverde.com\/de\/wp-json\/wp\/v2\/product_cat?post=42972"},{"taxonomy":"product_tag","embeddable":true,"href":"https:\/\/primaverde.com\/de\/wp-json\/wp\/v2\/product_tag?post=42972"}],"curies":[{"name":"wp","href":"https:\/\/api.w.org\/{rel}","templated":true}]}}