{"id":42987,"date":"2024-07-04T12:35:36","date_gmt":"2024-07-04T11:35:36","guid":{"rendered":"https:\/\/primaverde.com\/product\/nmc-u-classic\/"},"modified":"2026-04-15T14:39:44","modified_gmt":"2026-04-15T13:39:44","slug":"nmc-u-classic","status":"publish","type":"product","link":"https:\/\/primaverde.com\/de\/produkt\/nmc-u-classic\/","title":{"rendered":"NMC U Classic"},"content":{"rendered":"<h2>Schaumstoffprofile U-f\u00f6rmig<\/h2>\n<p>Die U-Profile von NMC sind in verschiedenen Gr\u00f6\u00dfen und Dicken erh\u00e4ltlich und bieten einen wirksamen Schutz f\u00fcr verschiedene Arten von Profilen, Fensterrahmen, Fensterb\u00e4nken und Gel\u00e4ndern w\u00e4hrend der Bauarbeiten.<\/p>\n","protected":false},"excerpt":{"rendered":"<h2>Schaumstoffprofile U-f\u00f6rmig<\/h2>\n<p>Die U-Profile von NMC sind in verschiedenen Gr\u00f6\u00dfen und Dicken erh\u00e4ltlich und bieten einen wirksamen Schutz f\u00fcr verschiedene Arten von Profilen, Fensterrahmen, Fensterb\u00e4nken und Gel\u00e4ndern w\u00e4hrend der Bauarbeiten.<\/p>\n","protected":false},"featured_media":42901,"comment_status":"closed","ping_status":"closed","template":"","meta":{"generate_page_header":""},"product_brand":[],"product_cat":[5746],"product_tag":[],"class_list":{"0":"post-42987","1":"product","2":"type-product","3":"status-publish","4":"has-post-thumbnail","6":"product_cat-nmc","7":"infinite-scroll-item","8":"","9":"woocommerce-text-align-left","10":"woocommerce-image-align-center","11":"wc-has-gallery","13":"first","14":"instock","15":"shipping-taxable","16":"product-type-simple"},"yoast_head":"<!-- This site is optimized with the Yoast SEO Premium plugin v26.8 (Yoast SEO v27.4) - https:\/\/yoast.com\/product\/yoast-seo-premium-wordpress\/ -->\n<title>NMC U Classic - Primaverde<\/title>\n<meta name=\"robots\" content=\"index, follow, max-snippet:-1, max-image-preview:large, max-video-preview:-1\" \/>\n<link rel=\"canonical\" href=\"https:\/\/primaverde.com\/de\/produkt\/nmc-u-classic\/\" \/>\n<meta property=\"og:locale\" content=\"de_DE\" \/>\n<meta property=\"og:type\" content=\"article\" \/>\n<meta property=\"og:title\" content=\"NMC U Classic\" \/>\n<meta property=\"og:description\" content=\"Schaumstoffprofile U-f\u00f6rmigDie U-Profile von NMC sind in verschiedenen Gr\u00f6\u00dfen und Dicken erh\u00e4ltlich und bieten einen wirksamen Schutz f\u00fcr verschiedene Arten von Profilen, Fensterrahmen, Fensterb\u00e4nken und Gel\u00e4ndern w\u00e4hrend der Bauarbeiten.\" \/>\n<meta property=\"og:url\" content=\"https:\/\/primaverde.com\/de\/produkt\/nmc-u-classic\/\" \/>\n<meta property=\"og:site_name\" content=\"Primaverde\" \/>\n<meta property=\"article:publisher\" content=\"https:\/\/www.facebook.com\/PrimaverdeBV\/\" \/>\n<meta property=\"article:modified_time\" content=\"2026-04-15T13:39:44+00:00\" \/>\n<meta property=\"og:image\" content=\"https:\/\/primaverde.com\/wp-content\/uploads\/2024\/07\/Profile_U_P0NZ_s01.jpg\" \/>\n\t<meta property=\"og:image:width\" content=\"600\" \/>\n\t<meta property=\"og:image:height\" content=\"600\" \/>\n\t<meta property=\"og:image:type\" content=\"image\/jpeg\" \/>\n<meta name=\"twitter:card\" content=\"summary_large_image\" \/>\n<meta name=\"twitter:site\" content=\"@PrimaverdeBV\" \/>\n<script type=\"application\/ld+json\" class=\"yoast-schema-graph\">{\"@context\":\"https:\\\/\\\/schema.org\",\"@graph\":[{\"@type\":\"WebPage\",\"@id\":\"https:\\\/\\\/primaverde.com\\\/de\\\/produkt\\\/nmc-u-classic\\\/\",\"url\":\"https:\\\/\\\/primaverde.com\\\/de\\\/produkt\\\/nmc-u-classic\\\/\",\"name\":\"NMC U Classic - Primaverde\",\"isPartOf\":{\"@id\":\"https:\\\/\\\/primaverde.com\\\/de\\\/#website\"},\"primaryImageOfPage\":{\"@id\":\"https:\\\/\\\/primaverde.com\\\/de\\\/produkt\\\/nmc-u-classic\\\/#primaryimage\"},\"image\":{\"@id\":\"https:\\\/\\\/primaverde.com\\\/de\\\/produkt\\\/nmc-u-classic\\\/#primaryimage\"},\"thumbnailUrl\":\"https:\\\/\\\/primaverde.com\\\/wp-content\\\/uploads\\\/2024\\\/07\\\/Profile_U_P0NZ_s01.jpg\",\"datePublished\":\"2024-07-04T11:35:36+00:00\",\"dateModified\":\"2026-04-15T13:39:44+00:00\",\"breadcrumb\":{\"@id\":\"https:\\\/\\\/primaverde.com\\\/de\\\/produkt\\\/nmc-u-classic\\\/#breadcrumb\"},\"inLanguage\":\"de\",\"potentialAction\":[{\"@type\":\"ReadAction\",\"target\":[\"https:\\\/\\\/primaverde.com\\\/de\\\/produkt\\\/nmc-u-classic\\\/\"]}]},{\"@type\":\"ImageObject\",\"inLanguage\":\"de\",\"@id\":\"https:\\\/\\\/primaverde.com\\\/de\\\/produkt\\\/nmc-u-classic\\\/#primaryimage\",\"url\":\"https:\\\/\\\/primaverde.com\\\/wp-content\\\/uploads\\\/2024\\\/07\\\/Profile_U_P0NZ_s01.jpg\",\"contentUrl\":\"https:\\\/\\\/primaverde.com\\\/wp-content\\\/uploads\\\/2024\\\/07\\\/Profile_U_P0NZ_s01.jpg\",\"width\":600,\"height\":600},{\"@type\":\"BreadcrumbList\",\"@id\":\"https:\\\/\\\/primaverde.com\\\/de\\\/produkt\\\/nmc-u-classic\\\/#breadcrumb\",\"itemListElement\":[{\"@type\":\"ListItem\",\"position\":1,\"name\":\"Home\",\"item\":\"https:\\\/\\\/primaverde.com\\\/de\\\/\"},{\"@type\":\"ListItem\",\"position\":2,\"name\":\"Boutique\",\"item\":\"https:\\\/\\\/primaverde.com\\\/de\\\/boutique\\\/\"},{\"@type\":\"ListItem\",\"position\":3,\"name\":\"NMC U Classic\"}]},{\"@type\":\"WebSite\",\"@id\":\"https:\\\/\\\/primaverde.com\\\/de\\\/#website\",\"url\":\"https:\\\/\\\/primaverde.com\\\/de\\\/\",\"name\":\"Primaverde\",\"description\":\"Covering material, protection, tapes, Beschermende materialen\",\"publisher\":{\"@id\":\"https:\\\/\\\/primaverde.com\\\/de\\\/#organization\"},\"potentialAction\":[{\"@type\":\"SearchAction\",\"target\":{\"@type\":\"EntryPoint\",\"urlTemplate\":\"https:\\\/\\\/primaverde.com\\\/de\\\/?s={search_term_string}\"},\"query-input\":{\"@type\":\"PropertyValueSpecification\",\"valueRequired\":true,\"valueName\":\"search_term_string\"}}],\"inLanguage\":\"de\"},{\"@type\":\"Organization\",\"@id\":\"https:\\\/\\\/primaverde.com\\\/de\\\/#organization\",\"name\":\"Primaverde B.V.\",\"url\":\"https:\\\/\\\/primaverde.com\\\/de\\\/\",\"logo\":{\"@type\":\"ImageObject\",\"inLanguage\":\"de\",\"@id\":\"https:\\\/\\\/primaverde.com\\\/de\\\/#\\\/schema\\\/logo\\\/image\\\/\",\"url\":\"https:\\\/\\\/primaverde.com\\\/wp-content\\\/uploads\\\/2015\\\/03\\\/Logo_Primaverde.jpg\",\"contentUrl\":\"https:\\\/\\\/primaverde.com\\\/wp-content\\\/uploads\\\/2015\\\/03\\\/Logo_Primaverde.jpg\",\"width\":1170,\"height\":212,\"caption\":\"Primaverde B.V.\"},\"image\":{\"@id\":\"https:\\\/\\\/primaverde.com\\\/de\\\/#\\\/schema\\\/logo\\\/image\\\/\"},\"sameAs\":[\"https:\\\/\\\/www.facebook.com\\\/PrimaverdeBV\\\/\",\"https:\\\/\\\/x.com\\\/PrimaverdeBV\",\"https:\\\/\\\/nl.linkedin.com\\\/company\\\/primaverde\",\"http:\\\/\\\/www.youtube.com\\\/channel\\\/UC3DwQqj8f8tatLdSFA0aWwA\"]}]}<\/script>\n<!-- \/ Yoast SEO Premium plugin. -->","yoast_head_json":{"title":"NMC U Classic - Primaverde","robots":{"index":"index","follow":"follow","max-snippet":"max-snippet:-1","max-image-preview":"max-image-preview:large","max-video-preview":"max-video-preview:-1"},"canonical":"https:\/\/primaverde.com\/de\/produkt\/nmc-u-classic\/","og_locale":"de_DE","og_type":"article","og_title":"NMC U Classic","og_description":"Schaumstoffprofile U-f\u00f6rmigDie U-Profile von NMC sind in verschiedenen Gr\u00f6\u00dfen und Dicken erh\u00e4ltlich und bieten einen wirksamen Schutz f\u00fcr verschiedene Arten von Profilen, Fensterrahmen, Fensterb\u00e4nken und Gel\u00e4ndern w\u00e4hrend der Bauarbeiten.","og_url":"https:\/\/primaverde.com\/de\/produkt\/nmc-u-classic\/","og_site_name":"Primaverde","article_publisher":"https:\/\/www.facebook.com\/PrimaverdeBV\/","article_modified_time":"2026-04-15T13:39:44+00:00","og_image":[{"width":600,"height":600,"url":"https:\/\/primaverde.com\/wp-content\/uploads\/2024\/07\/Profile_U_P0NZ_s01.jpg","type":"image\/jpeg"}],"twitter_card":"summary_large_image","twitter_site":"@PrimaverdeBV","schema":{"@context":"https:\/\/schema.org","@graph":[{"@type":"WebPage","@id":"https:\/\/primaverde.com\/de\/produkt\/nmc-u-classic\/","url":"https:\/\/primaverde.com\/de\/produkt\/nmc-u-classic\/","name":"NMC U Classic - Primaverde","isPartOf":{"@id":"https:\/\/primaverde.com\/de\/#website"},"primaryImageOfPage":{"@id":"https:\/\/primaverde.com\/de\/produkt\/nmc-u-classic\/#primaryimage"},"image":{"@id":"https:\/\/primaverde.com\/de\/produkt\/nmc-u-classic\/#primaryimage"},"thumbnailUrl":"https:\/\/primaverde.com\/wp-content\/uploads\/2024\/07\/Profile_U_P0NZ_s01.jpg","datePublished":"2024-07-04T11:35:36+00:00","dateModified":"2026-04-15T13:39:44+00:00","breadcrumb":{"@id":"https:\/\/primaverde.com\/de\/produkt\/nmc-u-classic\/#breadcrumb"},"inLanguage":"de","potentialAction":[{"@type":"ReadAction","target":["https:\/\/primaverde.com\/de\/produkt\/nmc-u-classic\/"]}]},{"@type":"ImageObject","inLanguage":"de","@id":"https:\/\/primaverde.com\/de\/produkt\/nmc-u-classic\/#primaryimage","url":"https:\/\/primaverde.com\/wp-content\/uploads\/2024\/07\/Profile_U_P0NZ_s01.jpg","contentUrl":"https:\/\/primaverde.com\/wp-content\/uploads\/2024\/07\/Profile_U_P0NZ_s01.jpg","width":600,"height":600},{"@type":"BreadcrumbList","@id":"https:\/\/primaverde.com\/de\/produkt\/nmc-u-classic\/#breadcrumb","itemListElement":[{"@type":"ListItem","position":1,"name":"Home","item":"https:\/\/primaverde.com\/de\/"},{"@type":"ListItem","position":2,"name":"Boutique","item":"https:\/\/primaverde.com\/de\/boutique\/"},{"@type":"ListItem","position":3,"name":"NMC U Classic"}]},{"@type":"WebSite","@id":"https:\/\/primaverde.com\/de\/#website","url":"https:\/\/primaverde.com\/de\/","name":"Primaverde","description":"Covering material, protection, tapes, Beschermende materialen","publisher":{"@id":"https:\/\/primaverde.com\/de\/#organization"},"potentialAction":[{"@type":"SearchAction","target":{"@type":"EntryPoint","urlTemplate":"https:\/\/primaverde.com\/de\/?s={search_term_string}"},"query-input":{"@type":"PropertyValueSpecification","valueRequired":true,"valueName":"search_term_string"}}],"inLanguage":"de"},{"@type":"Organization","@id":"https:\/\/primaverde.com\/de\/#organization","name":"Primaverde B.V.","url":"https:\/\/primaverde.com\/de\/","logo":{"@type":"ImageObject","inLanguage":"de","@id":"https:\/\/primaverde.com\/de\/#\/schema\/logo\/image\/","url":"https:\/\/primaverde.com\/wp-content\/uploads\/2015\/03\/Logo_Primaverde.jpg","contentUrl":"https:\/\/primaverde.com\/wp-content\/uploads\/2015\/03\/Logo_Primaverde.jpg","width":1170,"height":212,"caption":"Primaverde B.V."},"image":{"@id":"https:\/\/primaverde.com\/de\/#\/schema\/logo\/image\/"},"sameAs":["https:\/\/www.facebook.com\/PrimaverdeBV\/","https:\/\/x.com\/PrimaverdeBV","https:\/\/nl.linkedin.com\/company\/primaverde","http:\/\/www.youtube.com\/channel\/UC3DwQqj8f8tatLdSFA0aWwA"]}]}},"_links":{"self":[{"href":"https:\/\/primaverde.com\/de\/wp-json\/wp\/v2\/product\/42987","targetHints":{"allow":["GET"]}}],"collection":[{"href":"https:\/\/primaverde.com\/de\/wp-json\/wp\/v2\/product"}],"about":[{"href":"https:\/\/primaverde.com\/de\/wp-json\/wp\/v2\/types\/product"}],"replies":[{"embeddable":true,"href":"https:\/\/primaverde.com\/de\/wp-json\/wp\/v2\/comments?post=42987"}],"wp:featuredmedia":[{"embeddable":true,"href":"https:\/\/primaverde.com\/de\/wp-json\/wp\/v2\/media\/42901"}],"wp:attachment":[{"href":"https:\/\/primaverde.com\/de\/wp-json\/wp\/v2\/media?parent=42987"}],"wp:term":[{"taxonomy":"product_brand","embeddable":true,"href":"https:\/\/primaverde.com\/de\/wp-json\/wp\/v2\/product_brand?post=42987"},{"taxonomy":"product_cat","embeddable":true,"href":"https:\/\/primaverde.com\/de\/wp-json\/wp\/v2\/product_cat?post=42987"},{"taxonomy":"product_tag","embeddable":true,"href":"https:\/\/primaverde.com\/de\/wp-json\/wp\/v2\/product_tag?post=42987"}],"curies":[{"name":"wp","href":"https:\/\/api.w.org\/{rel}","templated":true}]}}