{"id":27458,"date":"2019-06-13T10:52:49","date_gmt":"2019-06-13T09:52:49","guid":{"rendered":"https:\/\/primaverde.com\/nos-marques\/primacover-2\/"},"modified":"2022-03-07T15:12:30","modified_gmt":"2022-03-07T14:12:30","slug":"primacover","status":"publish","type":"page","link":"https:\/\/primaverde.com\/fr\/primacover\/","title":{"rendered":"PrimaCover"},"content":{"rendered":"\n<h1 class=\"has-text-align-center wp-block-heading\" id=\"h-materiaux-de-recouvrement-primacover\"> Mat\u00e9riaux de recouvrement PrimaCover<\/h1>\n\n\n\n<h2 class=\"has-text-align-center wp-block-heading\" id=\"h-primacover-offre-un-assortiment-toujours-plus-etendu-de-materiaux-de-recouvrement-et-de-portes-anti-poussiere\"> PrimaCover offre un assortiment toujours plus \u00e9tendu de mat\u00e9riaux de recouvrement et de portes anti-poussi\u00e8re.<\/h2>\n\n\n<div class=\"gb-button-wrapper gb-button-wrapper-6c746bdc\">\n\n<a class=\"gb-button gb-button-528df70d gb-button-text\" href=\"https:\/\/primacover.com\">primacover.com<\/a>\n\n<\/div>\n\n\n<hr class=\"wp-block-separator\"\/>\n\n\n\n<div class=\"wp-block-columns has-2-columns is-layout-flex wp-container-core-columns-is-layout-9d6595d7 wp-block-columns-is-layout-flex\">\n<div class=\"wp-block-column is-layout-flow wp-block-column-is-layout-flow\">\n<figure class=\"wp-block-gallery columns-3\"><ul class=\"blocks-gallery-grid\"><li class=\"blocks-gallery-item\"><figure><img loading=\"lazy\" decoding=\"async\" width=\"600\" height=\"399\" src=\"https:\/\/primaverde.com\/wp-content\/uploads\/2015\/11\/PrimaCover0_logo_content_categorie_1-1.jpg\" alt=\"PrimaCover afdekmateriaal\" data-id=\"2078\" data-link=\"https:\/\/primaverde.com\/primacover0_logo_content_categorie_1\/\" class=\"wp-image-2078\" srcset=\"https:\/\/primaverde.com\/wp-content\/uploads\/2015\/11\/PrimaCover0_logo_content_categorie_1-1.jpg 600w, https:\/\/primaverde.com\/wp-content\/uploads\/2015\/11\/PrimaCover0_logo_content_categorie_1-1-300x200.jpg 300w, https:\/\/primaverde.com\/wp-content\/uploads\/2015\/11\/PrimaCover0_logo_content_categorie_1-1-31x21.jpg 31w, https:\/\/primaverde.com\/wp-content\/uploads\/2015\/11\/PrimaCover0_logo_content_categorie_1-1-272x182.jpg 272w\" sizes=\"auto, (max-width: 600px) 100vw, 600px\" \/><\/figure><\/li><li class=\"blocks-gallery-item\"><figure><img loading=\"lazy\" decoding=\"async\" width=\"1200\" height=\"798\" src=\"https:\/\/primaverde.com\/wp-content\/uploads\/2019\/06\/PrimaCover6_logo_content_categorie_2-1200x798.jpg\" alt=\"PrimaCover Robust - afdekvlies beton - vloer trap\" data-id=\"6868\" data-link=\"https:\/\/primaverde.com\/?attachment_id=6868#main\" class=\"wp-image-27459\" srcset=\"https:\/\/primaverde.com\/wp-content\/uploads\/2019\/06\/PrimaCover6_logo_content_categorie_2-1200x798.jpg 1200w, https:\/\/primaverde.com\/wp-content\/uploads\/2019\/06\/PrimaCover6_logo_content_categorie_2-600x399.jpg 600w, https:\/\/primaverde.com\/wp-content\/uploads\/2019\/06\/PrimaCover6_logo_content_categorie_2-300x200.jpg 300w, https:\/\/primaverde.com\/wp-content\/uploads\/2019\/06\/PrimaCover6_logo_content_categorie_2-768x511.jpg 768w\" sizes=\"auto, (max-width: 1200px) 100vw, 1200px\" \/><\/figure><\/li><li class=\"blocks-gallery-item\"><figure><img loading=\"lazy\" decoding=\"async\" width=\"1200\" height=\"798\" src=\"https:\/\/primaverde.com\/wp-content\/uploads\/2019\/06\/PrimaCover9_logo_content_categorie_2-1200x798.jpg\" alt=\"PrimaCover Evapo - damp-open afdekvlies - hout - trap vloer\" data-id=\"6873\" data-link=\"https:\/\/primaverde.com\/?attachment_id=6873#main\" class=\"wp-image-27461\" srcset=\"https:\/\/primaverde.com\/wp-content\/uploads\/2019\/06\/PrimaCover9_logo_content_categorie_2-1200x798.jpg 1200w, https:\/\/primaverde.com\/wp-content\/uploads\/2019\/06\/PrimaCover9_logo_content_categorie_2-600x399.jpg 600w, https:\/\/primaverde.com\/wp-content\/uploads\/2019\/06\/PrimaCover9_logo_content_categorie_2-300x200.jpg 300w, https:\/\/primaverde.com\/wp-content\/uploads\/2019\/06\/PrimaCover9_logo_content_categorie_2-768x511.jpg 768w\" sizes=\"auto, (max-width: 1200px) 100vw, 1200px\" \/><\/figure><\/li><li class=\"blocks-gallery-item\"><figure><img loading=\"lazy\" decoding=\"async\" width=\"1200\" height=\"798\" src=\"https:\/\/primaverde.com\/wp-content\/uploads\/2019\/06\/PrimaCover10_logo_content_categorie_2-1200x798.jpg\" alt=\"PrimaCover Standard - universeel zelfklevend afdekvlies\" data-id=\"6878\" data-link=\"https:\/\/primaverde.com\/?attachment_id=6878#main\" class=\"wp-image-27462\" srcset=\"https:\/\/primaverde.com\/wp-content\/uploads\/2019\/06\/PrimaCover10_logo_content_categorie_2-1200x798.jpg 1200w, https:\/\/primaverde.com\/wp-content\/uploads\/2019\/06\/PrimaCover10_logo_content_categorie_2-600x399.jpg 600w, https:\/\/primaverde.com\/wp-content\/uploads\/2019\/06\/PrimaCover10_logo_content_categorie_2-300x200.jpg 300w, https:\/\/primaverde.com\/wp-content\/uploads\/2019\/06\/PrimaCover10_logo_content_categorie_2-768x511.jpg 768w\" sizes=\"auto, (max-width: 1200px) 100vw, 1200px\" \/><\/figure><\/li><li class=\"blocks-gallery-item\"><figure><img loading=\"lazy\" decoding=\"async\" width=\"1200\" height=\"798\" src=\"https:\/\/primaverde.com\/wp-content\/uploads\/2019\/06\/PrimaCover11_logo_content_categorie_2-1200x798.jpg\" alt=\"PrimaCover Standard - universeel zelfklevend afdekvlies - puin\" data-id=\"6883\" data-link=\"https:\/\/primaverde.com\/?attachment_id=6883#main\" class=\"wp-image-27463\" srcset=\"https:\/\/primaverde.com\/wp-content\/uploads\/2019\/06\/PrimaCover11_logo_content_categorie_2-1200x798.jpg 1200w, https:\/\/primaverde.com\/wp-content\/uploads\/2019\/06\/PrimaCover11_logo_content_categorie_2-600x399.jpg 600w, https:\/\/primaverde.com\/wp-content\/uploads\/2019\/06\/PrimaCover11_logo_content_categorie_2-300x200.jpg 300w, https:\/\/primaverde.com\/wp-content\/uploads\/2019\/06\/PrimaCover11_logo_content_categorie_2-768x511.jpg 768w\" sizes=\"auto, (max-width: 1200px) 100vw, 1200px\" \/><\/figure><\/li><li class=\"blocks-gallery-item\"><figure><img loading=\"lazy\" decoding=\"async\" width=\"1200\" height=\"798\" src=\"https:\/\/primaverde.com\/wp-content\/uploads\/2019\/06\/PrimaCover16_logo_content_categorie_2-1200x798.jpg\" alt=\"PrimaCover Zipper Door A - ritsdoorgang - stofdeur\" data-id=\"6888\" data-link=\"https:\/\/primaverde.com\/?attachment_id=6888#main\" class=\"wp-image-27464\" srcset=\"https:\/\/primaverde.com\/wp-content\/uploads\/2019\/06\/PrimaCover16_logo_content_categorie_2-1200x798.jpg 1200w, https:\/\/primaverde.com\/wp-content\/uploads\/2019\/06\/PrimaCover16_logo_content_categorie_2-600x399.jpg 600w, https:\/\/primaverde.com\/wp-content\/uploads\/2019\/06\/PrimaCover16_logo_content_categorie_2-300x200.jpg 300w, https:\/\/primaverde.com\/wp-content\/uploads\/2019\/06\/PrimaCover16_logo_content_categorie_2-768x511.jpg 768w\" sizes=\"auto, (max-width: 1200px) 100vw, 1200px\" \/><\/figure><\/li><li class=\"blocks-gallery-item\"><figure><img loading=\"lazy\" decoding=\"async\" width=\"1200\" height=\"798\" src=\"https:\/\/primaverde.com\/wp-content\/uploads\/2019\/06\/PrimaCover30_logo_content_categorie_2-1200x798.jpg\" alt=\"PrimaCover Active - ademend afdekvlies - praktijk\" data-id=\"6893\" data-link=\"https:\/\/primaverde.com\/?attachment_id=6893#main\" class=\"wp-image-27465\" srcset=\"https:\/\/primaverde.com\/wp-content\/uploads\/2019\/06\/PrimaCover30_logo_content_categorie_2-1200x798.jpg 1200w, https:\/\/primaverde.com\/wp-content\/uploads\/2019\/06\/PrimaCover30_logo_content_categorie_2-600x399.jpg 600w, https:\/\/primaverde.com\/wp-content\/uploads\/2019\/06\/PrimaCover30_logo_content_categorie_2-300x200.jpg 300w, https:\/\/primaverde.com\/wp-content\/uploads\/2019\/06\/PrimaCover30_logo_content_categorie_2-768x511.jpg 768w\" sizes=\"auto, (max-width: 1200px) 100vw, 1200px\" \/><\/figure><\/li><li class=\"blocks-gallery-item\"><figure><img loading=\"lazy\" decoding=\"async\" width=\"601\" height=\"399\" src=\"https:\/\/primaverde.com\/wp-content\/uploads\/2015\/11\/PrimaCover1_logo_content_categorie_1-1.jpg\" alt=\"PrimaCover Absorb - afdekvlies onderhoud techniek bescherming oplosmiddel olie ondergrond\" data-id=\"2079\" data-link=\"https:\/\/primaverde.com\/primacover1_logo_content_categorie_1\/\" class=\"wp-image-2079\" srcset=\"https:\/\/primaverde.com\/wp-content\/uploads\/2015\/11\/PrimaCover1_logo_content_categorie_1-1.jpg 601w, https:\/\/primaverde.com\/wp-content\/uploads\/2015\/11\/PrimaCover1_logo_content_categorie_1-1-300x199.jpg 300w, https:\/\/primaverde.com\/wp-content\/uploads\/2015\/11\/PrimaCover1_logo_content_categorie_1-1-600x398.jpg 600w, https:\/\/primaverde.com\/wp-content\/uploads\/2015\/11\/PrimaCover1_logo_content_categorie_1-1-31x21.jpg 31w, https:\/\/primaverde.com\/wp-content\/uploads\/2015\/11\/PrimaCover1_logo_content_categorie_1-1-272x182.jpg 272w\" sizes=\"auto, (max-width: 601px) 100vw, 601px\" \/><\/figure><\/li><\/ul><\/figure>\n<\/div>\n\n\n\n<div class=\"wp-block-column is-layout-flow wp-block-column-is-layout-flow\">\n<p>PrimaCover est la marque innovante dans les membranes de protection, les films de protection et les portes anti-poussi\u00e8re. Les produits PrimaCover fournissent des sols, des escaliers et des fen\u00eatres prot\u00e9g\u00e9s pendant la construction, la r\u00e9novation et l\u2019entretien. Les caract\u00e9ristiques de PrimaCover sont:<\/p>\n\n\n\n<ul class=\"wp-block-list\"><li>Qualit\u00e9 \u00e9prouv\u00e9e dans la pratique<\/li><li>Excellent support de vente pour les revendeurs<\/li><li>Excellent support technique pour les utilisateurs finaux<\/li><\/ul>\n\n\n\n<h2 class=\"wp-block-heading\" id=\"h-developpement\">D\u00e9veloppement<\/h2>\n\n\n\n<p>Avant qu&rsquo;un produit PrimaCover ne soit mis sur le march\u00e9, nous accordons une attention particuli\u00e8re \u00e0 son d\u00e9veloppement. Ceci est fait en \u00e9troite consultation avec les praticiens. Apr\u00e8s tout, ils savent mieux que quiconque pour quels risques potentiels ils recherchent une solution fiable. PrimaCover et les utilisateurs finaux ont un objectif commun: gagner du temps et \u00e9viter les co\u00fbts de r\u00e9paration.<\/p>\n\n\n\n<h2 class=\"wp-block-heading\" id=\"h-couvrir-les-membranes-et-les-couvertures\">Couvrir les membranes et les couvertures<\/h2>\n\n\n\n<p> Les mat\u00e9riaux de recouvrement de PrimaCover prot\u00e8gent les sols, les escaliers et les fen\u00eatres. Ils se caract\u00e9risent par un traitement sublime et des propri\u00e9t\u00e9s de protection exceptionnelles pour d&rsquo;innombrables surfaces.<\/p>\n\n\n\n<p>Il existe de nombreux types de mat\u00e9riaux de couverture PrimaCover disponibles, ainsi que des sp\u00e9ciaux. Par exemple, PrimaCover Active ou PrimaCover Evapo pour les surfaces sensibles et nouvelles. Ou PrimaCover Robuste pour couvrir et prot\u00e9ger le b\u00e9ton pr\u00e9fabriqu\u00e9 tout au long du processus de construction.<\/p>\n\n\n\n<h2 class=\"wp-block-heading\" id=\"h-portes-anti-poussiere\"> Portes anti-poussi\u00e8re. <\/h2>\n\n\n\n<p>Cr\u00e9ez vous-m\u00eame une porte anti-poussi\u00e8re avec deux produits PrimaCover: PrimaCover Zipper et PrimaCover Zipper Door A. Les deux produits visent une fiabilit\u00e9 \u00e0 long terme et une facilit\u00e9 d&rsquo;utilisation.<\/p>\n\n\n\n<p>PrimaCover Zipper est un ensemble de deux fermetures \u00e0 glissi\u00e8re auto-adh\u00e9sives que vous pouvez facilement appliquer \u00e0 tout type de film. De cette fa\u00e7on, vous pouvez transformer n&rsquo;importe quel mur de tissu en passage en un rien de temps.<\/p>\n\n\n\n<p>PrimaCover Zipper Door A est une porte anti-poussi\u00e8re qui consiste en une feuille transparente r\u00e9sistante avec une fermeture \u00e0 glissi\u00e8re pr\u00e9mont\u00e9e. Appliquez-le avec un ruban adh\u00e9sif appropri\u00e9. Le passage s&rsquo;ouvre sans obstacle pour une accessibilit\u00e9 optimale.<\/p>\n\n\n\n<h2 class=\"wp-block-heading\" id=\"h-soutien\">Soutien<\/h2>\n\n\n\n<p>Vous n&rsquo;obtenez pas que des utilisateurs finaux satisfaits. Cela commence par un d\u00e9veloppement minutieux du produit. Le point de d\u00e9part est: pratique dans la pratique. Primaverde offre un support \u00e9tendu aux revendeurs. Consultez notre <a href=\"https:\/\/primaverde.com\/fr\/support\/\">page de support<\/a> si vous souhaitez en savoir plus sur notre support technique et commercial.<\/p>\n\n\n\n<h2 class=\"wp-block-heading\" id=\"h-plus-information\">Plus information<\/h2>\n\n\n\n<p>PrimaCover est disponible dans les quincailleries professionnelles et les marchands de peintres. Vous trouverez plus d&rsquo;informations sur les produits PrimaCover sur le site<a href=\"https:\/\/primacover.com\"> Web de PrimaCover<\/a>. N&rsquo;h\u00e9sitez pas \u00e0 <a href=\"https:\/\/primaverde.com\/fr\/contact\/\">contacter <\/a>Primaverde si vous souhaitez en savoir plus sur PrimaCover. Nous sommes heureux de r\u00e9pondre \u00e0 vos questions.<\/p>\n<\/div>\n<\/div>\n\n\n\n<p><\/p>\n","protected":false},"excerpt":{"rendered":"<p>Mat\u00e9riaux de recouvrement PrimaCover PrimaCover offre un assortiment toujours plus \u00e9tendu de mat\u00e9riaux de recouvrement et de portes anti-poussi\u00e8re. PrimaCover &#8230; <a title=\"PrimaCover\" class=\"read-more\" href=\"https:\/\/primaverde.com\/fr\/primacover\/\" aria-label=\"En savoir plus sur PrimaCover\">Lees verder&#8230;<\/a><\/p>\n","protected":false},"author":7,"featured_media":0,"parent":0,"menu_order":2,"comment_status":"closed","ping_status":"closed","template":"","meta":{"generate_page_header":"","footnotes":""},"class_list":{"0":"post-27458","1":"page","2":"type-page","3":"status-publish","5":"infinite-scroll-item"},"yoast_head":"<!-- This site is optimized with the Yoast SEO Premium plugin v26.8 (Yoast SEO v27.4) - https:\/\/yoast.com\/product\/yoast-seo-premium-wordpress\/ -->\n<title>Mat\u00e9riaux de rev\u00eatement PrimaCover pour de nombreuses surfaces<\/title>\n<meta name=\"description\" content=\"Mat\u00e9riaux de rev\u00eatement pour d&#039;innombrables surfaces telles que le b\u00e9ton, le carrelage, le bois, le parquet, le linol\u00e9um, le m\u00e9tal, etc.\" \/>\n<meta name=\"robots\" content=\"index, follow, max-snippet:-1, max-image-preview:large, max-video-preview:-1\" \/>\n<link rel=\"canonical\" href=\"https:\/\/primaverde.com\/fr\/primacover\/\" \/>\n<meta property=\"og:locale\" content=\"fr_FR\" \/>\n<meta property=\"og:type\" content=\"article\" \/>\n<meta property=\"og:title\" content=\"PrimaCover\" \/>\n<meta property=\"og:description\" content=\"Mat\u00e9riaux de rev\u00eatement pour d&#039;innombrables surfaces telles que le b\u00e9ton, le carrelage, le bois, le parquet, le linol\u00e9um, le m\u00e9tal, etc.\" \/>\n<meta property=\"og:url\" content=\"https:\/\/primaverde.com\/fr\/primacover\/\" \/>\n<meta property=\"og:site_name\" content=\"Primaverde\" \/>\n<meta property=\"article:publisher\" content=\"https:\/\/www.facebook.com\/PrimaverdeBV\/\" \/>\n<meta property=\"article:modified_time\" content=\"2022-03-07T14:12:30+00:00\" \/>\n<meta property=\"og:image\" content=\"https:\/\/primaverde.com\/wp-content\/uploads\/2015\/11\/PrimaCover0_logo_content_categorie_1-1.jpg\" \/>\n<meta name=\"twitter:card\" content=\"summary_large_image\" \/>\n<meta name=\"twitter:site\" content=\"@PrimaverdeBV\" \/>\n<meta name=\"twitter:label1\" content=\"Dur\u00e9e de lecture estim\u00e9e\" \/>\n\t<meta name=\"twitter:data1\" content=\"4 minutes\" \/>\n<script type=\"application\/ld+json\" class=\"yoast-schema-graph\">{\"@context\":\"https:\\\/\\\/schema.org\",\"@graph\":[{\"@type\":\"WebPage\",\"@id\":\"https:\\\/\\\/primaverde.com\\\/fr\\\/primacover\\\/\",\"url\":\"https:\\\/\\\/primaverde.com\\\/fr\\\/primacover\\\/\",\"name\":\"Mat\u00e9riaux de rev\u00eatement PrimaCover pour de nombreuses surfaces\",\"isPartOf\":{\"@id\":\"https:\\\/\\\/primaverde.com\\\/fr\\\/#website\"},\"primaryImageOfPage\":{\"@id\":\"https:\\\/\\\/primaverde.com\\\/fr\\\/primacover\\\/#primaryimage\"},\"image\":{\"@id\":\"https:\\\/\\\/primaverde.com\\\/fr\\\/primacover\\\/#primaryimage\"},\"thumbnailUrl\":\"https:\\\/\\\/primaverde.com\\\/wp-content\\\/uploads\\\/2015\\\/11\\\/PrimaCover0_logo_content_categorie_1-1.jpg\",\"datePublished\":\"2019-06-13T09:52:49+00:00\",\"dateModified\":\"2022-03-07T14:12:30+00:00\",\"description\":\"Mat\u00e9riaux de rev\u00eatement pour d'innombrables surfaces telles que le b\u00e9ton, le carrelage, le bois, le parquet, le linol\u00e9um, le m\u00e9tal, etc.\",\"breadcrumb\":{\"@id\":\"https:\\\/\\\/primaverde.com\\\/fr\\\/primacover\\\/#breadcrumb\"},\"inLanguage\":\"fr-FR\",\"potentialAction\":[{\"@type\":\"ReadAction\",\"target\":[\"https:\\\/\\\/primaverde.com\\\/fr\\\/primacover\\\/\"]}]},{\"@type\":\"ImageObject\",\"inLanguage\":\"fr-FR\",\"@id\":\"https:\\\/\\\/primaverde.com\\\/fr\\\/primacover\\\/#primaryimage\",\"url\":\"https:\\\/\\\/primaverde.com\\\/wp-content\\\/uploads\\\/2015\\\/11\\\/PrimaCover0_logo_content_categorie_1-1.jpg\",\"contentUrl\":\"https:\\\/\\\/primaverde.com\\\/wp-content\\\/uploads\\\/2015\\\/11\\\/PrimaCover0_logo_content_categorie_1-1.jpg\"},{\"@type\":\"BreadcrumbList\",\"@id\":\"https:\\\/\\\/primaverde.com\\\/fr\\\/primacover\\\/#breadcrumb\",\"itemListElement\":[{\"@type\":\"ListItem\",\"position\":1,\"name\":\"Home\",\"item\":\"https:\\\/\\\/primaverde.com\\\/fr\\\/\"},{\"@type\":\"ListItem\",\"position\":2,\"name\":\"PrimaCover\"}]},{\"@type\":\"WebSite\",\"@id\":\"https:\\\/\\\/primaverde.com\\\/fr\\\/#website\",\"url\":\"https:\\\/\\\/primaverde.com\\\/fr\\\/\",\"name\":\"Primaverde\",\"description\":\"Covering material, protection, tapes, Beschermende materialen\",\"publisher\":{\"@id\":\"https:\\\/\\\/primaverde.com\\\/fr\\\/#organization\"},\"potentialAction\":[{\"@type\":\"SearchAction\",\"target\":{\"@type\":\"EntryPoint\",\"urlTemplate\":\"https:\\\/\\\/primaverde.com\\\/fr\\\/?s={search_term_string}\"},\"query-input\":{\"@type\":\"PropertyValueSpecification\",\"valueRequired\":true,\"valueName\":\"search_term_string\"}}],\"inLanguage\":\"fr-FR\"},{\"@type\":\"Organization\",\"@id\":\"https:\\\/\\\/primaverde.com\\\/fr\\\/#organization\",\"name\":\"Primaverde B.V.\",\"url\":\"https:\\\/\\\/primaverde.com\\\/fr\\\/\",\"logo\":{\"@type\":\"ImageObject\",\"inLanguage\":\"fr-FR\",\"@id\":\"https:\\\/\\\/primaverde.com\\\/fr\\\/#\\\/schema\\\/logo\\\/image\\\/\",\"url\":\"https:\\\/\\\/primaverde.com\\\/wp-content\\\/uploads\\\/2015\\\/03\\\/Logo_Primaverde.jpg\",\"contentUrl\":\"https:\\\/\\\/primaverde.com\\\/wp-content\\\/uploads\\\/2015\\\/03\\\/Logo_Primaverde.jpg\",\"width\":1170,\"height\":212,\"caption\":\"Primaverde B.V.\"},\"image\":{\"@id\":\"https:\\\/\\\/primaverde.com\\\/fr\\\/#\\\/schema\\\/logo\\\/image\\\/\"},\"sameAs\":[\"https:\\\/\\\/www.facebook.com\\\/PrimaverdeBV\\\/\",\"https:\\\/\\\/x.com\\\/PrimaverdeBV\",\"https:\\\/\\\/nl.linkedin.com\\\/company\\\/primaverde\",\"http:\\\/\\\/www.youtube.com\\\/channel\\\/UC3DwQqj8f8tatLdSFA0aWwA\"]}]}<\/script>\n<!-- \/ Yoast SEO Premium plugin. -->","yoast_head_json":{"title":"Mat\u00e9riaux de rev\u00eatement PrimaCover pour de nombreuses surfaces","description":"Mat\u00e9riaux de rev\u00eatement pour d'innombrables surfaces telles que le b\u00e9ton, le carrelage, le bois, le parquet, le linol\u00e9um, le m\u00e9tal, etc.","robots":{"index":"index","follow":"follow","max-snippet":"max-snippet:-1","max-image-preview":"max-image-preview:large","max-video-preview":"max-video-preview:-1"},"canonical":"https:\/\/primaverde.com\/fr\/primacover\/","og_locale":"fr_FR","og_type":"article","og_title":"PrimaCover","og_description":"Mat\u00e9riaux de rev\u00eatement pour d'innombrables surfaces telles que le b\u00e9ton, le carrelage, le bois, le parquet, le linol\u00e9um, le m\u00e9tal, etc.","og_url":"https:\/\/primaverde.com\/fr\/primacover\/","og_site_name":"Primaverde","article_publisher":"https:\/\/www.facebook.com\/PrimaverdeBV\/","article_modified_time":"2022-03-07T14:12:30+00:00","og_image":[{"url":"https:\/\/primaverde.com\/wp-content\/uploads\/2015\/11\/PrimaCover0_logo_content_categorie_1-1.jpg","type":"","width":"","height":""}],"twitter_card":"summary_large_image","twitter_site":"@PrimaverdeBV","twitter_misc":{"Dur\u00e9e de lecture estim\u00e9e":"4 minutes"},"schema":{"@context":"https:\/\/schema.org","@graph":[{"@type":"WebPage","@id":"https:\/\/primaverde.com\/fr\/primacover\/","url":"https:\/\/primaverde.com\/fr\/primacover\/","name":"Mat\u00e9riaux de rev\u00eatement PrimaCover pour de nombreuses surfaces","isPartOf":{"@id":"https:\/\/primaverde.com\/fr\/#website"},"primaryImageOfPage":{"@id":"https:\/\/primaverde.com\/fr\/primacover\/#primaryimage"},"image":{"@id":"https:\/\/primaverde.com\/fr\/primacover\/#primaryimage"},"thumbnailUrl":"https:\/\/primaverde.com\/wp-content\/uploads\/2015\/11\/PrimaCover0_logo_content_categorie_1-1.jpg","datePublished":"2019-06-13T09:52:49+00:00","dateModified":"2022-03-07T14:12:30+00:00","description":"Mat\u00e9riaux de rev\u00eatement pour d'innombrables surfaces telles que le b\u00e9ton, le carrelage, le bois, le parquet, le linol\u00e9um, le m\u00e9tal, etc.","breadcrumb":{"@id":"https:\/\/primaverde.com\/fr\/primacover\/#breadcrumb"},"inLanguage":"fr-FR","potentialAction":[{"@type":"ReadAction","target":["https:\/\/primaverde.com\/fr\/primacover\/"]}]},{"@type":"ImageObject","inLanguage":"fr-FR","@id":"https:\/\/primaverde.com\/fr\/primacover\/#primaryimage","url":"https:\/\/primaverde.com\/wp-content\/uploads\/2015\/11\/PrimaCover0_logo_content_categorie_1-1.jpg","contentUrl":"https:\/\/primaverde.com\/wp-content\/uploads\/2015\/11\/PrimaCover0_logo_content_categorie_1-1.jpg"},{"@type":"BreadcrumbList","@id":"https:\/\/primaverde.com\/fr\/primacover\/#breadcrumb","itemListElement":[{"@type":"ListItem","position":1,"name":"Home","item":"https:\/\/primaverde.com\/fr\/"},{"@type":"ListItem","position":2,"name":"PrimaCover"}]},{"@type":"WebSite","@id":"https:\/\/primaverde.com\/fr\/#website","url":"https:\/\/primaverde.com\/fr\/","name":"Primaverde","description":"Covering material, protection, tapes, Beschermende materialen","publisher":{"@id":"https:\/\/primaverde.com\/fr\/#organization"},"potentialAction":[{"@type":"SearchAction","target":{"@type":"EntryPoint","urlTemplate":"https:\/\/primaverde.com\/fr\/?s={search_term_string}"},"query-input":{"@type":"PropertyValueSpecification","valueRequired":true,"valueName":"search_term_string"}}],"inLanguage":"fr-FR"},{"@type":"Organization","@id":"https:\/\/primaverde.com\/fr\/#organization","name":"Primaverde B.V.","url":"https:\/\/primaverde.com\/fr\/","logo":{"@type":"ImageObject","inLanguage":"fr-FR","@id":"https:\/\/primaverde.com\/fr\/#\/schema\/logo\/image\/","url":"https:\/\/primaverde.com\/wp-content\/uploads\/2015\/03\/Logo_Primaverde.jpg","contentUrl":"https:\/\/primaverde.com\/wp-content\/uploads\/2015\/03\/Logo_Primaverde.jpg","width":1170,"height":212,"caption":"Primaverde B.V."},"image":{"@id":"https:\/\/primaverde.com\/fr\/#\/schema\/logo\/image\/"},"sameAs":["https:\/\/www.facebook.com\/PrimaverdeBV\/","https:\/\/x.com\/PrimaverdeBV","https:\/\/nl.linkedin.com\/company\/primaverde","http:\/\/www.youtube.com\/channel\/UC3DwQqj8f8tatLdSFA0aWwA"]}]}},"_links":{"self":[{"href":"https:\/\/primaverde.com\/fr\/wp-json\/wp\/v2\/pages\/27458","targetHints":{"allow":["GET"]}}],"collection":[{"href":"https:\/\/primaverde.com\/fr\/wp-json\/wp\/v2\/pages"}],"about":[{"href":"https:\/\/primaverde.com\/fr\/wp-json\/wp\/v2\/types\/page"}],"author":[{"embeddable":true,"href":"https:\/\/primaverde.com\/fr\/wp-json\/wp\/v2\/users\/7"}],"replies":[{"embeddable":true,"href":"https:\/\/primaverde.com\/fr\/wp-json\/wp\/v2\/comments?post=27458"}],"version-history":[{"count":0,"href":"https:\/\/primaverde.com\/fr\/wp-json\/wp\/v2\/pages\/27458\/revisions"}],"wp:attachment":[{"href":"https:\/\/primaverde.com\/fr\/wp-json\/wp\/v2\/media?parent=27458"}],"curies":[{"name":"wp","href":"https:\/\/api.w.org\/{rel}","templated":true}]}}