{"id":28484,"date":"2018-03-23T17:33:06","date_gmt":"2018-03-23T16:33:06","guid":{"rendered":"https:\/\/primaverde.com\/downloads\/"},"modified":"2020-10-07T09:09:02","modified_gmt":"2020-10-07T08:09:02","slug":"telechargements","status":"publish","type":"page","link":"https:\/\/primaverde.com\/fr\/telechargements\/","title":{"rendered":"T\u00e9l\u00e9chargez des fichiers d\u2019articles, des images et des vid\u00e9os promotionnelles"},"content":{"rendered":"\n<h1 class=\"wp-block-heading\">T\u00e9l\u00e9chargez des fichiers d\u2019articles, des images et des vid\u00e9os promotionnelles<\/h1>\n\n\n\n<p>Vous trouverez ci-dessous une liste de fichiers d&rsquo;articles, d&rsquo;images et de vid\u00e9os promotionnelles, tri\u00e9s par marque.<\/p>\n\n\n\n<h2 class=\"wp-block-heading\">Conditions de t\u00e9l\u00e9chargement<\/h2>\n\n\n\n<p class=\"tw-data-text tw-ta tw-text-small\"><span lang=\"nl\">Tous droits r\u00e9serv\u00e9s. Aucune partie de cette publication ne peut \u00eatre reproduite, distribu\u00e9e ou transmise sous quelque forme ou par quelque moyen que ce soit, y compris la photocopie, l&rsquo;enregistrement ou tout autre moyen \u00e9lectronique ou m\u00e9canique, sans l&rsquo;autorisation \u00e9crite pr\u00e9alable de Primaverde B.V.<\/span><\/p>\n\n\n\n<p>Les publications faites dans le but d&rsquo;attirer positivement l&rsquo;attention sur Primaverde et \/ ou ses marques et \/ ou ses produits font exception. Tous les droits sur les textes, images et informations sont express\u00e9ment d\u00e9volus \u00e0 Primaverde B.V. Ces droits restent pleinement en vigueur m\u00eame si vous avez publi\u00e9 ces documents via le m\u00e9dia s\u00e9lectionn\u00e9.<\/p>\n\n\n<p>[wpdm_all_packages items_per_page=\u00a0\u00bb20&Prime; jstable=1 order_by=\u00a0\u00bbcategories\u00a0\u00bb order=\u00a0\u00bbDESC\u00a0\u00bb cols=\u00a0\u00bbtitle,file_count,download_count|categories|update_date|download_link\u00a0\u00bb colheads=\u00a0\u00bbTitle|Categories|Update Date|Download::155px\u00a0\u00bb]<\/p>\n","protected":false},"excerpt":{"rendered":"<p>T\u00e9l\u00e9chargez des fichiers d\u2019articles, des images et des vid\u00e9os promotionnelles Vous trouverez ci-dessous une liste de fichiers d&rsquo;articles, d&rsquo;images et &#8230; <a title=\"T\u00e9l\u00e9chargez des fichiers d\u2019articles, des images et des vid\u00e9os promotionnelles\" class=\"read-more\" href=\"https:\/\/primaverde.com\/fr\/telechargements\/\" aria-label=\"En savoir plus sur T\u00e9l\u00e9chargez des fichiers d\u2019articles, des images et des vid\u00e9os promotionnelles\">Lees verder&#8230;<\/a><\/p>\n","protected":false},"author":6,"featured_media":0,"parent":0,"menu_order":900,"comment_status":"closed","ping_status":"closed","template":"","meta":{"generate_page_header":"","footnotes":""},"class_list":{"0":"post-28484","1":"page","2":"type-page","3":"status-publish","5":"infinite-scroll-item"},"yoast_head":"<!-- This site is optimized with the Yoast SEO Premium plugin v26.8 (Yoast SEO v27.4) - https:\/\/yoast.com\/product\/yoast-seo-premium-wordpress\/ -->\n<title>T\u00e9l\u00e9chargez des fichiers d\u2019articles, des images et des vid\u00e9os<\/title>\n<meta name=\"description\" content=\"Utiliser les t\u00e9l\u00e9chargements pour les boutiques en ligne, les brochures et l&#039;importation de fichiers.sadfasdfasdf\" \/>\n<meta name=\"robots\" content=\"index, follow, max-snippet:-1, max-image-preview:large, max-video-preview:-1\" \/>\n<link rel=\"canonical\" href=\"https:\/\/primaverde.com\/fr\/telechargements\/\" \/>\n<meta property=\"og:locale\" content=\"fr_FR\" \/>\n<meta property=\"og:type\" content=\"article\" \/>\n<meta property=\"og:title\" content=\"T\u00e9l\u00e9chargez des fichiers d\u2019articles, des images et des vid\u00e9os promotionnelles\" \/>\n<meta property=\"og:description\" content=\"Utiliser les t\u00e9l\u00e9chargements pour les boutiques en ligne, les brochures et l&#039;importation de fichiers.sadfasdfasdf\" \/>\n<meta property=\"og:url\" content=\"https:\/\/primaverde.com\/fr\/telechargements\/\" \/>\n<meta property=\"og:site_name\" content=\"Primaverde\" \/>\n<meta property=\"article:publisher\" content=\"https:\/\/www.facebook.com\/PrimaverdeBV\/\" \/>\n<meta property=\"article:modified_time\" content=\"2020-10-07T08:09:02+00:00\" \/>\n<meta name=\"twitter:card\" content=\"summary_large_image\" \/>\n<meta name=\"twitter:site\" content=\"@PrimaverdeBV\" \/>\n<meta name=\"twitter:label1\" content=\"Dur\u00e9e de lecture estim\u00e9e\" \/>\n\t<meta name=\"twitter:data1\" content=\"1 minute\" \/>\n<script type=\"application\/ld+json\" class=\"yoast-schema-graph\">{\"@context\":\"https:\\\/\\\/schema.org\",\"@graph\":[{\"@type\":\"WebPage\",\"@id\":\"https:\\\/\\\/primaverde.com\\\/fr\\\/telechargements\\\/\",\"url\":\"https:\\\/\\\/primaverde.com\\\/fr\\\/telechargements\\\/\",\"name\":\"T\u00e9l\u00e9chargez des fichiers d\u2019articles, des images et des vid\u00e9os\",\"isPartOf\":{\"@id\":\"https:\\\/\\\/primaverde.com\\\/fr\\\/#website\"},\"datePublished\":\"2018-03-23T16:33:06+00:00\",\"dateModified\":\"2020-10-07T08:09:02+00:00\",\"description\":\"Utiliser les t\u00e9l\u00e9chargements pour les boutiques en ligne, les brochures et l'importation de fichiers.sadfasdfasdf\",\"breadcrumb\":{\"@id\":\"https:\\\/\\\/primaverde.com\\\/fr\\\/telechargements\\\/#breadcrumb\"},\"inLanguage\":\"fr-FR\",\"potentialAction\":[{\"@type\":\"ReadAction\",\"target\":[\"https:\\\/\\\/primaverde.com\\\/fr\\\/telechargements\\\/\"]}]},{\"@type\":\"BreadcrumbList\",\"@id\":\"https:\\\/\\\/primaverde.com\\\/fr\\\/telechargements\\\/#breadcrumb\",\"itemListElement\":[{\"@type\":\"ListItem\",\"position\":1,\"name\":\"Home\",\"item\":\"https:\\\/\\\/primaverde.com\\\/fr\\\/\"},{\"@type\":\"ListItem\",\"position\":2,\"name\":\"T\u00e9l\u00e9chargez des fichiers d\u2019articles, des images et des vid\u00e9os promotionnelles\"}]},{\"@type\":\"WebSite\",\"@id\":\"https:\\\/\\\/primaverde.com\\\/fr\\\/#website\",\"url\":\"https:\\\/\\\/primaverde.com\\\/fr\\\/\",\"name\":\"Primaverde\",\"description\":\"Covering material, protection, tapes, Beschermende materialen\",\"publisher\":{\"@id\":\"https:\\\/\\\/primaverde.com\\\/fr\\\/#organization\"},\"potentialAction\":[{\"@type\":\"SearchAction\",\"target\":{\"@type\":\"EntryPoint\",\"urlTemplate\":\"https:\\\/\\\/primaverde.com\\\/fr\\\/?s={search_term_string}\"},\"query-input\":{\"@type\":\"PropertyValueSpecification\",\"valueRequired\":true,\"valueName\":\"search_term_string\"}}],\"inLanguage\":\"fr-FR\"},{\"@type\":\"Organization\",\"@id\":\"https:\\\/\\\/primaverde.com\\\/fr\\\/#organization\",\"name\":\"Primaverde B.V.\",\"url\":\"https:\\\/\\\/primaverde.com\\\/fr\\\/\",\"logo\":{\"@type\":\"ImageObject\",\"inLanguage\":\"fr-FR\",\"@id\":\"https:\\\/\\\/primaverde.com\\\/fr\\\/#\\\/schema\\\/logo\\\/image\\\/\",\"url\":\"https:\\\/\\\/primaverde.com\\\/wp-content\\\/uploads\\\/2015\\\/03\\\/Logo_Primaverde.jpg\",\"contentUrl\":\"https:\\\/\\\/primaverde.com\\\/wp-content\\\/uploads\\\/2015\\\/03\\\/Logo_Primaverde.jpg\",\"width\":1170,\"height\":212,\"caption\":\"Primaverde B.V.\"},\"image\":{\"@id\":\"https:\\\/\\\/primaverde.com\\\/fr\\\/#\\\/schema\\\/logo\\\/image\\\/\"},\"sameAs\":[\"https:\\\/\\\/www.facebook.com\\\/PrimaverdeBV\\\/\",\"https:\\\/\\\/x.com\\\/PrimaverdeBV\",\"https:\\\/\\\/nl.linkedin.com\\\/company\\\/primaverde\",\"http:\\\/\\\/www.youtube.com\\\/channel\\\/UC3DwQqj8f8tatLdSFA0aWwA\"]}]}<\/script>\n<!-- \/ Yoast SEO Premium plugin. -->","yoast_head_json":{"title":"T\u00e9l\u00e9chargez des fichiers d\u2019articles, des images et des vid\u00e9os","description":"Utiliser les t\u00e9l\u00e9chargements pour les boutiques en ligne, les brochures et l'importation de fichiers.sadfasdfasdf","robots":{"index":"index","follow":"follow","max-snippet":"max-snippet:-1","max-image-preview":"max-image-preview:large","max-video-preview":"max-video-preview:-1"},"canonical":"https:\/\/primaverde.com\/fr\/telechargements\/","og_locale":"fr_FR","og_type":"article","og_title":"T\u00e9l\u00e9chargez des fichiers d\u2019articles, des images et des vid\u00e9os promotionnelles","og_description":"Utiliser les t\u00e9l\u00e9chargements pour les boutiques en ligne, les brochures et l'importation de fichiers.sadfasdfasdf","og_url":"https:\/\/primaverde.com\/fr\/telechargements\/","og_site_name":"Primaverde","article_publisher":"https:\/\/www.facebook.com\/PrimaverdeBV\/","article_modified_time":"2020-10-07T08:09:02+00:00","twitter_card":"summary_large_image","twitter_site":"@PrimaverdeBV","twitter_misc":{"Dur\u00e9e de lecture estim\u00e9e":"1 minute"},"schema":{"@context":"https:\/\/schema.org","@graph":[{"@type":"WebPage","@id":"https:\/\/primaverde.com\/fr\/telechargements\/","url":"https:\/\/primaverde.com\/fr\/telechargements\/","name":"T\u00e9l\u00e9chargez des fichiers d\u2019articles, des images et des vid\u00e9os","isPartOf":{"@id":"https:\/\/primaverde.com\/fr\/#website"},"datePublished":"2018-03-23T16:33:06+00:00","dateModified":"2020-10-07T08:09:02+00:00","description":"Utiliser les t\u00e9l\u00e9chargements pour les boutiques en ligne, les brochures et l'importation de fichiers.sadfasdfasdf","breadcrumb":{"@id":"https:\/\/primaverde.com\/fr\/telechargements\/#breadcrumb"},"inLanguage":"fr-FR","potentialAction":[{"@type":"ReadAction","target":["https:\/\/primaverde.com\/fr\/telechargements\/"]}]},{"@type":"BreadcrumbList","@id":"https:\/\/primaverde.com\/fr\/telechargements\/#breadcrumb","itemListElement":[{"@type":"ListItem","position":1,"name":"Home","item":"https:\/\/primaverde.com\/fr\/"},{"@type":"ListItem","position":2,"name":"T\u00e9l\u00e9chargez des fichiers d\u2019articles, des images et des vid\u00e9os promotionnelles"}]},{"@type":"WebSite","@id":"https:\/\/primaverde.com\/fr\/#website","url":"https:\/\/primaverde.com\/fr\/","name":"Primaverde","description":"Covering material, protection, tapes, Beschermende materialen","publisher":{"@id":"https:\/\/primaverde.com\/fr\/#organization"},"potentialAction":[{"@type":"SearchAction","target":{"@type":"EntryPoint","urlTemplate":"https:\/\/primaverde.com\/fr\/?s={search_term_string}"},"query-input":{"@type":"PropertyValueSpecification","valueRequired":true,"valueName":"search_term_string"}}],"inLanguage":"fr-FR"},{"@type":"Organization","@id":"https:\/\/primaverde.com\/fr\/#organization","name":"Primaverde B.V.","url":"https:\/\/primaverde.com\/fr\/","logo":{"@type":"ImageObject","inLanguage":"fr-FR","@id":"https:\/\/primaverde.com\/fr\/#\/schema\/logo\/image\/","url":"https:\/\/primaverde.com\/wp-content\/uploads\/2015\/03\/Logo_Primaverde.jpg","contentUrl":"https:\/\/primaverde.com\/wp-content\/uploads\/2015\/03\/Logo_Primaverde.jpg","width":1170,"height":212,"caption":"Primaverde B.V."},"image":{"@id":"https:\/\/primaverde.com\/fr\/#\/schema\/logo\/image\/"},"sameAs":["https:\/\/www.facebook.com\/PrimaverdeBV\/","https:\/\/x.com\/PrimaverdeBV","https:\/\/nl.linkedin.com\/company\/primaverde","http:\/\/www.youtube.com\/channel\/UC3DwQqj8f8tatLdSFA0aWwA"]}]}},"_links":{"self":[{"href":"https:\/\/primaverde.com\/fr\/wp-json\/wp\/v2\/pages\/28484","targetHints":{"allow":["GET"]}}],"collection":[{"href":"https:\/\/primaverde.com\/fr\/wp-json\/wp\/v2\/pages"}],"about":[{"href":"https:\/\/primaverde.com\/fr\/wp-json\/wp\/v2\/types\/page"}],"author":[{"embeddable":true,"href":"https:\/\/primaverde.com\/fr\/wp-json\/wp\/v2\/users\/6"}],"replies":[{"embeddable":true,"href":"https:\/\/primaverde.com\/fr\/wp-json\/wp\/v2\/comments?post=28484"}],"version-history":[{"count":0,"href":"https:\/\/primaverde.com\/fr\/wp-json\/wp\/v2\/pages\/28484\/revisions"}],"wp:attachment":[{"href":"https:\/\/primaverde.com\/fr\/wp-json\/wp\/v2\/media?parent=28484"}],"curies":[{"name":"wp","href":"https:\/\/api.w.org\/{rel}","templated":true}]}}