{"id":31791,"date":"2021-12-21T14:23:12","date_gmt":"2021-12-21T13:23:12","guid":{"rendered":"https:\/\/primaverde.com\/duurzaamheid-en-milieu\/"},"modified":"2026-03-17T12:07:51","modified_gmt":"2026-03-17T11:07:51","slug":"durabilite-et-environnement","status":"publish","type":"page","link":"https:\/\/primaverde.com\/fr\/durabilite-et-environnement\/","title":{"rendered":"Durabilit\u00e9 et environnement"},"content":{"rendered":"\n<h1 class=\"wp-block-heading has-text-align-center\" id=\"h-durabilite-et-environnement\">Durabilit\u00e9 et environnement<\/h1>\n\n\n\n<h2 class=\"wp-block-heading has-text-align-center\" id=\"h-decouvrez-comment-primaverde-contribue-a-un-monde-salubre\">D\u00e9couvrez comment Primaverde contribue \u00e0 un monde salubre<\/h2>\n\n\n\n<div class=\"wp-block-columns has-3-columns is-layout-flex wp-container-core-columns-is-layout-9d6595d7 wp-block-columns-is-layout-flex\">\n<div class=\"wp-block-column is-layout-flow wp-block-column-is-layout-flow\">\n<h3 class=\"wp-block-heading\" id=\"h-durabilite\">Durabilit\u00e9<\/h3>\n\n\n\n<p><strong>La durabilit\u00e9 fait partie int\u00e9grante de la mission et de la vision de Primaverde BV. Chaque d\u00e9cision au sein de notre entreprise est donc appr\u00e9ci\u00e9e au regard du principe de durabilit\u00e9. Primaverde veut ainsi contribuer au d\u00e9veloppement d\u2019un monde salubre, \u00e0 la pr\u00e9servation de l\u2019environnement et au bien-\u00eatre des individus. De plus, nous restons en permanence attentifs aux opportunit\u00e9s de r\u00e9duire encore notre empreinte carbone. Nous serions heureux de vous expliquer les implications pour notre politique et nos produits.<\/strong><\/p>\n\n\n\n<h3 class=\"wp-block-heading\" id=\"h-protection-preservation\">Protection = pr\u00e9servation<\/h3>\n\n\n\n<p>Primaverde d\u00e9veloppe, fabrique et livre des produits qui minimisent les contaminations et les d\u00e9gradations. Pensez aux mat\u00e9riaux de recouvrement, tapis adh\u00e9sifs, portes anti-poussi\u00e8re et syst\u00e8mes de cloison anti-poussi\u00e8re. Ceux-ci prot\u00e8gent diff\u00e9rents supports et espaces lors de la construction, de la r\u00e9novation, de l\u2019entretien et de nombreux autres travaux. La protection est synonyme de pr\u00e9servation. En pr\u00e9venant les travaux de r\u00e9paration, nous veillons donc \u00e0 ce que les mati\u00e8res premi\u00e8res ne soient pas inutilement extraites de la terre.<\/p>\n\n\n\n<h3 class=\"gb-headline gb-headline-5a1843ad gb-headline-text\">S\u00e9curit\u00e9 = durabilit\u00e9<\/h3>\n\n\n\n<p>Aux yeux de Primaverde, la s\u00e9curit\u00e9 des individus est \u00e9galement un signe de durabilit\u00e9. Nos produits et syst\u00e8mes sont par cons\u00e9quent con\u00e7us de mani\u00e8re \u00e0 contribuer \u00e0 la s\u00e9curit\u00e9 de ceux et celles qui les utilisent. Ainsi, la plupart des mat\u00e9riaux de recouvrement sont autoadh\u00e9sifs, ce qui leur permet de lutter contre le risque de tr\u00e9buchement et d\u2019\u00eatre utilis\u00e9s en toute s\u00e9curit\u00e9 sur des escaliers. Nos toiles de recouvrement sont l\u00e9g\u00e8res et contribuent par cons\u00e9quent \u00e0 la s\u00e9curit\u00e9 et \u00e0 la sant\u00e9 sur le lieu de travail.<\/p>\n\n\n\n<h3 class=\"gb-headline gb-headline-5c78718e gb-headline-text\">Informations et instructions<\/h3>\n\n\n\n<figure class=\"wp-block-image size-full\"><img loading=\"lazy\" decoding=\"async\" width=\"400\" height=\"138\" src=\"https:\/\/primaverde.com\/wp-content\/uploads\/2022\/01\/Reutilisable_durabilite_environnement_recyclable_PrimaCover_Standard_membranes_de_protection.jpg\" alt=\"R\u00e9utilisable durabilit\u00e9 environnement recyclable PrimaCover Standard membranes de protection\" class=\"wp-image-31880\" srcset=\"https:\/\/primaverde.com\/wp-content\/uploads\/2022\/01\/Reutilisable_durabilite_environnement_recyclable_PrimaCover_Standard_membranes_de_protection.jpg 400w, https:\/\/primaverde.com\/wp-content\/uploads\/2022\/01\/Reutilisable_durabilite_environnement_recyclable_PrimaCover_Standard_membranes_de_protection-300x104.jpg 300w\" sizes=\"auto, (max-width: 400px) 100vw, 400px\" \/><\/figure>\n\n\n\n<p>Afin de garantir une protection optimale, l\u2019\u00e9quipe de Primaverde fournit des informations et instructions d\u00e9taill\u00e9es concernant l\u2019utilisation correcte des produits. \u00c0 cet \u00e9gard, la possibilit\u00e9 d\u2019utiliser nos produits \u00e0 plusieurs reprises en toute s\u00e9curit\u00e9 est \u00e9galement prise en compte. Notre communication se d\u00e9roule, entre autres, par le biais d\u2019emballages, de sites web, de communiqu\u00e9s de presse, via les r\u00e9seaux sociaux, lors de r\u00e9unions toolbox, gr\u00e2ce \u00e0 des conseils produit et projet ainsi que par l\u2019interm\u00e9diaire de brochures d\u2019information produit. Si possible au format num\u00e9rique.<\/p>\n<\/div>\n\n\n\n<div class=\"wp-block-column is-layout-flow wp-block-column-is-layout-flow\">\n<h3 class=\"wp-block-heading\" id=\"h-matieres-premieres-recyclees\">Mati\u00e8res premi\u00e8res recycl\u00e9es<\/h3>\n\n\n\n<p>Nous utilisons des mati\u00e8res premi\u00e8res recycl\u00e9es pour la fabrication de nos produits. Cette pratique s\u2019inscrit \u00e9galement dans nos objectifs de durabilit\u00e9. Les fibres de polyester recycl\u00e9es de nos toiles de recouvrement PrimaCover et le carton recycl\u00e9 de nos produits Ram Board en sont quelques exemples. Les mat\u00e9riaux r\u00e9siduels g\u00e9n\u00e9r\u00e9s pendant le processus de production sont collect\u00e9s et \u00e0 nouveau transform\u00e9s en mati\u00e8re premi\u00e8re.<\/p>\n\n\n\n<h3 class=\"wp-block-heading\">R\u00e9utilisable et recyclable<\/h3>\n\n\n\n<p>Les produits de Primaverde BV sont en principe r\u00e9utilisables et recyclables. Cela a deux cons\u00e9quences&nbsp;: premi\u00e8rement, nous incitons le march\u00e9 \u00e0 utiliser nos produits \u00e0 plusieurs reprises, deuxi\u00e8mement, nous prenons la capacit\u00e9 de r\u00e9utilisation des mati\u00e8res premi\u00e8res comme point de d\u00e9part lors du d\u00e9veloppement de produits. Les mati\u00e8res premi\u00e8res qui composent nos produits ont \u00e9t\u00e9 s\u00e9lectionn\u00e9es sur la base de la capacit\u00e9 de r\u00e9utilisation et de la circularit\u00e9. Les produits qui sont constitu\u00e9s de plusieurs composants sont d\u00e9montables et peuvent \u00eatre tri\u00e9s de mani\u00e8re s\u00e9lective dans le cadre de la collecte des d\u00e9chets. Si possible, Primaverde BV reste \u00e0 l\u2019aff\u00fbt des opportunit\u00e9s plus pouss\u00e9es en mati\u00e8re de capacit\u00e9 de r\u00e9utilisation et de recyclabilit\u00e9.<\/p>\n\n\n\n<h3 class=\"gb-headline gb-headline-d5691a1c gb-headline-text\">Accro\u00eetre la durabilit\u00e9 du si\u00e8ge<\/h3>\n\n\n\n<p>Nous sommes sur la bonne voie pour ce qui est de la durabilisation de notre si\u00e8ge. Entre-temps, des mesures \u00e9cologiques ont \u00e9t\u00e9 prises, comme le vitrage \u00e0 haut rendement, l&rsquo;isolation et l&rsquo;\u00e9clairage LED. L\u2019\u00e9lectricit\u00e9 pour notre si\u00e8ge est en grande partie produite par des panneaux solaires. Nos conseillers en service externe habitent dans leur zone de travail, ou aussi pr\u00e8s que possible. Pour chaque litre, Primaverde verse un montant \u00e0 un programme de compensation du CO2. Cette somme est utilis\u00e9e pour financer des projets de d\u00e9veloppement durable dans le pays et \u00e0 l&rsquo;\u00e9tranger.<\/p>\n\n\n\n<h3 class=\"wp-block-heading\" id=\"h-processus-de-production-durables\">Processus de production durables<\/h3>\n\n\n\n<p>Nos processus de production sont \u00e9galement rendus les plus durables possible. Pour cela, diverses mesures sont prises sur les sites de production en vue de limiter de mani\u00e8re significative les \u00e9missions et la consommation d\u2019\u00e9nergie. L\u2019\u00e9lectricit\u00e9 utilis\u00e9e pour la production provient de panneaux solaires. L\u2019\u00e9clairage LED et l\u2019utilisation de gaz naturel \u00e9cologique r\u00e9duisent encore notre empreinte carbone. Lors de la s\u00e9lection de nouvelles lignes de production, la durabilit\u00e9 est l\u2019un des crit\u00e8res de s\u00e9lection les plus lourds. La structure et la m\u00e9thode de fabrication de nos produits sont optimis\u00e9es de mani\u00e8re \u00e0 limiter autant que possible les mati\u00e8res premi\u00e8res n\u00e9cessaires pour leur production.<\/p>\n<\/div>\n\n\n\n<div class=\"wp-block-column is-layout-flow wp-block-column-is-layout-flow\">\n<figure class=\"wp-block-image size-large\"><img loading=\"lazy\" decoding=\"async\" width=\"1200\" height=\"798\" src=\"https:\/\/primaverde.com\/wp-content\/uploads\/2021\/12\/PrimaCover6_logo_content_categorie_2-1200x798.jpg\" alt=\"PrimaCover b\u00e2che non-tiss\u00e9 auto-adh\u00e9sif r\u00e9utilisable durable protection escalier sol b\u00e9ton\" class=\"wp-image-31231\" srcset=\"https:\/\/primaverde.com\/wp-content\/uploads\/2021\/12\/PrimaCover6_logo_content_categorie_2-1200x798.jpg 1200w, https:\/\/primaverde.com\/wp-content\/uploads\/2021\/12\/PrimaCover6_logo_content_categorie_2-600x399.jpg 600w, https:\/\/primaverde.com\/wp-content\/uploads\/2021\/12\/PrimaCover6_logo_content_categorie_2-300x200.jpg 300w, https:\/\/primaverde.com\/wp-content\/uploads\/2021\/12\/PrimaCover6_logo_content_categorie_2-768x511.jpg 768w, https:\/\/primaverde.com\/wp-content\/uploads\/2021\/12\/PrimaCover6_logo_content_categorie_2-1536x1022.jpg 1536w, https:\/\/primaverde.com\/wp-content\/uploads\/2021\/12\/PrimaCover6_logo_content_categorie_2-2048x1362.jpg 2048w\" sizes=\"auto, (max-width: 1200px) 100vw, 1200px\" \/><\/figure>\n\n\n\n<figure class=\"wp-block-image size-full\"><img loading=\"lazy\" decoding=\"async\" width=\"2560\" height=\"1703\" src=\"https:\/\/primaverde.com\/wp-content\/uploads\/2026\/03\/PV-site-1-1-scaled.png\" alt=\"\" class=\"wp-image-46124\" srcset=\"https:\/\/primaverde.com\/wp-content\/uploads\/2026\/03\/PV-site-1-1-scaled.png 2560w, https:\/\/primaverde.com\/wp-content\/uploads\/2026\/03\/PV-site-1-1-300x200.png 300w, https:\/\/primaverde.com\/wp-content\/uploads\/2026\/03\/PV-site-1-1-1200x798.png 1200w, https:\/\/primaverde.com\/wp-content\/uploads\/2026\/03\/PV-site-1-1-768x511.png 768w, https:\/\/primaverde.com\/wp-content\/uploads\/2026\/03\/PV-site-1-1-1536x1022.png 1536w, https:\/\/primaverde.com\/wp-content\/uploads\/2026\/03\/PV-site-1-1-2048x1362.png 2048w, https:\/\/primaverde.com\/wp-content\/uploads\/2026\/03\/PV-site-1-1-600x399.png 600w\" sizes=\"auto, (max-width: 2560px) 100vw, 2560px\" \/><\/figure>\n\n\n\n<figure class=\"wp-block-image size-full\"><img loading=\"lazy\" decoding=\"async\" width=\"2560\" height=\"1703\" src=\"https:\/\/primaverde.com\/wp-content\/uploads\/2026\/03\/PV-site-2-1-scaled.png\" alt=\"\" class=\"wp-image-46125\" srcset=\"https:\/\/primaverde.com\/wp-content\/uploads\/2026\/03\/PV-site-2-1-scaled.png 2560w, https:\/\/primaverde.com\/wp-content\/uploads\/2026\/03\/PV-site-2-1-300x200.png 300w, https:\/\/primaverde.com\/wp-content\/uploads\/2026\/03\/PV-site-2-1-1200x798.png 1200w, https:\/\/primaverde.com\/wp-content\/uploads\/2026\/03\/PV-site-2-1-768x511.png 768w, https:\/\/primaverde.com\/wp-content\/uploads\/2026\/03\/PV-site-2-1-1536x1022.png 1536w, https:\/\/primaverde.com\/wp-content\/uploads\/2026\/03\/PV-site-2-1-2048x1362.png 2048w, https:\/\/primaverde.com\/wp-content\/uploads\/2026\/03\/PV-site-2-1-600x399.png 600w\" sizes=\"auto, (max-width: 2560px) 100vw, 2560px\" \/><\/figure>\n\n\n\n<figure class=\"wp-block-image size-full is-resized\"><img loading=\"lazy\" decoding=\"async\" width=\"2560\" height=\"1703\" src=\"https:\/\/primaverde.com\/wp-content\/uploads\/2026\/03\/PV-site-3-1-scaled.png\" alt=\"\" class=\"wp-image-46126\" style=\"width:400px;height:299px\" srcset=\"https:\/\/primaverde.com\/wp-content\/uploads\/2026\/03\/PV-site-3-1-scaled.png 2560w, https:\/\/primaverde.com\/wp-content\/uploads\/2026\/03\/PV-site-3-1-300x200.png 300w, https:\/\/primaverde.com\/wp-content\/uploads\/2026\/03\/PV-site-3-1-1200x798.png 1200w, https:\/\/primaverde.com\/wp-content\/uploads\/2026\/03\/PV-site-3-1-768x511.png 768w, https:\/\/primaverde.com\/wp-content\/uploads\/2026\/03\/PV-site-3-1-1536x1022.png 1536w, https:\/\/primaverde.com\/wp-content\/uploads\/2026\/03\/PV-site-3-1-2048x1362.png 2048w, https:\/\/primaverde.com\/wp-content\/uploads\/2026\/03\/PV-site-3-1-600x399.png 600w\" sizes=\"auto, (max-width: 2560px) 100vw, 2560px\" \/><\/figure>\n\n\n\n<p><\/p>\n<\/div>\n<\/div>\n\n\n\n<hr class=\"wp-block-separator has-text-color has-css-opacity has-background\" style=\"background-color:#fc0004;color:#fc0004\"\/>\n\n\n\n<h3 class=\"gb-headline gb-headline-ab0aa5f8 gb-headline-text\">Combien de temps les mesures de durabilit\u00e9 restent-elles n\u00e9cessaires&nbsp;?<\/h3>\n\n\n\n<p>Quand Primaverde BV a-t-elle pris toutes les mesures de durabilit\u00e9 n\u00e9cessaires&nbsp;? Nous ne nous attendons pas \u00e0 pouvoir nous reposer sur nos lauriers \u00e0 un moment donn\u00e9. La r\u00e9alisation des objectifs climatiques mondiaux est en effet un d\u00e9fi permanent. Sous cette influence, de nouvelles techniques contribuant \u00e0 la durabilit\u00e9 sont d\u00e9velopp\u00e9es en permanence \u00e0 travers le monde. Chaque jour, nous allons un peu plus loin. Primaverde ne s\u2019arr\u00eatera pas demain d\u2019investir et d\u2019optimiser ses produits et processus. La durabilit\u00e9 reste donc un composant de notre mission et de notre vision. Primaverde continue \u00e0 commercialiser des produits qui prot\u00e8gent les b\u00e2timents et les surfaces. De ce fait, les travaux de r\u00e9paration requis sont r\u00e9duits et nous extrayons le moins possible de produits de la terre. Dans tous les domaines, nous restons attentifs aux opportunit\u00e9s au profit de notre environnement.<\/p>\n\n\n\n<h3 class=\"gb-headline gb-headline-407a8cb9 gb-headline-text\">Vous avez des questions concernant la durabilit\u00e9&nbsp;?<\/h3>\n\n\n\n<p>Vous souhaitez poser des questions concernant la durabilit\u00e9 \u00e0 Primaverde&nbsp;? N\u2019h\u00e9sitez pas \u00e0 nous envoyer un <a href=\"mailto:info@primaverde.com\">message<\/a>. Ou consultez la <a href=\"https:\/\/primaverde.com\/fr\/contact\/\">page de contact<\/a>.<\/p>\n\n\n\n<hr class=\"wp-block-separator has-text-color has-css-opacity has-background\" style=\"background-color:#fc0004;color:#fc0004\"\/>\n","protected":false},"excerpt":{"rendered":"<p>Durabilit\u00e9 et environnement D\u00e9couvrez comment Primaverde contribue \u00e0 un monde salubre Durabilit\u00e9 La durabilit\u00e9 fait partie int\u00e9grante de la mission &#8230; <a title=\"Durabilit\u00e9 et environnement\" class=\"read-more\" href=\"https:\/\/primaverde.com\/fr\/durabilite-et-environnement\/\" aria-label=\"En savoir plus sur Durabilit\u00e9 et environnement\">Lees verder&#8230;<\/a><\/p>\n","protected":false},"author":7,"featured_media":0,"parent":0,"menu_order":10,"comment_status":"open","ping_status":"closed","template":"","meta":{"generate_page_header":"","footnotes":""},"class_list":{"0":"post-31791","1":"page","2":"type-page","3":"status-publish","5":"infinite-scroll-item"},"yoast_head":"<!-- This site is optimized with the Yoast SEO Premium plugin v26.8 (Yoast SEO v27.5) - https:\/\/yoast.com\/product\/yoast-seo-premium-wordpress\/ -->\n<title>Durabilit\u00e9, environnement, r\u00e9utilisable, recyclable<\/title>\n<meta name=\"description\" content=\"Primaverde veut ainsi contribuer au d\u00e9veloppement d\u2019un monde salubre, \u00e0 la pr\u00e9servation de l\u2019environnement et au bien-\u00eatre des individus.\" \/>\n<meta name=\"robots\" content=\"index, follow, max-snippet:-1, max-image-preview:large, max-video-preview:-1\" \/>\n<link rel=\"canonical\" href=\"https:\/\/primaverde.com\/fr\/durabilite-et-environnement\/\" \/>\n<meta property=\"og:locale\" content=\"fr_FR\" \/>\n<meta property=\"og:type\" content=\"article\" \/>\n<meta property=\"og:title\" content=\"Durabilit\u00e9 et environnement\" \/>\n<meta property=\"og:description\" content=\"Primaverde veut ainsi contribuer au d\u00e9veloppement d\u2019un monde salubre, \u00e0 la pr\u00e9servation de l\u2019environnement et au bien-\u00eatre des individus.\" \/>\n<meta property=\"og:url\" content=\"https:\/\/primaverde.com\/fr\/durabilite-et-environnement\/\" \/>\n<meta property=\"og:site_name\" content=\"Primaverde\" \/>\n<meta property=\"article:publisher\" content=\"https:\/\/www.facebook.com\/PrimaverdeBV\/\" \/>\n<meta property=\"article:modified_time\" content=\"2026-03-17T11:07:51+00:00\" \/>\n<meta property=\"og:image\" content=\"https:\/\/primaverde.com\/wp-content\/uploads\/2022\/01\/Reutilisable_durabilite_environnement_recyclable_PrimaCover_Standard_membranes_de_protection.jpg\" \/>\n\t<meta property=\"og:image:width\" content=\"400\" \/>\n\t<meta property=\"og:image:height\" content=\"138\" \/>\n\t<meta property=\"og:image:type\" content=\"image\/jpeg\" \/>\n<meta name=\"twitter:card\" content=\"summary_large_image\" \/>\n<meta name=\"twitter:site\" content=\"@PrimaverdeBV\" \/>\n<meta name=\"twitter:label1\" content=\"Dur\u00e9e de lecture estim\u00e9e\" \/>\n\t<meta name=\"twitter:data1\" content=\"6 minutes\" \/>\n<script type=\"application\/ld+json\" class=\"yoast-schema-graph\">{\"@context\":\"https:\\\/\\\/schema.org\",\"@graph\":[{\"@type\":\"WebPage\",\"@id\":\"https:\\\/\\\/primaverde.com\\\/fr\\\/durabilite-et-environnement\\\/\",\"url\":\"https:\\\/\\\/primaverde.com\\\/fr\\\/durabilite-et-environnement\\\/\",\"name\":\"Durabilit\u00e9, environnement, r\u00e9utilisable, recyclable\",\"isPartOf\":{\"@id\":\"https:\\\/\\\/primaverde.com\\\/fr\\\/#website\"},\"primaryImageOfPage\":{\"@id\":\"https:\\\/\\\/primaverde.com\\\/fr\\\/durabilite-et-environnement\\\/#primaryimage\"},\"image\":{\"@id\":\"https:\\\/\\\/primaverde.com\\\/fr\\\/durabilite-et-environnement\\\/#primaryimage\"},\"thumbnailUrl\":\"https:\\\/\\\/primaverde.com\\\/wp-content\\\/uploads\\\/2022\\\/01\\\/Reutilisable_durabilite_environnement_recyclable_PrimaCover_Standard_membranes_de_protection.jpg\",\"datePublished\":\"2021-12-21T13:23:12+00:00\",\"dateModified\":\"2026-03-17T11:07:51+00:00\",\"description\":\"Primaverde veut ainsi contribuer au d\u00e9veloppement d\u2019un monde salubre, \u00e0 la pr\u00e9servation de l\u2019environnement et au bien-\u00eatre des individus.\",\"breadcrumb\":{\"@id\":\"https:\\\/\\\/primaverde.com\\\/fr\\\/durabilite-et-environnement\\\/#breadcrumb\"},\"inLanguage\":\"fr-FR\",\"potentialAction\":[{\"@type\":\"ReadAction\",\"target\":[\"https:\\\/\\\/primaverde.com\\\/fr\\\/durabilite-et-environnement\\\/\"]}]},{\"@type\":\"ImageObject\",\"inLanguage\":\"fr-FR\",\"@id\":\"https:\\\/\\\/primaverde.com\\\/fr\\\/durabilite-et-environnement\\\/#primaryimage\",\"url\":\"https:\\\/\\\/primaverde.com\\\/wp-content\\\/uploads\\\/2022\\\/01\\\/Reutilisable_durabilite_environnement_recyclable_PrimaCover_Standard_membranes_de_protection.jpg\",\"contentUrl\":\"https:\\\/\\\/primaverde.com\\\/wp-content\\\/uploads\\\/2022\\\/01\\\/Reutilisable_durabilite_environnement_recyclable_PrimaCover_Standard_membranes_de_protection.jpg\"},{\"@type\":\"BreadcrumbList\",\"@id\":\"https:\\\/\\\/primaverde.com\\\/fr\\\/durabilite-et-environnement\\\/#breadcrumb\",\"itemListElement\":[{\"@type\":\"ListItem\",\"position\":1,\"name\":\"Home\",\"item\":\"https:\\\/\\\/primaverde.com\\\/fr\\\/\"},{\"@type\":\"ListItem\",\"position\":2,\"name\":\"Durabilit\u00e9 et environnement\"}]},{\"@type\":\"WebSite\",\"@id\":\"https:\\\/\\\/primaverde.com\\\/fr\\\/#website\",\"url\":\"https:\\\/\\\/primaverde.com\\\/fr\\\/\",\"name\":\"Primaverde\",\"description\":\"Covering material, protection, tapes, Beschermende materialen\",\"publisher\":{\"@id\":\"https:\\\/\\\/primaverde.com\\\/fr\\\/#organization\"},\"potentialAction\":[{\"@type\":\"SearchAction\",\"target\":{\"@type\":\"EntryPoint\",\"urlTemplate\":\"https:\\\/\\\/primaverde.com\\\/fr\\\/?s={search_term_string}\"},\"query-input\":{\"@type\":\"PropertyValueSpecification\",\"valueRequired\":true,\"valueName\":\"search_term_string\"}}],\"inLanguage\":\"fr-FR\"},{\"@type\":\"Organization\",\"@id\":\"https:\\\/\\\/primaverde.com\\\/fr\\\/#organization\",\"name\":\"Primaverde B.V.\",\"url\":\"https:\\\/\\\/primaverde.com\\\/fr\\\/\",\"logo\":{\"@type\":\"ImageObject\",\"inLanguage\":\"fr-FR\",\"@id\":\"https:\\\/\\\/primaverde.com\\\/fr\\\/#\\\/schema\\\/logo\\\/image\\\/\",\"url\":\"https:\\\/\\\/primaverde.com\\\/wp-content\\\/uploads\\\/2015\\\/03\\\/Logo_Primaverde.jpg\",\"contentUrl\":\"https:\\\/\\\/primaverde.com\\\/wp-content\\\/uploads\\\/2015\\\/03\\\/Logo_Primaverde.jpg\",\"width\":1170,\"height\":212,\"caption\":\"Primaverde B.V.\"},\"image\":{\"@id\":\"https:\\\/\\\/primaverde.com\\\/fr\\\/#\\\/schema\\\/logo\\\/image\\\/\"},\"sameAs\":[\"https:\\\/\\\/www.facebook.com\\\/PrimaverdeBV\\\/\",\"https:\\\/\\\/x.com\\\/PrimaverdeBV\",\"https:\\\/\\\/nl.linkedin.com\\\/company\\\/primaverde\",\"http:\\\/\\\/www.youtube.com\\\/channel\\\/UC3DwQqj8f8tatLdSFA0aWwA\"]}]}<\/script>\n<!-- \/ Yoast SEO Premium plugin. -->","yoast_head_json":{"title":"Durabilit\u00e9, environnement, r\u00e9utilisable, recyclable","description":"Primaverde veut ainsi contribuer au d\u00e9veloppement d\u2019un monde salubre, \u00e0 la pr\u00e9servation de l\u2019environnement et au bien-\u00eatre des individus.","robots":{"index":"index","follow":"follow","max-snippet":"max-snippet:-1","max-image-preview":"max-image-preview:large","max-video-preview":"max-video-preview:-1"},"canonical":"https:\/\/primaverde.com\/fr\/durabilite-et-environnement\/","og_locale":"fr_FR","og_type":"article","og_title":"Durabilit\u00e9 et environnement","og_description":"Primaverde veut ainsi contribuer au d\u00e9veloppement d\u2019un monde salubre, \u00e0 la pr\u00e9servation de l\u2019environnement et au bien-\u00eatre des individus.","og_url":"https:\/\/primaverde.com\/fr\/durabilite-et-environnement\/","og_site_name":"Primaverde","article_publisher":"https:\/\/www.facebook.com\/PrimaverdeBV\/","article_modified_time":"2026-03-17T11:07:51+00:00","og_image":[{"width":400,"height":138,"url":"https:\/\/primaverde.com\/wp-content\/uploads\/2022\/01\/Reutilisable_durabilite_environnement_recyclable_PrimaCover_Standard_membranes_de_protection.jpg","type":"image\/jpeg"}],"twitter_card":"summary_large_image","twitter_site":"@PrimaverdeBV","twitter_misc":{"Dur\u00e9e de lecture estim\u00e9e":"6 minutes"},"schema":{"@context":"https:\/\/schema.org","@graph":[{"@type":"WebPage","@id":"https:\/\/primaverde.com\/fr\/durabilite-et-environnement\/","url":"https:\/\/primaverde.com\/fr\/durabilite-et-environnement\/","name":"Durabilit\u00e9, environnement, r\u00e9utilisable, recyclable","isPartOf":{"@id":"https:\/\/primaverde.com\/fr\/#website"},"primaryImageOfPage":{"@id":"https:\/\/primaverde.com\/fr\/durabilite-et-environnement\/#primaryimage"},"image":{"@id":"https:\/\/primaverde.com\/fr\/durabilite-et-environnement\/#primaryimage"},"thumbnailUrl":"https:\/\/primaverde.com\/wp-content\/uploads\/2022\/01\/Reutilisable_durabilite_environnement_recyclable_PrimaCover_Standard_membranes_de_protection.jpg","datePublished":"2021-12-21T13:23:12+00:00","dateModified":"2026-03-17T11:07:51+00:00","description":"Primaverde veut ainsi contribuer au d\u00e9veloppement d\u2019un monde salubre, \u00e0 la pr\u00e9servation de l\u2019environnement et au bien-\u00eatre des individus.","breadcrumb":{"@id":"https:\/\/primaverde.com\/fr\/durabilite-et-environnement\/#breadcrumb"},"inLanguage":"fr-FR","potentialAction":[{"@type":"ReadAction","target":["https:\/\/primaverde.com\/fr\/durabilite-et-environnement\/"]}]},{"@type":"ImageObject","inLanguage":"fr-FR","@id":"https:\/\/primaverde.com\/fr\/durabilite-et-environnement\/#primaryimage","url":"https:\/\/primaverde.com\/wp-content\/uploads\/2022\/01\/Reutilisable_durabilite_environnement_recyclable_PrimaCover_Standard_membranes_de_protection.jpg","contentUrl":"https:\/\/primaverde.com\/wp-content\/uploads\/2022\/01\/Reutilisable_durabilite_environnement_recyclable_PrimaCover_Standard_membranes_de_protection.jpg"},{"@type":"BreadcrumbList","@id":"https:\/\/primaverde.com\/fr\/durabilite-et-environnement\/#breadcrumb","itemListElement":[{"@type":"ListItem","position":1,"name":"Home","item":"https:\/\/primaverde.com\/fr\/"},{"@type":"ListItem","position":2,"name":"Durabilit\u00e9 et environnement"}]},{"@type":"WebSite","@id":"https:\/\/primaverde.com\/fr\/#website","url":"https:\/\/primaverde.com\/fr\/","name":"Primaverde","description":"Covering material, protection, tapes, Beschermende materialen","publisher":{"@id":"https:\/\/primaverde.com\/fr\/#organization"},"potentialAction":[{"@type":"SearchAction","target":{"@type":"EntryPoint","urlTemplate":"https:\/\/primaverde.com\/fr\/?s={search_term_string}"},"query-input":{"@type":"PropertyValueSpecification","valueRequired":true,"valueName":"search_term_string"}}],"inLanguage":"fr-FR"},{"@type":"Organization","@id":"https:\/\/primaverde.com\/fr\/#organization","name":"Primaverde B.V.","url":"https:\/\/primaverde.com\/fr\/","logo":{"@type":"ImageObject","inLanguage":"fr-FR","@id":"https:\/\/primaverde.com\/fr\/#\/schema\/logo\/image\/","url":"https:\/\/primaverde.com\/wp-content\/uploads\/2015\/03\/Logo_Primaverde.jpg","contentUrl":"https:\/\/primaverde.com\/wp-content\/uploads\/2015\/03\/Logo_Primaverde.jpg","width":1170,"height":212,"caption":"Primaverde B.V."},"image":{"@id":"https:\/\/primaverde.com\/fr\/#\/schema\/logo\/image\/"},"sameAs":["https:\/\/www.facebook.com\/PrimaverdeBV\/","https:\/\/x.com\/PrimaverdeBV","https:\/\/nl.linkedin.com\/company\/primaverde","http:\/\/www.youtube.com\/channel\/UC3DwQqj8f8tatLdSFA0aWwA"]}]}},"_links":{"self":[{"href":"https:\/\/primaverde.com\/fr\/wp-json\/wp\/v2\/pages\/31791","targetHints":{"allow":["GET"]}}],"collection":[{"href":"https:\/\/primaverde.com\/fr\/wp-json\/wp\/v2\/pages"}],"about":[{"href":"https:\/\/primaverde.com\/fr\/wp-json\/wp\/v2\/types\/page"}],"author":[{"embeddable":true,"href":"https:\/\/primaverde.com\/fr\/wp-json\/wp\/v2\/users\/7"}],"replies":[{"embeddable":true,"href":"https:\/\/primaverde.com\/fr\/wp-json\/wp\/v2\/comments?post=31791"}],"version-history":[{"count":1,"href":"https:\/\/primaverde.com\/fr\/wp-json\/wp\/v2\/pages\/31791\/revisions"}],"predecessor-version":[{"id":46128,"href":"https:\/\/primaverde.com\/fr\/wp-json\/wp\/v2\/pages\/31791\/revisions\/46128"}],"wp:attachment":[{"href":"https:\/\/primaverde.com\/fr\/wp-json\/wp\/v2\/media?parent=31791"}],"curies":[{"name":"wp","href":"https:\/\/api.w.org\/{rel}","templated":true}]}}