{"id":5530,"date":"2019-01-08T20:30:31","date_gmt":"2019-01-08T19:30:31","guid":{"rendered":"https:\/\/primaverde.com\/?page_id=5530"},"modified":"2019-11-28T15:03:54","modified_gmt":"2019-11-28T14:03:54","slug":"curtain-wall","status":"publish","type":"page","link":"https:\/\/primaverde.com\/fr\/curtain-wall\/","title":{"rendered":"Curtain-Wall"},"content":{"rendered":"\n<h1 class=\"has-text-align-center wp-block-heading\"> Syst\u00e8me anti-poussi\u00e8re Curtain-Wall <\/h1>\n\n\n\n<h2 class=\"has-text-align-center wp-block-heading\"> Curtain-Wall satisfait parfaitement \u00e0 la r\u00e9glementation relative aux particules fines <\/h2>\n\n\n\n<div class=\"wp-block-columns has-2-columns is-layout-flex wp-container-core-columns-is-layout-9d6595d7 wp-block-columns-is-layout-flex\">\n<div class=\"wp-block-column is-layout-flow wp-block-column-is-layout-flow\">\n<figure class=\"wp-block-gallery columns-2 is-cropped aligncenter wp-block-gallery-1 is-layout-flex wp-block-gallery-is-layout-flex\"><ul class=\"blocks-gallery-grid\"><li class=\"blocks-gallery-item\"><figure><a href=\"https:\/\/primaverde.com\/wp-content\/uploads\/2015\/03\/Curtain-Wall15_logo_content_categorie.jpg\"><img loading=\"lazy\" decoding=\"async\" width=\"600\" height=\"399\" src=\"https:\/\/primaverde.com\/wp-content\/uploads\/2015\/03\/Curtain-Wall15_logo_content_categorie.jpg\" alt=\"Primaverde Curtain-Wall\" data-id=\"360\" data-link=\"https:\/\/primaverde.com\/primaverde-4\/attachment\/curtain-wall15_logo_content_categorie\/#main\" class=\"wp-image-25991\" srcset=\"https:\/\/primaverde.com\/wp-content\/uploads\/2015\/03\/Curtain-Wall15_logo_content_categorie.jpg 600w, https:\/\/primaverde.com\/wp-content\/uploads\/2015\/03\/Curtain-Wall15_logo_content_categorie-300x200.jpg 300w, https:\/\/primaverde.com\/wp-content\/uploads\/2015\/03\/Curtain-Wall15_logo_content_categorie-272x182.jpg 272w\" sizes=\"auto, (max-width: 600px) 100vw, 600px\" \/><\/a><\/figure><\/li><li class=\"blocks-gallery-item\"><figure><a href=\"https:\/\/primaverde.com\/wp-content\/uploads\/2015\/03\/Curtain-Wall14_logo_content_categorie.jpg\"><img loading=\"lazy\" decoding=\"async\" width=\"600\" height=\"399\" src=\"https:\/\/primaverde.com\/wp-content\/uploads\/2015\/03\/Curtain-Wall14_logo_content_categorie.jpg\" alt=\"Primaverde Curtain-Wall\" data-id=\"359\" data-link=\"https:\/\/primaverde.com\/primaverde-4\/attachment\/curtain-wall14_logo_content_categorie\/#main\" class=\"wp-image-25990\" srcset=\"https:\/\/primaverde.com\/wp-content\/uploads\/2015\/03\/Curtain-Wall14_logo_content_categorie.jpg 600w, https:\/\/primaverde.com\/wp-content\/uploads\/2015\/03\/Curtain-Wall14_logo_content_categorie-300x200.jpg 300w, https:\/\/primaverde.com\/wp-content\/uploads\/2015\/03\/Curtain-Wall14_logo_content_categorie-272x182.jpg 272w\" sizes=\"auto, (max-width: 600px) 100vw, 600px\" \/><\/a><\/figure><\/li><li class=\"blocks-gallery-item\"><figure><a href=\"https:\/\/primaverde.com\/wp-content\/uploads\/2015\/03\/Curtain-Wall13_logo_content_categorie.jpg\"><img loading=\"lazy\" decoding=\"async\" width=\"600\" height=\"399\" src=\"https:\/\/primaverde.com\/wp-content\/uploads\/2015\/03\/Curtain-Wall13_logo_content_categorie.jpg\" alt=\"Curtain-Wall\" data-id=\"358\" data-link=\"https:\/\/primaverde.com\/primaverde-4\/attachment\/curtain-wall13_logo_content_categorie\/#main\" class=\"wp-image-25989\" srcset=\"https:\/\/primaverde.com\/wp-content\/uploads\/2015\/03\/Curtain-Wall13_logo_content_categorie.jpg 600w, https:\/\/primaverde.com\/wp-content\/uploads\/2015\/03\/Curtain-Wall13_logo_content_categorie-300x200.jpg 300w, https:\/\/primaverde.com\/wp-content\/uploads\/2015\/03\/Curtain-Wall13_logo_content_categorie-272x182.jpg 272w\" sizes=\"auto, (max-width: 600px) 100vw, 600px\" \/><\/a><\/figure><\/li><li class=\"blocks-gallery-item\"><figure><a href=\"https:\/\/primaverde.com\/wp-content\/uploads\/2015\/03\/Curtain-Wall10_logo_content_categorie.jpg\"><img loading=\"lazy\" decoding=\"async\" width=\"600\" height=\"399\" src=\"https:\/\/primaverde.com\/wp-content\/uploads\/2015\/03\/Curtain-Wall10_logo_content_categorie.jpg\" alt=\"Primaverde Curtain-Wall\" data-id=\"355\" data-link=\"https:\/\/primaverde.com\/primaverde-4\/attachment\/curtain-wall10_logo_content_categorie\/#main\" class=\"wp-image-25988\" srcset=\"https:\/\/primaverde.com\/wp-content\/uploads\/2015\/03\/Curtain-Wall10_logo_content_categorie.jpg 600w, https:\/\/primaverde.com\/wp-content\/uploads\/2015\/03\/Curtain-Wall10_logo_content_categorie-300x200.jpg 300w, https:\/\/primaverde.com\/wp-content\/uploads\/2015\/03\/Curtain-Wall10_logo_content_categorie-272x182.jpg 272w\" sizes=\"auto, (max-width: 600px) 100vw, 600px\" \/><\/a><\/figure><\/li><li class=\"blocks-gallery-item\"><figure><a href=\"https:\/\/primaverde.com\/wp-content\/uploads\/2015\/03\/Curtain-Wall6_logo_content_categorie.jpg\"><img loading=\"lazy\" decoding=\"async\" width=\"600\" height=\"399\" src=\"https:\/\/primaverde.com\/wp-content\/uploads\/2015\/03\/Curtain-Wall6_logo_content_categorie.jpg\" alt=\"Primaverde Curtain-Wall\" data-id=\"351\" data-link=\"https:\/\/primaverde.com\/primaverde-4\/attachment\/curtain-wall6_logo_content_categorie\/#main\" class=\"wp-image-25987\" srcset=\"https:\/\/primaverde.com\/wp-content\/uploads\/2015\/03\/Curtain-Wall6_logo_content_categorie.jpg 600w, https:\/\/primaverde.com\/wp-content\/uploads\/2015\/03\/Curtain-Wall6_logo_content_categorie-300x200.jpg 300w, https:\/\/primaverde.com\/wp-content\/uploads\/2015\/03\/Curtain-Wall6_logo_content_categorie-272x182.jpg 272w\" sizes=\"auto, (max-width: 600px) 100vw, 600px\" \/><\/a><\/figure><\/li><li class=\"blocks-gallery-item\"><figure><a href=\"https:\/\/primaverde.com\/wp-content\/uploads\/2015\/03\/Curtain-Wall2_logo_content_categorie.jpg\"><img loading=\"lazy\" decoding=\"async\" width=\"600\" height=\"399\" src=\"https:\/\/primaverde.com\/wp-content\/uploads\/2015\/03\/Curtain-Wall2_logo_content_categorie.jpg\" alt=\"Primaverde Curtain-Wall\" data-id=\"348\" data-link=\"https:\/\/primaverde.com\/primaverde-4\/attachment\/curtain-wall2_logo_content_categorie\/#main\" class=\"wp-image-25986\" srcset=\"https:\/\/primaverde.com\/wp-content\/uploads\/2015\/03\/Curtain-Wall2_logo_content_categorie.jpg 600w, https:\/\/primaverde.com\/wp-content\/uploads\/2015\/03\/Curtain-Wall2_logo_content_categorie-300x200.jpg 300w, https:\/\/primaverde.com\/wp-content\/uploads\/2015\/03\/Curtain-Wall2_logo_content_categorie-272x182.jpg 272w\" sizes=\"auto, (max-width: 600px) 100vw, 600px\" \/><\/a><\/figure><\/li><\/ul><\/figure>\n<\/div>\n\n\n\n<div class=\"wp-block-column is-layout-flow wp-block-column-is-layout-flow\">\n<p><strong>Curtain-Wall est en fait la cloison anti-poussi\u00e8re id\u00e9ale pour diviser l&rsquo;espace.<\/strong><\/p>\n\n\n\n<p>Pendant que d&rsquo;un c\u00f4t\u00e9 on transforme, la vie normale peut continuer de\n l&rsquo;autre c\u00f4t\u00e9. L&rsquo;aspect est particuli\u00e8rement repr\u00e9sentatif; important \npour les endroits o\u00f9 les nuisances sont ind\u00e9sirables et o\u00f9 les activit\u00e9s\n de construction doivent se faire de pr\u00e9f\u00e9rence hors de vue. Pensez aux \nbureaux, h\u00f4pitaux, magasins, \u00e9coles, banques, h\u00f4tels et projets \nd&rsquo;habitat.<\/p>\n\n\n\n<h3 class=\"wp-block-heading\">Curtain-Wall est rapide \u00e0 installer<\/h3>\n\n\n\n<p>Curtain-Wall est la meilleure alternative aux cloisons de s\u00e9paration \nprovisoires faites de lattes et de film agricole. Pas seulement parce \nque Curtain-Wall est r\u00e9utilisable de chantier en chantier mais aussi \nparce que Curtain-Wall peut \u00eatre d\u00e9ploy\u00e9 en quelques instants par une \nseule personne. M\u00eame pour une hauteur de plafond de 4 m\u00e8tres. Id\u00e9al, par\n exemple, pour des espaces int\u00e9rieurs hauts, tels que ceux rencontr\u00e9s \ndans les b\u00e2timents publics, les entr\u00e9es, les ateliers et les immeubles \nhistoriques.<\/p>\n\n\n\n<p>Le syst\u00e8me anti-poussi\u00e8re Curtain-Wall offre de nombreuses possibilit\u00e9s. Divers ensembles de base, accessoires et extensions sont livrables.<\/p>\n\n\n\n<p><a rel=\"noreferrer noopener\" href=\"https:\/\/curtainwalleurope.com\/fr\/\" target=\"_blank\"><em>Cliquer ici pour plus d&rsquo;information \u00e0 propos de Curtain-Wall.<\/em><\/a><\/p>\n<\/div>\n<\/div>\n","protected":false},"excerpt":{"rendered":"<p>Syst\u00e8me anti-poussi\u00e8re Curtain-Wall Curtain-Wall satisfait parfaitement \u00e0 la r\u00e9glementation relative aux particules fines Curtain-Wall est en fait la cloison anti-poussi\u00e8re &#8230; <a title=\"Curtain-Wall\" class=\"read-more\" href=\"https:\/\/primaverde.com\/fr\/curtain-wall\/\" aria-label=\"En savoir plus sur Curtain-Wall\">Lees verder&#8230;<\/a><\/p>\n","protected":false},"author":7,"featured_media":0,"parent":0,"menu_order":3,"comment_status":"closed","ping_status":"closed","template":"","meta":{"generate_page_header":"","footnotes":""},"class_list":{"0":"post-5530","1":"page","2":"type-page","3":"status-publish","5":"infinite-scroll-item"},"yoast_head":"<!-- This site is optimized with the Yoast SEO Premium plugin v26.8 (Yoast SEO v27.5) - https:\/\/yoast.com\/product\/yoast-seo-premium-wordpress\/ -->\n<title>Curtain-Wall - Primaverde<\/title>\n<meta name=\"robots\" content=\"index, follow, max-snippet:-1, max-image-preview:large, max-video-preview:-1\" \/>\n<link rel=\"canonical\" href=\"https:\/\/primaverde.com\/fr\/curtain-wall\/\" \/>\n<meta property=\"og:locale\" content=\"fr_FR\" \/>\n<meta property=\"og:type\" content=\"article\" \/>\n<meta property=\"og:title\" content=\"Curtain-Wall\" \/>\n<meta property=\"og:description\" content=\"Syst\u00e8me anti-poussi\u00e8re Curtain-Wall Curtain-Wall satisfait parfaitement \u00e0 la r\u00e9glementation relative aux particules fines Curtain-Wall est en fait la cloison anti-poussi\u00e8re ... Lees verder...\" \/>\n<meta property=\"og:url\" content=\"https:\/\/primaverde.com\/fr\/curtain-wall\/\" \/>\n<meta property=\"og:site_name\" content=\"Primaverde\" \/>\n<meta property=\"article:publisher\" content=\"https:\/\/www.facebook.com\/PrimaverdeBV\/\" \/>\n<meta property=\"article:modified_time\" content=\"2019-11-28T14:03:54+00:00\" \/>\n<meta property=\"og:image\" content=\"https:\/\/primaverde.com\/wp-content\/uploads\/2015\/03\/Curtain-Wall15_logo_content_categorie.jpg\" \/>\n<meta name=\"twitter:card\" content=\"summary_large_image\" \/>\n<meta name=\"twitter:site\" content=\"@PrimaverdeBV\" \/>\n<meta name=\"twitter:label1\" content=\"Dur\u00e9e de lecture estim\u00e9e\" \/>\n\t<meta name=\"twitter:data1\" content=\"1 minute\" \/>\n<script type=\"application\/ld+json\" class=\"yoast-schema-graph\">{\"@context\":\"https:\\\/\\\/schema.org\",\"@graph\":[{\"@type\":\"WebPage\",\"@id\":\"https:\\\/\\\/primaverde.com\\\/fr\\\/curtain-wall\\\/\",\"url\":\"https:\\\/\\\/primaverde.com\\\/fr\\\/curtain-wall\\\/\",\"name\":\"Curtain-Wall - Primaverde\",\"isPartOf\":{\"@id\":\"https:\\\/\\\/primaverde.com\\\/fr\\\/#website\"},\"primaryImageOfPage\":{\"@id\":\"https:\\\/\\\/primaverde.com\\\/fr\\\/curtain-wall\\\/#primaryimage\"},\"image\":{\"@id\":\"https:\\\/\\\/primaverde.com\\\/fr\\\/curtain-wall\\\/#primaryimage\"},\"thumbnailUrl\":\"https:\\\/\\\/primaverde.com\\\/wp-content\\\/uploads\\\/2015\\\/03\\\/Curtain-Wall15_logo_content_categorie.jpg\",\"datePublished\":\"2019-01-08T19:30:31+00:00\",\"dateModified\":\"2019-11-28T14:03:54+00:00\",\"breadcrumb\":{\"@id\":\"https:\\\/\\\/primaverde.com\\\/fr\\\/curtain-wall\\\/#breadcrumb\"},\"inLanguage\":\"fr-FR\",\"potentialAction\":[{\"@type\":\"ReadAction\",\"target\":[\"https:\\\/\\\/primaverde.com\\\/fr\\\/curtain-wall\\\/\"]}]},{\"@type\":\"ImageObject\",\"inLanguage\":\"fr-FR\",\"@id\":\"https:\\\/\\\/primaverde.com\\\/fr\\\/curtain-wall\\\/#primaryimage\",\"url\":\"https:\\\/\\\/primaverde.com\\\/wp-content\\\/uploads\\\/2015\\\/03\\\/Curtain-Wall15_logo_content_categorie.jpg\",\"contentUrl\":\"https:\\\/\\\/primaverde.com\\\/wp-content\\\/uploads\\\/2015\\\/03\\\/Curtain-Wall15_logo_content_categorie.jpg\"},{\"@type\":\"BreadcrumbList\",\"@id\":\"https:\\\/\\\/primaverde.com\\\/fr\\\/curtain-wall\\\/#breadcrumb\",\"itemListElement\":[{\"@type\":\"ListItem\",\"position\":1,\"name\":\"Home\",\"item\":\"https:\\\/\\\/primaverde.com\\\/fr\\\/\"},{\"@type\":\"ListItem\",\"position\":2,\"name\":\"Curtain-Wall\"}]},{\"@type\":\"WebSite\",\"@id\":\"https:\\\/\\\/primaverde.com\\\/fr\\\/#website\",\"url\":\"https:\\\/\\\/primaverde.com\\\/fr\\\/\",\"name\":\"Primaverde\",\"description\":\"Covering material, protection, tapes, Beschermende materialen\",\"publisher\":{\"@id\":\"https:\\\/\\\/primaverde.com\\\/fr\\\/#organization\"},\"potentialAction\":[{\"@type\":\"SearchAction\",\"target\":{\"@type\":\"EntryPoint\",\"urlTemplate\":\"https:\\\/\\\/primaverde.com\\\/fr\\\/?s={search_term_string}\"},\"query-input\":{\"@type\":\"PropertyValueSpecification\",\"valueRequired\":true,\"valueName\":\"search_term_string\"}}],\"inLanguage\":\"fr-FR\"},{\"@type\":\"Organization\",\"@id\":\"https:\\\/\\\/primaverde.com\\\/fr\\\/#organization\",\"name\":\"Primaverde B.V.\",\"url\":\"https:\\\/\\\/primaverde.com\\\/fr\\\/\",\"logo\":{\"@type\":\"ImageObject\",\"inLanguage\":\"fr-FR\",\"@id\":\"https:\\\/\\\/primaverde.com\\\/fr\\\/#\\\/schema\\\/logo\\\/image\\\/\",\"url\":\"https:\\\/\\\/primaverde.com\\\/wp-content\\\/uploads\\\/2015\\\/03\\\/Logo_Primaverde.jpg\",\"contentUrl\":\"https:\\\/\\\/primaverde.com\\\/wp-content\\\/uploads\\\/2015\\\/03\\\/Logo_Primaverde.jpg\",\"width\":1170,\"height\":212,\"caption\":\"Primaverde B.V.\"},\"image\":{\"@id\":\"https:\\\/\\\/primaverde.com\\\/fr\\\/#\\\/schema\\\/logo\\\/image\\\/\"},\"sameAs\":[\"https:\\\/\\\/www.facebook.com\\\/PrimaverdeBV\\\/\",\"https:\\\/\\\/x.com\\\/PrimaverdeBV\",\"https:\\\/\\\/nl.linkedin.com\\\/company\\\/primaverde\",\"http:\\\/\\\/www.youtube.com\\\/channel\\\/UC3DwQqj8f8tatLdSFA0aWwA\"]}]}<\/script>\n<!-- \/ Yoast SEO Premium plugin. -->","yoast_head_json":{"title":"Curtain-Wall - Primaverde","robots":{"index":"index","follow":"follow","max-snippet":"max-snippet:-1","max-image-preview":"max-image-preview:large","max-video-preview":"max-video-preview:-1"},"canonical":"https:\/\/primaverde.com\/fr\/curtain-wall\/","og_locale":"fr_FR","og_type":"article","og_title":"Curtain-Wall","og_description":"Syst\u00e8me anti-poussi\u00e8re Curtain-Wall Curtain-Wall satisfait parfaitement \u00e0 la r\u00e9glementation relative aux particules fines Curtain-Wall est en fait la cloison anti-poussi\u00e8re ... Lees verder...","og_url":"https:\/\/primaverde.com\/fr\/curtain-wall\/","og_site_name":"Primaverde","article_publisher":"https:\/\/www.facebook.com\/PrimaverdeBV\/","article_modified_time":"2019-11-28T14:03:54+00:00","og_image":[{"url":"https:\/\/primaverde.com\/wp-content\/uploads\/2015\/03\/Curtain-Wall15_logo_content_categorie.jpg","type":"","width":"","height":""}],"twitter_card":"summary_large_image","twitter_site":"@PrimaverdeBV","twitter_misc":{"Dur\u00e9e de lecture estim\u00e9e":"1 minute"},"schema":{"@context":"https:\/\/schema.org","@graph":[{"@type":"WebPage","@id":"https:\/\/primaverde.com\/fr\/curtain-wall\/","url":"https:\/\/primaverde.com\/fr\/curtain-wall\/","name":"Curtain-Wall - Primaverde","isPartOf":{"@id":"https:\/\/primaverde.com\/fr\/#website"},"primaryImageOfPage":{"@id":"https:\/\/primaverde.com\/fr\/curtain-wall\/#primaryimage"},"image":{"@id":"https:\/\/primaverde.com\/fr\/curtain-wall\/#primaryimage"},"thumbnailUrl":"https:\/\/primaverde.com\/wp-content\/uploads\/2015\/03\/Curtain-Wall15_logo_content_categorie.jpg","datePublished":"2019-01-08T19:30:31+00:00","dateModified":"2019-11-28T14:03:54+00:00","breadcrumb":{"@id":"https:\/\/primaverde.com\/fr\/curtain-wall\/#breadcrumb"},"inLanguage":"fr-FR","potentialAction":[{"@type":"ReadAction","target":["https:\/\/primaverde.com\/fr\/curtain-wall\/"]}]},{"@type":"ImageObject","inLanguage":"fr-FR","@id":"https:\/\/primaverde.com\/fr\/curtain-wall\/#primaryimage","url":"https:\/\/primaverde.com\/wp-content\/uploads\/2015\/03\/Curtain-Wall15_logo_content_categorie.jpg","contentUrl":"https:\/\/primaverde.com\/wp-content\/uploads\/2015\/03\/Curtain-Wall15_logo_content_categorie.jpg"},{"@type":"BreadcrumbList","@id":"https:\/\/primaverde.com\/fr\/curtain-wall\/#breadcrumb","itemListElement":[{"@type":"ListItem","position":1,"name":"Home","item":"https:\/\/primaverde.com\/fr\/"},{"@type":"ListItem","position":2,"name":"Curtain-Wall"}]},{"@type":"WebSite","@id":"https:\/\/primaverde.com\/fr\/#website","url":"https:\/\/primaverde.com\/fr\/","name":"Primaverde","description":"Covering material, protection, tapes, Beschermende materialen","publisher":{"@id":"https:\/\/primaverde.com\/fr\/#organization"},"potentialAction":[{"@type":"SearchAction","target":{"@type":"EntryPoint","urlTemplate":"https:\/\/primaverde.com\/fr\/?s={search_term_string}"},"query-input":{"@type":"PropertyValueSpecification","valueRequired":true,"valueName":"search_term_string"}}],"inLanguage":"fr-FR"},{"@type":"Organization","@id":"https:\/\/primaverde.com\/fr\/#organization","name":"Primaverde B.V.","url":"https:\/\/primaverde.com\/fr\/","logo":{"@type":"ImageObject","inLanguage":"fr-FR","@id":"https:\/\/primaverde.com\/fr\/#\/schema\/logo\/image\/","url":"https:\/\/primaverde.com\/wp-content\/uploads\/2015\/03\/Logo_Primaverde.jpg","contentUrl":"https:\/\/primaverde.com\/wp-content\/uploads\/2015\/03\/Logo_Primaverde.jpg","width":1170,"height":212,"caption":"Primaverde B.V."},"image":{"@id":"https:\/\/primaverde.com\/fr\/#\/schema\/logo\/image\/"},"sameAs":["https:\/\/www.facebook.com\/PrimaverdeBV\/","https:\/\/x.com\/PrimaverdeBV","https:\/\/nl.linkedin.com\/company\/primaverde","http:\/\/www.youtube.com\/channel\/UC3DwQqj8f8tatLdSFA0aWwA"]}]}},"_links":{"self":[{"href":"https:\/\/primaverde.com\/fr\/wp-json\/wp\/v2\/pages\/5530","targetHints":{"allow":["GET"]}}],"collection":[{"href":"https:\/\/primaverde.com\/fr\/wp-json\/wp\/v2\/pages"}],"about":[{"href":"https:\/\/primaverde.com\/fr\/wp-json\/wp\/v2\/types\/page"}],"author":[{"embeddable":true,"href":"https:\/\/primaverde.com\/fr\/wp-json\/wp\/v2\/users\/7"}],"replies":[{"embeddable":true,"href":"https:\/\/primaverde.com\/fr\/wp-json\/wp\/v2\/comments?post=5530"}],"version-history":[{"count":0,"href":"https:\/\/primaverde.com\/fr\/wp-json\/wp\/v2\/pages\/5530\/revisions"}],"wp:attachment":[{"href":"https:\/\/primaverde.com\/fr\/wp-json\/wp\/v2\/media?parent=5530"}],"curies":[{"name":"wp","href":"https:\/\/api.w.org\/{rel}","templated":true}]}}