{"id":5540,"date":"2019-01-17T11:25:46","date_gmt":"2019-01-17T10:25:46","guid":{"rendered":"https:\/\/primaverde.com\/?page_id=5540"},"modified":"2026-01-23T12:19:13","modified_gmt":"2026-01-23T11:19:13","slug":"primaverde-en-tant-que-fournisseur","status":"publish","type":"page","link":"https:\/\/primaverde.com\/fr\/primaverde-en-tant-que-fournisseur\/","title":{"rendered":"Primaverde en tant que fournisseur"},"content":{"rendered":"\n<h1 class=\"wp-block-heading has-text-align-center\" id=\"h-primaverde-en-tant-que-fournisseur\">Primaverde en tant que fournisseur <\/h1>\n\n\n\n<h2 class=\"wp-block-heading has-text-align-center\" id=\"h-fiable-dans-la-strategie-de-vente-le-branding-et-le-soutien\">Fiable dans la strat\u00e9gie de vente, le branding et le soutien <\/h2>\n\n\n\n<div class=\"wp-block-columns has-3-columns is-layout-flex wp-container-core-columns-is-layout-9d6595d7 wp-block-columns-is-layout-flex\">\n<div class=\"wp-block-column is-layout-flow wp-block-column-is-layout-flow\">\n<h3 class=\"wp-block-heading\" id=\"h-livraison-via-des-canaux-de-distribution-fixes\">Livraison via des canaux de distribution fixes<\/h3>\n\n\n\n<p><strong>Primaverde\n BV livre uniquement via des canaux de distribution fixes. Il n&rsquo;y a donc\n pas de vente directe r\u00e9guli\u00e8re aux utilisateurs finaux. Nos marques \nsont en vente chez les grossistes en quincaillerie, les march\u00e9s de gros \nen mat\u00e9riaux de construction et les commerces sp\u00e9cialis\u00e9s pour peintres \naux Pays-Bas, en Belgique et au Luxembourg. C&rsquo;est l\u00e0 que les \nutilisateurs finaux trouvent non seulement les produits mais \u00e9galement \nles conseils avis\u00e9s.<\/strong><\/p>\n\n\n\n<h3 class=\"wp-block-heading\" id=\"h-fournisseur-fiable\">Fournisseur fiable<\/h3>\n\n\n\n<p>Primaverde\n est un fournisseur particuli\u00e8rement fiable. Vos clients et vous-m\u00eame \nconstatez cela \u00e0 la qualit\u00e9 des produits, \u00e0 la fiabilit\u00e9 de la \ndistribution et au respect des engagements. Notre \u00e9quipe de vente est \nenthousiaste et comp\u00e9tente. Nous r\u00e9fl\u00e9chissons \u00e0 la strat\u00e9gie et \npolitique de marques ainsi qu&rsquo;\u00e0 la mani\u00e8re dont nous pouvons soutenir \naussi bien que possible nos distributeurs et grossistes.<\/p>\n<\/div>\n\n\n\n<div class=\"wp-block-column is-layout-flow wp-block-column-is-layout-flow\">\n<h3 class=\"wp-block-heading\" id=\"h-plusieurs-marques-sous-un-seul-toit\">Plusieurs marques sous un seul toit <\/h3>\n\n\n\n<p>Primaverde BV combine plusieurs marques  sous un seul toit. Id\u00e9al pour les distributeurs et grossistes qui  souhaitent limiter le nombre de fournisseurs et qui comptent sur un  soutien et une coop\u00e9ration justes dans la fourniture de produits de  protection et outils auxiliaires. Des produits \u00e9labor\u00e9s pour travailler  proprement et en s\u00e9curit\u00e9. Les secteurs dans lesquels Primaverde est  actif sont, entre autres&nbsp;: la construction, la r\u00e9novation, les travaux  de peinture, l\u2019assistance, l&rsquo;am\u00e9nagement et l&rsquo;industrie automobile.<\/p>\n\n\n\n<p>Quelques-unes de nos marques\u00a0: PrimaCover, Ram Board et FugenMeister.<\/p>\n\n\n\n<h3 class=\"wp-block-heading\" id=\"h-marque-blanche-votre-propre-marque\">Marque \u2018blanche\u2019 \u2013 votre propre marque<\/h3>\n\n\n\n<p>Primaverde\n peut produire, aussi pour vous, de nombreux produits tels que les \nmat\u00e9riaux de recouvrement, sur base de souhaits particuliers des \nclients, avec ou sans personnalisation. Que pensez-vous de disposer de \nvotre propre marque (private label), vous permettant d&rsquo;avoir le mat\u00e9riel\n livr\u00e9 compl\u00e8tement suivant vos sp\u00e9cifications et avec ou sans votre \nimpression personnalis\u00e9e ? <a href=\"https:\/\/primaverde.com\/fr\/contact\/\">Informez-vous \u00e0 propos des possibilit\u00e9s<\/a>.<\/p>\n<\/div>\n\n\n\n<div class=\"wp-block-column is-layout-flow wp-block-column-is-layout-flow\">\n<figure class=\"wp-block-image\"><img loading=\"lazy\" decoding=\"async\" width=\"600\" height=\"400\" src=\"https:\/\/primaverde.com\/wp-content\/uploads\/2018\/08\/Primaverde_supplier_leverancier_shop.jpg\" alt=\"Primaverde, supplier, leverancier, shop\" class=\"wp-image-5031\" srcset=\"https:\/\/primaverde.com\/wp-content\/uploads\/2018\/08\/Primaverde_supplier_leverancier_shop.jpg 600w, https:\/\/primaverde.com\/wp-content\/uploads\/2018\/08\/Primaverde_supplier_leverancier_shop-300x200.jpg 300w, https:\/\/primaverde.com\/wp-content\/uploads\/2018\/08\/Primaverde_supplier_leverancier_shop-272x182.jpg 272w\" sizes=\"auto, (max-width: 600px) 100vw, 600px\" \/><\/figure>\n<\/div>\n<\/div>\n\n\n\n<h3 class=\"wp-block-heading\" id=\"h-primaverde-cherche-pour-ses-marques-existantes-et-nouvelles-a-etendre-son-reseau-de-distributeurs-grossistes-dans-differentes-branches-rimaverde-uitbreiding-van-distributeurs-groothandels-in-diverse-branches\"><strong>Primaverde cherche, pour ses  marques existantes et nouvelles, \u00e0 \u00e9tendre son r\u00e9seau de  distributeurs\/grossistes dans diff\u00e9rentes branches.rimaverde uitbreiding van distributeurs\/groothandels in diverse branches.<\/strong><\/h3>\n\n\n\n<p>Serez-vous  le nouveau revendeur de nos marques ? Evidemment avec le support  ad\u00e9quat pour vos clients ? Bienvenue chez Primaverde ! Prenez  rendez-vous sans engagement. <a href=\"https:\/\/primaverde.com\/fr\/contact\/\">Vous trouvez ici nos donn\u00e9es de contact<\/a>. A bient\u00f4t!<\/p>\n","protected":false},"excerpt":{"rendered":"<p>Primaverde en tant que fournisseur Fiable dans la strat\u00e9gie de vente, le branding et le soutien Livraison via des canaux &#8230; <a title=\"Primaverde en tant que fournisseur\" class=\"read-more\" href=\"https:\/\/primaverde.com\/fr\/primaverde-en-tant-que-fournisseur\/\" aria-label=\"En savoir plus sur Primaverde en tant que fournisseur\">Lees verder&#8230;<\/a><\/p>\n","protected":false},"author":7,"featured_media":0,"parent":0,"menu_order":10,"comment_status":"open","ping_status":"closed","template":"","meta":{"generate_page_header":"","footnotes":""},"class_list":{"0":"post-5540","1":"page","2":"type-page","3":"status-publish","5":"infinite-scroll-item"},"yoast_head":"<!-- This site is optimized with the Yoast SEO Premium plugin v26.8 (Yoast SEO v27.5) - https:\/\/yoast.com\/product\/yoast-seo-premium-wordpress\/ -->\n<title>Primaverde en tant que fournisseur - Primaverde<\/title>\n<meta name=\"robots\" content=\"index, follow, max-snippet:-1, max-image-preview:large, max-video-preview:-1\" \/>\n<link rel=\"canonical\" href=\"https:\/\/primaverde.com\/fr\/primaverde-en-tant-que-fournisseur\/\" \/>\n<meta property=\"og:locale\" content=\"fr_FR\" \/>\n<meta property=\"og:type\" content=\"article\" \/>\n<meta property=\"og:title\" content=\"Primaverde en tant que fournisseur\" \/>\n<meta property=\"og:description\" content=\"Primaverde en tant que fournisseur Fiable dans la strat\u00e9gie de vente, le branding et le soutien Livraison via des canaux ... Lees verder...\" \/>\n<meta property=\"og:url\" content=\"https:\/\/primaverde.com\/fr\/primaverde-en-tant-que-fournisseur\/\" \/>\n<meta property=\"og:site_name\" content=\"Primaverde\" \/>\n<meta property=\"article:publisher\" content=\"https:\/\/www.facebook.com\/PrimaverdeBV\/\" \/>\n<meta property=\"article:modified_time\" content=\"2026-01-23T11:19:13+00:00\" \/>\n<meta property=\"og:image\" content=\"https:\/\/primaverde.com\/wp-content\/uploads\/2018\/08\/Primaverde_supplier_leverancier_shop.jpg\" \/>\n\t<meta property=\"og:image:width\" content=\"600\" \/>\n\t<meta property=\"og:image:height\" content=\"400\" \/>\n\t<meta property=\"og:image:type\" content=\"image\/jpeg\" \/>\n<meta name=\"twitter:card\" content=\"summary_large_image\" \/>\n<meta name=\"twitter:site\" content=\"@PrimaverdeBV\" \/>\n<meta name=\"twitter:label1\" content=\"Dur\u00e9e de lecture estim\u00e9e\" \/>\n\t<meta name=\"twitter:data1\" content=\"2 minutes\" \/>\n<script type=\"application\/ld+json\" class=\"yoast-schema-graph\">{\"@context\":\"https:\\\/\\\/schema.org\",\"@graph\":[{\"@type\":\"WebPage\",\"@id\":\"https:\\\/\\\/primaverde.com\\\/fr\\\/primaverde-en-tant-que-fournisseur\\\/\",\"url\":\"https:\\\/\\\/primaverde.com\\\/fr\\\/primaverde-en-tant-que-fournisseur\\\/\",\"name\":\"Primaverde en tant que fournisseur - Primaverde\",\"isPartOf\":{\"@id\":\"https:\\\/\\\/primaverde.com\\\/fr\\\/#website\"},\"primaryImageOfPage\":{\"@id\":\"https:\\\/\\\/primaverde.com\\\/fr\\\/primaverde-en-tant-que-fournisseur\\\/#primaryimage\"},\"image\":{\"@id\":\"https:\\\/\\\/primaverde.com\\\/fr\\\/primaverde-en-tant-que-fournisseur\\\/#primaryimage\"},\"thumbnailUrl\":\"https:\\\/\\\/primaverde.com\\\/wp-content\\\/uploads\\\/2018\\\/08\\\/Primaverde_supplier_leverancier_shop.jpg\",\"datePublished\":\"2019-01-17T10:25:46+00:00\",\"dateModified\":\"2026-01-23T11:19:13+00:00\",\"breadcrumb\":{\"@id\":\"https:\\\/\\\/primaverde.com\\\/fr\\\/primaverde-en-tant-que-fournisseur\\\/#breadcrumb\"},\"inLanguage\":\"fr-FR\",\"potentialAction\":[{\"@type\":\"ReadAction\",\"target\":[\"https:\\\/\\\/primaverde.com\\\/fr\\\/primaverde-en-tant-que-fournisseur\\\/\"]}]},{\"@type\":\"ImageObject\",\"inLanguage\":\"fr-FR\",\"@id\":\"https:\\\/\\\/primaverde.com\\\/fr\\\/primaverde-en-tant-que-fournisseur\\\/#primaryimage\",\"url\":\"https:\\\/\\\/primaverde.com\\\/wp-content\\\/uploads\\\/2018\\\/08\\\/Primaverde_supplier_leverancier_shop.jpg\",\"contentUrl\":\"https:\\\/\\\/primaverde.com\\\/wp-content\\\/uploads\\\/2018\\\/08\\\/Primaverde_supplier_leverancier_shop.jpg\"},{\"@type\":\"BreadcrumbList\",\"@id\":\"https:\\\/\\\/primaverde.com\\\/fr\\\/primaverde-en-tant-que-fournisseur\\\/#breadcrumb\",\"itemListElement\":[{\"@type\":\"ListItem\",\"position\":1,\"name\":\"Home\",\"item\":\"https:\\\/\\\/primaverde.com\\\/fr\\\/\"},{\"@type\":\"ListItem\",\"position\":2,\"name\":\"Primaverde en tant que fournisseur\"}]},{\"@type\":\"WebSite\",\"@id\":\"https:\\\/\\\/primaverde.com\\\/fr\\\/#website\",\"url\":\"https:\\\/\\\/primaverde.com\\\/fr\\\/\",\"name\":\"Primaverde\",\"description\":\"Covering material, protection, tapes, Beschermende materialen\",\"publisher\":{\"@id\":\"https:\\\/\\\/primaverde.com\\\/fr\\\/#organization\"},\"potentialAction\":[{\"@type\":\"SearchAction\",\"target\":{\"@type\":\"EntryPoint\",\"urlTemplate\":\"https:\\\/\\\/primaverde.com\\\/fr\\\/?s={search_term_string}\"},\"query-input\":{\"@type\":\"PropertyValueSpecification\",\"valueRequired\":true,\"valueName\":\"search_term_string\"}}],\"inLanguage\":\"fr-FR\"},{\"@type\":\"Organization\",\"@id\":\"https:\\\/\\\/primaverde.com\\\/fr\\\/#organization\",\"name\":\"Primaverde B.V.\",\"url\":\"https:\\\/\\\/primaverde.com\\\/fr\\\/\",\"logo\":{\"@type\":\"ImageObject\",\"inLanguage\":\"fr-FR\",\"@id\":\"https:\\\/\\\/primaverde.com\\\/fr\\\/#\\\/schema\\\/logo\\\/image\\\/\",\"url\":\"https:\\\/\\\/primaverde.com\\\/wp-content\\\/uploads\\\/2015\\\/03\\\/Logo_Primaverde.jpg\",\"contentUrl\":\"https:\\\/\\\/primaverde.com\\\/wp-content\\\/uploads\\\/2015\\\/03\\\/Logo_Primaverde.jpg\",\"width\":1170,\"height\":212,\"caption\":\"Primaverde B.V.\"},\"image\":{\"@id\":\"https:\\\/\\\/primaverde.com\\\/fr\\\/#\\\/schema\\\/logo\\\/image\\\/\"},\"sameAs\":[\"https:\\\/\\\/www.facebook.com\\\/PrimaverdeBV\\\/\",\"https:\\\/\\\/x.com\\\/PrimaverdeBV\",\"https:\\\/\\\/nl.linkedin.com\\\/company\\\/primaverde\",\"http:\\\/\\\/www.youtube.com\\\/channel\\\/UC3DwQqj8f8tatLdSFA0aWwA\"]}]}<\/script>\n<!-- \/ Yoast SEO Premium plugin. -->","yoast_head_json":{"title":"Primaverde en tant que fournisseur - Primaverde","robots":{"index":"index","follow":"follow","max-snippet":"max-snippet:-1","max-image-preview":"max-image-preview:large","max-video-preview":"max-video-preview:-1"},"canonical":"https:\/\/primaverde.com\/fr\/primaverde-en-tant-que-fournisseur\/","og_locale":"fr_FR","og_type":"article","og_title":"Primaverde en tant que fournisseur","og_description":"Primaverde en tant que fournisseur Fiable dans la strat\u00e9gie de vente, le branding et le soutien Livraison via des canaux ... Lees verder...","og_url":"https:\/\/primaverde.com\/fr\/primaverde-en-tant-que-fournisseur\/","og_site_name":"Primaverde","article_publisher":"https:\/\/www.facebook.com\/PrimaverdeBV\/","article_modified_time":"2026-01-23T11:19:13+00:00","og_image":[{"width":600,"height":400,"url":"https:\/\/primaverde.com\/wp-content\/uploads\/2018\/08\/Primaverde_supplier_leverancier_shop.jpg","type":"image\/jpeg"}],"twitter_card":"summary_large_image","twitter_site":"@PrimaverdeBV","twitter_misc":{"Dur\u00e9e de lecture estim\u00e9e":"2 minutes"},"schema":{"@context":"https:\/\/schema.org","@graph":[{"@type":"WebPage","@id":"https:\/\/primaverde.com\/fr\/primaverde-en-tant-que-fournisseur\/","url":"https:\/\/primaverde.com\/fr\/primaverde-en-tant-que-fournisseur\/","name":"Primaverde en tant que fournisseur - Primaverde","isPartOf":{"@id":"https:\/\/primaverde.com\/fr\/#website"},"primaryImageOfPage":{"@id":"https:\/\/primaverde.com\/fr\/primaverde-en-tant-que-fournisseur\/#primaryimage"},"image":{"@id":"https:\/\/primaverde.com\/fr\/primaverde-en-tant-que-fournisseur\/#primaryimage"},"thumbnailUrl":"https:\/\/primaverde.com\/wp-content\/uploads\/2018\/08\/Primaverde_supplier_leverancier_shop.jpg","datePublished":"2019-01-17T10:25:46+00:00","dateModified":"2026-01-23T11:19:13+00:00","breadcrumb":{"@id":"https:\/\/primaverde.com\/fr\/primaverde-en-tant-que-fournisseur\/#breadcrumb"},"inLanguage":"fr-FR","potentialAction":[{"@type":"ReadAction","target":["https:\/\/primaverde.com\/fr\/primaverde-en-tant-que-fournisseur\/"]}]},{"@type":"ImageObject","inLanguage":"fr-FR","@id":"https:\/\/primaverde.com\/fr\/primaverde-en-tant-que-fournisseur\/#primaryimage","url":"https:\/\/primaverde.com\/wp-content\/uploads\/2018\/08\/Primaverde_supplier_leverancier_shop.jpg","contentUrl":"https:\/\/primaverde.com\/wp-content\/uploads\/2018\/08\/Primaverde_supplier_leverancier_shop.jpg"},{"@type":"BreadcrumbList","@id":"https:\/\/primaverde.com\/fr\/primaverde-en-tant-que-fournisseur\/#breadcrumb","itemListElement":[{"@type":"ListItem","position":1,"name":"Home","item":"https:\/\/primaverde.com\/fr\/"},{"@type":"ListItem","position":2,"name":"Primaverde en tant que fournisseur"}]},{"@type":"WebSite","@id":"https:\/\/primaverde.com\/fr\/#website","url":"https:\/\/primaverde.com\/fr\/","name":"Primaverde","description":"Covering material, protection, tapes, Beschermende materialen","publisher":{"@id":"https:\/\/primaverde.com\/fr\/#organization"},"potentialAction":[{"@type":"SearchAction","target":{"@type":"EntryPoint","urlTemplate":"https:\/\/primaverde.com\/fr\/?s={search_term_string}"},"query-input":{"@type":"PropertyValueSpecification","valueRequired":true,"valueName":"search_term_string"}}],"inLanguage":"fr-FR"},{"@type":"Organization","@id":"https:\/\/primaverde.com\/fr\/#organization","name":"Primaverde B.V.","url":"https:\/\/primaverde.com\/fr\/","logo":{"@type":"ImageObject","inLanguage":"fr-FR","@id":"https:\/\/primaverde.com\/fr\/#\/schema\/logo\/image\/","url":"https:\/\/primaverde.com\/wp-content\/uploads\/2015\/03\/Logo_Primaverde.jpg","contentUrl":"https:\/\/primaverde.com\/wp-content\/uploads\/2015\/03\/Logo_Primaverde.jpg","width":1170,"height":212,"caption":"Primaverde B.V."},"image":{"@id":"https:\/\/primaverde.com\/fr\/#\/schema\/logo\/image\/"},"sameAs":["https:\/\/www.facebook.com\/PrimaverdeBV\/","https:\/\/x.com\/PrimaverdeBV","https:\/\/nl.linkedin.com\/company\/primaverde","http:\/\/www.youtube.com\/channel\/UC3DwQqj8f8tatLdSFA0aWwA"]}]}},"_links":{"self":[{"href":"https:\/\/primaverde.com\/fr\/wp-json\/wp\/v2\/pages\/5540","targetHints":{"allow":["GET"]}}],"collection":[{"href":"https:\/\/primaverde.com\/fr\/wp-json\/wp\/v2\/pages"}],"about":[{"href":"https:\/\/primaverde.com\/fr\/wp-json\/wp\/v2\/types\/page"}],"author":[{"embeddable":true,"href":"https:\/\/primaverde.com\/fr\/wp-json\/wp\/v2\/users\/7"}],"replies":[{"embeddable":true,"href":"https:\/\/primaverde.com\/fr\/wp-json\/wp\/v2\/comments?post=5540"}],"version-history":[{"count":1,"href":"https:\/\/primaverde.com\/fr\/wp-json\/wp\/v2\/pages\/5540\/revisions"}],"predecessor-version":[{"id":45514,"href":"https:\/\/primaverde.com\/fr\/wp-json\/wp\/v2\/pages\/5540\/revisions\/45514"}],"wp:attachment":[{"href":"https:\/\/primaverde.com\/fr\/wp-json\/wp\/v2\/media?parent=5540"}],"curies":[{"name":"wp","href":"https:\/\/api.w.org\/{rel}","templated":true}]}}