{"id":5549,"date":"2019-01-17T12:18:00","date_gmt":"2019-01-17T11:18:00","guid":{"rendered":"https:\/\/primaverde.com\/?page_id=5549"},"modified":"2019-01-17T12:18:04","modified_gmt":"2019-01-17T11:18:04","slug":"primaverde-en-tant-que-centrale-dachats","status":"publish","type":"page","link":"https:\/\/primaverde.com\/fr\/primaverde-en-tant-que-centrale-dachats\/","title":{"rendered":"Primaverde en tant que centrale d&rsquo;achats"},"content":{"rendered":"\n<h1 class=\"wp-block-heading\" style=\"text-align:center\">Primaverde en tant que centrale d&rsquo;achats <\/h1>\n\n\n\n<h2 class=\"wp-block-heading\" style=\"text-align:center\">Fiable exp\u00e9rience dans divers domaines <\/h2>\n\n\n\n<div class=\"wp-block-columns has-3-columns is-layout-flex wp-container-core-columns-is-layout-9d6595d7 wp-block-columns-is-layout-flex\">\n<div class=\"wp-block-column is-layout-flow wp-block-column-is-layout-flow\">\n<h3 class=\"wp-block-heading\">D\u00e9veloppement de produits, production et achat<\/h3>\n\n\n\n<p><strong>Les\n marques de Primaverde sont compl\u00e8tement d\u00e9velopp\u00e9es, test\u00e9es en \npratique et document\u00e9es avant d\u2019\u00eatre mises sur le march\u00e9. Nos clients et\n utilisateurs finaux doivent en effet pouvoir nous faire confiance ainsi\n qu&rsquo;\u00e0 nos marques. En tant que client de vos produits, nous nous \nmontrons aussi tr\u00e8s attentifs. Nous sommes un partenaire d&rsquo;affaires sur \nlequel nos fournisseurs peuvent construire. Lorsque nous faisons des \naffaires avec quelqu&rsquo;un, notre intention est de d\u00e9velopper une relation \nde longue dur\u00e9e.<\/strong><\/p>\n\n\n\n<h3 class=\"wp-block-heading\">Primaverde conna\u00eet le march\u00e9<\/h3>\n\n\n\n<p>Primaverde\n peut remplir un r\u00f4le-cl\u00e9 dans la distribution et la vente de votre \nmarque. Simplement &lsquo;d\u00e9placer des boites&rsquo;, ce n&rsquo;est pas pour nous. \nPrimaverde prend chaque jour la temp\u00e9rature du march\u00e9 et est en contact \ndirect avec les points de vente et les utilisateurs finaux. Primaverde \nanalyse en permanence l&rsquo;applicabilit\u00e9 pratique de votre produit. Cela \nsignifie que nous discuterons toujours avec vous des am\u00e9liorations de \nproduits si nous croyons que cela offre des avantages pour l&rsquo;utilisateur\n final et que nous pouvons ainsi augmenter vos opportunit\u00e9s d&rsquo;affaires.<\/p>\n<\/div>\n\n\n\n<div class=\"wp-block-column is-layout-flow wp-block-column-is-layout-flow\">\n<h3 class=\"wp-block-heading\">Voulez-vous confier vos ventes \u00e0 Primaverde ?<\/h3>\n\n\n\n<p>Primaverde\n BV combine plusieurs marques sous un seul toit. Id\u00e9al pour les \ndistributeurs et grossistes qui souhaitent limiter le nombre de \nfournisseurs et qui comptent sur un soutien et une coop\u00e9ration justes \ndans la fourniture de produits de protection et outils auxiliaires. Des \nproduits \u00e9labor\u00e9s pour travailler proprement et en s\u00e9curit\u00e9. Primaverde a\n d&rsquo;excellents contacts dans des secteurs vari\u00e9s tels que&nbsp;: construction,\n r\u00e9novation, travaux de peinture, assistance, am\u00e9nagement, automobile et\n marine\/navigation.<\/p>\n\n\n\n<h3 class=\"wp-block-heading\">Faites connaissance avec Primaverde<\/h3>\n\n\n\n<p>\u00cates-vous\n d\u00e9veloppeur de produits \u00e9labor\u00e9s pour travailler proprement et en \ns\u00e9curit\u00e9 ? Ou avez-vous une marque pour laquelle vous cherchez une \nexpansion en Europe? <a href=\"https:\/\/primaverde.com\/fr\/contact\/\">Faites connaissance avec l&rsquo;\u00e9quipe de Primaverde<\/a>.\n Nous sommes ouverts \u00e0 tout producteur et concepteur de produits et \nmarques uniques que nous pouvons ajouter \u00e0 notre assortiment.<\/p>\n<\/div>\n\n\n\n<div class=\"wp-block-column is-layout-flow wp-block-column-is-layout-flow\">\n<figure class=\"wp-block-image\"><img loading=\"lazy\" decoding=\"async\" width=\"600\" height=\"399\" src=\"https:\/\/primaverde.com\/wp-content\/uploads\/2015\/03\/Primaverde14_content_expeditie1.jpg\" alt=\"Primaverde_magazijn_ingaand_expeditie_PrimaCover\" class=\"wp-image-414\" srcset=\"https:\/\/primaverde.com\/wp-content\/uploads\/2015\/03\/Primaverde14_content_expeditie1.jpg 600w, https:\/\/primaverde.com\/wp-content\/uploads\/2015\/03\/Primaverde14_content_expeditie1-300x200.jpg 300w, https:\/\/primaverde.com\/wp-content\/uploads\/2015\/03\/Primaverde14_content_expeditie1-272x182.jpg 272w\" sizes=\"auto, (max-width: 600px) 100vw, 600px\" \/><\/figure>\n<\/div>\n<\/div>\n","protected":false},"excerpt":{"rendered":"<p>Primaverde en tant que centrale d&rsquo;achats Fiable exp\u00e9rience dans divers domaines D\u00e9veloppement de produits, production et achat Les marques de &#8230; <a title=\"Primaverde en tant que centrale d&rsquo;achats\" class=\"read-more\" href=\"https:\/\/primaverde.com\/fr\/primaverde-en-tant-que-centrale-dachats\/\" aria-label=\"En savoir plus sur Primaverde en tant que centrale d&rsquo;achats\">Lees verder&#8230;<\/a><\/p>\n","protected":false},"author":7,"featured_media":0,"parent":0,"menu_order":11,"comment_status":"open","ping_status":"open","template":"","meta":{"generate_page_header":"","footnotes":""},"class_list":{"0":"post-5549","1":"page","2":"type-page","3":"status-publish","5":"infinite-scroll-item"},"yoast_head":"<!-- This site is optimized with the Yoast SEO Premium plugin v26.8 (Yoast SEO v27.5) - https:\/\/yoast.com\/product\/yoast-seo-premium-wordpress\/ -->\n<title>Primaverde en tant que centrale d&#039;achats - Primaverde<\/title>\n<meta name=\"robots\" content=\"index, follow, max-snippet:-1, max-image-preview:large, max-video-preview:-1\" \/>\n<link rel=\"canonical\" href=\"https:\/\/primaverde.com\/fr\/primaverde-en-tant-que-centrale-dachats\/\" \/>\n<meta property=\"og:locale\" content=\"fr_FR\" \/>\n<meta property=\"og:type\" content=\"article\" \/>\n<meta property=\"og:title\" content=\"Primaverde en tant que centrale d&#039;achats\" \/>\n<meta property=\"og:description\" content=\"Primaverde en tant que centrale d&rsquo;achats Fiable exp\u00e9rience dans divers domaines D\u00e9veloppement de produits, production et achat Les marques de ... Lees verder...\" \/>\n<meta property=\"og:url\" content=\"https:\/\/primaverde.com\/fr\/primaverde-en-tant-que-centrale-dachats\/\" \/>\n<meta property=\"og:site_name\" content=\"Primaverde\" \/>\n<meta property=\"article:publisher\" content=\"https:\/\/www.facebook.com\/PrimaverdeBV\/\" \/>\n<meta property=\"article:modified_time\" content=\"2019-01-17T11:18:04+00:00\" \/>\n<meta property=\"og:image\" content=\"https:\/\/primaverde.com\/wp-content\/uploads\/2015\/03\/Primaverde14_content_expeditie1.jpg\" \/>\n<meta name=\"twitter:card\" content=\"summary_large_image\" \/>\n<meta name=\"twitter:site\" content=\"@PrimaverdeBV\" \/>\n<meta name=\"twitter:label1\" content=\"Dur\u00e9e de lecture estim\u00e9e\" \/>\n\t<meta name=\"twitter:data1\" content=\"2 minutes\" \/>\n<script type=\"application\/ld+json\" class=\"yoast-schema-graph\">{\"@context\":\"https:\\\/\\\/schema.org\",\"@graph\":[{\"@type\":\"WebPage\",\"@id\":\"https:\\\/\\\/primaverde.com\\\/fr\\\/primaverde-en-tant-que-centrale-dachats\\\/\",\"url\":\"https:\\\/\\\/primaverde.com\\\/fr\\\/primaverde-en-tant-que-centrale-dachats\\\/\",\"name\":\"Primaverde en tant que centrale d'achats - Primaverde\",\"isPartOf\":{\"@id\":\"https:\\\/\\\/primaverde.com\\\/fr\\\/#website\"},\"primaryImageOfPage\":{\"@id\":\"https:\\\/\\\/primaverde.com\\\/fr\\\/primaverde-en-tant-que-centrale-dachats\\\/#primaryimage\"},\"image\":{\"@id\":\"https:\\\/\\\/primaverde.com\\\/fr\\\/primaverde-en-tant-que-centrale-dachats\\\/#primaryimage\"},\"thumbnailUrl\":\"https:\\\/\\\/primaverde.com\\\/wp-content\\\/uploads\\\/2015\\\/03\\\/Primaverde14_content_expeditie1.jpg\",\"datePublished\":\"2019-01-17T11:18:00+00:00\",\"dateModified\":\"2019-01-17T11:18:04+00:00\",\"breadcrumb\":{\"@id\":\"https:\\\/\\\/primaverde.com\\\/fr\\\/primaverde-en-tant-que-centrale-dachats\\\/#breadcrumb\"},\"inLanguage\":\"fr-FR\",\"potentialAction\":[{\"@type\":\"ReadAction\",\"target\":[\"https:\\\/\\\/primaverde.com\\\/fr\\\/primaverde-en-tant-que-centrale-dachats\\\/\"]}]},{\"@type\":\"ImageObject\",\"inLanguage\":\"fr-FR\",\"@id\":\"https:\\\/\\\/primaverde.com\\\/fr\\\/primaverde-en-tant-que-centrale-dachats\\\/#primaryimage\",\"url\":\"https:\\\/\\\/primaverde.com\\\/wp-content\\\/uploads\\\/2015\\\/03\\\/Primaverde14_content_expeditie1.jpg\",\"contentUrl\":\"https:\\\/\\\/primaverde.com\\\/wp-content\\\/uploads\\\/2015\\\/03\\\/Primaverde14_content_expeditie1.jpg\"},{\"@type\":\"BreadcrumbList\",\"@id\":\"https:\\\/\\\/primaverde.com\\\/fr\\\/primaverde-en-tant-que-centrale-dachats\\\/#breadcrumb\",\"itemListElement\":[{\"@type\":\"ListItem\",\"position\":1,\"name\":\"Home\",\"item\":\"https:\\\/\\\/primaverde.com\\\/fr\\\/\"},{\"@type\":\"ListItem\",\"position\":2,\"name\":\"Primaverde en tant que centrale d&rsquo;achats\"}]},{\"@type\":\"WebSite\",\"@id\":\"https:\\\/\\\/primaverde.com\\\/fr\\\/#website\",\"url\":\"https:\\\/\\\/primaverde.com\\\/fr\\\/\",\"name\":\"Primaverde\",\"description\":\"Covering material, protection, tapes, Beschermende materialen\",\"publisher\":{\"@id\":\"https:\\\/\\\/primaverde.com\\\/fr\\\/#organization\"},\"potentialAction\":[{\"@type\":\"SearchAction\",\"target\":{\"@type\":\"EntryPoint\",\"urlTemplate\":\"https:\\\/\\\/primaverde.com\\\/fr\\\/?s={search_term_string}\"},\"query-input\":{\"@type\":\"PropertyValueSpecification\",\"valueRequired\":true,\"valueName\":\"search_term_string\"}}],\"inLanguage\":\"fr-FR\"},{\"@type\":\"Organization\",\"@id\":\"https:\\\/\\\/primaverde.com\\\/fr\\\/#organization\",\"name\":\"Primaverde B.V.\",\"url\":\"https:\\\/\\\/primaverde.com\\\/fr\\\/\",\"logo\":{\"@type\":\"ImageObject\",\"inLanguage\":\"fr-FR\",\"@id\":\"https:\\\/\\\/primaverde.com\\\/fr\\\/#\\\/schema\\\/logo\\\/image\\\/\",\"url\":\"https:\\\/\\\/primaverde.com\\\/wp-content\\\/uploads\\\/2015\\\/03\\\/Logo_Primaverde.jpg\",\"contentUrl\":\"https:\\\/\\\/primaverde.com\\\/wp-content\\\/uploads\\\/2015\\\/03\\\/Logo_Primaverde.jpg\",\"width\":1170,\"height\":212,\"caption\":\"Primaverde B.V.\"},\"image\":{\"@id\":\"https:\\\/\\\/primaverde.com\\\/fr\\\/#\\\/schema\\\/logo\\\/image\\\/\"},\"sameAs\":[\"https:\\\/\\\/www.facebook.com\\\/PrimaverdeBV\\\/\",\"https:\\\/\\\/x.com\\\/PrimaverdeBV\",\"https:\\\/\\\/nl.linkedin.com\\\/company\\\/primaverde\",\"http:\\\/\\\/www.youtube.com\\\/channel\\\/UC3DwQqj8f8tatLdSFA0aWwA\"]}]}<\/script>\n<!-- \/ Yoast SEO Premium plugin. -->","yoast_head_json":{"title":"Primaverde en tant que centrale d'achats - Primaverde","robots":{"index":"index","follow":"follow","max-snippet":"max-snippet:-1","max-image-preview":"max-image-preview:large","max-video-preview":"max-video-preview:-1"},"canonical":"https:\/\/primaverde.com\/fr\/primaverde-en-tant-que-centrale-dachats\/","og_locale":"fr_FR","og_type":"article","og_title":"Primaverde en tant que centrale d'achats","og_description":"Primaverde en tant que centrale d&rsquo;achats Fiable exp\u00e9rience dans divers domaines D\u00e9veloppement de produits, production et achat Les marques de ... Lees verder...","og_url":"https:\/\/primaverde.com\/fr\/primaverde-en-tant-que-centrale-dachats\/","og_site_name":"Primaverde","article_publisher":"https:\/\/www.facebook.com\/PrimaverdeBV\/","article_modified_time":"2019-01-17T11:18:04+00:00","og_image":[{"url":"https:\/\/primaverde.com\/wp-content\/uploads\/2015\/03\/Primaverde14_content_expeditie1.jpg","type":"","width":"","height":""}],"twitter_card":"summary_large_image","twitter_site":"@PrimaverdeBV","twitter_misc":{"Dur\u00e9e de lecture estim\u00e9e":"2 minutes"},"schema":{"@context":"https:\/\/schema.org","@graph":[{"@type":"WebPage","@id":"https:\/\/primaverde.com\/fr\/primaverde-en-tant-que-centrale-dachats\/","url":"https:\/\/primaverde.com\/fr\/primaverde-en-tant-que-centrale-dachats\/","name":"Primaverde en tant que centrale d'achats - Primaverde","isPartOf":{"@id":"https:\/\/primaverde.com\/fr\/#website"},"primaryImageOfPage":{"@id":"https:\/\/primaverde.com\/fr\/primaverde-en-tant-que-centrale-dachats\/#primaryimage"},"image":{"@id":"https:\/\/primaverde.com\/fr\/primaverde-en-tant-que-centrale-dachats\/#primaryimage"},"thumbnailUrl":"https:\/\/primaverde.com\/wp-content\/uploads\/2015\/03\/Primaverde14_content_expeditie1.jpg","datePublished":"2019-01-17T11:18:00+00:00","dateModified":"2019-01-17T11:18:04+00:00","breadcrumb":{"@id":"https:\/\/primaverde.com\/fr\/primaverde-en-tant-que-centrale-dachats\/#breadcrumb"},"inLanguage":"fr-FR","potentialAction":[{"@type":"ReadAction","target":["https:\/\/primaverde.com\/fr\/primaverde-en-tant-que-centrale-dachats\/"]}]},{"@type":"ImageObject","inLanguage":"fr-FR","@id":"https:\/\/primaverde.com\/fr\/primaverde-en-tant-que-centrale-dachats\/#primaryimage","url":"https:\/\/primaverde.com\/wp-content\/uploads\/2015\/03\/Primaverde14_content_expeditie1.jpg","contentUrl":"https:\/\/primaverde.com\/wp-content\/uploads\/2015\/03\/Primaverde14_content_expeditie1.jpg"},{"@type":"BreadcrumbList","@id":"https:\/\/primaverde.com\/fr\/primaverde-en-tant-que-centrale-dachats\/#breadcrumb","itemListElement":[{"@type":"ListItem","position":1,"name":"Home","item":"https:\/\/primaverde.com\/fr\/"},{"@type":"ListItem","position":2,"name":"Primaverde en tant que centrale d&rsquo;achats"}]},{"@type":"WebSite","@id":"https:\/\/primaverde.com\/fr\/#website","url":"https:\/\/primaverde.com\/fr\/","name":"Primaverde","description":"Covering material, protection, tapes, Beschermende materialen","publisher":{"@id":"https:\/\/primaverde.com\/fr\/#organization"},"potentialAction":[{"@type":"SearchAction","target":{"@type":"EntryPoint","urlTemplate":"https:\/\/primaverde.com\/fr\/?s={search_term_string}"},"query-input":{"@type":"PropertyValueSpecification","valueRequired":true,"valueName":"search_term_string"}}],"inLanguage":"fr-FR"},{"@type":"Organization","@id":"https:\/\/primaverde.com\/fr\/#organization","name":"Primaverde B.V.","url":"https:\/\/primaverde.com\/fr\/","logo":{"@type":"ImageObject","inLanguage":"fr-FR","@id":"https:\/\/primaverde.com\/fr\/#\/schema\/logo\/image\/","url":"https:\/\/primaverde.com\/wp-content\/uploads\/2015\/03\/Logo_Primaverde.jpg","contentUrl":"https:\/\/primaverde.com\/wp-content\/uploads\/2015\/03\/Logo_Primaverde.jpg","width":1170,"height":212,"caption":"Primaverde B.V."},"image":{"@id":"https:\/\/primaverde.com\/fr\/#\/schema\/logo\/image\/"},"sameAs":["https:\/\/www.facebook.com\/PrimaverdeBV\/","https:\/\/x.com\/PrimaverdeBV","https:\/\/nl.linkedin.com\/company\/primaverde","http:\/\/www.youtube.com\/channel\/UC3DwQqj8f8tatLdSFA0aWwA"]}]}},"_links":{"self":[{"href":"https:\/\/primaverde.com\/fr\/wp-json\/wp\/v2\/pages\/5549","targetHints":{"allow":["GET"]}}],"collection":[{"href":"https:\/\/primaverde.com\/fr\/wp-json\/wp\/v2\/pages"}],"about":[{"href":"https:\/\/primaverde.com\/fr\/wp-json\/wp\/v2\/types\/page"}],"author":[{"embeddable":true,"href":"https:\/\/primaverde.com\/fr\/wp-json\/wp\/v2\/users\/7"}],"replies":[{"embeddable":true,"href":"https:\/\/primaverde.com\/fr\/wp-json\/wp\/v2\/comments?post=5549"}],"version-history":[{"count":0,"href":"https:\/\/primaverde.com\/fr\/wp-json\/wp\/v2\/pages\/5549\/revisions"}],"wp:attachment":[{"href":"https:\/\/primaverde.com\/fr\/wp-json\/wp\/v2\/media?parent=5549"}],"curies":[{"name":"wp","href":"https:\/\/api.w.org\/{rel}","templated":true}]}}