{"id":5672,"date":"2019-02-01T11:44:07","date_gmt":"2019-02-01T10:44:07","guid":{"rendered":"https:\/\/primaverde.com\/?page_id=5672"},"modified":"2019-02-28T15:27:15","modified_gmt":"2019-02-28T14:27:15","slug":"actualites-foires","status":"publish","type":"page","link":"https:\/\/primaverde.com\/fr\/actualites\/actualites-foires\/","title":{"rendered":"Actualit\u00e9s: Foires"},"content":{"rendered":"\n<h1 class=\"wp-block-heading\">Actualit\u00e9s: Foires<\/h1>\n\n\n\n<p>Primaverde veut \u00eatre proche de ses clients et des utilisateurs finaux. C&rsquo;est pourquoi nous fournissons en permanence des d\u00e9monstrations et des explications sur les produits et les applications. Nous sommes exposants aux plus grandes manifestations d\u2019exposition dans le domaine de la construction et de la maintenance. De plus, nous sommes activement pr\u00e9sents aux foires \u00e0 la maison organis\u00e9es par nos distributeurs.<\/p>\n\n\n\n<p>Ravi de se voir et de se parler bient\u00f4t! N&rsquo;h\u00e9sitez pas \u00e0 nous poser une question sur PrimaCover, Curtain-Wall, FugenMeister et nos autres produits. Nous sommes heureux de vous aider. Et si vous avez d\u00e9j\u00e0 une question, n&rsquo;h\u00e9sitez pas \u00e0 <a href=\"https:\/\/primaverde.com\/fr\/contact\/\">contacter<\/a> nos conseillers.<\/p>\n\n\n\n<p><br><\/p>\n\n\n<style>.slick-slider#wpsp-5284 {margin-left: 0px; }.slick-slider#wpsp-5284 .wp-show-posts-inner {margin-left: 1em; margin-right: 1em; }#wpsp-5284.wpsp-card .wp-show-posts-single {margin-bottom: 2em; }.slick-slider#wpsp-5284 .wp-show-posts-single {margin-bottom: 0px; }#wpsp-5284 .wp-show-posts-read-more,\t\t#wpsp-5284 .wp-show-posts-read-more:visited {background: #ffffff; border-color: #d8d8d8; color: #ffffff; }#wpsp-5284 .wp-show-posts-read-more:hover,\t\t#wpsp-5284 .wp-show-posts-read-more:focus {background: #ffffff; border-color: #d8d8d8; color: #FFFFFF; }<\/style><style>.wp-show-posts-columns#wpsp-5284 {margin-left: -2em; }.wp-show-posts-columns#wpsp-5284 .wp-show-posts-inner {margin: 0 0 2em 2em; }<\/style><section id=\"wpsp-5284\" class=\" wp-show-posts-columns wp-show-posts-masonry wp-show-posts\" style=\"\"><div class=\"grid-sizer wpsp-col-4\"><\/div><article class=\"  wp-show-posts-masonry-col-4  wp-show-posts-masonry-block wp-show-posts-single post-43459 post type-post status-publish format-standard has-post-thumbnail hentry category-foires wpsp-col-4\" itemtype=\"http:\/\/schema.org\/CreativeWork\" itemscope><div class=\"wp-show-posts-inner\" style=\"\">\t\t\t\t\t\t<header class=\"wp-show-posts-entry-header\">\n\t\t\t\t\t\t\t<h2 class=\"wp-show-posts-entry-title\" itemprop=\"headline\"><a href=\"https:\/\/primaverde.com\/fr\/foires\/primaverde-participant-bau-2025-munich\/\" rel=\"bookmark\">Primaverde participant BAU 2025 Munich<\/a><\/h2>\t\t\t\t\t\t<\/header><!-- .entry-header -->\n\t\t\t\t\t\t\t<div class=\"wp-show-posts-image  wpsp-image-center \">\n\t\t\t<a href=\"https:\/\/primaverde.com\/fr\/foires\/primaverde-participant-bau-2025-munich\/\"  title=\"Primaverde participant BAU 2025 Munich\"><img loading=\"lazy\" decoding=\"async\" width=\"1024\" height=\"512\" src=\"https:\/\/primaverde.com\/wp-content\/uploads\/2024\/10\/104515_BAU25_Mediakit_Aussteller_1024x512_Engels-1.jpg\" class=\"attachment-full size-full wp-post-image\" alt=\"BAU 2025 logo engels\" itemprop=\"image\" srcset=\"https:\/\/primaverde.com\/wp-content\/uploads\/2024\/10\/104515_BAU25_Mediakit_Aussteller_1024x512_Engels-1.jpg 1024w, https:\/\/primaverde.com\/wp-content\/uploads\/2024\/10\/104515_BAU25_Mediakit_Aussteller_1024x512_Engels-1-300x150.jpg 300w, https:\/\/primaverde.com\/wp-content\/uploads\/2024\/10\/104515_BAU25_Mediakit_Aussteller_1024x512_Engels-1-768x384.jpg 768w, https:\/\/primaverde.com\/wp-content\/uploads\/2024\/10\/104515_BAU25_Mediakit_Aussteller_1024x512_Engels-1-600x300.jpg 600w\" sizes=\"auto, (max-width: 1024px) 100vw, 1024px\" \/><\/a>\t\t<\/div>\n\t\t\t\t\t\t\t\t<div class=\"wp-show-posts-entry-summary\" itemprop=\"text\">\n\t\t\t\t\t\t\t<p>Primaverde participe au salon BAU 2025 \u00e0 Munich en Allemagne. Ce salon, qui a lieu tous les deux ans, est le premier salon mondial de l&rsquo;architecture, des mat\u00e9riaux et des&#8230;<\/p>\n\t\t\t\t\t\t<\/div><!-- .entry-summary -->\n\t\t\t\t\t<div class=\"wpsp-read-more\"><a title=\"Primaverde participant BAU 2025 Munich\" class=\"wp-show-posts-read-more\" href=\"https:\/\/primaverde.com\/fr\/foires\/primaverde-participant-bau-2025-munich\/\">&gt;&gt;&gt;&gt;&gt;&gt;<\/a><\/div><\/div><!-- wp-show-posts-inner --><\/article><article class=\"  wp-show-posts-masonry-col-4  wp-show-posts-masonry-block wp-show-posts-single post-41234 post type-post status-publish format-standard has-post-thumbnail hentry category-curtain-wall category-foires category-fugenmeister category-presse category-primacover category-primaverde-fr category-ram-board-fr wpsp-col-4\" itemtype=\"http:\/\/schema.org\/CreativeWork\" itemscope><div class=\"wp-show-posts-inner\" style=\"\">\t\t\t\t\t\t<header class=\"wp-show-posts-entry-header\">\n\t\t\t\t\t\t\t<h2 class=\"wp-show-posts-entry-title\" itemprop=\"headline\"><a href=\"https:\/\/primaverde.com\/fr\/primaverde-fr\/heures-douverture-differentes-mai-vacances-de-construction-2024\/\" rel=\"bookmark\">Heures d&rsquo;ouverture diff\u00e9rentes en mai + vacances de construction 2024<\/a><\/h2>\t\t\t\t\t\t<\/header><!-- .entry-header -->\n\t\t\t\t\t\t\t<div class=\"wp-show-posts-image  wpsp-image-center \">\n\t\t\t<a href=\"https:\/\/primaverde.com\/fr\/primaverde-fr\/heures-douverture-differentes-mai-vacances-de-construction-2024\/\"  title=\"Heures d&rsquo;ouverture diff\u00e9rentes en mai + vacances de construction 2024\"><img loading=\"lazy\" decoding=\"async\" width=\"600\" height=\"235\" src=\"https:\/\/primaverde.com\/wp-content\/uploads\/2023\/05\/Primaverde-vakantie-en-vrije-dagen-gesloten-niet-bereikbaar.jpg\" class=\"attachment-full size-full wp-post-image\" alt=\"Primaverde vakantie en vrije dagen - gesloten - niet bereikbaar - update voor relaties\" itemprop=\"image\" srcset=\"https:\/\/primaverde.com\/wp-content\/uploads\/2023\/05\/Primaverde-vakantie-en-vrije-dagen-gesloten-niet-bereikbaar.jpg 600w, https:\/\/primaverde.com\/wp-content\/uploads\/2023\/05\/Primaverde-vakantie-en-vrije-dagen-gesloten-niet-bereikbaar-300x118.jpg 300w\" sizes=\"auto, (max-width: 600px) 100vw, 600px\" \/><\/a>\t\t<\/div>\n\t\t\t\t\t\t\t\t<div class=\"wp-show-posts-entry-summary\" itemprop=\"text\">\n\t\t\t\t\t\t\t<p>Primaverde sera ferm\u00e9 le vendredi 21 juin. C&rsquo;est la date du week-end annuel de l&rsquo;\u00e9quipe. Faites \u00e9galement attention \u00e0 la vanances de construction, car Primaverde sera alors ferm\u00e9 pendant une&#8230;<\/p>\n\t\t\t\t\t\t<\/div><!-- .entry-summary -->\n\t\t\t\t\t<div class=\"wpsp-read-more\"><a title=\"Heures d&rsquo;ouverture diff\u00e9rentes en mai + vacances de construction 2024\" class=\"wp-show-posts-read-more\" href=\"https:\/\/primaverde.com\/fr\/primaverde-fr\/heures-douverture-differentes-mai-vacances-de-construction-2024\/\">&gt;&gt;&gt;&gt;&gt;&gt;<\/a><\/div><\/div><!-- wp-show-posts-inner --><\/article><article class=\"  wp-show-posts-masonry-col-4  wp-show-posts-masonry-block wp-show-posts-single post-41775 post type-post status-publish format-standard has-post-thumbnail hentry category-foires category-presse category-primacover category-primaverde-fr category-ram-board-fr wpsp-col-4\" itemtype=\"http:\/\/schema.org\/CreativeWork\" itemscope><div class=\"wp-show-posts-inner\" style=\"\">\t\t\t\t\t\t<header class=\"wp-show-posts-entry-header\">\n\t\t\t\t\t\t\t<h2 class=\"wp-show-posts-entry-title\" itemprop=\"headline\"><a href=\"https:\/\/primaverde.com\/fr\/foires\/primaverde-primacover-en-ram-board-op-noorse-bouwbeurs-bygg-reis-deg\/\" rel=\"bookmark\">Primaverde, PrimaCover en Ram Board op Noorse bouwbeurs Bygg Reis Deg<\/a><\/h2>\t\t\t\t\t\t<\/header><!-- .entry-header -->\n\t\t\t\t\t\t\t<div class=\"wp-show-posts-image  wpsp-image-center \">\n\t\t\t<a href=\"https:\/\/primaverde.com\/fr\/foires\/primaverde-primacover-en-ram-board-op-noorse-bouwbeurs-bygg-reis-deg\/\"  title=\"Primaverde, PrimaCover en Ram Board op Noorse bouwbeurs Bygg Reis Deg\"><img loading=\"lazy\" decoding=\"async\" width=\"600\" height=\"235\" src=\"https:\/\/primaverde.com\/wp-content\/uploads\/2023\/09\/Header-contentart-Primaverde-Bygg-Reis-Deg-2023.jpg\" class=\"attachment-full size-full wp-post-image\" alt=\"Primaverde Bygg Reis Deg 2023 bouwbeurs Noorwegen\" itemprop=\"image\" srcset=\"https:\/\/primaverde.com\/wp-content\/uploads\/2023\/09\/Header-contentart-Primaverde-Bygg-Reis-Deg-2023.jpg 600w, https:\/\/primaverde.com\/wp-content\/uploads\/2023\/09\/Header-contentart-Primaverde-Bygg-Reis-Deg-2023-300x118.jpg 300w\" sizes=\"auto, (max-width: 600px) 100vw, 600px\" \/><\/a>\t\t<\/div>\n\t\t\t\t\t\t\t\t<div class=\"wp-show-posts-entry-summary\" itemprop=\"text\">\n\t\t\t\t\t\t\t<p>Bygg Reis Deg is een belangrijke Noorse bouwbeurs. Dit jaar is deze beurs actueler dan ooit, nu van de bouwsector onder invloed van milieu en regelgeving nieuwe oplossingen worden verwacht&#8230;.<\/p>\n\t\t\t\t\t\t<\/div><!-- .entry-summary -->\n\t\t\t\t\t<div class=\"wpsp-read-more\"><a title=\"Primaverde, PrimaCover en Ram Board op Noorse bouwbeurs Bygg Reis Deg\" class=\"wp-show-posts-read-more\" href=\"https:\/\/primaverde.com\/fr\/foires\/primaverde-primacover-en-ram-board-op-noorse-bouwbeurs-bygg-reis-deg\/\">&gt;&gt;&gt;&gt;&gt;&gt;<\/a><\/div><\/div><!-- wp-show-posts-inner --><\/article><div class=\"wpsp-clear\"><\/div><\/section><!-- .wp-show-posts -->\n\n\n\n<p><\/p>\n","protected":false},"excerpt":{"rendered":"<p>Actualit\u00e9s: Foires Primaverde veut \u00eatre proche de ses clients et des utilisateurs finaux. C&rsquo;est pourquoi nous fournissons en permanence des &#8230; <a title=\"Primaverde, PrimaCover en Ram Board op Noorse bouwbeurs Bygg Reis Deg\" class=\"read-more\" href=\"https:\/\/primaverde.com\/fr\/foires\/primaverde-primacover-en-ram-board-op-noorse-bouwbeurs-bygg-reis-deg\/\" aria-label=\"En savoir plus sur Primaverde, PrimaCover en Ram Board op Noorse bouwbeurs Bygg Reis Deg\">Lees verder&#8230;<\/a><\/p>\n","protected":false},"author":7,"featured_media":0,"parent":5698,"menu_order":0,"comment_status":"closed","ping_status":"closed","template":"","meta":{"generate_page_header":"","footnotes":""},"class_list":["post-5672","page","type-page","status-publish","hentry","infinite-scroll-item","masonry-post","generate-columns","tablet-grid-50","mobile-grid-100","grid-parent","grid-33"],"yoast_head":"<!-- This site is optimized with the Yoast SEO Premium plugin v26.8 (Yoast SEO v27.5) - https:\/\/yoast.com\/product\/yoast-seo-premium-wordpress\/ -->\n<title>Actualit\u00e9s: Foires - Primaverde<\/title>\n<meta name=\"robots\" content=\"index, follow, max-snippet:-1, max-image-preview:large, max-video-preview:-1\" \/>\n<link rel=\"canonical\" href=\"https:\/\/primaverde.com\/fr\/actualites\/actualites-foires\/\" \/>\n<meta property=\"og:locale\" content=\"fr_FR\" \/>\n<meta property=\"og:type\" content=\"article\" \/>\n<meta property=\"og:title\" content=\"Actualit\u00e9s: Foires\" \/>\n<meta property=\"og:description\" content=\"Actualit\u00e9s: Foires Primaverde veut \u00eatre proche de ses clients et des utilisateurs finaux. C&rsquo;est pourquoi nous fournissons en permanence des ... Lees verder...\" \/>\n<meta property=\"og:url\" content=\"https:\/\/primaverde.com\/fr\/actualites\/actualites-foires\/\" \/>\n<meta property=\"og:site_name\" content=\"Primaverde\" \/>\n<meta property=\"article:publisher\" content=\"https:\/\/www.facebook.com\/PrimaverdeBV\/\" \/>\n<meta property=\"article:modified_time\" content=\"2019-02-28T14:27:15+00:00\" \/>\n<meta name=\"twitter:card\" content=\"summary_large_image\" \/>\n<meta name=\"twitter:site\" content=\"@PrimaverdeBV\" \/>\n<meta name=\"twitter:label1\" content=\"Dur\u00e9e de lecture estim\u00e9e\" \/>\n\t<meta name=\"twitter:data1\" content=\"1 minute\" \/>\n<script type=\"application\/ld+json\" class=\"yoast-schema-graph\">{\"@context\":\"https:\\\/\\\/schema.org\",\"@graph\":[{\"@type\":\"WebPage\",\"@id\":\"https:\\\/\\\/primaverde.com\\\/fr\\\/actualites\\\/actualites-foires\\\/\",\"url\":\"https:\\\/\\\/primaverde.com\\\/fr\\\/actualites\\\/actualites-foires\\\/\",\"name\":\"Actualit\u00e9s: Foires - Primaverde\",\"isPartOf\":{\"@id\":\"https:\\\/\\\/primaverde.com\\\/fr\\\/#website\"},\"datePublished\":\"2019-02-01T10:44:07+00:00\",\"dateModified\":\"2019-02-28T14:27:15+00:00\",\"breadcrumb\":{\"@id\":\"https:\\\/\\\/primaverde.com\\\/fr\\\/actualites\\\/actualites-foires\\\/#breadcrumb\"},\"inLanguage\":\"fr-FR\",\"potentialAction\":[{\"@type\":\"ReadAction\",\"target\":[\"https:\\\/\\\/primaverde.com\\\/fr\\\/actualites\\\/actualites-foires\\\/\"]}]},{\"@type\":\"BreadcrumbList\",\"@id\":\"https:\\\/\\\/primaverde.com\\\/fr\\\/actualites\\\/actualites-foires\\\/#breadcrumb\",\"itemListElement\":[{\"@type\":\"ListItem\",\"position\":1,\"name\":\"Home\",\"item\":\"https:\\\/\\\/primaverde.com\\\/fr\\\/\"},{\"@type\":\"ListItem\",\"position\":2,\"name\":\"Actualit\u00e9s relatives \u00e0 Primaverde\",\"item\":\"https:\\\/\\\/primaverde.com\\\/fr\\\/actualites\\\/\"},{\"@type\":\"ListItem\",\"position\":3,\"name\":\"Actualit\u00e9s: Foires\"}]},{\"@type\":\"WebSite\",\"@id\":\"https:\\\/\\\/primaverde.com\\\/fr\\\/#website\",\"url\":\"https:\\\/\\\/primaverde.com\\\/fr\\\/\",\"name\":\"Primaverde\",\"description\":\"Covering material, protection, tapes, Beschermende materialen\",\"publisher\":{\"@id\":\"https:\\\/\\\/primaverde.com\\\/fr\\\/#organization\"},\"potentialAction\":[{\"@type\":\"SearchAction\",\"target\":{\"@type\":\"EntryPoint\",\"urlTemplate\":\"https:\\\/\\\/primaverde.com\\\/fr\\\/?s={search_term_string}\"},\"query-input\":{\"@type\":\"PropertyValueSpecification\",\"valueRequired\":true,\"valueName\":\"search_term_string\"}}],\"inLanguage\":\"fr-FR\"},{\"@type\":\"Organization\",\"@id\":\"https:\\\/\\\/primaverde.com\\\/fr\\\/#organization\",\"name\":\"Primaverde B.V.\",\"url\":\"https:\\\/\\\/primaverde.com\\\/fr\\\/\",\"logo\":{\"@type\":\"ImageObject\",\"inLanguage\":\"fr-FR\",\"@id\":\"https:\\\/\\\/primaverde.com\\\/fr\\\/#\\\/schema\\\/logo\\\/image\\\/\",\"url\":\"https:\\\/\\\/primaverde.com\\\/wp-content\\\/uploads\\\/2015\\\/03\\\/Logo_Primaverde.jpg\",\"contentUrl\":\"https:\\\/\\\/primaverde.com\\\/wp-content\\\/uploads\\\/2015\\\/03\\\/Logo_Primaverde.jpg\",\"width\":1170,\"height\":212,\"caption\":\"Primaverde B.V.\"},\"image\":{\"@id\":\"https:\\\/\\\/primaverde.com\\\/fr\\\/#\\\/schema\\\/logo\\\/image\\\/\"},\"sameAs\":[\"https:\\\/\\\/www.facebook.com\\\/PrimaverdeBV\\\/\",\"https:\\\/\\\/x.com\\\/PrimaverdeBV\",\"https:\\\/\\\/nl.linkedin.com\\\/company\\\/primaverde\",\"http:\\\/\\\/www.youtube.com\\\/channel\\\/UC3DwQqj8f8tatLdSFA0aWwA\"]}]}<\/script>\n<!-- \/ Yoast SEO Premium plugin. -->","yoast_head_json":{"title":"Actualit\u00e9s: Foires - Primaverde","robots":{"index":"index","follow":"follow","max-snippet":"max-snippet:-1","max-image-preview":"max-image-preview:large","max-video-preview":"max-video-preview:-1"},"canonical":"https:\/\/primaverde.com\/fr\/actualites\/actualites-foires\/","og_locale":"fr_FR","og_type":"article","og_title":"Actualit\u00e9s: Foires","og_description":"Actualit\u00e9s: Foires Primaverde veut \u00eatre proche de ses clients et des utilisateurs finaux. C&rsquo;est pourquoi nous fournissons en permanence des ... Lees verder...","og_url":"https:\/\/primaverde.com\/fr\/actualites\/actualites-foires\/","og_site_name":"Primaverde","article_publisher":"https:\/\/www.facebook.com\/PrimaverdeBV\/","article_modified_time":"2019-02-28T14:27:15+00:00","twitter_card":"summary_large_image","twitter_site":"@PrimaverdeBV","twitter_misc":{"Dur\u00e9e de lecture estim\u00e9e":"1 minute"},"schema":{"@context":"https:\/\/schema.org","@graph":[{"@type":"WebPage","@id":"https:\/\/primaverde.com\/fr\/actualites\/actualites-foires\/","url":"https:\/\/primaverde.com\/fr\/actualites\/actualites-foires\/","name":"Actualit\u00e9s: Foires - Primaverde","isPartOf":{"@id":"https:\/\/primaverde.com\/fr\/#website"},"datePublished":"2019-02-01T10:44:07+00:00","dateModified":"2019-02-28T14:27:15+00:00","breadcrumb":{"@id":"https:\/\/primaverde.com\/fr\/actualites\/actualites-foires\/#breadcrumb"},"inLanguage":"fr-FR","potentialAction":[{"@type":"ReadAction","target":["https:\/\/primaverde.com\/fr\/actualites\/actualites-foires\/"]}]},{"@type":"BreadcrumbList","@id":"https:\/\/primaverde.com\/fr\/actualites\/actualites-foires\/#breadcrumb","itemListElement":[{"@type":"ListItem","position":1,"name":"Home","item":"https:\/\/primaverde.com\/fr\/"},{"@type":"ListItem","position":2,"name":"Actualit\u00e9s relatives \u00e0 Primaverde","item":"https:\/\/primaverde.com\/fr\/actualites\/"},{"@type":"ListItem","position":3,"name":"Actualit\u00e9s: Foires"}]},{"@type":"WebSite","@id":"https:\/\/primaverde.com\/fr\/#website","url":"https:\/\/primaverde.com\/fr\/","name":"Primaverde","description":"Covering material, protection, tapes, Beschermende materialen","publisher":{"@id":"https:\/\/primaverde.com\/fr\/#organization"},"potentialAction":[{"@type":"SearchAction","target":{"@type":"EntryPoint","urlTemplate":"https:\/\/primaverde.com\/fr\/?s={search_term_string}"},"query-input":{"@type":"PropertyValueSpecification","valueRequired":true,"valueName":"search_term_string"}}],"inLanguage":"fr-FR"},{"@type":"Organization","@id":"https:\/\/primaverde.com\/fr\/#organization","name":"Primaverde B.V.","url":"https:\/\/primaverde.com\/fr\/","logo":{"@type":"ImageObject","inLanguage":"fr-FR","@id":"https:\/\/primaverde.com\/fr\/#\/schema\/logo\/image\/","url":"https:\/\/primaverde.com\/wp-content\/uploads\/2015\/03\/Logo_Primaverde.jpg","contentUrl":"https:\/\/primaverde.com\/wp-content\/uploads\/2015\/03\/Logo_Primaverde.jpg","width":1170,"height":212,"caption":"Primaverde B.V."},"image":{"@id":"https:\/\/primaverde.com\/fr\/#\/schema\/logo\/image\/"},"sameAs":["https:\/\/www.facebook.com\/PrimaverdeBV\/","https:\/\/x.com\/PrimaverdeBV","https:\/\/nl.linkedin.com\/company\/primaverde","http:\/\/www.youtube.com\/channel\/UC3DwQqj8f8tatLdSFA0aWwA"]}]}},"_links":{"self":[{"href":"https:\/\/primaverde.com\/fr\/wp-json\/wp\/v2\/pages\/5672","targetHints":{"allow":["GET"]}}],"collection":[{"href":"https:\/\/primaverde.com\/fr\/wp-json\/wp\/v2\/pages"}],"about":[{"href":"https:\/\/primaverde.com\/fr\/wp-json\/wp\/v2\/types\/page"}],"author":[{"embeddable":true,"href":"https:\/\/primaverde.com\/fr\/wp-json\/wp\/v2\/users\/7"}],"replies":[{"embeddable":true,"href":"https:\/\/primaverde.com\/fr\/wp-json\/wp\/v2\/comments?post=5672"}],"version-history":[{"count":0,"href":"https:\/\/primaverde.com\/fr\/wp-json\/wp\/v2\/pages\/5672\/revisions"}],"up":[{"embeddable":true,"href":"https:\/\/primaverde.com\/fr\/wp-json\/wp\/v2\/pages\/5698"}],"wp:attachment":[{"href":"https:\/\/primaverde.com\/fr\/wp-json\/wp\/v2\/media?parent=5672"}],"curies":[{"name":"wp","href":"https:\/\/api.w.org\/{rel}","templated":true}]}}