{"id":5698,"date":"2019-02-05T10:27:26","date_gmt":"2019-02-05T09:27:26","guid":{"rendered":"https:\/\/primaverde.com\/?page_id=5698"},"modified":"2022-04-22T16:55:43","modified_gmt":"2022-04-22T15:55:43","slug":"actualites","status":"publish","type":"page","link":"https:\/\/primaverde.com\/fr\/actualites\/","title":{"rendered":"Actualit\u00e9s relatives \u00e0 Primaverde"},"content":{"rendered":"\n<h1 class=\"wp-block-heading\" id=\"h-actualites\">Actualit\u00e9s<\/h1>\n\n\n\n<p>Toutes les nouvelles relatives \u00e0 Primaverde sont disponibles sur cette page. D\u00e9couvrez par exemple les nouveaux produits et applications de PrimaCover, Curtain-Wall et FugenMeister. Vous verrez \u00e9galement \u00e0 quels salons notre \u00e9quipe est pr\u00e9sente.<\/p>\n\n\n\n<p>\u00cates-vous int\u00e9ress\u00e9 par un th\u00e8me particulier? Ensuite, s\u00e9lectionnez le sujet de votre choix. Pour toute question relative \u00e0 l&rsquo;utilisation de nos produits, points de vente, etc., vous pouvez toujours <a href=\"https:\/\/primaverde.com\/fr\/contact\/\">contacter <\/a>l&rsquo;un de nos conseillers.<\/p>\n\n\n<style>.slick-slider#wpsp-31123 {margin-left: 0px; }.slick-slider#wpsp-31123 .wp-show-posts-inner {margin-left: 1em; margin-right: 1em; }#wpsp-31123.wpsp-card .wp-show-posts-single {margin-bottom: 2em; }.slick-slider#wpsp-31123 .wp-show-posts-single {margin-bottom: 0px; }<\/style><style>.wp-show-posts-columns#wpsp-31123 {margin-left: -2em; }.wp-show-posts-columns#wpsp-31123 .wp-show-posts-inner {margin: 0 0 2em 2em; }<\/style><section id=\"wpsp-31123\" class=\" wp-show-posts-columns wp-show-posts\" style=\"\"><article class=\" wp-show-posts-single post-32311 post type-post status-publish format-standard has-post-thumbnail hentry category-general category-in-de-media-fr category-presse category-primacover category-primaverde-fr wpsp-col-4\" itemtype=\"http:\/\/schema.org\/CreativeWork\" itemscope><div class=\"wp-show-posts-inner\" style=\"\">\t\t\t\t\t\t<header class=\"wp-show-posts-entry-header\">\n\t\t\t\t\t\t\t<h2 class=\"wp-show-posts-entry-title\" itemprop=\"headline\"><a href=\"https:\/\/primaverde.com\/fr\/primaverde-fr\/iso-90012015-voor-primaverde-bv\/\" rel=\"bookmark\">ISO 9001:2015 pour Primaverde BV<\/a><\/h2>\t\t\t\t\t\t<\/header><!-- .entry-header -->\n\t\t\t\t\t\t\t<div class=\"wp-show-posts-image  wpsp-image-left \">\n\t\t\t<a href=\"https:\/\/primaverde.com\/fr\/primaverde-fr\/iso-90012015-voor-primaverde-bv\/\"  title=\"ISO 9001:2015 pour Primaverde BV\"><img loading=\"lazy\" decoding=\"async\" width=\"1299\" height=\"650\" src=\"https:\/\/primaverde.com\/wp-content\/uploads\/2022\/02\/Primaverde_Iso_nieuwsbrief_logo_medres.png\" class=\"attachment-full size-full wp-post-image\" alt=\"Primaverde ISO 9001 kwaliteitsnorm certificaat Veritas\" itemprop=\"image\" srcset=\"https:\/\/primaverde.com\/wp-content\/uploads\/2022\/02\/Primaverde_Iso_nieuwsbrief_logo_medres.png 1299w, https:\/\/primaverde.com\/wp-content\/uploads\/2022\/02\/Primaverde_Iso_nieuwsbrief_logo_medres-600x300.png 600w, https:\/\/primaverde.com\/wp-content\/uploads\/2022\/02\/Primaverde_Iso_nieuwsbrief_logo_medres-300x150.png 300w, https:\/\/primaverde.com\/wp-content\/uploads\/2022\/02\/Primaverde_Iso_nieuwsbrief_logo_medres-1200x600.png 1200w, https:\/\/primaverde.com\/wp-content\/uploads\/2022\/02\/Primaverde_Iso_nieuwsbrief_logo_medres-768x384.png 768w\" sizes=\"auto, (max-width: 1299px) 100vw, 1299px\" \/><\/a>\t\t<\/div>\n\t\t\t\t\t\t\t\t<div class=\"wp-show-posts-entry-summary\" itemprop=\"text\">\n\t\t\t\t\t\t\t<p>Primaverde est d\u00e9sormais certifi\u00e9 selon la norme de qualit\u00e9 ISO 9001:2015. La certification et les audits ont \u00e9t\u00e9 r\u00e9alis\u00e9s par le renomm\u00e9 Bureau Veritas.<\/p>\n\t\t\t\t\t\t<\/div><!-- .entry-summary -->\n\t\t\t\t\t<\/div><!-- wp-show-posts-inner --><\/article><article class=\" wp-show-posts-single post-41775 post type-post status-publish format-standard has-post-thumbnail hentry category-foires category-presse category-primacover category-primaverde-fr category-ram-board-fr wpsp-col-4\" itemtype=\"http:\/\/schema.org\/CreativeWork\" itemscope><div class=\"wp-show-posts-inner\" style=\"\">\t\t\t\t\t\t<header class=\"wp-show-posts-entry-header\">\n\t\t\t\t\t\t\t<h2 class=\"wp-show-posts-entry-title\" itemprop=\"headline\"><a href=\"https:\/\/primaverde.com\/fr\/foires\/primaverde-primacover-en-ram-board-op-noorse-bouwbeurs-bygg-reis-deg\/\" rel=\"bookmark\">Primaverde, PrimaCover en Ram Board op Noorse bouwbeurs Bygg Reis Deg<\/a><\/h2>\t\t\t\t\t\t<\/header><!-- .entry-header -->\n\t\t\t\t\t\t\t<div class=\"wp-show-posts-image  wpsp-image-left \">\n\t\t\t<a href=\"https:\/\/primaverde.com\/fr\/foires\/primaverde-primacover-en-ram-board-op-noorse-bouwbeurs-bygg-reis-deg\/\"  title=\"Primaverde, PrimaCover en Ram Board op Noorse bouwbeurs Bygg Reis Deg\"><img loading=\"lazy\" decoding=\"async\" width=\"600\" height=\"235\" src=\"https:\/\/primaverde.com\/wp-content\/uploads\/2023\/09\/Header-contentart-Primaverde-Bygg-Reis-Deg-2023.jpg\" class=\"attachment-full size-full wp-post-image\" alt=\"Primaverde Bygg Reis Deg 2023 bouwbeurs Noorwegen\" itemprop=\"image\" srcset=\"https:\/\/primaverde.com\/wp-content\/uploads\/2023\/09\/Header-contentart-Primaverde-Bygg-Reis-Deg-2023.jpg 600w, https:\/\/primaverde.com\/wp-content\/uploads\/2023\/09\/Header-contentart-Primaverde-Bygg-Reis-Deg-2023-300x118.jpg 300w\" sizes=\"auto, (max-width: 600px) 100vw, 600px\" \/><\/a>\t\t<\/div>\n\t\t\t\t\t\t\t\t<div class=\"wp-show-posts-entry-summary\" itemprop=\"text\">\n\t\t\t\t\t\t\t<p>Bygg Reis Deg is een belangrijke Noorse bouwbeurs. Dit jaar is deze beurs actueler dan ooit, nu van de bouwsector onder invloed van milieu en regelgeving nieuwe oplossingen worden verwacht&#8230;.<\/p>\n\t\t\t\t\t\t<\/div><!-- .entry-summary -->\n\t\t\t\t\t<\/div><!-- wp-show-posts-inner --><\/article><article class=\" wp-show-posts-single post-41234 post type-post status-publish format-standard has-post-thumbnail hentry category-curtain-wall category-foires category-fugenmeister category-presse category-primacover category-primaverde-fr category-ram-board-fr wpsp-col-4\" itemtype=\"http:\/\/schema.org\/CreativeWork\" itemscope><div class=\"wp-show-posts-inner\" style=\"\">\t\t\t\t\t\t<header class=\"wp-show-posts-entry-header\">\n\t\t\t\t\t\t\t<h2 class=\"wp-show-posts-entry-title\" itemprop=\"headline\"><a href=\"https:\/\/primaverde.com\/fr\/primaverde-fr\/heures-douverture-differentes-mai-vacances-de-construction-2024\/\" rel=\"bookmark\">Heures d&rsquo;ouverture diff\u00e9rentes en mai + vacances de construction 2024<\/a><\/h2>\t\t\t\t\t\t<\/header><!-- .entry-header -->\n\t\t\t\t\t\t\t<div class=\"wp-show-posts-image  wpsp-image-left \">\n\t\t\t<a href=\"https:\/\/primaverde.com\/fr\/primaverde-fr\/heures-douverture-differentes-mai-vacances-de-construction-2024\/\"  title=\"Heures d&rsquo;ouverture diff\u00e9rentes en mai + vacances de construction 2024\"><img loading=\"lazy\" decoding=\"async\" width=\"600\" height=\"235\" src=\"https:\/\/primaverde.com\/wp-content\/uploads\/2023\/05\/Primaverde-vakantie-en-vrije-dagen-gesloten-niet-bereikbaar.jpg\" class=\"attachment-full size-full wp-post-image\" alt=\"Primaverde vakantie en vrije dagen - gesloten - niet bereikbaar - update voor relaties\" itemprop=\"image\" srcset=\"https:\/\/primaverde.com\/wp-content\/uploads\/2023\/05\/Primaverde-vakantie-en-vrije-dagen-gesloten-niet-bereikbaar.jpg 600w, https:\/\/primaverde.com\/wp-content\/uploads\/2023\/05\/Primaverde-vakantie-en-vrije-dagen-gesloten-niet-bereikbaar-300x118.jpg 300w\" sizes=\"auto, (max-width: 600px) 100vw, 600px\" \/><\/a>\t\t<\/div>\n\t\t\t\t\t\t\t\t<div class=\"wp-show-posts-entry-summary\" itemprop=\"text\">\n\t\t\t\t\t\t\t<p>Primaverde sera ferm\u00e9 le vendredi 21 juin. C&rsquo;est la date du week-end annuel de l&rsquo;\u00e9quipe. Faites \u00e9galement attention \u00e0 la vanances de construction, car Primaverde sera alors ferm\u00e9 pendant une&#8230;<\/p>\n\t\t\t\t\t\t<\/div><!-- .entry-summary -->\n\t\t\t\t\t<\/div><!-- wp-show-posts-inner --><\/article><article class=\" wp-show-posts-single post-43459 post type-post status-publish format-standard has-post-thumbnail hentry category-foires wpsp-col-4\" itemtype=\"http:\/\/schema.org\/CreativeWork\" itemscope><div class=\"wp-show-posts-inner\" style=\"\">\t\t\t\t\t\t<header class=\"wp-show-posts-entry-header\">\n\t\t\t\t\t\t\t<h2 class=\"wp-show-posts-entry-title\" itemprop=\"headline\"><a href=\"https:\/\/primaverde.com\/fr\/foires\/primaverde-participant-bau-2025-munich\/\" rel=\"bookmark\">Primaverde participant BAU 2025 Munich<\/a><\/h2>\t\t\t\t\t\t<\/header><!-- .entry-header -->\n\t\t\t\t\t\t\t<div class=\"wp-show-posts-image  wpsp-image-left \">\n\t\t\t<a href=\"https:\/\/primaverde.com\/fr\/foires\/primaverde-participant-bau-2025-munich\/\"  title=\"Primaverde participant BAU 2025 Munich\"><img loading=\"lazy\" decoding=\"async\" width=\"1024\" height=\"512\" src=\"https:\/\/primaverde.com\/wp-content\/uploads\/2024\/10\/104515_BAU25_Mediakit_Aussteller_1024x512_Engels-1.jpg\" class=\"attachment-full size-full wp-post-image\" alt=\"BAU 2025 logo engels\" itemprop=\"image\" srcset=\"https:\/\/primaverde.com\/wp-content\/uploads\/2024\/10\/104515_BAU25_Mediakit_Aussteller_1024x512_Engels-1.jpg 1024w, https:\/\/primaverde.com\/wp-content\/uploads\/2024\/10\/104515_BAU25_Mediakit_Aussteller_1024x512_Engels-1-300x150.jpg 300w, https:\/\/primaverde.com\/wp-content\/uploads\/2024\/10\/104515_BAU25_Mediakit_Aussteller_1024x512_Engels-1-768x384.jpg 768w, https:\/\/primaverde.com\/wp-content\/uploads\/2024\/10\/104515_BAU25_Mediakit_Aussteller_1024x512_Engels-1-600x300.jpg 600w\" sizes=\"auto, (max-width: 1024px) 100vw, 1024px\" \/><\/a>\t\t<\/div>\n\t\t\t\t\t\t\t\t<div class=\"wp-show-posts-entry-summary\" itemprop=\"text\">\n\t\t\t\t\t\t\t<p>Primaverde participe au salon BAU 2025 \u00e0 Munich en Allemagne. Ce salon, qui a lieu tous les deux ans, est le premier salon mondial de l&rsquo;architecture, des mat\u00e9riaux et des&#8230;<\/p>\n\t\t\t\t\t\t<\/div><!-- .entry-summary -->\n\t\t\t\t\t<\/div><!-- wp-show-posts-inner --><\/article><article class=\" wp-show-posts-single post-43489 post type-post status-publish format-standard has-post-thumbnail hentry category-primaverde-fr wpsp-col-4\" itemtype=\"http:\/\/schema.org\/CreativeWork\" itemscope><div class=\"wp-show-posts-inner\" style=\"\">\t\t\t\t\t\t<header class=\"wp-show-posts-entry-header\">\n\t\t\t\t\t\t\t<h2 class=\"wp-show-posts-entry-title\" itemprop=\"headline\"><a href=\"https:\/\/primaverde.com\/fr\/primaverde-fr\/introduction-frederic-burton\/\" rel=\"bookmark\">Introduction: Fr\u00e9d\u00e9ric Burton<\/a><\/h2>\t\t\t\t\t\t<\/header><!-- .entry-header -->\n\t\t\t\t\t\t\t<div class=\"wp-show-posts-image  wpsp-image-left \">\n\t\t\t<a href=\"https:\/\/primaverde.com\/fr\/primaverde-fr\/introduction-frederic-burton\/\"  title=\"Introduction: Fr\u00e9d\u00e9ric Burton\"><img loading=\"lazy\" decoding=\"async\" width=\"600\" height=\"235\" src=\"https:\/\/primaverde.com\/wp-content\/uploads\/2024\/10\/Frederic_600x235px.png\" class=\"attachment-full size-full wp-post-image\" alt=\"Frederic voor Primaverde\" itemprop=\"image\" srcset=\"https:\/\/primaverde.com\/wp-content\/uploads\/2024\/10\/Frederic_600x235px.png 600w, https:\/\/primaverde.com\/wp-content\/uploads\/2024\/10\/Frederic_600x235px-300x118.png 300w\" sizes=\"auto, (max-width: 600px) 100vw, 600px\" \/><\/a>\t\t<\/div>\n\t\t\t\t\t\t\t\t<div class=\"wp-show-posts-entry-summary\" itemprop=\"text\">\n\t\t\t\t\t\t\t<p>Nous avons le plaisir d&rsquo;annoncer que nous avons trouv\u00e9 un nouveau Account Manager pour la Belgique (la Wallonie) et le Luxembourg. <\/p>\n\t\t\t\t\t\t<\/div><!-- .entry-summary -->\n\t\t\t\t\t<\/div><!-- wp-show-posts-inner --><\/article><div class=\"wpsp-clear\"><\/div><\/section><!-- .wp-show-posts -->\n","protected":false},"excerpt":{"rendered":"<p>Actualit\u00e9s Toutes les nouvelles relatives \u00e0 Primaverde sont disponibles sur cette page. D\u00e9couvrez par exemple les nouveaux produits et applications &#8230; <a title=\"Introduction: Fr\u00e9d\u00e9ric Burton\" class=\"read-more\" href=\"https:\/\/primaverde.com\/fr\/primaverde-fr\/introduction-frederic-burton\/\" aria-label=\"En savoir plus sur Introduction: Fr\u00e9d\u00e9ric Burton\">Lees verder&#8230;<\/a><\/p>\n","protected":false},"author":7,"featured_media":0,"parent":0,"menu_order":8,"comment_status":"open","ping_status":"closed","template":"","meta":{"generate_page_header":"","footnotes":""},"class_list":["post-5698","page","type-page","status-publish","hentry","infinite-scroll-item","masonry-post","generate-columns","tablet-grid-50","mobile-grid-100","grid-parent","grid-33"],"yoast_head":"<!-- This site is optimized with the Yoast SEO Premium plugin v26.8 (Yoast SEO v27.4) - https:\/\/yoast.com\/product\/yoast-seo-premium-wordpress\/ -->\n<title>Actualit\u00e9s relatives \u00e0 Primaverde - Primaverde<\/title>\n<meta name=\"description\" content=\"Toutes les nouvelles de Primaverde. D\u00e9couvrez par exemple les nouveaux produits et applications de PrimaCover, Curtain-Wall et FugenMeister\" \/>\n<meta name=\"robots\" content=\"index, follow, max-snippet:-1, max-image-preview:large, max-video-preview:-1\" \/>\n<link rel=\"canonical\" href=\"https:\/\/primaverde.com\/fr\/actualites\/\" \/>\n<meta property=\"og:locale\" content=\"fr_FR\" \/>\n<meta property=\"og:type\" content=\"article\" \/>\n<meta property=\"og:title\" content=\"Actualit\u00e9s relatives \u00e0 Primaverde\" \/>\n<meta property=\"og:description\" content=\"Toutes les nouvelles de Primaverde. D\u00e9couvrez par exemple les nouveaux produits et applications de PrimaCover, Curtain-Wall et FugenMeister\" \/>\n<meta property=\"og:url\" content=\"https:\/\/primaverde.com\/fr\/actualites\/\" \/>\n<meta property=\"og:site_name\" content=\"Primaverde\" \/>\n<meta property=\"article:publisher\" content=\"https:\/\/www.facebook.com\/PrimaverdeBV\/\" \/>\n<meta property=\"article:modified_time\" content=\"2022-04-22T15:55:43+00:00\" \/>\n<meta name=\"twitter:card\" content=\"summary_large_image\" \/>\n<meta name=\"twitter:site\" content=\"@PrimaverdeBV\" \/>\n<meta name=\"twitter:label1\" content=\"Dur\u00e9e de lecture estim\u00e9e\" \/>\n\t<meta name=\"twitter:data1\" content=\"1 minute\" \/>\n<script type=\"application\/ld+json\" class=\"yoast-schema-graph\">{\"@context\":\"https:\\\/\\\/schema.org\",\"@graph\":[{\"@type\":\"WebPage\",\"@id\":\"https:\\\/\\\/primaverde.com\\\/fr\\\/actualites\\\/\",\"url\":\"https:\\\/\\\/primaverde.com\\\/fr\\\/actualites\\\/\",\"name\":\"Actualit\u00e9s relatives \u00e0 Primaverde - Primaverde\",\"isPartOf\":{\"@id\":\"https:\\\/\\\/primaverde.com\\\/fr\\\/#website\"},\"datePublished\":\"2019-02-05T09:27:26+00:00\",\"dateModified\":\"2022-04-22T15:55:43+00:00\",\"description\":\"Toutes les nouvelles de Primaverde. D\u00e9couvrez par exemple les nouveaux produits et applications de PrimaCover, Curtain-Wall et FugenMeister\",\"breadcrumb\":{\"@id\":\"https:\\\/\\\/primaverde.com\\\/fr\\\/actualites\\\/#breadcrumb\"},\"inLanguage\":\"fr-FR\",\"potentialAction\":[{\"@type\":\"ReadAction\",\"target\":[\"https:\\\/\\\/primaverde.com\\\/fr\\\/actualites\\\/\"]}]},{\"@type\":\"BreadcrumbList\",\"@id\":\"https:\\\/\\\/primaverde.com\\\/fr\\\/actualites\\\/#breadcrumb\",\"itemListElement\":[{\"@type\":\"ListItem\",\"position\":1,\"name\":\"Home\",\"item\":\"https:\\\/\\\/primaverde.com\\\/fr\\\/\"},{\"@type\":\"ListItem\",\"position\":2,\"name\":\"Actualit\u00e9s relatives \u00e0 Primaverde\"}]},{\"@type\":\"WebSite\",\"@id\":\"https:\\\/\\\/primaverde.com\\\/fr\\\/#website\",\"url\":\"https:\\\/\\\/primaverde.com\\\/fr\\\/\",\"name\":\"Primaverde\",\"description\":\"Covering material, protection, tapes, Beschermende materialen\",\"publisher\":{\"@id\":\"https:\\\/\\\/primaverde.com\\\/fr\\\/#organization\"},\"potentialAction\":[{\"@type\":\"SearchAction\",\"target\":{\"@type\":\"EntryPoint\",\"urlTemplate\":\"https:\\\/\\\/primaverde.com\\\/fr\\\/?s={search_term_string}\"},\"query-input\":{\"@type\":\"PropertyValueSpecification\",\"valueRequired\":true,\"valueName\":\"search_term_string\"}}],\"inLanguage\":\"fr-FR\"},{\"@type\":\"Organization\",\"@id\":\"https:\\\/\\\/primaverde.com\\\/fr\\\/#organization\",\"name\":\"Primaverde B.V.\",\"url\":\"https:\\\/\\\/primaverde.com\\\/fr\\\/\",\"logo\":{\"@type\":\"ImageObject\",\"inLanguage\":\"fr-FR\",\"@id\":\"https:\\\/\\\/primaverde.com\\\/fr\\\/#\\\/schema\\\/logo\\\/image\\\/\",\"url\":\"https:\\\/\\\/primaverde.com\\\/wp-content\\\/uploads\\\/2015\\\/03\\\/Logo_Primaverde.jpg\",\"contentUrl\":\"https:\\\/\\\/primaverde.com\\\/wp-content\\\/uploads\\\/2015\\\/03\\\/Logo_Primaverde.jpg\",\"width\":1170,\"height\":212,\"caption\":\"Primaverde B.V.\"},\"image\":{\"@id\":\"https:\\\/\\\/primaverde.com\\\/fr\\\/#\\\/schema\\\/logo\\\/image\\\/\"},\"sameAs\":[\"https:\\\/\\\/www.facebook.com\\\/PrimaverdeBV\\\/\",\"https:\\\/\\\/x.com\\\/PrimaverdeBV\",\"https:\\\/\\\/nl.linkedin.com\\\/company\\\/primaverde\",\"http:\\\/\\\/www.youtube.com\\\/channel\\\/UC3DwQqj8f8tatLdSFA0aWwA\"]}]}<\/script>\n<!-- \/ Yoast SEO Premium plugin. -->","yoast_head_json":{"title":"Actualit\u00e9s relatives \u00e0 Primaverde - Primaverde","description":"Toutes les nouvelles de Primaverde. D\u00e9couvrez par exemple les nouveaux produits et applications de PrimaCover, Curtain-Wall et FugenMeister","robots":{"index":"index","follow":"follow","max-snippet":"max-snippet:-1","max-image-preview":"max-image-preview:large","max-video-preview":"max-video-preview:-1"},"canonical":"https:\/\/primaverde.com\/fr\/actualites\/","og_locale":"fr_FR","og_type":"article","og_title":"Actualit\u00e9s relatives \u00e0 Primaverde","og_description":"Toutes les nouvelles de Primaverde. D\u00e9couvrez par exemple les nouveaux produits et applications de PrimaCover, Curtain-Wall et FugenMeister","og_url":"https:\/\/primaverde.com\/fr\/actualites\/","og_site_name":"Primaverde","article_publisher":"https:\/\/www.facebook.com\/PrimaverdeBV\/","article_modified_time":"2022-04-22T15:55:43+00:00","twitter_card":"summary_large_image","twitter_site":"@PrimaverdeBV","twitter_misc":{"Dur\u00e9e de lecture estim\u00e9e":"1 minute"},"schema":{"@context":"https:\/\/schema.org","@graph":[{"@type":"WebPage","@id":"https:\/\/primaverde.com\/fr\/actualites\/","url":"https:\/\/primaverde.com\/fr\/actualites\/","name":"Actualit\u00e9s relatives \u00e0 Primaverde - Primaverde","isPartOf":{"@id":"https:\/\/primaverde.com\/fr\/#website"},"datePublished":"2019-02-05T09:27:26+00:00","dateModified":"2022-04-22T15:55:43+00:00","description":"Toutes les nouvelles de Primaverde. D\u00e9couvrez par exemple les nouveaux produits et applications de PrimaCover, Curtain-Wall et FugenMeister","breadcrumb":{"@id":"https:\/\/primaverde.com\/fr\/actualites\/#breadcrumb"},"inLanguage":"fr-FR","potentialAction":[{"@type":"ReadAction","target":["https:\/\/primaverde.com\/fr\/actualites\/"]}]},{"@type":"BreadcrumbList","@id":"https:\/\/primaverde.com\/fr\/actualites\/#breadcrumb","itemListElement":[{"@type":"ListItem","position":1,"name":"Home","item":"https:\/\/primaverde.com\/fr\/"},{"@type":"ListItem","position":2,"name":"Actualit\u00e9s relatives \u00e0 Primaverde"}]},{"@type":"WebSite","@id":"https:\/\/primaverde.com\/fr\/#website","url":"https:\/\/primaverde.com\/fr\/","name":"Primaverde","description":"Covering material, protection, tapes, Beschermende materialen","publisher":{"@id":"https:\/\/primaverde.com\/fr\/#organization"},"potentialAction":[{"@type":"SearchAction","target":{"@type":"EntryPoint","urlTemplate":"https:\/\/primaverde.com\/fr\/?s={search_term_string}"},"query-input":{"@type":"PropertyValueSpecification","valueRequired":true,"valueName":"search_term_string"}}],"inLanguage":"fr-FR"},{"@type":"Organization","@id":"https:\/\/primaverde.com\/fr\/#organization","name":"Primaverde B.V.","url":"https:\/\/primaverde.com\/fr\/","logo":{"@type":"ImageObject","inLanguage":"fr-FR","@id":"https:\/\/primaverde.com\/fr\/#\/schema\/logo\/image\/","url":"https:\/\/primaverde.com\/wp-content\/uploads\/2015\/03\/Logo_Primaverde.jpg","contentUrl":"https:\/\/primaverde.com\/wp-content\/uploads\/2015\/03\/Logo_Primaverde.jpg","width":1170,"height":212,"caption":"Primaverde B.V."},"image":{"@id":"https:\/\/primaverde.com\/fr\/#\/schema\/logo\/image\/"},"sameAs":["https:\/\/www.facebook.com\/PrimaverdeBV\/","https:\/\/x.com\/PrimaverdeBV","https:\/\/nl.linkedin.com\/company\/primaverde","http:\/\/www.youtube.com\/channel\/UC3DwQqj8f8tatLdSFA0aWwA"]}]}},"_links":{"self":[{"href":"https:\/\/primaverde.com\/fr\/wp-json\/wp\/v2\/pages\/5698","targetHints":{"allow":["GET"]}}],"collection":[{"href":"https:\/\/primaverde.com\/fr\/wp-json\/wp\/v2\/pages"}],"about":[{"href":"https:\/\/primaverde.com\/fr\/wp-json\/wp\/v2\/types\/page"}],"author":[{"embeddable":true,"href":"https:\/\/primaverde.com\/fr\/wp-json\/wp\/v2\/users\/7"}],"replies":[{"embeddable":true,"href":"https:\/\/primaverde.com\/fr\/wp-json\/wp\/v2\/comments?post=5698"}],"version-history":[{"count":0,"href":"https:\/\/primaverde.com\/fr\/wp-json\/wp\/v2\/pages\/5698\/revisions"}],"wp:attachment":[{"href":"https:\/\/primaverde.com\/fr\/wp-json\/wp\/v2\/media?parent=5698"}],"curies":[{"name":"wp","href":"https:\/\/api.w.org\/{rel}","templated":true}]}}