{"id":6903,"date":"2019-06-13T10:53:19","date_gmt":"2019-06-13T09:53:19","guid":{"rendered":"https:\/\/primaverde.com\/?page_id=6903"},"modified":"2019-12-02T13:10:40","modified_gmt":"2019-12-02T12:10:40","slug":"support","status":"publish","type":"page","link":"https:\/\/primaverde.com\/fr\/support\/","title":{"rendered":"Soutien"},"content":{"rendered":"\n<h1 class=\"has-text-align-center wp-block-heading\">Support commercial et technique<\/h1>\n\n\n\n<h2 class=\"has-text-align-center wp-block-heading\">La fiabilit\u00e9 d&rsquo;un excellent<br>\n&nbsp; support technique et commercial de Primaverde<\/h2>\n\n\n\n<p><\/p>\n\n\n\n<div class=\"wp-block-columns has-2-columns is-layout-flex wp-container-core-columns-is-layout-9d6595d7 wp-block-columns-is-layout-flex\">\n<div class=\"wp-block-column is-layout-flow wp-block-column-is-layout-flow\">\n<figure class=\"wp-block-gallery columns-3 wp-block-gallery-1 is-layout-flex wp-block-gallery-is-layout-flex\"><ul class=\"blocks-gallery-grid\"><li class=\"blocks-gallery-item\"><figure><a href=\"https:\/\/primaverde.com\/wp-content\/uploads\/2015\/11\/PrimaCover0_logo_content_categorie_1-1.jpg\"><img loading=\"lazy\" decoding=\"async\" width=\"600\" height=\"399\" src=\"https:\/\/primaverde.com\/wp-content\/uploads\/2015\/11\/PrimaCover0_logo_content_categorie_1-1.jpg\" alt=\"PrimaCover afdekmateriaal\" data-id=\"2078\" data-link=\"https:\/\/primaverde.com\/primacover0_logo_content_categorie_1\/\" class=\"wp-image-2078\" srcset=\"https:\/\/primaverde.com\/wp-content\/uploads\/2015\/11\/PrimaCover0_logo_content_categorie_1-1.jpg 600w, https:\/\/primaverde.com\/wp-content\/uploads\/2015\/11\/PrimaCover0_logo_content_categorie_1-1-300x200.jpg 300w, https:\/\/primaverde.com\/wp-content\/uploads\/2015\/11\/PrimaCover0_logo_content_categorie_1-1-31x21.jpg 31w, https:\/\/primaverde.com\/wp-content\/uploads\/2015\/11\/PrimaCover0_logo_content_categorie_1-1-272x182.jpg 272w\" sizes=\"auto, (max-width: 600px) 100vw, 600px\" \/><\/a><\/figure><\/li><li class=\"blocks-gallery-item\"><figure><a href=\"https:\/\/primaverde.com\/wp-content\/uploads\/2019\/06\/PrimaCover6_logo_content_categorie_2-1200x798.jpg\"><img loading=\"lazy\" decoding=\"async\" width=\"1200\" height=\"798\" src=\"https:\/\/primaverde.com\/wp-content\/uploads\/2019\/06\/PrimaCover6_logo_content_categorie_2-1200x798.jpg\" alt=\"PrimaCover Robust - afdekvlies beton - vloer trap\" data-id=\"6868\" data-link=\"https:\/\/primaverde.com\/?attachment_id=6868#main\" class=\"wp-image-6868\" srcset=\"https:\/\/primaverde.com\/wp-content\/uploads\/2019\/06\/PrimaCover6_logo_content_categorie_2-1200x798.jpg 1200w, https:\/\/primaverde.com\/wp-content\/uploads\/2019\/06\/PrimaCover6_logo_content_categorie_2-600x399.jpg 600w, https:\/\/primaverde.com\/wp-content\/uploads\/2019\/06\/PrimaCover6_logo_content_categorie_2-300x200.jpg 300w, https:\/\/primaverde.com\/wp-content\/uploads\/2019\/06\/PrimaCover6_logo_content_categorie_2-768x511.jpg 768w\" sizes=\"auto, (max-width: 1200px) 100vw, 1200px\" \/><\/a><\/figure><\/li><li class=\"blocks-gallery-item\"><figure><a href=\"https:\/\/primaverde.com\/wp-content\/uploads\/2019\/06\/PrimaCover9_logo_content_categorie_2-1200x798.jpg\"><img loading=\"lazy\" decoding=\"async\" width=\"1200\" height=\"798\" src=\"https:\/\/primaverde.com\/wp-content\/uploads\/2019\/06\/PrimaCover9_logo_content_categorie_2-1200x798.jpg\" alt=\"PrimaCover Evapo - damp-open afdekvlies - hout - trap vloer\" data-id=\"6873\" data-link=\"https:\/\/primaverde.com\/?attachment_id=6873#main\" class=\"wp-image-6873\" srcset=\"https:\/\/primaverde.com\/wp-content\/uploads\/2019\/06\/PrimaCover9_logo_content_categorie_2-1200x798.jpg 1200w, https:\/\/primaverde.com\/wp-content\/uploads\/2019\/06\/PrimaCover9_logo_content_categorie_2-600x399.jpg 600w, https:\/\/primaverde.com\/wp-content\/uploads\/2019\/06\/PrimaCover9_logo_content_categorie_2-300x200.jpg 300w, https:\/\/primaverde.com\/wp-content\/uploads\/2019\/06\/PrimaCover9_logo_content_categorie_2-768x511.jpg 768w\" sizes=\"auto, (max-width: 1200px) 100vw, 1200px\" \/><\/a><\/figure><\/li><li class=\"blocks-gallery-item\"><figure><a href=\"https:\/\/primaverde.com\/wp-content\/uploads\/2019\/06\/PrimaCover10_logo_content_categorie_2-1200x798.jpg\"><img loading=\"lazy\" decoding=\"async\" width=\"1200\" height=\"798\" src=\"https:\/\/primaverde.com\/wp-content\/uploads\/2019\/06\/PrimaCover10_logo_content_categorie_2-1200x798.jpg\" alt=\"PrimaCover Standard - universeel zelfklevend afdekvlies\" data-id=\"6878\" data-link=\"https:\/\/primaverde.com\/?attachment_id=6878#main\" class=\"wp-image-6878\" srcset=\"https:\/\/primaverde.com\/wp-content\/uploads\/2019\/06\/PrimaCover10_logo_content_categorie_2-1200x798.jpg 1200w, https:\/\/primaverde.com\/wp-content\/uploads\/2019\/06\/PrimaCover10_logo_content_categorie_2-600x399.jpg 600w, https:\/\/primaverde.com\/wp-content\/uploads\/2019\/06\/PrimaCover10_logo_content_categorie_2-300x200.jpg 300w, https:\/\/primaverde.com\/wp-content\/uploads\/2019\/06\/PrimaCover10_logo_content_categorie_2-768x511.jpg 768w\" sizes=\"auto, (max-width: 1200px) 100vw, 1200px\" \/><\/a><\/figure><\/li><li class=\"blocks-gallery-item\"><figure><a href=\"https:\/\/primaverde.com\/wp-content\/uploads\/2019\/06\/PrimaCover11_logo_content_categorie_2-1200x798.jpg\"><img loading=\"lazy\" decoding=\"async\" width=\"1200\" height=\"798\" src=\"https:\/\/primaverde.com\/wp-content\/uploads\/2019\/06\/PrimaCover11_logo_content_categorie_2-1200x798.jpg\" alt=\"PrimaCover Standard - universeel zelfklevend afdekvlies - puin\" data-id=\"6883\" data-link=\"https:\/\/primaverde.com\/?attachment_id=6883#main\" class=\"wp-image-6883\" srcset=\"https:\/\/primaverde.com\/wp-content\/uploads\/2019\/06\/PrimaCover11_logo_content_categorie_2-1200x798.jpg 1200w, https:\/\/primaverde.com\/wp-content\/uploads\/2019\/06\/PrimaCover11_logo_content_categorie_2-600x399.jpg 600w, https:\/\/primaverde.com\/wp-content\/uploads\/2019\/06\/PrimaCover11_logo_content_categorie_2-300x200.jpg 300w, https:\/\/primaverde.com\/wp-content\/uploads\/2019\/06\/PrimaCover11_logo_content_categorie_2-768x511.jpg 768w\" sizes=\"auto, (max-width: 1200px) 100vw, 1200px\" \/><\/a><\/figure><\/li><li class=\"blocks-gallery-item\"><figure><a href=\"https:\/\/primaverde.com\/wp-content\/uploads\/2019\/06\/PrimaCover16_logo_content_categorie_2-1200x798.jpg\"><img loading=\"lazy\" decoding=\"async\" width=\"1200\" height=\"798\" src=\"https:\/\/primaverde.com\/wp-content\/uploads\/2019\/06\/PrimaCover16_logo_content_categorie_2-1200x798.jpg\" alt=\"PrimaCover Zipper Door A - ritsdoorgang - stofdeur\" data-id=\"6888\" data-link=\"https:\/\/primaverde.com\/?attachment_id=6888#main\" class=\"wp-image-6888\" srcset=\"https:\/\/primaverde.com\/wp-content\/uploads\/2019\/06\/PrimaCover16_logo_content_categorie_2-1200x798.jpg 1200w, https:\/\/primaverde.com\/wp-content\/uploads\/2019\/06\/PrimaCover16_logo_content_categorie_2-600x399.jpg 600w, https:\/\/primaverde.com\/wp-content\/uploads\/2019\/06\/PrimaCover16_logo_content_categorie_2-300x200.jpg 300w, https:\/\/primaverde.com\/wp-content\/uploads\/2019\/06\/PrimaCover16_logo_content_categorie_2-768x511.jpg 768w\" sizes=\"auto, (max-width: 1200px) 100vw, 1200px\" \/><\/a><\/figure><\/li><li class=\"blocks-gallery-item\"><figure><a href=\"https:\/\/primaverde.com\/wp-content\/uploads\/2019\/06\/PrimaCover30_logo_content_categorie_2-1200x798.jpg\"><img loading=\"lazy\" decoding=\"async\" width=\"1200\" height=\"798\" src=\"https:\/\/primaverde.com\/wp-content\/uploads\/2019\/06\/PrimaCover30_logo_content_categorie_2-1200x798.jpg\" alt=\"PrimaCover Active - ademend afdekvlies - praktijk\" data-id=\"6893\" data-link=\"https:\/\/primaverde.com\/?attachment_id=6893#main\" class=\"wp-image-6893\" srcset=\"https:\/\/primaverde.com\/wp-content\/uploads\/2019\/06\/PrimaCover30_logo_content_categorie_2-1200x798.jpg 1200w, https:\/\/primaverde.com\/wp-content\/uploads\/2019\/06\/PrimaCover30_logo_content_categorie_2-600x399.jpg 600w, https:\/\/primaverde.com\/wp-content\/uploads\/2019\/06\/PrimaCover30_logo_content_categorie_2-300x200.jpg 300w, https:\/\/primaverde.com\/wp-content\/uploads\/2019\/06\/PrimaCover30_logo_content_categorie_2-768x511.jpg 768w\" sizes=\"auto, (max-width: 1200px) 100vw, 1200px\" \/><\/a><\/figure><\/li><li class=\"blocks-gallery-item\"><figure><a href=\"https:\/\/primaverde.com\/wp-content\/uploads\/2015\/11\/PrimaCover1_logo_content_categorie_1-1.jpg\"><img loading=\"lazy\" decoding=\"async\" width=\"601\" height=\"399\" src=\"https:\/\/primaverde.com\/wp-content\/uploads\/2015\/11\/PrimaCover1_logo_content_categorie_1-1.jpg\" alt=\"PrimaCover Absorb - afdekvlies onderhoud techniek bescherming oplosmiddel olie ondergrond\" data-id=\"2079\" data-link=\"https:\/\/primaverde.com\/primacover1_logo_content_categorie_1\/\" class=\"wp-image-2079\" srcset=\"https:\/\/primaverde.com\/wp-content\/uploads\/2015\/11\/PrimaCover1_logo_content_categorie_1-1.jpg 601w, https:\/\/primaverde.com\/wp-content\/uploads\/2015\/11\/PrimaCover1_logo_content_categorie_1-1-300x199.jpg 300w, https:\/\/primaverde.com\/wp-content\/uploads\/2015\/11\/PrimaCover1_logo_content_categorie_1-1-600x398.jpg 600w, https:\/\/primaverde.com\/wp-content\/uploads\/2015\/11\/PrimaCover1_logo_content_categorie_1-1-31x21.jpg 31w, https:\/\/primaverde.com\/wp-content\/uploads\/2015\/11\/PrimaCover1_logo_content_categorie_1-1-272x182.jpg 272w\" sizes=\"auto, (max-width: 601px) 100vw, 601px\" \/><\/a><\/figure><\/li><\/ul><\/figure>\n<\/div>\n\n\n\n<div class=\"wp-block-column is-layout-flow wp-block-column-is-layout-flow\">\n<p>Primaverde fournit les plus grandes marques. Cependant, une marque premium ne se d\u00e9veloppe pas automatiquement. Cela n\u00e9cessite des soins, une attention, une connaissance du march\u00e9 et une attitude extr\u00eamement ax\u00e9e sur le client. Outre une qualit\u00e9 irr\u00e9prochable et \u00e9prouv\u00e9e, les revendeurs et les clients finaux ont \u00e9galement besoin d\u2019un excellent support.<\/p>\n\n\n\n<h2 class=\"wp-block-heading\">Support aux revendeurs<\/h2>\n\n\n\n<p>\u00cates-vous un revendeur de nos produits? Vous saurez alors \u00e0 quel point un bon support est important, \u00e0 la fois techniquement et commercialement. Ensemble, nous garantissons des utilisateurs finaux satisfaits et comp\u00e9tents et des projets r\u00e9ussis. Primaverde offre donc un support technique et commercial complet aux revendeurs. En tant que point de vente de nos produits, vous n&rsquo;\u00eates donc jamais seul.<\/p>\n\n\n\n<h3 class=\"wp-block-heading\">Support technique<\/h3>\n\n\n\n<p>Les produits techniques m\u00e9ritent le support technique ad\u00e9quat. Nos <a href=\"https:\/\/primaverde.com\/fr\/contact\/\">consultants <\/a>assurent par cons\u00e9quent une formation sur les produits et fournissent des conseils sur l&rsquo;application correcte des mat\u00e9riaux de couverture PrimaCover et des portes anti-poussi\u00e8re dans des situations sp\u00e9cifiques. Pour cette raison, ils peuvent \u00e9galement \u00eatre trouv\u00e9s r\u00e9guli\u00e8rement avec les clients finaux, les entrepreneurs, les entreprises de finition et les projets de construction. Il s\u2019agit souvent d\u2019une double visite au cours de laquelle l\u2019un des conseillers Primaverde se rend avec votre responsable de compte.<\/p>\n\n\n\n<h3 class=\"wp-block-heading\">Support commercial<\/h3>\n\n\n\n<p>Primaverde offre un support commercial de diff\u00e9rentes mani\u00e8res. L\u2019objectif est: un bon nom avec votre client et avec les utilisateurs de nos produits. Notre assortiment est soutenu en magasin par des pr\u00e9sentoirs et des \u00e9tag\u00e8res. En outre, notre approche du march\u00e9 se caract\u00e9rise par des emballages reconnaissables, des sites Web informatifs, des d\u00e9pliants, une approche m\u00e9diatique prudente et une participation \u00e0 des foires commerciales.<\/p>\n\n\n\n<h3 class=\"wp-block-heading\">\u00c9lectronique<\/h3>\n\n\n\n<p> Pour la promotion de nos marques, nous mettons \u00e0 la disposition de nos  revendeurs divers supports. Examinez les images de produits, les vid\u00e9os  promotionnelles et les fichiers de mise en page. Les revendeurs et les  grossistes b\u00e9n\u00e9ficient \u00e9galement de l&rsquo;\u00e9change automatis\u00e9 d&rsquo;informations  sur les articles via <a href=\"https:\/\/ez-base.nl\/fr\/\">EZ-Base<\/a> ou la facturation avec UBL. <\/p>\n\n\n\n<h2 class=\"wp-block-heading\">Label priv\u00e9<\/h2>\n\n\n\n<p>\u00c9galement se renseigner sur les options pour votre propre \u00e9tiquette priv\u00e9e ou imprimer. Votre <a href=\"https:\/\/primaverde.com\/fr\/contact\/\">conseiller Primaverde<\/a> vous dira tout sur les options et la quantit\u00e9 minimum de commande.<\/p>\n\n\n\n<h2 class=\"wp-block-heading\">Plus d&rsquo;informations<\/h2>\n\n\n\n<p>Nos produits sont disponibles dans les quincailleries, les quincailleries professionnelles et les marchands de peintres. N&rsquo;h\u00e9sitez pas \u00e0 contacter Primaverde si vous souhaitez en savoir plus sur nos marques et notre approche du march\u00e9. Nous sommes heureux de vous aider plus loin. N&rsquo;h\u00e9sitez pas et contactez-nous sans engagement.<\/p>\n<\/div>\n<\/div>\n\n\n\n<p><\/p>\n","protected":false},"excerpt":{"rendered":"<p>Support commercial et technique La fiabilit\u00e9 d&rsquo;un excellent &nbsp; support technique et commercial de Primaverde Primaverde fournit les plus grandes &#8230; <a title=\"Soutien\" class=\"read-more\" href=\"https:\/\/primaverde.com\/fr\/support\/\" aria-label=\"En savoir plus sur Soutien\">Lees verder&#8230;<\/a><\/p>\n","protected":false},"author":7,"featured_media":0,"parent":0,"menu_order":4,"comment_status":"closed","ping_status":"closed","template":"","meta":{"generate_page_header":"","footnotes":""},"class_list":{"0":"post-6903","1":"page","2":"type-page","3":"status-publish","5":"infinite-scroll-item"},"yoast_head":"<!-- This site is optimized with the Yoast SEO Premium plugin v26.8 (Yoast SEO v27.4) - https:\/\/yoast.com\/product\/yoast-seo-premium-wordpress\/ -->\n<title>Excellent support technique et commercial de Primaverde<\/title>\n<meta name=\"description\" content=\"La fiabilit\u00e9 d&#039;un excellent support technique et commercial de Primaverde.\" \/>\n<meta name=\"robots\" content=\"index, follow, max-snippet:-1, max-image-preview:large, max-video-preview:-1\" \/>\n<link rel=\"canonical\" href=\"https:\/\/primaverde.com\/fr\/support\/\" \/>\n<meta property=\"og:locale\" content=\"fr_FR\" \/>\n<meta property=\"og:type\" content=\"article\" \/>\n<meta property=\"og:title\" content=\"Soutien\" \/>\n<meta property=\"og:description\" content=\"La fiabilit\u00e9 d&#039;un excellent support technique et commercial de Primaverde.\" \/>\n<meta property=\"og:url\" content=\"https:\/\/primaverde.com\/fr\/support\/\" \/>\n<meta property=\"og:site_name\" content=\"Primaverde\" \/>\n<meta property=\"article:publisher\" content=\"https:\/\/www.facebook.com\/PrimaverdeBV\/\" \/>\n<meta property=\"article:modified_time\" content=\"2019-12-02T12:10:40+00:00\" \/>\n<meta property=\"og:image\" content=\"https:\/\/primaverde.com\/wp-content\/uploads\/2015\/11\/PrimaCover0_logo_content_categorie_1-1.jpg\" \/>\n<meta name=\"twitter:card\" content=\"summary_large_image\" \/>\n<meta name=\"twitter:site\" content=\"@PrimaverdeBV\" \/>\n<meta name=\"twitter:label1\" content=\"Dur\u00e9e de lecture estim\u00e9e\" \/>\n\t<meta name=\"twitter:data1\" content=\"2 minutes\" \/>\n<script type=\"application\/ld+json\" class=\"yoast-schema-graph\">{\"@context\":\"https:\\\/\\\/schema.org\",\"@graph\":[{\"@type\":\"WebPage\",\"@id\":\"https:\\\/\\\/primaverde.com\\\/fr\\\/support\\\/\",\"url\":\"https:\\\/\\\/primaverde.com\\\/fr\\\/support\\\/\",\"name\":\"Excellent support technique et commercial de Primaverde\",\"isPartOf\":{\"@id\":\"https:\\\/\\\/primaverde.com\\\/fr\\\/#website\"},\"primaryImageOfPage\":{\"@id\":\"https:\\\/\\\/primaverde.com\\\/fr\\\/support\\\/#primaryimage\"},\"image\":{\"@id\":\"https:\\\/\\\/primaverde.com\\\/fr\\\/support\\\/#primaryimage\"},\"thumbnailUrl\":\"https:\\\/\\\/primaverde.com\\\/wp-content\\\/uploads\\\/2015\\\/11\\\/PrimaCover0_logo_content_categorie_1-1.jpg\",\"datePublished\":\"2019-06-13T09:53:19+00:00\",\"dateModified\":\"2019-12-02T12:10:40+00:00\",\"description\":\"La fiabilit\u00e9 d'un excellent support technique et commercial de Primaverde.\",\"breadcrumb\":{\"@id\":\"https:\\\/\\\/primaverde.com\\\/fr\\\/support\\\/#breadcrumb\"},\"inLanguage\":\"fr-FR\",\"potentialAction\":[{\"@type\":\"ReadAction\",\"target\":[\"https:\\\/\\\/primaverde.com\\\/fr\\\/support\\\/\"]}]},{\"@type\":\"ImageObject\",\"inLanguage\":\"fr-FR\",\"@id\":\"https:\\\/\\\/primaverde.com\\\/fr\\\/support\\\/#primaryimage\",\"url\":\"https:\\\/\\\/primaverde.com\\\/wp-content\\\/uploads\\\/2015\\\/11\\\/PrimaCover0_logo_content_categorie_1-1.jpg\",\"contentUrl\":\"https:\\\/\\\/primaverde.com\\\/wp-content\\\/uploads\\\/2015\\\/11\\\/PrimaCover0_logo_content_categorie_1-1.jpg\"},{\"@type\":\"BreadcrumbList\",\"@id\":\"https:\\\/\\\/primaverde.com\\\/fr\\\/support\\\/#breadcrumb\",\"itemListElement\":[{\"@type\":\"ListItem\",\"position\":1,\"name\":\"Home\",\"item\":\"https:\\\/\\\/primaverde.com\\\/fr\\\/\"},{\"@type\":\"ListItem\",\"position\":2,\"name\":\"Soutien\"}]},{\"@type\":\"WebSite\",\"@id\":\"https:\\\/\\\/primaverde.com\\\/fr\\\/#website\",\"url\":\"https:\\\/\\\/primaverde.com\\\/fr\\\/\",\"name\":\"Primaverde\",\"description\":\"Covering material, protection, tapes, Beschermende materialen\",\"publisher\":{\"@id\":\"https:\\\/\\\/primaverde.com\\\/fr\\\/#organization\"},\"potentialAction\":[{\"@type\":\"SearchAction\",\"target\":{\"@type\":\"EntryPoint\",\"urlTemplate\":\"https:\\\/\\\/primaverde.com\\\/fr\\\/?s={search_term_string}\"},\"query-input\":{\"@type\":\"PropertyValueSpecification\",\"valueRequired\":true,\"valueName\":\"search_term_string\"}}],\"inLanguage\":\"fr-FR\"},{\"@type\":\"Organization\",\"@id\":\"https:\\\/\\\/primaverde.com\\\/fr\\\/#organization\",\"name\":\"Primaverde B.V.\",\"url\":\"https:\\\/\\\/primaverde.com\\\/fr\\\/\",\"logo\":{\"@type\":\"ImageObject\",\"inLanguage\":\"fr-FR\",\"@id\":\"https:\\\/\\\/primaverde.com\\\/fr\\\/#\\\/schema\\\/logo\\\/image\\\/\",\"url\":\"https:\\\/\\\/primaverde.com\\\/wp-content\\\/uploads\\\/2015\\\/03\\\/Logo_Primaverde.jpg\",\"contentUrl\":\"https:\\\/\\\/primaverde.com\\\/wp-content\\\/uploads\\\/2015\\\/03\\\/Logo_Primaverde.jpg\",\"width\":1170,\"height\":212,\"caption\":\"Primaverde B.V.\"},\"image\":{\"@id\":\"https:\\\/\\\/primaverde.com\\\/fr\\\/#\\\/schema\\\/logo\\\/image\\\/\"},\"sameAs\":[\"https:\\\/\\\/www.facebook.com\\\/PrimaverdeBV\\\/\",\"https:\\\/\\\/x.com\\\/PrimaverdeBV\",\"https:\\\/\\\/nl.linkedin.com\\\/company\\\/primaverde\",\"http:\\\/\\\/www.youtube.com\\\/channel\\\/UC3DwQqj8f8tatLdSFA0aWwA\"]}]}<\/script>\n<!-- \/ Yoast SEO Premium plugin. -->","yoast_head_json":{"title":"Excellent support technique et commercial de Primaverde","description":"La fiabilit\u00e9 d'un excellent support technique et commercial de Primaverde.","robots":{"index":"index","follow":"follow","max-snippet":"max-snippet:-1","max-image-preview":"max-image-preview:large","max-video-preview":"max-video-preview:-1"},"canonical":"https:\/\/primaverde.com\/fr\/support\/","og_locale":"fr_FR","og_type":"article","og_title":"Soutien","og_description":"La fiabilit\u00e9 d'un excellent support technique et commercial de Primaverde.","og_url":"https:\/\/primaverde.com\/fr\/support\/","og_site_name":"Primaverde","article_publisher":"https:\/\/www.facebook.com\/PrimaverdeBV\/","article_modified_time":"2019-12-02T12:10:40+00:00","og_image":[{"url":"https:\/\/primaverde.com\/wp-content\/uploads\/2015\/11\/PrimaCover0_logo_content_categorie_1-1.jpg","type":"","width":"","height":""}],"twitter_card":"summary_large_image","twitter_site":"@PrimaverdeBV","twitter_misc":{"Dur\u00e9e de lecture estim\u00e9e":"2 minutes"},"schema":{"@context":"https:\/\/schema.org","@graph":[{"@type":"WebPage","@id":"https:\/\/primaverde.com\/fr\/support\/","url":"https:\/\/primaverde.com\/fr\/support\/","name":"Excellent support technique et commercial de Primaverde","isPartOf":{"@id":"https:\/\/primaverde.com\/fr\/#website"},"primaryImageOfPage":{"@id":"https:\/\/primaverde.com\/fr\/support\/#primaryimage"},"image":{"@id":"https:\/\/primaverde.com\/fr\/support\/#primaryimage"},"thumbnailUrl":"https:\/\/primaverde.com\/wp-content\/uploads\/2015\/11\/PrimaCover0_logo_content_categorie_1-1.jpg","datePublished":"2019-06-13T09:53:19+00:00","dateModified":"2019-12-02T12:10:40+00:00","description":"La fiabilit\u00e9 d'un excellent support technique et commercial de Primaverde.","breadcrumb":{"@id":"https:\/\/primaverde.com\/fr\/support\/#breadcrumb"},"inLanguage":"fr-FR","potentialAction":[{"@type":"ReadAction","target":["https:\/\/primaverde.com\/fr\/support\/"]}]},{"@type":"ImageObject","inLanguage":"fr-FR","@id":"https:\/\/primaverde.com\/fr\/support\/#primaryimage","url":"https:\/\/primaverde.com\/wp-content\/uploads\/2015\/11\/PrimaCover0_logo_content_categorie_1-1.jpg","contentUrl":"https:\/\/primaverde.com\/wp-content\/uploads\/2015\/11\/PrimaCover0_logo_content_categorie_1-1.jpg"},{"@type":"BreadcrumbList","@id":"https:\/\/primaverde.com\/fr\/support\/#breadcrumb","itemListElement":[{"@type":"ListItem","position":1,"name":"Home","item":"https:\/\/primaverde.com\/fr\/"},{"@type":"ListItem","position":2,"name":"Soutien"}]},{"@type":"WebSite","@id":"https:\/\/primaverde.com\/fr\/#website","url":"https:\/\/primaverde.com\/fr\/","name":"Primaverde","description":"Covering material, protection, tapes, Beschermende materialen","publisher":{"@id":"https:\/\/primaverde.com\/fr\/#organization"},"potentialAction":[{"@type":"SearchAction","target":{"@type":"EntryPoint","urlTemplate":"https:\/\/primaverde.com\/fr\/?s={search_term_string}"},"query-input":{"@type":"PropertyValueSpecification","valueRequired":true,"valueName":"search_term_string"}}],"inLanguage":"fr-FR"},{"@type":"Organization","@id":"https:\/\/primaverde.com\/fr\/#organization","name":"Primaverde B.V.","url":"https:\/\/primaverde.com\/fr\/","logo":{"@type":"ImageObject","inLanguage":"fr-FR","@id":"https:\/\/primaverde.com\/fr\/#\/schema\/logo\/image\/","url":"https:\/\/primaverde.com\/wp-content\/uploads\/2015\/03\/Logo_Primaverde.jpg","contentUrl":"https:\/\/primaverde.com\/wp-content\/uploads\/2015\/03\/Logo_Primaverde.jpg","width":1170,"height":212,"caption":"Primaverde B.V."},"image":{"@id":"https:\/\/primaverde.com\/fr\/#\/schema\/logo\/image\/"},"sameAs":["https:\/\/www.facebook.com\/PrimaverdeBV\/","https:\/\/x.com\/PrimaverdeBV","https:\/\/nl.linkedin.com\/company\/primaverde","http:\/\/www.youtube.com\/channel\/UC3DwQqj8f8tatLdSFA0aWwA"]}]}},"_links":{"self":[{"href":"https:\/\/primaverde.com\/fr\/wp-json\/wp\/v2\/pages\/6903","targetHints":{"allow":["GET"]}}],"collection":[{"href":"https:\/\/primaverde.com\/fr\/wp-json\/wp\/v2\/pages"}],"about":[{"href":"https:\/\/primaverde.com\/fr\/wp-json\/wp\/v2\/types\/page"}],"author":[{"embeddable":true,"href":"https:\/\/primaverde.com\/fr\/wp-json\/wp\/v2\/users\/7"}],"replies":[{"embeddable":true,"href":"https:\/\/primaverde.com\/fr\/wp-json\/wp\/v2\/comments?post=6903"}],"version-history":[{"count":0,"href":"https:\/\/primaverde.com\/fr\/wp-json\/wp\/v2\/pages\/6903\/revisions"}],"wp:attachment":[{"href":"https:\/\/primaverde.com\/fr\/wp-json\/wp\/v2\/media?parent=6903"}],"curies":[{"name":"wp","href":"https:\/\/api.w.org\/{rel}","templated":true}]}}