{"id":6997,"date":"2019-06-19T08:29:19","date_gmt":"2019-06-19T07:29:19","guid":{"rendered":"https:\/\/primaverde.com\/?page_id=6997"},"modified":"2019-08-27T08:34:34","modified_gmt":"2019-08-27T07:34:34","slug":"conditions-generales-de-vente-et-de-livraison","status":"publish","type":"page","link":"https:\/\/primaverde.com\/fr\/conditions-generales-de-vente-et-de-livraison\/","title":{"rendered":"Conditions g\u00e9n\u00e9rales de vente et de livraison"},"content":{"rendered":"\n<h1 class=\"wp-block-heading\" style=\"text-align:center\">Conditions g\u00e9n\u00e9rales de vente et de livraison<\/h1>\n\n\n\n<h2 class=\"wp-block-heading\" style=\"text-align:center\">de Primaverde B.V.<\/h2>\n\n\n\n<div class=\"wp-block-columns has-3-columns is-layout-flex wp-container-core-columns-is-layout-9d6595d7 wp-block-columns-is-layout-flex\">\n<div class=\"wp-block-column is-layout-flow wp-block-column-is-layout-flow\">\n<h3 class=\"wp-block-heading\">Conditions g\u00e9n\u00e9rales de vente et de livraison<\/h3>\n\n\n\n<p>Nos conditions d&rsquo;achat d\u00e9pos\u00e9es aupr\u00e8s de la chambre de commerce d&rsquo;Eindhoven s&rsquo;appliquent \u00e0 toutes nos transactions d&rsquo;achat.<\/p>\n\n\n\n<p><a href=\"https:\/\/primaverde.com\/wp-content\/uploads\/2019\/08\/Algemene-voorwaarden-Primaverde-_FR-05-2019.pdf\">Veuillez cliquer ici pour conna\u00eetre nos conditions g\u00e9n\u00e9rales de vente et de livraison.<\/a><\/p>\n<\/div>\n\n\n\n<div class=\"wp-block-column is-layout-flow wp-block-column-is-layout-flow\">\n<h3 class=\"wp-block-heading\">D&rsquo;autres questions<\/h3>\n\n\n\n<p>En cas de questions sur nos livraisons et nos produits, veuillez nous le faire savoir! Nous sommes heureux de vous aider.<\/p>\n\n\n\n<p><a href=\"https:\/\/primaverde.com\/fr\/contact\/\">Veuillez cliquer ici pour toutes les informations de contact.<\/a><\/p>\n<\/div>\n\n\n\n<div class=\"wp-block-column is-layout-flow wp-block-column-is-layout-flow\">\n<figure class=\"wp-block-image\"><img loading=\"lazy\" decoding=\"async\" width=\"600\" height=\"399\" src=\"https:\/\/primaverde.com\/wp-content\/uploads\/2015\/03\/Primaverde12_content_expeditie1.jpg\" alt=\"Primaverde12_content_expeditie\" class=\"wp-image-26000\" srcset=\"https:\/\/primaverde.com\/wp-content\/uploads\/2015\/03\/Primaverde12_content_expeditie1.jpg 600w, https:\/\/primaverde.com\/wp-content\/uploads\/2015\/03\/Primaverde12_content_expeditie1-300x200.jpg 300w, https:\/\/primaverde.com\/wp-content\/uploads\/2015\/03\/Primaverde12_content_expeditie1-272x182.jpg 272w\" sizes=\"auto, (max-width: 600px) 100vw, 600px\" \/><\/figure>\n<\/div>\n<\/div>\n","protected":false},"excerpt":{"rendered":"<p>Conditions g\u00e9n\u00e9rales de vente et de livraison de Primaverde B.V. Conditions g\u00e9n\u00e9rales de vente et de livraison Nos conditions d&rsquo;achat &#8230; <a title=\"Conditions g\u00e9n\u00e9rales de vente et de livraison\" class=\"read-more\" href=\"https:\/\/primaverde.com\/fr\/conditions-generales-de-vente-et-de-livraison\/\" aria-label=\"En savoir plus sur Conditions g\u00e9n\u00e9rales de vente et de livraison\">Lees verder&#8230;<\/a><\/p>\n","protected":false},"author":6,"featured_media":0,"parent":0,"menu_order":1000,"comment_status":"closed","ping_status":"closed","template":"","meta":{"generate_page_header":"","footnotes":""},"class_list":{"0":"post-6997","1":"page","2":"type-page","3":"status-publish","5":"infinite-scroll-item"},"yoast_head":"<!-- This site is optimized with the Yoast SEO Premium plugin v26.8 (Yoast SEO v27.5) - https:\/\/yoast.com\/product\/yoast-seo-premium-wordpress\/ -->\n<title>Conditions g\u00e9n\u00e9rales de vente et de livraison - Primaverde<\/title>\n<meta name=\"robots\" content=\"index, follow, max-snippet:-1, max-image-preview:large, max-video-preview:-1\" \/>\n<link rel=\"canonical\" href=\"https:\/\/primaverde.com\/fr\/conditions-generales-de-vente-et-de-livraison\/\" \/>\n<meta property=\"og:locale\" content=\"fr_FR\" \/>\n<meta property=\"og:type\" content=\"article\" \/>\n<meta property=\"og:title\" content=\"Conditions g\u00e9n\u00e9rales de vente et de livraison\" \/>\n<meta property=\"og:description\" content=\"Conditions g\u00e9n\u00e9rales de vente et de livraison de Primaverde B.V. Conditions g\u00e9n\u00e9rales de vente et de livraison Nos conditions d&rsquo;achat ... Lees verder...\" \/>\n<meta property=\"og:url\" content=\"https:\/\/primaverde.com\/fr\/conditions-generales-de-vente-et-de-livraison\/\" \/>\n<meta property=\"og:site_name\" content=\"Primaverde\" \/>\n<meta property=\"article:publisher\" content=\"https:\/\/www.facebook.com\/PrimaverdeBV\/\" \/>\n<meta property=\"article:modified_time\" content=\"2019-08-27T07:34:34+00:00\" \/>\n<meta property=\"og:image\" content=\"https:\/\/primaverde.com\/wp-content\/uploads\/2015\/03\/Primaverde12_content_expeditie1.jpg\" \/>\n<meta name=\"twitter:card\" content=\"summary_large_image\" \/>\n<meta name=\"twitter:site\" content=\"@PrimaverdeBV\" \/>\n<script type=\"application\/ld+json\" class=\"yoast-schema-graph\">{\"@context\":\"https:\\\/\\\/schema.org\",\"@graph\":[{\"@type\":\"WebPage\",\"@id\":\"https:\\\/\\\/primaverde.com\\\/fr\\\/conditions-generales-de-vente-et-de-livraison\\\/\",\"url\":\"https:\\\/\\\/primaverde.com\\\/fr\\\/conditions-generales-de-vente-et-de-livraison\\\/\",\"name\":\"Conditions g\u00e9n\u00e9rales de vente et de livraison - Primaverde\",\"isPartOf\":{\"@id\":\"https:\\\/\\\/primaverde.com\\\/fr\\\/#website\"},\"primaryImageOfPage\":{\"@id\":\"https:\\\/\\\/primaverde.com\\\/fr\\\/conditions-generales-de-vente-et-de-livraison\\\/#primaryimage\"},\"image\":{\"@id\":\"https:\\\/\\\/primaverde.com\\\/fr\\\/conditions-generales-de-vente-et-de-livraison\\\/#primaryimage\"},\"thumbnailUrl\":\"https:\\\/\\\/primaverde.com\\\/wp-content\\\/uploads\\\/2015\\\/03\\\/Primaverde12_content_expeditie1.jpg\",\"datePublished\":\"2019-06-19T07:29:19+00:00\",\"dateModified\":\"2019-08-27T07:34:34+00:00\",\"breadcrumb\":{\"@id\":\"https:\\\/\\\/primaverde.com\\\/fr\\\/conditions-generales-de-vente-et-de-livraison\\\/#breadcrumb\"},\"inLanguage\":\"fr-FR\",\"potentialAction\":[{\"@type\":\"ReadAction\",\"target\":[\"https:\\\/\\\/primaverde.com\\\/fr\\\/conditions-generales-de-vente-et-de-livraison\\\/\"]}]},{\"@type\":\"ImageObject\",\"inLanguage\":\"fr-FR\",\"@id\":\"https:\\\/\\\/primaverde.com\\\/fr\\\/conditions-generales-de-vente-et-de-livraison\\\/#primaryimage\",\"url\":\"https:\\\/\\\/primaverde.com\\\/wp-content\\\/uploads\\\/2015\\\/03\\\/Primaverde12_content_expeditie1.jpg\",\"contentUrl\":\"https:\\\/\\\/primaverde.com\\\/wp-content\\\/uploads\\\/2015\\\/03\\\/Primaverde12_content_expeditie1.jpg\"},{\"@type\":\"BreadcrumbList\",\"@id\":\"https:\\\/\\\/primaverde.com\\\/fr\\\/conditions-generales-de-vente-et-de-livraison\\\/#breadcrumb\",\"itemListElement\":[{\"@type\":\"ListItem\",\"position\":1,\"name\":\"Home\",\"item\":\"https:\\\/\\\/primaverde.com\\\/fr\\\/\"},{\"@type\":\"ListItem\",\"position\":2,\"name\":\"Conditions g\u00e9n\u00e9rales de vente et de livraison\"}]},{\"@type\":\"WebSite\",\"@id\":\"https:\\\/\\\/primaverde.com\\\/fr\\\/#website\",\"url\":\"https:\\\/\\\/primaverde.com\\\/fr\\\/\",\"name\":\"Primaverde\",\"description\":\"Covering material, protection, tapes, Beschermende materialen\",\"publisher\":{\"@id\":\"https:\\\/\\\/primaverde.com\\\/fr\\\/#organization\"},\"potentialAction\":[{\"@type\":\"SearchAction\",\"target\":{\"@type\":\"EntryPoint\",\"urlTemplate\":\"https:\\\/\\\/primaverde.com\\\/fr\\\/?s={search_term_string}\"},\"query-input\":{\"@type\":\"PropertyValueSpecification\",\"valueRequired\":true,\"valueName\":\"search_term_string\"}}],\"inLanguage\":\"fr-FR\"},{\"@type\":\"Organization\",\"@id\":\"https:\\\/\\\/primaverde.com\\\/fr\\\/#organization\",\"name\":\"Primaverde B.V.\",\"url\":\"https:\\\/\\\/primaverde.com\\\/fr\\\/\",\"logo\":{\"@type\":\"ImageObject\",\"inLanguage\":\"fr-FR\",\"@id\":\"https:\\\/\\\/primaverde.com\\\/fr\\\/#\\\/schema\\\/logo\\\/image\\\/\",\"url\":\"https:\\\/\\\/primaverde.com\\\/wp-content\\\/uploads\\\/2015\\\/03\\\/Logo_Primaverde.jpg\",\"contentUrl\":\"https:\\\/\\\/primaverde.com\\\/wp-content\\\/uploads\\\/2015\\\/03\\\/Logo_Primaverde.jpg\",\"width\":1170,\"height\":212,\"caption\":\"Primaverde B.V.\"},\"image\":{\"@id\":\"https:\\\/\\\/primaverde.com\\\/fr\\\/#\\\/schema\\\/logo\\\/image\\\/\"},\"sameAs\":[\"https:\\\/\\\/www.facebook.com\\\/PrimaverdeBV\\\/\",\"https:\\\/\\\/x.com\\\/PrimaverdeBV\",\"https:\\\/\\\/nl.linkedin.com\\\/company\\\/primaverde\",\"http:\\\/\\\/www.youtube.com\\\/channel\\\/UC3DwQqj8f8tatLdSFA0aWwA\"]}]}<\/script>\n<!-- \/ Yoast SEO Premium plugin. -->","yoast_head_json":{"title":"Conditions g\u00e9n\u00e9rales de vente et de livraison - Primaverde","robots":{"index":"index","follow":"follow","max-snippet":"max-snippet:-1","max-image-preview":"max-image-preview:large","max-video-preview":"max-video-preview:-1"},"canonical":"https:\/\/primaverde.com\/fr\/conditions-generales-de-vente-et-de-livraison\/","og_locale":"fr_FR","og_type":"article","og_title":"Conditions g\u00e9n\u00e9rales de vente et de livraison","og_description":"Conditions g\u00e9n\u00e9rales de vente et de livraison de Primaverde B.V. Conditions g\u00e9n\u00e9rales de vente et de livraison Nos conditions d&rsquo;achat ... Lees verder...","og_url":"https:\/\/primaverde.com\/fr\/conditions-generales-de-vente-et-de-livraison\/","og_site_name":"Primaverde","article_publisher":"https:\/\/www.facebook.com\/PrimaverdeBV\/","article_modified_time":"2019-08-27T07:34:34+00:00","og_image":[{"url":"https:\/\/primaverde.com\/wp-content\/uploads\/2015\/03\/Primaverde12_content_expeditie1.jpg","type":"","width":"","height":""}],"twitter_card":"summary_large_image","twitter_site":"@PrimaverdeBV","schema":{"@context":"https:\/\/schema.org","@graph":[{"@type":"WebPage","@id":"https:\/\/primaverde.com\/fr\/conditions-generales-de-vente-et-de-livraison\/","url":"https:\/\/primaverde.com\/fr\/conditions-generales-de-vente-et-de-livraison\/","name":"Conditions g\u00e9n\u00e9rales de vente et de livraison - Primaverde","isPartOf":{"@id":"https:\/\/primaverde.com\/fr\/#website"},"primaryImageOfPage":{"@id":"https:\/\/primaverde.com\/fr\/conditions-generales-de-vente-et-de-livraison\/#primaryimage"},"image":{"@id":"https:\/\/primaverde.com\/fr\/conditions-generales-de-vente-et-de-livraison\/#primaryimage"},"thumbnailUrl":"https:\/\/primaverde.com\/wp-content\/uploads\/2015\/03\/Primaverde12_content_expeditie1.jpg","datePublished":"2019-06-19T07:29:19+00:00","dateModified":"2019-08-27T07:34:34+00:00","breadcrumb":{"@id":"https:\/\/primaverde.com\/fr\/conditions-generales-de-vente-et-de-livraison\/#breadcrumb"},"inLanguage":"fr-FR","potentialAction":[{"@type":"ReadAction","target":["https:\/\/primaverde.com\/fr\/conditions-generales-de-vente-et-de-livraison\/"]}]},{"@type":"ImageObject","inLanguage":"fr-FR","@id":"https:\/\/primaverde.com\/fr\/conditions-generales-de-vente-et-de-livraison\/#primaryimage","url":"https:\/\/primaverde.com\/wp-content\/uploads\/2015\/03\/Primaverde12_content_expeditie1.jpg","contentUrl":"https:\/\/primaverde.com\/wp-content\/uploads\/2015\/03\/Primaverde12_content_expeditie1.jpg"},{"@type":"BreadcrumbList","@id":"https:\/\/primaverde.com\/fr\/conditions-generales-de-vente-et-de-livraison\/#breadcrumb","itemListElement":[{"@type":"ListItem","position":1,"name":"Home","item":"https:\/\/primaverde.com\/fr\/"},{"@type":"ListItem","position":2,"name":"Conditions g\u00e9n\u00e9rales de vente et de livraison"}]},{"@type":"WebSite","@id":"https:\/\/primaverde.com\/fr\/#website","url":"https:\/\/primaverde.com\/fr\/","name":"Primaverde","description":"Covering material, protection, tapes, Beschermende materialen","publisher":{"@id":"https:\/\/primaverde.com\/fr\/#organization"},"potentialAction":[{"@type":"SearchAction","target":{"@type":"EntryPoint","urlTemplate":"https:\/\/primaverde.com\/fr\/?s={search_term_string}"},"query-input":{"@type":"PropertyValueSpecification","valueRequired":true,"valueName":"search_term_string"}}],"inLanguage":"fr-FR"},{"@type":"Organization","@id":"https:\/\/primaverde.com\/fr\/#organization","name":"Primaverde B.V.","url":"https:\/\/primaverde.com\/fr\/","logo":{"@type":"ImageObject","inLanguage":"fr-FR","@id":"https:\/\/primaverde.com\/fr\/#\/schema\/logo\/image\/","url":"https:\/\/primaverde.com\/wp-content\/uploads\/2015\/03\/Logo_Primaverde.jpg","contentUrl":"https:\/\/primaverde.com\/wp-content\/uploads\/2015\/03\/Logo_Primaverde.jpg","width":1170,"height":212,"caption":"Primaverde B.V."},"image":{"@id":"https:\/\/primaverde.com\/fr\/#\/schema\/logo\/image\/"},"sameAs":["https:\/\/www.facebook.com\/PrimaverdeBV\/","https:\/\/x.com\/PrimaverdeBV","https:\/\/nl.linkedin.com\/company\/primaverde","http:\/\/www.youtube.com\/channel\/UC3DwQqj8f8tatLdSFA0aWwA"]}]}},"_links":{"self":[{"href":"https:\/\/primaverde.com\/fr\/wp-json\/wp\/v2\/pages\/6997","targetHints":{"allow":["GET"]}}],"collection":[{"href":"https:\/\/primaverde.com\/fr\/wp-json\/wp\/v2\/pages"}],"about":[{"href":"https:\/\/primaverde.com\/fr\/wp-json\/wp\/v2\/types\/page"}],"author":[{"embeddable":true,"href":"https:\/\/primaverde.com\/fr\/wp-json\/wp\/v2\/users\/6"}],"replies":[{"embeddable":true,"href":"https:\/\/primaverde.com\/fr\/wp-json\/wp\/v2\/comments?post=6997"}],"version-history":[{"count":0,"href":"https:\/\/primaverde.com\/fr\/wp-json\/wp\/v2\/pages\/6997\/revisions"}],"wp:attachment":[{"href":"https:\/\/primaverde.com\/fr\/wp-json\/wp\/v2\/media?parent=6997"}],"curies":[{"name":"wp","href":"https:\/\/api.w.org\/{rel}","templated":true}]}}