{"id":42910,"date":"2024-07-03T15:53:07","date_gmt":"2024-07-03T14:53:07","guid":{"rendered":"https:\/\/primaverde.com\/product\/ram-board-floor-protection\/"},"modified":"2026-04-15T14:40:05","modified_gmt":"2026-04-15T13:40:05","slug":"ram-board-floor-protection","status":"publish","type":"product","link":"https:\/\/primaverde.com\/fr\/produit\/ram-board-floor-protection\/","title":{"rendered":"Ram Board Floor Protection"},"content":{"rendered":"<h2>La protection durable du sol pour le chantier de construction<\/h2>\n<p>Protection de sol Ram Board pour le chantier de construction. Extra fort, extra durable. Prot\u00e8ge contre les conditions les plus difficiles. Convient \u00e0 tous les sols, m\u00eame les nouveaux. Ram Board est respirant, donc pendant que le sol est blind\u00e9, la surface peut continuer \u00e0 s\u00e9cher.<\/p>\n<p><strong>Propri\u00e9t\u00e9s:<\/strong><\/p>\n<ul>\n<li>Protection du sol \u00e0 usage intensif<\/li>\n<li>Fabriqu\u00e9 \u00e0 partir de carton recycl\u00e9<\/li>\n<li>Rapide \u00e0 mettre en place<\/li>\n<li>Wall Guard \u2013 des lignes de pliage uniques pour la protection des murs<\/li>\n<li>Vapor-Cure \u2013 convient \u00e9galement aux nouveaux sols<\/li>\n<li>Flex-Fiber \u2013 structure renforc\u00e9e de fibres<\/li>\n<li>Spill Guard : protection \u00e9tanche aux liquides<\/li>\n<li>Recycl\u00e9 \/ Recyclable<\/li>\n<li>Certifi\u00e9 FSC<\/li>\n<\/ul>\n","protected":false},"excerpt":{"rendered":"<h2>La protection durable du sol pour le chantier de construction<\/h2>\n<p>Protection de sol Ram Board pour le chantier de construction. Extra fort, extra durable. Prot\u00e8ge contre les conditions les plus difficiles. Convient \u00e0 tous les sols, m\u00eame les nouveaux. Ram Board est respirant, donc pendant que le sol est blind\u00e9, la surface peut continuer \u00e0 s\u00e9cher.<\/p>\n<p><strong>Propri\u00e9t\u00e9s:<\/strong><\/p>\n<ul>\n<li>Protection du sol \u00e0 usage intensif<\/li>\n<li>Fabriqu\u00e9 \u00e0 partir de carton recycl\u00e9<\/li>\n<li>Rapide \u00e0 mettre en place<\/li>\n<li>Wall Guard \u2013 des lignes de pliage uniques pour la protection des murs<\/li>\n<li>Vapor-Cure \u2013 convient \u00e9galement aux nouveaux sols<\/li>\n<li>Flex-Fiber \u2013 structure renforc\u00e9e de fibres<\/li>\n<li>Spill Guard : protection \u00e9tanche aux liquides<\/li>\n<li>Recycl\u00e9 \/ Recyclable<\/li>\n<li>Certifi\u00e9 FSC<\/li>\n<\/ul>\n","protected":false},"featured_media":45818,"comment_status":"closed","ping_status":"closed","template":"","meta":{"generate_page_header":""},"product_brand":[],"product_cat":[5739],"product_tag":[],"class_list":{"0":"post-42910","1":"product","2":"type-product","3":"status-publish","4":"has-post-thumbnail","6":"product_cat-ramboard","7":"infinite-scroll-item","8":"","9":"woocommerce-text-align-left","10":"woocommerce-image-align-center","11":"wc-has-gallery","13":"first","14":"instock","15":"shipping-taxable","16":"product-type-simple"},"yoast_head":"<!-- This site is optimized with the Yoast SEO Premium plugin v26.8 (Yoast SEO v27.4) - https:\/\/yoast.com\/product\/yoast-seo-premium-wordpress\/ -->\n<title>Ram Board Floor Protection - Primaverde<\/title>\n<meta name=\"robots\" content=\"index, follow, max-snippet:-1, max-image-preview:large, max-video-preview:-1\" \/>\n<link rel=\"canonical\" href=\"https:\/\/primaverde.com\/fr\/produit\/ram-board-floor-protection\/\" \/>\n<meta property=\"og:locale\" content=\"fr_FR\" \/>\n<meta property=\"og:type\" content=\"article\" \/>\n<meta property=\"og:title\" content=\"Ram Board Floor Protection\" \/>\n<meta property=\"og:description\" content=\"La protection durable du sol pour le chantier de constructionProtection de sol Ram Board pour le chantier de construction. Extra fort, extra durable. Prot\u00e8ge contre les conditions les plus difficiles. Convient \u00e0 tous les sols, m\u00eame les nouveaux. Ram Board est respirant, donc pendant que le sol est blind\u00e9, la surface peut continuer \u00e0 s\u00e9cher.Propri\u00e9t\u00e9s:Protection du sol \u00e0 usage intensifFabriqu\u00e9 \u00e0 partir de carton recycl\u00e9Rapide \u00e0 mettre en placeWall Guard \u2013 des lignes de pliage uniques pour la protection des mursVapor-Cure \u2013 convient \u00e9galement aux nouveaux solsFlex-Fiber \u2013 structure renforc\u00e9e de fibresSpill Guard : protection \u00e9tanche aux liquidesRecycl\u00e9 \/ RecyclableCertifi\u00e9 FSC\" \/>\n<meta property=\"og:url\" content=\"https:\/\/primaverde.com\/fr\/produit\/ram-board-floor-protection\/\" \/>\n<meta property=\"og:site_name\" content=\"Primaverde\" \/>\n<meta property=\"article:publisher\" content=\"https:\/\/www.facebook.com\/PrimaverdeBV\/\" \/>\n<meta property=\"article:modified_time\" content=\"2026-04-15T13:40:05+00:00\" \/>\n<meta property=\"og:image\" content=\"https:\/\/primaverde.com\/wp-content\/uploads\/2021\/06\/RamBoard_floor_protection_vloerbescherming_afdekken_rol.jpg\" \/>\n\t<meta property=\"og:image:width\" content=\"600\" \/>\n\t<meta property=\"og:image:height\" content=\"600\" \/>\n\t<meta property=\"og:image:type\" content=\"image\/jpeg\" \/>\n<meta name=\"twitter:card\" content=\"summary_large_image\" \/>\n<meta name=\"twitter:site\" content=\"@PrimaverdeBV\" \/>\n<meta name=\"twitter:label1\" content=\"Dur\u00e9e de lecture estim\u00e9e\" \/>\n\t<meta name=\"twitter:data1\" content=\"1 minute\" \/>\n<script type=\"application\/ld+json\" class=\"yoast-schema-graph\">{\"@context\":\"https:\\\/\\\/schema.org\",\"@graph\":[{\"@type\":\"WebPage\",\"@id\":\"https:\\\/\\\/primaverde.com\\\/fr\\\/produit\\\/ram-board-floor-protection\\\/\",\"url\":\"https:\\\/\\\/primaverde.com\\\/fr\\\/produit\\\/ram-board-floor-protection\\\/\",\"name\":\"Ram Board Floor Protection - Primaverde\",\"isPartOf\":{\"@id\":\"https:\\\/\\\/primaverde.com\\\/fr\\\/#website\"},\"primaryImageOfPage\":{\"@id\":\"https:\\\/\\\/primaverde.com\\\/fr\\\/produit\\\/ram-board-floor-protection\\\/#primaryimage\"},\"image\":{\"@id\":\"https:\\\/\\\/primaverde.com\\\/fr\\\/produit\\\/ram-board-floor-protection\\\/#primaryimage\"},\"thumbnailUrl\":\"https:\\\/\\\/primaverde.com\\\/wp-content\\\/uploads\\\/2024\\\/07\\\/FloorProtection_P0NZ_s06.png\",\"datePublished\":\"2024-07-03T14:53:07+00:00\",\"dateModified\":\"2026-04-15T13:40:05+00:00\",\"breadcrumb\":{\"@id\":\"https:\\\/\\\/primaverde.com\\\/fr\\\/produit\\\/ram-board-floor-protection\\\/#breadcrumb\"},\"inLanguage\":\"fr-FR\",\"potentialAction\":[{\"@type\":\"ReadAction\",\"target\":[\"https:\\\/\\\/primaverde.com\\\/fr\\\/produit\\\/ram-board-floor-protection\\\/\"]}]},{\"@type\":\"ImageObject\",\"inLanguage\":\"fr-FR\",\"@id\":\"https:\\\/\\\/primaverde.com\\\/fr\\\/produit\\\/ram-board-floor-protection\\\/#primaryimage\",\"url\":\"https:\\\/\\\/primaverde.com\\\/wp-content\\\/uploads\\\/2024\\\/07\\\/FloorProtection_P0NZ_s06.png\",\"contentUrl\":\"https:\\\/\\\/primaverde.com\\\/wp-content\\\/uploads\\\/2024\\\/07\\\/FloorProtection_P0NZ_s06.png\",\"width\":600,\"height\":600},{\"@type\":\"BreadcrumbList\",\"@id\":\"https:\\\/\\\/primaverde.com\\\/fr\\\/produit\\\/ram-board-floor-protection\\\/#breadcrumb\",\"itemListElement\":[{\"@type\":\"ListItem\",\"position\":1,\"name\":\"Home\",\"item\":\"https:\\\/\\\/primaverde.com\\\/fr\\\/\"},{\"@type\":\"ListItem\",\"position\":2,\"name\":\"Boutique\",\"item\":\"https:\\\/\\\/primaverde.com\\\/fr\\\/boutique\\\/\"},{\"@type\":\"ListItem\",\"position\":3,\"name\":\"Ram Board Floor Protection\"}]},{\"@type\":\"WebSite\",\"@id\":\"https:\\\/\\\/primaverde.com\\\/fr\\\/#website\",\"url\":\"https:\\\/\\\/primaverde.com\\\/fr\\\/\",\"name\":\"Primaverde\",\"description\":\"Covering material, protection, tapes, Beschermende materialen\",\"publisher\":{\"@id\":\"https:\\\/\\\/primaverde.com\\\/fr\\\/#organization\"},\"potentialAction\":[{\"@type\":\"SearchAction\",\"target\":{\"@type\":\"EntryPoint\",\"urlTemplate\":\"https:\\\/\\\/primaverde.com\\\/fr\\\/?s={search_term_string}\"},\"query-input\":{\"@type\":\"PropertyValueSpecification\",\"valueRequired\":true,\"valueName\":\"search_term_string\"}}],\"inLanguage\":\"fr-FR\"},{\"@type\":\"Organization\",\"@id\":\"https:\\\/\\\/primaverde.com\\\/fr\\\/#organization\",\"name\":\"Primaverde B.V.\",\"url\":\"https:\\\/\\\/primaverde.com\\\/fr\\\/\",\"logo\":{\"@type\":\"ImageObject\",\"inLanguage\":\"fr-FR\",\"@id\":\"https:\\\/\\\/primaverde.com\\\/fr\\\/#\\\/schema\\\/logo\\\/image\\\/\",\"url\":\"https:\\\/\\\/primaverde.com\\\/wp-content\\\/uploads\\\/2015\\\/03\\\/Logo_Primaverde.jpg\",\"contentUrl\":\"https:\\\/\\\/primaverde.com\\\/wp-content\\\/uploads\\\/2015\\\/03\\\/Logo_Primaverde.jpg\",\"width\":1170,\"height\":212,\"caption\":\"Primaverde B.V.\"},\"image\":{\"@id\":\"https:\\\/\\\/primaverde.com\\\/fr\\\/#\\\/schema\\\/logo\\\/image\\\/\"},\"sameAs\":[\"https:\\\/\\\/www.facebook.com\\\/PrimaverdeBV\\\/\",\"https:\\\/\\\/x.com\\\/PrimaverdeBV\",\"https:\\\/\\\/nl.linkedin.com\\\/company\\\/primaverde\",\"http:\\\/\\\/www.youtube.com\\\/channel\\\/UC3DwQqj8f8tatLdSFA0aWwA\"]}]}<\/script>\n<!-- \/ Yoast SEO Premium plugin. -->","yoast_head_json":{"title":"Ram Board Floor Protection - Primaverde","robots":{"index":"index","follow":"follow","max-snippet":"max-snippet:-1","max-image-preview":"max-image-preview:large","max-video-preview":"max-video-preview:-1"},"canonical":"https:\/\/primaverde.com\/fr\/produit\/ram-board-floor-protection\/","og_locale":"fr_FR","og_type":"article","og_title":"Ram Board Floor Protection","og_description":"La protection durable du sol pour le chantier de constructionProtection de sol Ram Board pour le chantier de construction. Extra fort, extra durable. Prot\u00e8ge contre les conditions les plus difficiles. Convient \u00e0 tous les sols, m\u00eame les nouveaux. Ram Board est respirant, donc pendant que le sol est blind\u00e9, la surface peut continuer \u00e0 s\u00e9cher.Propri\u00e9t\u00e9s:Protection du sol \u00e0 usage intensifFabriqu\u00e9 \u00e0 partir de carton recycl\u00e9Rapide \u00e0 mettre en placeWall Guard \u2013 des lignes de pliage uniques pour la protection des mursVapor-Cure \u2013 convient \u00e9galement aux nouveaux solsFlex-Fiber \u2013 structure renforc\u00e9e de fibresSpill Guard : protection \u00e9tanche aux liquidesRecycl\u00e9 \/ RecyclableCertifi\u00e9 FSC","og_url":"https:\/\/primaverde.com\/fr\/produit\/ram-board-floor-protection\/","og_site_name":"Primaverde","article_publisher":"https:\/\/www.facebook.com\/PrimaverdeBV\/","article_modified_time":"2026-04-15T13:40:05+00:00","og_image":[{"width":600,"height":600,"url":"https:\/\/primaverde.com\/wp-content\/uploads\/2021\/06\/RamBoard_floor_protection_vloerbescherming_afdekken_rol.jpg","type":"image\/jpeg"}],"twitter_card":"summary_large_image","twitter_site":"@PrimaverdeBV","twitter_misc":{"Dur\u00e9e de lecture estim\u00e9e":"1 minute"},"schema":{"@context":"https:\/\/schema.org","@graph":[{"@type":"WebPage","@id":"https:\/\/primaverde.com\/fr\/produit\/ram-board-floor-protection\/","url":"https:\/\/primaverde.com\/fr\/produit\/ram-board-floor-protection\/","name":"Ram Board Floor Protection - Primaverde","isPartOf":{"@id":"https:\/\/primaverde.com\/fr\/#website"},"primaryImageOfPage":{"@id":"https:\/\/primaverde.com\/fr\/produit\/ram-board-floor-protection\/#primaryimage"},"image":{"@id":"https:\/\/primaverde.com\/fr\/produit\/ram-board-floor-protection\/#primaryimage"},"thumbnailUrl":"https:\/\/primaverde.com\/wp-content\/uploads\/2024\/07\/FloorProtection_P0NZ_s06.png","datePublished":"2024-07-03T14:53:07+00:00","dateModified":"2026-04-15T13:40:05+00:00","breadcrumb":{"@id":"https:\/\/primaverde.com\/fr\/produit\/ram-board-floor-protection\/#breadcrumb"},"inLanguage":"fr-FR","potentialAction":[{"@type":"ReadAction","target":["https:\/\/primaverde.com\/fr\/produit\/ram-board-floor-protection\/"]}]},{"@type":"ImageObject","inLanguage":"fr-FR","@id":"https:\/\/primaverde.com\/fr\/produit\/ram-board-floor-protection\/#primaryimage","url":"https:\/\/primaverde.com\/wp-content\/uploads\/2024\/07\/FloorProtection_P0NZ_s06.png","contentUrl":"https:\/\/primaverde.com\/wp-content\/uploads\/2024\/07\/FloorProtection_P0NZ_s06.png","width":600,"height":600},{"@type":"BreadcrumbList","@id":"https:\/\/primaverde.com\/fr\/produit\/ram-board-floor-protection\/#breadcrumb","itemListElement":[{"@type":"ListItem","position":1,"name":"Home","item":"https:\/\/primaverde.com\/fr\/"},{"@type":"ListItem","position":2,"name":"Boutique","item":"https:\/\/primaverde.com\/fr\/boutique\/"},{"@type":"ListItem","position":3,"name":"Ram Board Floor Protection"}]},{"@type":"WebSite","@id":"https:\/\/primaverde.com\/fr\/#website","url":"https:\/\/primaverde.com\/fr\/","name":"Primaverde","description":"Covering material, protection, tapes, Beschermende materialen","publisher":{"@id":"https:\/\/primaverde.com\/fr\/#organization"},"potentialAction":[{"@type":"SearchAction","target":{"@type":"EntryPoint","urlTemplate":"https:\/\/primaverde.com\/fr\/?s={search_term_string}"},"query-input":{"@type":"PropertyValueSpecification","valueRequired":true,"valueName":"search_term_string"}}],"inLanguage":"fr-FR"},{"@type":"Organization","@id":"https:\/\/primaverde.com\/fr\/#organization","name":"Primaverde B.V.","url":"https:\/\/primaverde.com\/fr\/","logo":{"@type":"ImageObject","inLanguage":"fr-FR","@id":"https:\/\/primaverde.com\/fr\/#\/schema\/logo\/image\/","url":"https:\/\/primaverde.com\/wp-content\/uploads\/2015\/03\/Logo_Primaverde.jpg","contentUrl":"https:\/\/primaverde.com\/wp-content\/uploads\/2015\/03\/Logo_Primaverde.jpg","width":1170,"height":212,"caption":"Primaverde B.V."},"image":{"@id":"https:\/\/primaverde.com\/fr\/#\/schema\/logo\/image\/"},"sameAs":["https:\/\/www.facebook.com\/PrimaverdeBV\/","https:\/\/x.com\/PrimaverdeBV","https:\/\/nl.linkedin.com\/company\/primaverde","http:\/\/www.youtube.com\/channel\/UC3DwQqj8f8tatLdSFA0aWwA"]}]}},"_links":{"self":[{"href":"https:\/\/primaverde.com\/fr\/wp-json\/wp\/v2\/product\/42910","targetHints":{"allow":["GET"]}}],"collection":[{"href":"https:\/\/primaverde.com\/fr\/wp-json\/wp\/v2\/product"}],"about":[{"href":"https:\/\/primaverde.com\/fr\/wp-json\/wp\/v2\/types\/product"}],"replies":[{"embeddable":true,"href":"https:\/\/primaverde.com\/fr\/wp-json\/wp\/v2\/comments?post=42910"}],"wp:featuredmedia":[{"embeddable":true,"href":"https:\/\/primaverde.com\/fr\/wp-json\/wp\/v2\/media\/45818"}],"wp:attachment":[{"href":"https:\/\/primaverde.com\/fr\/wp-json\/wp\/v2\/media?parent=42910"}],"wp:term":[{"taxonomy":"product_brand","embeddable":true,"href":"https:\/\/primaverde.com\/fr\/wp-json\/wp\/v2\/product_brand?post=42910"},{"taxonomy":"product_cat","embeddable":true,"href":"https:\/\/primaverde.com\/fr\/wp-json\/wp\/v2\/product_cat?post=42910"},{"taxonomy":"product_tag","embeddable":true,"href":"https:\/\/primaverde.com\/fr\/wp-json\/wp\/v2\/product_tag?post=42910"}],"curies":[{"name":"wp","href":"https:\/\/api.w.org\/{rel}","templated":true}]}}