{"id":42971,"date":"2024-07-04T12:59:51","date_gmt":"2024-07-04T11:59:51","guid":{"rendered":"https:\/\/primaverde.com\/product\/fugenmeister-spatula\/"},"modified":"2026-04-15T14:38:55","modified_gmt":"2026-04-15T13:38:55","slug":"fugenmeister-spatula","status":"publish","type":"product","link":"https:\/\/primaverde.com\/fr\/produit\/fugenmeister-spatula\/","title":{"rendered":"FugenMeister Spatula"},"content":{"rendered":"<h2>Spatules \u00e0 mastic<\/h2>\n<p>Les spatules \u00e0 mastic Fugenmeister sont des outils ergonomiques et fonctionnels destin\u00e9s \u00e0 lisser les joints de mastic. Les spatules \u00e0 mastic permettent de r\u00e9aliser des joints stables et r\u00e9sistants, m\u00eame dans les endroits difficiles d&rsquo;acc\u00e8s. Les joints de dilatation, les joints de raccordement et les joints d&rsquo;angle sont faciles \u00e0 r\u00e9aliser et \u00e9tanches gr\u00e2ce \u00e0 ces spatules Fugenmeister.<\/p>\n<p><strong>Propri\u00e9t\u00e9s:<\/strong><\/p>\n<ul>\n<li>Pour lisser les joints d&rsquo;\u00e9tanch\u00e9it\u00e9.<\/li>\n<li>Convient aux joints d&rsquo;angle, de dilatation et de raccordement.<\/li>\n<li>Egalement pour les endroits difficiles d&rsquo;acc\u00e8s.<\/li>\n<li>Diff\u00e9rentes tailles en 1 spatule.<\/li>\n<\/ul>\n","protected":false},"excerpt":{"rendered":"<h2>Spatules \u00e0 mastic<\/h2>\n<p>Les spatules \u00e0 mastic Fugenmeister sont des outils ergonomiques et fonctionnels destin\u00e9s \u00e0 lisser les joints de mastic. Les spatules \u00e0 mastic permettent de r\u00e9aliser des joints stables et r\u00e9sistants, m\u00eame dans les endroits difficiles d&rsquo;acc\u00e8s. Les joints de dilatation, les joints de raccordement et les joints d&rsquo;angle sont faciles \u00e0 r\u00e9aliser et \u00e9tanches gr\u00e2ce \u00e0 ces spatules Fugenmeister.<\/p>\n<p><strong>Propri\u00e9t\u00e9s:<\/strong><\/p>\n<ul>\n<li>Pour lisser les joints d&rsquo;\u00e9tanch\u00e9it\u00e9.<\/li>\n<li>Convient aux joints d&rsquo;angle, de dilatation et de raccordement.<\/li>\n<li>Egalement pour les endroits difficiles d&rsquo;acc\u00e8s.<\/li>\n<li>Diff\u00e9rentes tailles en 1 spatule.<\/li>\n<\/ul>\n","protected":false},"featured_media":41719,"comment_status":"closed","ping_status":"closed","template":"","meta":{"generate_page_header":""},"product_brand":[],"product_cat":[5735],"product_tag":[],"class_list":{"0":"post-42971","1":"product","2":"type-product","3":"status-publish","4":"has-post-thumbnail","6":"product_cat-fugenmeister","7":"infinite-scroll-item","8":"","9":"woocommerce-text-align-left","10":"woocommerce-image-align-center","11":"wc-has-gallery","13":"first","14":"instock","15":"shipping-taxable","16":"product-type-simple"},"yoast_head":"<!-- This site is optimized with the Yoast SEO Premium plugin v26.8 (Yoast SEO v27.5) - https:\/\/yoast.com\/product\/yoast-seo-premium-wordpress\/ -->\n<title>FugenMeister Spatula - Primaverde<\/title>\n<meta name=\"robots\" content=\"index, follow, max-snippet:-1, max-image-preview:large, max-video-preview:-1\" \/>\n<link rel=\"canonical\" href=\"https:\/\/primaverde.com\/fr\/produit\/fugenmeister-spatula\/\" \/>\n<meta property=\"og:locale\" content=\"fr_FR\" \/>\n<meta property=\"og:type\" content=\"article\" \/>\n<meta property=\"og:title\" content=\"FugenMeister Spatula\" \/>\n<meta property=\"og:description\" content=\"Spatules \u00e0 masticLes spatules \u00e0 mastic Fugenmeister sont des outils ergonomiques et fonctionnels destin\u00e9s \u00e0 lisser les joints de mastic. Les spatules \u00e0 mastic permettent de r\u00e9aliser des joints stables et r\u00e9sistants, m\u00eame dans les endroits difficiles d&#039;acc\u00e8s. Les joints de dilatation, les joints de raccordement et les joints d&#039;angle sont faciles \u00e0 r\u00e9aliser et \u00e9tanches gr\u00e2ce \u00e0 ces spatules Fugenmeister.Propri\u00e9t\u00e9s:Pour lisser les joints d&#039;\u00e9tanch\u00e9it\u00e9.Convient aux joints d&#039;angle, de dilatation et de raccordement.Egalement pour les endroits difficiles d&#039;acc\u00e8s.Diff\u00e9rentes tailles en 1 spatule.\" \/>\n<meta property=\"og:url\" content=\"https:\/\/primaverde.com\/fr\/produit\/fugenmeister-spatula\/\" \/>\n<meta property=\"og:site_name\" content=\"Primaverde\" \/>\n<meta property=\"article:publisher\" content=\"https:\/\/www.facebook.com\/PrimaverdeBV\/\" \/>\n<meta property=\"article:modified_time\" content=\"2026-04-15T13:38:55+00:00\" \/>\n<meta property=\"og:image\" content=\"https:\/\/primaverde.com\/wp-content\/uploads\/2023\/09\/Fugenmeister-spatelset-winkelschap.jpg\" \/>\n\t<meta property=\"og:image:width\" content=\"800\" \/>\n\t<meta property=\"og:image:height\" content=\"599\" \/>\n\t<meta property=\"og:image:type\" content=\"image\/jpeg\" \/>\n<meta name=\"twitter:card\" content=\"summary_large_image\" \/>\n<meta name=\"twitter:site\" content=\"@PrimaverdeBV\" \/>\n<script type=\"application\/ld+json\" class=\"yoast-schema-graph\">{\"@context\":\"https:\\\/\\\/schema.org\",\"@graph\":[{\"@type\":\"WebPage\",\"@id\":\"https:\\\/\\\/primaverde.com\\\/fr\\\/produit\\\/fugenmeister-spatula\\\/\",\"url\":\"https:\\\/\\\/primaverde.com\\\/fr\\\/produit\\\/fugenmeister-spatula\\\/\",\"name\":\"FugenMeister Spatula - Primaverde\",\"isPartOf\":{\"@id\":\"https:\\\/\\\/primaverde.com\\\/fr\\\/#website\"},\"primaryImageOfPage\":{\"@id\":\"https:\\\/\\\/primaverde.com\\\/fr\\\/produit\\\/fugenmeister-spatula\\\/#primaryimage\"},\"image\":{\"@id\":\"https:\\\/\\\/primaverde.com\\\/fr\\\/produit\\\/fugenmeister-spatula\\\/#primaryimage\"},\"thumbnailUrl\":\"https:\\\/\\\/primaverde.com\\\/wp-content\\\/uploads\\\/2023\\\/09\\\/Fugenmeister-spatelset-winkelschap.jpg\",\"datePublished\":\"2024-07-04T11:59:51+00:00\",\"dateModified\":\"2026-04-15T13:38:55+00:00\",\"breadcrumb\":{\"@id\":\"https:\\\/\\\/primaverde.com\\\/fr\\\/produit\\\/fugenmeister-spatula\\\/#breadcrumb\"},\"inLanguage\":\"fr-FR\",\"potentialAction\":[{\"@type\":\"ReadAction\",\"target\":[\"https:\\\/\\\/primaverde.com\\\/fr\\\/produit\\\/fugenmeister-spatula\\\/\"]}]},{\"@type\":\"ImageObject\",\"inLanguage\":\"fr-FR\",\"@id\":\"https:\\\/\\\/primaverde.com\\\/fr\\\/produit\\\/fugenmeister-spatula\\\/#primaryimage\",\"url\":\"https:\\\/\\\/primaverde.com\\\/wp-content\\\/uploads\\\/2023\\\/09\\\/Fugenmeister-spatelset-winkelschap.jpg\",\"contentUrl\":\"https:\\\/\\\/primaverde.com\\\/wp-content\\\/uploads\\\/2023\\\/09\\\/Fugenmeister-spatelset-winkelschap.jpg\",\"width\":800,\"height\":599},{\"@type\":\"BreadcrumbList\",\"@id\":\"https:\\\/\\\/primaverde.com\\\/fr\\\/produit\\\/fugenmeister-spatula\\\/#breadcrumb\",\"itemListElement\":[{\"@type\":\"ListItem\",\"position\":1,\"name\":\"Home\",\"item\":\"https:\\\/\\\/primaverde.com\\\/fr\\\/\"},{\"@type\":\"ListItem\",\"position\":2,\"name\":\"Boutique\",\"item\":\"https:\\\/\\\/primaverde.com\\\/fr\\\/boutique\\\/\"},{\"@type\":\"ListItem\",\"position\":3,\"name\":\"FugenMeister Spatula\"}]},{\"@type\":\"WebSite\",\"@id\":\"https:\\\/\\\/primaverde.com\\\/fr\\\/#website\",\"url\":\"https:\\\/\\\/primaverde.com\\\/fr\\\/\",\"name\":\"Primaverde\",\"description\":\"Covering material, protection, tapes, Beschermende materialen\",\"publisher\":{\"@id\":\"https:\\\/\\\/primaverde.com\\\/fr\\\/#organization\"},\"potentialAction\":[{\"@type\":\"SearchAction\",\"target\":{\"@type\":\"EntryPoint\",\"urlTemplate\":\"https:\\\/\\\/primaverde.com\\\/fr\\\/?s={search_term_string}\"},\"query-input\":{\"@type\":\"PropertyValueSpecification\",\"valueRequired\":true,\"valueName\":\"search_term_string\"}}],\"inLanguage\":\"fr-FR\"},{\"@type\":\"Organization\",\"@id\":\"https:\\\/\\\/primaverde.com\\\/fr\\\/#organization\",\"name\":\"Primaverde B.V.\",\"url\":\"https:\\\/\\\/primaverde.com\\\/fr\\\/\",\"logo\":{\"@type\":\"ImageObject\",\"inLanguage\":\"fr-FR\",\"@id\":\"https:\\\/\\\/primaverde.com\\\/fr\\\/#\\\/schema\\\/logo\\\/image\\\/\",\"url\":\"https:\\\/\\\/primaverde.com\\\/wp-content\\\/uploads\\\/2015\\\/03\\\/Logo_Primaverde.jpg\",\"contentUrl\":\"https:\\\/\\\/primaverde.com\\\/wp-content\\\/uploads\\\/2015\\\/03\\\/Logo_Primaverde.jpg\",\"width\":1170,\"height\":212,\"caption\":\"Primaverde B.V.\"},\"image\":{\"@id\":\"https:\\\/\\\/primaverde.com\\\/fr\\\/#\\\/schema\\\/logo\\\/image\\\/\"},\"sameAs\":[\"https:\\\/\\\/www.facebook.com\\\/PrimaverdeBV\\\/\",\"https:\\\/\\\/x.com\\\/PrimaverdeBV\",\"https:\\\/\\\/nl.linkedin.com\\\/company\\\/primaverde\",\"http:\\\/\\\/www.youtube.com\\\/channel\\\/UC3DwQqj8f8tatLdSFA0aWwA\"]}]}<\/script>\n<!-- \/ Yoast SEO Premium plugin. -->","yoast_head_json":{"title":"FugenMeister Spatula - Primaverde","robots":{"index":"index","follow":"follow","max-snippet":"max-snippet:-1","max-image-preview":"max-image-preview:large","max-video-preview":"max-video-preview:-1"},"canonical":"https:\/\/primaverde.com\/fr\/produit\/fugenmeister-spatula\/","og_locale":"fr_FR","og_type":"article","og_title":"FugenMeister Spatula","og_description":"Spatules \u00e0 masticLes spatules \u00e0 mastic Fugenmeister sont des outils ergonomiques et fonctionnels destin\u00e9s \u00e0 lisser les joints de mastic. Les spatules \u00e0 mastic permettent de r\u00e9aliser des joints stables et r\u00e9sistants, m\u00eame dans les endroits difficiles d'acc\u00e8s. Les joints de dilatation, les joints de raccordement et les joints d'angle sont faciles \u00e0 r\u00e9aliser et \u00e9tanches gr\u00e2ce \u00e0 ces spatules Fugenmeister.Propri\u00e9t\u00e9s:Pour lisser les joints d'\u00e9tanch\u00e9it\u00e9.Convient aux joints d'angle, de dilatation et de raccordement.Egalement pour les endroits difficiles d'acc\u00e8s.Diff\u00e9rentes tailles en 1 spatule.","og_url":"https:\/\/primaverde.com\/fr\/produit\/fugenmeister-spatula\/","og_site_name":"Primaverde","article_publisher":"https:\/\/www.facebook.com\/PrimaverdeBV\/","article_modified_time":"2026-04-15T13:38:55+00:00","og_image":[{"width":800,"height":599,"url":"https:\/\/primaverde.com\/wp-content\/uploads\/2023\/09\/Fugenmeister-spatelset-winkelschap.jpg","type":"image\/jpeg"}],"twitter_card":"summary_large_image","twitter_site":"@PrimaverdeBV","schema":{"@context":"https:\/\/schema.org","@graph":[{"@type":"WebPage","@id":"https:\/\/primaverde.com\/fr\/produit\/fugenmeister-spatula\/","url":"https:\/\/primaverde.com\/fr\/produit\/fugenmeister-spatula\/","name":"FugenMeister Spatula - Primaverde","isPartOf":{"@id":"https:\/\/primaverde.com\/fr\/#website"},"primaryImageOfPage":{"@id":"https:\/\/primaverde.com\/fr\/produit\/fugenmeister-spatula\/#primaryimage"},"image":{"@id":"https:\/\/primaverde.com\/fr\/produit\/fugenmeister-spatula\/#primaryimage"},"thumbnailUrl":"https:\/\/primaverde.com\/wp-content\/uploads\/2023\/09\/Fugenmeister-spatelset-winkelschap.jpg","datePublished":"2024-07-04T11:59:51+00:00","dateModified":"2026-04-15T13:38:55+00:00","breadcrumb":{"@id":"https:\/\/primaverde.com\/fr\/produit\/fugenmeister-spatula\/#breadcrumb"},"inLanguage":"fr-FR","potentialAction":[{"@type":"ReadAction","target":["https:\/\/primaverde.com\/fr\/produit\/fugenmeister-spatula\/"]}]},{"@type":"ImageObject","inLanguage":"fr-FR","@id":"https:\/\/primaverde.com\/fr\/produit\/fugenmeister-spatula\/#primaryimage","url":"https:\/\/primaverde.com\/wp-content\/uploads\/2023\/09\/Fugenmeister-spatelset-winkelschap.jpg","contentUrl":"https:\/\/primaverde.com\/wp-content\/uploads\/2023\/09\/Fugenmeister-spatelset-winkelschap.jpg","width":800,"height":599},{"@type":"BreadcrumbList","@id":"https:\/\/primaverde.com\/fr\/produit\/fugenmeister-spatula\/#breadcrumb","itemListElement":[{"@type":"ListItem","position":1,"name":"Home","item":"https:\/\/primaverde.com\/fr\/"},{"@type":"ListItem","position":2,"name":"Boutique","item":"https:\/\/primaverde.com\/fr\/boutique\/"},{"@type":"ListItem","position":3,"name":"FugenMeister Spatula"}]},{"@type":"WebSite","@id":"https:\/\/primaverde.com\/fr\/#website","url":"https:\/\/primaverde.com\/fr\/","name":"Primaverde","description":"Covering material, protection, tapes, Beschermende materialen","publisher":{"@id":"https:\/\/primaverde.com\/fr\/#organization"},"potentialAction":[{"@type":"SearchAction","target":{"@type":"EntryPoint","urlTemplate":"https:\/\/primaverde.com\/fr\/?s={search_term_string}"},"query-input":{"@type":"PropertyValueSpecification","valueRequired":true,"valueName":"search_term_string"}}],"inLanguage":"fr-FR"},{"@type":"Organization","@id":"https:\/\/primaverde.com\/fr\/#organization","name":"Primaverde B.V.","url":"https:\/\/primaverde.com\/fr\/","logo":{"@type":"ImageObject","inLanguage":"fr-FR","@id":"https:\/\/primaverde.com\/fr\/#\/schema\/logo\/image\/","url":"https:\/\/primaverde.com\/wp-content\/uploads\/2015\/03\/Logo_Primaverde.jpg","contentUrl":"https:\/\/primaverde.com\/wp-content\/uploads\/2015\/03\/Logo_Primaverde.jpg","width":1170,"height":212,"caption":"Primaverde B.V."},"image":{"@id":"https:\/\/primaverde.com\/fr\/#\/schema\/logo\/image\/"},"sameAs":["https:\/\/www.facebook.com\/PrimaverdeBV\/","https:\/\/x.com\/PrimaverdeBV","https:\/\/nl.linkedin.com\/company\/primaverde","http:\/\/www.youtube.com\/channel\/UC3DwQqj8f8tatLdSFA0aWwA"]}]}},"_links":{"self":[{"href":"https:\/\/primaverde.com\/fr\/wp-json\/wp\/v2\/product\/42971","targetHints":{"allow":["GET"]}}],"collection":[{"href":"https:\/\/primaverde.com\/fr\/wp-json\/wp\/v2\/product"}],"about":[{"href":"https:\/\/primaverde.com\/fr\/wp-json\/wp\/v2\/types\/product"}],"replies":[{"embeddable":true,"href":"https:\/\/primaverde.com\/fr\/wp-json\/wp\/v2\/comments?post=42971"}],"wp:featuredmedia":[{"embeddable":true,"href":"https:\/\/primaverde.com\/fr\/wp-json\/wp\/v2\/media\/41719"}],"wp:attachment":[{"href":"https:\/\/primaverde.com\/fr\/wp-json\/wp\/v2\/media?parent=42971"}],"wp:term":[{"taxonomy":"product_brand","embeddable":true,"href":"https:\/\/primaverde.com\/fr\/wp-json\/wp\/v2\/product_brand?post=42971"},{"taxonomy":"product_cat","embeddable":true,"href":"https:\/\/primaverde.com\/fr\/wp-json\/wp\/v2\/product_cat?post=42971"},{"taxonomy":"product_tag","embeddable":true,"href":"https:\/\/primaverde.com\/fr\/wp-json\/wp\/v2\/product_tag?post=42971"}],"curies":[{"name":"wp","href":"https:\/\/api.w.org\/{rel}","templated":true}]}}