{"id":42976,"date":"2024-07-04T12:55:44","date_gmt":"2024-07-04T11:55:44","guid":{"rendered":"https:\/\/primaverde.com\/product\/fugenmeister-cutters\/"},"modified":"2026-04-15T14:38:07","modified_gmt":"2026-04-15T13:38:07","slug":"fugenmeister-cutters","status":"publish","type":"product","link":"https:\/\/primaverde.com\/fr\/produit\/fugenmeister-cutters\/","title":{"rendered":"FugenMeister Cutters"},"content":{"rendered":"<h2>Le coupe-joint<\/h2>\n<p>Le coupe-joint Delta de Fugenmeister est sp\u00e9cialement con\u00e7u pour enlever les joints de silicone et d&rsquo;acrylique dans les angles d&rsquo;environ 90 degr\u00e9s. Cet outil permet de couper sans effort les joints de mastic existants dans les angles des carreaux de c\u00e9ramique, de granit et de marbre.<\/p>\n<p><strong>Propri\u00e9t\u00e9s:<\/strong><\/p>\n<ul>\n<li>Deux lames de rechange sont incluses pour un remplacement facile.<\/li>\n<li>Livr\u00e9 avec un tournevis Allen pour le remplacement des lames.<\/li>\n<li>Convient pour l&rsquo;\u00e9limination des joints sur les carrelages en c\u00e9ramique, en granit et en marbre.<\/li>\n<\/ul>\n","protected":false},"excerpt":{"rendered":"<h2>Le coupe-joint<\/h2>\n<p>Le coupe-joint Delta de Fugenmeister est sp\u00e9cialement con\u00e7u pour enlever les joints de silicone et d&rsquo;acrylique dans les angles d&rsquo;environ 90 degr\u00e9s. Cet outil permet de couper sans effort les joints de mastic existants dans les angles des carreaux de c\u00e9ramique, de granit et de marbre.<\/p>\n<p><strong>Propri\u00e9t\u00e9s:<\/strong><\/p>\n<ul>\n<li>Deux lames de rechange sont incluses pour un remplacement facile.<\/li>\n<li>Livr\u00e9 avec un tournevis Allen pour le remplacement des lames.<\/li>\n<li>Convient pour l&rsquo;\u00e9limination des joints sur les carrelages en c\u00e9ramique, en granit et en marbre.<\/li>\n<\/ul>\n","protected":false},"featured_media":43200,"comment_status":"closed","ping_status":"closed","template":"","meta":{"generate_page_header":""},"product_brand":[],"product_cat":[5735],"product_tag":[],"class_list":{"0":"post-42976","1":"product","2":"type-product","3":"status-publish","4":"has-post-thumbnail","6":"product_cat-fugenmeister","7":"infinite-scroll-item","8":"","9":"woocommerce-text-align-left","10":"woocommerce-image-align-center","11":"wc-has-gallery","13":"first","14":"instock","15":"shipping-taxable","16":"product-type-simple"},"yoast_head":"<!-- This site is optimized with the Yoast SEO Premium plugin v26.8 (Yoast SEO v27.4) - https:\/\/yoast.com\/product\/yoast-seo-premium-wordpress\/ -->\n<title>FugenMeister Cutters - Primaverde<\/title>\n<meta name=\"robots\" content=\"index, follow, max-snippet:-1, max-image-preview:large, max-video-preview:-1\" \/>\n<link rel=\"canonical\" href=\"https:\/\/primaverde.com\/fr\/produit\/fugenmeister-cutters\/\" \/>\n<meta property=\"og:locale\" content=\"fr_FR\" \/>\n<meta property=\"og:type\" content=\"article\" \/>\n<meta property=\"og:title\" content=\"FugenMeister Cutters\" \/>\n<meta property=\"og:description\" content=\"Le coupe-jointLe coupe-joint Delta de Fugenmeister est sp\u00e9cialement con\u00e7u pour enlever les joints de silicone et d&#039;acrylique dans les angles d&#039;environ 90 degr\u00e9s. Cet outil permet de couper sans effort les joints de mastic existants dans les angles des carreaux de c\u00e9ramique, de granit et de marbre.Propri\u00e9t\u00e9s:Deux lames de rechange sont incluses pour un remplacement facile.Livr\u00e9 avec un tournevis Allen pour le remplacement des lames.Convient pour l&#039;\u00e9limination des joints sur les carrelages en c\u00e9ramique, en granit et en marbre.\" \/>\n<meta property=\"og:url\" content=\"https:\/\/primaverde.com\/fr\/produit\/fugenmeister-cutters\/\" \/>\n<meta property=\"og:site_name\" content=\"Primaverde\" \/>\n<meta property=\"article:publisher\" content=\"https:\/\/www.facebook.com\/PrimaverdeBV\/\" \/>\n<meta property=\"article:modified_time\" content=\"2026-04-15T13:38:07+00:00\" \/>\n<meta property=\"og:image\" content=\"https:\/\/primaverde.com\/wp-content\/uploads\/2015\/03\/FugenMeister02_logo_content_categorie.jpg\" \/>\n\t<meta property=\"og:image:width\" content=\"600\" \/>\n\t<meta property=\"og:image:height\" content=\"399\" \/>\n\t<meta property=\"og:image:type\" content=\"image\/jpeg\" \/>\n<meta name=\"twitter:card\" content=\"summary_large_image\" \/>\n<meta name=\"twitter:site\" content=\"@PrimaverdeBV\" \/>\n<meta name=\"twitter:label1\" content=\"Dur\u00e9e de lecture estim\u00e9e\" \/>\n\t<meta name=\"twitter:data1\" content=\"1 minute\" \/>\n<script type=\"application\/ld+json\" class=\"yoast-schema-graph\">{\"@context\":\"https:\\\/\\\/schema.org\",\"@graph\":[{\"@type\":\"WebPage\",\"@id\":\"https:\\\/\\\/primaverde.com\\\/fr\\\/produit\\\/fugenmeister-cutters\\\/\",\"url\":\"https:\\\/\\\/primaverde.com\\\/fr\\\/produit\\\/fugenmeister-cutters\\\/\",\"name\":\"FugenMeister Cutters - Primaverde\",\"isPartOf\":{\"@id\":\"https:\\\/\\\/primaverde.com\\\/fr\\\/#website\"},\"primaryImageOfPage\":{\"@id\":\"https:\\\/\\\/primaverde.com\\\/fr\\\/produit\\\/fugenmeister-cutters\\\/#primaryimage\"},\"image\":{\"@id\":\"https:\\\/\\\/primaverde.com\\\/fr\\\/produit\\\/fugenmeister-cutters\\\/#primaryimage\"},\"thumbnailUrl\":\"https:\\\/\\\/primaverde.com\\\/wp-content\\\/uploads\\\/2015\\\/03\\\/FugenMeister02_logo_content_categorie.jpg\",\"datePublished\":\"2024-07-04T11:55:44+00:00\",\"dateModified\":\"2026-04-15T13:38:07+00:00\",\"breadcrumb\":{\"@id\":\"https:\\\/\\\/primaverde.com\\\/fr\\\/produit\\\/fugenmeister-cutters\\\/#breadcrumb\"},\"inLanguage\":\"fr-FR\",\"potentialAction\":[{\"@type\":\"ReadAction\",\"target\":[\"https:\\\/\\\/primaverde.com\\\/fr\\\/produit\\\/fugenmeister-cutters\\\/\"]}]},{\"@type\":\"ImageObject\",\"inLanguage\":\"fr-FR\",\"@id\":\"https:\\\/\\\/primaverde.com\\\/fr\\\/produit\\\/fugenmeister-cutters\\\/#primaryimage\",\"url\":\"https:\\\/\\\/primaverde.com\\\/wp-content\\\/uploads\\\/2015\\\/03\\\/FugenMeister02_logo_content_categorie.jpg\",\"contentUrl\":\"https:\\\/\\\/primaverde.com\\\/wp-content\\\/uploads\\\/2015\\\/03\\\/FugenMeister02_logo_content_categorie.jpg\",\"width\":600,\"height\":399},{\"@type\":\"BreadcrumbList\",\"@id\":\"https:\\\/\\\/primaverde.com\\\/fr\\\/produit\\\/fugenmeister-cutters\\\/#breadcrumb\",\"itemListElement\":[{\"@type\":\"ListItem\",\"position\":1,\"name\":\"Home\",\"item\":\"https:\\\/\\\/primaverde.com\\\/fr\\\/\"},{\"@type\":\"ListItem\",\"position\":2,\"name\":\"Boutique\",\"item\":\"https:\\\/\\\/primaverde.com\\\/fr\\\/boutique\\\/\"},{\"@type\":\"ListItem\",\"position\":3,\"name\":\"FugenMeister Cutters\"}]},{\"@type\":\"WebSite\",\"@id\":\"https:\\\/\\\/primaverde.com\\\/fr\\\/#website\",\"url\":\"https:\\\/\\\/primaverde.com\\\/fr\\\/\",\"name\":\"Primaverde\",\"description\":\"Covering material, protection, tapes, Beschermende materialen\",\"publisher\":{\"@id\":\"https:\\\/\\\/primaverde.com\\\/fr\\\/#organization\"},\"potentialAction\":[{\"@type\":\"SearchAction\",\"target\":{\"@type\":\"EntryPoint\",\"urlTemplate\":\"https:\\\/\\\/primaverde.com\\\/fr\\\/?s={search_term_string}\"},\"query-input\":{\"@type\":\"PropertyValueSpecification\",\"valueRequired\":true,\"valueName\":\"search_term_string\"}}],\"inLanguage\":\"fr-FR\"},{\"@type\":\"Organization\",\"@id\":\"https:\\\/\\\/primaverde.com\\\/fr\\\/#organization\",\"name\":\"Primaverde B.V.\",\"url\":\"https:\\\/\\\/primaverde.com\\\/fr\\\/\",\"logo\":{\"@type\":\"ImageObject\",\"inLanguage\":\"fr-FR\",\"@id\":\"https:\\\/\\\/primaverde.com\\\/fr\\\/#\\\/schema\\\/logo\\\/image\\\/\",\"url\":\"https:\\\/\\\/primaverde.com\\\/wp-content\\\/uploads\\\/2015\\\/03\\\/Logo_Primaverde.jpg\",\"contentUrl\":\"https:\\\/\\\/primaverde.com\\\/wp-content\\\/uploads\\\/2015\\\/03\\\/Logo_Primaverde.jpg\",\"width\":1170,\"height\":212,\"caption\":\"Primaverde B.V.\"},\"image\":{\"@id\":\"https:\\\/\\\/primaverde.com\\\/fr\\\/#\\\/schema\\\/logo\\\/image\\\/\"},\"sameAs\":[\"https:\\\/\\\/www.facebook.com\\\/PrimaverdeBV\\\/\",\"https:\\\/\\\/x.com\\\/PrimaverdeBV\",\"https:\\\/\\\/nl.linkedin.com\\\/company\\\/primaverde\",\"http:\\\/\\\/www.youtube.com\\\/channel\\\/UC3DwQqj8f8tatLdSFA0aWwA\"]}]}<\/script>\n<!-- \/ Yoast SEO Premium plugin. -->","yoast_head_json":{"title":"FugenMeister Cutters - Primaverde","robots":{"index":"index","follow":"follow","max-snippet":"max-snippet:-1","max-image-preview":"max-image-preview:large","max-video-preview":"max-video-preview:-1"},"canonical":"https:\/\/primaverde.com\/fr\/produit\/fugenmeister-cutters\/","og_locale":"fr_FR","og_type":"article","og_title":"FugenMeister Cutters","og_description":"Le coupe-jointLe coupe-joint Delta de Fugenmeister est sp\u00e9cialement con\u00e7u pour enlever les joints de silicone et d'acrylique dans les angles d'environ 90 degr\u00e9s. Cet outil permet de couper sans effort les joints de mastic existants dans les angles des carreaux de c\u00e9ramique, de granit et de marbre.Propri\u00e9t\u00e9s:Deux lames de rechange sont incluses pour un remplacement facile.Livr\u00e9 avec un tournevis Allen pour le remplacement des lames.Convient pour l'\u00e9limination des joints sur les carrelages en c\u00e9ramique, en granit et en marbre.","og_url":"https:\/\/primaverde.com\/fr\/produit\/fugenmeister-cutters\/","og_site_name":"Primaverde","article_publisher":"https:\/\/www.facebook.com\/PrimaverdeBV\/","article_modified_time":"2026-04-15T13:38:07+00:00","og_image":[{"width":600,"height":399,"url":"https:\/\/primaverde.com\/wp-content\/uploads\/2015\/03\/FugenMeister02_logo_content_categorie.jpg","type":"image\/jpeg"}],"twitter_card":"summary_large_image","twitter_site":"@PrimaverdeBV","twitter_misc":{"Dur\u00e9e de lecture estim\u00e9e":"1 minute"},"schema":{"@context":"https:\/\/schema.org","@graph":[{"@type":"WebPage","@id":"https:\/\/primaverde.com\/fr\/produit\/fugenmeister-cutters\/","url":"https:\/\/primaverde.com\/fr\/produit\/fugenmeister-cutters\/","name":"FugenMeister Cutters - Primaverde","isPartOf":{"@id":"https:\/\/primaverde.com\/fr\/#website"},"primaryImageOfPage":{"@id":"https:\/\/primaverde.com\/fr\/produit\/fugenmeister-cutters\/#primaryimage"},"image":{"@id":"https:\/\/primaverde.com\/fr\/produit\/fugenmeister-cutters\/#primaryimage"},"thumbnailUrl":"https:\/\/primaverde.com\/wp-content\/uploads\/2015\/03\/FugenMeister02_logo_content_categorie.jpg","datePublished":"2024-07-04T11:55:44+00:00","dateModified":"2026-04-15T13:38:07+00:00","breadcrumb":{"@id":"https:\/\/primaverde.com\/fr\/produit\/fugenmeister-cutters\/#breadcrumb"},"inLanguage":"fr-FR","potentialAction":[{"@type":"ReadAction","target":["https:\/\/primaverde.com\/fr\/produit\/fugenmeister-cutters\/"]}]},{"@type":"ImageObject","inLanguage":"fr-FR","@id":"https:\/\/primaverde.com\/fr\/produit\/fugenmeister-cutters\/#primaryimage","url":"https:\/\/primaverde.com\/wp-content\/uploads\/2015\/03\/FugenMeister02_logo_content_categorie.jpg","contentUrl":"https:\/\/primaverde.com\/wp-content\/uploads\/2015\/03\/FugenMeister02_logo_content_categorie.jpg","width":600,"height":399},{"@type":"BreadcrumbList","@id":"https:\/\/primaverde.com\/fr\/produit\/fugenmeister-cutters\/#breadcrumb","itemListElement":[{"@type":"ListItem","position":1,"name":"Home","item":"https:\/\/primaverde.com\/fr\/"},{"@type":"ListItem","position":2,"name":"Boutique","item":"https:\/\/primaverde.com\/fr\/boutique\/"},{"@type":"ListItem","position":3,"name":"FugenMeister Cutters"}]},{"@type":"WebSite","@id":"https:\/\/primaverde.com\/fr\/#website","url":"https:\/\/primaverde.com\/fr\/","name":"Primaverde","description":"Covering material, protection, tapes, Beschermende materialen","publisher":{"@id":"https:\/\/primaverde.com\/fr\/#organization"},"potentialAction":[{"@type":"SearchAction","target":{"@type":"EntryPoint","urlTemplate":"https:\/\/primaverde.com\/fr\/?s={search_term_string}"},"query-input":{"@type":"PropertyValueSpecification","valueRequired":true,"valueName":"search_term_string"}}],"inLanguage":"fr-FR"},{"@type":"Organization","@id":"https:\/\/primaverde.com\/fr\/#organization","name":"Primaverde B.V.","url":"https:\/\/primaverde.com\/fr\/","logo":{"@type":"ImageObject","inLanguage":"fr-FR","@id":"https:\/\/primaverde.com\/fr\/#\/schema\/logo\/image\/","url":"https:\/\/primaverde.com\/wp-content\/uploads\/2015\/03\/Logo_Primaverde.jpg","contentUrl":"https:\/\/primaverde.com\/wp-content\/uploads\/2015\/03\/Logo_Primaverde.jpg","width":1170,"height":212,"caption":"Primaverde B.V."},"image":{"@id":"https:\/\/primaverde.com\/fr\/#\/schema\/logo\/image\/"},"sameAs":["https:\/\/www.facebook.com\/PrimaverdeBV\/","https:\/\/x.com\/PrimaverdeBV","https:\/\/nl.linkedin.com\/company\/primaverde","http:\/\/www.youtube.com\/channel\/UC3DwQqj8f8tatLdSFA0aWwA"]}]}},"_links":{"self":[{"href":"https:\/\/primaverde.com\/fr\/wp-json\/wp\/v2\/product\/42976","targetHints":{"allow":["GET"]}}],"collection":[{"href":"https:\/\/primaverde.com\/fr\/wp-json\/wp\/v2\/product"}],"about":[{"href":"https:\/\/primaverde.com\/fr\/wp-json\/wp\/v2\/types\/product"}],"replies":[{"embeddable":true,"href":"https:\/\/primaverde.com\/fr\/wp-json\/wp\/v2\/comments?post=42976"}],"wp:featuredmedia":[{"embeddable":true,"href":"https:\/\/primaverde.com\/fr\/wp-json\/wp\/v2\/media\/43200"}],"wp:attachment":[{"href":"https:\/\/primaverde.com\/fr\/wp-json\/wp\/v2\/media?parent=42976"}],"wp:term":[{"taxonomy":"product_brand","embeddable":true,"href":"https:\/\/primaverde.com\/fr\/wp-json\/wp\/v2\/product_brand?post=42976"},{"taxonomy":"product_cat","embeddable":true,"href":"https:\/\/primaverde.com\/fr\/wp-json\/wp\/v2\/product_cat?post=42976"},{"taxonomy":"product_tag","embeddable":true,"href":"https:\/\/primaverde.com\/fr\/wp-json\/wp\/v2\/product_tag?post=42976"}],"curies":[{"name":"wp","href":"https:\/\/api.w.org\/{rel}","templated":true}]}}