{"id":42998,"date":"2024-07-04T11:00:16","date_gmt":"2024-07-04T10:00:16","guid":{"rendered":"https:\/\/primaverde.com\/product\/ram-board-seam-tape\/"},"modified":"2026-04-15T14:42:24","modified_gmt":"2026-04-15T13:42:24","slug":"ram-board-seam","status":"publish","type":"product","link":"https:\/\/primaverde.com\/fr\/produit\/ram-board-seam\/","title":{"rendered":"Ram Board Seam"},"content":{"rendered":"<h2>Ruban de montage ultra r\u00e9sistant<\/h2>\n<p>Seam Tape pour joints est sp\u00e9cialement con\u00e7u pour le masquage des joints sur le Ram Board. Facilement d\u00e9chirer et recyclable. Comme tout ruban adh\u00e9sif, Seam Tape ne doit pas \u00eatre appliqu\u00e9 directement sur le sol.<\/p>\n<p><strong>Propri\u00e9t\u00e9s:<\/strong><\/p>\n<ul>\n<li>7.2 cm, parfait pour couvrir les coutures du Ram Board<\/li>\n<li>Adh\u00e9sion tr\u00e8s r\u00e9sistante<\/li>\n<li>Qualit\u00e9 professionnelle, utilisation durable<\/li>\n<li>Fabriqu\u00e9 \u00e0 partir de papier recycl\u00e9<\/li>\n<li>Facile \u00e0 traiter<\/li>\n<li>100% recyclable<\/li>\n<\/ul>\n","protected":false},"excerpt":{"rendered":"<h2>Ruban de montage ultra r\u00e9sistant<\/h2>\n<p>Seam Tape pour joints est sp\u00e9cialement con\u00e7u pour le masquage des joints sur le Ram Board. Facilement d\u00e9chirer et recyclable. Comme tout ruban adh\u00e9sif, Seam Tape ne doit pas \u00eatre appliqu\u00e9 directement sur le sol.<\/p>\n<p><strong>Propri\u00e9t\u00e9s:<\/strong><\/p>\n<ul>\n<li>7.2 cm, parfait pour couvrir les coutures du Ram Board<\/li>\n<li>Adh\u00e9sion tr\u00e8s r\u00e9sistante<\/li>\n<li>Qualit\u00e9 professionnelle, utilisation durable<\/li>\n<li>Fabriqu\u00e9 \u00e0 partir de papier recycl\u00e9<\/li>\n<li>Facile \u00e0 traiter<\/li>\n<li>100% recyclable<\/li>\n<\/ul>\n","protected":false},"featured_media":45740,"comment_status":"closed","ping_status":"closed","template":"","meta":{"generate_page_header":""},"product_brand":[],"product_cat":[5739],"product_tag":[],"class_list":{"0":"post-42998","1":"product","2":"type-product","3":"status-publish","4":"has-post-thumbnail","6":"product_cat-ramboard","7":"infinite-scroll-item","8":"","9":"woocommerce-text-align-left","10":"woocommerce-image-align-center","11":"wc-has-gallery","13":"first","14":"instock","15":"shipping-taxable","16":"product-type-simple"},"yoast_head":"<!-- This site is optimized with the Yoast SEO Premium plugin v26.8 (Yoast SEO v27.4) - https:\/\/yoast.com\/product\/yoast-seo-premium-wordpress\/ -->\n<title>Ram Board Seam - Primaverde<\/title>\n<meta name=\"robots\" content=\"index, follow, max-snippet:-1, max-image-preview:large, max-video-preview:-1\" \/>\n<link rel=\"canonical\" href=\"https:\/\/primaverde.com\/fr\/produit\/ram-board-seam\/\" \/>\n<meta property=\"og:locale\" content=\"fr_FR\" \/>\n<meta property=\"og:type\" content=\"article\" \/>\n<meta property=\"og:title\" content=\"Ram Board Seam\" \/>\n<meta property=\"og:description\" content=\"Ruban de montage ultra r\u00e9sistantSeam Tape pour joints est sp\u00e9cialement con\u00e7u pour le masquage des joints sur le Ram Board. Facilement d\u00e9chirer et recyclable. Comme tout ruban adh\u00e9sif, Seam Tape ne doit pas \u00eatre appliqu\u00e9 directement sur le sol.Propri\u00e9t\u00e9s:7.2 cm, parfait pour couvrir les coutures du Ram BoardAdh\u00e9sion tr\u00e8s r\u00e9sistanteQualit\u00e9 professionnelle, utilisation durableFabriqu\u00e9 \u00e0 partir de papier recycl\u00e9Facile \u00e0 traiter100% recyclable\" \/>\n<meta property=\"og:url\" content=\"https:\/\/primaverde.com\/fr\/produit\/ram-board-seam\/\" \/>\n<meta property=\"og:site_name\" content=\"Primaverde\" \/>\n<meta property=\"article:publisher\" content=\"https:\/\/www.facebook.com\/PrimaverdeBV\/\" \/>\n<meta property=\"article:modified_time\" content=\"2026-04-15T13:42:24+00:00\" \/>\n<meta property=\"og:image\" content=\"https:\/\/primaverde.com\/wp-content\/uploads\/2021\/05\/RamBoard_SeamTape_afplakken_vloer_naad_verbinden_rol.jpg\" \/>\n\t<meta property=\"og:image:width\" content=\"600\" \/>\n\t<meta property=\"og:image:height\" content=\"600\" \/>\n\t<meta property=\"og:image:type\" content=\"image\/jpeg\" \/>\n<meta name=\"twitter:card\" content=\"summary_large_image\" \/>\n<meta name=\"twitter:site\" content=\"@PrimaverdeBV\" \/>\n<meta name=\"twitter:label1\" content=\"Dur\u00e9e de lecture estim\u00e9e\" \/>\n\t<meta name=\"twitter:data1\" content=\"1 minute\" \/>\n<script type=\"application\/ld+json\" class=\"yoast-schema-graph\">{\"@context\":\"https:\\\/\\\/schema.org\",\"@graph\":[{\"@type\":\"WebPage\",\"@id\":\"https:\\\/\\\/primaverde.com\\\/fr\\\/produit\\\/ram-board-seam\\\/\",\"url\":\"https:\\\/\\\/primaverde.com\\\/fr\\\/produit\\\/ram-board-seam\\\/\",\"name\":\"Ram Board Seam - Primaverde\",\"isPartOf\":{\"@id\":\"https:\\\/\\\/primaverde.com\\\/fr\\\/#website\"},\"primaryImageOfPage\":{\"@id\":\"https:\\\/\\\/primaverde.com\\\/fr\\\/produit\\\/ram-board-seam\\\/#primaryimage\"},\"image\":{\"@id\":\"https:\\\/\\\/primaverde.com\\\/fr\\\/produit\\\/ram-board-seam\\\/#primaryimage\"},\"thumbnailUrl\":\"https:\\\/\\\/primaverde.com\\\/wp-content\\\/uploads\\\/2024\\\/07\\\/SeamTape_P0NZ_s02.png\",\"datePublished\":\"2024-07-04T10:00:16+00:00\",\"dateModified\":\"2026-04-15T13:42:24+00:00\",\"breadcrumb\":{\"@id\":\"https:\\\/\\\/primaverde.com\\\/fr\\\/produit\\\/ram-board-seam\\\/#breadcrumb\"},\"inLanguage\":\"fr-FR\",\"potentialAction\":[{\"@type\":\"ReadAction\",\"target\":[\"https:\\\/\\\/primaverde.com\\\/fr\\\/produit\\\/ram-board-seam\\\/\"]}]},{\"@type\":\"ImageObject\",\"inLanguage\":\"fr-FR\",\"@id\":\"https:\\\/\\\/primaverde.com\\\/fr\\\/produit\\\/ram-board-seam\\\/#primaryimage\",\"url\":\"https:\\\/\\\/primaverde.com\\\/wp-content\\\/uploads\\\/2024\\\/07\\\/SeamTape_P0NZ_s02.png\",\"contentUrl\":\"https:\\\/\\\/primaverde.com\\\/wp-content\\\/uploads\\\/2024\\\/07\\\/SeamTape_P0NZ_s02.png\",\"width\":600,\"height\":600},{\"@type\":\"BreadcrumbList\",\"@id\":\"https:\\\/\\\/primaverde.com\\\/fr\\\/produit\\\/ram-board-seam\\\/#breadcrumb\",\"itemListElement\":[{\"@type\":\"ListItem\",\"position\":1,\"name\":\"Home\",\"item\":\"https:\\\/\\\/primaverde.com\\\/fr\\\/\"},{\"@type\":\"ListItem\",\"position\":2,\"name\":\"Boutique\",\"item\":\"https:\\\/\\\/primaverde.com\\\/fr\\\/boutique\\\/\"},{\"@type\":\"ListItem\",\"position\":3,\"name\":\"Ram Board Seam\"}]},{\"@type\":\"WebSite\",\"@id\":\"https:\\\/\\\/primaverde.com\\\/fr\\\/#website\",\"url\":\"https:\\\/\\\/primaverde.com\\\/fr\\\/\",\"name\":\"Primaverde\",\"description\":\"Covering material, protection, tapes, Beschermende materialen\",\"publisher\":{\"@id\":\"https:\\\/\\\/primaverde.com\\\/fr\\\/#organization\"},\"potentialAction\":[{\"@type\":\"SearchAction\",\"target\":{\"@type\":\"EntryPoint\",\"urlTemplate\":\"https:\\\/\\\/primaverde.com\\\/fr\\\/?s={search_term_string}\"},\"query-input\":{\"@type\":\"PropertyValueSpecification\",\"valueRequired\":true,\"valueName\":\"search_term_string\"}}],\"inLanguage\":\"fr-FR\"},{\"@type\":\"Organization\",\"@id\":\"https:\\\/\\\/primaverde.com\\\/fr\\\/#organization\",\"name\":\"Primaverde B.V.\",\"url\":\"https:\\\/\\\/primaverde.com\\\/fr\\\/\",\"logo\":{\"@type\":\"ImageObject\",\"inLanguage\":\"fr-FR\",\"@id\":\"https:\\\/\\\/primaverde.com\\\/fr\\\/#\\\/schema\\\/logo\\\/image\\\/\",\"url\":\"https:\\\/\\\/primaverde.com\\\/wp-content\\\/uploads\\\/2015\\\/03\\\/Logo_Primaverde.jpg\",\"contentUrl\":\"https:\\\/\\\/primaverde.com\\\/wp-content\\\/uploads\\\/2015\\\/03\\\/Logo_Primaverde.jpg\",\"width\":1170,\"height\":212,\"caption\":\"Primaverde B.V.\"},\"image\":{\"@id\":\"https:\\\/\\\/primaverde.com\\\/fr\\\/#\\\/schema\\\/logo\\\/image\\\/\"},\"sameAs\":[\"https:\\\/\\\/www.facebook.com\\\/PrimaverdeBV\\\/\",\"https:\\\/\\\/x.com\\\/PrimaverdeBV\",\"https:\\\/\\\/nl.linkedin.com\\\/company\\\/primaverde\",\"http:\\\/\\\/www.youtube.com\\\/channel\\\/UC3DwQqj8f8tatLdSFA0aWwA\"]}]}<\/script>\n<!-- \/ Yoast SEO Premium plugin. -->","yoast_head_json":{"title":"Ram Board Seam - Primaverde","robots":{"index":"index","follow":"follow","max-snippet":"max-snippet:-1","max-image-preview":"max-image-preview:large","max-video-preview":"max-video-preview:-1"},"canonical":"https:\/\/primaverde.com\/fr\/produit\/ram-board-seam\/","og_locale":"fr_FR","og_type":"article","og_title":"Ram Board Seam","og_description":"Ruban de montage ultra r\u00e9sistantSeam Tape pour joints est sp\u00e9cialement con\u00e7u pour le masquage des joints sur le Ram Board. Facilement d\u00e9chirer et recyclable. Comme tout ruban adh\u00e9sif, Seam Tape ne doit pas \u00eatre appliqu\u00e9 directement sur le sol.Propri\u00e9t\u00e9s:7.2 cm, parfait pour couvrir les coutures du Ram BoardAdh\u00e9sion tr\u00e8s r\u00e9sistanteQualit\u00e9 professionnelle, utilisation durableFabriqu\u00e9 \u00e0 partir de papier recycl\u00e9Facile \u00e0 traiter100% recyclable","og_url":"https:\/\/primaverde.com\/fr\/produit\/ram-board-seam\/","og_site_name":"Primaverde","article_publisher":"https:\/\/www.facebook.com\/PrimaverdeBV\/","article_modified_time":"2026-04-15T13:42:24+00:00","og_image":[{"width":600,"height":600,"url":"https:\/\/primaverde.com\/wp-content\/uploads\/2021\/05\/RamBoard_SeamTape_afplakken_vloer_naad_verbinden_rol.jpg","type":"image\/jpeg"}],"twitter_card":"summary_large_image","twitter_site":"@PrimaverdeBV","twitter_misc":{"Dur\u00e9e de lecture estim\u00e9e":"1 minute"},"schema":{"@context":"https:\/\/schema.org","@graph":[{"@type":"WebPage","@id":"https:\/\/primaverde.com\/fr\/produit\/ram-board-seam\/","url":"https:\/\/primaverde.com\/fr\/produit\/ram-board-seam\/","name":"Ram Board Seam - Primaverde","isPartOf":{"@id":"https:\/\/primaverde.com\/fr\/#website"},"primaryImageOfPage":{"@id":"https:\/\/primaverde.com\/fr\/produit\/ram-board-seam\/#primaryimage"},"image":{"@id":"https:\/\/primaverde.com\/fr\/produit\/ram-board-seam\/#primaryimage"},"thumbnailUrl":"https:\/\/primaverde.com\/wp-content\/uploads\/2024\/07\/SeamTape_P0NZ_s02.png","datePublished":"2024-07-04T10:00:16+00:00","dateModified":"2026-04-15T13:42:24+00:00","breadcrumb":{"@id":"https:\/\/primaverde.com\/fr\/produit\/ram-board-seam\/#breadcrumb"},"inLanguage":"fr-FR","potentialAction":[{"@type":"ReadAction","target":["https:\/\/primaverde.com\/fr\/produit\/ram-board-seam\/"]}]},{"@type":"ImageObject","inLanguage":"fr-FR","@id":"https:\/\/primaverde.com\/fr\/produit\/ram-board-seam\/#primaryimage","url":"https:\/\/primaverde.com\/wp-content\/uploads\/2024\/07\/SeamTape_P0NZ_s02.png","contentUrl":"https:\/\/primaverde.com\/wp-content\/uploads\/2024\/07\/SeamTape_P0NZ_s02.png","width":600,"height":600},{"@type":"BreadcrumbList","@id":"https:\/\/primaverde.com\/fr\/produit\/ram-board-seam\/#breadcrumb","itemListElement":[{"@type":"ListItem","position":1,"name":"Home","item":"https:\/\/primaverde.com\/fr\/"},{"@type":"ListItem","position":2,"name":"Boutique","item":"https:\/\/primaverde.com\/fr\/boutique\/"},{"@type":"ListItem","position":3,"name":"Ram Board Seam"}]},{"@type":"WebSite","@id":"https:\/\/primaverde.com\/fr\/#website","url":"https:\/\/primaverde.com\/fr\/","name":"Primaverde","description":"Covering material, protection, tapes, Beschermende materialen","publisher":{"@id":"https:\/\/primaverde.com\/fr\/#organization"},"potentialAction":[{"@type":"SearchAction","target":{"@type":"EntryPoint","urlTemplate":"https:\/\/primaverde.com\/fr\/?s={search_term_string}"},"query-input":{"@type":"PropertyValueSpecification","valueRequired":true,"valueName":"search_term_string"}}],"inLanguage":"fr-FR"},{"@type":"Organization","@id":"https:\/\/primaverde.com\/fr\/#organization","name":"Primaverde B.V.","url":"https:\/\/primaverde.com\/fr\/","logo":{"@type":"ImageObject","inLanguage":"fr-FR","@id":"https:\/\/primaverde.com\/fr\/#\/schema\/logo\/image\/","url":"https:\/\/primaverde.com\/wp-content\/uploads\/2015\/03\/Logo_Primaverde.jpg","contentUrl":"https:\/\/primaverde.com\/wp-content\/uploads\/2015\/03\/Logo_Primaverde.jpg","width":1170,"height":212,"caption":"Primaverde B.V."},"image":{"@id":"https:\/\/primaverde.com\/fr\/#\/schema\/logo\/image\/"},"sameAs":["https:\/\/www.facebook.com\/PrimaverdeBV\/","https:\/\/x.com\/PrimaverdeBV","https:\/\/nl.linkedin.com\/company\/primaverde","http:\/\/www.youtube.com\/channel\/UC3DwQqj8f8tatLdSFA0aWwA"]}]}},"_links":{"self":[{"href":"https:\/\/primaverde.com\/fr\/wp-json\/wp\/v2\/product\/42998","targetHints":{"allow":["GET"]}}],"collection":[{"href":"https:\/\/primaverde.com\/fr\/wp-json\/wp\/v2\/product"}],"about":[{"href":"https:\/\/primaverde.com\/fr\/wp-json\/wp\/v2\/types\/product"}],"replies":[{"embeddable":true,"href":"https:\/\/primaverde.com\/fr\/wp-json\/wp\/v2\/comments?post=42998"}],"wp:featuredmedia":[{"embeddable":true,"href":"https:\/\/primaverde.com\/fr\/wp-json\/wp\/v2\/media\/45740"}],"wp:attachment":[{"href":"https:\/\/primaverde.com\/fr\/wp-json\/wp\/v2\/media?parent=42998"}],"wp:term":[{"taxonomy":"product_brand","embeddable":true,"href":"https:\/\/primaverde.com\/fr\/wp-json\/wp\/v2\/product_brand?post=42998"},{"taxonomy":"product_cat","embeddable":true,"href":"https:\/\/primaverde.com\/fr\/wp-json\/wp\/v2\/product_cat?post=42998"},{"taxonomy":"product_tag","embeddable":true,"href":"https:\/\/primaverde.com\/fr\/wp-json\/wp\/v2\/product_tag?post=42998"}],"curies":[{"name":"wp","href":"https:\/\/api.w.org\/{rel}","templated":true}]}}