{"id":43005,"date":"2024-07-04T10:57:30","date_gmt":"2024-07-04T09:57:30","guid":{"rendered":"https:\/\/primaverde.com\/product\/ram-board-edge-tape\/"},"modified":"2026-04-15T14:41:47","modified_gmt":"2026-04-15T13:41:47","slug":"ram-board-edge","status":"publish","type":"product","link":"https:\/\/primaverde.com\/fr\/produit\/ram-board-edge\/","title":{"rendered":"Ram Board Edge"},"content":{"rendered":"<h2>Ruban de masquage facile \u00e0 retirer<\/h2>\n<p>Le Edge Tape 14-Day permet de coller les bords du Ram Board Floor Protection sur le support. L&rsquo;adh\u00e9sif sp\u00e9cialement con\u00e7u \u00e0 cet effet garantit une adh\u00e9rence fiable. Le Edge Tape peut \u00eatre enlev\u00e9e dans les 14 jours sans laisser de r\u00e9sidus de colle.<\/p>\n<p><strong>Propri\u00e9t\u00e9s:<\/strong><\/p>\n<ul>\n<li>Largeur de 63 mm, parfaite pour la mise en place de la protection de plancher Ram Board.<\/li>\n<li>Excellente adh\u00e9rence sur la protection de Ram Board<\/li>\n<li>La couleur orange vif marque les bords des sols<\/li>\n<li>Amovible sans r\u00e9sidu<\/li>\n<\/ul>\n","protected":false},"excerpt":{"rendered":"<h2>Ruban de masquage facile \u00e0 retirer<\/h2>\n<p>Le Edge Tape 14-Day permet de coller les bords du Ram Board Floor Protection sur le support. L&rsquo;adh\u00e9sif sp\u00e9cialement con\u00e7u \u00e0 cet effet garantit une adh\u00e9rence fiable. Le Edge Tape peut \u00eatre enlev\u00e9e dans les 14 jours sans laisser de r\u00e9sidus de colle.<\/p>\n<p><strong>Propri\u00e9t\u00e9s:<\/strong><\/p>\n<ul>\n<li>Largeur de 63 mm, parfaite pour la mise en place de la protection de plancher Ram Board.<\/li>\n<li>Excellente adh\u00e9rence sur la protection de Ram Board<\/li>\n<li>La couleur orange vif marque les bords des sols<\/li>\n<li>Amovible sans r\u00e9sidu<\/li>\n<\/ul>\n","protected":false},"featured_media":45832,"comment_status":"closed","ping_status":"closed","template":"","meta":{"generate_page_header":""},"product_brand":[],"product_cat":[5739],"product_tag":[],"class_list":{"0":"post-43005","1":"product","2":"type-product","3":"status-publish","4":"has-post-thumbnail","6":"product_cat-ramboard","7":"infinite-scroll-item","8":"","9":"woocommerce-text-align-left","10":"woocommerce-image-align-center","11":"wc-has-gallery","13":"first","14":"instock","15":"shipping-taxable","16":"product-type-simple"},"yoast_head":"<!-- This site is optimized with the Yoast SEO Premium plugin v26.8 (Yoast SEO v27.4) - https:\/\/yoast.com\/product\/yoast-seo-premium-wordpress\/ -->\n<title>Ram Board Edge - Primaverde<\/title>\n<meta name=\"robots\" content=\"index, follow, max-snippet:-1, max-image-preview:large, max-video-preview:-1\" \/>\n<link rel=\"canonical\" href=\"https:\/\/primaverde.com\/fr\/produit\/ram-board-edge\/\" \/>\n<meta property=\"og:locale\" content=\"fr_FR\" \/>\n<meta property=\"og:type\" content=\"article\" \/>\n<meta property=\"og:title\" content=\"Ram Board Edge\" \/>\n<meta property=\"og:description\" content=\"Ruban de masquage facile \u00e0 retirerLe Edge Tape 14-Day permet de coller les bords du Ram Board Floor Protection sur le support. L&#039;adh\u00e9sif sp\u00e9cialement con\u00e7u \u00e0 cet effet garantit une adh\u00e9rence fiable. Le Edge Tape peut \u00eatre enlev\u00e9e dans les 14 jours sans laisser de r\u00e9sidus de colle.Propri\u00e9t\u00e9s:Largeur de 63 mm, parfaite pour la mise en place de la protection de plancher Ram Board.Excellente adh\u00e9rence sur la protection de Ram BoardLa couleur orange vif marque les bords des solsAmovible sans r\u00e9sidu\" \/>\n<meta property=\"og:url\" content=\"https:\/\/primaverde.com\/fr\/produit\/ram-board-edge\/\" \/>\n<meta property=\"og:site_name\" content=\"Primaverde\" \/>\n<meta property=\"article:publisher\" content=\"https:\/\/www.facebook.com\/PrimaverdeBV\/\" \/>\n<meta property=\"article:modified_time\" content=\"2026-04-15T13:41:47+00:00\" \/>\n<meta property=\"og:image\" content=\"https:\/\/primaverde.com\/wp-content\/uploads\/2024\/07\/EdgeTape14Day_P0NZ_s02.png\" \/>\n\t<meta property=\"og:image:width\" content=\"600\" \/>\n\t<meta property=\"og:image:height\" content=\"600\" \/>\n\t<meta property=\"og:image:type\" content=\"image\/png\" \/>\n<meta name=\"twitter:card\" content=\"summary_large_image\" \/>\n<meta name=\"twitter:site\" content=\"@PrimaverdeBV\" \/>\n<meta name=\"twitter:label1\" content=\"Dur\u00e9e de lecture estim\u00e9e\" \/>\n\t<meta name=\"twitter:data1\" content=\"1 minute\" \/>\n<script type=\"application\/ld+json\" class=\"yoast-schema-graph\">{\"@context\":\"https:\\\/\\\/schema.org\",\"@graph\":[{\"@type\":\"WebPage\",\"@id\":\"https:\\\/\\\/primaverde.com\\\/fr\\\/produit\\\/ram-board-edge\\\/\",\"url\":\"https:\\\/\\\/primaverde.com\\\/fr\\\/produit\\\/ram-board-edge\\\/\",\"name\":\"Ram Board Edge - Primaverde\",\"isPartOf\":{\"@id\":\"https:\\\/\\\/primaverde.com\\\/fr\\\/#website\"},\"primaryImageOfPage\":{\"@id\":\"https:\\\/\\\/primaverde.com\\\/fr\\\/produit\\\/ram-board-edge\\\/#primaryimage\"},\"image\":{\"@id\":\"https:\\\/\\\/primaverde.com\\\/fr\\\/produit\\\/ram-board-edge\\\/#primaryimage\"},\"thumbnailUrl\":\"https:\\\/\\\/primaverde.com\\\/wp-content\\\/uploads\\\/2024\\\/07\\\/EdgeTape14Day_P0NZ_s02.png\",\"datePublished\":\"2024-07-04T09:57:30+00:00\",\"dateModified\":\"2026-04-15T13:41:47+00:00\",\"breadcrumb\":{\"@id\":\"https:\\\/\\\/primaverde.com\\\/fr\\\/produit\\\/ram-board-edge\\\/#breadcrumb\"},\"inLanguage\":\"fr-FR\",\"potentialAction\":[{\"@type\":\"ReadAction\",\"target\":[\"https:\\\/\\\/primaverde.com\\\/fr\\\/produit\\\/ram-board-edge\\\/\"]}]},{\"@type\":\"ImageObject\",\"inLanguage\":\"fr-FR\",\"@id\":\"https:\\\/\\\/primaverde.com\\\/fr\\\/produit\\\/ram-board-edge\\\/#primaryimage\",\"url\":\"https:\\\/\\\/primaverde.com\\\/wp-content\\\/uploads\\\/2024\\\/07\\\/EdgeTape14Day_P0NZ_s02.png\",\"contentUrl\":\"https:\\\/\\\/primaverde.com\\\/wp-content\\\/uploads\\\/2024\\\/07\\\/EdgeTape14Day_P0NZ_s02.png\",\"width\":600,\"height\":600},{\"@type\":\"BreadcrumbList\",\"@id\":\"https:\\\/\\\/primaverde.com\\\/fr\\\/produit\\\/ram-board-edge\\\/#breadcrumb\",\"itemListElement\":[{\"@type\":\"ListItem\",\"position\":1,\"name\":\"Home\",\"item\":\"https:\\\/\\\/primaverde.com\\\/fr\\\/\"},{\"@type\":\"ListItem\",\"position\":2,\"name\":\"Boutique\",\"item\":\"https:\\\/\\\/primaverde.com\\\/fr\\\/boutique\\\/\"},{\"@type\":\"ListItem\",\"position\":3,\"name\":\"Ram Board Edge\"}]},{\"@type\":\"WebSite\",\"@id\":\"https:\\\/\\\/primaverde.com\\\/fr\\\/#website\",\"url\":\"https:\\\/\\\/primaverde.com\\\/fr\\\/\",\"name\":\"Primaverde\",\"description\":\"Covering material, protection, tapes, Beschermende materialen\",\"publisher\":{\"@id\":\"https:\\\/\\\/primaverde.com\\\/fr\\\/#organization\"},\"potentialAction\":[{\"@type\":\"SearchAction\",\"target\":{\"@type\":\"EntryPoint\",\"urlTemplate\":\"https:\\\/\\\/primaverde.com\\\/fr\\\/?s={search_term_string}\"},\"query-input\":{\"@type\":\"PropertyValueSpecification\",\"valueRequired\":true,\"valueName\":\"search_term_string\"}}],\"inLanguage\":\"fr-FR\"},{\"@type\":\"Organization\",\"@id\":\"https:\\\/\\\/primaverde.com\\\/fr\\\/#organization\",\"name\":\"Primaverde B.V.\",\"url\":\"https:\\\/\\\/primaverde.com\\\/fr\\\/\",\"logo\":{\"@type\":\"ImageObject\",\"inLanguage\":\"fr-FR\",\"@id\":\"https:\\\/\\\/primaverde.com\\\/fr\\\/#\\\/schema\\\/logo\\\/image\\\/\",\"url\":\"https:\\\/\\\/primaverde.com\\\/wp-content\\\/uploads\\\/2015\\\/03\\\/Logo_Primaverde.jpg\",\"contentUrl\":\"https:\\\/\\\/primaverde.com\\\/wp-content\\\/uploads\\\/2015\\\/03\\\/Logo_Primaverde.jpg\",\"width\":1170,\"height\":212,\"caption\":\"Primaverde B.V.\"},\"image\":{\"@id\":\"https:\\\/\\\/primaverde.com\\\/fr\\\/#\\\/schema\\\/logo\\\/image\\\/\"},\"sameAs\":[\"https:\\\/\\\/www.facebook.com\\\/PrimaverdeBV\\\/\",\"https:\\\/\\\/x.com\\\/PrimaverdeBV\",\"https:\\\/\\\/nl.linkedin.com\\\/company\\\/primaverde\",\"http:\\\/\\\/www.youtube.com\\\/channel\\\/UC3DwQqj8f8tatLdSFA0aWwA\"]}]}<\/script>\n<!-- \/ Yoast SEO Premium plugin. -->","yoast_head_json":{"title":"Ram Board Edge - Primaverde","robots":{"index":"index","follow":"follow","max-snippet":"max-snippet:-1","max-image-preview":"max-image-preview:large","max-video-preview":"max-video-preview:-1"},"canonical":"https:\/\/primaverde.com\/fr\/produit\/ram-board-edge\/","og_locale":"fr_FR","og_type":"article","og_title":"Ram Board Edge","og_description":"Ruban de masquage facile \u00e0 retirerLe Edge Tape 14-Day permet de coller les bords du Ram Board Floor Protection sur le support. L'adh\u00e9sif sp\u00e9cialement con\u00e7u \u00e0 cet effet garantit une adh\u00e9rence fiable. Le Edge Tape peut \u00eatre enlev\u00e9e dans les 14 jours sans laisser de r\u00e9sidus de colle.Propri\u00e9t\u00e9s:Largeur de 63 mm, parfaite pour la mise en place de la protection de plancher Ram Board.Excellente adh\u00e9rence sur la protection de Ram BoardLa couleur orange vif marque les bords des solsAmovible sans r\u00e9sidu","og_url":"https:\/\/primaverde.com\/fr\/produit\/ram-board-edge\/","og_site_name":"Primaverde","article_publisher":"https:\/\/www.facebook.com\/PrimaverdeBV\/","article_modified_time":"2026-04-15T13:41:47+00:00","og_image":[{"width":600,"height":600,"url":"https:\/\/primaverde.com\/wp-content\/uploads\/2024\/07\/EdgeTape14Day_P0NZ_s02.png","type":"image\/png"}],"twitter_card":"summary_large_image","twitter_site":"@PrimaverdeBV","twitter_misc":{"Dur\u00e9e de lecture estim\u00e9e":"1 minute"},"schema":{"@context":"https:\/\/schema.org","@graph":[{"@type":"WebPage","@id":"https:\/\/primaverde.com\/fr\/produit\/ram-board-edge\/","url":"https:\/\/primaverde.com\/fr\/produit\/ram-board-edge\/","name":"Ram Board Edge - Primaverde","isPartOf":{"@id":"https:\/\/primaverde.com\/fr\/#website"},"primaryImageOfPage":{"@id":"https:\/\/primaverde.com\/fr\/produit\/ram-board-edge\/#primaryimage"},"image":{"@id":"https:\/\/primaverde.com\/fr\/produit\/ram-board-edge\/#primaryimage"},"thumbnailUrl":"https:\/\/primaverde.com\/wp-content\/uploads\/2024\/07\/EdgeTape14Day_P0NZ_s02.png","datePublished":"2024-07-04T09:57:30+00:00","dateModified":"2026-04-15T13:41:47+00:00","breadcrumb":{"@id":"https:\/\/primaverde.com\/fr\/produit\/ram-board-edge\/#breadcrumb"},"inLanguage":"fr-FR","potentialAction":[{"@type":"ReadAction","target":["https:\/\/primaverde.com\/fr\/produit\/ram-board-edge\/"]}]},{"@type":"ImageObject","inLanguage":"fr-FR","@id":"https:\/\/primaverde.com\/fr\/produit\/ram-board-edge\/#primaryimage","url":"https:\/\/primaverde.com\/wp-content\/uploads\/2024\/07\/EdgeTape14Day_P0NZ_s02.png","contentUrl":"https:\/\/primaverde.com\/wp-content\/uploads\/2024\/07\/EdgeTape14Day_P0NZ_s02.png","width":600,"height":600},{"@type":"BreadcrumbList","@id":"https:\/\/primaverde.com\/fr\/produit\/ram-board-edge\/#breadcrumb","itemListElement":[{"@type":"ListItem","position":1,"name":"Home","item":"https:\/\/primaverde.com\/fr\/"},{"@type":"ListItem","position":2,"name":"Boutique","item":"https:\/\/primaverde.com\/fr\/boutique\/"},{"@type":"ListItem","position":3,"name":"Ram Board Edge"}]},{"@type":"WebSite","@id":"https:\/\/primaverde.com\/fr\/#website","url":"https:\/\/primaverde.com\/fr\/","name":"Primaverde","description":"Covering material, protection, tapes, Beschermende materialen","publisher":{"@id":"https:\/\/primaverde.com\/fr\/#organization"},"potentialAction":[{"@type":"SearchAction","target":{"@type":"EntryPoint","urlTemplate":"https:\/\/primaverde.com\/fr\/?s={search_term_string}"},"query-input":{"@type":"PropertyValueSpecification","valueRequired":true,"valueName":"search_term_string"}}],"inLanguage":"fr-FR"},{"@type":"Organization","@id":"https:\/\/primaverde.com\/fr\/#organization","name":"Primaverde B.V.","url":"https:\/\/primaverde.com\/fr\/","logo":{"@type":"ImageObject","inLanguage":"fr-FR","@id":"https:\/\/primaverde.com\/fr\/#\/schema\/logo\/image\/","url":"https:\/\/primaverde.com\/wp-content\/uploads\/2015\/03\/Logo_Primaverde.jpg","contentUrl":"https:\/\/primaverde.com\/wp-content\/uploads\/2015\/03\/Logo_Primaverde.jpg","width":1170,"height":212,"caption":"Primaverde B.V."},"image":{"@id":"https:\/\/primaverde.com\/fr\/#\/schema\/logo\/image\/"},"sameAs":["https:\/\/www.facebook.com\/PrimaverdeBV\/","https:\/\/x.com\/PrimaverdeBV","https:\/\/nl.linkedin.com\/company\/primaverde","http:\/\/www.youtube.com\/channel\/UC3DwQqj8f8tatLdSFA0aWwA"]}]}},"_links":{"self":[{"href":"https:\/\/primaverde.com\/fr\/wp-json\/wp\/v2\/product\/43005","targetHints":{"allow":["GET"]}}],"collection":[{"href":"https:\/\/primaverde.com\/fr\/wp-json\/wp\/v2\/product"}],"about":[{"href":"https:\/\/primaverde.com\/fr\/wp-json\/wp\/v2\/types\/product"}],"replies":[{"embeddable":true,"href":"https:\/\/primaverde.com\/fr\/wp-json\/wp\/v2\/comments?post=43005"}],"wp:featuredmedia":[{"embeddable":true,"href":"https:\/\/primaverde.com\/fr\/wp-json\/wp\/v2\/media\/45832"}],"wp:attachment":[{"href":"https:\/\/primaverde.com\/fr\/wp-json\/wp\/v2\/media?parent=43005"}],"wp:term":[{"taxonomy":"product_brand","embeddable":true,"href":"https:\/\/primaverde.com\/fr\/wp-json\/wp\/v2\/product_brand?post=43005"},{"taxonomy":"product_cat","embeddable":true,"href":"https:\/\/primaverde.com\/fr\/wp-json\/wp\/v2\/product_cat?post=43005"},{"taxonomy":"product_tag","embeddable":true,"href":"https:\/\/primaverde.com\/fr\/wp-json\/wp\/v2\/product_tag?post=43005"}],"curies":[{"name":"wp","href":"https:\/\/api.w.org\/{rel}","templated":true}]}}