{"id":26240,"date":"2019-01-08T20:29:38","date_gmt":"2019-01-08T19:29:38","guid":{"rendered":"https:\/\/primaverde.com\/curtain-wall-brand\/"},"modified":"2021-03-05T18:42:33","modified_gmt":"2021-03-05T17:42:33","slug":"curtain-wall","status":"publish","type":"page","link":"https:\/\/primaverde.com\/no\/curtain-wall\/","title":{"rendered":"Curtain-Wall"},"content":{"rendered":"\n<h1 class=\"has-text-align-center wp-block-heading\">Curtain-Wall antist\u00f8v system<\/h1>\n\n\n\n<h2 class=\"has-text-align-center wp-block-heading\"> Curtain-Wall er den perfekte l\u00f8sningen for beskyttelse mot st\u00f8vpartikler <\/h2>\n\n\n\n<div class=\"wp-block-columns has-2-columns is-layout-flex wp-container-core-columns-is-layout-9d6595d7 wp-block-columns-is-layout-flex\">\n<div class=\"wp-block-column is-layout-flow wp-block-column-is-layout-flow\">\n<figure class=\"wp-block-gallery columns-2 is-cropped aligncenter wp-block-gallery-1 is-layout-flex wp-block-gallery-is-layout-flex\"><ul class=\"blocks-gallery-grid\"><li class=\"blocks-gallery-item\"><figure><a href=\"https:\/\/primaverde.com\/wp-content\/uploads\/2015\/03\/Curtain-Wall15_logo_content_categorie.jpg\"><img loading=\"lazy\" decoding=\"async\" width=\"600\" height=\"399\" src=\"https:\/\/primaverde.com\/wp-content\/uploads\/2015\/03\/Curtain-Wall15_logo_content_categorie.jpg\" alt=\"Primaverde Curtain-Wall\" data-id=\"360\" data-link=\"https:\/\/primaverde.com\/primaverde-4\/attachment\/curtain-wall15_logo_content_categorie\/#main\" class=\"wp-image-26176\" srcset=\"https:\/\/primaverde.com\/wp-content\/uploads\/2015\/03\/Curtain-Wall15_logo_content_categorie.jpg 600w, https:\/\/primaverde.com\/wp-content\/uploads\/2015\/03\/Curtain-Wall15_logo_content_categorie-300x200.jpg 300w, https:\/\/primaverde.com\/wp-content\/uploads\/2015\/03\/Curtain-Wall15_logo_content_categorie-272x182.jpg 272w\" sizes=\"auto, (max-width: 600px) 100vw, 600px\" \/><\/a><\/figure><\/li><li class=\"blocks-gallery-item\"><figure><a href=\"https:\/\/primaverde.com\/wp-content\/uploads\/2015\/03\/Curtain-Wall14_logo_content_categorie.jpg\"><img loading=\"lazy\" decoding=\"async\" width=\"600\" height=\"399\" src=\"https:\/\/primaverde.com\/wp-content\/uploads\/2015\/03\/Curtain-Wall14_logo_content_categorie.jpg\" alt=\"Primaverde Curtain-Wall\" data-id=\"359\" data-link=\"https:\/\/primaverde.com\/primaverde-4\/attachment\/curtain-wall14_logo_content_categorie\/#main\" class=\"wp-image-26175\" srcset=\"https:\/\/primaverde.com\/wp-content\/uploads\/2015\/03\/Curtain-Wall14_logo_content_categorie.jpg 600w, https:\/\/primaverde.com\/wp-content\/uploads\/2015\/03\/Curtain-Wall14_logo_content_categorie-300x200.jpg 300w, https:\/\/primaverde.com\/wp-content\/uploads\/2015\/03\/Curtain-Wall14_logo_content_categorie-272x182.jpg 272w\" sizes=\"auto, (max-width: 600px) 100vw, 600px\" \/><\/a><\/figure><\/li><li class=\"blocks-gallery-item\"><figure><a href=\"https:\/\/primaverde.com\/wp-content\/uploads\/2015\/03\/Curtain-Wall13_logo_content_categorie.jpg\"><img loading=\"lazy\" decoding=\"async\" width=\"600\" height=\"399\" src=\"https:\/\/primaverde.com\/wp-content\/uploads\/2015\/03\/Curtain-Wall13_logo_content_categorie.jpg\" alt=\"Curtain-Wall\" data-id=\"358\" data-link=\"https:\/\/primaverde.com\/primaverde-4\/attachment\/curtain-wall13_logo_content_categorie\/#main\" class=\"wp-image-26174\" srcset=\"https:\/\/primaverde.com\/wp-content\/uploads\/2015\/03\/Curtain-Wall13_logo_content_categorie.jpg 600w, https:\/\/primaverde.com\/wp-content\/uploads\/2015\/03\/Curtain-Wall13_logo_content_categorie-300x200.jpg 300w, https:\/\/primaverde.com\/wp-content\/uploads\/2015\/03\/Curtain-Wall13_logo_content_categorie-272x182.jpg 272w\" sizes=\"auto, (max-width: 600px) 100vw, 600px\" \/><\/a><\/figure><\/li><li class=\"blocks-gallery-item\"><figure><a href=\"https:\/\/primaverde.com\/wp-content\/uploads\/2015\/03\/Curtain-Wall10_logo_content_categorie.jpg\"><img loading=\"lazy\" decoding=\"async\" width=\"600\" height=\"399\" src=\"https:\/\/primaverde.com\/wp-content\/uploads\/2015\/03\/Curtain-Wall10_logo_content_categorie.jpg\" alt=\"Primaverde Curtain-Wall\" data-id=\"355\" data-link=\"https:\/\/primaverde.com\/primaverde-4\/attachment\/curtain-wall10_logo_content_categorie\/#main\" class=\"wp-image-26173\" srcset=\"https:\/\/primaverde.com\/wp-content\/uploads\/2015\/03\/Curtain-Wall10_logo_content_categorie.jpg 600w, https:\/\/primaverde.com\/wp-content\/uploads\/2015\/03\/Curtain-Wall10_logo_content_categorie-300x200.jpg 300w, https:\/\/primaverde.com\/wp-content\/uploads\/2015\/03\/Curtain-Wall10_logo_content_categorie-272x182.jpg 272w\" sizes=\"auto, (max-width: 600px) 100vw, 600px\" \/><\/a><\/figure><\/li><li class=\"blocks-gallery-item\"><figure><a href=\"https:\/\/primaverde.com\/wp-content\/uploads\/2015\/03\/Curtain-Wall6_logo_content_categorie.jpg\"><img loading=\"lazy\" decoding=\"async\" width=\"600\" height=\"399\" src=\"https:\/\/primaverde.com\/wp-content\/uploads\/2015\/03\/Curtain-Wall6_logo_content_categorie.jpg\" alt=\"Primaverde Curtain-Wall\" data-id=\"351\" data-link=\"https:\/\/primaverde.com\/primaverde-4\/attachment\/curtain-wall6_logo_content_categorie\/#main\" class=\"wp-image-26038\" srcset=\"https:\/\/primaverde.com\/wp-content\/uploads\/2015\/03\/Curtain-Wall6_logo_content_categorie.jpg 600w, https:\/\/primaverde.com\/wp-content\/uploads\/2015\/03\/Curtain-Wall6_logo_content_categorie-300x200.jpg 300w, https:\/\/primaverde.com\/wp-content\/uploads\/2015\/03\/Curtain-Wall6_logo_content_categorie-272x182.jpg 272w\" sizes=\"auto, (max-width: 600px) 100vw, 600px\" \/><\/a><\/figure><\/li><li class=\"blocks-gallery-item\"><figure><a href=\"https:\/\/primaverde.com\/wp-content\/uploads\/2015\/03\/Curtain-Wall2_logo_content_categorie.jpg\"><img loading=\"lazy\" decoding=\"async\" width=\"600\" height=\"399\" src=\"https:\/\/primaverde.com\/wp-content\/uploads\/2015\/03\/Curtain-Wall2_logo_content_categorie.jpg\" alt=\"Primaverde Curtain-Wall\" data-id=\"348\" data-link=\"https:\/\/primaverde.com\/primaverde-4\/attachment\/curtain-wall2_logo_content_categorie\/#main\" class=\"wp-image-26036\" srcset=\"https:\/\/primaverde.com\/wp-content\/uploads\/2015\/03\/Curtain-Wall2_logo_content_categorie.jpg 600w, https:\/\/primaverde.com\/wp-content\/uploads\/2015\/03\/Curtain-Wall2_logo_content_categorie-300x200.jpg 300w, https:\/\/primaverde.com\/wp-content\/uploads\/2015\/03\/Curtain-Wall2_logo_content_categorie-272x182.jpg 272w\" sizes=\"auto, (max-width: 600px) 100vw, 600px\" \/><\/a><\/figure><\/li><\/ul><\/figure>\n<\/div>\n\n\n\n<div class=\"wp-block-column is-layout-flow wp-block-column-is-layout-flow\">\n<p><strong>Curtain-Wall <\/strong>er den ideelle romdeleren som beskytter mot st\u00f8v. Mens renovasjonsarbeidet foreg\u00e5r p\u00e5 den ene siden, kan normalt arbeid fortsette p\u00e5 den andre siden.<strong><br><\/strong><\/p>\n\n\n\n<p>Utseendet p\u00e5 Curtain- Wall er ganske attraktivt. Dette er viktig p\u00e5 steder hvor renovasjonsarbeid er n\u00f8dvendig men  er en u\u00f8nsket forstyrrelse, og hvor bygningsarbeidet helst b\u00f8r foretas uten syn. Eksempler er kontorer, sykehus, butikker, skoler, banker, hoteller og boligprosjekter.<\/p>\n\n\n\n<h3 class=\"wp-block-heading\">Curtain-Wall er rask \u00e5 montere<\/h3>\n\n\n\n<p>Curtain-Wall er det beste alternativet til midlertidige skjermvegger laget av aluminium og landbruksplast. Ikke bare kan Curtain-Wall brukes p\u00e5 nytt, men det kan monteres opp av bare en person p\u00e5 bare noen f\u00e5 minutter. Det vil til og med n\u00e5 opp til et tak p\u00e5 4 meter. Den er ideell for eksempel for h\u00f8ye interi\u00f8romr\u00e5der som i offentlige bygninger, innganger, verksteder og historiske bygninger.<\/p>\n\n\n\n<p>The Curtain-Wall antist\u00f8v system tilbys i mange forskjellige utf\u00f8relser. Flere basis kit, tilbeh\u00f8r og utvidelser er tilgjengelige.<\/p>\n\n\n\n<p><a rel=\"noreferrer noopener\" href=\"https:\/\/curtainwalleurope.com\/en\/\" target=\"_blank\"><em>Klikk her for ytterligere informasjon om Curtain-Wall.<\/em><\/a><\/p>\n<\/div>\n<\/div>\n\n\n\n<p><\/p>\n","protected":false},"excerpt":{"rendered":"<p>Curtain-Wall antist\u00f8v system Curtain-Wall er den perfekte l\u00f8sningen for beskyttelse mot st\u00f8vpartikler Curtain-Wall er den ideelle romdeleren som beskytter mot &#8230; <a title=\"Curtain-Wall\" class=\"read-more\" href=\"https:\/\/primaverde.com\/no\/curtain-wall\/\" aria-label=\"Read more about Curtain-Wall\">Lees verder&#8230;<\/a><\/p>\n","protected":false},"author":7,"featured_media":0,"parent":0,"menu_order":3,"comment_status":"closed","ping_status":"closed","template":"","meta":{"generate_page_header":"","footnotes":""},"class_list":{"0":"post-26240","1":"page","2":"type-page","3":"status-publish","5":"infinite-scroll-item"},"yoast_head":"<!-- This site is optimized with the Yoast SEO Premium plugin v26.8 (Yoast SEO v27.4) - https:\/\/yoast.com\/product\/yoast-seo-premium-wordpress\/ -->\n<title>Curtain-Wall - Primaverde<\/title>\n<meta name=\"robots\" content=\"index, follow, max-snippet:-1, max-image-preview:large, max-video-preview:-1\" \/>\n<link rel=\"canonical\" href=\"https:\/\/primaverde.com\/no\/curtain-wall\/\" \/>\n<meta property=\"og:locale\" content=\"nb_NO\" \/>\n<meta property=\"og:type\" content=\"article\" \/>\n<meta property=\"og:title\" content=\"Curtain-Wall\" \/>\n<meta property=\"og:description\" content=\"Curtain-Wall antist\u00f8v system Curtain-Wall er den perfekte l\u00f8sningen for beskyttelse mot st\u00f8vpartikler Curtain-Wall er den ideelle romdeleren som beskytter mot ... Lees verder...\" \/>\n<meta property=\"og:url\" content=\"https:\/\/primaverde.com\/no\/curtain-wall\/\" \/>\n<meta property=\"og:site_name\" content=\"Primaverde\" \/>\n<meta property=\"article:publisher\" content=\"https:\/\/www.facebook.com\/PrimaverdeBV\/\" \/>\n<meta property=\"article:modified_time\" content=\"2021-03-05T17:42:33+00:00\" \/>\n<meta property=\"og:image\" content=\"https:\/\/primaverde.com\/wp-content\/uploads\/2015\/03\/Curtain-Wall15_logo_content_categorie.jpg\" \/>\n<meta name=\"twitter:card\" content=\"summary_large_image\" \/>\n<meta name=\"twitter:site\" content=\"@PrimaverdeBV\" \/>\n<meta name=\"twitter:label1\" content=\"Ansl. lesetid\" \/>\n\t<meta name=\"twitter:data1\" content=\"1 minutt\" \/>\n<script type=\"application\/ld+json\" class=\"yoast-schema-graph\">{\"@context\":\"https:\\\/\\\/schema.org\",\"@graph\":[{\"@type\":\"WebPage\",\"@id\":\"https:\\\/\\\/primaverde.com\\\/no\\\/curtain-wall\\\/\",\"url\":\"https:\\\/\\\/primaverde.com\\\/no\\\/curtain-wall\\\/\",\"name\":\"Curtain-Wall - Primaverde\",\"isPartOf\":{\"@id\":\"https:\\\/\\\/primaverde.com\\\/no\\\/#website\"},\"primaryImageOfPage\":{\"@id\":\"https:\\\/\\\/primaverde.com\\\/no\\\/curtain-wall\\\/#primaryimage\"},\"image\":{\"@id\":\"https:\\\/\\\/primaverde.com\\\/no\\\/curtain-wall\\\/#primaryimage\"},\"thumbnailUrl\":\"https:\\\/\\\/primaverde.com\\\/wp-content\\\/uploads\\\/2015\\\/03\\\/Curtain-Wall15_logo_content_categorie.jpg\",\"datePublished\":\"2019-01-08T19:29:38+00:00\",\"dateModified\":\"2021-03-05T17:42:33+00:00\",\"breadcrumb\":{\"@id\":\"https:\\\/\\\/primaverde.com\\\/no\\\/curtain-wall\\\/#breadcrumb\"},\"inLanguage\":\"nb-NO\",\"potentialAction\":[{\"@type\":\"ReadAction\",\"target\":[\"https:\\\/\\\/primaverde.com\\\/no\\\/curtain-wall\\\/\"]}]},{\"@type\":\"ImageObject\",\"inLanguage\":\"nb-NO\",\"@id\":\"https:\\\/\\\/primaverde.com\\\/no\\\/curtain-wall\\\/#primaryimage\",\"url\":\"https:\\\/\\\/primaverde.com\\\/wp-content\\\/uploads\\\/2015\\\/03\\\/Curtain-Wall15_logo_content_categorie.jpg\",\"contentUrl\":\"https:\\\/\\\/primaverde.com\\\/wp-content\\\/uploads\\\/2015\\\/03\\\/Curtain-Wall15_logo_content_categorie.jpg\"},{\"@type\":\"BreadcrumbList\",\"@id\":\"https:\\\/\\\/primaverde.com\\\/no\\\/curtain-wall\\\/#breadcrumb\",\"itemListElement\":[{\"@type\":\"ListItem\",\"position\":1,\"name\":\"Home\",\"item\":\"https:\\\/\\\/primaverde.com\\\/no\\\/\"},{\"@type\":\"ListItem\",\"position\":2,\"name\":\"Curtain-Wall\"}]},{\"@type\":\"WebSite\",\"@id\":\"https:\\\/\\\/primaverde.com\\\/no\\\/#website\",\"url\":\"https:\\\/\\\/primaverde.com\\\/no\\\/\",\"name\":\"Primaverde\",\"description\":\"Covering material, protection, tapes, Beschermende materialen\",\"publisher\":{\"@id\":\"https:\\\/\\\/primaverde.com\\\/no\\\/#organization\"},\"potentialAction\":[{\"@type\":\"SearchAction\",\"target\":{\"@type\":\"EntryPoint\",\"urlTemplate\":\"https:\\\/\\\/primaverde.com\\\/no\\\/?s={search_term_string}\"},\"query-input\":{\"@type\":\"PropertyValueSpecification\",\"valueRequired\":true,\"valueName\":\"search_term_string\"}}],\"inLanguage\":\"nb-NO\"},{\"@type\":\"Organization\",\"@id\":\"https:\\\/\\\/primaverde.com\\\/no\\\/#organization\",\"name\":\"Primaverde B.V.\",\"url\":\"https:\\\/\\\/primaverde.com\\\/no\\\/\",\"logo\":{\"@type\":\"ImageObject\",\"inLanguage\":\"nb-NO\",\"@id\":\"https:\\\/\\\/primaverde.com\\\/no\\\/#\\\/schema\\\/logo\\\/image\\\/\",\"url\":\"https:\\\/\\\/primaverde.com\\\/wp-content\\\/uploads\\\/2015\\\/03\\\/Logo_Primaverde.jpg\",\"contentUrl\":\"https:\\\/\\\/primaverde.com\\\/wp-content\\\/uploads\\\/2015\\\/03\\\/Logo_Primaverde.jpg\",\"width\":1170,\"height\":212,\"caption\":\"Primaverde B.V.\"},\"image\":{\"@id\":\"https:\\\/\\\/primaverde.com\\\/no\\\/#\\\/schema\\\/logo\\\/image\\\/\"},\"sameAs\":[\"https:\\\/\\\/www.facebook.com\\\/PrimaverdeBV\\\/\",\"https:\\\/\\\/x.com\\\/PrimaverdeBV\",\"https:\\\/\\\/nl.linkedin.com\\\/company\\\/primaverde\",\"http:\\\/\\\/www.youtube.com\\\/channel\\\/UC3DwQqj8f8tatLdSFA0aWwA\"]}]}<\/script>\n<!-- \/ Yoast SEO Premium plugin. -->","yoast_head_json":{"title":"Curtain-Wall - Primaverde","robots":{"index":"index","follow":"follow","max-snippet":"max-snippet:-1","max-image-preview":"max-image-preview:large","max-video-preview":"max-video-preview:-1"},"canonical":"https:\/\/primaverde.com\/no\/curtain-wall\/","og_locale":"nb_NO","og_type":"article","og_title":"Curtain-Wall","og_description":"Curtain-Wall antist\u00f8v system Curtain-Wall er den perfekte l\u00f8sningen for beskyttelse mot st\u00f8vpartikler Curtain-Wall er den ideelle romdeleren som beskytter mot ... Lees verder...","og_url":"https:\/\/primaverde.com\/no\/curtain-wall\/","og_site_name":"Primaverde","article_publisher":"https:\/\/www.facebook.com\/PrimaverdeBV\/","article_modified_time":"2021-03-05T17:42:33+00:00","og_image":[{"url":"https:\/\/primaverde.com\/wp-content\/uploads\/2015\/03\/Curtain-Wall15_logo_content_categorie.jpg","type":"","width":"","height":""}],"twitter_card":"summary_large_image","twitter_site":"@PrimaverdeBV","twitter_misc":{"Ansl. lesetid":"1 minutt"},"schema":{"@context":"https:\/\/schema.org","@graph":[{"@type":"WebPage","@id":"https:\/\/primaverde.com\/no\/curtain-wall\/","url":"https:\/\/primaverde.com\/no\/curtain-wall\/","name":"Curtain-Wall - Primaverde","isPartOf":{"@id":"https:\/\/primaverde.com\/no\/#website"},"primaryImageOfPage":{"@id":"https:\/\/primaverde.com\/no\/curtain-wall\/#primaryimage"},"image":{"@id":"https:\/\/primaverde.com\/no\/curtain-wall\/#primaryimage"},"thumbnailUrl":"https:\/\/primaverde.com\/wp-content\/uploads\/2015\/03\/Curtain-Wall15_logo_content_categorie.jpg","datePublished":"2019-01-08T19:29:38+00:00","dateModified":"2021-03-05T17:42:33+00:00","breadcrumb":{"@id":"https:\/\/primaverde.com\/no\/curtain-wall\/#breadcrumb"},"inLanguage":"nb-NO","potentialAction":[{"@type":"ReadAction","target":["https:\/\/primaverde.com\/no\/curtain-wall\/"]}]},{"@type":"ImageObject","inLanguage":"nb-NO","@id":"https:\/\/primaverde.com\/no\/curtain-wall\/#primaryimage","url":"https:\/\/primaverde.com\/wp-content\/uploads\/2015\/03\/Curtain-Wall15_logo_content_categorie.jpg","contentUrl":"https:\/\/primaverde.com\/wp-content\/uploads\/2015\/03\/Curtain-Wall15_logo_content_categorie.jpg"},{"@type":"BreadcrumbList","@id":"https:\/\/primaverde.com\/no\/curtain-wall\/#breadcrumb","itemListElement":[{"@type":"ListItem","position":1,"name":"Home","item":"https:\/\/primaverde.com\/no\/"},{"@type":"ListItem","position":2,"name":"Curtain-Wall"}]},{"@type":"WebSite","@id":"https:\/\/primaverde.com\/no\/#website","url":"https:\/\/primaverde.com\/no\/","name":"Primaverde","description":"Covering material, protection, tapes, Beschermende materialen","publisher":{"@id":"https:\/\/primaverde.com\/no\/#organization"},"potentialAction":[{"@type":"SearchAction","target":{"@type":"EntryPoint","urlTemplate":"https:\/\/primaverde.com\/no\/?s={search_term_string}"},"query-input":{"@type":"PropertyValueSpecification","valueRequired":true,"valueName":"search_term_string"}}],"inLanguage":"nb-NO"},{"@type":"Organization","@id":"https:\/\/primaverde.com\/no\/#organization","name":"Primaverde B.V.","url":"https:\/\/primaverde.com\/no\/","logo":{"@type":"ImageObject","inLanguage":"nb-NO","@id":"https:\/\/primaverde.com\/no\/#\/schema\/logo\/image\/","url":"https:\/\/primaverde.com\/wp-content\/uploads\/2015\/03\/Logo_Primaverde.jpg","contentUrl":"https:\/\/primaverde.com\/wp-content\/uploads\/2015\/03\/Logo_Primaverde.jpg","width":1170,"height":212,"caption":"Primaverde B.V."},"image":{"@id":"https:\/\/primaverde.com\/no\/#\/schema\/logo\/image\/"},"sameAs":["https:\/\/www.facebook.com\/PrimaverdeBV\/","https:\/\/x.com\/PrimaverdeBV","https:\/\/nl.linkedin.com\/company\/primaverde","http:\/\/www.youtube.com\/channel\/UC3DwQqj8f8tatLdSFA0aWwA"]}]}},"_links":{"self":[{"href":"https:\/\/primaverde.com\/no\/wp-json\/wp\/v2\/pages\/26240","targetHints":{"allow":["GET"]}}],"collection":[{"href":"https:\/\/primaverde.com\/no\/wp-json\/wp\/v2\/pages"}],"about":[{"href":"https:\/\/primaverde.com\/no\/wp-json\/wp\/v2\/types\/page"}],"author":[{"embeddable":true,"href":"https:\/\/primaverde.com\/no\/wp-json\/wp\/v2\/users\/7"}],"replies":[{"embeddable":true,"href":"https:\/\/primaverde.com\/no\/wp-json\/wp\/v2\/comments?post=26240"}],"version-history":[{"count":0,"href":"https:\/\/primaverde.com\/no\/wp-json\/wp\/v2\/pages\/26240\/revisions"}],"wp:attachment":[{"href":"https:\/\/primaverde.com\/no\/wp-json\/wp\/v2\/media?parent=26240"}],"curies":[{"name":"wp","href":"https:\/\/api.w.org\/{rel}","templated":true}]}}