{"id":26245,"date":"2019-01-17T11:08:18","date_gmt":"2019-01-17T10:08:18","guid":{"rendered":"https:\/\/primaverde.com\/primaverde-as-supplier\/"},"modified":"2026-01-23T12:20:18","modified_gmt":"2026-01-23T11:20:18","slug":"primaverde-as-supplier","status":"publish","type":"page","link":"https:\/\/primaverde.com\/no\/primaverde-as-supplier\/","title":{"rendered":"Primaverde som leverand\u00f8r"},"content":{"rendered":"\n<h1 class=\"wp-block-heading has-text-align-center\" id=\"h-primaverde-som-leverandor\">Primaverde som leverand\u00f8r <\/h1>\n\n\n\n<h2 class=\"wp-block-heading has-text-align-center\" id=\"h-palitelig-i-salgsstrategi-merkevarestrategi-og-support\">P\u00e5litelig i salgsstrategi, merkevarestrategi og support <\/h2>\n\n\n\n<div class=\"wp-block-columns has-3-columns is-layout-flex wp-container-core-columns-is-layout-9d6595d7 wp-block-columns-is-layout-flex\">\n<div class=\"wp-block-column is-layout-flow wp-block-column-is-layout-flow\">\n<h3 class=\"wp-block-heading\" id=\"h-primaverde-som-leverandor-0\">Primaverde som leverand\u00f8r<\/h3>\n\n\n\n<p>Primaverde BV leverer kun via etablerte distribusjonskanaler.  V\u00e5re produkter er ikke tilgjengelig gjennom direkte salg. V\u00e5re merkevarer er tilgjengelige fra jernvareforretninger og maskinvareforhandlere, profesjonelle byggesentre og malingsforretninger i Nederland, Belgia, Luxembourg og Norge. Der kan forbrukerne ikke bare finne produktene, men ogs\u00e5 de riktige r\u00e5dene. Primaverde tilbyr utmerket <a href=\"https:\/\/primaverde.com\/no\/brukerstotte\/\">st\u00f8tte <\/a>til forhandlere og sluttbrukere.<\/p>\n\n\n\n<h3 class=\"wp-block-heading\" id=\"h-palitelig-leverandor\">P\u00e5litelig leverand\u00f8r<\/h3>\n\n\n\n<p>Primaverde er en ekstremt p\u00e5litelig leverand\u00f8r. Du og dine kunder vil se det n\u00e5r det gjelder kvaliteten p\u00e5 produktene, det p\u00e5litelige distribusjonssystemet og avtalene vi alltid fors\u00f8ker \u00e5 holde. V\u00e5rt salgsteam er entusiastisk og kunnskapsrik. Vi vurderer n\u00f8ye strategi og merkevarepolitikk, og hvordan vi kan st\u00f8tte v\u00e5re distribut\u00f8rer og grossister s\u00e5 godt som mulig.<\/p>\n\n\n\n<p><\/p>\n<\/div>\n\n\n\n<div class=\"wp-block-column is-layout-flow wp-block-column-is-layout-flow\">\n<h3 class=\"wp-block-heading\" id=\"h-flere-merkevarer-under-ett-og-samme-tak\">Flere merkevarer under ett og samme tak<\/h3>\n\n\n\n<p>Primaverde BV kombinerer flere merkevarer under ett og samme tak. Dette er ideelt for grossister og distribut\u00f8rer som \u00f8nsker \u00e5 begrense antall leverand\u00f8rer, og som forventer solid st\u00f8tte og samarbeid n\u00e5r det gjelder beskyttende produkter og verkt\u00f8y. Smarte produkter for rent og trygt arbeid. Brasnjer der Primaverde er representert omfatter: bygg, rehabilitering, renovering, maling, anlegg, prosjektdesign, industri og bilindustri.<\/p>\n\n\n\n<p>Noen eksempler p\u00e5 v\u00e5re varemerker: PrimaCover, Ram Board og FugenMeister.<\/p>\n\n\n\n<h3 class=\"wp-block-heading\" id=\"h-unik-etikett-ditt-eget-merkevare\">Unik etikett \u2013 ditt eget merkevare<\/h3>\n\n\n\n<p>Primaverde kan produsere mange produkter som f.eks  tildekkings- materialer, kun for deg, p\u00e5 grunnlag av dine krav, med og uten personlig tilpassing. Hva med \u00e5 ha din egen logo p\u00e5 filtduken, med materialene som leveres i henhold til dine spesifikasjoner og med din egen design p\u00e5 emballasjen? &nbsp;<a href=\"https:\/\/primaverde.com\/no\/kontakt\/\">Sp\u00f8r om mulighetene.<\/a><\/p>\n<\/div>\n\n\n\n<div class=\"wp-block-column is-layout-flow wp-block-column-is-layout-flow\">\n<figure class=\"wp-block-image\"><img loading=\"lazy\" decoding=\"async\" width=\"600\" height=\"400\" src=\"https:\/\/primaverde.com\/wp-content\/uploads\/2018\/08\/Primaverde_supplier_leverancier_shop.jpg\" alt=\"Primaverde, supplier, leverancier, shop\" class=\"wp-image-5031\" srcset=\"https:\/\/primaverde.com\/wp-content\/uploads\/2018\/08\/Primaverde_supplier_leverancier_shop.jpg 600w, https:\/\/primaverde.com\/wp-content\/uploads\/2018\/08\/Primaverde_supplier_leverancier_shop-300x200.jpg 300w, https:\/\/primaverde.com\/wp-content\/uploads\/2018\/08\/Primaverde_supplier_leverancier_shop-272x182.jpg 272w\" sizes=\"auto, (max-width: 600px) 100vw, 600px\" \/><\/figure>\n\n\n\n<p><\/p>\n<\/div>\n<\/div>\n\n\n\n<h3 class=\"wp-block-heading\" id=\"h-primaverde-onsker-a-utvide-sitt-nettverk-av-distributorer-grossister-i-ulike-sektorer-for-bade-eksisterende-og-nye-merker\">Primaverde \u00f8nsker \u00e5 utvide sitt nettverk av distribut\u00f8rer \/ grossister i ulike sektorer for b\u00e5de eksisterende og nye merker.<\/h3>\n\n\n\n<p>Vil du v\u00e6re den nye forhandleren for v\u00e5re merkevarer? Selvf\u00f8lgelig vil dette inkludere den riktige st\u00f8tten til kundene dine. Velkommen til Primaverde! Ta gjerne et m\u00f8te med oss, uten forpliktelse. Du finner v\u00e5r kontaktinformasjon her. Vi ser fram til \u00e5 m\u00f8te deg!<br> <\/p>\n","protected":false},"excerpt":{"rendered":"<p>Primaverde som leverand\u00f8r P\u00e5litelig i salgsstrategi, merkevarestrategi og support Primaverde som leverand\u00f8r Primaverde BV leverer kun via etablerte distribusjonskanaler. V\u00e5re &#8230; <a title=\"Primaverde som leverand\u00f8r\" class=\"read-more\" href=\"https:\/\/primaverde.com\/no\/primaverde-as-supplier\/\" aria-label=\"Read more about Primaverde som leverand\u00f8r\">Lees verder&#8230;<\/a><\/p>\n","protected":false},"author":7,"featured_media":0,"parent":0,"menu_order":10,"comment_status":"open","ping_status":"closed","template":"","meta":{"generate_page_header":"","footnotes":""},"class_list":{"0":"post-26245","1":"page","2":"type-page","3":"status-publish","5":"infinite-scroll-item"},"yoast_head":"<!-- This site is optimized with the Yoast SEO Premium plugin v26.8 (Yoast SEO v27.5) - https:\/\/yoast.com\/product\/yoast-seo-premium-wordpress\/ -->\n<title>Primaverde som leverand\u00f8r - Primaverde<\/title>\n<meta name=\"robots\" content=\"index, follow, max-snippet:-1, max-image-preview:large, max-video-preview:-1\" \/>\n<link rel=\"canonical\" href=\"https:\/\/primaverde.com\/no\/primaverde-as-supplier\/\" \/>\n<meta property=\"og:locale\" content=\"nb_NO\" \/>\n<meta property=\"og:type\" content=\"article\" \/>\n<meta property=\"og:title\" content=\"Primaverde som leverand\u00f8r\" \/>\n<meta property=\"og:description\" content=\"Primaverde som leverand\u00f8r P\u00e5litelig i salgsstrategi, merkevarestrategi og support Primaverde som leverand\u00f8r Primaverde BV leverer kun via etablerte distribusjonskanaler. V\u00e5re ... Lees verder...\" \/>\n<meta property=\"og:url\" content=\"https:\/\/primaverde.com\/no\/primaverde-as-supplier\/\" \/>\n<meta property=\"og:site_name\" content=\"Primaverde\" \/>\n<meta property=\"article:publisher\" content=\"https:\/\/www.facebook.com\/PrimaverdeBV\/\" \/>\n<meta property=\"article:modified_time\" content=\"2026-01-23T11:20:18+00:00\" \/>\n<meta property=\"og:image\" content=\"https:\/\/primaverde.com\/wp-content\/uploads\/2018\/08\/Primaverde_supplier_leverancier_shop.jpg\" \/>\n\t<meta property=\"og:image:width\" content=\"600\" \/>\n\t<meta property=\"og:image:height\" content=\"400\" \/>\n\t<meta property=\"og:image:type\" content=\"image\/jpeg\" \/>\n<meta name=\"twitter:card\" content=\"summary_large_image\" \/>\n<meta name=\"twitter:site\" content=\"@PrimaverdeBV\" \/>\n<meta name=\"twitter:label1\" content=\"Ansl. lesetid\" \/>\n\t<meta name=\"twitter:data1\" content=\"2 minutter\" \/>\n<script type=\"application\/ld+json\" class=\"yoast-schema-graph\">{\"@context\":\"https:\\\/\\\/schema.org\",\"@graph\":[{\"@type\":\"WebPage\",\"@id\":\"https:\\\/\\\/primaverde.com\\\/no\\\/primaverde-as-supplier\\\/\",\"url\":\"https:\\\/\\\/primaverde.com\\\/no\\\/primaverde-as-supplier\\\/\",\"name\":\"Primaverde som leverand\u00f8r - Primaverde\",\"isPartOf\":{\"@id\":\"https:\\\/\\\/primaverde.com\\\/no\\\/#website\"},\"primaryImageOfPage\":{\"@id\":\"https:\\\/\\\/primaverde.com\\\/no\\\/primaverde-as-supplier\\\/#primaryimage\"},\"image\":{\"@id\":\"https:\\\/\\\/primaverde.com\\\/no\\\/primaverde-as-supplier\\\/#primaryimage\"},\"thumbnailUrl\":\"https:\\\/\\\/primaverde.com\\\/wp-content\\\/uploads\\\/2018\\\/08\\\/Primaverde_supplier_leverancier_shop.jpg\",\"datePublished\":\"2019-01-17T10:08:18+00:00\",\"dateModified\":\"2026-01-23T11:20:18+00:00\",\"breadcrumb\":{\"@id\":\"https:\\\/\\\/primaverde.com\\\/no\\\/primaverde-as-supplier\\\/#breadcrumb\"},\"inLanguage\":\"nb-NO\",\"potentialAction\":[{\"@type\":\"ReadAction\",\"target\":[\"https:\\\/\\\/primaverde.com\\\/no\\\/primaverde-as-supplier\\\/\"]}]},{\"@type\":\"ImageObject\",\"inLanguage\":\"nb-NO\",\"@id\":\"https:\\\/\\\/primaverde.com\\\/no\\\/primaverde-as-supplier\\\/#primaryimage\",\"url\":\"https:\\\/\\\/primaverde.com\\\/wp-content\\\/uploads\\\/2018\\\/08\\\/Primaverde_supplier_leverancier_shop.jpg\",\"contentUrl\":\"https:\\\/\\\/primaverde.com\\\/wp-content\\\/uploads\\\/2018\\\/08\\\/Primaverde_supplier_leverancier_shop.jpg\"},{\"@type\":\"BreadcrumbList\",\"@id\":\"https:\\\/\\\/primaverde.com\\\/no\\\/primaverde-as-supplier\\\/#breadcrumb\",\"itemListElement\":[{\"@type\":\"ListItem\",\"position\":1,\"name\":\"Home\",\"item\":\"https:\\\/\\\/primaverde.com\\\/no\\\/\"},{\"@type\":\"ListItem\",\"position\":2,\"name\":\"Primaverde som leverand\u00f8r\"}]},{\"@type\":\"WebSite\",\"@id\":\"https:\\\/\\\/primaverde.com\\\/no\\\/#website\",\"url\":\"https:\\\/\\\/primaverde.com\\\/no\\\/\",\"name\":\"Primaverde\",\"description\":\"Covering material, protection, tapes, Beschermende materialen\",\"publisher\":{\"@id\":\"https:\\\/\\\/primaverde.com\\\/no\\\/#organization\"},\"potentialAction\":[{\"@type\":\"SearchAction\",\"target\":{\"@type\":\"EntryPoint\",\"urlTemplate\":\"https:\\\/\\\/primaverde.com\\\/no\\\/?s={search_term_string}\"},\"query-input\":{\"@type\":\"PropertyValueSpecification\",\"valueRequired\":true,\"valueName\":\"search_term_string\"}}],\"inLanguage\":\"nb-NO\"},{\"@type\":\"Organization\",\"@id\":\"https:\\\/\\\/primaverde.com\\\/no\\\/#organization\",\"name\":\"Primaverde B.V.\",\"url\":\"https:\\\/\\\/primaverde.com\\\/no\\\/\",\"logo\":{\"@type\":\"ImageObject\",\"inLanguage\":\"nb-NO\",\"@id\":\"https:\\\/\\\/primaverde.com\\\/no\\\/#\\\/schema\\\/logo\\\/image\\\/\",\"url\":\"https:\\\/\\\/primaverde.com\\\/wp-content\\\/uploads\\\/2015\\\/03\\\/Logo_Primaverde.jpg\",\"contentUrl\":\"https:\\\/\\\/primaverde.com\\\/wp-content\\\/uploads\\\/2015\\\/03\\\/Logo_Primaverde.jpg\",\"width\":1170,\"height\":212,\"caption\":\"Primaverde B.V.\"},\"image\":{\"@id\":\"https:\\\/\\\/primaverde.com\\\/no\\\/#\\\/schema\\\/logo\\\/image\\\/\"},\"sameAs\":[\"https:\\\/\\\/www.facebook.com\\\/PrimaverdeBV\\\/\",\"https:\\\/\\\/x.com\\\/PrimaverdeBV\",\"https:\\\/\\\/nl.linkedin.com\\\/company\\\/primaverde\",\"http:\\\/\\\/www.youtube.com\\\/channel\\\/UC3DwQqj8f8tatLdSFA0aWwA\"]}]}<\/script>\n<!-- \/ Yoast SEO Premium plugin. -->","yoast_head_json":{"title":"Primaverde som leverand\u00f8r - Primaverde","robots":{"index":"index","follow":"follow","max-snippet":"max-snippet:-1","max-image-preview":"max-image-preview:large","max-video-preview":"max-video-preview:-1"},"canonical":"https:\/\/primaverde.com\/no\/primaverde-as-supplier\/","og_locale":"nb_NO","og_type":"article","og_title":"Primaverde som leverand\u00f8r","og_description":"Primaverde som leverand\u00f8r P\u00e5litelig i salgsstrategi, merkevarestrategi og support Primaverde som leverand\u00f8r Primaverde BV leverer kun via etablerte distribusjonskanaler. V\u00e5re ... Lees verder...","og_url":"https:\/\/primaverde.com\/no\/primaverde-as-supplier\/","og_site_name":"Primaverde","article_publisher":"https:\/\/www.facebook.com\/PrimaverdeBV\/","article_modified_time":"2026-01-23T11:20:18+00:00","og_image":[{"width":600,"height":400,"url":"https:\/\/primaverde.com\/wp-content\/uploads\/2018\/08\/Primaverde_supplier_leverancier_shop.jpg","type":"image\/jpeg"}],"twitter_card":"summary_large_image","twitter_site":"@PrimaverdeBV","twitter_misc":{"Ansl. lesetid":"2 minutter"},"schema":{"@context":"https:\/\/schema.org","@graph":[{"@type":"WebPage","@id":"https:\/\/primaverde.com\/no\/primaverde-as-supplier\/","url":"https:\/\/primaverde.com\/no\/primaverde-as-supplier\/","name":"Primaverde som leverand\u00f8r - Primaverde","isPartOf":{"@id":"https:\/\/primaverde.com\/no\/#website"},"primaryImageOfPage":{"@id":"https:\/\/primaverde.com\/no\/primaverde-as-supplier\/#primaryimage"},"image":{"@id":"https:\/\/primaverde.com\/no\/primaverde-as-supplier\/#primaryimage"},"thumbnailUrl":"https:\/\/primaverde.com\/wp-content\/uploads\/2018\/08\/Primaverde_supplier_leverancier_shop.jpg","datePublished":"2019-01-17T10:08:18+00:00","dateModified":"2026-01-23T11:20:18+00:00","breadcrumb":{"@id":"https:\/\/primaverde.com\/no\/primaverde-as-supplier\/#breadcrumb"},"inLanguage":"nb-NO","potentialAction":[{"@type":"ReadAction","target":["https:\/\/primaverde.com\/no\/primaverde-as-supplier\/"]}]},{"@type":"ImageObject","inLanguage":"nb-NO","@id":"https:\/\/primaverde.com\/no\/primaverde-as-supplier\/#primaryimage","url":"https:\/\/primaverde.com\/wp-content\/uploads\/2018\/08\/Primaverde_supplier_leverancier_shop.jpg","contentUrl":"https:\/\/primaverde.com\/wp-content\/uploads\/2018\/08\/Primaverde_supplier_leverancier_shop.jpg"},{"@type":"BreadcrumbList","@id":"https:\/\/primaverde.com\/no\/primaverde-as-supplier\/#breadcrumb","itemListElement":[{"@type":"ListItem","position":1,"name":"Home","item":"https:\/\/primaverde.com\/no\/"},{"@type":"ListItem","position":2,"name":"Primaverde som leverand\u00f8r"}]},{"@type":"WebSite","@id":"https:\/\/primaverde.com\/no\/#website","url":"https:\/\/primaverde.com\/no\/","name":"Primaverde","description":"Covering material, protection, tapes, Beschermende materialen","publisher":{"@id":"https:\/\/primaverde.com\/no\/#organization"},"potentialAction":[{"@type":"SearchAction","target":{"@type":"EntryPoint","urlTemplate":"https:\/\/primaverde.com\/no\/?s={search_term_string}"},"query-input":{"@type":"PropertyValueSpecification","valueRequired":true,"valueName":"search_term_string"}}],"inLanguage":"nb-NO"},{"@type":"Organization","@id":"https:\/\/primaverde.com\/no\/#organization","name":"Primaverde B.V.","url":"https:\/\/primaverde.com\/no\/","logo":{"@type":"ImageObject","inLanguage":"nb-NO","@id":"https:\/\/primaverde.com\/no\/#\/schema\/logo\/image\/","url":"https:\/\/primaverde.com\/wp-content\/uploads\/2015\/03\/Logo_Primaverde.jpg","contentUrl":"https:\/\/primaverde.com\/wp-content\/uploads\/2015\/03\/Logo_Primaverde.jpg","width":1170,"height":212,"caption":"Primaverde B.V."},"image":{"@id":"https:\/\/primaverde.com\/no\/#\/schema\/logo\/image\/"},"sameAs":["https:\/\/www.facebook.com\/PrimaverdeBV\/","https:\/\/x.com\/PrimaverdeBV","https:\/\/nl.linkedin.com\/company\/primaverde","http:\/\/www.youtube.com\/channel\/UC3DwQqj8f8tatLdSFA0aWwA"]}]}},"_links":{"self":[{"href":"https:\/\/primaverde.com\/no\/wp-json\/wp\/v2\/pages\/26245","targetHints":{"allow":["GET"]}}],"collection":[{"href":"https:\/\/primaverde.com\/no\/wp-json\/wp\/v2\/pages"}],"about":[{"href":"https:\/\/primaverde.com\/no\/wp-json\/wp\/v2\/types\/page"}],"author":[{"embeddable":true,"href":"https:\/\/primaverde.com\/no\/wp-json\/wp\/v2\/users\/7"}],"replies":[{"embeddable":true,"href":"https:\/\/primaverde.com\/no\/wp-json\/wp\/v2\/comments?post=26245"}],"version-history":[{"count":1,"href":"https:\/\/primaverde.com\/no\/wp-json\/wp\/v2\/pages\/26245\/revisions"}],"predecessor-version":[{"id":45518,"href":"https:\/\/primaverde.com\/no\/wp-json\/wp\/v2\/pages\/26245\/revisions\/45518"}],"wp:attachment":[{"href":"https:\/\/primaverde.com\/no\/wp-json\/wp\/v2\/media?parent=26245"}],"curies":[{"name":"wp","href":"https:\/\/api.w.org\/{rel}","templated":true}]}}