{"id":26246,"date":"2019-01-17T12:03:49","date_gmt":"2019-01-17T11:03:49","guid":{"rendered":"https:\/\/primaverde.com\/primaverde-as-purchasing-organisation\/"},"modified":"2021-03-07T16:03:11","modified_gmt":"2021-03-07T15:03:11","slug":"primaverde-som-innkjopsorganisasjon","status":"publish","type":"page","link":"https:\/\/primaverde.com\/no\/primaverde-som-innkjopsorganisasjon\/","title":{"rendered":"Primaverde som innkj\u00f8psorganisasjon"},"content":{"rendered":"\n<h1 class=\"has-text-align-center wp-block-heading\" id=\"h-primaverde-som-innkj-psorganisasjon\"> Primaverde som innkj\u00f8psorganisasjon<\/h1>\n\n\n\n<h2 class=\"has-text-align-center wp-block-heading\" id=\"h-p-litelig-erfaring-i-ulike-bransjer\"> P\u00e5litelig erfaring i ulike bransjer <\/h2>\n\n\n\n<div class=\"wp-block-columns has-3-columns is-layout-flex wp-container-core-columns-is-layout-9d6595d7 wp-block-columns-is-layout-flex\">\n<div class=\"wp-block-column is-layout-flow wp-block-column-is-layout-flow\">\n<h3 class=\"wp-block-heading\" id=\"h-produktutvikling-produksjon-og-innkj-p\">Produktutvikling, produksjon og innkj\u00f8p<\/h3>\n\n\n\n<p>Primaverde sine merkevarer er fullt godt etablerte, testet i praksis og dokumentert f\u00f8r vi lanserer dem i markedet. V\u00e5re kunder og sluttbrukere m\u00e5 alltid kunne stole p\u00e5 oss og v\u00e5re merkevarer. Som kunde for dine produkter, tar vi godt vare p\u00e5 ditt merkevare. Vi er en forretningspartner som v\u00e5re leverand\u00f8rer kan stole p\u00e5. N\u00e5r vi gj\u00f8r forretninger, s\u00e5 setter vi tanken p\u00e5 et langsiktig forhold i h\u00f8ysete. <\/p>\n\n\n\n<h3 class=\"wp-block-heading\" id=\"h-primaverde-kjenner-markedet\"> Primaverde kjenner markedet<\/h3>\n\n\n\n<p>Primaverde kan spille en n\u00f8kkelrolle i salg og distribusjon av merkevaren din. Vi har aldri h\u00f8rt om bare &laquo;pushing boxes&raquo;. Primaverde opprettholder daglig kontakt med markedet og har direkte kontakt med salgspunkter og sluttbrukere. Primaverde analyserer kontinuerlig bruken av produktet. Det betyr at vi alltid vil kontakte deg om produktforbedringer som vi tror gir fordeler for sluttbrukeren, og kan derfor \u00f8ke forretningsmulighetene.<\/p>\n<\/div>\n\n\n\n<div class=\"wp-block-column is-layout-flow wp-block-column-is-layout-flow\">\n<h3 class=\"wp-block-heading\" id=\"h-nsker-du-selge-dine-varer-gjennom-primaverde\">\u00d8nsker du \u00e5 selge dine varer gjennom Primaverde?<\/h3>\n\n\n\n<p>Primaverde BV kombinerer flere merkevarer under ett og samme tak. Dette er ideelt for grossister og distribut\u00f8rer som \u00f8nsker \u00e5 begrense antall leverand\u00f8rer, og som forventer solid st\u00f8tte og samarbeid n\u00e5r det gjelder beskyttende produkter og verkt\u00f8y. Smarte produkter for rent og trygt arbeid. Primaverde har gode kontakter, i ulike bransjer som: bygg og anlegg, renovering, rehabilitering, malerbransjen, prosjektdesign, industri, bil og marine \/ frakt. <\/p>\n\n\n\n<h3 class=\"wp-block-heading\" id=\"h-bli-bedre-kjent-med-primaverde\">Bli bedre kjent med Primaverde <\/h3>\n\n\n\n<p> <br>Er du utvikler av sofistikerte produkter for rent og trygt arbeid? Eller har du en merkevare og er ute etter europeisk ekspansjon? <a href=\"https:\/\/primaverde.com\/no\/kontakt\/\">Kontakt Primaverde-teamet.<\/a> Vi leter etter nyskapere og oppfinnere av unike produkter og merkevarer som vi kan legge til i v\u00e5r portef\u00f8lje.<\/p>\n<\/div>\n\n\n\n<div class=\"wp-block-column is-layout-flow wp-block-column-is-layout-flow\">\n<figure class=\"wp-block-image\"><img loading=\"lazy\" decoding=\"async\" width=\"600\" height=\"399\" src=\"https:\/\/primaverde.com\/wp-content\/uploads\/2015\/03\/Primaverde14_content_expeditie1.jpg\" alt=\"Primaverde_magazijn_ingaand_expeditie_PrimaCover\" class=\"wp-image-26186\" srcset=\"https:\/\/primaverde.com\/wp-content\/uploads\/2015\/03\/Primaverde14_content_expeditie1.jpg 600w, https:\/\/primaverde.com\/wp-content\/uploads\/2015\/03\/Primaverde14_content_expeditie1-300x200.jpg 300w, https:\/\/primaverde.com\/wp-content\/uploads\/2015\/03\/Primaverde14_content_expeditie1-272x182.jpg 272w\" sizes=\"auto, (max-width: 600px) 100vw, 600px\" \/><\/figure>\n<\/div>\n<\/div>\n","protected":false},"excerpt":{"rendered":"<p>Primaverde som innkj\u00f8psorganisasjon P\u00e5litelig erfaring i ulike bransjer Produktutvikling, produksjon og innkj\u00f8p Primaverde sine merkevarer er fullt godt etablerte, testet &#8230; <a title=\"Primaverde som innkj\u00f8psorganisasjon\" class=\"read-more\" href=\"https:\/\/primaverde.com\/no\/primaverde-som-innkjopsorganisasjon\/\" aria-label=\"Read more about Primaverde som innkj\u00f8psorganisasjon\">Lees verder&#8230;<\/a><\/p>\n","protected":false},"author":7,"featured_media":0,"parent":0,"menu_order":11,"comment_status":"open","ping_status":"open","template":"","meta":{"generate_page_header":"","footnotes":""},"class_list":{"0":"post-26246","1":"page","2":"type-page","3":"status-publish","5":"infinite-scroll-item"},"yoast_head":"<!-- This site is optimized with the Yoast SEO Premium plugin v26.8 (Yoast SEO v27.5) - https:\/\/yoast.com\/product\/yoast-seo-premium-wordpress\/ -->\n<title>Primaverde som innkj\u00f8psorganisasjon - Primaverde<\/title>\n<meta name=\"description\" content=\"Primaverde sine merkevarer er fullt godt etablerte, testet i praksis og dokumentert f\u00f8r vi lanserer dem i markedet. V\u00e5re kunder og sluttbrukere m\u00e5 alltid kunne stole p\u00e5 oss og v\u00e5re merkevarer.\" \/>\n<meta name=\"robots\" content=\"index, follow, max-snippet:-1, max-image-preview:large, max-video-preview:-1\" \/>\n<link rel=\"canonical\" href=\"https:\/\/primaverde.com\/no\/primaverde-som-innkjopsorganisasjon\/\" \/>\n<meta property=\"og:locale\" content=\"nb_NO\" \/>\n<meta property=\"og:type\" content=\"article\" \/>\n<meta property=\"og:title\" content=\"Primaverde som innkj\u00f8psorganisasjon\" \/>\n<meta property=\"og:description\" content=\"Primaverde sine merkevarer er fullt godt etablerte, testet i praksis og dokumentert f\u00f8r vi lanserer dem i markedet. V\u00e5re kunder og sluttbrukere m\u00e5 alltid kunne stole p\u00e5 oss og v\u00e5re merkevarer.\" \/>\n<meta property=\"og:url\" content=\"https:\/\/primaverde.com\/no\/primaverde-som-innkjopsorganisasjon\/\" \/>\n<meta property=\"og:site_name\" content=\"Primaverde\" \/>\n<meta property=\"article:publisher\" content=\"https:\/\/www.facebook.com\/PrimaverdeBV\/\" \/>\n<meta property=\"article:modified_time\" content=\"2021-03-07T15:03:11+00:00\" \/>\n<meta property=\"og:image\" content=\"https:\/\/primaverde.com\/wp-content\/uploads\/2015\/03\/Primaverde14_content_expeditie1.jpg\" \/>\n<meta name=\"twitter:card\" content=\"summary_large_image\" \/>\n<meta name=\"twitter:site\" content=\"@PrimaverdeBV\" \/>\n<meta name=\"twitter:label1\" content=\"Ansl. lesetid\" \/>\n\t<meta name=\"twitter:data1\" content=\"2 minutter\" \/>\n<script type=\"application\/ld+json\" class=\"yoast-schema-graph\">{\"@context\":\"https:\\\/\\\/schema.org\",\"@graph\":[{\"@type\":\"WebPage\",\"@id\":\"https:\\\/\\\/primaverde.com\\\/no\\\/primaverde-som-innkjopsorganisasjon\\\/\",\"url\":\"https:\\\/\\\/primaverde.com\\\/no\\\/primaverde-som-innkjopsorganisasjon\\\/\",\"name\":\"Primaverde som innkj\u00f8psorganisasjon - Primaverde\",\"isPartOf\":{\"@id\":\"https:\\\/\\\/primaverde.com\\\/no\\\/#website\"},\"primaryImageOfPage\":{\"@id\":\"https:\\\/\\\/primaverde.com\\\/no\\\/primaverde-som-innkjopsorganisasjon\\\/#primaryimage\"},\"image\":{\"@id\":\"https:\\\/\\\/primaverde.com\\\/no\\\/primaverde-som-innkjopsorganisasjon\\\/#primaryimage\"},\"thumbnailUrl\":\"https:\\\/\\\/primaverde.com\\\/wp-content\\\/uploads\\\/2015\\\/03\\\/Primaverde14_content_expeditie1.jpg\",\"datePublished\":\"2019-01-17T11:03:49+00:00\",\"dateModified\":\"2021-03-07T15:03:11+00:00\",\"description\":\"Primaverde sine merkevarer er fullt godt etablerte, testet i praksis og dokumentert f\u00f8r vi lanserer dem i markedet. V\u00e5re kunder og sluttbrukere m\u00e5 alltid kunne stole p\u00e5 oss og v\u00e5re merkevarer.\",\"breadcrumb\":{\"@id\":\"https:\\\/\\\/primaverde.com\\\/no\\\/primaverde-som-innkjopsorganisasjon\\\/#breadcrumb\"},\"inLanguage\":\"nb-NO\",\"potentialAction\":[{\"@type\":\"ReadAction\",\"target\":[\"https:\\\/\\\/primaverde.com\\\/no\\\/primaverde-som-innkjopsorganisasjon\\\/\"]}]},{\"@type\":\"ImageObject\",\"inLanguage\":\"nb-NO\",\"@id\":\"https:\\\/\\\/primaverde.com\\\/no\\\/primaverde-som-innkjopsorganisasjon\\\/#primaryimage\",\"url\":\"https:\\\/\\\/primaverde.com\\\/wp-content\\\/uploads\\\/2015\\\/03\\\/Primaverde14_content_expeditie1.jpg\",\"contentUrl\":\"https:\\\/\\\/primaverde.com\\\/wp-content\\\/uploads\\\/2015\\\/03\\\/Primaverde14_content_expeditie1.jpg\"},{\"@type\":\"BreadcrumbList\",\"@id\":\"https:\\\/\\\/primaverde.com\\\/no\\\/primaverde-som-innkjopsorganisasjon\\\/#breadcrumb\",\"itemListElement\":[{\"@type\":\"ListItem\",\"position\":1,\"name\":\"Home\",\"item\":\"https:\\\/\\\/primaverde.com\\\/no\\\/\"},{\"@type\":\"ListItem\",\"position\":2,\"name\":\"Primaverde som innkj\u00f8psorganisasjon\"}]},{\"@type\":\"WebSite\",\"@id\":\"https:\\\/\\\/primaverde.com\\\/no\\\/#website\",\"url\":\"https:\\\/\\\/primaverde.com\\\/no\\\/\",\"name\":\"Primaverde\",\"description\":\"Covering material, protection, tapes, Beschermende materialen\",\"publisher\":{\"@id\":\"https:\\\/\\\/primaverde.com\\\/no\\\/#organization\"},\"potentialAction\":[{\"@type\":\"SearchAction\",\"target\":{\"@type\":\"EntryPoint\",\"urlTemplate\":\"https:\\\/\\\/primaverde.com\\\/no\\\/?s={search_term_string}\"},\"query-input\":{\"@type\":\"PropertyValueSpecification\",\"valueRequired\":true,\"valueName\":\"search_term_string\"}}],\"inLanguage\":\"nb-NO\"},{\"@type\":\"Organization\",\"@id\":\"https:\\\/\\\/primaverde.com\\\/no\\\/#organization\",\"name\":\"Primaverde B.V.\",\"url\":\"https:\\\/\\\/primaverde.com\\\/no\\\/\",\"logo\":{\"@type\":\"ImageObject\",\"inLanguage\":\"nb-NO\",\"@id\":\"https:\\\/\\\/primaverde.com\\\/no\\\/#\\\/schema\\\/logo\\\/image\\\/\",\"url\":\"https:\\\/\\\/primaverde.com\\\/wp-content\\\/uploads\\\/2015\\\/03\\\/Logo_Primaverde.jpg\",\"contentUrl\":\"https:\\\/\\\/primaverde.com\\\/wp-content\\\/uploads\\\/2015\\\/03\\\/Logo_Primaverde.jpg\",\"width\":1170,\"height\":212,\"caption\":\"Primaverde B.V.\"},\"image\":{\"@id\":\"https:\\\/\\\/primaverde.com\\\/no\\\/#\\\/schema\\\/logo\\\/image\\\/\"},\"sameAs\":[\"https:\\\/\\\/www.facebook.com\\\/PrimaverdeBV\\\/\",\"https:\\\/\\\/x.com\\\/PrimaverdeBV\",\"https:\\\/\\\/nl.linkedin.com\\\/company\\\/primaverde\",\"http:\\\/\\\/www.youtube.com\\\/channel\\\/UC3DwQqj8f8tatLdSFA0aWwA\"]}]}<\/script>\n<!-- \/ Yoast SEO Premium plugin. -->","yoast_head_json":{"title":"Primaverde som innkj\u00f8psorganisasjon - Primaverde","description":"Primaverde sine merkevarer er fullt godt etablerte, testet i praksis og dokumentert f\u00f8r vi lanserer dem i markedet. V\u00e5re kunder og sluttbrukere m\u00e5 alltid kunne stole p\u00e5 oss og v\u00e5re merkevarer.","robots":{"index":"index","follow":"follow","max-snippet":"max-snippet:-1","max-image-preview":"max-image-preview:large","max-video-preview":"max-video-preview:-1"},"canonical":"https:\/\/primaverde.com\/no\/primaverde-som-innkjopsorganisasjon\/","og_locale":"nb_NO","og_type":"article","og_title":"Primaverde som innkj\u00f8psorganisasjon","og_description":"Primaverde sine merkevarer er fullt godt etablerte, testet i praksis og dokumentert f\u00f8r vi lanserer dem i markedet. V\u00e5re kunder og sluttbrukere m\u00e5 alltid kunne stole p\u00e5 oss og v\u00e5re merkevarer.","og_url":"https:\/\/primaverde.com\/no\/primaverde-som-innkjopsorganisasjon\/","og_site_name":"Primaverde","article_publisher":"https:\/\/www.facebook.com\/PrimaverdeBV\/","article_modified_time":"2021-03-07T15:03:11+00:00","og_image":[{"url":"https:\/\/primaverde.com\/wp-content\/uploads\/2015\/03\/Primaverde14_content_expeditie1.jpg","type":"","width":"","height":""}],"twitter_card":"summary_large_image","twitter_site":"@PrimaverdeBV","twitter_misc":{"Ansl. lesetid":"2 minutter"},"schema":{"@context":"https:\/\/schema.org","@graph":[{"@type":"WebPage","@id":"https:\/\/primaverde.com\/no\/primaverde-som-innkjopsorganisasjon\/","url":"https:\/\/primaverde.com\/no\/primaverde-som-innkjopsorganisasjon\/","name":"Primaverde som innkj\u00f8psorganisasjon - Primaverde","isPartOf":{"@id":"https:\/\/primaverde.com\/no\/#website"},"primaryImageOfPage":{"@id":"https:\/\/primaverde.com\/no\/primaverde-som-innkjopsorganisasjon\/#primaryimage"},"image":{"@id":"https:\/\/primaverde.com\/no\/primaverde-som-innkjopsorganisasjon\/#primaryimage"},"thumbnailUrl":"https:\/\/primaverde.com\/wp-content\/uploads\/2015\/03\/Primaverde14_content_expeditie1.jpg","datePublished":"2019-01-17T11:03:49+00:00","dateModified":"2021-03-07T15:03:11+00:00","description":"Primaverde sine merkevarer er fullt godt etablerte, testet i praksis og dokumentert f\u00f8r vi lanserer dem i markedet. V\u00e5re kunder og sluttbrukere m\u00e5 alltid kunne stole p\u00e5 oss og v\u00e5re merkevarer.","breadcrumb":{"@id":"https:\/\/primaverde.com\/no\/primaverde-som-innkjopsorganisasjon\/#breadcrumb"},"inLanguage":"nb-NO","potentialAction":[{"@type":"ReadAction","target":["https:\/\/primaverde.com\/no\/primaverde-som-innkjopsorganisasjon\/"]}]},{"@type":"ImageObject","inLanguage":"nb-NO","@id":"https:\/\/primaverde.com\/no\/primaverde-som-innkjopsorganisasjon\/#primaryimage","url":"https:\/\/primaverde.com\/wp-content\/uploads\/2015\/03\/Primaverde14_content_expeditie1.jpg","contentUrl":"https:\/\/primaverde.com\/wp-content\/uploads\/2015\/03\/Primaverde14_content_expeditie1.jpg"},{"@type":"BreadcrumbList","@id":"https:\/\/primaverde.com\/no\/primaverde-som-innkjopsorganisasjon\/#breadcrumb","itemListElement":[{"@type":"ListItem","position":1,"name":"Home","item":"https:\/\/primaverde.com\/no\/"},{"@type":"ListItem","position":2,"name":"Primaverde som innkj\u00f8psorganisasjon"}]},{"@type":"WebSite","@id":"https:\/\/primaverde.com\/no\/#website","url":"https:\/\/primaverde.com\/no\/","name":"Primaverde","description":"Covering material, protection, tapes, Beschermende materialen","publisher":{"@id":"https:\/\/primaverde.com\/no\/#organization"},"potentialAction":[{"@type":"SearchAction","target":{"@type":"EntryPoint","urlTemplate":"https:\/\/primaverde.com\/no\/?s={search_term_string}"},"query-input":{"@type":"PropertyValueSpecification","valueRequired":true,"valueName":"search_term_string"}}],"inLanguage":"nb-NO"},{"@type":"Organization","@id":"https:\/\/primaverde.com\/no\/#organization","name":"Primaverde B.V.","url":"https:\/\/primaverde.com\/no\/","logo":{"@type":"ImageObject","inLanguage":"nb-NO","@id":"https:\/\/primaverde.com\/no\/#\/schema\/logo\/image\/","url":"https:\/\/primaverde.com\/wp-content\/uploads\/2015\/03\/Logo_Primaverde.jpg","contentUrl":"https:\/\/primaverde.com\/wp-content\/uploads\/2015\/03\/Logo_Primaverde.jpg","width":1170,"height":212,"caption":"Primaverde B.V."},"image":{"@id":"https:\/\/primaverde.com\/no\/#\/schema\/logo\/image\/"},"sameAs":["https:\/\/www.facebook.com\/PrimaverdeBV\/","https:\/\/x.com\/PrimaverdeBV","https:\/\/nl.linkedin.com\/company\/primaverde","http:\/\/www.youtube.com\/channel\/UC3DwQqj8f8tatLdSFA0aWwA"]}]}},"_links":{"self":[{"href":"https:\/\/primaverde.com\/no\/wp-json\/wp\/v2\/pages\/26246","targetHints":{"allow":["GET"]}}],"collection":[{"href":"https:\/\/primaverde.com\/no\/wp-json\/wp\/v2\/pages"}],"about":[{"href":"https:\/\/primaverde.com\/no\/wp-json\/wp\/v2\/types\/page"}],"author":[{"embeddable":true,"href":"https:\/\/primaverde.com\/no\/wp-json\/wp\/v2\/users\/7"}],"replies":[{"embeddable":true,"href":"https:\/\/primaverde.com\/no\/wp-json\/wp\/v2\/comments?post=26246"}],"version-history":[{"count":0,"href":"https:\/\/primaverde.com\/no\/wp-json\/wp\/v2\/pages\/26246\/revisions"}],"wp:attachment":[{"href":"https:\/\/primaverde.com\/no\/wp-json\/wp\/v2\/media?parent=26246"}],"curies":[{"name":"wp","href":"https:\/\/api.w.org\/{rel}","templated":true}]}}