{"id":27279,"date":"2018-03-23T17:33:06","date_gmt":"2018-03-23T16:33:06","guid":{"rendered":"https:\/\/primaverde.com\/downloads\/"},"modified":"2019-11-28T18:06:31","modified_gmt":"2019-11-28T17:06:31","slug":"downloads","status":"publish","type":"page","link":"https:\/\/primaverde.com\/no\/downloads\/","title":{"rendered":"Last ned artikkelfiler, bilder og reklamefilmer"},"content":{"rendered":"\n<h1 class=\"wp-block-heading\">Last ned artikkelfiler, bilder og reklamefilmer<\/h1>\n\n\n\n<p class=\"tw-data-text tw-ta tw-text-small\">Alle rettigheter forbeholdt. Ingen del av denne publikasjonen kan reproduseres, distribueres eller overf\u00f8res i noen form eller p\u00e5 noen m\u00e5te, inkludert fotokopiering, innspilling eller andre elektroniske eller mekaniske metoder, uten forutg\u00e5ende skriftlig tillatelse fra Primaverde B.V.<\/p>\n\n\n\n<p>Unntak er publikasjoner som er laget med sikte p\u00e5 \u00e5 bringe Primaverde og \/ eller dets merkevarer og \/ eller dets produkter positivt. Alle rettigheter til tekster, bilder og informasjon er eksplisitt tildelt i Primaverde B.V. Disse rettighetene forblir i full styrke, selv om du har publisert dette materialet gjennom mediene du valgte.<\/p>\n\n\n\n<p>Nedenfor er en liste over artikkelfilter, bilder eller reklamevifte, sortert etter merke.<\/p>\n\n\n<p>[wpdm_all_packages items_per_page=&raquo;20&#8243; jstable=1 order_by=&raquo;categories&raquo; order=&raquo;DESC&raquo; cols=&raquo;title,file_count,download_count|categories|update_date|download_link&raquo; colheads=&raquo;Title|Categories|Update Date|Download::155px&raquo;]<\/p>\n","protected":false},"excerpt":{"rendered":"<p>Last ned artikkelfiler, bilder og reklamefilmer Alle rettigheter forbeholdt. Ingen del av denne publikasjonen kan reproduseres, distribueres eller overf\u00f8res i &#8230; <a title=\"Last ned artikkelfiler, bilder og reklamefilmer\" class=\"read-more\" href=\"https:\/\/primaverde.com\/no\/downloads\/\" aria-label=\"Read more about Last ned artikkelfiler, bilder og reklamefilmer\">Lees verder&#8230;<\/a><\/p>\n","protected":false},"author":6,"featured_media":0,"parent":0,"menu_order":900,"comment_status":"closed","ping_status":"closed","template":"","meta":{"generate_page_header":"","footnotes":""},"class_list":{"0":"post-27279","1":"page","2":"type-page","3":"status-publish","5":"infinite-scroll-item"},"yoast_head":"<!-- This site is optimized with the Yoast SEO Premium plugin v26.8 (Yoast SEO v27.4) - https:\/\/yoast.com\/product\/yoast-seo-premium-wordpress\/ -->\n<title>Last ned artikkelfiler, bilder og reklamefilmer<\/title>\n<meta name=\"description\" content=\"Last ned artikkelfiler, bilder og reklamefilmer. Deze kunt u gebruiken voor webshops, brochures en importbestanden.\" \/>\n<meta name=\"robots\" content=\"index, follow, max-snippet:-1, max-image-preview:large, max-video-preview:-1\" \/>\n<link rel=\"canonical\" href=\"https:\/\/primaverde.com\/no\/downloads\/\" \/>\n<meta property=\"og:locale\" content=\"nb_NO\" \/>\n<meta property=\"og:type\" content=\"article\" \/>\n<meta property=\"og:title\" content=\"Last ned artikkelfiler, bilder og reklamefilmer\" \/>\n<meta property=\"og:description\" content=\"Last ned artikkelfiler, bilder og reklamefilmer. Deze kunt u gebruiken voor webshops, brochures en importbestanden.\" \/>\n<meta property=\"og:url\" content=\"https:\/\/primaverde.com\/no\/downloads\/\" \/>\n<meta property=\"og:site_name\" content=\"Primaverde\" \/>\n<meta property=\"article:publisher\" content=\"https:\/\/www.facebook.com\/PrimaverdeBV\/\" \/>\n<meta property=\"article:modified_time\" content=\"2019-11-28T17:06:31+00:00\" \/>\n<meta name=\"twitter:card\" content=\"summary_large_image\" \/>\n<meta name=\"twitter:site\" content=\"@PrimaverdeBV\" \/>\n<meta name=\"twitter:label1\" content=\"Ansl. lesetid\" \/>\n\t<meta name=\"twitter:data1\" content=\"1 minutt\" \/>\n<script type=\"application\/ld+json\" class=\"yoast-schema-graph\">{\"@context\":\"https:\\\/\\\/schema.org\",\"@graph\":[{\"@type\":\"WebPage\",\"@id\":\"https:\\\/\\\/primaverde.com\\\/no\\\/downloads\\\/\",\"url\":\"https:\\\/\\\/primaverde.com\\\/no\\\/downloads\\\/\",\"name\":\"Last ned artikkelfiler, bilder og reklamefilmer\",\"isPartOf\":{\"@id\":\"https:\\\/\\\/primaverde.com\\\/no\\\/#website\"},\"datePublished\":\"2018-03-23T16:33:06+00:00\",\"dateModified\":\"2019-11-28T17:06:31+00:00\",\"description\":\"Last ned artikkelfiler, bilder og reklamefilmer. Deze kunt u gebruiken voor webshops, brochures en importbestanden.\",\"breadcrumb\":{\"@id\":\"https:\\\/\\\/primaverde.com\\\/no\\\/downloads\\\/#breadcrumb\"},\"inLanguage\":\"nb-NO\",\"potentialAction\":[{\"@type\":\"ReadAction\",\"target\":[\"https:\\\/\\\/primaverde.com\\\/no\\\/downloads\\\/\"]}]},{\"@type\":\"BreadcrumbList\",\"@id\":\"https:\\\/\\\/primaverde.com\\\/no\\\/downloads\\\/#breadcrumb\",\"itemListElement\":[{\"@type\":\"ListItem\",\"position\":1,\"name\":\"Home\",\"item\":\"https:\\\/\\\/primaverde.com\\\/no\\\/\"},{\"@type\":\"ListItem\",\"position\":2,\"name\":\"Last ned artikkelfiler, bilder og reklamefilmer\"}]},{\"@type\":\"WebSite\",\"@id\":\"https:\\\/\\\/primaverde.com\\\/no\\\/#website\",\"url\":\"https:\\\/\\\/primaverde.com\\\/no\\\/\",\"name\":\"Primaverde\",\"description\":\"Covering material, protection, tapes, Beschermende materialen\",\"publisher\":{\"@id\":\"https:\\\/\\\/primaverde.com\\\/no\\\/#organization\"},\"potentialAction\":[{\"@type\":\"SearchAction\",\"target\":{\"@type\":\"EntryPoint\",\"urlTemplate\":\"https:\\\/\\\/primaverde.com\\\/no\\\/?s={search_term_string}\"},\"query-input\":{\"@type\":\"PropertyValueSpecification\",\"valueRequired\":true,\"valueName\":\"search_term_string\"}}],\"inLanguage\":\"nb-NO\"},{\"@type\":\"Organization\",\"@id\":\"https:\\\/\\\/primaverde.com\\\/no\\\/#organization\",\"name\":\"Primaverde B.V.\",\"url\":\"https:\\\/\\\/primaverde.com\\\/no\\\/\",\"logo\":{\"@type\":\"ImageObject\",\"inLanguage\":\"nb-NO\",\"@id\":\"https:\\\/\\\/primaverde.com\\\/no\\\/#\\\/schema\\\/logo\\\/image\\\/\",\"url\":\"https:\\\/\\\/primaverde.com\\\/wp-content\\\/uploads\\\/2015\\\/03\\\/Logo_Primaverde.jpg\",\"contentUrl\":\"https:\\\/\\\/primaverde.com\\\/wp-content\\\/uploads\\\/2015\\\/03\\\/Logo_Primaverde.jpg\",\"width\":1170,\"height\":212,\"caption\":\"Primaverde B.V.\"},\"image\":{\"@id\":\"https:\\\/\\\/primaverde.com\\\/no\\\/#\\\/schema\\\/logo\\\/image\\\/\"},\"sameAs\":[\"https:\\\/\\\/www.facebook.com\\\/PrimaverdeBV\\\/\",\"https:\\\/\\\/x.com\\\/PrimaverdeBV\",\"https:\\\/\\\/nl.linkedin.com\\\/company\\\/primaverde\",\"http:\\\/\\\/www.youtube.com\\\/channel\\\/UC3DwQqj8f8tatLdSFA0aWwA\"]}]}<\/script>\n<!-- \/ Yoast SEO Premium plugin. -->","yoast_head_json":{"title":"Last ned artikkelfiler, bilder og reklamefilmer","description":"Last ned artikkelfiler, bilder og reklamefilmer. Deze kunt u gebruiken voor webshops, brochures en importbestanden.","robots":{"index":"index","follow":"follow","max-snippet":"max-snippet:-1","max-image-preview":"max-image-preview:large","max-video-preview":"max-video-preview:-1"},"canonical":"https:\/\/primaverde.com\/no\/downloads\/","og_locale":"nb_NO","og_type":"article","og_title":"Last ned artikkelfiler, bilder og reklamefilmer","og_description":"Last ned artikkelfiler, bilder og reklamefilmer. Deze kunt u gebruiken voor webshops, brochures en importbestanden.","og_url":"https:\/\/primaverde.com\/no\/downloads\/","og_site_name":"Primaverde","article_publisher":"https:\/\/www.facebook.com\/PrimaverdeBV\/","article_modified_time":"2019-11-28T17:06:31+00:00","twitter_card":"summary_large_image","twitter_site":"@PrimaverdeBV","twitter_misc":{"Ansl. lesetid":"1 minutt"},"schema":{"@context":"https:\/\/schema.org","@graph":[{"@type":"WebPage","@id":"https:\/\/primaverde.com\/no\/downloads\/","url":"https:\/\/primaverde.com\/no\/downloads\/","name":"Last ned artikkelfiler, bilder og reklamefilmer","isPartOf":{"@id":"https:\/\/primaverde.com\/no\/#website"},"datePublished":"2018-03-23T16:33:06+00:00","dateModified":"2019-11-28T17:06:31+00:00","description":"Last ned artikkelfiler, bilder og reklamefilmer. Deze kunt u gebruiken voor webshops, brochures en importbestanden.","breadcrumb":{"@id":"https:\/\/primaverde.com\/no\/downloads\/#breadcrumb"},"inLanguage":"nb-NO","potentialAction":[{"@type":"ReadAction","target":["https:\/\/primaverde.com\/no\/downloads\/"]}]},{"@type":"BreadcrumbList","@id":"https:\/\/primaverde.com\/no\/downloads\/#breadcrumb","itemListElement":[{"@type":"ListItem","position":1,"name":"Home","item":"https:\/\/primaverde.com\/no\/"},{"@type":"ListItem","position":2,"name":"Last ned artikkelfiler, bilder og reklamefilmer"}]},{"@type":"WebSite","@id":"https:\/\/primaverde.com\/no\/#website","url":"https:\/\/primaverde.com\/no\/","name":"Primaverde","description":"Covering material, protection, tapes, Beschermende materialen","publisher":{"@id":"https:\/\/primaverde.com\/no\/#organization"},"potentialAction":[{"@type":"SearchAction","target":{"@type":"EntryPoint","urlTemplate":"https:\/\/primaverde.com\/no\/?s={search_term_string}"},"query-input":{"@type":"PropertyValueSpecification","valueRequired":true,"valueName":"search_term_string"}}],"inLanguage":"nb-NO"},{"@type":"Organization","@id":"https:\/\/primaverde.com\/no\/#organization","name":"Primaverde B.V.","url":"https:\/\/primaverde.com\/no\/","logo":{"@type":"ImageObject","inLanguage":"nb-NO","@id":"https:\/\/primaverde.com\/no\/#\/schema\/logo\/image\/","url":"https:\/\/primaverde.com\/wp-content\/uploads\/2015\/03\/Logo_Primaverde.jpg","contentUrl":"https:\/\/primaverde.com\/wp-content\/uploads\/2015\/03\/Logo_Primaverde.jpg","width":1170,"height":212,"caption":"Primaverde B.V."},"image":{"@id":"https:\/\/primaverde.com\/no\/#\/schema\/logo\/image\/"},"sameAs":["https:\/\/www.facebook.com\/PrimaverdeBV\/","https:\/\/x.com\/PrimaverdeBV","https:\/\/nl.linkedin.com\/company\/primaverde","http:\/\/www.youtube.com\/channel\/UC3DwQqj8f8tatLdSFA0aWwA"]}]}},"_links":{"self":[{"href":"https:\/\/primaverde.com\/no\/wp-json\/wp\/v2\/pages\/27279","targetHints":{"allow":["GET"]}}],"collection":[{"href":"https:\/\/primaverde.com\/no\/wp-json\/wp\/v2\/pages"}],"about":[{"href":"https:\/\/primaverde.com\/no\/wp-json\/wp\/v2\/types\/page"}],"author":[{"embeddable":true,"href":"https:\/\/primaverde.com\/no\/wp-json\/wp\/v2\/users\/6"}],"replies":[{"embeddable":true,"href":"https:\/\/primaverde.com\/no\/wp-json\/wp\/v2\/comments?post=27279"}],"version-history":[{"count":0,"href":"https:\/\/primaverde.com\/no\/wp-json\/wp\/v2\/pages\/27279\/revisions"}],"wp:attachment":[{"href":"https:\/\/primaverde.com\/no\/wp-json\/wp\/v2\/media?parent=27279"}],"curies":[{"name":"wp","href":"https:\/\/api.w.org\/{rel}","templated":true}]}}