{"id":27345,"date":"2019-06-13T10:52:49","date_gmt":"2019-06-13T09:52:49","guid":{"rendered":"https:\/\/primaverde.com\/primacover-2\/"},"modified":"2022-03-07T15:14:22","modified_gmt":"2022-03-07T14:14:22","slug":"primacover","status":"publish","type":"page","link":"https:\/\/primaverde.com\/no\/primacover\/","title":{"rendered":"PrimaCover"},"content":{"rendered":"\n<h1 class=\"has-text-align-center wp-block-heading\" id=\"h-primacover-tildekkingsmaterialer\"> PrimaCover tildekkingsmaterialer  <\/h1>\n\n\n\n<h2 class=\"has-text-align-center wp-block-heading\" id=\"h-primacover-tilbyr-et-fyldig-sortiment-av-tildekkingsmaterialer-for-gulv-trapper-og-andre-overflater\">   PrimaCover tilbyr et fyldig sortiment av tildekkingsmaterialer for gulv, trapper og andre overflater <\/h2>\n\n\n<div class=\"gb-button-wrapper gb-button-wrapper-f8e4d415\">\n\n<a class=\"gb-button gb-button-9331a267 gb-button-text\" href=\"https:\/\/primacover.com\">primacover.com<\/a>\n\n<\/div>\n\n\n<hr class=\"wp-block-separator\"\/>\n\n\n\n<div class=\"wp-block-columns has-2-columns is-layout-flex wp-container-core-columns-is-layout-9d6595d7 wp-block-columns-is-layout-flex\">\n<div class=\"wp-block-column is-layout-flow wp-block-column-is-layout-flow\">\n<figure class=\"wp-block-gallery columns-3\"><ul class=\"blocks-gallery-grid\"><li class=\"blocks-gallery-item\"><figure><img loading=\"lazy\" decoding=\"async\" width=\"600\" height=\"399\" src=\"https:\/\/primaverde.com\/wp-content\/uploads\/2015\/11\/PrimaCover0_logo_content_categorie_1-1.jpg\" alt=\"PrimaCover afdekmateriaal\" data-id=\"2078\" data-link=\"https:\/\/primaverde.com\/primacover0_logo_content_categorie_1\/\" class=\"wp-image-2078\" srcset=\"https:\/\/primaverde.com\/wp-content\/uploads\/2015\/11\/PrimaCover0_logo_content_categorie_1-1.jpg 600w, https:\/\/primaverde.com\/wp-content\/uploads\/2015\/11\/PrimaCover0_logo_content_categorie_1-1-300x200.jpg 300w, https:\/\/primaverde.com\/wp-content\/uploads\/2015\/11\/PrimaCover0_logo_content_categorie_1-1-31x21.jpg 31w, https:\/\/primaverde.com\/wp-content\/uploads\/2015\/11\/PrimaCover0_logo_content_categorie_1-1-272x182.jpg 272w\" sizes=\"auto, (max-width: 600px) 100vw, 600px\" \/><\/figure><\/li><li class=\"blocks-gallery-item\"><figure><img loading=\"lazy\" decoding=\"async\" width=\"1200\" height=\"798\" src=\"https:\/\/primaverde.com\/wp-content\/uploads\/2019\/06\/PrimaCover6_logo_content_categorie_2-1200x798.jpg\" alt=\"PrimaCover Robust - afdekvlies beton - vloer trap\" data-id=\"6868\" data-link=\"https:\/\/primaverde.com\/?attachment_id=6868#main\" class=\"wp-image-27408\" srcset=\"https:\/\/primaverde.com\/wp-content\/uploads\/2019\/06\/PrimaCover6_logo_content_categorie_2-1200x798.jpg 1200w, https:\/\/primaverde.com\/wp-content\/uploads\/2019\/06\/PrimaCover6_logo_content_categorie_2-600x399.jpg 600w, https:\/\/primaverde.com\/wp-content\/uploads\/2019\/06\/PrimaCover6_logo_content_categorie_2-300x200.jpg 300w, https:\/\/primaverde.com\/wp-content\/uploads\/2019\/06\/PrimaCover6_logo_content_categorie_2-768x511.jpg 768w\" sizes=\"auto, (max-width: 1200px) 100vw, 1200px\" \/><\/figure><\/li><li class=\"blocks-gallery-item\"><figure><img loading=\"lazy\" decoding=\"async\" width=\"1200\" height=\"798\" src=\"https:\/\/primaverde.com\/wp-content\/uploads\/2019\/06\/PrimaCover9_logo_content_categorie_2-1200x798.jpg\" alt=\"PrimaCover Evapo - damp-open afdekvlies - hout - trap vloer\" data-id=\"6873\" data-link=\"https:\/\/primaverde.com\/?attachment_id=6873#main\" class=\"wp-image-27427\" srcset=\"https:\/\/primaverde.com\/wp-content\/uploads\/2019\/06\/PrimaCover9_logo_content_categorie_2-1200x798.jpg 1200w, https:\/\/primaverde.com\/wp-content\/uploads\/2019\/06\/PrimaCover9_logo_content_categorie_2-600x399.jpg 600w, https:\/\/primaverde.com\/wp-content\/uploads\/2019\/06\/PrimaCover9_logo_content_categorie_2-300x200.jpg 300w, https:\/\/primaverde.com\/wp-content\/uploads\/2019\/06\/PrimaCover9_logo_content_categorie_2-768x511.jpg 768w\" sizes=\"auto, (max-width: 1200px) 100vw, 1200px\" \/><\/figure><\/li><li class=\"blocks-gallery-item\"><figure><img loading=\"lazy\" decoding=\"async\" width=\"1200\" height=\"798\" src=\"https:\/\/primaverde.com\/wp-content\/uploads\/2019\/06\/PrimaCover10_logo_content_categorie_2-1200x798.jpg\" alt=\"PrimaCover Standard - universeel zelfklevend afdekvlies\" data-id=\"6878\" data-link=\"https:\/\/primaverde.com\/?attachment_id=6878#main\" class=\"wp-image-27428\" srcset=\"https:\/\/primaverde.com\/wp-content\/uploads\/2019\/06\/PrimaCover10_logo_content_categorie_2-1200x798.jpg 1200w, https:\/\/primaverde.com\/wp-content\/uploads\/2019\/06\/PrimaCover10_logo_content_categorie_2-600x399.jpg 600w, https:\/\/primaverde.com\/wp-content\/uploads\/2019\/06\/PrimaCover10_logo_content_categorie_2-300x200.jpg 300w, https:\/\/primaverde.com\/wp-content\/uploads\/2019\/06\/PrimaCover10_logo_content_categorie_2-768x511.jpg 768w\" sizes=\"auto, (max-width: 1200px) 100vw, 1200px\" \/><\/figure><\/li><li class=\"blocks-gallery-item\"><figure><img loading=\"lazy\" decoding=\"async\" width=\"1200\" height=\"798\" src=\"https:\/\/primaverde.com\/wp-content\/uploads\/2019\/06\/PrimaCover11_logo_content_categorie_2-1200x798.jpg\" alt=\"PrimaCover Standard - universeel zelfklevend afdekvlies - puin\" data-id=\"6883\" data-link=\"https:\/\/primaverde.com\/?attachment_id=6883#main\" class=\"wp-image-27429\" srcset=\"https:\/\/primaverde.com\/wp-content\/uploads\/2019\/06\/PrimaCover11_logo_content_categorie_2-1200x798.jpg 1200w, https:\/\/primaverde.com\/wp-content\/uploads\/2019\/06\/PrimaCover11_logo_content_categorie_2-600x399.jpg 600w, https:\/\/primaverde.com\/wp-content\/uploads\/2019\/06\/PrimaCover11_logo_content_categorie_2-300x200.jpg 300w, https:\/\/primaverde.com\/wp-content\/uploads\/2019\/06\/PrimaCover11_logo_content_categorie_2-768x511.jpg 768w\" sizes=\"auto, (max-width: 1200px) 100vw, 1200px\" \/><\/figure><\/li><li class=\"blocks-gallery-item\"><figure><img loading=\"lazy\" decoding=\"async\" width=\"1200\" height=\"798\" src=\"https:\/\/primaverde.com\/wp-content\/uploads\/2019\/06\/PrimaCover16_logo_content_categorie_2-1200x798.jpg\" alt=\"PrimaCover Zipper Door A - ritsdoorgang - stofdeur\" data-id=\"6888\" data-link=\"https:\/\/primaverde.com\/?attachment_id=6888#main\" class=\"wp-image-27430\" srcset=\"https:\/\/primaverde.com\/wp-content\/uploads\/2019\/06\/PrimaCover16_logo_content_categorie_2-1200x798.jpg 1200w, https:\/\/primaverde.com\/wp-content\/uploads\/2019\/06\/PrimaCover16_logo_content_categorie_2-600x399.jpg 600w, https:\/\/primaverde.com\/wp-content\/uploads\/2019\/06\/PrimaCover16_logo_content_categorie_2-300x200.jpg 300w, https:\/\/primaverde.com\/wp-content\/uploads\/2019\/06\/PrimaCover16_logo_content_categorie_2-768x511.jpg 768w\" sizes=\"auto, (max-width: 1200px) 100vw, 1200px\" \/><\/figure><\/li><li class=\"blocks-gallery-item\"><figure><img loading=\"lazy\" decoding=\"async\" width=\"1200\" height=\"798\" src=\"https:\/\/primaverde.com\/wp-content\/uploads\/2019\/06\/PrimaCover30_logo_content_categorie_2-1200x798.jpg\" alt=\"PrimaCover Active - ademend afdekvlies - praktijk\" data-id=\"6893\" data-link=\"https:\/\/primaverde.com\/?attachment_id=6893#main\" class=\"wp-image-27431\" srcset=\"https:\/\/primaverde.com\/wp-content\/uploads\/2019\/06\/PrimaCover30_logo_content_categorie_2-1200x798.jpg 1200w, https:\/\/primaverde.com\/wp-content\/uploads\/2019\/06\/PrimaCover30_logo_content_categorie_2-600x399.jpg 600w, https:\/\/primaverde.com\/wp-content\/uploads\/2019\/06\/PrimaCover30_logo_content_categorie_2-300x200.jpg 300w, https:\/\/primaverde.com\/wp-content\/uploads\/2019\/06\/PrimaCover30_logo_content_categorie_2-768x511.jpg 768w\" sizes=\"auto, (max-width: 1200px) 100vw, 1200px\" \/><\/figure><\/li><li class=\"blocks-gallery-item\"><figure><img loading=\"lazy\" decoding=\"async\" width=\"601\" height=\"399\" src=\"https:\/\/primaverde.com\/wp-content\/uploads\/2015\/11\/PrimaCover1_logo_content_categorie_1-1.jpg\" alt=\"PrimaCover Absorb - afdekvlies onderhoud techniek bescherming oplosmiddel olie ondergrond\" data-id=\"2079\" data-link=\"https:\/\/primaverde.com\/primacover1_logo_content_categorie_1\/\" class=\"wp-image-2079\" srcset=\"https:\/\/primaverde.com\/wp-content\/uploads\/2015\/11\/PrimaCover1_logo_content_categorie_1-1.jpg 601w, https:\/\/primaverde.com\/wp-content\/uploads\/2015\/11\/PrimaCover1_logo_content_categorie_1-1-300x199.jpg 300w, https:\/\/primaverde.com\/wp-content\/uploads\/2015\/11\/PrimaCover1_logo_content_categorie_1-1-600x398.jpg 600w, https:\/\/primaverde.com\/wp-content\/uploads\/2015\/11\/PrimaCover1_logo_content_categorie_1-1-31x21.jpg 31w, https:\/\/primaverde.com\/wp-content\/uploads\/2015\/11\/PrimaCover1_logo_content_categorie_1-1-272x182.jpg 272w\" sizes=\"auto, (max-width: 601px) 100vw, 601px\" \/><\/figure><\/li><\/ul><\/figure>\n<\/div>\n\n\n\n<div class=\"wp-block-column is-layout-flow wp-block-column-is-layout-flow\">\n<p>PrimaCover-tildekkingsmaterialer gir ypperlig beskyttelse for mange typer overflater. PrimaCover er tilgjengelig fra  jernvareforretninger og maskinvareforhandlere, profesjonelle byggesentre  og malerforretninger.  Karakteristisk for PrimaCover er:<\/p>\n\n\n\n<ul class=\"wp-block-list\"><li>Kvalitet p\u00e5vist i praksis<\/li><li> Utmerket salgsst\u00f8tte for forhandlere<\/li><li> Utmerket teknisk support for sluttbrukere<\/li><\/ul>\n\n\n\n<h2 class=\"wp-block-heading\" id=\"h-utvikling\">Utvikling<\/h2>\n\n\n\n<p>F\u00f8r et PrimaCover-produkt kommer p\u00e5 markedet, f\u00f8lger vi n\u00f8ye med p\u00e5 utviklingen. Dette gj\u00f8res i tett samr\u00e5d med  forbrukeren. Tross alt vet de bedre enn noen andre hva som kan fungere for \u00e5 forhindre skadekostnader og ved \u00e5 finne p\u00e5litelige l\u00f8sninger. PrimaCover og sluttbrukere har et felles m\u00e5l: \u00e5 spare tid og forhindre skadekostnader .<\/p>\n\n\n\n<h2 class=\"wp-block-heading\" id=\"h-tildekkingsfilt-og-tildekkingsfolie\">Tildekkingsfilt og tildekkingsfolie<\/h2>\n\n\n\n<p>Primacover dekkfilt og tildekkingsfolie beskytter gulv, trapp og glass. Det er produsert kun fra de beste materialene og har eksepsjonelle beskyttelsesegenskaper for utallige overflater.<\/p>\n\n\n\n<p>Det fins mange forskjellige slag av PrimaCover tildekkingmaterialer, ogs\u00e5 spesialer. For eksempel PrimaCover Active og Evapo for sensitive og nylige behandlede overflater. Eller PrimaCover Robust for \u00e5 dekke til og beskytte betongelementer eller st\u00f8pte gulv under hele byggeprosessen. <\/p>\n\n\n\n<h2 class=\"wp-block-heading\" id=\"h-stovdor\">St\u00f8vd\u00f8r <\/h2>\n\n\n\n<p>Lag egen st\u00f8vd\u00f8r med hjelp av 2 forskjellige PrimaCover produkter. PrimaCover Zipper og PrimaCover Zipper Door A. Begge alternativene er rettet mot p\u00e5litelighet og brukervennlighet. <\/p>\n\n\n\n<p>PrimaCover Zipper er et sett med to selvklebende glidel\u00e5ser som du enkelt kan bruke p\u00e5 alle typer folie. P\u00e5 denne m\u00e5ten kan du gj\u00f8re hvilken som helst midlertidig skillevegg om til passasje p\u00e5 kort tid.<\/p>\n\n\n\n<p>PrimaCover Zipper Door A er en st\u00f8vd\u00f8r som best\u00e5r av en solid gjennomsiktig folie med forh\u00e5ndsmontert glidel\u00e5s. Bruk dette med en passende dobbeltsidig tape . Passasjen \u00e5pner hindringsfri for optimal tilgjengelighet.<\/p>\n\n\n\n<h2 class=\"wp-block-heading\" id=\"h-brukerstotte\">Brukerst\u00f8tte<\/h2>\n\n\n\n<p>Du blir ikke bare forn\u00f8yde som sluttbruker . Det starter med n\u00f8ye produktutvikling. Utgangspunktet er: praktisk i praksis. Primaverde tilbyr omfattende st\u00f8tte til forhandlere. Sjekk v\u00e5r <a href=\"https:\/\/primaverde.com\/no\/brukerstotte\/\">supportside <\/a>hvis du vil vite mer om v\u00e5r tekniske og kommersielle support. <\/p>\n\n\n\n<h2 class=\"wp-block-heading\" id=\"h-mer-informasjon\">Mer informasjon<\/h2>\n\n\n\n<p>PrimaCover er tilgjengelig hos jernvareforretninger, verkt\u00f8yforhandlere og maleforretninger . Du kan finne mer informasjon om PrimaCover-produkter p\u00e5 <a href=\"https:\/\/primacover.com\">PrimaCover-nettstedet<\/a>. Ta gjerne <a href=\"https:\/\/primaverde.com\/no\/kontakt\/\">kontakt <\/a>med Primaverde hvis du vil vite mer om PrimaCover. Vi svarer gjerne p\u00e5 sp\u00f8rsm\u00e5lene dine.<\/p>\n<\/div>\n<\/div>\n\n\n\n<p><\/p>\n","protected":false},"excerpt":{"rendered":"<p>PrimaCover tildekkingsmaterialer PrimaCover tilbyr et fyldig sortiment av tildekkingsmaterialer for gulv, trapper og andre overflater PrimaCover-tildekkingsmaterialer gir ypperlig beskyttelse for &#8230; <a title=\"PrimaCover\" class=\"read-more\" href=\"https:\/\/primaverde.com\/no\/primacover\/\" aria-label=\"Read more about PrimaCover\">Lees verder&#8230;<\/a><\/p>\n","protected":false},"author":7,"featured_media":0,"parent":0,"menu_order":2,"comment_status":"closed","ping_status":"closed","template":"","meta":{"generate_page_header":"","footnotes":""},"class_list":{"0":"post-27345","1":"page","2":"type-page","3":"status-publish","5":"infinite-scroll-item"},"yoast_head":"<!-- This site is optimized with the Yoast SEO Premium plugin v26.8 (Yoast SEO v27.4) - https:\/\/yoast.com\/product\/yoast-seo-premium-wordpress\/ -->\n<title>PrimaCover tildekkingsmaterialer, dekkfilt, dekkfilm og St\u00f8vd\u00f8r.<\/title>\n<meta name=\"description\" content=\"PrimaCover er tilgjengelig fra jernvareforretninger og maskinvareforhandlere, profesjonelle byggesentre og malerforretninger.\" \/>\n<meta name=\"robots\" content=\"index, follow, max-snippet:-1, max-image-preview:large, max-video-preview:-1\" \/>\n<link rel=\"canonical\" href=\"https:\/\/primaverde.com\/no\/primacover\/\" \/>\n<meta property=\"og:locale\" content=\"nb_NO\" \/>\n<meta property=\"og:type\" content=\"article\" \/>\n<meta property=\"og:title\" content=\"PrimaCover\" \/>\n<meta property=\"og:description\" content=\"PrimaCover er tilgjengelig fra jernvareforretninger og maskinvareforhandlere, profesjonelle byggesentre og malerforretninger.\" \/>\n<meta property=\"og:url\" content=\"https:\/\/primaverde.com\/no\/primacover\/\" \/>\n<meta property=\"og:site_name\" content=\"Primaverde\" \/>\n<meta property=\"article:publisher\" content=\"https:\/\/www.facebook.com\/PrimaverdeBV\/\" \/>\n<meta property=\"article:modified_time\" content=\"2022-03-07T14:14:22+00:00\" \/>\n<meta property=\"og:image\" content=\"https:\/\/primaverde.com\/wp-content\/uploads\/2015\/11\/PrimaCover0_logo_content_categorie_1-1.jpg\" \/>\n<meta name=\"twitter:card\" content=\"summary_large_image\" \/>\n<meta name=\"twitter:site\" content=\"@PrimaverdeBV\" \/>\n<meta name=\"twitter:label1\" content=\"Ansl. lesetid\" \/>\n\t<meta name=\"twitter:data1\" content=\"4 minutter\" \/>\n<script type=\"application\/ld+json\" class=\"yoast-schema-graph\">{\"@context\":\"https:\\\/\\\/schema.org\",\"@graph\":[{\"@type\":\"WebPage\",\"@id\":\"https:\\\/\\\/primaverde.com\\\/no\\\/primacover\\\/\",\"url\":\"https:\\\/\\\/primaverde.com\\\/no\\\/primacover\\\/\",\"name\":\"PrimaCover tildekkingsmaterialer, dekkfilt, dekkfilm og St\u00f8vd\u00f8r.\",\"isPartOf\":{\"@id\":\"https:\\\/\\\/primaverde.com\\\/no\\\/#website\"},\"primaryImageOfPage\":{\"@id\":\"https:\\\/\\\/primaverde.com\\\/no\\\/primacover\\\/#primaryimage\"},\"image\":{\"@id\":\"https:\\\/\\\/primaverde.com\\\/no\\\/primacover\\\/#primaryimage\"},\"thumbnailUrl\":\"https:\\\/\\\/primaverde.com\\\/wp-content\\\/uploads\\\/2015\\\/11\\\/PrimaCover0_logo_content_categorie_1-1.jpg\",\"datePublished\":\"2019-06-13T09:52:49+00:00\",\"dateModified\":\"2022-03-07T14:14:22+00:00\",\"description\":\"PrimaCover er tilgjengelig fra jernvareforretninger og maskinvareforhandlere, profesjonelle byggesentre og malerforretninger.\",\"breadcrumb\":{\"@id\":\"https:\\\/\\\/primaverde.com\\\/no\\\/primacover\\\/#breadcrumb\"},\"inLanguage\":\"nb-NO\",\"potentialAction\":[{\"@type\":\"ReadAction\",\"target\":[\"https:\\\/\\\/primaverde.com\\\/no\\\/primacover\\\/\"]}]},{\"@type\":\"ImageObject\",\"inLanguage\":\"nb-NO\",\"@id\":\"https:\\\/\\\/primaverde.com\\\/no\\\/primacover\\\/#primaryimage\",\"url\":\"https:\\\/\\\/primaverde.com\\\/wp-content\\\/uploads\\\/2015\\\/11\\\/PrimaCover0_logo_content_categorie_1-1.jpg\",\"contentUrl\":\"https:\\\/\\\/primaverde.com\\\/wp-content\\\/uploads\\\/2015\\\/11\\\/PrimaCover0_logo_content_categorie_1-1.jpg\"},{\"@type\":\"BreadcrumbList\",\"@id\":\"https:\\\/\\\/primaverde.com\\\/no\\\/primacover\\\/#breadcrumb\",\"itemListElement\":[{\"@type\":\"ListItem\",\"position\":1,\"name\":\"Home\",\"item\":\"https:\\\/\\\/primaverde.com\\\/no\\\/\"},{\"@type\":\"ListItem\",\"position\":2,\"name\":\"PrimaCover\"}]},{\"@type\":\"WebSite\",\"@id\":\"https:\\\/\\\/primaverde.com\\\/no\\\/#website\",\"url\":\"https:\\\/\\\/primaverde.com\\\/no\\\/\",\"name\":\"Primaverde\",\"description\":\"Covering material, protection, tapes, Beschermende materialen\",\"publisher\":{\"@id\":\"https:\\\/\\\/primaverde.com\\\/no\\\/#organization\"},\"potentialAction\":[{\"@type\":\"SearchAction\",\"target\":{\"@type\":\"EntryPoint\",\"urlTemplate\":\"https:\\\/\\\/primaverde.com\\\/no\\\/?s={search_term_string}\"},\"query-input\":{\"@type\":\"PropertyValueSpecification\",\"valueRequired\":true,\"valueName\":\"search_term_string\"}}],\"inLanguage\":\"nb-NO\"},{\"@type\":\"Organization\",\"@id\":\"https:\\\/\\\/primaverde.com\\\/no\\\/#organization\",\"name\":\"Primaverde B.V.\",\"url\":\"https:\\\/\\\/primaverde.com\\\/no\\\/\",\"logo\":{\"@type\":\"ImageObject\",\"inLanguage\":\"nb-NO\",\"@id\":\"https:\\\/\\\/primaverde.com\\\/no\\\/#\\\/schema\\\/logo\\\/image\\\/\",\"url\":\"https:\\\/\\\/primaverde.com\\\/wp-content\\\/uploads\\\/2015\\\/03\\\/Logo_Primaverde.jpg\",\"contentUrl\":\"https:\\\/\\\/primaverde.com\\\/wp-content\\\/uploads\\\/2015\\\/03\\\/Logo_Primaverde.jpg\",\"width\":1170,\"height\":212,\"caption\":\"Primaverde B.V.\"},\"image\":{\"@id\":\"https:\\\/\\\/primaverde.com\\\/no\\\/#\\\/schema\\\/logo\\\/image\\\/\"},\"sameAs\":[\"https:\\\/\\\/www.facebook.com\\\/PrimaverdeBV\\\/\",\"https:\\\/\\\/x.com\\\/PrimaverdeBV\",\"https:\\\/\\\/nl.linkedin.com\\\/company\\\/primaverde\",\"http:\\\/\\\/www.youtube.com\\\/channel\\\/UC3DwQqj8f8tatLdSFA0aWwA\"]}]}<\/script>\n<!-- \/ Yoast SEO Premium plugin. -->","yoast_head_json":{"title":"PrimaCover tildekkingsmaterialer, dekkfilt, dekkfilm og St\u00f8vd\u00f8r.","description":"PrimaCover er tilgjengelig fra jernvareforretninger og maskinvareforhandlere, profesjonelle byggesentre og malerforretninger.","robots":{"index":"index","follow":"follow","max-snippet":"max-snippet:-1","max-image-preview":"max-image-preview:large","max-video-preview":"max-video-preview:-1"},"canonical":"https:\/\/primaverde.com\/no\/primacover\/","og_locale":"nb_NO","og_type":"article","og_title":"PrimaCover","og_description":"PrimaCover er tilgjengelig fra jernvareforretninger og maskinvareforhandlere, profesjonelle byggesentre og malerforretninger.","og_url":"https:\/\/primaverde.com\/no\/primacover\/","og_site_name":"Primaverde","article_publisher":"https:\/\/www.facebook.com\/PrimaverdeBV\/","article_modified_time":"2022-03-07T14:14:22+00:00","og_image":[{"url":"https:\/\/primaverde.com\/wp-content\/uploads\/2015\/11\/PrimaCover0_logo_content_categorie_1-1.jpg","type":"","width":"","height":""}],"twitter_card":"summary_large_image","twitter_site":"@PrimaverdeBV","twitter_misc":{"Ansl. lesetid":"4 minutter"},"schema":{"@context":"https:\/\/schema.org","@graph":[{"@type":"WebPage","@id":"https:\/\/primaverde.com\/no\/primacover\/","url":"https:\/\/primaverde.com\/no\/primacover\/","name":"PrimaCover tildekkingsmaterialer, dekkfilt, dekkfilm og St\u00f8vd\u00f8r.","isPartOf":{"@id":"https:\/\/primaverde.com\/no\/#website"},"primaryImageOfPage":{"@id":"https:\/\/primaverde.com\/no\/primacover\/#primaryimage"},"image":{"@id":"https:\/\/primaverde.com\/no\/primacover\/#primaryimage"},"thumbnailUrl":"https:\/\/primaverde.com\/wp-content\/uploads\/2015\/11\/PrimaCover0_logo_content_categorie_1-1.jpg","datePublished":"2019-06-13T09:52:49+00:00","dateModified":"2022-03-07T14:14:22+00:00","description":"PrimaCover er tilgjengelig fra jernvareforretninger og maskinvareforhandlere, profesjonelle byggesentre og malerforretninger.","breadcrumb":{"@id":"https:\/\/primaverde.com\/no\/primacover\/#breadcrumb"},"inLanguage":"nb-NO","potentialAction":[{"@type":"ReadAction","target":["https:\/\/primaverde.com\/no\/primacover\/"]}]},{"@type":"ImageObject","inLanguage":"nb-NO","@id":"https:\/\/primaverde.com\/no\/primacover\/#primaryimage","url":"https:\/\/primaverde.com\/wp-content\/uploads\/2015\/11\/PrimaCover0_logo_content_categorie_1-1.jpg","contentUrl":"https:\/\/primaverde.com\/wp-content\/uploads\/2015\/11\/PrimaCover0_logo_content_categorie_1-1.jpg"},{"@type":"BreadcrumbList","@id":"https:\/\/primaverde.com\/no\/primacover\/#breadcrumb","itemListElement":[{"@type":"ListItem","position":1,"name":"Home","item":"https:\/\/primaverde.com\/no\/"},{"@type":"ListItem","position":2,"name":"PrimaCover"}]},{"@type":"WebSite","@id":"https:\/\/primaverde.com\/no\/#website","url":"https:\/\/primaverde.com\/no\/","name":"Primaverde","description":"Covering material, protection, tapes, Beschermende materialen","publisher":{"@id":"https:\/\/primaverde.com\/no\/#organization"},"potentialAction":[{"@type":"SearchAction","target":{"@type":"EntryPoint","urlTemplate":"https:\/\/primaverde.com\/no\/?s={search_term_string}"},"query-input":{"@type":"PropertyValueSpecification","valueRequired":true,"valueName":"search_term_string"}}],"inLanguage":"nb-NO"},{"@type":"Organization","@id":"https:\/\/primaverde.com\/no\/#organization","name":"Primaverde B.V.","url":"https:\/\/primaverde.com\/no\/","logo":{"@type":"ImageObject","inLanguage":"nb-NO","@id":"https:\/\/primaverde.com\/no\/#\/schema\/logo\/image\/","url":"https:\/\/primaverde.com\/wp-content\/uploads\/2015\/03\/Logo_Primaverde.jpg","contentUrl":"https:\/\/primaverde.com\/wp-content\/uploads\/2015\/03\/Logo_Primaverde.jpg","width":1170,"height":212,"caption":"Primaverde B.V."},"image":{"@id":"https:\/\/primaverde.com\/no\/#\/schema\/logo\/image\/"},"sameAs":["https:\/\/www.facebook.com\/PrimaverdeBV\/","https:\/\/x.com\/PrimaverdeBV","https:\/\/nl.linkedin.com\/company\/primaverde","http:\/\/www.youtube.com\/channel\/UC3DwQqj8f8tatLdSFA0aWwA"]}]}},"_links":{"self":[{"href":"https:\/\/primaverde.com\/no\/wp-json\/wp\/v2\/pages\/27345","targetHints":{"allow":["GET"]}}],"collection":[{"href":"https:\/\/primaverde.com\/no\/wp-json\/wp\/v2\/pages"}],"about":[{"href":"https:\/\/primaverde.com\/no\/wp-json\/wp\/v2\/types\/page"}],"author":[{"embeddable":true,"href":"https:\/\/primaverde.com\/no\/wp-json\/wp\/v2\/users\/7"}],"replies":[{"embeddable":true,"href":"https:\/\/primaverde.com\/no\/wp-json\/wp\/v2\/comments?post=27345"}],"version-history":[{"count":0,"href":"https:\/\/primaverde.com\/no\/wp-json\/wp\/v2\/pages\/27345\/revisions"}],"wp:attachment":[{"href":"https:\/\/primaverde.com\/no\/wp-json\/wp\/v2\/media?parent=27345"}],"curies":[{"name":"wp","href":"https:\/\/api.w.org\/{rel}","templated":true}]}}