{"id":27358,"date":"2019-06-13T10:53:19","date_gmt":"2019-06-13T09:53:19","guid":{"rendered":"https:\/\/primaverde.com\/ondersteuning\/"},"modified":"2021-03-24T11:31:37","modified_gmt":"2021-03-24T10:31:37","slug":"brukerstotte","status":"publish","type":"page","link":"https:\/\/primaverde.com\/no\/brukerstotte\/","title":{"rendered":"Brukerst\u00f8tte"},"content":{"rendered":"\n<h1 class=\"has-text-align-center wp-block-heading\" id=\"h-kommersiell-og-teknisk-st-tte\">Kommersiell og teknisk st\u00f8tte<\/h1>\n\n\n\n<h2 class=\"has-text-align-center wp-block-heading\" id=\"h-p-liteligheten-ved-teknisk-og-kommersiell-support-ved-primaverde\">P\u00e5liteligheten ved teknisk og kommersiell support ved Primaverde<\/h2>\n\n\n\n<p><\/p>\n\n\n\n<div class=\"wp-block-columns has-2-columns is-layout-flex wp-container-core-columns-is-layout-9d6595d7 wp-block-columns-is-layout-flex\">\n<div class=\"wp-block-column is-layout-flow wp-block-column-is-layout-flow\">\n<figure class=\"wp-block-gallery columns-3 wp-block-gallery-1 is-layout-flex wp-block-gallery-is-layout-flex\"><ul class=\"blocks-gallery-grid\"><li class=\"blocks-gallery-item\"><figure><a href=\"https:\/\/primaverde.com\/wp-content\/uploads\/2015\/11\/PrimaCover0_logo_content_categorie_1-1.jpg\"><img loading=\"lazy\" decoding=\"async\" width=\"600\" height=\"399\" src=\"https:\/\/primaverde.com\/wp-content\/uploads\/2015\/11\/PrimaCover0_logo_content_categorie_1-1.jpg\" alt=\"PrimaCover afdekmateriaal\" data-id=\"2078\" data-link=\"https:\/\/primaverde.com\/primacover0_logo_content_categorie_1\/\" class=\"wp-image-2078\" srcset=\"https:\/\/primaverde.com\/wp-content\/uploads\/2015\/11\/PrimaCover0_logo_content_categorie_1-1.jpg 600w, https:\/\/primaverde.com\/wp-content\/uploads\/2015\/11\/PrimaCover0_logo_content_categorie_1-1-300x200.jpg 300w, https:\/\/primaverde.com\/wp-content\/uploads\/2015\/11\/PrimaCover0_logo_content_categorie_1-1-31x21.jpg 31w, https:\/\/primaverde.com\/wp-content\/uploads\/2015\/11\/PrimaCover0_logo_content_categorie_1-1-272x182.jpg 272w\" sizes=\"auto, (max-width: 600px) 100vw, 600px\" \/><\/a><\/figure><\/li><li class=\"blocks-gallery-item\"><figure><a href=\"https:\/\/primaverde.com\/wp-content\/uploads\/2019\/06\/PrimaCover6_logo_content_categorie_2-1200x798.jpg\"><img loading=\"lazy\" decoding=\"async\" width=\"1200\" height=\"798\" src=\"https:\/\/primaverde.com\/wp-content\/uploads\/2019\/06\/PrimaCover6_logo_content_categorie_2-1200x798.jpg\" alt=\"PrimaCover Robust - afdekvlies beton - vloer trap\" data-id=\"6868\" data-link=\"https:\/\/primaverde.com\/?attachment_id=6868#main\" class=\"wp-image-6868\" srcset=\"https:\/\/primaverde.com\/wp-content\/uploads\/2019\/06\/PrimaCover6_logo_content_categorie_2-1200x798.jpg 1200w, https:\/\/primaverde.com\/wp-content\/uploads\/2019\/06\/PrimaCover6_logo_content_categorie_2-600x399.jpg 600w, https:\/\/primaverde.com\/wp-content\/uploads\/2019\/06\/PrimaCover6_logo_content_categorie_2-300x200.jpg 300w, https:\/\/primaverde.com\/wp-content\/uploads\/2019\/06\/PrimaCover6_logo_content_categorie_2-768x511.jpg 768w\" sizes=\"auto, (max-width: 1200px) 100vw, 1200px\" \/><\/a><\/figure><\/li><li class=\"blocks-gallery-item\"><figure><a href=\"https:\/\/primaverde.com\/wp-content\/uploads\/2019\/06\/PrimaCover9_logo_content_categorie_2-1200x798.jpg\"><img loading=\"lazy\" decoding=\"async\" width=\"1200\" height=\"798\" src=\"https:\/\/primaverde.com\/wp-content\/uploads\/2019\/06\/PrimaCover9_logo_content_categorie_2-1200x798.jpg\" alt=\"PrimaCover Evapo - damp-open afdekvlies - hout - trap vloer\" data-id=\"6873\" data-link=\"https:\/\/primaverde.com\/?attachment_id=6873#main\" class=\"wp-image-6873\" srcset=\"https:\/\/primaverde.com\/wp-content\/uploads\/2019\/06\/PrimaCover9_logo_content_categorie_2-1200x798.jpg 1200w, https:\/\/primaverde.com\/wp-content\/uploads\/2019\/06\/PrimaCover9_logo_content_categorie_2-600x399.jpg 600w, https:\/\/primaverde.com\/wp-content\/uploads\/2019\/06\/PrimaCover9_logo_content_categorie_2-300x200.jpg 300w, https:\/\/primaverde.com\/wp-content\/uploads\/2019\/06\/PrimaCover9_logo_content_categorie_2-768x511.jpg 768w\" sizes=\"auto, (max-width: 1200px) 100vw, 1200px\" \/><\/a><\/figure><\/li><li class=\"blocks-gallery-item\"><figure><a href=\"https:\/\/primaverde.com\/wp-content\/uploads\/2019\/06\/PrimaCover10_logo_content_categorie_2-1200x798.jpg\"><img loading=\"lazy\" decoding=\"async\" width=\"1200\" height=\"798\" src=\"https:\/\/primaverde.com\/wp-content\/uploads\/2019\/06\/PrimaCover10_logo_content_categorie_2-1200x798.jpg\" alt=\"PrimaCover Standard - universeel zelfklevend afdekvlies\" data-id=\"6878\" data-link=\"https:\/\/primaverde.com\/?attachment_id=6878#main\" class=\"wp-image-6878\" srcset=\"https:\/\/primaverde.com\/wp-content\/uploads\/2019\/06\/PrimaCover10_logo_content_categorie_2-1200x798.jpg 1200w, https:\/\/primaverde.com\/wp-content\/uploads\/2019\/06\/PrimaCover10_logo_content_categorie_2-600x399.jpg 600w, https:\/\/primaverde.com\/wp-content\/uploads\/2019\/06\/PrimaCover10_logo_content_categorie_2-300x200.jpg 300w, https:\/\/primaverde.com\/wp-content\/uploads\/2019\/06\/PrimaCover10_logo_content_categorie_2-768x511.jpg 768w\" sizes=\"auto, (max-width: 1200px) 100vw, 1200px\" \/><\/a><\/figure><\/li><li class=\"blocks-gallery-item\"><figure><a href=\"https:\/\/primaverde.com\/wp-content\/uploads\/2019\/06\/PrimaCover11_logo_content_categorie_2-1200x798.jpg\"><img loading=\"lazy\" decoding=\"async\" width=\"1200\" height=\"798\" src=\"https:\/\/primaverde.com\/wp-content\/uploads\/2019\/06\/PrimaCover11_logo_content_categorie_2-1200x798.jpg\" alt=\"PrimaCover Standard - universeel zelfklevend afdekvlies - puin\" data-id=\"6883\" data-link=\"https:\/\/primaverde.com\/?attachment_id=6883#main\" class=\"wp-image-6883\" srcset=\"https:\/\/primaverde.com\/wp-content\/uploads\/2019\/06\/PrimaCover11_logo_content_categorie_2-1200x798.jpg 1200w, https:\/\/primaverde.com\/wp-content\/uploads\/2019\/06\/PrimaCover11_logo_content_categorie_2-600x399.jpg 600w, https:\/\/primaverde.com\/wp-content\/uploads\/2019\/06\/PrimaCover11_logo_content_categorie_2-300x200.jpg 300w, https:\/\/primaverde.com\/wp-content\/uploads\/2019\/06\/PrimaCover11_logo_content_categorie_2-768x511.jpg 768w\" sizes=\"auto, (max-width: 1200px) 100vw, 1200px\" \/><\/a><\/figure><\/li><li class=\"blocks-gallery-item\"><figure><a href=\"https:\/\/primaverde.com\/wp-content\/uploads\/2019\/06\/PrimaCover16_logo_content_categorie_2-1200x798.jpg\"><img loading=\"lazy\" decoding=\"async\" width=\"1200\" height=\"798\" src=\"https:\/\/primaverde.com\/wp-content\/uploads\/2019\/06\/PrimaCover16_logo_content_categorie_2-1200x798.jpg\" alt=\"PrimaCover Zipper Door A - ritsdoorgang - stofdeur\" data-id=\"6888\" data-link=\"https:\/\/primaverde.com\/?attachment_id=6888#main\" class=\"wp-image-6888\" srcset=\"https:\/\/primaverde.com\/wp-content\/uploads\/2019\/06\/PrimaCover16_logo_content_categorie_2-1200x798.jpg 1200w, https:\/\/primaverde.com\/wp-content\/uploads\/2019\/06\/PrimaCover16_logo_content_categorie_2-600x399.jpg 600w, https:\/\/primaverde.com\/wp-content\/uploads\/2019\/06\/PrimaCover16_logo_content_categorie_2-300x200.jpg 300w, https:\/\/primaverde.com\/wp-content\/uploads\/2019\/06\/PrimaCover16_logo_content_categorie_2-768x511.jpg 768w\" sizes=\"auto, (max-width: 1200px) 100vw, 1200px\" \/><\/a><\/figure><\/li><li class=\"blocks-gallery-item\"><figure><a href=\"https:\/\/primaverde.com\/wp-content\/uploads\/2019\/06\/PrimaCover30_logo_content_categorie_2-1200x798.jpg\"><img loading=\"lazy\" decoding=\"async\" width=\"1200\" height=\"798\" src=\"https:\/\/primaverde.com\/wp-content\/uploads\/2019\/06\/PrimaCover30_logo_content_categorie_2-1200x798.jpg\" alt=\"PrimaCover Active - ademend afdekvlies - praktijk\" data-id=\"6893\" data-link=\"https:\/\/primaverde.com\/?attachment_id=6893#main\" class=\"wp-image-6893\" srcset=\"https:\/\/primaverde.com\/wp-content\/uploads\/2019\/06\/PrimaCover30_logo_content_categorie_2-1200x798.jpg 1200w, https:\/\/primaverde.com\/wp-content\/uploads\/2019\/06\/PrimaCover30_logo_content_categorie_2-600x399.jpg 600w, https:\/\/primaverde.com\/wp-content\/uploads\/2019\/06\/PrimaCover30_logo_content_categorie_2-300x200.jpg 300w, https:\/\/primaverde.com\/wp-content\/uploads\/2019\/06\/PrimaCover30_logo_content_categorie_2-768x511.jpg 768w\" sizes=\"auto, (max-width: 1200px) 100vw, 1200px\" \/><\/a><\/figure><\/li><li class=\"blocks-gallery-item\"><figure><a href=\"https:\/\/primaverde.com\/wp-content\/uploads\/2015\/11\/PrimaCover1_logo_content_categorie_1-1.jpg\"><img loading=\"lazy\" decoding=\"async\" width=\"601\" height=\"399\" src=\"https:\/\/primaverde.com\/wp-content\/uploads\/2015\/11\/PrimaCover1_logo_content_categorie_1-1.jpg\" alt=\"PrimaCover Absorb - afdekvlies onderhoud techniek bescherming oplosmiddel olie ondergrond\" data-id=\"2079\" data-link=\"https:\/\/primaverde.com\/primacover1_logo_content_categorie_1\/\" class=\"wp-image-2079\" srcset=\"https:\/\/primaverde.com\/wp-content\/uploads\/2015\/11\/PrimaCover1_logo_content_categorie_1-1.jpg 601w, https:\/\/primaverde.com\/wp-content\/uploads\/2015\/11\/PrimaCover1_logo_content_categorie_1-1-300x199.jpg 300w, https:\/\/primaverde.com\/wp-content\/uploads\/2015\/11\/PrimaCover1_logo_content_categorie_1-1-600x398.jpg 600w, https:\/\/primaverde.com\/wp-content\/uploads\/2015\/11\/PrimaCover1_logo_content_categorie_1-1-31x21.jpg 31w, https:\/\/primaverde.com\/wp-content\/uploads\/2015\/11\/PrimaCover1_logo_content_categorie_1-1-272x182.jpg 272w\" sizes=\"auto, (max-width: 601px) 100vw, 601px\" \/><\/a><\/figure><\/li><\/ul><\/figure>\n<\/div>\n\n\n\n<div class=\"wp-block-column is-layout-flow wp-block-column-is-layout-flow\">\n<p>Primverde leverer kun premium kvalitet. Et premium produkt utvikler ikke seg selv naturlig. Det trenger omsorg, oppmerksomhet, markedskunnskap og et utmerket kundebehov som en n\u00f8dvendighet. Forvent en fremragende og bevisst kvalitet, oppf\u00f8lging og utmerket teknisk support. <\/p>\n\n\n\n<h2 class=\"wp-block-heading\" id=\"h-oppf-lging-til-forhandlere\">Oppf\u00f8lging til forhandlere <\/h2>\n\n\n\n<p>Er du forhandler av v\u00e5re produkter? Primaverde tilbyr omfattende teknisk og kommersiell st\u00f8tte til forhandlere. Som salgssted for v\u00e5re produkter er du derfor aldri alene. <\/p>\n\n\n\n<h3 class=\"wp-block-heading\" id=\"h-teknisk-support\">Teknisk support<\/h3>\n\n\n\n<p>Tekniske produkter fortjener riktig teknisk support. V\u00e5re <a href=\"https:\/\/primaverde.com\/no\/kontakt\/\">ansatte <\/a>gir derfor produktoppl\u00e6ring og r\u00e5d om riktig bruk av PrimaCover tildekkingsmaterialer og st\u00f8vd\u00f8rer i spesifikke situasjoner.  Av den grunn kan de bli \u00e5 se jevnlig hos entrepren\u00f8rer, byggevarehus og p\u00e5 byggeplass. Det betyr ofte flere bes\u00f8k, der en av v\u00e5re ansatte g\u00e5r sammen med prosjektlederen din for \u00e5 sikre rent og trygt arbeid. <\/p>\n\n\n\n<h3 class=\"wp-block-heading\" id=\"h-kommersiell-st-tte\">Kommersiell st\u00f8tte<\/h3>\n\n\n\n<p>Primaverde tilbyr kommersiell st\u00f8tte p\u00e5 forskjellige m\u00e5ter. M\u00e5let er: en god dialog med kunden din og brukerne av produktene v\u00e5re. Utvalget v\u00e5rt presenteres i butikk ved hjelp av skjermer og butikkhyller. I tillegg er v\u00e5r markedstiln\u00e6rming preget av gjenkjennelig emballasje, informative nettsteder, brosjyrer, en n\u00f8ye medietiln\u00e6rming og deltakelse p\u00e5 messer. <\/p>\n\n\n\n<h3 class=\"wp-block-heading\" id=\"h-digitalt\">Digitalt<\/h3>\n\n\n\n<p>For markedsf\u00f8ring av v\u00e5re merkevarer gj\u00f8r vi forskjellige <a href=\"https:\/\/primaverde.com\/no\/downloads\/\">kommunikasjonsmidler <\/a>tilgjengelige for v\u00e5re forhandlere. Vi s\u00f8rger for kvalitative produktbilder, salgsfremmende videoer og layoutfiler. Forhandlere og grossister drar ogs\u00e5 fordel av den automatiske utvekslingen av informasjon om produktet via NOBB eller elektroniske medier via UBL. <\/p>\n\n\n\n<h2 class=\"wp-block-heading\" id=\"h-privat-label\">Privat label<\/h2>\n\n\n\n<p>Sp\u00f8r ogs\u00e5 om alternativene for din egen private label eller print p\u00e5 emballasjen. <a href=\"https:\/\/primaverde.com\/no\/kontakt\/\">Primaverde-r\u00e5dgiveren<\/a> din vil fortelle deg alt om alternativene og minste ordremengde.<\/p>\n\n\n\n<h2 class=\"wp-block-heading\" id=\"h-mer-informasjon\">Mer informasjon<\/h2>\n\n\n\n<p>Produktene v\u00e5re er tilgjengelige hos jernvareforretninger, byggevarehus, elektrogrossister og maleforretninger. Ta gjerne <a href=\"https:\/\/primaverde.com\/no\/kontakt\/\">kontakt <\/a>med Primaverde hvis du vil vite mer om v\u00e5re merkevarer og v\u00e5r markedstiln\u00e6rming. Vi hjelper deg gjerne. Ikke n\u00f8l med og kontakt oss uten forpliktelse.<\/p>\n<\/div>\n<\/div>\n\n\n\n<p><\/p>\n","protected":false},"excerpt":{"rendered":"<p>Kommersiell og teknisk st\u00f8tte P\u00e5liteligheten ved teknisk og kommersiell support ved Primaverde Primverde leverer kun premium kvalitet. Et premium produkt &#8230; <a title=\"Brukerst\u00f8tte\" class=\"read-more\" href=\"https:\/\/primaverde.com\/no\/brukerstotte\/\" aria-label=\"Read more about Brukerst\u00f8tte\">Lees verder&#8230;<\/a><\/p>\n","protected":false},"author":7,"featured_media":0,"parent":0,"menu_order":4,"comment_status":"closed","ping_status":"closed","template":"","meta":{"generate_page_header":"","footnotes":""},"class_list":{"0":"post-27358","1":"page","2":"type-page","3":"status-publish","5":"infinite-scroll-item"},"yoast_head":"<!-- This site is optimized with the Yoast SEO Premium plugin v26.8 (Yoast SEO v27.4) - https:\/\/yoast.com\/product\/yoast-seo-premium-wordpress\/ -->\n<title>P\u00e5litelighet av teknisk og kommersiell st\u00f8tte fra Primaverde<\/title>\n<meta name=\"description\" content=\"P\u00e5litelighet av teknisk og kommersiell st\u00f8tte fra Primaverde. Primverde leverer kun premium kvalitet. - Primaverde\" \/>\n<meta name=\"robots\" content=\"index, follow, max-snippet:-1, max-image-preview:large, max-video-preview:-1\" \/>\n<link rel=\"canonical\" href=\"https:\/\/primaverde.com\/no\/brukerstotte\/\" \/>\n<meta property=\"og:locale\" content=\"nb_NO\" \/>\n<meta property=\"og:type\" content=\"article\" \/>\n<meta property=\"og:title\" content=\"Brukerst\u00f8tte\" \/>\n<meta property=\"og:description\" content=\"P\u00e5litelighet av teknisk og kommersiell st\u00f8tte fra Primaverde. Primverde leverer kun premium kvalitet. - Primaverde\" \/>\n<meta property=\"og:url\" content=\"https:\/\/primaverde.com\/no\/brukerstotte\/\" \/>\n<meta property=\"og:site_name\" content=\"Primaverde\" \/>\n<meta property=\"article:publisher\" content=\"https:\/\/www.facebook.com\/PrimaverdeBV\/\" \/>\n<meta property=\"article:modified_time\" content=\"2021-03-24T10:31:37+00:00\" \/>\n<meta property=\"og:image\" content=\"https:\/\/primaverde.com\/wp-content\/uploads\/2015\/11\/PrimaCover0_logo_content_categorie_1-1.jpg\" \/>\n<meta name=\"twitter:card\" content=\"summary_large_image\" \/>\n<meta name=\"twitter:site\" content=\"@PrimaverdeBV\" \/>\n<meta name=\"twitter:label1\" content=\"Ansl. lesetid\" \/>\n\t<meta name=\"twitter:data1\" content=\"3 minutter\" \/>\n<script type=\"application\/ld+json\" class=\"yoast-schema-graph\">{\"@context\":\"https:\\\/\\\/schema.org\",\"@graph\":[{\"@type\":\"WebPage\",\"@id\":\"https:\\\/\\\/primaverde.com\\\/no\\\/brukerstotte\\\/\",\"url\":\"https:\\\/\\\/primaverde.com\\\/no\\\/brukerstotte\\\/\",\"name\":\"P\u00e5litelighet av teknisk og kommersiell st\u00f8tte fra Primaverde\",\"isPartOf\":{\"@id\":\"https:\\\/\\\/primaverde.com\\\/no\\\/#website\"},\"primaryImageOfPage\":{\"@id\":\"https:\\\/\\\/primaverde.com\\\/no\\\/brukerstotte\\\/#primaryimage\"},\"image\":{\"@id\":\"https:\\\/\\\/primaverde.com\\\/no\\\/brukerstotte\\\/#primaryimage\"},\"thumbnailUrl\":\"https:\\\/\\\/primaverde.com\\\/wp-content\\\/uploads\\\/2015\\\/11\\\/PrimaCover0_logo_content_categorie_1-1.jpg\",\"datePublished\":\"2019-06-13T09:53:19+00:00\",\"dateModified\":\"2021-03-24T10:31:37+00:00\",\"description\":\"P\u00e5litelighet av teknisk og kommersiell st\u00f8tte fra Primaverde. Primverde leverer kun premium kvalitet. - Primaverde\",\"breadcrumb\":{\"@id\":\"https:\\\/\\\/primaverde.com\\\/no\\\/brukerstotte\\\/#breadcrumb\"},\"inLanguage\":\"nb-NO\",\"potentialAction\":[{\"@type\":\"ReadAction\",\"target\":[\"https:\\\/\\\/primaverde.com\\\/no\\\/brukerstotte\\\/\"]}]},{\"@type\":\"ImageObject\",\"inLanguage\":\"nb-NO\",\"@id\":\"https:\\\/\\\/primaverde.com\\\/no\\\/brukerstotte\\\/#primaryimage\",\"url\":\"https:\\\/\\\/primaverde.com\\\/wp-content\\\/uploads\\\/2015\\\/11\\\/PrimaCover0_logo_content_categorie_1-1.jpg\",\"contentUrl\":\"https:\\\/\\\/primaverde.com\\\/wp-content\\\/uploads\\\/2015\\\/11\\\/PrimaCover0_logo_content_categorie_1-1.jpg\"},{\"@type\":\"BreadcrumbList\",\"@id\":\"https:\\\/\\\/primaverde.com\\\/no\\\/brukerstotte\\\/#breadcrumb\",\"itemListElement\":[{\"@type\":\"ListItem\",\"position\":1,\"name\":\"Home\",\"item\":\"https:\\\/\\\/primaverde.com\\\/no\\\/\"},{\"@type\":\"ListItem\",\"position\":2,\"name\":\"Brukerst\u00f8tte\"}]},{\"@type\":\"WebSite\",\"@id\":\"https:\\\/\\\/primaverde.com\\\/no\\\/#website\",\"url\":\"https:\\\/\\\/primaverde.com\\\/no\\\/\",\"name\":\"Primaverde\",\"description\":\"Covering material, protection, tapes, Beschermende materialen\",\"publisher\":{\"@id\":\"https:\\\/\\\/primaverde.com\\\/no\\\/#organization\"},\"potentialAction\":[{\"@type\":\"SearchAction\",\"target\":{\"@type\":\"EntryPoint\",\"urlTemplate\":\"https:\\\/\\\/primaverde.com\\\/no\\\/?s={search_term_string}\"},\"query-input\":{\"@type\":\"PropertyValueSpecification\",\"valueRequired\":true,\"valueName\":\"search_term_string\"}}],\"inLanguage\":\"nb-NO\"},{\"@type\":\"Organization\",\"@id\":\"https:\\\/\\\/primaverde.com\\\/no\\\/#organization\",\"name\":\"Primaverde B.V.\",\"url\":\"https:\\\/\\\/primaverde.com\\\/no\\\/\",\"logo\":{\"@type\":\"ImageObject\",\"inLanguage\":\"nb-NO\",\"@id\":\"https:\\\/\\\/primaverde.com\\\/no\\\/#\\\/schema\\\/logo\\\/image\\\/\",\"url\":\"https:\\\/\\\/primaverde.com\\\/wp-content\\\/uploads\\\/2015\\\/03\\\/Logo_Primaverde.jpg\",\"contentUrl\":\"https:\\\/\\\/primaverde.com\\\/wp-content\\\/uploads\\\/2015\\\/03\\\/Logo_Primaverde.jpg\",\"width\":1170,\"height\":212,\"caption\":\"Primaverde B.V.\"},\"image\":{\"@id\":\"https:\\\/\\\/primaverde.com\\\/no\\\/#\\\/schema\\\/logo\\\/image\\\/\"},\"sameAs\":[\"https:\\\/\\\/www.facebook.com\\\/PrimaverdeBV\\\/\",\"https:\\\/\\\/x.com\\\/PrimaverdeBV\",\"https:\\\/\\\/nl.linkedin.com\\\/company\\\/primaverde\",\"http:\\\/\\\/www.youtube.com\\\/channel\\\/UC3DwQqj8f8tatLdSFA0aWwA\"]}]}<\/script>\n<!-- \/ Yoast SEO Premium plugin. -->","yoast_head_json":{"title":"P\u00e5litelighet av teknisk og kommersiell st\u00f8tte fra Primaverde","description":"P\u00e5litelighet av teknisk og kommersiell st\u00f8tte fra Primaverde. Primverde leverer kun premium kvalitet. - Primaverde","robots":{"index":"index","follow":"follow","max-snippet":"max-snippet:-1","max-image-preview":"max-image-preview:large","max-video-preview":"max-video-preview:-1"},"canonical":"https:\/\/primaverde.com\/no\/brukerstotte\/","og_locale":"nb_NO","og_type":"article","og_title":"Brukerst\u00f8tte","og_description":"P\u00e5litelighet av teknisk og kommersiell st\u00f8tte fra Primaverde. Primverde leverer kun premium kvalitet. - Primaverde","og_url":"https:\/\/primaverde.com\/no\/brukerstotte\/","og_site_name":"Primaverde","article_publisher":"https:\/\/www.facebook.com\/PrimaverdeBV\/","article_modified_time":"2021-03-24T10:31:37+00:00","og_image":[{"url":"https:\/\/primaverde.com\/wp-content\/uploads\/2015\/11\/PrimaCover0_logo_content_categorie_1-1.jpg","type":"","width":"","height":""}],"twitter_card":"summary_large_image","twitter_site":"@PrimaverdeBV","twitter_misc":{"Ansl. lesetid":"3 minutter"},"schema":{"@context":"https:\/\/schema.org","@graph":[{"@type":"WebPage","@id":"https:\/\/primaverde.com\/no\/brukerstotte\/","url":"https:\/\/primaverde.com\/no\/brukerstotte\/","name":"P\u00e5litelighet av teknisk og kommersiell st\u00f8tte fra Primaverde","isPartOf":{"@id":"https:\/\/primaverde.com\/no\/#website"},"primaryImageOfPage":{"@id":"https:\/\/primaverde.com\/no\/brukerstotte\/#primaryimage"},"image":{"@id":"https:\/\/primaverde.com\/no\/brukerstotte\/#primaryimage"},"thumbnailUrl":"https:\/\/primaverde.com\/wp-content\/uploads\/2015\/11\/PrimaCover0_logo_content_categorie_1-1.jpg","datePublished":"2019-06-13T09:53:19+00:00","dateModified":"2021-03-24T10:31:37+00:00","description":"P\u00e5litelighet av teknisk og kommersiell st\u00f8tte fra Primaverde. Primverde leverer kun premium kvalitet. - Primaverde","breadcrumb":{"@id":"https:\/\/primaverde.com\/no\/brukerstotte\/#breadcrumb"},"inLanguage":"nb-NO","potentialAction":[{"@type":"ReadAction","target":["https:\/\/primaverde.com\/no\/brukerstotte\/"]}]},{"@type":"ImageObject","inLanguage":"nb-NO","@id":"https:\/\/primaverde.com\/no\/brukerstotte\/#primaryimage","url":"https:\/\/primaverde.com\/wp-content\/uploads\/2015\/11\/PrimaCover0_logo_content_categorie_1-1.jpg","contentUrl":"https:\/\/primaverde.com\/wp-content\/uploads\/2015\/11\/PrimaCover0_logo_content_categorie_1-1.jpg"},{"@type":"BreadcrumbList","@id":"https:\/\/primaverde.com\/no\/brukerstotte\/#breadcrumb","itemListElement":[{"@type":"ListItem","position":1,"name":"Home","item":"https:\/\/primaverde.com\/no\/"},{"@type":"ListItem","position":2,"name":"Brukerst\u00f8tte"}]},{"@type":"WebSite","@id":"https:\/\/primaverde.com\/no\/#website","url":"https:\/\/primaverde.com\/no\/","name":"Primaverde","description":"Covering material, protection, tapes, Beschermende materialen","publisher":{"@id":"https:\/\/primaverde.com\/no\/#organization"},"potentialAction":[{"@type":"SearchAction","target":{"@type":"EntryPoint","urlTemplate":"https:\/\/primaverde.com\/no\/?s={search_term_string}"},"query-input":{"@type":"PropertyValueSpecification","valueRequired":true,"valueName":"search_term_string"}}],"inLanguage":"nb-NO"},{"@type":"Organization","@id":"https:\/\/primaverde.com\/no\/#organization","name":"Primaverde B.V.","url":"https:\/\/primaverde.com\/no\/","logo":{"@type":"ImageObject","inLanguage":"nb-NO","@id":"https:\/\/primaverde.com\/no\/#\/schema\/logo\/image\/","url":"https:\/\/primaverde.com\/wp-content\/uploads\/2015\/03\/Logo_Primaverde.jpg","contentUrl":"https:\/\/primaverde.com\/wp-content\/uploads\/2015\/03\/Logo_Primaverde.jpg","width":1170,"height":212,"caption":"Primaverde B.V."},"image":{"@id":"https:\/\/primaverde.com\/no\/#\/schema\/logo\/image\/"},"sameAs":["https:\/\/www.facebook.com\/PrimaverdeBV\/","https:\/\/x.com\/PrimaverdeBV","https:\/\/nl.linkedin.com\/company\/primaverde","http:\/\/www.youtube.com\/channel\/UC3DwQqj8f8tatLdSFA0aWwA"]}]}},"_links":{"self":[{"href":"https:\/\/primaverde.com\/no\/wp-json\/wp\/v2\/pages\/27358","targetHints":{"allow":["GET"]}}],"collection":[{"href":"https:\/\/primaverde.com\/no\/wp-json\/wp\/v2\/pages"}],"about":[{"href":"https:\/\/primaverde.com\/no\/wp-json\/wp\/v2\/types\/page"}],"author":[{"embeddable":true,"href":"https:\/\/primaverde.com\/no\/wp-json\/wp\/v2\/users\/7"}],"replies":[{"embeddable":true,"href":"https:\/\/primaverde.com\/no\/wp-json\/wp\/v2\/comments?post=27358"}],"version-history":[{"count":0,"href":"https:\/\/primaverde.com\/no\/wp-json\/wp\/v2\/pages\/27358\/revisions"}],"wp:attachment":[{"href":"https:\/\/primaverde.com\/no\/wp-json\/wp\/v2\/media?parent=27358"}],"curies":[{"name":"wp","href":"https:\/\/api.w.org\/{rel}","templated":true}]}}