{"id":31793,"date":"2021-12-21T14:23:12","date_gmt":"2021-12-21T13:23:12","guid":{"rendered":"https:\/\/primaverde.com\/duurzaamheid-en-milieu\/"},"modified":"2026-03-17T12:11:05","modified_gmt":"2026-03-17T11:11:05","slug":"duurzaamheid-en-milieu","status":"publish","type":"page","link":"https:\/\/primaverde.com\/no\/duurzaamheid-en-milieu\/","title":{"rendered":"B\u00e6rekraft og milj\u00f8"},"content":{"rendered":"\n<h1 class=\"wp-block-heading has-text-align-center\" id=\"h-baerekraft-og-miljo\">B\u00e6rekraft og milj\u00f8<\/h1>\n\n\n\n<h2 class=\"wp-block-heading has-text-align-center\" id=\"h-slik-er-primaverde-med-pa-a-skape-en-sunn-verden\">Slik er Primaverde med p\u00e5 \u00e5 skape en sunn verden<\/h2>\n\n\n\n<div class=\"wp-block-columns has-3-columns is-layout-flex wp-container-core-columns-is-layout-9d6595d7 wp-block-columns-is-layout-flex\">\n<div class=\"wp-block-column is-layout-flow wp-block-column-is-layout-flow\">\n<h3 class=\"wp-block-heading\" id=\"h-baerekraft\">B\u00e6rekraft<\/h3>\n\n\n\n<p><strong>Primaverde BV har inkludert b\u00e6rekraft som en integrert del av sitt m\u00e5l og visjon. Derfor blir enhver beslutning i selskapet v\u00e5rt testet mot b\u00e6rekraftsprinsippet. P\u00e5 denne m\u00e5ten \u00f8nsker Primaverde \u00e5 bidra til en sunnere verden, bevaring av milj\u00f8et og menneskers velv\u00e6re. Det holder oss p\u00e5 utkikk etter muligheter for \u00e5 redusere karbonavtrykket v\u00e5rt ytterligere. Vi forklarer gjerne hva dette betyr for v\u00e5re retningslinjer og produkter.<\/strong><\/p>\n\n\n\n<h3 class=\"wp-block-heading\" id=\"h-beskyttelse-bevaring\">Beskyttelse = bevaring<\/h3>\n\n\n\n<p>Primaverde utvikler, produserer og leverer produkter som forhindrer minimerer og skade. Disse inkluderer tildekkingsmaterialer, klebematter, st\u00f8vd\u00f8rer og antist\u00f8vsystemer. Disse produktene beskytter ulike overflater og omr\u00e5der under bygging, renovering, vedlikehold o.l. Beskyttelse betyr bevaring. Ved \u00e5 forhindre reparasjonsarbeid s\u00f8rger vi for at r\u00e5varer ikke trenger \u00e5 bli un\u00f8dvendig utvunnet fra jorden.<\/p>\n\n\n\n<h3 class=\"gb-headline gb-headline-5a1843ad gb-headline-text\">Sikkerhet = B\u00e6rekraft<\/h3>\n\n\n\n<p>I Primaverdes visjon er sikkerhet for mennesker ogs\u00e5 et tegn p\u00e5 b\u00e6rekraft. V\u00e5re produkter og systemer er derfor utviklet for \u00e5 bidra til sikkerheten til de som jobber med dem. For eksempel er de fleste tildekkningsmaterialene selvklebende, noe som gj\u00f8r at det forhindrer snublefare og kan ogs\u00e5 brukes trygt i trapper. V\u00e5re non-woven filt er lette og bidrar derfor til god helse og sikkerhet p\u00e5 arbeidsplassen.<\/p>\n\n\n\n<h3 class=\"gb-headline gb-headline-5c78718e gb-headline-text\">Utdanning og instruksjon<\/h3>\n\n\n\n<figure class=\"wp-block-image size-full\"><img loading=\"lazy\" decoding=\"async\" width=\"400\" height=\"138\" src=\"https:\/\/primaverde.com\/wp-content\/uploads\/2022\/01\/Baerekraft_miljo_gjenbruk_resirkulering_sikkerhet_PrimaCover_Standard_dekkfilt.jpg\" alt=\"B\u00e6rekraft milj\u00f8 gjenbruk resirkulering sikkerhet PrimaCover Standard dekkfilt\" class=\"wp-image-31887\" srcset=\"https:\/\/primaverde.com\/wp-content\/uploads\/2022\/01\/Baerekraft_miljo_gjenbruk_resirkulering_sikkerhet_PrimaCover_Standard_dekkfilt.jpg 400w, https:\/\/primaverde.com\/wp-content\/uploads\/2022\/01\/Baerekraft_miljo_gjenbruk_resirkulering_sikkerhet_PrimaCover_Standard_dekkfilt-300x104.jpg 300w\" sizes=\"auto, (max-width: 400px) 100vw, 400px\" \/><\/figure>\n\n\n\n<p>For riktig beskyttelses skyld gir Primaverde-teamet omfattende oppl\u00e6ring og instruksjon om riktig bruk av produktene. Dette inkluderer ogs\u00e5 hvordan produktene v\u00e5re kan brukes flere ganger p\u00e5 en trygg og ansvarlig m\u00e5te. V\u00e5r kommunikasjon skjer blant annet gjennom emballasje, nettsider, pressepublikasjoner, sosiale medier, demom\u00f8ter, produkt- og prosjektr\u00e5dgivning og produktinformasjonsfoldere. Digitalt der det er mulig.<\/p>\n<\/div>\n\n\n\n<div class=\"wp-block-column is-layout-flow wp-block-column-is-layout-flow\">\n<h3 class=\"wp-block-heading\" id=\"h-resirkulerte-ravarer\">Resirkulerte r\u00e5varer<\/h3>\n\n\n\n<p>Vi bruker resirkulerte r\u00e5varer for \u00e5 produsere produktene v\u00e5re. Dette er ogs\u00e5 i tr\u00e5d med v\u00e5re b\u00e6rekraftsm\u00e5l. Eksempler p\u00e5 dette er de resirkulerte polyesterfibrene i v\u00e5re PrimaCover produkter og resirkulert papp for v\u00e5re Ram Board produkter. Rester fra produksjonsprosessen samles opp og bearbeides til r\u00e5stoff.<\/p>\n\n\n\n<h3 class=\"wp-block-heading\">Gjenbruk og resirkulering<\/h3>\n\n\n\n<p>Vi er i rute med \u00e5 forbedre b\u00e6rekraften til hovedkontoret v\u00e5rt i Waalwijk. Milj\u00f8tiltak som h\u00f8yeffektivt glass, isolasjon og LED-belysning er allerede iverksatt. Str\u00f8mmen til hovedkontoret v\u00e5rt genereres i stor grad av solcellepaneler. V\u00e5re salgsr\u00e5dgivere bor i sitt arbeidsomr\u00e5de, eller s\u00e5 n\u00e6rt som mulig. Primaverde bidrar med et bel\u00f8p per liter fossilt drivstoff brukt til et CO2-kompensasjonsprogram. Dette brukes til \u00e5 finansiere b\u00e6rekraftsprosjekter i inn- og utland. For de av v\u00e5re salgsr\u00e5dgivere som har mulighet blir det kun benyttet elektriske biler for kundebes\u00f8k og lignende.<\/p>\n\n\n\n<h3 class=\"gb-headline gb-headline-d5691a1c gb-headline-text\">Gj\u00f8re hovedkontoret mer b\u00e6rekraftig<\/h3>\n\n\n\n<p>Vi er i rute med \u00e5 forbedre b\u00e6rekraften til hovedkontoret v\u00e5rt i Waalwijk. Milj\u00f8tiltak som h\u00f8yeffektivt glass, isolasjon og LED-belysning er allerede iverksatt. Str\u00f8mmen til hovedkontoret v\u00e5rt genereres i stor grad av solcellepaneler. V\u00e5re salgsr\u00e5dgivere bor i sitt arbeidsomr\u00e5de, eller s\u00e5 n\u00e6rt som mulig. Primaverde bidrar med et bel\u00f8p per liter fossilt drivstoff brukt til et CO2-kompensasjonsprogram. Dette brukes til \u00e5 finansiere b\u00e6rekraftsprosjekter i inn- og utland. For de av v\u00e5re salgsr\u00e5dgivere som har mulighet blir det kun benyttet elektriske biler for kundebes\u00f8k og lignende.<\/p>\n\n\n\n<h3 class=\"wp-block-heading\" id=\"h-baerekraftige-produksjonsprosesser\">B\u00e6rekraftige produksjonsprosesser<\/h3>\n\n\n\n<p>V\u00e5re produksjonsprosesser er gjort s\u00e5 b\u00e6rekraftige som mulig. Det er gjort ulike tiltak p\u00e5 fabrikkene for \u00e5 redusere utslipp og energiforbruk massivt. Produksjonskraften kommer fra solcellepaneler. LED-belysning og bruk av milj\u00f8vennlig naturgass reduserer v\u00e5rt CO2-avtrykk ytterligere. Ved valg av nye produksjonslinjer er b\u00e6rekraft et av de viktigste utvalgskriteriene. Strukturen og produksjonsmetoden til produktene v\u00e5re er optimalisert slik at f\u00e6rrest mulig r\u00e5varer er n\u00f8dvendig for produksjonen.<\/p>\n<\/div>\n\n\n\n<div class=\"wp-block-column is-layout-flow wp-block-column-is-layout-flow\">\n<figure class=\"wp-block-image size-large\"><img loading=\"lazy\" decoding=\"async\" width=\"1200\" height=\"798\" src=\"https:\/\/primaverde.com\/wp-content\/uploads\/2021\/12\/PrimaCover6_logo_content_categorie_2-1200x798.jpg\" alt=\"PrimaCover dekkfilt fleece selvklebende gjenbrukbar holdbar beskyttelse trapp gulv betong\" class=\"wp-image-31233\" srcset=\"https:\/\/primaverde.com\/wp-content\/uploads\/2021\/12\/PrimaCover6_logo_content_categorie_2-1200x798.jpg 1200w, https:\/\/primaverde.com\/wp-content\/uploads\/2021\/12\/PrimaCover6_logo_content_categorie_2-600x399.jpg 600w, https:\/\/primaverde.com\/wp-content\/uploads\/2021\/12\/PrimaCover6_logo_content_categorie_2-300x200.jpg 300w, https:\/\/primaverde.com\/wp-content\/uploads\/2021\/12\/PrimaCover6_logo_content_categorie_2-768x511.jpg 768w, https:\/\/primaverde.com\/wp-content\/uploads\/2021\/12\/PrimaCover6_logo_content_categorie_2-1536x1022.jpg 1536w, https:\/\/primaverde.com\/wp-content\/uploads\/2021\/12\/PrimaCover6_logo_content_categorie_2-2048x1362.jpg 2048w\" sizes=\"auto, (max-width: 1200px) 100vw, 1200px\" \/><\/figure>\n\n\n\n<figure class=\"wp-block-image size-full\"><img loading=\"lazy\" decoding=\"async\" width=\"2560\" height=\"1703\" src=\"https:\/\/primaverde.com\/wp-content\/uploads\/2026\/03\/PV-site-1-1-scaled.png\" alt=\"\" class=\"wp-image-46133\" srcset=\"https:\/\/primaverde.com\/wp-content\/uploads\/2026\/03\/PV-site-1-1-scaled.png 2560w, https:\/\/primaverde.com\/wp-content\/uploads\/2026\/03\/PV-site-1-1-300x200.png 300w, https:\/\/primaverde.com\/wp-content\/uploads\/2026\/03\/PV-site-1-1-1200x798.png 1200w, https:\/\/primaverde.com\/wp-content\/uploads\/2026\/03\/PV-site-1-1-768x511.png 768w, https:\/\/primaverde.com\/wp-content\/uploads\/2026\/03\/PV-site-1-1-1536x1022.png 1536w, https:\/\/primaverde.com\/wp-content\/uploads\/2026\/03\/PV-site-1-1-2048x1362.png 2048w, https:\/\/primaverde.com\/wp-content\/uploads\/2026\/03\/PV-site-1-1-600x399.png 600w\" sizes=\"auto, (max-width: 2560px) 100vw, 2560px\" \/><\/figure>\n\n\n\n<figure class=\"wp-block-image size-full\"><img loading=\"lazy\" decoding=\"async\" width=\"2560\" height=\"1703\" src=\"https:\/\/primaverde.com\/wp-content\/uploads\/2026\/03\/PV-site-2-1-scaled.png\" alt=\"\" class=\"wp-image-46134\" srcset=\"https:\/\/primaverde.com\/wp-content\/uploads\/2026\/03\/PV-site-2-1-scaled.png 2560w, https:\/\/primaverde.com\/wp-content\/uploads\/2026\/03\/PV-site-2-1-300x200.png 300w, https:\/\/primaverde.com\/wp-content\/uploads\/2026\/03\/PV-site-2-1-1200x798.png 1200w, https:\/\/primaverde.com\/wp-content\/uploads\/2026\/03\/PV-site-2-1-768x511.png 768w, https:\/\/primaverde.com\/wp-content\/uploads\/2026\/03\/PV-site-2-1-1536x1022.png 1536w, https:\/\/primaverde.com\/wp-content\/uploads\/2026\/03\/PV-site-2-1-2048x1362.png 2048w, https:\/\/primaverde.com\/wp-content\/uploads\/2026\/03\/PV-site-2-1-600x399.png 600w\" sizes=\"auto, (max-width: 2560px) 100vw, 2560px\" \/><\/figure>\n\n\n\n<figure class=\"wp-block-image size-full is-resized\"><img loading=\"lazy\" decoding=\"async\" width=\"2560\" height=\"1703\" src=\"https:\/\/primaverde.com\/wp-content\/uploads\/2026\/03\/PV-site-3-1-scaled.png\" alt=\"\" class=\"wp-image-46135\" style=\"width:400px;height:299px\" srcset=\"https:\/\/primaverde.com\/wp-content\/uploads\/2026\/03\/PV-site-3-1-scaled.png 2560w, https:\/\/primaverde.com\/wp-content\/uploads\/2026\/03\/PV-site-3-1-300x200.png 300w, https:\/\/primaverde.com\/wp-content\/uploads\/2026\/03\/PV-site-3-1-1200x798.png 1200w, https:\/\/primaverde.com\/wp-content\/uploads\/2026\/03\/PV-site-3-1-768x511.png 768w, https:\/\/primaverde.com\/wp-content\/uploads\/2026\/03\/PV-site-3-1-1536x1022.png 1536w, https:\/\/primaverde.com\/wp-content\/uploads\/2026\/03\/PV-site-3-1-2048x1362.png 2048w, https:\/\/primaverde.com\/wp-content\/uploads\/2026\/03\/PV-site-3-1-600x399.png 600w\" sizes=\"auto, (max-width: 2560px) 100vw, 2560px\" \/><\/figure>\n\n\n\n<p><\/p>\n<\/div>\n<\/div>\n\n\n\n<hr class=\"wp-block-separator has-text-color has-css-opacity has-background\" style=\"background-color:#fc0004;color:#fc0004\"\/>\n\n\n\n<h3 class=\"gb-headline gb-headline-ab0aa5f8 gb-headline-text\">Hvor lenge vil b\u00e6rekraftstiltak v\u00e6re n\u00f8dvendig?<\/h3>\n\n\n\n<p>N\u00e5r vil Primaverde ha tatt alle n\u00f8dvendige b\u00e6rekraftstiltak? Vi forventer ikke at det er et \u00f8yeblikk hvor vi kan lenevoss komfortabelt tilbake. Tross alt er det en konstant utfordring \u00e5 n\u00e5 de globale klimam\u00e5lene. Som et resultat utvikles det stadig nye teknologier over hele verden, som bidrar til b\u00e6rekraft. Hver dag g\u00e5r vi et skritt videre. Primaverde stopper ikke etter i dag med \u00e5 investere og optimalisere sine produkter og prosesser. Derfor forblir b\u00e6rekraft en del av v\u00e5rt m\u00e5l og visjon. Primaverde fortsetter \u00e5 lansere produkter som beskytter bygninger og overflater. Dette reduserer mengden reparasjonsarbeid og minimerer mengden produkter som m\u00e5 utvinnes fra jorden. P\u00e5 alle omr\u00e5der er vi oppmerksomme p\u00e5 muligheter som gagner milj\u00f8et v\u00e5rt.<\/p>\n\n\n\n<h3 class=\"gb-headline gb-headline-407a8cb9 gb-headline-text\">Har du sp\u00f8rsm\u00e5l om b\u00e6rekraft?<\/h3>\n\n\n\n<p>Har du sp\u00f8rsm\u00e5l til Primaverde om b\u00e6rekraft? Send oss \u200b\u200bgjerne en <a href=\"mailto:info@primaverde.com\">melding<\/a>. Eller g\u00e5 direkte til <a href=\"https:\/\/primaverde.com\/no\/kontakt\/\">kontaktsiden<\/a>.<\/p>\n\n\n\n<hr class=\"wp-block-separator has-text-color has-css-opacity has-background\" style=\"background-color:#fc0004;color:#fc0004\"\/>\n","protected":false},"excerpt":{"rendered":"<p>B\u00e6rekraft og milj\u00f8 Slik er Primaverde med p\u00e5 \u00e5 skape en sunn verden B\u00e6rekraft Primaverde BV har inkludert b\u00e6rekraft som &#8230; <a title=\"B\u00e6rekraft og milj\u00f8\" class=\"read-more\" href=\"https:\/\/primaverde.com\/no\/duurzaamheid-en-milieu\/\" aria-label=\"Read more about B\u00e6rekraft og milj\u00f8\">Lees verder&#8230;<\/a><\/p>\n","protected":false},"author":7,"featured_media":0,"parent":0,"menu_order":10,"comment_status":"open","ping_status":"closed","template":"","meta":{"generate_page_header":"","footnotes":""},"class_list":{"0":"post-31793","1":"page","2":"type-page","3":"status-publish","5":"infinite-scroll-item"},"yoast_head":"<!-- This site is optimized with the Yoast SEO Premium plugin v26.8 (Yoast SEO v27.4) - https:\/\/yoast.com\/product\/yoast-seo-premium-wordpress\/ -->\n<title>B\u00e6rekraft, milj\u00f8, beskyttelse, sikkerhet, Gjenbruk<\/title>\n<meta name=\"description\" content=\"Primaverde denne m\u00e5ten \u00f8nsker Primaverde \u00e5 bidra til en sunnere verden, bevaring av milj\u00f8et og menneskers velv\u00e6re.\" \/>\n<meta name=\"robots\" content=\"index, follow, max-snippet:-1, max-image-preview:large, max-video-preview:-1\" \/>\n<link rel=\"canonical\" href=\"https:\/\/primaverde.com\/no\/duurzaamheid-en-milieu\/\" \/>\n<meta property=\"og:locale\" content=\"nb_NO\" \/>\n<meta property=\"og:type\" content=\"article\" \/>\n<meta property=\"og:title\" content=\"B\u00e6rekraft og milj\u00f8\" \/>\n<meta property=\"og:description\" content=\"Primaverde denne m\u00e5ten \u00f8nsker Primaverde \u00e5 bidra til en sunnere verden, bevaring av milj\u00f8et og menneskers velv\u00e6re.\" \/>\n<meta property=\"og:url\" content=\"https:\/\/primaverde.com\/no\/duurzaamheid-en-milieu\/\" \/>\n<meta property=\"og:site_name\" content=\"Primaverde\" \/>\n<meta property=\"article:publisher\" content=\"https:\/\/www.facebook.com\/PrimaverdeBV\/\" \/>\n<meta property=\"article:modified_time\" content=\"2026-03-17T11:11:05+00:00\" \/>\n<meta property=\"og:image\" content=\"https:\/\/primaverde.com\/wp-content\/uploads\/2022\/01\/Baerekraft_miljo_gjenbruk_resirkulering_sikkerhet_PrimaCover_Standard_dekkfilt.jpg\" \/>\n\t<meta property=\"og:image:width\" content=\"400\" \/>\n\t<meta property=\"og:image:height\" content=\"138\" \/>\n\t<meta property=\"og:image:type\" content=\"image\/jpeg\" \/>\n<meta name=\"twitter:card\" content=\"summary_large_image\" \/>\n<meta name=\"twitter:site\" content=\"@PrimaverdeBV\" \/>\n<meta name=\"twitter:label1\" content=\"Ansl. lesetid\" \/>\n\t<meta name=\"twitter:data1\" content=\"5 minutter\" \/>\n<script type=\"application\/ld+json\" class=\"yoast-schema-graph\">{\"@context\":\"https:\\\/\\\/schema.org\",\"@graph\":[{\"@type\":\"WebPage\",\"@id\":\"https:\\\/\\\/primaverde.com\\\/no\\\/duurzaamheid-en-milieu\\\/\",\"url\":\"https:\\\/\\\/primaverde.com\\\/no\\\/duurzaamheid-en-milieu\\\/\",\"name\":\"B\u00e6rekraft, milj\u00f8, beskyttelse, sikkerhet, Gjenbruk\",\"isPartOf\":{\"@id\":\"https:\\\/\\\/primaverde.com\\\/no\\\/#website\"},\"primaryImageOfPage\":{\"@id\":\"https:\\\/\\\/primaverde.com\\\/no\\\/duurzaamheid-en-milieu\\\/#primaryimage\"},\"image\":{\"@id\":\"https:\\\/\\\/primaverde.com\\\/no\\\/duurzaamheid-en-milieu\\\/#primaryimage\"},\"thumbnailUrl\":\"https:\\\/\\\/primaverde.com\\\/wp-content\\\/uploads\\\/2022\\\/01\\\/Baerekraft_miljo_gjenbruk_resirkulering_sikkerhet_PrimaCover_Standard_dekkfilt.jpg\",\"datePublished\":\"2021-12-21T13:23:12+00:00\",\"dateModified\":\"2026-03-17T11:11:05+00:00\",\"description\":\"Primaverde denne m\u00e5ten \u00f8nsker Primaverde \u00e5 bidra til en sunnere verden, bevaring av milj\u00f8et og menneskers velv\u00e6re.\",\"breadcrumb\":{\"@id\":\"https:\\\/\\\/primaverde.com\\\/no\\\/duurzaamheid-en-milieu\\\/#breadcrumb\"},\"inLanguage\":\"nb-NO\",\"potentialAction\":[{\"@type\":\"ReadAction\",\"target\":[\"https:\\\/\\\/primaverde.com\\\/no\\\/duurzaamheid-en-milieu\\\/\"]}]},{\"@type\":\"ImageObject\",\"inLanguage\":\"nb-NO\",\"@id\":\"https:\\\/\\\/primaverde.com\\\/no\\\/duurzaamheid-en-milieu\\\/#primaryimage\",\"url\":\"https:\\\/\\\/primaverde.com\\\/wp-content\\\/uploads\\\/2022\\\/01\\\/Baerekraft_miljo_gjenbruk_resirkulering_sikkerhet_PrimaCover_Standard_dekkfilt.jpg\",\"contentUrl\":\"https:\\\/\\\/primaverde.com\\\/wp-content\\\/uploads\\\/2022\\\/01\\\/Baerekraft_miljo_gjenbruk_resirkulering_sikkerhet_PrimaCover_Standard_dekkfilt.jpg\"},{\"@type\":\"BreadcrumbList\",\"@id\":\"https:\\\/\\\/primaverde.com\\\/no\\\/duurzaamheid-en-milieu\\\/#breadcrumb\",\"itemListElement\":[{\"@type\":\"ListItem\",\"position\":1,\"name\":\"Home\",\"item\":\"https:\\\/\\\/primaverde.com\\\/no\\\/\"},{\"@type\":\"ListItem\",\"position\":2,\"name\":\"B\u00e6rekraft og milj\u00f8\"}]},{\"@type\":\"WebSite\",\"@id\":\"https:\\\/\\\/primaverde.com\\\/no\\\/#website\",\"url\":\"https:\\\/\\\/primaverde.com\\\/no\\\/\",\"name\":\"Primaverde\",\"description\":\"Covering material, protection, tapes, Beschermende materialen\",\"publisher\":{\"@id\":\"https:\\\/\\\/primaverde.com\\\/no\\\/#organization\"},\"potentialAction\":[{\"@type\":\"SearchAction\",\"target\":{\"@type\":\"EntryPoint\",\"urlTemplate\":\"https:\\\/\\\/primaverde.com\\\/no\\\/?s={search_term_string}\"},\"query-input\":{\"@type\":\"PropertyValueSpecification\",\"valueRequired\":true,\"valueName\":\"search_term_string\"}}],\"inLanguage\":\"nb-NO\"},{\"@type\":\"Organization\",\"@id\":\"https:\\\/\\\/primaverde.com\\\/no\\\/#organization\",\"name\":\"Primaverde B.V.\",\"url\":\"https:\\\/\\\/primaverde.com\\\/no\\\/\",\"logo\":{\"@type\":\"ImageObject\",\"inLanguage\":\"nb-NO\",\"@id\":\"https:\\\/\\\/primaverde.com\\\/no\\\/#\\\/schema\\\/logo\\\/image\\\/\",\"url\":\"https:\\\/\\\/primaverde.com\\\/wp-content\\\/uploads\\\/2015\\\/03\\\/Logo_Primaverde.jpg\",\"contentUrl\":\"https:\\\/\\\/primaverde.com\\\/wp-content\\\/uploads\\\/2015\\\/03\\\/Logo_Primaverde.jpg\",\"width\":1170,\"height\":212,\"caption\":\"Primaverde B.V.\"},\"image\":{\"@id\":\"https:\\\/\\\/primaverde.com\\\/no\\\/#\\\/schema\\\/logo\\\/image\\\/\"},\"sameAs\":[\"https:\\\/\\\/www.facebook.com\\\/PrimaverdeBV\\\/\",\"https:\\\/\\\/x.com\\\/PrimaverdeBV\",\"https:\\\/\\\/nl.linkedin.com\\\/company\\\/primaverde\",\"http:\\\/\\\/www.youtube.com\\\/channel\\\/UC3DwQqj8f8tatLdSFA0aWwA\"]}]}<\/script>\n<!-- \/ Yoast SEO Premium plugin. -->","yoast_head_json":{"title":"B\u00e6rekraft, milj\u00f8, beskyttelse, sikkerhet, Gjenbruk","description":"Primaverde denne m\u00e5ten \u00f8nsker Primaverde \u00e5 bidra til en sunnere verden, bevaring av milj\u00f8et og menneskers velv\u00e6re.","robots":{"index":"index","follow":"follow","max-snippet":"max-snippet:-1","max-image-preview":"max-image-preview:large","max-video-preview":"max-video-preview:-1"},"canonical":"https:\/\/primaverde.com\/no\/duurzaamheid-en-milieu\/","og_locale":"nb_NO","og_type":"article","og_title":"B\u00e6rekraft og milj\u00f8","og_description":"Primaverde denne m\u00e5ten \u00f8nsker Primaverde \u00e5 bidra til en sunnere verden, bevaring av milj\u00f8et og menneskers velv\u00e6re.","og_url":"https:\/\/primaverde.com\/no\/duurzaamheid-en-milieu\/","og_site_name":"Primaverde","article_publisher":"https:\/\/www.facebook.com\/PrimaverdeBV\/","article_modified_time":"2026-03-17T11:11:05+00:00","og_image":[{"width":400,"height":138,"url":"https:\/\/primaverde.com\/wp-content\/uploads\/2022\/01\/Baerekraft_miljo_gjenbruk_resirkulering_sikkerhet_PrimaCover_Standard_dekkfilt.jpg","type":"image\/jpeg"}],"twitter_card":"summary_large_image","twitter_site":"@PrimaverdeBV","twitter_misc":{"Ansl. lesetid":"5 minutter"},"schema":{"@context":"https:\/\/schema.org","@graph":[{"@type":"WebPage","@id":"https:\/\/primaverde.com\/no\/duurzaamheid-en-milieu\/","url":"https:\/\/primaverde.com\/no\/duurzaamheid-en-milieu\/","name":"B\u00e6rekraft, milj\u00f8, beskyttelse, sikkerhet, Gjenbruk","isPartOf":{"@id":"https:\/\/primaverde.com\/no\/#website"},"primaryImageOfPage":{"@id":"https:\/\/primaverde.com\/no\/duurzaamheid-en-milieu\/#primaryimage"},"image":{"@id":"https:\/\/primaverde.com\/no\/duurzaamheid-en-milieu\/#primaryimage"},"thumbnailUrl":"https:\/\/primaverde.com\/wp-content\/uploads\/2022\/01\/Baerekraft_miljo_gjenbruk_resirkulering_sikkerhet_PrimaCover_Standard_dekkfilt.jpg","datePublished":"2021-12-21T13:23:12+00:00","dateModified":"2026-03-17T11:11:05+00:00","description":"Primaverde denne m\u00e5ten \u00f8nsker Primaverde \u00e5 bidra til en sunnere verden, bevaring av milj\u00f8et og menneskers velv\u00e6re.","breadcrumb":{"@id":"https:\/\/primaverde.com\/no\/duurzaamheid-en-milieu\/#breadcrumb"},"inLanguage":"nb-NO","potentialAction":[{"@type":"ReadAction","target":["https:\/\/primaverde.com\/no\/duurzaamheid-en-milieu\/"]}]},{"@type":"ImageObject","inLanguage":"nb-NO","@id":"https:\/\/primaverde.com\/no\/duurzaamheid-en-milieu\/#primaryimage","url":"https:\/\/primaverde.com\/wp-content\/uploads\/2022\/01\/Baerekraft_miljo_gjenbruk_resirkulering_sikkerhet_PrimaCover_Standard_dekkfilt.jpg","contentUrl":"https:\/\/primaverde.com\/wp-content\/uploads\/2022\/01\/Baerekraft_miljo_gjenbruk_resirkulering_sikkerhet_PrimaCover_Standard_dekkfilt.jpg"},{"@type":"BreadcrumbList","@id":"https:\/\/primaverde.com\/no\/duurzaamheid-en-milieu\/#breadcrumb","itemListElement":[{"@type":"ListItem","position":1,"name":"Home","item":"https:\/\/primaverde.com\/no\/"},{"@type":"ListItem","position":2,"name":"B\u00e6rekraft og milj\u00f8"}]},{"@type":"WebSite","@id":"https:\/\/primaverde.com\/no\/#website","url":"https:\/\/primaverde.com\/no\/","name":"Primaverde","description":"Covering material, protection, tapes, Beschermende materialen","publisher":{"@id":"https:\/\/primaverde.com\/no\/#organization"},"potentialAction":[{"@type":"SearchAction","target":{"@type":"EntryPoint","urlTemplate":"https:\/\/primaverde.com\/no\/?s={search_term_string}"},"query-input":{"@type":"PropertyValueSpecification","valueRequired":true,"valueName":"search_term_string"}}],"inLanguage":"nb-NO"},{"@type":"Organization","@id":"https:\/\/primaverde.com\/no\/#organization","name":"Primaverde B.V.","url":"https:\/\/primaverde.com\/no\/","logo":{"@type":"ImageObject","inLanguage":"nb-NO","@id":"https:\/\/primaverde.com\/no\/#\/schema\/logo\/image\/","url":"https:\/\/primaverde.com\/wp-content\/uploads\/2015\/03\/Logo_Primaverde.jpg","contentUrl":"https:\/\/primaverde.com\/wp-content\/uploads\/2015\/03\/Logo_Primaverde.jpg","width":1170,"height":212,"caption":"Primaverde B.V."},"image":{"@id":"https:\/\/primaverde.com\/no\/#\/schema\/logo\/image\/"},"sameAs":["https:\/\/www.facebook.com\/PrimaverdeBV\/","https:\/\/x.com\/PrimaverdeBV","https:\/\/nl.linkedin.com\/company\/primaverde","http:\/\/www.youtube.com\/channel\/UC3DwQqj8f8tatLdSFA0aWwA"]}]}},"_links":{"self":[{"href":"https:\/\/primaverde.com\/no\/wp-json\/wp\/v2\/pages\/31793","targetHints":{"allow":["GET"]}}],"collection":[{"href":"https:\/\/primaverde.com\/no\/wp-json\/wp\/v2\/pages"}],"about":[{"href":"https:\/\/primaverde.com\/no\/wp-json\/wp\/v2\/types\/page"}],"author":[{"embeddable":true,"href":"https:\/\/primaverde.com\/no\/wp-json\/wp\/v2\/users\/7"}],"replies":[{"embeddable":true,"href":"https:\/\/primaverde.com\/no\/wp-json\/wp\/v2\/comments?post=31793"}],"version-history":[{"count":1,"href":"https:\/\/primaverde.com\/no\/wp-json\/wp\/v2\/pages\/31793\/revisions"}],"predecessor-version":[{"id":46137,"href":"https:\/\/primaverde.com\/no\/wp-json\/wp\/v2\/pages\/31793\/revisions\/46137"}],"wp:attachment":[{"href":"https:\/\/primaverde.com\/no\/wp-json\/wp\/v2\/media?parent=31793"}],"curies":[{"name":"wp","href":"https:\/\/api.w.org\/{rel}","templated":true}]}}