{"id":32730,"date":"2022-06-22T13:47:22","date_gmt":"2022-06-22T12:47:22","guid":{"rendered":"https:\/\/primaverde.com\/?page_id=32730"},"modified":"2022-09-13T08:40:31","modified_gmt":"2022-09-13T07:40:31","slug":"jobbtilbud","status":"publish","type":"page","link":"https:\/\/primaverde.com\/no\/nieuws\/jobbtilbud\/","title":{"rendered":"Jobbtilbud"},"content":{"rendered":"\n<p>Primaverde er alltid i utvikling. Siden starten har Primaverde v\u00e6rt preget av \u00e5 utvide og utdype sortimentet. God kontakt med forhandlere og sluttbrukere er ikke mulig uten de rette folkene. Vi er derfor veldig stolte av laget v\u00e5rt. V\u00e5re folk jobber sammen for \u00e5 sikre forn\u00f8yde kunder. Dette gj\u00f8r de med mye energi, engasjement og h\u00f8y grad av kollegialitet. <\/p>\n\n\n\n<p>Er Primaverde riktig for deg? Passer du godt med Primaverde? P\u00e5 denne siden finner du v\u00e5re aktuelle ledige stillinger. Ingen ledig stilling og fortsatt interessert i samarbeid? Send oss \u200b\u200bdin \u00e5pne s\u00f8knad til <a href=\"mailto:info@primaverde.com\">info@primaverde.com<\/a>. <\/p>\n\n\n<style>.slick-slider#wpsp-32735 {margin-left: 0px; }.slick-slider#wpsp-32735 .wp-show-posts-inner {margin-left: 1em; margin-right: 1em; }#wpsp-32735.wpsp-card .wp-show-posts-single {margin-bottom: 2em; }.slick-slider#wpsp-32735 .wp-show-posts-single {margin-bottom: 0px; }<\/style><style>.wp-show-posts-columns#wpsp-32735 {margin-left: -2em; }.wp-show-posts-columns#wpsp-32735 .wp-show-posts-inner {margin: 0 0 2em 2em; }<\/style><section id=\"wpsp-32735\" class=\" wp-show-posts-columns wp-show-posts\" style=\"\"><div class=\"wpsp-no-results\" style=\"margin-left: 2em;\"><p>Det er for \u00f8yeblikket ingen ledige stillinger \u00e5 vise<\/p>\n<\/div><div class=\"wpsp-clear\"><\/div><\/section><!-- .wp-show-posts -->\n","protected":false},"excerpt":{"rendered":"<p>Primaverde er alltid i utvikling. Siden starten har Primaverde v\u00e6rt preget av \u00e5 utvide og utdype sortimentet. God kontakt med &#8230; <a title=\"Jobbtilbud\" class=\"read-more\" href=\"https:\/\/primaverde.com\/no\/nieuws\/jobbtilbud\/\" aria-label=\"Read more about Jobbtilbud\">Lees verder&#8230;<\/a><\/p>\n","protected":false},"author":6,"featured_media":0,"parent":31121,"menu_order":0,"comment_status":"closed","ping_status":"closed","template":"","meta":{"generate_page_header":"","footnotes":""},"class_list":{"0":"post-32730","1":"page","2":"type-page","3":"status-publish","5":"infinite-scroll-item"},"yoast_head":"<!-- This site is optimized with the Yoast SEO Premium plugin v26.8 (Yoast SEO v27.5) - https:\/\/yoast.com\/product\/yoast-seo-premium-wordpress\/ -->\n<title>Jobbtilbud - Primaverde<\/title>\n<meta name=\"robots\" content=\"index, follow, max-snippet:-1, max-image-preview:large, max-video-preview:-1\" \/>\n<link rel=\"canonical\" href=\"https:\/\/primaverde.com\/no\/nieuws\/jobbtilbud\/\" \/>\n<meta property=\"og:locale\" content=\"nb_NO\" \/>\n<meta property=\"og:type\" content=\"article\" \/>\n<meta property=\"og:title\" content=\"Jobbtilbud\" \/>\n<meta property=\"og:description\" content=\"Primaverde er alltid i utvikling. Siden starten har Primaverde v\u00e6rt preget av \u00e5 utvide og utdype sortimentet. God kontakt med ... Lees verder...\" \/>\n<meta property=\"og:url\" content=\"https:\/\/primaverde.com\/no\/nieuws\/jobbtilbud\/\" \/>\n<meta property=\"og:site_name\" content=\"Primaverde\" \/>\n<meta property=\"article:publisher\" content=\"https:\/\/www.facebook.com\/PrimaverdeBV\/\" \/>\n<meta property=\"article:modified_time\" content=\"2022-09-13T07:40:31+00:00\" \/>\n<meta name=\"twitter:card\" content=\"summary_large_image\" \/>\n<meta name=\"twitter:site\" content=\"@PrimaverdeBV\" \/>\n<meta name=\"twitter:label1\" content=\"Ansl. lesetid\" \/>\n\t<meta name=\"twitter:data1\" content=\"1 minutt\" \/>\n<script type=\"application\/ld+json\" class=\"yoast-schema-graph\">{\"@context\":\"https:\\\/\\\/schema.org\",\"@graph\":[{\"@type\":\"WebPage\",\"@id\":\"https:\\\/\\\/primaverde.com\\\/no\\\/nieuws\\\/jobbtilbud\\\/\",\"url\":\"https:\\\/\\\/primaverde.com\\\/no\\\/nieuws\\\/jobbtilbud\\\/\",\"name\":\"Jobbtilbud - Primaverde\",\"isPartOf\":{\"@id\":\"https:\\\/\\\/primaverde.com\\\/no\\\/#website\"},\"datePublished\":\"2022-06-22T12:47:22+00:00\",\"dateModified\":\"2022-09-13T07:40:31+00:00\",\"breadcrumb\":{\"@id\":\"https:\\\/\\\/primaverde.com\\\/no\\\/nieuws\\\/jobbtilbud\\\/#breadcrumb\"},\"inLanguage\":\"nb-NO\",\"potentialAction\":[{\"@type\":\"ReadAction\",\"target\":[\"https:\\\/\\\/primaverde.com\\\/no\\\/nieuws\\\/jobbtilbud\\\/\"]}]},{\"@type\":\"BreadcrumbList\",\"@id\":\"https:\\\/\\\/primaverde.com\\\/no\\\/nieuws\\\/jobbtilbud\\\/#breadcrumb\",\"itemListElement\":[{\"@type\":\"ListItem\",\"position\":1,\"name\":\"Home\",\"item\":\"https:\\\/\\\/primaverde.com\\\/no\\\/\"},{\"@type\":\"ListItem\",\"position\":2,\"name\":\"Aktuelle rapporter om Primaverde\",\"item\":\"https:\\\/\\\/primaverde.com\\\/no\\\/nieuws\\\/\"},{\"@type\":\"ListItem\",\"position\":3,\"name\":\"Jobbtilbud\"}]},{\"@type\":\"WebSite\",\"@id\":\"https:\\\/\\\/primaverde.com\\\/no\\\/#website\",\"url\":\"https:\\\/\\\/primaverde.com\\\/no\\\/\",\"name\":\"Primaverde\",\"description\":\"Covering material, protection, tapes, Beschermende materialen\",\"publisher\":{\"@id\":\"https:\\\/\\\/primaverde.com\\\/no\\\/#organization\"},\"potentialAction\":[{\"@type\":\"SearchAction\",\"target\":{\"@type\":\"EntryPoint\",\"urlTemplate\":\"https:\\\/\\\/primaverde.com\\\/no\\\/?s={search_term_string}\"},\"query-input\":{\"@type\":\"PropertyValueSpecification\",\"valueRequired\":true,\"valueName\":\"search_term_string\"}}],\"inLanguage\":\"nb-NO\"},{\"@type\":\"Organization\",\"@id\":\"https:\\\/\\\/primaverde.com\\\/no\\\/#organization\",\"name\":\"Primaverde B.V.\",\"url\":\"https:\\\/\\\/primaverde.com\\\/no\\\/\",\"logo\":{\"@type\":\"ImageObject\",\"inLanguage\":\"nb-NO\",\"@id\":\"https:\\\/\\\/primaverde.com\\\/no\\\/#\\\/schema\\\/logo\\\/image\\\/\",\"url\":\"https:\\\/\\\/primaverde.com\\\/wp-content\\\/uploads\\\/2015\\\/03\\\/Logo_Primaverde.jpg\",\"contentUrl\":\"https:\\\/\\\/primaverde.com\\\/wp-content\\\/uploads\\\/2015\\\/03\\\/Logo_Primaverde.jpg\",\"width\":1170,\"height\":212,\"caption\":\"Primaverde B.V.\"},\"image\":{\"@id\":\"https:\\\/\\\/primaverde.com\\\/no\\\/#\\\/schema\\\/logo\\\/image\\\/\"},\"sameAs\":[\"https:\\\/\\\/www.facebook.com\\\/PrimaverdeBV\\\/\",\"https:\\\/\\\/x.com\\\/PrimaverdeBV\",\"https:\\\/\\\/nl.linkedin.com\\\/company\\\/primaverde\",\"http:\\\/\\\/www.youtube.com\\\/channel\\\/UC3DwQqj8f8tatLdSFA0aWwA\"]}]}<\/script>\n<!-- \/ Yoast SEO Premium plugin. -->","yoast_head_json":{"title":"Jobbtilbud - Primaverde","robots":{"index":"index","follow":"follow","max-snippet":"max-snippet:-1","max-image-preview":"max-image-preview:large","max-video-preview":"max-video-preview:-1"},"canonical":"https:\/\/primaverde.com\/no\/nieuws\/jobbtilbud\/","og_locale":"nb_NO","og_type":"article","og_title":"Jobbtilbud","og_description":"Primaverde er alltid i utvikling. Siden starten har Primaverde v\u00e6rt preget av \u00e5 utvide og utdype sortimentet. God kontakt med ... Lees verder...","og_url":"https:\/\/primaverde.com\/no\/nieuws\/jobbtilbud\/","og_site_name":"Primaverde","article_publisher":"https:\/\/www.facebook.com\/PrimaverdeBV\/","article_modified_time":"2022-09-13T07:40:31+00:00","twitter_card":"summary_large_image","twitter_site":"@PrimaverdeBV","twitter_misc":{"Ansl. lesetid":"1 minutt"},"schema":{"@context":"https:\/\/schema.org","@graph":[{"@type":"WebPage","@id":"https:\/\/primaverde.com\/no\/nieuws\/jobbtilbud\/","url":"https:\/\/primaverde.com\/no\/nieuws\/jobbtilbud\/","name":"Jobbtilbud - Primaverde","isPartOf":{"@id":"https:\/\/primaverde.com\/no\/#website"},"datePublished":"2022-06-22T12:47:22+00:00","dateModified":"2022-09-13T07:40:31+00:00","breadcrumb":{"@id":"https:\/\/primaverde.com\/no\/nieuws\/jobbtilbud\/#breadcrumb"},"inLanguage":"nb-NO","potentialAction":[{"@type":"ReadAction","target":["https:\/\/primaverde.com\/no\/nieuws\/jobbtilbud\/"]}]},{"@type":"BreadcrumbList","@id":"https:\/\/primaverde.com\/no\/nieuws\/jobbtilbud\/#breadcrumb","itemListElement":[{"@type":"ListItem","position":1,"name":"Home","item":"https:\/\/primaverde.com\/no\/"},{"@type":"ListItem","position":2,"name":"Aktuelle rapporter om Primaverde","item":"https:\/\/primaverde.com\/no\/nieuws\/"},{"@type":"ListItem","position":3,"name":"Jobbtilbud"}]},{"@type":"WebSite","@id":"https:\/\/primaverde.com\/no\/#website","url":"https:\/\/primaverde.com\/no\/","name":"Primaverde","description":"Covering material, protection, tapes, Beschermende materialen","publisher":{"@id":"https:\/\/primaverde.com\/no\/#organization"},"potentialAction":[{"@type":"SearchAction","target":{"@type":"EntryPoint","urlTemplate":"https:\/\/primaverde.com\/no\/?s={search_term_string}"},"query-input":{"@type":"PropertyValueSpecification","valueRequired":true,"valueName":"search_term_string"}}],"inLanguage":"nb-NO"},{"@type":"Organization","@id":"https:\/\/primaverde.com\/no\/#organization","name":"Primaverde B.V.","url":"https:\/\/primaverde.com\/no\/","logo":{"@type":"ImageObject","inLanguage":"nb-NO","@id":"https:\/\/primaverde.com\/no\/#\/schema\/logo\/image\/","url":"https:\/\/primaverde.com\/wp-content\/uploads\/2015\/03\/Logo_Primaverde.jpg","contentUrl":"https:\/\/primaverde.com\/wp-content\/uploads\/2015\/03\/Logo_Primaverde.jpg","width":1170,"height":212,"caption":"Primaverde B.V."},"image":{"@id":"https:\/\/primaverde.com\/no\/#\/schema\/logo\/image\/"},"sameAs":["https:\/\/www.facebook.com\/PrimaverdeBV\/","https:\/\/x.com\/PrimaverdeBV","https:\/\/nl.linkedin.com\/company\/primaverde","http:\/\/www.youtube.com\/channel\/UC3DwQqj8f8tatLdSFA0aWwA"]}]}},"_links":{"self":[{"href":"https:\/\/primaverde.com\/no\/wp-json\/wp\/v2\/pages\/32730","targetHints":{"allow":["GET"]}}],"collection":[{"href":"https:\/\/primaverde.com\/no\/wp-json\/wp\/v2\/pages"}],"about":[{"href":"https:\/\/primaverde.com\/no\/wp-json\/wp\/v2\/types\/page"}],"author":[{"embeddable":true,"href":"https:\/\/primaverde.com\/no\/wp-json\/wp\/v2\/users\/6"}],"replies":[{"embeddable":true,"href":"https:\/\/primaverde.com\/no\/wp-json\/wp\/v2\/comments?post=32730"}],"version-history":[{"count":0,"href":"https:\/\/primaverde.com\/no\/wp-json\/wp\/v2\/pages\/32730\/revisions"}],"up":[{"embeddable":true,"href":"https:\/\/primaverde.com\/no\/wp-json\/wp\/v2\/pages\/31121"}],"wp:attachment":[{"href":"https:\/\/primaverde.com\/no\/wp-json\/wp\/v2\/media?parent=32730"}],"curies":[{"name":"wp","href":"https:\/\/api.w.org\/{rel}","templated":true}]}}