{"id":6847,"date":"2019-06-14T15:11:49","date_gmt":"2019-06-14T14:11:49","guid":{"rendered":"https:\/\/primaverde.com\/?page_id=6847"},"modified":"2019-08-27T08:36:01","modified_gmt":"2019-08-27T07:36:01","slug":"generelt-vilkar-og-betingelser-for-salg-og-levering","status":"publish","type":"page","link":"https:\/\/primaverde.com\/no\/generelt-vilkar-og-betingelser-for-salg-og-levering\/","title":{"rendered":"Generelle vilk\u00e5r og betingelser for salg og levering"},"content":{"rendered":"\n<h1 class=\"wp-block-heading\" style=\"text-align:center\">Generelle vilk\u00e5r og betingelser<\/h1>\n\n\n\n<h2 class=\"wp-block-heading\" style=\"text-align:center\">Fra Primaverde B.V.<\/h2>\n\n\n\n<div class=\"wp-block-columns has-3-columns is-layout-flex wp-container-core-columns-is-layout-9d6595d7 wp-block-columns-is-layout-flex\">\n<div class=\"wp-block-column is-layout-flow wp-block-column-is-layout-flow\">\n<p>Leveringsbetingelsene, som er innlevert med handelskammeret i Eindhoven, gjelder for alle v\u00e5re transaksjoner.<\/p>\n\n\n\n<p><a href=\"https:\/\/primaverde.com\/wp-content\/uploads\/2019\/08\/Algemene-voorwaarden-Primaverde-_EN_05-2019.pdf\" target=\"_blank\" rel=\"noreferrer noopener\" aria-label=\" (opent in een nieuwe tab)\">Klikk her for vilk\u00e5rene.<\/a><\/p>\n<\/div>\n\n\n\n<div class=\"wp-block-column is-layout-flow wp-block-column-is-layout-flow\">\n<p>Hvis du har sp\u00f8rsm\u00e5l om v\u00e5re leveranser og v\u00e5re produkter, vennligst gi oss beskjed! Vi hjelper deg gjerne videre.<\/p>\n\n\n\n<p><a href=\"https:\/\/primaverde.com\/no\/kontakt\/\">Klikk her for v\u00e5re kontaktdetaljer.<\/a><\/p>\n<\/div>\n\n\n\n<div class=\"wp-block-column is-layout-flow wp-block-column-is-layout-flow\">\n<figure class=\"wp-block-image\"><img loading=\"lazy\" decoding=\"async\" width=\"600\" height=\"399\" src=\"https:\/\/primaverde.com\/wp-content\/uploads\/2015\/03\/Primaverde12_content_expeditie1.jpg\" alt=\"Primaverde12_content_expeditie\" class=\"wp-image-26185\" srcset=\"https:\/\/primaverde.com\/wp-content\/uploads\/2015\/03\/Primaverde12_content_expeditie1.jpg 600w, https:\/\/primaverde.com\/wp-content\/uploads\/2015\/03\/Primaverde12_content_expeditie1-300x200.jpg 300w, https:\/\/primaverde.com\/wp-content\/uploads\/2015\/03\/Primaverde12_content_expeditie1-272x182.jpg 272w\" sizes=\"auto, (max-width: 600px) 100vw, 600px\" \/><\/figure>\n<\/div>\n<\/div>\n","protected":false},"excerpt":{"rendered":"<p>Generelle vilk\u00e5r og betingelser Fra Primaverde B.V. Leveringsbetingelsene, som er innlevert med handelskammeret i Eindhoven, gjelder for alle v\u00e5re transaksjoner. &#8230; <a title=\"Generelle vilk\u00e5r og betingelser for salg og levering\" class=\"read-more\" href=\"https:\/\/primaverde.com\/no\/generelt-vilkar-og-betingelser-for-salg-og-levering\/\" aria-label=\"Read more about Generelle vilk\u00e5r og betingelser for salg og levering\">Lees verder&#8230;<\/a><\/p>\n","protected":false},"author":7,"featured_media":0,"parent":0,"menu_order":1000,"comment_status":"closed","ping_status":"closed","template":"","meta":{"generate_page_header":"","footnotes":""},"class_list":{"0":"post-6847","1":"page","2":"type-page","3":"status-publish","5":"infinite-scroll-item"},"yoast_head":"<!-- This site is optimized with the Yoast SEO Premium plugin v26.8 (Yoast SEO v27.4) - https:\/\/yoast.com\/product\/yoast-seo-premium-wordpress\/ -->\n<title>Generelle vilk\u00e5r og betingelser for salg og levering - Primaverde<\/title>\n<meta name=\"robots\" content=\"index, follow, max-snippet:-1, max-image-preview:large, max-video-preview:-1\" \/>\n<link rel=\"canonical\" href=\"https:\/\/primaverde.com\/no\/generelt-vilkar-og-betingelser-for-salg-og-levering\/\" \/>\n<meta property=\"og:locale\" content=\"nb_NO\" \/>\n<meta property=\"og:type\" content=\"article\" \/>\n<meta property=\"og:title\" content=\"Generelle vilk\u00e5r og betingelser for salg og levering\" \/>\n<meta property=\"og:description\" content=\"Generelle vilk\u00e5r og betingelser Fra Primaverde B.V. Leveringsbetingelsene, som er innlevert med handelskammeret i Eindhoven, gjelder for alle v\u00e5re transaksjoner. ... Lees verder...\" \/>\n<meta property=\"og:url\" content=\"https:\/\/primaverde.com\/no\/generelt-vilkar-og-betingelser-for-salg-og-levering\/\" \/>\n<meta property=\"og:site_name\" content=\"Primaverde\" \/>\n<meta property=\"article:publisher\" content=\"https:\/\/www.facebook.com\/PrimaverdeBV\/\" \/>\n<meta property=\"article:modified_time\" content=\"2019-08-27T07:36:01+00:00\" \/>\n<meta property=\"og:image\" content=\"https:\/\/primaverde.com\/wp-content\/uploads\/2015\/03\/Primaverde12_content_expeditie1.jpg\" \/>\n<meta name=\"twitter:card\" content=\"summary_large_image\" \/>\n<meta name=\"twitter:site\" content=\"@PrimaverdeBV\" \/>\n<script type=\"application\/ld+json\" class=\"yoast-schema-graph\">{\"@context\":\"https:\\\/\\\/schema.org\",\"@graph\":[{\"@type\":\"WebPage\",\"@id\":\"https:\\\/\\\/primaverde.com\\\/no\\\/generelt-vilkar-og-betingelser-for-salg-og-levering\\\/\",\"url\":\"https:\\\/\\\/primaverde.com\\\/no\\\/generelt-vilkar-og-betingelser-for-salg-og-levering\\\/\",\"name\":\"Generelle vilk\u00e5r og betingelser for salg og levering - Primaverde\",\"isPartOf\":{\"@id\":\"https:\\\/\\\/primaverde.com\\\/no\\\/#website\"},\"primaryImageOfPage\":{\"@id\":\"https:\\\/\\\/primaverde.com\\\/no\\\/generelt-vilkar-og-betingelser-for-salg-og-levering\\\/#primaryimage\"},\"image\":{\"@id\":\"https:\\\/\\\/primaverde.com\\\/no\\\/generelt-vilkar-og-betingelser-for-salg-og-levering\\\/#primaryimage\"},\"thumbnailUrl\":\"https:\\\/\\\/primaverde.com\\\/wp-content\\\/uploads\\\/2015\\\/03\\\/Primaverde12_content_expeditie1.jpg\",\"datePublished\":\"2019-06-14T14:11:49+00:00\",\"dateModified\":\"2019-08-27T07:36:01+00:00\",\"breadcrumb\":{\"@id\":\"https:\\\/\\\/primaverde.com\\\/no\\\/generelt-vilkar-og-betingelser-for-salg-og-levering\\\/#breadcrumb\"},\"inLanguage\":\"nb-NO\",\"potentialAction\":[{\"@type\":\"ReadAction\",\"target\":[\"https:\\\/\\\/primaverde.com\\\/no\\\/generelt-vilkar-og-betingelser-for-salg-og-levering\\\/\"]}]},{\"@type\":\"ImageObject\",\"inLanguage\":\"nb-NO\",\"@id\":\"https:\\\/\\\/primaverde.com\\\/no\\\/generelt-vilkar-og-betingelser-for-salg-og-levering\\\/#primaryimage\",\"url\":\"https:\\\/\\\/primaverde.com\\\/wp-content\\\/uploads\\\/2015\\\/03\\\/Primaverde12_content_expeditie1.jpg\",\"contentUrl\":\"https:\\\/\\\/primaverde.com\\\/wp-content\\\/uploads\\\/2015\\\/03\\\/Primaverde12_content_expeditie1.jpg\"},{\"@type\":\"BreadcrumbList\",\"@id\":\"https:\\\/\\\/primaverde.com\\\/no\\\/generelt-vilkar-og-betingelser-for-salg-og-levering\\\/#breadcrumb\",\"itemListElement\":[{\"@type\":\"ListItem\",\"position\":1,\"name\":\"Home\",\"item\":\"https:\\\/\\\/primaverde.com\\\/no\\\/\"},{\"@type\":\"ListItem\",\"position\":2,\"name\":\"Generelle vilk\u00e5r og betingelser for salg og levering\"}]},{\"@type\":\"WebSite\",\"@id\":\"https:\\\/\\\/primaverde.com\\\/no\\\/#website\",\"url\":\"https:\\\/\\\/primaverde.com\\\/no\\\/\",\"name\":\"Primaverde\",\"description\":\"Covering material, protection, tapes, Beschermende materialen\",\"publisher\":{\"@id\":\"https:\\\/\\\/primaverde.com\\\/no\\\/#organization\"},\"potentialAction\":[{\"@type\":\"SearchAction\",\"target\":{\"@type\":\"EntryPoint\",\"urlTemplate\":\"https:\\\/\\\/primaverde.com\\\/no\\\/?s={search_term_string}\"},\"query-input\":{\"@type\":\"PropertyValueSpecification\",\"valueRequired\":true,\"valueName\":\"search_term_string\"}}],\"inLanguage\":\"nb-NO\"},{\"@type\":\"Organization\",\"@id\":\"https:\\\/\\\/primaverde.com\\\/no\\\/#organization\",\"name\":\"Primaverde B.V.\",\"url\":\"https:\\\/\\\/primaverde.com\\\/no\\\/\",\"logo\":{\"@type\":\"ImageObject\",\"inLanguage\":\"nb-NO\",\"@id\":\"https:\\\/\\\/primaverde.com\\\/no\\\/#\\\/schema\\\/logo\\\/image\\\/\",\"url\":\"https:\\\/\\\/primaverde.com\\\/wp-content\\\/uploads\\\/2015\\\/03\\\/Logo_Primaverde.jpg\",\"contentUrl\":\"https:\\\/\\\/primaverde.com\\\/wp-content\\\/uploads\\\/2015\\\/03\\\/Logo_Primaverde.jpg\",\"width\":1170,\"height\":212,\"caption\":\"Primaverde B.V.\"},\"image\":{\"@id\":\"https:\\\/\\\/primaverde.com\\\/no\\\/#\\\/schema\\\/logo\\\/image\\\/\"},\"sameAs\":[\"https:\\\/\\\/www.facebook.com\\\/PrimaverdeBV\\\/\",\"https:\\\/\\\/x.com\\\/PrimaverdeBV\",\"https:\\\/\\\/nl.linkedin.com\\\/company\\\/primaverde\",\"http:\\\/\\\/www.youtube.com\\\/channel\\\/UC3DwQqj8f8tatLdSFA0aWwA\"]}]}<\/script>\n<!-- \/ Yoast SEO Premium plugin. -->","yoast_head_json":{"title":"Generelle vilk\u00e5r og betingelser for salg og levering - Primaverde","robots":{"index":"index","follow":"follow","max-snippet":"max-snippet:-1","max-image-preview":"max-image-preview:large","max-video-preview":"max-video-preview:-1"},"canonical":"https:\/\/primaverde.com\/no\/generelt-vilkar-og-betingelser-for-salg-og-levering\/","og_locale":"nb_NO","og_type":"article","og_title":"Generelle vilk\u00e5r og betingelser for salg og levering","og_description":"Generelle vilk\u00e5r og betingelser Fra Primaverde B.V. Leveringsbetingelsene, som er innlevert med handelskammeret i Eindhoven, gjelder for alle v\u00e5re transaksjoner. ... Lees verder...","og_url":"https:\/\/primaverde.com\/no\/generelt-vilkar-og-betingelser-for-salg-og-levering\/","og_site_name":"Primaverde","article_publisher":"https:\/\/www.facebook.com\/PrimaverdeBV\/","article_modified_time":"2019-08-27T07:36:01+00:00","og_image":[{"url":"https:\/\/primaverde.com\/wp-content\/uploads\/2015\/03\/Primaverde12_content_expeditie1.jpg","type":"","width":"","height":""}],"twitter_card":"summary_large_image","twitter_site":"@PrimaverdeBV","schema":{"@context":"https:\/\/schema.org","@graph":[{"@type":"WebPage","@id":"https:\/\/primaverde.com\/no\/generelt-vilkar-og-betingelser-for-salg-og-levering\/","url":"https:\/\/primaverde.com\/no\/generelt-vilkar-og-betingelser-for-salg-og-levering\/","name":"Generelle vilk\u00e5r og betingelser for salg og levering - Primaverde","isPartOf":{"@id":"https:\/\/primaverde.com\/no\/#website"},"primaryImageOfPage":{"@id":"https:\/\/primaverde.com\/no\/generelt-vilkar-og-betingelser-for-salg-og-levering\/#primaryimage"},"image":{"@id":"https:\/\/primaverde.com\/no\/generelt-vilkar-og-betingelser-for-salg-og-levering\/#primaryimage"},"thumbnailUrl":"https:\/\/primaverde.com\/wp-content\/uploads\/2015\/03\/Primaverde12_content_expeditie1.jpg","datePublished":"2019-06-14T14:11:49+00:00","dateModified":"2019-08-27T07:36:01+00:00","breadcrumb":{"@id":"https:\/\/primaverde.com\/no\/generelt-vilkar-og-betingelser-for-salg-og-levering\/#breadcrumb"},"inLanguage":"nb-NO","potentialAction":[{"@type":"ReadAction","target":["https:\/\/primaverde.com\/no\/generelt-vilkar-og-betingelser-for-salg-og-levering\/"]}]},{"@type":"ImageObject","inLanguage":"nb-NO","@id":"https:\/\/primaverde.com\/no\/generelt-vilkar-og-betingelser-for-salg-og-levering\/#primaryimage","url":"https:\/\/primaverde.com\/wp-content\/uploads\/2015\/03\/Primaverde12_content_expeditie1.jpg","contentUrl":"https:\/\/primaverde.com\/wp-content\/uploads\/2015\/03\/Primaverde12_content_expeditie1.jpg"},{"@type":"BreadcrumbList","@id":"https:\/\/primaverde.com\/no\/generelt-vilkar-og-betingelser-for-salg-og-levering\/#breadcrumb","itemListElement":[{"@type":"ListItem","position":1,"name":"Home","item":"https:\/\/primaverde.com\/no\/"},{"@type":"ListItem","position":2,"name":"Generelle vilk\u00e5r og betingelser for salg og levering"}]},{"@type":"WebSite","@id":"https:\/\/primaverde.com\/no\/#website","url":"https:\/\/primaverde.com\/no\/","name":"Primaverde","description":"Covering material, protection, tapes, Beschermende materialen","publisher":{"@id":"https:\/\/primaverde.com\/no\/#organization"},"potentialAction":[{"@type":"SearchAction","target":{"@type":"EntryPoint","urlTemplate":"https:\/\/primaverde.com\/no\/?s={search_term_string}"},"query-input":{"@type":"PropertyValueSpecification","valueRequired":true,"valueName":"search_term_string"}}],"inLanguage":"nb-NO"},{"@type":"Organization","@id":"https:\/\/primaverde.com\/no\/#organization","name":"Primaverde B.V.","url":"https:\/\/primaverde.com\/no\/","logo":{"@type":"ImageObject","inLanguage":"nb-NO","@id":"https:\/\/primaverde.com\/no\/#\/schema\/logo\/image\/","url":"https:\/\/primaverde.com\/wp-content\/uploads\/2015\/03\/Logo_Primaverde.jpg","contentUrl":"https:\/\/primaverde.com\/wp-content\/uploads\/2015\/03\/Logo_Primaverde.jpg","width":1170,"height":212,"caption":"Primaverde B.V."},"image":{"@id":"https:\/\/primaverde.com\/no\/#\/schema\/logo\/image\/"},"sameAs":["https:\/\/www.facebook.com\/PrimaverdeBV\/","https:\/\/x.com\/PrimaverdeBV","https:\/\/nl.linkedin.com\/company\/primaverde","http:\/\/www.youtube.com\/channel\/UC3DwQqj8f8tatLdSFA0aWwA"]}]}},"_links":{"self":[{"href":"https:\/\/primaverde.com\/no\/wp-json\/wp\/v2\/pages\/6847","targetHints":{"allow":["GET"]}}],"collection":[{"href":"https:\/\/primaverde.com\/no\/wp-json\/wp\/v2\/pages"}],"about":[{"href":"https:\/\/primaverde.com\/no\/wp-json\/wp\/v2\/types\/page"}],"author":[{"embeddable":true,"href":"https:\/\/primaverde.com\/no\/wp-json\/wp\/v2\/users\/7"}],"replies":[{"embeddable":true,"href":"https:\/\/primaverde.com\/no\/wp-json\/wp\/v2\/comments?post=6847"}],"version-history":[{"count":0,"href":"https:\/\/primaverde.com\/no\/wp-json\/wp\/v2\/pages\/6847\/revisions"}],"wp:attachment":[{"href":"https:\/\/primaverde.com\/no\/wp-json\/wp\/v2\/media?parent=6847"}],"curies":[{"name":"wp","href":"https:\/\/api.w.org\/{rel}","templated":true}]}}