{"id":42912,"date":"2024-07-03T15:53:07","date_gmt":"2024-07-03T14:53:07","guid":{"rendered":"https:\/\/primaverde.com\/product\/ram-board-floor-protection\/"},"modified":"2026-04-15T14:40:12","modified_gmt":"2026-04-15T13:40:12","slug":"ram-board-floor-protection","status":"publish","type":"product","link":"https:\/\/primaverde.com\/no\/produkt\/ram-board-floor-protection\/","title":{"rendered":"Ram Board Floor Protection"},"content":{"rendered":"<h2>Den slitesterke gulvbeskyttelsen for byggeplassen<\/h2>\n<p>Ram Board gulvbeskyttelse for byggeplassen. Ekstra sterk, ekstra slitesterk. Beskytter mot de t\u00f8ffeste jobbene. Passer for alle gulv, ogs\u00e5 nye. Ram Board er pustende, s\u00e5 mens gulvet er pansret, kan overflaten fortsette \u00e5 t\u00f8rke.<\/p>\n<p><strong>Egenskaper:<\/strong><\/p>\n<ul>\n<li>Slitesterk gulvbeskyttelse<\/li>\n<li>Laget av resirkulert papp<\/li>\n<li>Raskt \u00e5 legge<\/li>\n<li>Unik veggbeskyttelse med Wall Guard<\/li>\n<li>Unik Vapor-Cure Teknologi<\/li>\n<li>Flex-Fiber Teknologi \u2013 fiberarmert struktur<\/li>\n<li>Spill Guard Teknologi<\/li>\n<li>Resirkulert \/ Resirkulerbart<\/li>\n<li>FSC Sertifisert<\/li>\n<\/ul>\n","protected":false},"excerpt":{"rendered":"<h2>Den slitesterke gulvbeskyttelsen for byggeplassen<\/h2>\n<p>Ram Board gulvbeskyttelse for byggeplassen. Ekstra sterk, ekstra slitesterk. Beskytter mot de t\u00f8ffeste jobbene. Passer for alle gulv, ogs\u00e5 nye. Ram Board er pustende, s\u00e5 mens gulvet er pansret, kan overflaten fortsette \u00e5 t\u00f8rke.<\/p>\n<p><strong>Egenskaper:<\/strong><\/p>\n<ul>\n<li>Slitesterk gulvbeskyttelse<\/li>\n<li>Laget av resirkulert papp<\/li>\n<li>Raskt \u00e5 legge<\/li>\n<li>Unik veggbeskyttelse med Wall Guard<\/li>\n<li>Unik Vapor-Cure Teknologi<\/li>\n<li>Flex-Fiber Teknologi \u2013 fiberarmert struktur<\/li>\n<li>Spill Guard Teknologi<\/li>\n<li>Resirkulert \/ Resirkulerbart<\/li>\n<li>FSC Sertifisert<\/li>\n<\/ul>\n","protected":false},"featured_media":45820,"comment_status":"closed","ping_status":"closed","template":"","meta":{"generate_page_header":""},"product_brand":[],"product_cat":[5741],"product_tag":[],"class_list":{"0":"post-42912","1":"product","2":"type-product","3":"status-publish","4":"has-post-thumbnail","6":"product_cat-ramboard","7":"infinite-scroll-item","8":"","9":"woocommerce-text-align-left","10":"woocommerce-image-align-center","11":"wc-has-gallery","13":"first","14":"instock","15":"shipping-taxable","16":"product-type-simple"},"yoast_head":"<!-- This site is optimized with the Yoast SEO Premium plugin v26.8 (Yoast SEO v27.5) - https:\/\/yoast.com\/product\/yoast-seo-premium-wordpress\/ -->\n<title>Ram Board Floor Protection - Primaverde<\/title>\n<meta name=\"robots\" content=\"index, follow, max-snippet:-1, max-image-preview:large, max-video-preview:-1\" \/>\n<link rel=\"canonical\" href=\"https:\/\/primaverde.com\/no\/produkt\/ram-board-floor-protection\/\" \/>\n<meta property=\"og:locale\" content=\"nb_NO\" \/>\n<meta property=\"og:type\" content=\"article\" \/>\n<meta property=\"og:title\" content=\"Ram Board Floor Protection\" \/>\n<meta property=\"og:description\" content=\"Den slitesterke gulvbeskyttelsen for byggeplassenRam Board gulvbeskyttelse for byggeplassen. Ekstra sterk, ekstra slitesterk. Beskytter mot de t\u00f8ffeste jobbene. Passer for alle gulv, ogs\u00e5 nye. Ram Board er pustende, s\u00e5 mens gulvet er pansret, kan overflaten fortsette \u00e5 t\u00f8rke.Egenskaper:Slitesterk gulvbeskyttelseLaget av resirkulert pappRaskt \u00e5 leggeUnik veggbeskyttelse med Wall GuardUnik Vapor-Cure TeknologiFlex-Fiber Teknologi \u2013 fiberarmert strukturSpill Guard TeknologiResirkulert \/ ResirkulerbartFSC Sertifisert\" \/>\n<meta property=\"og:url\" content=\"https:\/\/primaverde.com\/no\/produkt\/ram-board-floor-protection\/\" \/>\n<meta property=\"og:site_name\" content=\"Primaverde\" \/>\n<meta property=\"article:publisher\" content=\"https:\/\/www.facebook.com\/PrimaverdeBV\/\" \/>\n<meta property=\"article:modified_time\" content=\"2026-04-15T13:40:12+00:00\" \/>\n<meta property=\"og:image\" content=\"https:\/\/primaverde.com\/wp-content\/uploads\/2021\/06\/RamBoard_floor_protection_vloerbescherming_afdekken_rol.jpg\" \/>\n\t<meta property=\"og:image:width\" content=\"600\" \/>\n\t<meta property=\"og:image:height\" content=\"600\" \/>\n\t<meta property=\"og:image:type\" content=\"image\/jpeg\" \/>\n<meta name=\"twitter:card\" content=\"summary_large_image\" \/>\n<meta name=\"twitter:site\" content=\"@PrimaverdeBV\" \/>\n<script type=\"application\/ld+json\" class=\"yoast-schema-graph\">{\"@context\":\"https:\\\/\\\/schema.org\",\"@graph\":[{\"@type\":\"WebPage\",\"@id\":\"https:\\\/\\\/primaverde.com\\\/no\\\/produkt\\\/ram-board-floor-protection\\\/\",\"url\":\"https:\\\/\\\/primaverde.com\\\/no\\\/produkt\\\/ram-board-floor-protection\\\/\",\"name\":\"Ram Board Floor Protection - Primaverde\",\"isPartOf\":{\"@id\":\"https:\\\/\\\/primaverde.com\\\/no\\\/#website\"},\"primaryImageOfPage\":{\"@id\":\"https:\\\/\\\/primaverde.com\\\/no\\\/produkt\\\/ram-board-floor-protection\\\/#primaryimage\"},\"image\":{\"@id\":\"https:\\\/\\\/primaverde.com\\\/no\\\/produkt\\\/ram-board-floor-protection\\\/#primaryimage\"},\"thumbnailUrl\":\"https:\\\/\\\/primaverde.com\\\/wp-content\\\/uploads\\\/2024\\\/07\\\/FloorProtection_P0NZ_s06.png\",\"datePublished\":\"2024-07-03T14:53:07+00:00\",\"dateModified\":\"2026-04-15T13:40:12+00:00\",\"breadcrumb\":{\"@id\":\"https:\\\/\\\/primaverde.com\\\/no\\\/produkt\\\/ram-board-floor-protection\\\/#breadcrumb\"},\"inLanguage\":\"nb-NO\",\"potentialAction\":[{\"@type\":\"ReadAction\",\"target\":[\"https:\\\/\\\/primaverde.com\\\/no\\\/produkt\\\/ram-board-floor-protection\\\/\"]}]},{\"@type\":\"ImageObject\",\"inLanguage\":\"nb-NO\",\"@id\":\"https:\\\/\\\/primaverde.com\\\/no\\\/produkt\\\/ram-board-floor-protection\\\/#primaryimage\",\"url\":\"https:\\\/\\\/primaverde.com\\\/wp-content\\\/uploads\\\/2024\\\/07\\\/FloorProtection_P0NZ_s06.png\",\"contentUrl\":\"https:\\\/\\\/primaverde.com\\\/wp-content\\\/uploads\\\/2024\\\/07\\\/FloorProtection_P0NZ_s06.png\",\"width\":600,\"height\":600},{\"@type\":\"BreadcrumbList\",\"@id\":\"https:\\\/\\\/primaverde.com\\\/no\\\/produkt\\\/ram-board-floor-protection\\\/#breadcrumb\",\"itemListElement\":[{\"@type\":\"ListItem\",\"position\":1,\"name\":\"Home\",\"item\":\"https:\\\/\\\/primaverde.com\\\/no\\\/\"},{\"@type\":\"ListItem\",\"position\":2,\"name\":\"Shop\",\"item\":\"https:\\\/\\\/primaverde.com\\\/no\\\/shop\\\/\"},{\"@type\":\"ListItem\",\"position\":3,\"name\":\"Ram Board Floor Protection\"}]},{\"@type\":\"WebSite\",\"@id\":\"https:\\\/\\\/primaverde.com\\\/no\\\/#website\",\"url\":\"https:\\\/\\\/primaverde.com\\\/no\\\/\",\"name\":\"Primaverde\",\"description\":\"Covering material, protection, tapes, Beschermende materialen\",\"publisher\":{\"@id\":\"https:\\\/\\\/primaverde.com\\\/no\\\/#organization\"},\"potentialAction\":[{\"@type\":\"SearchAction\",\"target\":{\"@type\":\"EntryPoint\",\"urlTemplate\":\"https:\\\/\\\/primaverde.com\\\/no\\\/?s={search_term_string}\"},\"query-input\":{\"@type\":\"PropertyValueSpecification\",\"valueRequired\":true,\"valueName\":\"search_term_string\"}}],\"inLanguage\":\"nb-NO\"},{\"@type\":\"Organization\",\"@id\":\"https:\\\/\\\/primaverde.com\\\/no\\\/#organization\",\"name\":\"Primaverde B.V.\",\"url\":\"https:\\\/\\\/primaverde.com\\\/no\\\/\",\"logo\":{\"@type\":\"ImageObject\",\"inLanguage\":\"nb-NO\",\"@id\":\"https:\\\/\\\/primaverde.com\\\/no\\\/#\\\/schema\\\/logo\\\/image\\\/\",\"url\":\"https:\\\/\\\/primaverde.com\\\/wp-content\\\/uploads\\\/2015\\\/03\\\/Logo_Primaverde.jpg\",\"contentUrl\":\"https:\\\/\\\/primaverde.com\\\/wp-content\\\/uploads\\\/2015\\\/03\\\/Logo_Primaverde.jpg\",\"width\":1170,\"height\":212,\"caption\":\"Primaverde B.V.\"},\"image\":{\"@id\":\"https:\\\/\\\/primaverde.com\\\/no\\\/#\\\/schema\\\/logo\\\/image\\\/\"},\"sameAs\":[\"https:\\\/\\\/www.facebook.com\\\/PrimaverdeBV\\\/\",\"https:\\\/\\\/x.com\\\/PrimaverdeBV\",\"https:\\\/\\\/nl.linkedin.com\\\/company\\\/primaverde\",\"http:\\\/\\\/www.youtube.com\\\/channel\\\/UC3DwQqj8f8tatLdSFA0aWwA\"]}]}<\/script>\n<!-- \/ Yoast SEO Premium plugin. -->","yoast_head_json":{"title":"Ram Board Floor Protection - Primaverde","robots":{"index":"index","follow":"follow","max-snippet":"max-snippet:-1","max-image-preview":"max-image-preview:large","max-video-preview":"max-video-preview:-1"},"canonical":"https:\/\/primaverde.com\/no\/produkt\/ram-board-floor-protection\/","og_locale":"nb_NO","og_type":"article","og_title":"Ram Board Floor Protection","og_description":"Den slitesterke gulvbeskyttelsen for byggeplassenRam Board gulvbeskyttelse for byggeplassen. Ekstra sterk, ekstra slitesterk. Beskytter mot de t\u00f8ffeste jobbene. Passer for alle gulv, ogs\u00e5 nye. Ram Board er pustende, s\u00e5 mens gulvet er pansret, kan overflaten fortsette \u00e5 t\u00f8rke.Egenskaper:Slitesterk gulvbeskyttelseLaget av resirkulert pappRaskt \u00e5 leggeUnik veggbeskyttelse med Wall GuardUnik Vapor-Cure TeknologiFlex-Fiber Teknologi \u2013 fiberarmert strukturSpill Guard TeknologiResirkulert \/ ResirkulerbartFSC Sertifisert","og_url":"https:\/\/primaverde.com\/no\/produkt\/ram-board-floor-protection\/","og_site_name":"Primaverde","article_publisher":"https:\/\/www.facebook.com\/PrimaverdeBV\/","article_modified_time":"2026-04-15T13:40:12+00:00","og_image":[{"width":600,"height":600,"url":"https:\/\/primaverde.com\/wp-content\/uploads\/2021\/06\/RamBoard_floor_protection_vloerbescherming_afdekken_rol.jpg","type":"image\/jpeg"}],"twitter_card":"summary_large_image","twitter_site":"@PrimaverdeBV","schema":{"@context":"https:\/\/schema.org","@graph":[{"@type":"WebPage","@id":"https:\/\/primaverde.com\/no\/produkt\/ram-board-floor-protection\/","url":"https:\/\/primaverde.com\/no\/produkt\/ram-board-floor-protection\/","name":"Ram Board Floor Protection - Primaverde","isPartOf":{"@id":"https:\/\/primaverde.com\/no\/#website"},"primaryImageOfPage":{"@id":"https:\/\/primaverde.com\/no\/produkt\/ram-board-floor-protection\/#primaryimage"},"image":{"@id":"https:\/\/primaverde.com\/no\/produkt\/ram-board-floor-protection\/#primaryimage"},"thumbnailUrl":"https:\/\/primaverde.com\/wp-content\/uploads\/2024\/07\/FloorProtection_P0NZ_s06.png","datePublished":"2024-07-03T14:53:07+00:00","dateModified":"2026-04-15T13:40:12+00:00","breadcrumb":{"@id":"https:\/\/primaverde.com\/no\/produkt\/ram-board-floor-protection\/#breadcrumb"},"inLanguage":"nb-NO","potentialAction":[{"@type":"ReadAction","target":["https:\/\/primaverde.com\/no\/produkt\/ram-board-floor-protection\/"]}]},{"@type":"ImageObject","inLanguage":"nb-NO","@id":"https:\/\/primaverde.com\/no\/produkt\/ram-board-floor-protection\/#primaryimage","url":"https:\/\/primaverde.com\/wp-content\/uploads\/2024\/07\/FloorProtection_P0NZ_s06.png","contentUrl":"https:\/\/primaverde.com\/wp-content\/uploads\/2024\/07\/FloorProtection_P0NZ_s06.png","width":600,"height":600},{"@type":"BreadcrumbList","@id":"https:\/\/primaverde.com\/no\/produkt\/ram-board-floor-protection\/#breadcrumb","itemListElement":[{"@type":"ListItem","position":1,"name":"Home","item":"https:\/\/primaverde.com\/no\/"},{"@type":"ListItem","position":2,"name":"Shop","item":"https:\/\/primaverde.com\/no\/shop\/"},{"@type":"ListItem","position":3,"name":"Ram Board Floor Protection"}]},{"@type":"WebSite","@id":"https:\/\/primaverde.com\/no\/#website","url":"https:\/\/primaverde.com\/no\/","name":"Primaverde","description":"Covering material, protection, tapes, Beschermende materialen","publisher":{"@id":"https:\/\/primaverde.com\/no\/#organization"},"potentialAction":[{"@type":"SearchAction","target":{"@type":"EntryPoint","urlTemplate":"https:\/\/primaverde.com\/no\/?s={search_term_string}"},"query-input":{"@type":"PropertyValueSpecification","valueRequired":true,"valueName":"search_term_string"}}],"inLanguage":"nb-NO"},{"@type":"Organization","@id":"https:\/\/primaverde.com\/no\/#organization","name":"Primaverde B.V.","url":"https:\/\/primaverde.com\/no\/","logo":{"@type":"ImageObject","inLanguage":"nb-NO","@id":"https:\/\/primaverde.com\/no\/#\/schema\/logo\/image\/","url":"https:\/\/primaverde.com\/wp-content\/uploads\/2015\/03\/Logo_Primaverde.jpg","contentUrl":"https:\/\/primaverde.com\/wp-content\/uploads\/2015\/03\/Logo_Primaverde.jpg","width":1170,"height":212,"caption":"Primaverde B.V."},"image":{"@id":"https:\/\/primaverde.com\/no\/#\/schema\/logo\/image\/"},"sameAs":["https:\/\/www.facebook.com\/PrimaverdeBV\/","https:\/\/x.com\/PrimaverdeBV","https:\/\/nl.linkedin.com\/company\/primaverde","http:\/\/www.youtube.com\/channel\/UC3DwQqj8f8tatLdSFA0aWwA"]}]}},"_links":{"self":[{"href":"https:\/\/primaverde.com\/no\/wp-json\/wp\/v2\/product\/42912","targetHints":{"allow":["GET"]}}],"collection":[{"href":"https:\/\/primaverde.com\/no\/wp-json\/wp\/v2\/product"}],"about":[{"href":"https:\/\/primaverde.com\/no\/wp-json\/wp\/v2\/types\/product"}],"replies":[{"embeddable":true,"href":"https:\/\/primaverde.com\/no\/wp-json\/wp\/v2\/comments?post=42912"}],"wp:featuredmedia":[{"embeddable":true,"href":"https:\/\/primaverde.com\/no\/wp-json\/wp\/v2\/media\/45820"}],"wp:attachment":[{"href":"https:\/\/primaverde.com\/no\/wp-json\/wp\/v2\/media?parent=42912"}],"wp:term":[{"taxonomy":"product_brand","embeddable":true,"href":"https:\/\/primaverde.com\/no\/wp-json\/wp\/v2\/product_brand?post=42912"},{"taxonomy":"product_cat","embeddable":true,"href":"https:\/\/primaverde.com\/no\/wp-json\/wp\/v2\/product_cat?post=42912"},{"taxonomy":"product_tag","embeddable":true,"href":"https:\/\/primaverde.com\/no\/wp-json\/wp\/v2\/product_tag?post=42912"}],"curies":[{"name":"wp","href":"https:\/\/api.w.org\/{rel}","templated":true}]}}