{"id":43000,"date":"2024-07-04T11:00:16","date_gmt":"2024-07-04T10:00:16","guid":{"rendered":"https:\/\/primaverde.com\/product\/ram-board-seam-tape\/"},"modified":"2026-04-15T14:42:31","modified_gmt":"2026-04-15T13:42:31","slug":"ram-board-seam","status":"publish","type":"product","link":"https:\/\/primaverde.com\/no\/produkt\/ram-board-seam\/","title":{"rendered":"Ram Board Seam"},"content":{"rendered":"<h2>Kraftig monteringstape<\/h2>\n<p>Seam Tape er laget for \u00e5 holde sammenf\u00f8yningene til Ram Board sammen. Med en bredde p\u00e5 hele 7,6 cm blir dette en enkel oppgave. Det resirkulerbare underlaget gj\u00f8r tapen lett \u00e5 rive av.<\/p>\n<p><strong>Egenskaper:<\/strong><\/p>\n<ul>\n<li>Med en bredde p\u00e5 7.2 cm dekkes alle sammenf\u00f8yningene fra Ram Board<\/li>\n<li>Karftig vedheft<\/li>\n<li>Entrepren\u00f8rkvalitet, langvarig bruk<\/li>\n<li>Laget av resirkulert papir<\/li>\n<li>Lett \u00e5 bearbeide<\/li>\n<li>100 % resirkulerbart<\/li>\n<\/ul>\n","protected":false},"excerpt":{"rendered":"<h2>Kraftig monteringstape<\/h2>\n<p>Seam Tape er laget for \u00e5 holde sammenf\u00f8yningene til Ram Board sammen. Med en bredde p\u00e5 hele 7,6 cm blir dette en enkel oppgave. Det resirkulerbare underlaget gj\u00f8r tapen lett \u00e5 rive av.<\/p>\n<p><strong>Egenskaper:<\/strong><\/p>\n<ul>\n<li>Med en bredde p\u00e5 7.2 cm dekkes alle sammenf\u00f8yningene fra Ram Board<\/li>\n<li>Karftig vedheft<\/li>\n<li>Entrepren\u00f8rkvalitet, langvarig bruk<\/li>\n<li>Laget av resirkulert papir<\/li>\n<li>Lett \u00e5 bearbeide<\/li>\n<li>100 % resirkulerbart<\/li>\n<\/ul>\n","protected":false},"featured_media":45742,"comment_status":"closed","ping_status":"closed","template":"","meta":{"generate_page_header":""},"product_brand":[],"product_cat":[5741],"product_tag":[],"class_list":{"0":"post-43000","1":"product","2":"type-product","3":"status-publish","4":"has-post-thumbnail","6":"product_cat-ramboard","7":"infinite-scroll-item","8":"","9":"woocommerce-text-align-left","10":"woocommerce-image-align-center","11":"wc-has-gallery","13":"first","14":"instock","15":"shipping-taxable","16":"product-type-simple"},"yoast_head":"<!-- This site is optimized with the Yoast SEO Premium plugin v26.8 (Yoast SEO v27.4) - https:\/\/yoast.com\/product\/yoast-seo-premium-wordpress\/ -->\n<title>Ram Board Seam - Primaverde<\/title>\n<meta name=\"robots\" content=\"index, follow, max-snippet:-1, max-image-preview:large, max-video-preview:-1\" \/>\n<link rel=\"canonical\" href=\"https:\/\/primaverde.com\/no\/produkt\/ram-board-seam\/\" \/>\n<meta property=\"og:locale\" content=\"nb_NO\" \/>\n<meta property=\"og:type\" content=\"article\" \/>\n<meta property=\"og:title\" content=\"Ram Board Seam\" \/>\n<meta property=\"og:description\" content=\"Kraftig monteringstapeSeam Tape er laget for \u00e5 holde sammenf\u00f8yningene til Ram Board sammen. Med en bredde p\u00e5 hele 7,6 cm blir dette en enkel oppgave. Det resirkulerbare underlaget gj\u00f8r tapen lett \u00e5 rive av.Egenskaper:Med en bredde p\u00e5 7.2 cm dekkes alle sammenf\u00f8yningene fra Ram BoardKarftig vedheftEntrepren\u00f8rkvalitet, langvarig brukLaget av resirkulert papirLett \u00e5 bearbeide100 % resirkulerbart\" \/>\n<meta property=\"og:url\" content=\"https:\/\/primaverde.com\/no\/produkt\/ram-board-seam\/\" \/>\n<meta property=\"og:site_name\" content=\"Primaverde\" \/>\n<meta property=\"article:publisher\" content=\"https:\/\/www.facebook.com\/PrimaverdeBV\/\" \/>\n<meta property=\"article:modified_time\" content=\"2026-04-15T13:42:31+00:00\" \/>\n<meta property=\"og:image\" content=\"https:\/\/primaverde.com\/wp-content\/uploads\/2021\/05\/RamBoard_SeamTape_afplakken_vloer_naad_verbinden_rol.jpg\" \/>\n\t<meta property=\"og:image:width\" content=\"600\" \/>\n\t<meta property=\"og:image:height\" content=\"600\" \/>\n\t<meta property=\"og:image:type\" content=\"image\/jpeg\" \/>\n<meta name=\"twitter:card\" content=\"summary_large_image\" \/>\n<meta name=\"twitter:site\" content=\"@PrimaverdeBV\" \/>\n<meta name=\"twitter:label1\" content=\"Ansl. lesetid\" \/>\n\t<meta name=\"twitter:data1\" content=\"1 minutt\" \/>\n<script type=\"application\/ld+json\" class=\"yoast-schema-graph\">{\"@context\":\"https:\\\/\\\/schema.org\",\"@graph\":[{\"@type\":\"WebPage\",\"@id\":\"https:\\\/\\\/primaverde.com\\\/no\\\/produkt\\\/ram-board-seam\\\/\",\"url\":\"https:\\\/\\\/primaverde.com\\\/no\\\/produkt\\\/ram-board-seam\\\/\",\"name\":\"Ram Board Seam - Primaverde\",\"isPartOf\":{\"@id\":\"https:\\\/\\\/primaverde.com\\\/no\\\/#website\"},\"primaryImageOfPage\":{\"@id\":\"https:\\\/\\\/primaverde.com\\\/no\\\/produkt\\\/ram-board-seam\\\/#primaryimage\"},\"image\":{\"@id\":\"https:\\\/\\\/primaverde.com\\\/no\\\/produkt\\\/ram-board-seam\\\/#primaryimage\"},\"thumbnailUrl\":\"https:\\\/\\\/primaverde.com\\\/wp-content\\\/uploads\\\/2024\\\/07\\\/SeamTape_P0NZ_s02.png\",\"datePublished\":\"2024-07-04T10:00:16+00:00\",\"dateModified\":\"2026-04-15T13:42:31+00:00\",\"breadcrumb\":{\"@id\":\"https:\\\/\\\/primaverde.com\\\/no\\\/produkt\\\/ram-board-seam\\\/#breadcrumb\"},\"inLanguage\":\"nb-NO\",\"potentialAction\":[{\"@type\":\"ReadAction\",\"target\":[\"https:\\\/\\\/primaverde.com\\\/no\\\/produkt\\\/ram-board-seam\\\/\"]}]},{\"@type\":\"ImageObject\",\"inLanguage\":\"nb-NO\",\"@id\":\"https:\\\/\\\/primaverde.com\\\/no\\\/produkt\\\/ram-board-seam\\\/#primaryimage\",\"url\":\"https:\\\/\\\/primaverde.com\\\/wp-content\\\/uploads\\\/2024\\\/07\\\/SeamTape_P0NZ_s02.png\",\"contentUrl\":\"https:\\\/\\\/primaverde.com\\\/wp-content\\\/uploads\\\/2024\\\/07\\\/SeamTape_P0NZ_s02.png\",\"width\":600,\"height\":600},{\"@type\":\"BreadcrumbList\",\"@id\":\"https:\\\/\\\/primaverde.com\\\/no\\\/produkt\\\/ram-board-seam\\\/#breadcrumb\",\"itemListElement\":[{\"@type\":\"ListItem\",\"position\":1,\"name\":\"Home\",\"item\":\"https:\\\/\\\/primaverde.com\\\/no\\\/\"},{\"@type\":\"ListItem\",\"position\":2,\"name\":\"Shop\",\"item\":\"https:\\\/\\\/primaverde.com\\\/no\\\/shop\\\/\"},{\"@type\":\"ListItem\",\"position\":3,\"name\":\"Ram Board Seam\"}]},{\"@type\":\"WebSite\",\"@id\":\"https:\\\/\\\/primaverde.com\\\/no\\\/#website\",\"url\":\"https:\\\/\\\/primaverde.com\\\/no\\\/\",\"name\":\"Primaverde\",\"description\":\"Covering material, protection, tapes, Beschermende materialen\",\"publisher\":{\"@id\":\"https:\\\/\\\/primaverde.com\\\/no\\\/#organization\"},\"potentialAction\":[{\"@type\":\"SearchAction\",\"target\":{\"@type\":\"EntryPoint\",\"urlTemplate\":\"https:\\\/\\\/primaverde.com\\\/no\\\/?s={search_term_string}\"},\"query-input\":{\"@type\":\"PropertyValueSpecification\",\"valueRequired\":true,\"valueName\":\"search_term_string\"}}],\"inLanguage\":\"nb-NO\"},{\"@type\":\"Organization\",\"@id\":\"https:\\\/\\\/primaverde.com\\\/no\\\/#organization\",\"name\":\"Primaverde B.V.\",\"url\":\"https:\\\/\\\/primaverde.com\\\/no\\\/\",\"logo\":{\"@type\":\"ImageObject\",\"inLanguage\":\"nb-NO\",\"@id\":\"https:\\\/\\\/primaverde.com\\\/no\\\/#\\\/schema\\\/logo\\\/image\\\/\",\"url\":\"https:\\\/\\\/primaverde.com\\\/wp-content\\\/uploads\\\/2015\\\/03\\\/Logo_Primaverde.jpg\",\"contentUrl\":\"https:\\\/\\\/primaverde.com\\\/wp-content\\\/uploads\\\/2015\\\/03\\\/Logo_Primaverde.jpg\",\"width\":1170,\"height\":212,\"caption\":\"Primaverde B.V.\"},\"image\":{\"@id\":\"https:\\\/\\\/primaverde.com\\\/no\\\/#\\\/schema\\\/logo\\\/image\\\/\"},\"sameAs\":[\"https:\\\/\\\/www.facebook.com\\\/PrimaverdeBV\\\/\",\"https:\\\/\\\/x.com\\\/PrimaverdeBV\",\"https:\\\/\\\/nl.linkedin.com\\\/company\\\/primaverde\",\"http:\\\/\\\/www.youtube.com\\\/channel\\\/UC3DwQqj8f8tatLdSFA0aWwA\"]}]}<\/script>\n<!-- \/ Yoast SEO Premium plugin. -->","yoast_head_json":{"title":"Ram Board Seam - Primaverde","robots":{"index":"index","follow":"follow","max-snippet":"max-snippet:-1","max-image-preview":"max-image-preview:large","max-video-preview":"max-video-preview:-1"},"canonical":"https:\/\/primaverde.com\/no\/produkt\/ram-board-seam\/","og_locale":"nb_NO","og_type":"article","og_title":"Ram Board Seam","og_description":"Kraftig monteringstapeSeam Tape er laget for \u00e5 holde sammenf\u00f8yningene til Ram Board sammen. Med en bredde p\u00e5 hele 7,6 cm blir dette en enkel oppgave. Det resirkulerbare underlaget gj\u00f8r tapen lett \u00e5 rive av.Egenskaper:Med en bredde p\u00e5 7.2 cm dekkes alle sammenf\u00f8yningene fra Ram BoardKarftig vedheftEntrepren\u00f8rkvalitet, langvarig brukLaget av resirkulert papirLett \u00e5 bearbeide100 % resirkulerbart","og_url":"https:\/\/primaverde.com\/no\/produkt\/ram-board-seam\/","og_site_name":"Primaverde","article_publisher":"https:\/\/www.facebook.com\/PrimaverdeBV\/","article_modified_time":"2026-04-15T13:42:31+00:00","og_image":[{"width":600,"height":600,"url":"https:\/\/primaverde.com\/wp-content\/uploads\/2021\/05\/RamBoard_SeamTape_afplakken_vloer_naad_verbinden_rol.jpg","type":"image\/jpeg"}],"twitter_card":"summary_large_image","twitter_site":"@PrimaverdeBV","twitter_misc":{"Ansl. lesetid":"1 minutt"},"schema":{"@context":"https:\/\/schema.org","@graph":[{"@type":"WebPage","@id":"https:\/\/primaverde.com\/no\/produkt\/ram-board-seam\/","url":"https:\/\/primaverde.com\/no\/produkt\/ram-board-seam\/","name":"Ram Board Seam - Primaverde","isPartOf":{"@id":"https:\/\/primaverde.com\/no\/#website"},"primaryImageOfPage":{"@id":"https:\/\/primaverde.com\/no\/produkt\/ram-board-seam\/#primaryimage"},"image":{"@id":"https:\/\/primaverde.com\/no\/produkt\/ram-board-seam\/#primaryimage"},"thumbnailUrl":"https:\/\/primaverde.com\/wp-content\/uploads\/2024\/07\/SeamTape_P0NZ_s02.png","datePublished":"2024-07-04T10:00:16+00:00","dateModified":"2026-04-15T13:42:31+00:00","breadcrumb":{"@id":"https:\/\/primaverde.com\/no\/produkt\/ram-board-seam\/#breadcrumb"},"inLanguage":"nb-NO","potentialAction":[{"@type":"ReadAction","target":["https:\/\/primaverde.com\/no\/produkt\/ram-board-seam\/"]}]},{"@type":"ImageObject","inLanguage":"nb-NO","@id":"https:\/\/primaverde.com\/no\/produkt\/ram-board-seam\/#primaryimage","url":"https:\/\/primaverde.com\/wp-content\/uploads\/2024\/07\/SeamTape_P0NZ_s02.png","contentUrl":"https:\/\/primaverde.com\/wp-content\/uploads\/2024\/07\/SeamTape_P0NZ_s02.png","width":600,"height":600},{"@type":"BreadcrumbList","@id":"https:\/\/primaverde.com\/no\/produkt\/ram-board-seam\/#breadcrumb","itemListElement":[{"@type":"ListItem","position":1,"name":"Home","item":"https:\/\/primaverde.com\/no\/"},{"@type":"ListItem","position":2,"name":"Shop","item":"https:\/\/primaverde.com\/no\/shop\/"},{"@type":"ListItem","position":3,"name":"Ram Board Seam"}]},{"@type":"WebSite","@id":"https:\/\/primaverde.com\/no\/#website","url":"https:\/\/primaverde.com\/no\/","name":"Primaverde","description":"Covering material, protection, tapes, Beschermende materialen","publisher":{"@id":"https:\/\/primaverde.com\/no\/#organization"},"potentialAction":[{"@type":"SearchAction","target":{"@type":"EntryPoint","urlTemplate":"https:\/\/primaverde.com\/no\/?s={search_term_string}"},"query-input":{"@type":"PropertyValueSpecification","valueRequired":true,"valueName":"search_term_string"}}],"inLanguage":"nb-NO"},{"@type":"Organization","@id":"https:\/\/primaverde.com\/no\/#organization","name":"Primaverde B.V.","url":"https:\/\/primaverde.com\/no\/","logo":{"@type":"ImageObject","inLanguage":"nb-NO","@id":"https:\/\/primaverde.com\/no\/#\/schema\/logo\/image\/","url":"https:\/\/primaverde.com\/wp-content\/uploads\/2015\/03\/Logo_Primaverde.jpg","contentUrl":"https:\/\/primaverde.com\/wp-content\/uploads\/2015\/03\/Logo_Primaverde.jpg","width":1170,"height":212,"caption":"Primaverde B.V."},"image":{"@id":"https:\/\/primaverde.com\/no\/#\/schema\/logo\/image\/"},"sameAs":["https:\/\/www.facebook.com\/PrimaverdeBV\/","https:\/\/x.com\/PrimaverdeBV","https:\/\/nl.linkedin.com\/company\/primaverde","http:\/\/www.youtube.com\/channel\/UC3DwQqj8f8tatLdSFA0aWwA"]}]}},"_links":{"self":[{"href":"https:\/\/primaverde.com\/no\/wp-json\/wp\/v2\/product\/43000","targetHints":{"allow":["GET"]}}],"collection":[{"href":"https:\/\/primaverde.com\/no\/wp-json\/wp\/v2\/product"}],"about":[{"href":"https:\/\/primaverde.com\/no\/wp-json\/wp\/v2\/types\/product"}],"replies":[{"embeddable":true,"href":"https:\/\/primaverde.com\/no\/wp-json\/wp\/v2\/comments?post=43000"}],"wp:featuredmedia":[{"embeddable":true,"href":"https:\/\/primaverde.com\/no\/wp-json\/wp\/v2\/media\/45742"}],"wp:attachment":[{"href":"https:\/\/primaverde.com\/no\/wp-json\/wp\/v2\/media?parent=43000"}],"wp:term":[{"taxonomy":"product_brand","embeddable":true,"href":"https:\/\/primaverde.com\/no\/wp-json\/wp\/v2\/product_brand?post=43000"},{"taxonomy":"product_cat","embeddable":true,"href":"https:\/\/primaverde.com\/no\/wp-json\/wp\/v2\/product_cat?post=43000"},{"taxonomy":"product_tag","embeddable":true,"href":"https:\/\/primaverde.com\/no\/wp-json\/wp\/v2\/product_tag?post=43000"}],"curies":[{"name":"wp","href":"https:\/\/api.w.org\/{rel}","templated":true}]}}