{"id":43007,"date":"2024-07-04T10:57:30","date_gmt":"2024-07-04T09:57:30","guid":{"rendered":"https:\/\/primaverde.com\/product\/ram-board-edge-tape\/"},"modified":"2026-04-15T14:41:56","modified_gmt":"2026-04-15T13:41:56","slug":"ram-board-edge","status":"publish","type":"product","link":"https:\/\/primaverde.com\/no\/produkt\/ram-board-edge\/","title":{"rendered":"Ram Board Edge"},"content":{"rendered":"<h2>Maskeringstape som er lett \u00e5 fjerne<\/h2>\n<p>Med Edge Tape 14-Day limer du kantene p\u00e5 Ram Board Floor Protection til underlaget. Det spesialutviklede limet sikrer p\u00e5litelig heft. Edge Tape kan fjernes i l\u00f8pet av 14 dager uten \u00e5 etterlate limrester.<\/p>\n<p><strong>Egenskaper:<\/strong><\/p>\n<ul>\n<li>Med en bredde p\u00e5 63 mm er den lett \u00e5 p\u00e5f\u00f8re<\/li>\n<li>Kleber seg godt fast til Ram Board<\/li>\n<li>Oransje farge gj\u00f8r det lett \u00e5 se gulvkanten<\/li>\n<li>Kan fjernes uten rester<\/li>\n<\/ul>\n","protected":false},"excerpt":{"rendered":"<h2>Maskeringstape som er lett \u00e5 fjerne<\/h2>\n<p>Med Edge Tape 14-Day limer du kantene p\u00e5 Ram Board Floor Protection til underlaget. Det spesialutviklede limet sikrer p\u00e5litelig heft. Edge Tape kan fjernes i l\u00f8pet av 14 dager uten \u00e5 etterlate limrester.<\/p>\n<p><strong>Egenskaper:<\/strong><\/p>\n<ul>\n<li>Med en bredde p\u00e5 63 mm er den lett \u00e5 p\u00e5f\u00f8re<\/li>\n<li>Kleber seg godt fast til Ram Board<\/li>\n<li>Oransje farge gj\u00f8r det lett \u00e5 se gulvkanten<\/li>\n<li>Kan fjernes uten rester<\/li>\n<\/ul>\n","protected":false},"featured_media":45834,"comment_status":"closed","ping_status":"closed","template":"","meta":{"generate_page_header":""},"product_brand":[],"product_cat":[5741],"product_tag":[],"class_list":{"0":"post-43007","1":"product","2":"type-product","3":"status-publish","4":"has-post-thumbnail","6":"product_cat-ramboard","7":"infinite-scroll-item","8":"","9":"woocommerce-text-align-left","10":"woocommerce-image-align-center","11":"wc-has-gallery","13":"first","14":"instock","15":"shipping-taxable","16":"product-type-simple"},"yoast_head":"<!-- This site is optimized with the Yoast SEO Premium plugin v26.8 (Yoast SEO v27.4) - https:\/\/yoast.com\/product\/yoast-seo-premium-wordpress\/ -->\n<title>Ram Board Edge - Primaverde<\/title>\n<meta name=\"robots\" content=\"index, follow, max-snippet:-1, max-image-preview:large, max-video-preview:-1\" \/>\n<link rel=\"canonical\" href=\"https:\/\/primaverde.com\/no\/produkt\/ram-board-edge\/\" \/>\n<meta property=\"og:locale\" content=\"nb_NO\" \/>\n<meta property=\"og:type\" content=\"article\" \/>\n<meta property=\"og:title\" content=\"Ram Board Edge\" \/>\n<meta property=\"og:description\" content=\"Maskeringstape som er lett \u00e5 fjerneMed Edge Tape 14-Day limer du kantene p\u00e5 Ram Board Floor Protection til underlaget. Det spesialutviklede limet sikrer p\u00e5litelig heft. Edge Tape kan fjernes i l\u00f8pet av 14 dager uten \u00e5 etterlate limrester.Egenskaper:Med en bredde p\u00e5 63 mm er den lett \u00e5 p\u00e5f\u00f8reKleber seg godt fast til Ram BoardOransje farge gj\u00f8r det lett \u00e5 se gulvkantenKan fjernes uten rester\" \/>\n<meta property=\"og:url\" content=\"https:\/\/primaverde.com\/no\/produkt\/ram-board-edge\/\" \/>\n<meta property=\"og:site_name\" content=\"Primaverde\" \/>\n<meta property=\"article:publisher\" content=\"https:\/\/www.facebook.com\/PrimaverdeBV\/\" \/>\n<meta property=\"article:modified_time\" content=\"2026-04-15T13:41:56+00:00\" \/>\n<meta property=\"og:image\" content=\"https:\/\/primaverde.com\/wp-content\/uploads\/2024\/07\/EdgeTape14Day_P0NZ_s02.png\" \/>\n\t<meta property=\"og:image:width\" content=\"600\" \/>\n\t<meta property=\"og:image:height\" content=\"600\" \/>\n\t<meta property=\"og:image:type\" content=\"image\/png\" \/>\n<meta name=\"twitter:card\" content=\"summary_large_image\" \/>\n<meta name=\"twitter:site\" content=\"@PrimaverdeBV\" \/>\n<meta name=\"twitter:label1\" content=\"Ansl. lesetid\" \/>\n\t<meta name=\"twitter:data1\" content=\"1 minutt\" \/>\n<script type=\"application\/ld+json\" class=\"yoast-schema-graph\">{\"@context\":\"https:\\\/\\\/schema.org\",\"@graph\":[{\"@type\":\"WebPage\",\"@id\":\"https:\\\/\\\/primaverde.com\\\/no\\\/produkt\\\/ram-board-edge\\\/\",\"url\":\"https:\\\/\\\/primaverde.com\\\/no\\\/produkt\\\/ram-board-edge\\\/\",\"name\":\"Ram Board Edge - Primaverde\",\"isPartOf\":{\"@id\":\"https:\\\/\\\/primaverde.com\\\/no\\\/#website\"},\"primaryImageOfPage\":{\"@id\":\"https:\\\/\\\/primaverde.com\\\/no\\\/produkt\\\/ram-board-edge\\\/#primaryimage\"},\"image\":{\"@id\":\"https:\\\/\\\/primaverde.com\\\/no\\\/produkt\\\/ram-board-edge\\\/#primaryimage\"},\"thumbnailUrl\":\"https:\\\/\\\/primaverde.com\\\/wp-content\\\/uploads\\\/2024\\\/07\\\/EdgeTape14Day_P0NZ_s02.png\",\"datePublished\":\"2024-07-04T09:57:30+00:00\",\"dateModified\":\"2026-04-15T13:41:56+00:00\",\"breadcrumb\":{\"@id\":\"https:\\\/\\\/primaverde.com\\\/no\\\/produkt\\\/ram-board-edge\\\/#breadcrumb\"},\"inLanguage\":\"nb-NO\",\"potentialAction\":[{\"@type\":\"ReadAction\",\"target\":[\"https:\\\/\\\/primaverde.com\\\/no\\\/produkt\\\/ram-board-edge\\\/\"]}]},{\"@type\":\"ImageObject\",\"inLanguage\":\"nb-NO\",\"@id\":\"https:\\\/\\\/primaverde.com\\\/no\\\/produkt\\\/ram-board-edge\\\/#primaryimage\",\"url\":\"https:\\\/\\\/primaverde.com\\\/wp-content\\\/uploads\\\/2024\\\/07\\\/EdgeTape14Day_P0NZ_s02.png\",\"contentUrl\":\"https:\\\/\\\/primaverde.com\\\/wp-content\\\/uploads\\\/2024\\\/07\\\/EdgeTape14Day_P0NZ_s02.png\",\"width\":600,\"height\":600},{\"@type\":\"BreadcrumbList\",\"@id\":\"https:\\\/\\\/primaverde.com\\\/no\\\/produkt\\\/ram-board-edge\\\/#breadcrumb\",\"itemListElement\":[{\"@type\":\"ListItem\",\"position\":1,\"name\":\"Home\",\"item\":\"https:\\\/\\\/primaverde.com\\\/no\\\/\"},{\"@type\":\"ListItem\",\"position\":2,\"name\":\"Shop\",\"item\":\"https:\\\/\\\/primaverde.com\\\/no\\\/shop\\\/\"},{\"@type\":\"ListItem\",\"position\":3,\"name\":\"Ram Board Edge\"}]},{\"@type\":\"WebSite\",\"@id\":\"https:\\\/\\\/primaverde.com\\\/no\\\/#website\",\"url\":\"https:\\\/\\\/primaverde.com\\\/no\\\/\",\"name\":\"Primaverde\",\"description\":\"Covering material, protection, tapes, Beschermende materialen\",\"publisher\":{\"@id\":\"https:\\\/\\\/primaverde.com\\\/no\\\/#organization\"},\"potentialAction\":[{\"@type\":\"SearchAction\",\"target\":{\"@type\":\"EntryPoint\",\"urlTemplate\":\"https:\\\/\\\/primaverde.com\\\/no\\\/?s={search_term_string}\"},\"query-input\":{\"@type\":\"PropertyValueSpecification\",\"valueRequired\":true,\"valueName\":\"search_term_string\"}}],\"inLanguage\":\"nb-NO\"},{\"@type\":\"Organization\",\"@id\":\"https:\\\/\\\/primaverde.com\\\/no\\\/#organization\",\"name\":\"Primaverde B.V.\",\"url\":\"https:\\\/\\\/primaverde.com\\\/no\\\/\",\"logo\":{\"@type\":\"ImageObject\",\"inLanguage\":\"nb-NO\",\"@id\":\"https:\\\/\\\/primaverde.com\\\/no\\\/#\\\/schema\\\/logo\\\/image\\\/\",\"url\":\"https:\\\/\\\/primaverde.com\\\/wp-content\\\/uploads\\\/2015\\\/03\\\/Logo_Primaverde.jpg\",\"contentUrl\":\"https:\\\/\\\/primaverde.com\\\/wp-content\\\/uploads\\\/2015\\\/03\\\/Logo_Primaverde.jpg\",\"width\":1170,\"height\":212,\"caption\":\"Primaverde B.V.\"},\"image\":{\"@id\":\"https:\\\/\\\/primaverde.com\\\/no\\\/#\\\/schema\\\/logo\\\/image\\\/\"},\"sameAs\":[\"https:\\\/\\\/www.facebook.com\\\/PrimaverdeBV\\\/\",\"https:\\\/\\\/x.com\\\/PrimaverdeBV\",\"https:\\\/\\\/nl.linkedin.com\\\/company\\\/primaverde\",\"http:\\\/\\\/www.youtube.com\\\/channel\\\/UC3DwQqj8f8tatLdSFA0aWwA\"]}]}<\/script>\n<!-- \/ Yoast SEO Premium plugin. -->","yoast_head_json":{"title":"Ram Board Edge - Primaverde","robots":{"index":"index","follow":"follow","max-snippet":"max-snippet:-1","max-image-preview":"max-image-preview:large","max-video-preview":"max-video-preview:-1"},"canonical":"https:\/\/primaverde.com\/no\/produkt\/ram-board-edge\/","og_locale":"nb_NO","og_type":"article","og_title":"Ram Board Edge","og_description":"Maskeringstape som er lett \u00e5 fjerneMed Edge Tape 14-Day limer du kantene p\u00e5 Ram Board Floor Protection til underlaget. Det spesialutviklede limet sikrer p\u00e5litelig heft. Edge Tape kan fjernes i l\u00f8pet av 14 dager uten \u00e5 etterlate limrester.Egenskaper:Med en bredde p\u00e5 63 mm er den lett \u00e5 p\u00e5f\u00f8reKleber seg godt fast til Ram BoardOransje farge gj\u00f8r det lett \u00e5 se gulvkantenKan fjernes uten rester","og_url":"https:\/\/primaverde.com\/no\/produkt\/ram-board-edge\/","og_site_name":"Primaverde","article_publisher":"https:\/\/www.facebook.com\/PrimaverdeBV\/","article_modified_time":"2026-04-15T13:41:56+00:00","og_image":[{"width":600,"height":600,"url":"https:\/\/primaverde.com\/wp-content\/uploads\/2024\/07\/EdgeTape14Day_P0NZ_s02.png","type":"image\/png"}],"twitter_card":"summary_large_image","twitter_site":"@PrimaverdeBV","twitter_misc":{"Ansl. lesetid":"1 minutt"},"schema":{"@context":"https:\/\/schema.org","@graph":[{"@type":"WebPage","@id":"https:\/\/primaverde.com\/no\/produkt\/ram-board-edge\/","url":"https:\/\/primaverde.com\/no\/produkt\/ram-board-edge\/","name":"Ram Board Edge - Primaverde","isPartOf":{"@id":"https:\/\/primaverde.com\/no\/#website"},"primaryImageOfPage":{"@id":"https:\/\/primaverde.com\/no\/produkt\/ram-board-edge\/#primaryimage"},"image":{"@id":"https:\/\/primaverde.com\/no\/produkt\/ram-board-edge\/#primaryimage"},"thumbnailUrl":"https:\/\/primaverde.com\/wp-content\/uploads\/2024\/07\/EdgeTape14Day_P0NZ_s02.png","datePublished":"2024-07-04T09:57:30+00:00","dateModified":"2026-04-15T13:41:56+00:00","breadcrumb":{"@id":"https:\/\/primaverde.com\/no\/produkt\/ram-board-edge\/#breadcrumb"},"inLanguage":"nb-NO","potentialAction":[{"@type":"ReadAction","target":["https:\/\/primaverde.com\/no\/produkt\/ram-board-edge\/"]}]},{"@type":"ImageObject","inLanguage":"nb-NO","@id":"https:\/\/primaverde.com\/no\/produkt\/ram-board-edge\/#primaryimage","url":"https:\/\/primaverde.com\/wp-content\/uploads\/2024\/07\/EdgeTape14Day_P0NZ_s02.png","contentUrl":"https:\/\/primaverde.com\/wp-content\/uploads\/2024\/07\/EdgeTape14Day_P0NZ_s02.png","width":600,"height":600},{"@type":"BreadcrumbList","@id":"https:\/\/primaverde.com\/no\/produkt\/ram-board-edge\/#breadcrumb","itemListElement":[{"@type":"ListItem","position":1,"name":"Home","item":"https:\/\/primaverde.com\/no\/"},{"@type":"ListItem","position":2,"name":"Shop","item":"https:\/\/primaverde.com\/no\/shop\/"},{"@type":"ListItem","position":3,"name":"Ram Board Edge"}]},{"@type":"WebSite","@id":"https:\/\/primaverde.com\/no\/#website","url":"https:\/\/primaverde.com\/no\/","name":"Primaverde","description":"Covering material, protection, tapes, Beschermende materialen","publisher":{"@id":"https:\/\/primaverde.com\/no\/#organization"},"potentialAction":[{"@type":"SearchAction","target":{"@type":"EntryPoint","urlTemplate":"https:\/\/primaverde.com\/no\/?s={search_term_string}"},"query-input":{"@type":"PropertyValueSpecification","valueRequired":true,"valueName":"search_term_string"}}],"inLanguage":"nb-NO"},{"@type":"Organization","@id":"https:\/\/primaverde.com\/no\/#organization","name":"Primaverde B.V.","url":"https:\/\/primaverde.com\/no\/","logo":{"@type":"ImageObject","inLanguage":"nb-NO","@id":"https:\/\/primaverde.com\/no\/#\/schema\/logo\/image\/","url":"https:\/\/primaverde.com\/wp-content\/uploads\/2015\/03\/Logo_Primaverde.jpg","contentUrl":"https:\/\/primaverde.com\/wp-content\/uploads\/2015\/03\/Logo_Primaverde.jpg","width":1170,"height":212,"caption":"Primaverde B.V."},"image":{"@id":"https:\/\/primaverde.com\/no\/#\/schema\/logo\/image\/"},"sameAs":["https:\/\/www.facebook.com\/PrimaverdeBV\/","https:\/\/x.com\/PrimaverdeBV","https:\/\/nl.linkedin.com\/company\/primaverde","http:\/\/www.youtube.com\/channel\/UC3DwQqj8f8tatLdSFA0aWwA"]}]}},"_links":{"self":[{"href":"https:\/\/primaverde.com\/no\/wp-json\/wp\/v2\/product\/43007","targetHints":{"allow":["GET"]}}],"collection":[{"href":"https:\/\/primaverde.com\/no\/wp-json\/wp\/v2\/product"}],"about":[{"href":"https:\/\/primaverde.com\/no\/wp-json\/wp\/v2\/types\/product"}],"replies":[{"embeddable":true,"href":"https:\/\/primaverde.com\/no\/wp-json\/wp\/v2\/comments?post=43007"}],"wp:featuredmedia":[{"embeddable":true,"href":"https:\/\/primaverde.com\/no\/wp-json\/wp\/v2\/media\/45834"}],"wp:attachment":[{"href":"https:\/\/primaverde.com\/no\/wp-json\/wp\/v2\/media?parent=43007"}],"wp:term":[{"taxonomy":"product_brand","embeddable":true,"href":"https:\/\/primaverde.com\/no\/wp-json\/wp\/v2\/product_brand?post=43007"},{"taxonomy":"product_cat","embeddable":true,"href":"https:\/\/primaverde.com\/no\/wp-json\/wp\/v2\/product_cat?post=43007"},{"taxonomy":"product_tag","embeddable":true,"href":"https:\/\/primaverde.com\/no\/wp-json\/wp\/v2\/product_tag?post=43007"}],"curies":[{"name":"wp","href":"https:\/\/api.w.org\/{rel}","templated":true}]}}