{"id":41969,"date":"2015-03-25T22:21:53","date_gmt":"2015-03-25T22:21:53","guid":{"rendered":"https:\/\/primaverde.com\/primaverde-4\/"},"modified":"2026-01-23T12:09:31","modified_gmt":"2026-01-23T11:09:31","slug":"primaverde-4","status":"publish","type":"page","link":"https:\/\/primaverde.com\/pl\/","title":{"rendered":"Primaverde"},"content":{"rendered":"\n<h1 class=\"wp-block-heading has-text-align-center\" id=\"h-primaverde-czysta-bezpieczna-i-bezpylowa-praca\"><a href=\"Primaverde: czysta, bezpieczna i bezpy\u0142owa praca\">Primaverde: <\/a>czysta, bezpieczna i bezpy\u0142owa praca<\/h1>\n\n\n\n<p><\/p>\n\n\n\n<h2 class=\"wp-block-heading has-text-align-center\" id=\"h-wloknina-ochronna-folia-ochronna-sciana-przeciwpylowa-drzwi-przeciwpylowe-narzedzia-do-spoin-i-tasmy-budowlane-oraz-remontowe\">W\u0142\u00f3knina ochronna, folia ochronna, \u015bciana przeciwpy\u0142owa, drzwi przeciwpy\u0142owe, narz\u0119dzia do spoin i ta\u015bmy budowlane oraz remontowe<\/h2>\n\n\n\n<h3 class=\"wp-block-heading\" id=\"h-firmy-budowlane-i-remontowe-unikaja-wydatkow-zwiazanych-z-naprawami-dzieki-asortymentowi-produktow-primaverde\">Firmy budowlane i remontowe unikaj\u0105 wydatk\u00f3w zwi\u0105zanych z naprawami dzi\u0119ki asortymentowi produkt\u00f3w Primaverde!<\/h3>\n\n\n\n<p>Firmy budowlane i remontowe mog\u0105 jeszcze lepiej chroni\u0107 si\u0119 przed wydatkami zwi\u0105zanymi z naprawami. Uszkodzenia posadzek, schod\u00f3w czy okien nie tylko prowadz\u0105 do spor\u00f3w dotycz\u0105cych odszkodowa\u0144, lecz tak\u017ce op\u00f3\u017aniaj\u0105 realizacj\u0119 prac. Firma Primaverde BV oferuje bogaty asortyment niezawodnych produkt\u00f3w umo\u017cliwiaj\u0105cych czyst\u0105 i bezpieczn\u0105 prac\u0119. S\u0105 to np. w\u0142\u00f3knina ochronna, folia ochronna, drzwi przeciwpy\u0142owe czy mata klej\u0105ca, a tak\u017ce ta\u015bmy czy por\u0119czne narz\u0119dzia do spoin.<\/p>\n\n\n\n<div class=\"wp-block-columns has-3-columns is-layout-flex wp-container-core-columns-is-layout-9d6595d7 wp-block-columns-is-layout-flex\">\n<div class=\"wp-block-column is-layout-flow wp-block-column-is-layout-flow\">\n<h3 class=\"wp-block-heading\" id=\"h-niezawodne-produkty-najlepszych-marek\">Niezawodne produkty najlepszych marek<\/h3>\n\n\n\n<p>Niezawodne produkty najwy\u017cszej klasy marek Primaverde wyr\u00f3\u017cniaj\u0105 si\u0119 innowacyjno\u015bci\u0105 i efektywno\u015bci\u0105. Nasze materia\u0142 ochronna , systemy chroni\u0105ce przed py\u0142em, narz\u0119dzia i rozwi\u0105zania ka\u017cdego dnia na nowo sprawdzaj\u0105 si\u0119 w praktyce: na przyk\u0142ad w profesjonalnych projektach budowlanych i remontowych, jak i w wielu innych zastosowaniach.<\/p>\n\n\n\n<h3 class=\"wp-block-heading\" id=\"h-primacover-ram-board-curtain-wall-i-wiele-innych-marek\">PrimaCover, Ram Board, Curtain-Wall i wiele innych marek:<\/h3>\n\n\n\n<ul class=\"wp-block-list\">\n<li>Materia\u0142 ochronna i drzwi wielorazowe \u015bcianaprzeciwpy\u0142owe <a href=\"https:\/\/primacover.com\/pl\/\">PrimaCover<\/a><\/li>\n\n\n\n<li>Materia\u0142 ochronna <a href=\"https:\/\/primaverde.com\/ram-board\/\">Ram Board<\/a><\/li>\n\n\n\n<li>Narz\u0119dzia do spoin <a href=\"https:\/\/primaverde.com\/fugenmeister\/\">FugenMeister<\/a><\/li>\n<\/ul>\n<\/div>\n\n\n\n<div class=\"wp-block-column is-layout-flow wp-block-column-is-layout-flow\">\n<h3 class=\"wp-block-heading\" id=\"h-wsparcie-techniczne-i-handlowe\">Wsparcie techniczne i handlowe<\/h3>\n\n\n\n<p>Odbiorcy Primaverde to przede wszystkim specjalistyczne hurtownie obs\u0142uguj\u0105ce bran\u017c\u0119 budowlan\u0105, remontow\u0105 i konserwatorsk\u0105, np. hurtownie materia\u0142\u00f3w \u017celaznych, profesjonalne markety budowlane czy specjalistyczne sklepy z farbami.<\/p>\n\n\n\n<p>Dla firmy Primaverde sprzeda\u017c jest sukcesem dopiero w\u00f3wczas, gdy nasi odbiorcy oraz ich klienci s\u0105 zadowoleni. Dlatego zatrudniamy osoby z praktycznym do\u015bwiadczeniem budowlanym, remontowym i konserwatorskim. Opr\u00f3cz przemy\u015blanego asortymentu wysokiej jako\u015bci oferujemy naszym klientom wsparcie techniczne i handlowe, np. w zakresie skomponowania asortymentu, doradztwa praktycznego w odniesieniu do szczeg\u00f3lnych projekt\u00f3w oraz dost\u0119pnego wewn\u0119trznego personelu sprzeda\u017cowego.<\/p>\n<\/div>\n\n\n\n<div class=\"wp-block-column is-layout-flow wp-block-column-is-layout-flow\">\n<figure class=\"wp-block-image size-full\"><img loading=\"lazy\" decoding=\"async\" width=\"600\" height=\"399\" src=\"https:\/\/primaverde.com\/wp-content\/uploads\/2023\/12\/primaverde_czysta_i_bezpieczna_praca_PL-1.jpg\" alt=\"Czysta i bezpieczna praca\" class=\"wp-image-42092\" srcset=\"https:\/\/primaverde.com\/wp-content\/uploads\/2023\/12\/primaverde_czysta_i_bezpieczna_praca_PL-1.jpg 600w, https:\/\/primaverde.com\/wp-content\/uploads\/2023\/12\/primaverde_czysta_i_bezpieczna_praca_PL-1-300x200.jpg 300w\" sizes=\"auto, (max-width: 600px) 100vw, 600px\" \/><\/figure>\n<\/div>\n<\/div>\n\n\n\n<div class=\"wp-block-columns has-2-columns promo is-layout-flex wp-container-core-columns-is-layout-9d6595d7 wp-block-columns-is-layout-flex\">\n<div class=\"wp-block-column is-layout-flow wp-block-column-is-layout-flow\">\n<div class=\"wp-block-media-text alignwide has-media-on-the-right is-stacked-on-mobile has-background\" style=\"background-color:#ffffff\"><div class=\"wp-block-media-text__content\">\n<h3 class=\"wp-block-heading h3-promo red\" id=\"h-dostawa-w-oparciu-o-profesjonalny-handel-specjalistyczny\">Dostawa w oparciu o profesjonalny handel specjalistyczny<\/h3>\n\n\n\n<p><\/p>\n<\/div><figure class=\"wp-block-media-text__media\"><img loading=\"lazy\" decoding=\"async\" width=\"600\" height=\"600\" src=\"https:\/\/primaverde.com\/wp-content\/uploads\/2018\/10\/Afb_PC_Evapo_600x600px_.jpg\" alt=\"PrimaCover Evapo op houten vloeren en andere gevoelige ondergronden\" class=\"wp-image-5170 size-full\" srcset=\"https:\/\/primaverde.com\/wp-content\/uploads\/2018\/10\/Afb_PC_Evapo_600x600px_.jpg 600w, https:\/\/primaverde.com\/wp-content\/uploads\/2018\/10\/Afb_PC_Evapo_600x600px_-300x300.jpg 300w, https:\/\/primaverde.com\/wp-content\/uploads\/2018\/10\/Afb_PC_Evapo_600x600px_-100x100.jpg 100w\" sizes=\"auto, (max-width: 600px) 100vw, 600px\" \/><\/figure><\/div>\n<\/div>\n\n\n\n<div class=\"wp-block-column align_vertical is-layout-flow wp-block-column-is-layout-flow\">\n<p><\/p>\n\n\n\n<h3 class=\"wp-block-heading has-text-align-left h3-promo wit\" id=\"h-nasze-produkty-daja-pewnosc\">Nasze produkty daj\u0105 pewno\u015b\u0107<\/h3>\n\n\n\n<p class=\"has-text-color\" style=\"color:#ffffff\">To, jak wa\u017cne jest zabezpieczenie pod\u0142o\u017cy oraz otoczenia w trakcie prac, okazuje si\u0119 dopiero w\u00f3wczas, gdy plama z farby pojawia si\u0119 tam, gdzie nie powinna. Albo gdy przewr\u00f3ci si\u0119 kanister z olejem. Nasze produkty s\u0105 ka\u017cdego dnia stosowane na budowach i statkach, w mieszkaniach, szpitalach, obiektach zabytkowych czy muzeach.&nbsp;Nasze produkty daj\u0105 pewno\u015b\u0107. Co mo\u017cemy dla Pa\u0144stwa zrobi\u0107?&nbsp;Prosimy o kontakt!<\/p>\n<\/div>\n<\/div>\n\n\n\n<p><\/p>\n\n\n\n<div class=\"wp-block-columns has-3-columns is-layout-flex wp-container-core-columns-is-layout-9d6595d7 wp-block-columns-is-layout-flex\">\n<div class=\"wp-block-column is-layout-flow wp-block-column-is-layout-flow\">\n<h3 class=\"wp-block-heading\" id=\"h-w-tych-branzach-dziala-firma-primaverde\">W tych bran\u017cach dzia\u0142a firma Primaverde<\/h3>\n\n\n\n<p>Doradcy sprzeda\u017cowi z firmy Primaverde codziennie ruszaj\u0105 w drog\u0119, by udziela\u0107 wsparcia technicznego i handlowego. Wiedz\u0105 oni wszystko o ochronie pod\u0142o\u017cy (posadzek, schod\u00f3w czy okien) oraz o bezpy\u0142owej pracy. Firma Primaverde dzia\u0142a w nast\u0119puj\u0105cych bran\u017cach:<\/p>\n\n\n\n<ul class=\"wp-block-list\">\n<li>Budownictwo<\/li>\n\n\n\n<li>Remonty<\/li>\n\n\n\n<li>Wyko\u0144czenia<\/li>\n\n\n\n<li>Przebudowy<\/li>\n\n\n\n<li>Prace malarskie<\/li>\n\n\n\n<li>Majsterkowanie<\/li>\n\n\n\n<li>Utrzymanie techniczne<\/li>\n\n\n\n<li>Imprezy<\/li>\n\n\n\n<li>Bran\u017ca morska<\/li>\n\n\n\n<li>itd.<\/li>\n<\/ul>\n<\/div>\n\n\n\n<div class=\"wp-block-column is-layout-flow wp-block-column-is-layout-flow\">\n<h3 class=\"wp-block-heading\" id=\"h-nasza-marka-czy-panstwa-marka-wlasna\">Nasza marka czy Pa\u0144stwa marka w\u0142asna?<\/h3>\n\n\n\n<p>Primaverde mo\u017ce wyprodukowa\u0107 wiele produkt\u00f3w, jak np. materia\u0142 ochronna, dla Pa\u0144stwa, w oparciu o Pa\u0144stwa specjalne \u017cyczenia, z personalizacj\u0105 lub bez. Co s\u0105dz\u0105 Pa\u0144stwo o marce w\u0142asnej (private label), w ramach kt\u00f3rej dostarczane materia\u0142y s\u0105 tworzone w pe\u0142ni w oparciu o Pa\u0144stwa specyfikacje i opatrzone Pa\u0144stwa w\u0142asn\u0105 identyfikacj\u0105?<\/p>\n<\/div>\n\n\n\n<div class=\"wp-block-column is-layout-flow wp-block-column-is-layout-flow\">\n<figure class=\"wp-block-image\"><img loading=\"lazy\" decoding=\"async\" width=\"600\" height=\"399\" src=\"https:\/\/primaverde.com\/wp-content\/uploads\/2015\/03\/Primaverde17_presentatie_PrimaCover.jpg\" alt=\"Primaverde presentatie PrimaCover\" class=\"wp-image-2633\" srcset=\"https:\/\/primaverde.com\/wp-content\/uploads\/2015\/03\/Primaverde17_presentatie_PrimaCover.jpg 600w, https:\/\/primaverde.com\/wp-content\/uploads\/2015\/03\/Primaverde17_presentatie_PrimaCover-300x200.jpg 300w, https:\/\/primaverde.com\/wp-content\/uploads\/2015\/03\/Primaverde17_presentatie_PrimaCover-272x182.jpg 272w\" sizes=\"auto, (max-width: 600px) 100vw, 600px\" \/><\/figure>\n<\/div>\n<\/div>\n\n\n\n<h2 class=\"wp-block-heading\" id=\"h-\"><\/h2>\n\n\n\n<div class=\"wp-block-columns alignfull has-5-columns wit is-layout-flex wp-container-core-columns-is-layout-9d6595d7 wp-block-columns-is-layout-flex\">\n<div class=\"wp-block-column is-vertically-aligned-center is-layout-flow wp-block-column-is-layout-flow\"><div class=\"wp-block-image\">\n<figure class=\"aligncenter\"><a href=\"https:\/\/primaverde.com\/primacover\/\"><img loading=\"lazy\" decoding=\"async\" width=\"194\" height=\"49\" src=\"https:\/\/primaverde.com\/wp-content\/uploads\/2016\/06\/Logo-PrimaCover-grijs_2-6.png\" alt=\"PrimaCover logo grijs\" class=\"wp-image-4253\" srcset=\"https:\/\/primaverde.com\/wp-content\/uploads\/2016\/06\/Logo-PrimaCover-grijs_2-6.png 194w, https:\/\/primaverde.com\/wp-content\/uploads\/2016\/06\/Logo-PrimaCover-grijs_2-6-31x8.png 31w\" sizes=\"auto, (max-width: 194px) 100vw, 194px\" \/><\/a><\/figure>\n<\/div><\/div>\n\n\n\n<div class=\"wp-block-column is-vertically-aligned-center is-layout-flow wp-block-column-is-layout-flow\"><div class=\"wp-block-image\">\n<figure class=\"aligncenter size-large\"><a href=\"https:\/\/primaverde.com\/ram-board\/\"><img loading=\"lazy\" decoding=\"async\" width=\"200\" height=\"60\" src=\"https:\/\/primaverde.com\/wp-content\/uploads\/2018\/12\/Ram-Board.png\" alt=\"Ram Board Primaverde\" class=\"wp-image-30938\"\/><\/a><\/figure>\n<\/div><\/div>\n\n\n\n<div class=\"wp-block-column is-vertically-aligned-center is-layout-flow wp-block-column-is-layout-flow\"><div class=\"wp-block-image\">\n<figure class=\"aligncenter\"><a href=\"https:\/\/primaverde.com\/fugenmeister\/\"><img loading=\"lazy\" decoding=\"async\" width=\"200\" height=\"60\" src=\"https:\/\/primaverde.com\/wp-content\/uploads\/2015\/04\/fugenmeister.png\" alt=\"Fugenmeister logo grijs\" class=\"wp-image-2838\"\/><\/a><\/figure>\n<\/div><\/div>\n<\/div>\n\n\n\n<p><\/p>\n","protected":false},"excerpt":{"rendered":"<p>Primaverde: czysta, bezpieczna i bezpy\u0142owa praca W\u0142\u00f3knina ochronna, folia ochronna, \u015bciana przeciwpy\u0142owa, drzwi przeciwpy\u0142owe, narz\u0119dzia do spoin i ta\u015bmy budowlane &#8230; <a title=\"Primaverde\" class=\"read-more\" href=\"https:\/\/primaverde.com\/pl\/\" aria-label=\"Dowiedz si\u0119 wi\u0119cej o Primaverde\">Lees verder&#8230;<\/a><\/p>\n","protected":false},"author":1,"featured_media":41971,"parent":0,"menu_order":4,"comment_status":"open","ping_status":"closed","template":"homepage.php","meta":{"generate_page_header":"","footnotes":""},"class_list":{"0":"post-41969","1":"page","2":"type-page","3":"status-publish","4":"has-post-thumbnail","6":"infinite-scroll-item"},"yoast_head":"<!-- This site is optimized with the Yoast SEO Premium plugin v26.8 (Yoast SEO v27.4) - https:\/\/yoast.com\/product\/yoast-seo-premium-wordpress\/ -->\n<title>Primaverde afdekmaterialen afdekvliezen, afdekfolies, stofwanden<\/title>\n<meta name=\"description\" content=\"Afdekmaterialen van Primaverde beschermen alle soorten vloeren zoals parket, laminaat, natuursteen en tapijt, maar ook deuren, kozijnen en trappen.\" \/>\n<meta name=\"robots\" content=\"index, follow, max-snippet:-1, max-image-preview:large, max-video-preview:-1\" \/>\n<link rel=\"canonical\" href=\"https:\/\/primaverde.com\/pl\/\" \/>\n<meta property=\"og:locale\" content=\"pl_PL\" \/>\n<meta property=\"og:type\" content=\"article\" \/>\n<meta property=\"og:title\" content=\"Primaverde\" \/>\n<meta property=\"og:description\" content=\"Afdekmaterialen van Primaverde beschermen alle soorten vloeren zoals parket, laminaat, natuursteen en tapijt, maar ook deuren, kozijnen en trappen.\" \/>\n<meta property=\"og:url\" content=\"https:\/\/primaverde.com\/pl\/\" \/>\n<meta property=\"og:site_name\" content=\"Primaverde\" \/>\n<meta property=\"article:publisher\" content=\"https:\/\/www.facebook.com\/PrimaverdeBV\/\" \/>\n<meta property=\"article:modified_time\" content=\"2026-01-23T11:09:31+00:00\" \/>\n<meta property=\"og:image\" content=\"https:\/\/primaverde.com\/wp-content\/uploads\/2018\/11\/header_primaverde.jpg\" \/>\n\t<meta property=\"og:image:width\" content=\"1260\" \/>\n\t<meta property=\"og:image:height\" content=\"300\" \/>\n\t<meta property=\"og:image:type\" content=\"image\/jpeg\" \/>\n<meta name=\"twitter:card\" content=\"summary_large_image\" \/>\n<meta name=\"twitter:site\" content=\"@PrimaverdeBV\" \/>\n<meta name=\"twitter:label1\" content=\"Szacowany czas czytania\" \/>\n\t<meta name=\"twitter:data1\" content=\"4 minuty\" \/>\n<script type=\"application\/ld+json\" class=\"yoast-schema-graph\">{\"@context\":\"https:\\\/\\\/schema.org\",\"@graph\":[{\"@type\":\"WebPage\",\"@id\":\"https:\\\/\\\/primaverde.com\\\/pl\\\/\",\"url\":\"https:\\\/\\\/primaverde.com\\\/pl\\\/\",\"name\":\"Primaverde afdekmaterialen afdekvliezen, afdekfolies, stofwanden\",\"isPartOf\":{\"@id\":\"https:\\\/\\\/primaverde.com\\\/pl\\\/#website\"},\"primaryImageOfPage\":{\"@id\":\"https:\\\/\\\/primaverde.com\\\/pl\\\/#primaryimage\"},\"image\":{\"@id\":\"https:\\\/\\\/primaverde.com\\\/pl\\\/#primaryimage\"},\"thumbnailUrl\":\"https:\\\/\\\/primaverde.com\\\/wp-content\\\/uploads\\\/2018\\\/11\\\/header_primaverde.jpg\",\"datePublished\":\"2015-03-25T22:21:53+00:00\",\"dateModified\":\"2026-01-23T11:09:31+00:00\",\"description\":\"Afdekmaterialen van Primaverde beschermen alle soorten vloeren zoals parket, laminaat, natuursteen en tapijt, maar ook deuren, kozijnen en trappen.\",\"breadcrumb\":{\"@id\":\"https:\\\/\\\/primaverde.com\\\/pl\\\/#breadcrumb\"},\"inLanguage\":\"pl-PL\",\"potentialAction\":[{\"@type\":\"ReadAction\",\"target\":[\"https:\\\/\\\/primaverde.com\\\/pl\\\/\"]}]},{\"@type\":\"ImageObject\",\"inLanguage\":\"pl-PL\",\"@id\":\"https:\\\/\\\/primaverde.com\\\/pl\\\/#primaryimage\",\"url\":\"https:\\\/\\\/primaverde.com\\\/wp-content\\\/uploads\\\/2018\\\/11\\\/header_primaverde.jpg\",\"contentUrl\":\"https:\\\/\\\/primaverde.com\\\/wp-content\\\/uploads\\\/2018\\\/11\\\/header_primaverde.jpg\",\"width\":1260,\"height\":300,\"caption\":\"Primaverde verf op de trap afdekmaterialen\"},{\"@type\":\"BreadcrumbList\",\"@id\":\"https:\\\/\\\/primaverde.com\\\/pl\\\/#breadcrumb\",\"itemListElement\":[{\"@type\":\"ListItem\",\"position\":1,\"name\":\"Home\",\"item\":\"https:\\\/\\\/primaverde.com\\\/pl\\\/\"},{\"@type\":\"ListItem\",\"position\":2,\"name\":\"Primaverde\"}]},{\"@type\":\"WebSite\",\"@id\":\"https:\\\/\\\/primaverde.com\\\/pl\\\/#website\",\"url\":\"https:\\\/\\\/primaverde.com\\\/pl\\\/\",\"name\":\"Primaverde\",\"description\":\"Covering material, protection, tapes, Beschermende materialen\",\"publisher\":{\"@id\":\"https:\\\/\\\/primaverde.com\\\/pl\\\/#organization\"},\"potentialAction\":[{\"@type\":\"SearchAction\",\"target\":{\"@type\":\"EntryPoint\",\"urlTemplate\":\"https:\\\/\\\/primaverde.com\\\/pl\\\/?s={search_term_string}\"},\"query-input\":{\"@type\":\"PropertyValueSpecification\",\"valueRequired\":true,\"valueName\":\"search_term_string\"}}],\"inLanguage\":\"pl-PL\"},{\"@type\":\"Organization\",\"@id\":\"https:\\\/\\\/primaverde.com\\\/pl\\\/#organization\",\"name\":\"Primaverde B.V.\",\"url\":\"https:\\\/\\\/primaverde.com\\\/pl\\\/\",\"logo\":{\"@type\":\"ImageObject\",\"inLanguage\":\"pl-PL\",\"@id\":\"https:\\\/\\\/primaverde.com\\\/pl\\\/#\\\/schema\\\/logo\\\/image\\\/\",\"url\":\"https:\\\/\\\/primaverde.com\\\/wp-content\\\/uploads\\\/2015\\\/03\\\/Logo_Primaverde.jpg\",\"contentUrl\":\"https:\\\/\\\/primaverde.com\\\/wp-content\\\/uploads\\\/2015\\\/03\\\/Logo_Primaverde.jpg\",\"width\":1170,\"height\":212,\"caption\":\"Primaverde B.V.\"},\"image\":{\"@id\":\"https:\\\/\\\/primaverde.com\\\/pl\\\/#\\\/schema\\\/logo\\\/image\\\/\"},\"sameAs\":[\"https:\\\/\\\/www.facebook.com\\\/PrimaverdeBV\\\/\",\"https:\\\/\\\/x.com\\\/PrimaverdeBV\",\"https:\\\/\\\/nl.linkedin.com\\\/company\\\/primaverde\",\"http:\\\/\\\/www.youtube.com\\\/channel\\\/UC3DwQqj8f8tatLdSFA0aWwA\"]}]}<\/script>\n<!-- \/ Yoast SEO Premium plugin. -->","yoast_head_json":{"title":"Primaverde afdekmaterialen afdekvliezen, afdekfolies, stofwanden","description":"Afdekmaterialen van Primaverde beschermen alle soorten vloeren zoals parket, laminaat, natuursteen en tapijt, maar ook deuren, kozijnen en trappen.","robots":{"index":"index","follow":"follow","max-snippet":"max-snippet:-1","max-image-preview":"max-image-preview:large","max-video-preview":"max-video-preview:-1"},"canonical":"https:\/\/primaverde.com\/pl\/","og_locale":"pl_PL","og_type":"article","og_title":"Primaverde","og_description":"Afdekmaterialen van Primaverde beschermen alle soorten vloeren zoals parket, laminaat, natuursteen en tapijt, maar ook deuren, kozijnen en trappen.","og_url":"https:\/\/primaverde.com\/pl\/","og_site_name":"Primaverde","article_publisher":"https:\/\/www.facebook.com\/PrimaverdeBV\/","article_modified_time":"2026-01-23T11:09:31+00:00","og_image":[{"width":1260,"height":300,"url":"https:\/\/primaverde.com\/wp-content\/uploads\/2018\/11\/header_primaverde.jpg","type":"image\/jpeg"}],"twitter_card":"summary_large_image","twitter_site":"@PrimaverdeBV","twitter_misc":{"Szacowany czas czytania":"4 minuty"},"schema":{"@context":"https:\/\/schema.org","@graph":[{"@type":"WebPage","@id":"https:\/\/primaverde.com\/pl\/","url":"https:\/\/primaverde.com\/pl\/","name":"Primaverde afdekmaterialen afdekvliezen, afdekfolies, stofwanden","isPartOf":{"@id":"https:\/\/primaverde.com\/pl\/#website"},"primaryImageOfPage":{"@id":"https:\/\/primaverde.com\/pl\/#primaryimage"},"image":{"@id":"https:\/\/primaverde.com\/pl\/#primaryimage"},"thumbnailUrl":"https:\/\/primaverde.com\/wp-content\/uploads\/2018\/11\/header_primaverde.jpg","datePublished":"2015-03-25T22:21:53+00:00","dateModified":"2026-01-23T11:09:31+00:00","description":"Afdekmaterialen van Primaverde beschermen alle soorten vloeren zoals parket, laminaat, natuursteen en tapijt, maar ook deuren, kozijnen en trappen.","breadcrumb":{"@id":"https:\/\/primaverde.com\/pl\/#breadcrumb"},"inLanguage":"pl-PL","potentialAction":[{"@type":"ReadAction","target":["https:\/\/primaverde.com\/pl\/"]}]},{"@type":"ImageObject","inLanguage":"pl-PL","@id":"https:\/\/primaverde.com\/pl\/#primaryimage","url":"https:\/\/primaverde.com\/wp-content\/uploads\/2018\/11\/header_primaverde.jpg","contentUrl":"https:\/\/primaverde.com\/wp-content\/uploads\/2018\/11\/header_primaverde.jpg","width":1260,"height":300,"caption":"Primaverde verf op de trap afdekmaterialen"},{"@type":"BreadcrumbList","@id":"https:\/\/primaverde.com\/pl\/#breadcrumb","itemListElement":[{"@type":"ListItem","position":1,"name":"Home","item":"https:\/\/primaverde.com\/pl\/"},{"@type":"ListItem","position":2,"name":"Primaverde"}]},{"@type":"WebSite","@id":"https:\/\/primaverde.com\/pl\/#website","url":"https:\/\/primaverde.com\/pl\/","name":"Primaverde","description":"Covering material, protection, tapes, Beschermende materialen","publisher":{"@id":"https:\/\/primaverde.com\/pl\/#organization"},"potentialAction":[{"@type":"SearchAction","target":{"@type":"EntryPoint","urlTemplate":"https:\/\/primaverde.com\/pl\/?s={search_term_string}"},"query-input":{"@type":"PropertyValueSpecification","valueRequired":true,"valueName":"search_term_string"}}],"inLanguage":"pl-PL"},{"@type":"Organization","@id":"https:\/\/primaverde.com\/pl\/#organization","name":"Primaverde B.V.","url":"https:\/\/primaverde.com\/pl\/","logo":{"@type":"ImageObject","inLanguage":"pl-PL","@id":"https:\/\/primaverde.com\/pl\/#\/schema\/logo\/image\/","url":"https:\/\/primaverde.com\/wp-content\/uploads\/2015\/03\/Logo_Primaverde.jpg","contentUrl":"https:\/\/primaverde.com\/wp-content\/uploads\/2015\/03\/Logo_Primaverde.jpg","width":1170,"height":212,"caption":"Primaverde B.V."},"image":{"@id":"https:\/\/primaverde.com\/pl\/#\/schema\/logo\/image\/"},"sameAs":["https:\/\/www.facebook.com\/PrimaverdeBV\/","https:\/\/x.com\/PrimaverdeBV","https:\/\/nl.linkedin.com\/company\/primaverde","http:\/\/www.youtube.com\/channel\/UC3DwQqj8f8tatLdSFA0aWwA"]}]}},"_links":{"self":[{"href":"https:\/\/primaverde.com\/pl\/wp-json\/wp\/v2\/pages\/41969","targetHints":{"allow":["GET"]}}],"collection":[{"href":"https:\/\/primaverde.com\/pl\/wp-json\/wp\/v2\/pages"}],"about":[{"href":"https:\/\/primaverde.com\/pl\/wp-json\/wp\/v2\/types\/page"}],"author":[{"embeddable":true,"href":"https:\/\/primaverde.com\/pl\/wp-json\/wp\/v2\/users\/1"}],"replies":[{"embeddable":true,"href":"https:\/\/primaverde.com\/pl\/wp-json\/wp\/v2\/comments?post=41969"}],"version-history":[{"count":14,"href":"https:\/\/primaverde.com\/pl\/wp-json\/wp\/v2\/pages\/41969\/revisions"}],"predecessor-version":[{"id":45508,"href":"https:\/\/primaverde.com\/pl\/wp-json\/wp\/v2\/pages\/41969\/revisions\/45508"}],"wp:featuredmedia":[{"embeddable":true,"href":"https:\/\/primaverde.com\/pl\/wp-json\/wp\/v2\/media\/41971"}],"wp:attachment":[{"href":"https:\/\/primaverde.com\/pl\/wp-json\/wp\/v2\/media?parent=41969"}],"curies":[{"name":"wp","href":"https:\/\/api.w.org\/{rel}","templated":true}]}}