{"id":42913,"date":"2024-07-03T15:53:07","date_gmt":"2024-07-03T14:53:07","guid":{"rendered":"https:\/\/primaverde.com\/product\/ram-board-floor-protection\/"},"modified":"2026-04-15T14:40:15","modified_gmt":"2026-04-15T13:40:15","slug":"ram-board-floor-protection","status":"publish","type":"product","link":"https:\/\/primaverde.com\/pl\/produkt\/ram-board-floor-protection\/","title":{"rendered":"Ram Board Floor Protection"},"content":{"rendered":"<h2>Trwa\u0142a ochrona pod\u0142\u00f3g na placu budowy<\/h2>\n<p>Ram Board Floor Protection do zastosowania na placu budowy. Wyj\u0105tkowo wytrzyma\u0142y, wyj\u0105tkowo trwa\u0142y. Chroni przed najtrudniejszymi warunkami. Nadaje si\u0119 do wszystkich pod\u0142\u00f3g, nawet nowych. Ram Board jest oddychaj\u0105cy, wi\u0119c podczas gdy pod\u0142oga jest zabezpieczona, pod\u0142o\u017ce mo\u017ce nadal wysycha\u0107.<\/p>\n<p><strong>W\u0142a\u015bciwo\u015bci:<\/strong><\/p>\n<ul>\n<li>Wyj\u0105tkowo wytrzyma\u0142y, wyj\u0105tkowo d\u0142ugi okres u\u017cytkowania<\/li>\n<li>Wykonany z tektury pochodz\u0105cej z recyklingu<\/li>\n<li>\u0141atwy w monta\u017cu<\/li>\n<li>Wall Guard \u2013 unikalne linie zagi\u0119cia chroni\u0105ce \u015bciany<\/li>\n<li>Vapor Cure \u2013 oddychaj\u0105cy, dzi\u0119ki czemu nadaje si\u0119 r\u00f3wnie\u017c do nowych pod\u0142\u00f3g<\/li>\n<li>Flex-Fiber \u2013 struktura wzmocniona w\u0142\u00f3knami<\/li>\n<li>Spill-Guard \u2013 ochrona przed wyciekami p\u0142yn\u00f3w<\/li>\n<li>Pochodz\u0105cy z recyklingu \/ nadaj\u0105cy si\u0119 do recyklingu<\/li>\n<li>Certyfikat FSC<\/li>\n<\/ul>\n","protected":false},"excerpt":{"rendered":"<h2>Trwa\u0142a ochrona pod\u0142\u00f3g na placu budowy<\/h2>\n<p>Ram Board Floor Protection do zastosowania na placu budowy. Wyj\u0105tkowo wytrzyma\u0142y, wyj\u0105tkowo trwa\u0142y. Chroni przed najtrudniejszymi warunkami. Nadaje si\u0119 do wszystkich pod\u0142\u00f3g, nawet nowych. Ram Board jest oddychaj\u0105cy, wi\u0119c podczas gdy pod\u0142oga jest zabezpieczona, pod\u0142o\u017ce mo\u017ce nadal wysycha\u0107.<\/p>\n<p><strong>W\u0142a\u015bciwo\u015bci:<\/strong><\/p>\n<ul>\n<li>Wyj\u0105tkowo wytrzyma\u0142y, wyj\u0105tkowo d\u0142ugi okres u\u017cytkowania<\/li>\n<li>Wykonany z tektury pochodz\u0105cej z recyklingu<\/li>\n<li>\u0141atwy w monta\u017cu<\/li>\n<li>Wall Guard \u2013 unikalne linie zagi\u0119cia chroni\u0105ce \u015bciany<\/li>\n<li>Vapor Cure \u2013 oddychaj\u0105cy, dzi\u0119ki czemu nadaje si\u0119 r\u00f3wnie\u017c do nowych pod\u0142\u00f3g<\/li>\n<li>Flex-Fiber \u2013 struktura wzmocniona w\u0142\u00f3knami<\/li>\n<li>Spill-Guard \u2013 ochrona przed wyciekami p\u0142yn\u00f3w<\/li>\n<li>Pochodz\u0105cy z recyklingu \/ nadaj\u0105cy si\u0119 do recyklingu<\/li>\n<li>Certyfikat FSC<\/li>\n<\/ul>\n","protected":false},"featured_media":45821,"comment_status":"closed","ping_status":"closed","template":"","meta":{"generate_page_header":""},"product_brand":[],"product_cat":[5742],"product_tag":[],"class_list":{"0":"post-42913","1":"product","2":"type-product","3":"status-publish","4":"has-post-thumbnail","6":"product_cat-ramboard-pl","7":"infinite-scroll-item","8":"","9":"woocommerce-text-align-left","10":"woocommerce-image-align-center","11":"wc-has-gallery","13":"first","14":"instock","15":"shipping-taxable","16":"product-type-simple"},"yoast_head":"<!-- This site is optimized with the Yoast SEO Premium plugin v26.8 (Yoast SEO v27.5) - https:\/\/yoast.com\/product\/yoast-seo-premium-wordpress\/ -->\n<title>Ram Board Floor Protection - Primaverde<\/title>\n<meta name=\"robots\" content=\"index, follow, max-snippet:-1, max-image-preview:large, max-video-preview:-1\" \/>\n<link rel=\"canonical\" href=\"https:\/\/primaverde.com\/pl\/produkt\/ram-board-floor-protection\/\" \/>\n<meta property=\"og:locale\" content=\"pl_PL\" \/>\n<meta property=\"og:type\" content=\"article\" \/>\n<meta property=\"og:title\" content=\"Ram Board Floor Protection\" \/>\n<meta property=\"og:description\" content=\"Trwa\u0142a ochrona pod\u0142\u00f3g na placu budowyRam Board Floor Protection do zastosowania na placu budowy. Wyj\u0105tkowo wytrzyma\u0142y, wyj\u0105tkowo trwa\u0142y. Chroni przed najtrudniejszymi warunkami. Nadaje si\u0119 do wszystkich pod\u0142\u00f3g, nawet nowych. Ram Board jest oddychaj\u0105cy, wi\u0119c podczas gdy pod\u0142oga jest zabezpieczona, pod\u0142o\u017ce mo\u017ce nadal wysycha\u0107.W\u0142a\u015bciwo\u015bci:Wyj\u0105tkowo wytrzyma\u0142y, wyj\u0105tkowo d\u0142ugi okres u\u017cytkowaniaWykonany z tektury pochodz\u0105cej z recyklingu\u0141atwy w monta\u017cuWall Guard \u2013 unikalne linie zagi\u0119cia chroni\u0105ce \u015bcianyVapor Cure \u2013 oddychaj\u0105cy, dzi\u0119ki czemu nadaje si\u0119 r\u00f3wnie\u017c do nowych pod\u0142\u00f3gFlex-Fiber \u2013 struktura wzmocniona w\u0142\u00f3knamiSpill-Guard \u2013 ochrona przed wyciekami p\u0142yn\u00f3wPochodz\u0105cy z recyklingu \/ nadaj\u0105cy si\u0119 do recyklinguCertyfikat FSC\" \/>\n<meta property=\"og:url\" content=\"https:\/\/primaverde.com\/pl\/produkt\/ram-board-floor-protection\/\" \/>\n<meta property=\"og:site_name\" content=\"Primaverde\" \/>\n<meta property=\"article:publisher\" content=\"https:\/\/www.facebook.com\/PrimaverdeBV\/\" \/>\n<meta property=\"article:modified_time\" content=\"2026-04-15T13:40:15+00:00\" \/>\n<meta property=\"og:image\" content=\"https:\/\/primaverde.com\/wp-content\/uploads\/2024\/07\/FloorProtection_P0NZ_s06.png\" \/>\n\t<meta property=\"og:image:width\" content=\"600\" \/>\n\t<meta property=\"og:image:height\" content=\"600\" \/>\n\t<meta property=\"og:image:type\" content=\"image\/png\" \/>\n<meta name=\"twitter:card\" content=\"summary_large_image\" \/>\n<meta name=\"twitter:site\" content=\"@PrimaverdeBV\" \/>\n<meta name=\"twitter:label1\" content=\"Szacowany czas czytania\" \/>\n\t<meta name=\"twitter:data1\" content=\"1 minuta\" \/>\n<script type=\"application\/ld+json\" class=\"yoast-schema-graph\">{\"@context\":\"https:\\\/\\\/schema.org\",\"@graph\":[{\"@type\":\"WebPage\",\"@id\":\"https:\\\/\\\/primaverde.com\\\/pl\\\/produkt\\\/ram-board-floor-protection\\\/\",\"url\":\"https:\\\/\\\/primaverde.com\\\/pl\\\/produkt\\\/ram-board-floor-protection\\\/\",\"name\":\"Ram Board Floor Protection - Primaverde\",\"isPartOf\":{\"@id\":\"https:\\\/\\\/primaverde.com\\\/pl\\\/#website\"},\"primaryImageOfPage\":{\"@id\":\"https:\\\/\\\/primaverde.com\\\/pl\\\/produkt\\\/ram-board-floor-protection\\\/#primaryimage\"},\"image\":{\"@id\":\"https:\\\/\\\/primaverde.com\\\/pl\\\/produkt\\\/ram-board-floor-protection\\\/#primaryimage\"},\"thumbnailUrl\":\"https:\\\/\\\/primaverde.com\\\/wp-content\\\/uploads\\\/2024\\\/07\\\/FloorProtection_P0NZ_s06.png\",\"datePublished\":\"2024-07-03T14:53:07+00:00\",\"dateModified\":\"2026-04-15T13:40:15+00:00\",\"breadcrumb\":{\"@id\":\"https:\\\/\\\/primaverde.com\\\/pl\\\/produkt\\\/ram-board-floor-protection\\\/#breadcrumb\"},\"inLanguage\":\"pl-PL\",\"potentialAction\":[{\"@type\":\"ReadAction\",\"target\":[\"https:\\\/\\\/primaverde.com\\\/pl\\\/produkt\\\/ram-board-floor-protection\\\/\"]}]},{\"@type\":\"ImageObject\",\"inLanguage\":\"pl-PL\",\"@id\":\"https:\\\/\\\/primaverde.com\\\/pl\\\/produkt\\\/ram-board-floor-protection\\\/#primaryimage\",\"url\":\"https:\\\/\\\/primaverde.com\\\/wp-content\\\/uploads\\\/2024\\\/07\\\/FloorProtection_P0NZ_s06.png\",\"contentUrl\":\"https:\\\/\\\/primaverde.com\\\/wp-content\\\/uploads\\\/2024\\\/07\\\/FloorProtection_P0NZ_s06.png\",\"width\":600,\"height\":600},{\"@type\":\"BreadcrumbList\",\"@id\":\"https:\\\/\\\/primaverde.com\\\/pl\\\/produkt\\\/ram-board-floor-protection\\\/#breadcrumb\",\"itemListElement\":[{\"@type\":\"ListItem\",\"position\":1,\"name\":\"Home\",\"item\":\"https:\\\/\\\/primaverde.com\\\/pl\\\/\"},{\"@type\":\"ListItem\",\"position\":2,\"name\":\"Boutique\",\"item\":\"https:\\\/\\\/primaverde.com\\\/pl\\\/boutique\\\/\"},{\"@type\":\"ListItem\",\"position\":3,\"name\":\"Ram Board Floor Protection\"}]},{\"@type\":\"WebSite\",\"@id\":\"https:\\\/\\\/primaverde.com\\\/pl\\\/#website\",\"url\":\"https:\\\/\\\/primaverde.com\\\/pl\\\/\",\"name\":\"Primaverde\",\"description\":\"Covering material, protection, tapes, Beschermende materialen\",\"publisher\":{\"@id\":\"https:\\\/\\\/primaverde.com\\\/pl\\\/#organization\"},\"potentialAction\":[{\"@type\":\"SearchAction\",\"target\":{\"@type\":\"EntryPoint\",\"urlTemplate\":\"https:\\\/\\\/primaverde.com\\\/pl\\\/?s={search_term_string}\"},\"query-input\":{\"@type\":\"PropertyValueSpecification\",\"valueRequired\":true,\"valueName\":\"search_term_string\"}}],\"inLanguage\":\"pl-PL\"},{\"@type\":\"Organization\",\"@id\":\"https:\\\/\\\/primaverde.com\\\/pl\\\/#organization\",\"name\":\"Primaverde B.V.\",\"url\":\"https:\\\/\\\/primaverde.com\\\/pl\\\/\",\"logo\":{\"@type\":\"ImageObject\",\"inLanguage\":\"pl-PL\",\"@id\":\"https:\\\/\\\/primaverde.com\\\/pl\\\/#\\\/schema\\\/logo\\\/image\\\/\",\"url\":\"https:\\\/\\\/primaverde.com\\\/wp-content\\\/uploads\\\/2015\\\/03\\\/Logo_Primaverde.jpg\",\"contentUrl\":\"https:\\\/\\\/primaverde.com\\\/wp-content\\\/uploads\\\/2015\\\/03\\\/Logo_Primaverde.jpg\",\"width\":1170,\"height\":212,\"caption\":\"Primaverde B.V.\"},\"image\":{\"@id\":\"https:\\\/\\\/primaverde.com\\\/pl\\\/#\\\/schema\\\/logo\\\/image\\\/\"},\"sameAs\":[\"https:\\\/\\\/www.facebook.com\\\/PrimaverdeBV\\\/\",\"https:\\\/\\\/x.com\\\/PrimaverdeBV\",\"https:\\\/\\\/nl.linkedin.com\\\/company\\\/primaverde\",\"http:\\\/\\\/www.youtube.com\\\/channel\\\/UC3DwQqj8f8tatLdSFA0aWwA\"]}]}<\/script>\n<!-- \/ Yoast SEO Premium plugin. -->","yoast_head_json":{"title":"Ram Board Floor Protection - Primaverde","robots":{"index":"index","follow":"follow","max-snippet":"max-snippet:-1","max-image-preview":"max-image-preview:large","max-video-preview":"max-video-preview:-1"},"canonical":"https:\/\/primaverde.com\/pl\/produkt\/ram-board-floor-protection\/","og_locale":"pl_PL","og_type":"article","og_title":"Ram Board Floor Protection","og_description":"Trwa\u0142a ochrona pod\u0142\u00f3g na placu budowyRam Board Floor Protection do zastosowania na placu budowy. Wyj\u0105tkowo wytrzyma\u0142y, wyj\u0105tkowo trwa\u0142y. Chroni przed najtrudniejszymi warunkami. Nadaje si\u0119 do wszystkich pod\u0142\u00f3g, nawet nowych. Ram Board jest oddychaj\u0105cy, wi\u0119c podczas gdy pod\u0142oga jest zabezpieczona, pod\u0142o\u017ce mo\u017ce nadal wysycha\u0107.W\u0142a\u015bciwo\u015bci:Wyj\u0105tkowo wytrzyma\u0142y, wyj\u0105tkowo d\u0142ugi okres u\u017cytkowaniaWykonany z tektury pochodz\u0105cej z recyklingu\u0141atwy w monta\u017cuWall Guard \u2013 unikalne linie zagi\u0119cia chroni\u0105ce \u015bcianyVapor Cure \u2013 oddychaj\u0105cy, dzi\u0119ki czemu nadaje si\u0119 r\u00f3wnie\u017c do nowych pod\u0142\u00f3gFlex-Fiber \u2013 struktura wzmocniona w\u0142\u00f3knamiSpill-Guard \u2013 ochrona przed wyciekami p\u0142yn\u00f3wPochodz\u0105cy z recyklingu \/ nadaj\u0105cy si\u0119 do recyklinguCertyfikat FSC","og_url":"https:\/\/primaverde.com\/pl\/produkt\/ram-board-floor-protection\/","og_site_name":"Primaverde","article_publisher":"https:\/\/www.facebook.com\/PrimaverdeBV\/","article_modified_time":"2026-04-15T13:40:15+00:00","og_image":[{"width":600,"height":600,"url":"https:\/\/primaverde.com\/wp-content\/uploads\/2024\/07\/FloorProtection_P0NZ_s06.png","type":"image\/png"}],"twitter_card":"summary_large_image","twitter_site":"@PrimaverdeBV","twitter_misc":{"Szacowany czas czytania":"1 minuta"},"schema":{"@context":"https:\/\/schema.org","@graph":[{"@type":"WebPage","@id":"https:\/\/primaverde.com\/pl\/produkt\/ram-board-floor-protection\/","url":"https:\/\/primaverde.com\/pl\/produkt\/ram-board-floor-protection\/","name":"Ram Board Floor Protection - Primaverde","isPartOf":{"@id":"https:\/\/primaverde.com\/pl\/#website"},"primaryImageOfPage":{"@id":"https:\/\/primaverde.com\/pl\/produkt\/ram-board-floor-protection\/#primaryimage"},"image":{"@id":"https:\/\/primaverde.com\/pl\/produkt\/ram-board-floor-protection\/#primaryimage"},"thumbnailUrl":"https:\/\/primaverde.com\/wp-content\/uploads\/2024\/07\/FloorProtection_P0NZ_s06.png","datePublished":"2024-07-03T14:53:07+00:00","dateModified":"2026-04-15T13:40:15+00:00","breadcrumb":{"@id":"https:\/\/primaverde.com\/pl\/produkt\/ram-board-floor-protection\/#breadcrumb"},"inLanguage":"pl-PL","potentialAction":[{"@type":"ReadAction","target":["https:\/\/primaverde.com\/pl\/produkt\/ram-board-floor-protection\/"]}]},{"@type":"ImageObject","inLanguage":"pl-PL","@id":"https:\/\/primaverde.com\/pl\/produkt\/ram-board-floor-protection\/#primaryimage","url":"https:\/\/primaverde.com\/wp-content\/uploads\/2024\/07\/FloorProtection_P0NZ_s06.png","contentUrl":"https:\/\/primaverde.com\/wp-content\/uploads\/2024\/07\/FloorProtection_P0NZ_s06.png","width":600,"height":600},{"@type":"BreadcrumbList","@id":"https:\/\/primaverde.com\/pl\/produkt\/ram-board-floor-protection\/#breadcrumb","itemListElement":[{"@type":"ListItem","position":1,"name":"Home","item":"https:\/\/primaverde.com\/pl\/"},{"@type":"ListItem","position":2,"name":"Boutique","item":"https:\/\/primaverde.com\/pl\/boutique\/"},{"@type":"ListItem","position":3,"name":"Ram Board Floor Protection"}]},{"@type":"WebSite","@id":"https:\/\/primaverde.com\/pl\/#website","url":"https:\/\/primaverde.com\/pl\/","name":"Primaverde","description":"Covering material, protection, tapes, Beschermende materialen","publisher":{"@id":"https:\/\/primaverde.com\/pl\/#organization"},"potentialAction":[{"@type":"SearchAction","target":{"@type":"EntryPoint","urlTemplate":"https:\/\/primaverde.com\/pl\/?s={search_term_string}"},"query-input":{"@type":"PropertyValueSpecification","valueRequired":true,"valueName":"search_term_string"}}],"inLanguage":"pl-PL"},{"@type":"Organization","@id":"https:\/\/primaverde.com\/pl\/#organization","name":"Primaverde B.V.","url":"https:\/\/primaverde.com\/pl\/","logo":{"@type":"ImageObject","inLanguage":"pl-PL","@id":"https:\/\/primaverde.com\/pl\/#\/schema\/logo\/image\/","url":"https:\/\/primaverde.com\/wp-content\/uploads\/2015\/03\/Logo_Primaverde.jpg","contentUrl":"https:\/\/primaverde.com\/wp-content\/uploads\/2015\/03\/Logo_Primaverde.jpg","width":1170,"height":212,"caption":"Primaverde B.V."},"image":{"@id":"https:\/\/primaverde.com\/pl\/#\/schema\/logo\/image\/"},"sameAs":["https:\/\/www.facebook.com\/PrimaverdeBV\/","https:\/\/x.com\/PrimaverdeBV","https:\/\/nl.linkedin.com\/company\/primaverde","http:\/\/www.youtube.com\/channel\/UC3DwQqj8f8tatLdSFA0aWwA"]}]}},"_links":{"self":[{"href":"https:\/\/primaverde.com\/pl\/wp-json\/wp\/v2\/product\/42913","targetHints":{"allow":["GET"]}}],"collection":[{"href":"https:\/\/primaverde.com\/pl\/wp-json\/wp\/v2\/product"}],"about":[{"href":"https:\/\/primaverde.com\/pl\/wp-json\/wp\/v2\/types\/product"}],"replies":[{"embeddable":true,"href":"https:\/\/primaverde.com\/pl\/wp-json\/wp\/v2\/comments?post=42913"}],"wp:featuredmedia":[{"embeddable":true,"href":"https:\/\/primaverde.com\/pl\/wp-json\/wp\/v2\/media\/45821"}],"wp:attachment":[{"href":"https:\/\/primaverde.com\/pl\/wp-json\/wp\/v2\/media?parent=42913"}],"wp:term":[{"taxonomy":"product_brand","embeddable":true,"href":"https:\/\/primaverde.com\/pl\/wp-json\/wp\/v2\/product_brand?post=42913"},{"taxonomy":"product_cat","embeddable":true,"href":"https:\/\/primaverde.com\/pl\/wp-json\/wp\/v2\/product_cat?post=42913"},{"taxonomy":"product_tag","embeddable":true,"href":"https:\/\/primaverde.com\/pl\/wp-json\/wp\/v2\/product_tag?post=42913"}],"curies":[{"name":"wp","href":"https:\/\/api.w.org\/{rel}","templated":true}]}}