{"id":42979,"date":"2024-07-04T12:55:44","date_gmt":"2024-07-04T11:55:44","guid":{"rendered":"https:\/\/primaverde.com\/product\/fugenmeister-cutters\/"},"modified":"2026-04-15T14:38:18","modified_gmt":"2026-04-15T13:38:18","slug":"fugenmeister-cutters","status":"publish","type":"product","link":"https:\/\/primaverde.com\/pl\/produkt\/fugenmeister-cutters\/","title":{"rendered":"FugenMeister Cutters"},"content":{"rendered":"<h2>Obcinak przegub\u00f3w<\/h2>\n<p>Narz\u0119dzia do ci\u0119cia uszczelniaczy Fugenmeister sk\u0142adaj\u0105 si\u0119 z por\u0119cznych narz\u0119dzi do ci\u0119cia kana\u0142\u00f3w uszczelniaczy, po\u0142\u0105cze\u0144 uszczelniaczy i dysz.<\/p>\n<p><strong>W\u0142a\u015bciwo\u015bci:<\/strong><\/p>\n<ul>\n<li>Odpowiednie do ci\u0119cia tulei uszczelniaczy, po\u0142\u0105cze\u0144 uszczelniaczy i dysz.<\/li>\n<\/ul>\n","protected":false},"excerpt":{"rendered":"<h2>Obcinak przegub\u00f3w<\/h2>\n<p>Narz\u0119dzia do ci\u0119cia uszczelniaczy Fugenmeister sk\u0142adaj\u0105 si\u0119 z por\u0119cznych narz\u0119dzi do ci\u0119cia kana\u0142\u00f3w uszczelniaczy, po\u0142\u0105cze\u0144 uszczelniaczy i dysz.<\/p>\n<p><strong>W\u0142a\u015bciwo\u015bci:<\/strong><\/p>\n<ul>\n<li>Odpowiednie do ci\u0119cia tulei uszczelniaczy, po\u0142\u0105cze\u0144 uszczelniaczy i dysz.<\/li>\n<\/ul>\n","protected":false},"featured_media":43203,"comment_status":"closed","ping_status":"closed","template":"","meta":{"generate_page_header":""},"product_brand":[],"product_cat":[5737],"product_tag":[],"class_list":{"0":"post-42979","1":"product","2":"type-product","3":"status-publish","4":"has-post-thumbnail","6":"product_cat-fugenmeister","7":"infinite-scroll-item","8":"","9":"woocommerce-text-align-left","10":"woocommerce-image-align-center","11":"wc-has-gallery","13":"first","14":"instock","15":"shipping-taxable","16":"product-type-simple"},"yoast_head":"<!-- This site is optimized with the Yoast SEO Premium plugin v26.8 (Yoast SEO v27.4) - https:\/\/yoast.com\/product\/yoast-seo-premium-wordpress\/ -->\n<title>FugenMeister Cutters - Primaverde<\/title>\n<meta name=\"robots\" content=\"index, follow, max-snippet:-1, max-image-preview:large, max-video-preview:-1\" \/>\n<link rel=\"canonical\" href=\"https:\/\/primaverde.com\/pl\/produkt\/fugenmeister-cutters\/\" \/>\n<meta property=\"og:locale\" content=\"pl_PL\" \/>\n<meta property=\"og:type\" content=\"article\" \/>\n<meta property=\"og:title\" content=\"FugenMeister Cutters\" \/>\n<meta property=\"og:description\" content=\"Obcinak przegub\u00f3wNarz\u0119dzia do ci\u0119cia uszczelniaczy Fugenmeister sk\u0142adaj\u0105 si\u0119 z por\u0119cznych narz\u0119dzi do ci\u0119cia kana\u0142\u00f3w uszczelniaczy, po\u0142\u0105cze\u0144 uszczelniaczy i dysz.W\u0142a\u015bciwo\u015bci:Odpowiednie do ci\u0119cia tulei uszczelniaczy, po\u0142\u0105cze\u0144 uszczelniaczy i dysz.\" \/>\n<meta property=\"og:url\" content=\"https:\/\/primaverde.com\/pl\/produkt\/fugenmeister-cutters\/\" \/>\n<meta property=\"og:site_name\" content=\"Primaverde\" \/>\n<meta property=\"article:publisher\" content=\"https:\/\/www.facebook.com\/PrimaverdeBV\/\" \/>\n<meta property=\"article:modified_time\" content=\"2026-04-15T13:38:18+00:00\" \/>\n<meta name=\"twitter:card\" content=\"summary_large_image\" \/>\n<meta name=\"twitter:site\" content=\"@PrimaverdeBV\" \/>\n<meta name=\"twitter:label1\" content=\"Szacowany czas czytania\" \/>\n\t<meta name=\"twitter:data1\" content=\"1 minuta\" \/>\n<script type=\"application\/ld+json\" class=\"yoast-schema-graph\">{\"@context\":\"https:\\\/\\\/schema.org\",\"@graph\":[{\"@type\":\"WebPage\",\"@id\":\"https:\\\/\\\/primaverde.com\\\/pl\\\/produkt\\\/fugenmeister-cutters\\\/\",\"url\":\"https:\\\/\\\/primaverde.com\\\/pl\\\/produkt\\\/fugenmeister-cutters\\\/\",\"name\":\"FugenMeister Cutters - Primaverde\",\"isPartOf\":{\"@id\":\"https:\\\/\\\/primaverde.com\\\/pl\\\/#website\"},\"primaryImageOfPage\":{\"@id\":\"https:\\\/\\\/primaverde.com\\\/pl\\\/produkt\\\/fugenmeister-cutters\\\/#primaryimage\"},\"image\":{\"@id\":\"https:\\\/\\\/primaverde.com\\\/pl\\\/produkt\\\/fugenmeister-cutters\\\/#primaryimage\"},\"thumbnailUrl\":\"https:\\\/\\\/primaverde.com\\\/wp-content\\\/uploads\\\/2015\\\/03\\\/FugenMeister02_logo_content_categorie.jpg\",\"datePublished\":\"2024-07-04T11:55:44+00:00\",\"dateModified\":\"2026-04-15T13:38:18+00:00\",\"breadcrumb\":{\"@id\":\"https:\\\/\\\/primaverde.com\\\/pl\\\/produkt\\\/fugenmeister-cutters\\\/#breadcrumb\"},\"inLanguage\":\"pl-PL\",\"potentialAction\":[{\"@type\":\"ReadAction\",\"target\":[\"https:\\\/\\\/primaverde.com\\\/pl\\\/produkt\\\/fugenmeister-cutters\\\/\"]}]},{\"@type\":\"ImageObject\",\"inLanguage\":\"pl-PL\",\"@id\":\"https:\\\/\\\/primaverde.com\\\/pl\\\/produkt\\\/fugenmeister-cutters\\\/#primaryimage\",\"url\":\"https:\\\/\\\/primaverde.com\\\/wp-content\\\/uploads\\\/2015\\\/03\\\/FugenMeister02_logo_content_categorie.jpg\",\"contentUrl\":\"https:\\\/\\\/primaverde.com\\\/wp-content\\\/uploads\\\/2015\\\/03\\\/FugenMeister02_logo_content_categorie.jpg\",\"width\":600,\"height\":399},{\"@type\":\"BreadcrumbList\",\"@id\":\"https:\\\/\\\/primaverde.com\\\/pl\\\/produkt\\\/fugenmeister-cutters\\\/#breadcrumb\",\"itemListElement\":[{\"@type\":\"ListItem\",\"position\":1,\"name\":\"Home\",\"item\":\"https:\\\/\\\/primaverde.com\\\/pl\\\/\"},{\"@type\":\"ListItem\",\"position\":2,\"name\":\"Boutique\",\"item\":\"https:\\\/\\\/primaverde.com\\\/pl\\\/boutique\\\/\"},{\"@type\":\"ListItem\",\"position\":3,\"name\":\"FugenMeister Cutters\"}]},{\"@type\":\"WebSite\",\"@id\":\"https:\\\/\\\/primaverde.com\\\/pl\\\/#website\",\"url\":\"https:\\\/\\\/primaverde.com\\\/pl\\\/\",\"name\":\"Primaverde\",\"description\":\"Covering material, protection, tapes, Beschermende materialen\",\"publisher\":{\"@id\":\"https:\\\/\\\/primaverde.com\\\/pl\\\/#organization\"},\"potentialAction\":[{\"@type\":\"SearchAction\",\"target\":{\"@type\":\"EntryPoint\",\"urlTemplate\":\"https:\\\/\\\/primaverde.com\\\/pl\\\/?s={search_term_string}\"},\"query-input\":{\"@type\":\"PropertyValueSpecification\",\"valueRequired\":true,\"valueName\":\"search_term_string\"}}],\"inLanguage\":\"pl-PL\"},{\"@type\":\"Organization\",\"@id\":\"https:\\\/\\\/primaverde.com\\\/pl\\\/#organization\",\"name\":\"Primaverde B.V.\",\"url\":\"https:\\\/\\\/primaverde.com\\\/pl\\\/\",\"logo\":{\"@type\":\"ImageObject\",\"inLanguage\":\"pl-PL\",\"@id\":\"https:\\\/\\\/primaverde.com\\\/pl\\\/#\\\/schema\\\/logo\\\/image\\\/\",\"url\":\"https:\\\/\\\/primaverde.com\\\/wp-content\\\/uploads\\\/2015\\\/03\\\/Logo_Primaverde.jpg\",\"contentUrl\":\"https:\\\/\\\/primaverde.com\\\/wp-content\\\/uploads\\\/2015\\\/03\\\/Logo_Primaverde.jpg\",\"width\":1170,\"height\":212,\"caption\":\"Primaverde B.V.\"},\"image\":{\"@id\":\"https:\\\/\\\/primaverde.com\\\/pl\\\/#\\\/schema\\\/logo\\\/image\\\/\"},\"sameAs\":[\"https:\\\/\\\/www.facebook.com\\\/PrimaverdeBV\\\/\",\"https:\\\/\\\/x.com\\\/PrimaverdeBV\",\"https:\\\/\\\/nl.linkedin.com\\\/company\\\/primaverde\",\"http:\\\/\\\/www.youtube.com\\\/channel\\\/UC3DwQqj8f8tatLdSFA0aWwA\"]}]}<\/script>\n<!-- \/ Yoast SEO Premium plugin. -->","yoast_head_json":{"title":"FugenMeister Cutters - Primaverde","robots":{"index":"index","follow":"follow","max-snippet":"max-snippet:-1","max-image-preview":"max-image-preview:large","max-video-preview":"max-video-preview:-1"},"canonical":"https:\/\/primaverde.com\/pl\/produkt\/fugenmeister-cutters\/","og_locale":"pl_PL","og_type":"article","og_title":"FugenMeister Cutters","og_description":"Obcinak przegub\u00f3wNarz\u0119dzia do ci\u0119cia uszczelniaczy Fugenmeister sk\u0142adaj\u0105 si\u0119 z por\u0119cznych narz\u0119dzi do ci\u0119cia kana\u0142\u00f3w uszczelniaczy, po\u0142\u0105cze\u0144 uszczelniaczy i dysz.W\u0142a\u015bciwo\u015bci:Odpowiednie do ci\u0119cia tulei uszczelniaczy, po\u0142\u0105cze\u0144 uszczelniaczy i dysz.","og_url":"https:\/\/primaverde.com\/pl\/produkt\/fugenmeister-cutters\/","og_site_name":"Primaverde","article_publisher":"https:\/\/www.facebook.com\/PrimaverdeBV\/","article_modified_time":"2026-04-15T13:38:18+00:00","twitter_card":"summary_large_image","twitter_site":"@PrimaverdeBV","twitter_misc":{"Szacowany czas czytania":"1 minuta"},"schema":{"@context":"https:\/\/schema.org","@graph":[{"@type":"WebPage","@id":"https:\/\/primaverde.com\/pl\/produkt\/fugenmeister-cutters\/","url":"https:\/\/primaverde.com\/pl\/produkt\/fugenmeister-cutters\/","name":"FugenMeister Cutters - Primaverde","isPartOf":{"@id":"https:\/\/primaverde.com\/pl\/#website"},"primaryImageOfPage":{"@id":"https:\/\/primaverde.com\/pl\/produkt\/fugenmeister-cutters\/#primaryimage"},"image":{"@id":"https:\/\/primaverde.com\/pl\/produkt\/fugenmeister-cutters\/#primaryimage"},"thumbnailUrl":"https:\/\/primaverde.com\/wp-content\/uploads\/2015\/03\/FugenMeister02_logo_content_categorie.jpg","datePublished":"2024-07-04T11:55:44+00:00","dateModified":"2026-04-15T13:38:18+00:00","breadcrumb":{"@id":"https:\/\/primaverde.com\/pl\/produkt\/fugenmeister-cutters\/#breadcrumb"},"inLanguage":"pl-PL","potentialAction":[{"@type":"ReadAction","target":["https:\/\/primaverde.com\/pl\/produkt\/fugenmeister-cutters\/"]}]},{"@type":"ImageObject","inLanguage":"pl-PL","@id":"https:\/\/primaverde.com\/pl\/produkt\/fugenmeister-cutters\/#primaryimage","url":"https:\/\/primaverde.com\/wp-content\/uploads\/2015\/03\/FugenMeister02_logo_content_categorie.jpg","contentUrl":"https:\/\/primaverde.com\/wp-content\/uploads\/2015\/03\/FugenMeister02_logo_content_categorie.jpg","width":600,"height":399},{"@type":"BreadcrumbList","@id":"https:\/\/primaverde.com\/pl\/produkt\/fugenmeister-cutters\/#breadcrumb","itemListElement":[{"@type":"ListItem","position":1,"name":"Home","item":"https:\/\/primaverde.com\/pl\/"},{"@type":"ListItem","position":2,"name":"Boutique","item":"https:\/\/primaverde.com\/pl\/boutique\/"},{"@type":"ListItem","position":3,"name":"FugenMeister Cutters"}]},{"@type":"WebSite","@id":"https:\/\/primaverde.com\/pl\/#website","url":"https:\/\/primaverde.com\/pl\/","name":"Primaverde","description":"Covering material, protection, tapes, Beschermende materialen","publisher":{"@id":"https:\/\/primaverde.com\/pl\/#organization"},"potentialAction":[{"@type":"SearchAction","target":{"@type":"EntryPoint","urlTemplate":"https:\/\/primaverde.com\/pl\/?s={search_term_string}"},"query-input":{"@type":"PropertyValueSpecification","valueRequired":true,"valueName":"search_term_string"}}],"inLanguage":"pl-PL"},{"@type":"Organization","@id":"https:\/\/primaverde.com\/pl\/#organization","name":"Primaverde B.V.","url":"https:\/\/primaverde.com\/pl\/","logo":{"@type":"ImageObject","inLanguage":"pl-PL","@id":"https:\/\/primaverde.com\/pl\/#\/schema\/logo\/image\/","url":"https:\/\/primaverde.com\/wp-content\/uploads\/2015\/03\/Logo_Primaverde.jpg","contentUrl":"https:\/\/primaverde.com\/wp-content\/uploads\/2015\/03\/Logo_Primaverde.jpg","width":1170,"height":212,"caption":"Primaverde B.V."},"image":{"@id":"https:\/\/primaverde.com\/pl\/#\/schema\/logo\/image\/"},"sameAs":["https:\/\/www.facebook.com\/PrimaverdeBV\/","https:\/\/x.com\/PrimaverdeBV","https:\/\/nl.linkedin.com\/company\/primaverde","http:\/\/www.youtube.com\/channel\/UC3DwQqj8f8tatLdSFA0aWwA"]}]}},"_links":{"self":[{"href":"https:\/\/primaverde.com\/pl\/wp-json\/wp\/v2\/product\/42979","targetHints":{"allow":["GET"]}}],"collection":[{"href":"https:\/\/primaverde.com\/pl\/wp-json\/wp\/v2\/product"}],"about":[{"href":"https:\/\/primaverde.com\/pl\/wp-json\/wp\/v2\/types\/product"}],"replies":[{"embeddable":true,"href":"https:\/\/primaverde.com\/pl\/wp-json\/wp\/v2\/comments?post=42979"}],"wp:featuredmedia":[{"embeddable":true,"href":"https:\/\/primaverde.com\/pl\/wp-json\/wp\/v2\/media\/43203"}],"wp:attachment":[{"href":"https:\/\/primaverde.com\/pl\/wp-json\/wp\/v2\/media?parent=42979"}],"wp:term":[{"taxonomy":"product_brand","embeddable":true,"href":"https:\/\/primaverde.com\/pl\/wp-json\/wp\/v2\/product_brand?post=42979"},{"taxonomy":"product_cat","embeddable":true,"href":"https:\/\/primaverde.com\/pl\/wp-json\/wp\/v2\/product_cat?post=42979"},{"taxonomy":"product_tag","embeddable":true,"href":"https:\/\/primaverde.com\/pl\/wp-json\/wp\/v2\/product_tag?post=42979"}],"curies":[{"name":"wp","href":"https:\/\/api.w.org\/{rel}","templated":true}]}}