{"id":43008,"date":"2024-07-04T10:57:30","date_gmt":"2024-07-04T09:57:30","guid":{"rendered":"https:\/\/primaverde.com\/product\/ram-board-edge-tape\/"},"modified":"2026-04-15T14:42:00","modified_gmt":"2026-04-15T13:42:00","slug":"ram-board-edge","status":"publish","type":"product","link":"https:\/\/primaverde.com\/pl\/produkt\/ram-board-edge\/","title":{"rendered":"Ram Board Edge"},"content":{"rendered":"<h2>\u0141atwa do usuni\u0119cia ta\u015bma maskuj\u0105ca<\/h2>\n<p>Za pomoc\u0105 ta\u015bmy Edge Tape 14-Day mo\u017cna przyklei\u0107 kraw\u0119dzie p\u0142yty Ram Board Floor Protection do pod\u0142o\u017ca. Specjalnie opracowana warstwa kleju zapewnia niezawodn\u0105 przyczepno\u015b\u0107. Ta\u015bm\u0119 Edge Tape mo\u017cna usun\u0105\u0107 w ci\u0105gu 14 dni bez pozostawiania \u015blad\u00f3w kleju.<\/p>\n<p><strong>W\u0142a\u015bciwo\u015bci:<\/strong><\/p>\n<ul>\n<li>Szeroko\u015b\u0107 6,3 cm, idealna do zaklejania p\u0142yty Ram Board Floor Protection<\/li>\n<li>Doskona\u0142a przyczepno\u015b\u0107 do p\u0142yty Ram Board Floor Protection<\/li>\n<li>Bezpieczna przyczepno\u015b\u0107 do twardych pod\u0142o\u017cy<\/li>\n<li>Jaskrawy pomara\u0144czowy kolor zapewnia wyra\u017ane oznaczenie kraw\u0119dzi<\/li>\n<li>Mo\u017cliwo\u015b\u0107 usuni\u0119cia bez pozostawiania \u015blad\u00f3w<\/li>\n<\/ul>\n","protected":false},"excerpt":{"rendered":"<h2>\u0141atwa do usuni\u0119cia ta\u015bma maskuj\u0105ca<\/h2>\n<p>Za pomoc\u0105 ta\u015bmy Edge Tape 14-Day mo\u017cna przyklei\u0107 kraw\u0119dzie p\u0142yty Ram Board Floor Protection do pod\u0142o\u017ca. Specjalnie opracowana warstwa kleju zapewnia niezawodn\u0105 przyczepno\u015b\u0107. Ta\u015bm\u0119 Edge Tape mo\u017cna usun\u0105\u0107 w ci\u0105gu 14 dni bez pozostawiania \u015blad\u00f3w kleju.<\/p>\n<p><strong>W\u0142a\u015bciwo\u015bci:<\/strong><\/p>\n<ul>\n<li>Szeroko\u015b\u0107 6,3 cm, idealna do zaklejania p\u0142yty Ram Board Floor Protection<\/li>\n<li>Doskona\u0142a przyczepno\u015b\u0107 do p\u0142yty Ram Board Floor Protection<\/li>\n<li>Bezpieczna przyczepno\u015b\u0107 do twardych pod\u0142o\u017cy<\/li>\n<li>Jaskrawy pomara\u0144czowy kolor zapewnia wyra\u017ane oznaczenie kraw\u0119dzi<\/li>\n<li>Mo\u017cliwo\u015b\u0107 usuni\u0119cia bez pozostawiania \u015blad\u00f3w<\/li>\n<\/ul>\n","protected":false},"featured_media":45835,"comment_status":"closed","ping_status":"closed","template":"","meta":{"generate_page_header":""},"product_brand":[],"product_cat":[5742],"product_tag":[],"class_list":{"0":"post-43008","1":"product","2":"type-product","3":"status-publish","4":"has-post-thumbnail","6":"product_cat-ramboard-pl","7":"infinite-scroll-item","8":"","9":"woocommerce-text-align-left","10":"woocommerce-image-align-center","11":"wc-has-gallery","13":"first","14":"instock","15":"shipping-taxable","16":"product-type-simple"},"yoast_head":"<!-- This site is optimized with the Yoast SEO Premium plugin v26.8 (Yoast SEO v27.4) - https:\/\/yoast.com\/product\/yoast-seo-premium-wordpress\/ -->\n<title>Ram Board Edge - Primaverde<\/title>\n<meta name=\"robots\" content=\"index, follow, max-snippet:-1, max-image-preview:large, max-video-preview:-1\" \/>\n<link rel=\"canonical\" href=\"https:\/\/primaverde.com\/pl\/produkt\/ram-board-edge\/\" \/>\n<meta property=\"og:locale\" content=\"pl_PL\" \/>\n<meta property=\"og:type\" content=\"article\" \/>\n<meta property=\"og:title\" content=\"Ram Board Edge\" \/>\n<meta property=\"og:description\" content=\"\u0141atwa do usuni\u0119cia ta\u015bma maskuj\u0105caZa pomoc\u0105 ta\u015bmy Edge Tape 14-Day mo\u017cna przyklei\u0107 kraw\u0119dzie p\u0142yty Ram Board Floor Protection do pod\u0142o\u017ca. Specjalnie opracowana warstwa kleju zapewnia niezawodn\u0105 przyczepno\u015b\u0107. Ta\u015bm\u0119 Edge Tape mo\u017cna usun\u0105\u0107 w ci\u0105gu 14 dni bez pozostawiania \u015blad\u00f3w kleju.W\u0142a\u015bciwo\u015bci:Szeroko\u015b\u0107 6,3 cm, idealna do zaklejania p\u0142yty Ram Board Floor ProtectionDoskona\u0142a przyczepno\u015b\u0107 do p\u0142yty Ram Board Floor ProtectionBezpieczna przyczepno\u015b\u0107 do twardych pod\u0142o\u017cyJaskrawy pomara\u0144czowy kolor zapewnia wyra\u017ane oznaczenie kraw\u0119dziMo\u017cliwo\u015b\u0107 usuni\u0119cia bez pozostawiania \u015blad\u00f3w\" \/>\n<meta property=\"og:url\" content=\"https:\/\/primaverde.com\/pl\/produkt\/ram-board-edge\/\" \/>\n<meta property=\"og:site_name\" content=\"Primaverde\" \/>\n<meta property=\"article:publisher\" content=\"https:\/\/www.facebook.com\/PrimaverdeBV\/\" \/>\n<meta property=\"article:modified_time\" content=\"2026-04-15T13:42:00+00:00\" \/>\n<meta property=\"og:image\" content=\"https:\/\/primaverde.com\/wp-content\/uploads\/2024\/07\/EdgeTape14Day_P0NZ_s02.png\" \/>\n\t<meta property=\"og:image:width\" content=\"600\" \/>\n\t<meta property=\"og:image:height\" content=\"600\" \/>\n\t<meta property=\"og:image:type\" content=\"image\/png\" \/>\n<meta name=\"twitter:card\" content=\"summary_large_image\" \/>\n<meta name=\"twitter:site\" content=\"@PrimaverdeBV\" \/>\n<meta name=\"twitter:label1\" content=\"Szacowany czas czytania\" \/>\n\t<meta name=\"twitter:data1\" content=\"1 minuta\" \/>\n<script type=\"application\/ld+json\" class=\"yoast-schema-graph\">{\"@context\":\"https:\\\/\\\/schema.org\",\"@graph\":[{\"@type\":\"WebPage\",\"@id\":\"https:\\\/\\\/primaverde.com\\\/pl\\\/produkt\\\/ram-board-edge\\\/\",\"url\":\"https:\\\/\\\/primaverde.com\\\/pl\\\/produkt\\\/ram-board-edge\\\/\",\"name\":\"Ram Board Edge - Primaverde\",\"isPartOf\":{\"@id\":\"https:\\\/\\\/primaverde.com\\\/pl\\\/#website\"},\"primaryImageOfPage\":{\"@id\":\"https:\\\/\\\/primaverde.com\\\/pl\\\/produkt\\\/ram-board-edge\\\/#primaryimage\"},\"image\":{\"@id\":\"https:\\\/\\\/primaverde.com\\\/pl\\\/produkt\\\/ram-board-edge\\\/#primaryimage\"},\"thumbnailUrl\":\"https:\\\/\\\/primaverde.com\\\/wp-content\\\/uploads\\\/2024\\\/07\\\/EdgeTape14Day_P0NZ_s02.png\",\"datePublished\":\"2024-07-04T09:57:30+00:00\",\"dateModified\":\"2026-04-15T13:42:00+00:00\",\"breadcrumb\":{\"@id\":\"https:\\\/\\\/primaverde.com\\\/pl\\\/produkt\\\/ram-board-edge\\\/#breadcrumb\"},\"inLanguage\":\"pl-PL\",\"potentialAction\":[{\"@type\":\"ReadAction\",\"target\":[\"https:\\\/\\\/primaverde.com\\\/pl\\\/produkt\\\/ram-board-edge\\\/\"]}]},{\"@type\":\"ImageObject\",\"inLanguage\":\"pl-PL\",\"@id\":\"https:\\\/\\\/primaverde.com\\\/pl\\\/produkt\\\/ram-board-edge\\\/#primaryimage\",\"url\":\"https:\\\/\\\/primaverde.com\\\/wp-content\\\/uploads\\\/2024\\\/07\\\/EdgeTape14Day_P0NZ_s02.png\",\"contentUrl\":\"https:\\\/\\\/primaverde.com\\\/wp-content\\\/uploads\\\/2024\\\/07\\\/EdgeTape14Day_P0NZ_s02.png\",\"width\":600,\"height\":600},{\"@type\":\"BreadcrumbList\",\"@id\":\"https:\\\/\\\/primaverde.com\\\/pl\\\/produkt\\\/ram-board-edge\\\/#breadcrumb\",\"itemListElement\":[{\"@type\":\"ListItem\",\"position\":1,\"name\":\"Home\",\"item\":\"https:\\\/\\\/primaverde.com\\\/pl\\\/\"},{\"@type\":\"ListItem\",\"position\":2,\"name\":\"Boutique\",\"item\":\"https:\\\/\\\/primaverde.com\\\/pl\\\/boutique\\\/\"},{\"@type\":\"ListItem\",\"position\":3,\"name\":\"Ram Board Edge\"}]},{\"@type\":\"WebSite\",\"@id\":\"https:\\\/\\\/primaverde.com\\\/pl\\\/#website\",\"url\":\"https:\\\/\\\/primaverde.com\\\/pl\\\/\",\"name\":\"Primaverde\",\"description\":\"Covering material, protection, tapes, Beschermende materialen\",\"publisher\":{\"@id\":\"https:\\\/\\\/primaverde.com\\\/pl\\\/#organization\"},\"potentialAction\":[{\"@type\":\"SearchAction\",\"target\":{\"@type\":\"EntryPoint\",\"urlTemplate\":\"https:\\\/\\\/primaverde.com\\\/pl\\\/?s={search_term_string}\"},\"query-input\":{\"@type\":\"PropertyValueSpecification\",\"valueRequired\":true,\"valueName\":\"search_term_string\"}}],\"inLanguage\":\"pl-PL\"},{\"@type\":\"Organization\",\"@id\":\"https:\\\/\\\/primaverde.com\\\/pl\\\/#organization\",\"name\":\"Primaverde B.V.\",\"url\":\"https:\\\/\\\/primaverde.com\\\/pl\\\/\",\"logo\":{\"@type\":\"ImageObject\",\"inLanguage\":\"pl-PL\",\"@id\":\"https:\\\/\\\/primaverde.com\\\/pl\\\/#\\\/schema\\\/logo\\\/image\\\/\",\"url\":\"https:\\\/\\\/primaverde.com\\\/wp-content\\\/uploads\\\/2015\\\/03\\\/Logo_Primaverde.jpg\",\"contentUrl\":\"https:\\\/\\\/primaverde.com\\\/wp-content\\\/uploads\\\/2015\\\/03\\\/Logo_Primaverde.jpg\",\"width\":1170,\"height\":212,\"caption\":\"Primaverde B.V.\"},\"image\":{\"@id\":\"https:\\\/\\\/primaverde.com\\\/pl\\\/#\\\/schema\\\/logo\\\/image\\\/\"},\"sameAs\":[\"https:\\\/\\\/www.facebook.com\\\/PrimaverdeBV\\\/\",\"https:\\\/\\\/x.com\\\/PrimaverdeBV\",\"https:\\\/\\\/nl.linkedin.com\\\/company\\\/primaverde\",\"http:\\\/\\\/www.youtube.com\\\/channel\\\/UC3DwQqj8f8tatLdSFA0aWwA\"]}]}<\/script>\n<!-- \/ Yoast SEO Premium plugin. -->","yoast_head_json":{"title":"Ram Board Edge - Primaverde","robots":{"index":"index","follow":"follow","max-snippet":"max-snippet:-1","max-image-preview":"max-image-preview:large","max-video-preview":"max-video-preview:-1"},"canonical":"https:\/\/primaverde.com\/pl\/produkt\/ram-board-edge\/","og_locale":"pl_PL","og_type":"article","og_title":"Ram Board Edge","og_description":"\u0141atwa do usuni\u0119cia ta\u015bma maskuj\u0105caZa pomoc\u0105 ta\u015bmy Edge Tape 14-Day mo\u017cna przyklei\u0107 kraw\u0119dzie p\u0142yty Ram Board Floor Protection do pod\u0142o\u017ca. Specjalnie opracowana warstwa kleju zapewnia niezawodn\u0105 przyczepno\u015b\u0107. Ta\u015bm\u0119 Edge Tape mo\u017cna usun\u0105\u0107 w ci\u0105gu 14 dni bez pozostawiania \u015blad\u00f3w kleju.W\u0142a\u015bciwo\u015bci:Szeroko\u015b\u0107 6,3 cm, idealna do zaklejania p\u0142yty Ram Board Floor ProtectionDoskona\u0142a przyczepno\u015b\u0107 do p\u0142yty Ram Board Floor ProtectionBezpieczna przyczepno\u015b\u0107 do twardych pod\u0142o\u017cyJaskrawy pomara\u0144czowy kolor zapewnia wyra\u017ane oznaczenie kraw\u0119dziMo\u017cliwo\u015b\u0107 usuni\u0119cia bez pozostawiania \u015blad\u00f3w","og_url":"https:\/\/primaverde.com\/pl\/produkt\/ram-board-edge\/","og_site_name":"Primaverde","article_publisher":"https:\/\/www.facebook.com\/PrimaverdeBV\/","article_modified_time":"2026-04-15T13:42:00+00:00","og_image":[{"width":600,"height":600,"url":"https:\/\/primaverde.com\/wp-content\/uploads\/2024\/07\/EdgeTape14Day_P0NZ_s02.png","type":"image\/png"}],"twitter_card":"summary_large_image","twitter_site":"@PrimaverdeBV","twitter_misc":{"Szacowany czas czytania":"1 minuta"},"schema":{"@context":"https:\/\/schema.org","@graph":[{"@type":"WebPage","@id":"https:\/\/primaverde.com\/pl\/produkt\/ram-board-edge\/","url":"https:\/\/primaverde.com\/pl\/produkt\/ram-board-edge\/","name":"Ram Board Edge - Primaverde","isPartOf":{"@id":"https:\/\/primaverde.com\/pl\/#website"},"primaryImageOfPage":{"@id":"https:\/\/primaverde.com\/pl\/produkt\/ram-board-edge\/#primaryimage"},"image":{"@id":"https:\/\/primaverde.com\/pl\/produkt\/ram-board-edge\/#primaryimage"},"thumbnailUrl":"https:\/\/primaverde.com\/wp-content\/uploads\/2024\/07\/EdgeTape14Day_P0NZ_s02.png","datePublished":"2024-07-04T09:57:30+00:00","dateModified":"2026-04-15T13:42:00+00:00","breadcrumb":{"@id":"https:\/\/primaverde.com\/pl\/produkt\/ram-board-edge\/#breadcrumb"},"inLanguage":"pl-PL","potentialAction":[{"@type":"ReadAction","target":["https:\/\/primaverde.com\/pl\/produkt\/ram-board-edge\/"]}]},{"@type":"ImageObject","inLanguage":"pl-PL","@id":"https:\/\/primaverde.com\/pl\/produkt\/ram-board-edge\/#primaryimage","url":"https:\/\/primaverde.com\/wp-content\/uploads\/2024\/07\/EdgeTape14Day_P0NZ_s02.png","contentUrl":"https:\/\/primaverde.com\/wp-content\/uploads\/2024\/07\/EdgeTape14Day_P0NZ_s02.png","width":600,"height":600},{"@type":"BreadcrumbList","@id":"https:\/\/primaverde.com\/pl\/produkt\/ram-board-edge\/#breadcrumb","itemListElement":[{"@type":"ListItem","position":1,"name":"Home","item":"https:\/\/primaverde.com\/pl\/"},{"@type":"ListItem","position":2,"name":"Boutique","item":"https:\/\/primaverde.com\/pl\/boutique\/"},{"@type":"ListItem","position":3,"name":"Ram Board Edge"}]},{"@type":"WebSite","@id":"https:\/\/primaverde.com\/pl\/#website","url":"https:\/\/primaverde.com\/pl\/","name":"Primaverde","description":"Covering material, protection, tapes, Beschermende materialen","publisher":{"@id":"https:\/\/primaverde.com\/pl\/#organization"},"potentialAction":[{"@type":"SearchAction","target":{"@type":"EntryPoint","urlTemplate":"https:\/\/primaverde.com\/pl\/?s={search_term_string}"},"query-input":{"@type":"PropertyValueSpecification","valueRequired":true,"valueName":"search_term_string"}}],"inLanguage":"pl-PL"},{"@type":"Organization","@id":"https:\/\/primaverde.com\/pl\/#organization","name":"Primaverde B.V.","url":"https:\/\/primaverde.com\/pl\/","logo":{"@type":"ImageObject","inLanguage":"pl-PL","@id":"https:\/\/primaverde.com\/pl\/#\/schema\/logo\/image\/","url":"https:\/\/primaverde.com\/wp-content\/uploads\/2015\/03\/Logo_Primaverde.jpg","contentUrl":"https:\/\/primaverde.com\/wp-content\/uploads\/2015\/03\/Logo_Primaverde.jpg","width":1170,"height":212,"caption":"Primaverde B.V."},"image":{"@id":"https:\/\/primaverde.com\/pl\/#\/schema\/logo\/image\/"},"sameAs":["https:\/\/www.facebook.com\/PrimaverdeBV\/","https:\/\/x.com\/PrimaverdeBV","https:\/\/nl.linkedin.com\/company\/primaverde","http:\/\/www.youtube.com\/channel\/UC3DwQqj8f8tatLdSFA0aWwA"]}]}},"_links":{"self":[{"href":"https:\/\/primaverde.com\/pl\/wp-json\/wp\/v2\/product\/43008","targetHints":{"allow":["GET"]}}],"collection":[{"href":"https:\/\/primaverde.com\/pl\/wp-json\/wp\/v2\/product"}],"about":[{"href":"https:\/\/primaverde.com\/pl\/wp-json\/wp\/v2\/types\/product"}],"replies":[{"embeddable":true,"href":"https:\/\/primaverde.com\/pl\/wp-json\/wp\/v2\/comments?post=43008"}],"wp:featuredmedia":[{"embeddable":true,"href":"https:\/\/primaverde.com\/pl\/wp-json\/wp\/v2\/media\/45835"}],"wp:attachment":[{"href":"https:\/\/primaverde.com\/pl\/wp-json\/wp\/v2\/media?parent=43008"}],"wp:term":[{"taxonomy":"product_brand","embeddable":true,"href":"https:\/\/primaverde.com\/pl\/wp-json\/wp\/v2\/product_brand?post=43008"},{"taxonomy":"product_cat","embeddable":true,"href":"https:\/\/primaverde.com\/pl\/wp-json\/wp\/v2\/product_cat?post=43008"},{"taxonomy":"product_tag","embeddable":true,"href":"https:\/\/primaverde.com\/pl\/wp-json\/wp\/v2\/product_tag?post=43008"}],"curies":[{"name":"wp","href":"https:\/\/api.w.org\/{rel}","templated":true}]}}