{"id":45588,"date":"2026-02-04T10:23:25","date_gmt":"2026-02-04T09:23:25","guid":{"rendered":"https:\/\/primaverde.com\/?post_type=product&#038;p=45588"},"modified":"2026-04-15T14:41:21","modified_gmt":"2026-04-15T13:41:21","slug":"ram-board-stair-armor","status":"publish","type":"product","link":"https:\/\/primaverde.com\/pl\/produkt\/ram-board-stair-armor\/","title":{"rendered":"Ram Board Stair Armor"},"content":{"rendered":"<h2>Trwa\u0142a, tymczasowa ochrona schod\u00f3w<\/h2>\n<p>Ram Board Stair Armor chroni stopnie schod\u00f3w. Ta wytrzyma\u0142a, wielokrotnego u\u017cytku ochrona schod\u00f3w jest wykonana ze wzmocnionego kartonu pochodz\u0105cego z recyklingu i zawsze pasuje.<\/p>\n<p><strong>W\u0142a\u015bciwo\u015bci:<\/strong><\/p>\n<ul>\n<li>Wzmocniona powierzchnia z zaokr\u0105glonym profilem naro\u017cnym<\/li>\n<li>Pasuje do ka\u017cdego stopnia<\/li>\n<li>Wykonane z materia\u0142\u00f3w pochodz\u0105cych z recyklingu<\/li>\n<li>Spill Guard \u2013 ochrona przed wyciekiem p\u0142yn\u00f3w<\/li>\n<li>Wielokrotnego u\u017cytku i nadaj\u0105ce si\u0119 do recyklingu<\/li>\n<\/ul>\n","protected":false},"excerpt":{"rendered":"<h2>Trwa\u0142a, tymczasowa ochrona schod\u00f3w<\/h2>\n<p>Ram Board Stair Armor chroni stopnie schod\u00f3w. Ta wytrzyma\u0142a, wielokrotnego u\u017cytku ochrona schod\u00f3w jest wykonana ze wzmocnionego kartonu pochodz\u0105cego z recyklingu i zawsze pasuje.<\/p>\n<p><strong>W\u0142a\u015bciwo\u015bci:<\/strong><\/p>\n<ul>\n<li>Wzmocniona powierzchnia z zaokr\u0105glonym profilem naro\u017cnym<\/li>\n<li>Pasuje do ka\u017cdego stopnia<\/li>\n<li>Wykonane z materia\u0142\u00f3w pochodz\u0105cych z recyklingu<\/li>\n<li>Spill Guard \u2013 ochrona przed wyciekiem p\u0142yn\u00f3w<\/li>\n<li>Wielokrotnego u\u017cytku i nadaj\u0105ce si\u0119 do recyklingu<\/li>\n<\/ul>\n","protected":false},"featured_media":45693,"comment_status":"closed","ping_status":"closed","template":"","meta":{"generate_page_header":""},"product_brand":[],"product_cat":[5742],"product_tag":[],"class_list":{"0":"post-45588","1":"product","2":"type-product","3":"status-publish","4":"has-post-thumbnail","6":"product_cat-ramboard-pl","7":"infinite-scroll-item","8":"","9":"woocommerce-text-align-left","10":"woocommerce-image-align-center","11":"wc-has-gallery","13":"first","14":"instock","15":"shipping-taxable","16":"product-type-simple"},"yoast_head":"<!-- This site is optimized with the Yoast SEO Premium plugin v26.8 (Yoast SEO v27.4) - https:\/\/yoast.com\/product\/yoast-seo-premium-wordpress\/ -->\n<title>Ram Board Stair Armor - Primaverde<\/title>\n<meta name=\"robots\" content=\"index, follow, max-snippet:-1, max-image-preview:large, max-video-preview:-1\" \/>\n<link rel=\"canonical\" href=\"https:\/\/primaverde.com\/pl\/produkt\/ram-board-stair-armor\/\" \/>\n<meta property=\"og:locale\" content=\"pl_PL\" \/>\n<meta property=\"og:type\" content=\"article\" \/>\n<meta property=\"og:title\" content=\"Ram Board Stair Armor\" \/>\n<meta property=\"og:description\" content=\"Trwa\u0142a, tymczasowa ochrona schod\u00f3wRam Board Stair Armor chroni stopnie schod\u00f3w. Ta wytrzyma\u0142a, wielokrotnego u\u017cytku ochrona schod\u00f3w jest wykonana ze wzmocnionego kartonu pochodz\u0105cego z recyklingu i zawsze pasuje.W\u0142a\u015bciwo\u015bci:Wzmocniona powierzchnia z zaokr\u0105glonym profilem naro\u017cnymPasuje do ka\u017cdego stopniaWykonane z materia\u0142\u00f3w pochodz\u0105cych z recyklinguSpill Guard \u2013 ochrona przed wyciekiem p\u0142yn\u00f3wWielokrotnego u\u017cytku i nadaj\u0105ce si\u0119 do recyklingu\" \/>\n<meta property=\"og:url\" content=\"https:\/\/primaverde.com\/pl\/produkt\/ram-board-stair-armor\/\" \/>\n<meta property=\"og:site_name\" content=\"Primaverde\" \/>\n<meta property=\"article:publisher\" content=\"https:\/\/www.facebook.com\/PrimaverdeBV\/\" \/>\n<meta property=\"article:modified_time\" content=\"2026-04-15T13:41:21+00:00\" \/>\n<meta property=\"og:image\" content=\"https:\/\/primaverde.com\/wp-content\/uploads\/2026\/02\/StairArmor_P0NZ_s01-1100x1100.png\" \/>\n\t<meta property=\"og:image:width\" content=\"1100\" \/>\n\t<meta property=\"og:image:height\" content=\"1100\" \/>\n\t<meta property=\"og:image:type\" content=\"image\/png\" \/>\n<meta name=\"twitter:card\" content=\"summary_large_image\" \/>\n<meta name=\"twitter:site\" content=\"@PrimaverdeBV\" \/>\n<meta name=\"twitter:label1\" content=\"Szacowany czas czytania\" \/>\n\t<meta name=\"twitter:data1\" content=\"1 minuta\" \/>\n<script type=\"application\/ld+json\" class=\"yoast-schema-graph\">{\"@context\":\"https:\\\/\\\/schema.org\",\"@graph\":[{\"@type\":\"WebPage\",\"@id\":\"https:\\\/\\\/primaverde.com\\\/pl\\\/produkt\\\/ram-board-stair-armor\\\/\",\"url\":\"https:\\\/\\\/primaverde.com\\\/pl\\\/produkt\\\/ram-board-stair-armor\\\/\",\"name\":\"Ram Board Stair Armor - Primaverde\",\"isPartOf\":{\"@id\":\"https:\\\/\\\/primaverde.com\\\/pl\\\/#website\"},\"primaryImageOfPage\":{\"@id\":\"https:\\\/\\\/primaverde.com\\\/pl\\\/produkt\\\/ram-board-stair-armor\\\/#primaryimage\"},\"image\":{\"@id\":\"https:\\\/\\\/primaverde.com\\\/pl\\\/produkt\\\/ram-board-stair-armor\\\/#primaryimage\"},\"thumbnailUrl\":\"https:\\\/\\\/primaverde.com\\\/wp-content\\\/uploads\\\/2026\\\/02\\\/StairArmor_P0NZ_s01-scaled.png\",\"datePublished\":\"2026-02-04T09:23:25+00:00\",\"dateModified\":\"2026-04-15T13:41:21+00:00\",\"breadcrumb\":{\"@id\":\"https:\\\/\\\/primaverde.com\\\/pl\\\/produkt\\\/ram-board-stair-armor\\\/#breadcrumb\"},\"inLanguage\":\"pl-PL\",\"potentialAction\":[{\"@type\":\"ReadAction\",\"target\":[\"https:\\\/\\\/primaverde.com\\\/pl\\\/produkt\\\/ram-board-stair-armor\\\/\"]}]},{\"@type\":\"ImageObject\",\"inLanguage\":\"pl-PL\",\"@id\":\"https:\\\/\\\/primaverde.com\\\/pl\\\/produkt\\\/ram-board-stair-armor\\\/#primaryimage\",\"url\":\"https:\\\/\\\/primaverde.com\\\/wp-content\\\/uploads\\\/2026\\\/02\\\/StairArmor_P0NZ_s01-scaled.png\",\"contentUrl\":\"https:\\\/\\\/primaverde.com\\\/wp-content\\\/uploads\\\/2026\\\/02\\\/StairArmor_P0NZ_s01-scaled.png\",\"width\":2560,\"height\":2560},{\"@type\":\"BreadcrumbList\",\"@id\":\"https:\\\/\\\/primaverde.com\\\/pl\\\/produkt\\\/ram-board-stair-armor\\\/#breadcrumb\",\"itemListElement\":[{\"@type\":\"ListItem\",\"position\":1,\"name\":\"Home\",\"item\":\"https:\\\/\\\/primaverde.com\\\/pl\\\/\"},{\"@type\":\"ListItem\",\"position\":2,\"name\":\"Boutique\",\"item\":\"https:\\\/\\\/primaverde.com\\\/pl\\\/boutique\\\/\"},{\"@type\":\"ListItem\",\"position\":3,\"name\":\"Ram Board Stair Armor\"}]},{\"@type\":\"WebSite\",\"@id\":\"https:\\\/\\\/primaverde.com\\\/pl\\\/#website\",\"url\":\"https:\\\/\\\/primaverde.com\\\/pl\\\/\",\"name\":\"Primaverde\",\"description\":\"Covering material, protection, tapes, Beschermende materialen\",\"publisher\":{\"@id\":\"https:\\\/\\\/primaverde.com\\\/pl\\\/#organization\"},\"potentialAction\":[{\"@type\":\"SearchAction\",\"target\":{\"@type\":\"EntryPoint\",\"urlTemplate\":\"https:\\\/\\\/primaverde.com\\\/pl\\\/?s={search_term_string}\"},\"query-input\":{\"@type\":\"PropertyValueSpecification\",\"valueRequired\":true,\"valueName\":\"search_term_string\"}}],\"inLanguage\":\"pl-PL\"},{\"@type\":\"Organization\",\"@id\":\"https:\\\/\\\/primaverde.com\\\/pl\\\/#organization\",\"name\":\"Primaverde B.V.\",\"url\":\"https:\\\/\\\/primaverde.com\\\/pl\\\/\",\"logo\":{\"@type\":\"ImageObject\",\"inLanguage\":\"pl-PL\",\"@id\":\"https:\\\/\\\/primaverde.com\\\/pl\\\/#\\\/schema\\\/logo\\\/image\\\/\",\"url\":\"https:\\\/\\\/primaverde.com\\\/wp-content\\\/uploads\\\/2015\\\/03\\\/Logo_Primaverde.jpg\",\"contentUrl\":\"https:\\\/\\\/primaverde.com\\\/wp-content\\\/uploads\\\/2015\\\/03\\\/Logo_Primaverde.jpg\",\"width\":1170,\"height\":212,\"caption\":\"Primaverde B.V.\"},\"image\":{\"@id\":\"https:\\\/\\\/primaverde.com\\\/pl\\\/#\\\/schema\\\/logo\\\/image\\\/\"},\"sameAs\":[\"https:\\\/\\\/www.facebook.com\\\/PrimaverdeBV\\\/\",\"https:\\\/\\\/x.com\\\/PrimaverdeBV\",\"https:\\\/\\\/nl.linkedin.com\\\/company\\\/primaverde\",\"http:\\\/\\\/www.youtube.com\\\/channel\\\/UC3DwQqj8f8tatLdSFA0aWwA\"]}]}<\/script>\n<!-- \/ Yoast SEO Premium plugin. -->","yoast_head_json":{"title":"Ram Board Stair Armor - Primaverde","robots":{"index":"index","follow":"follow","max-snippet":"max-snippet:-1","max-image-preview":"max-image-preview:large","max-video-preview":"max-video-preview:-1"},"canonical":"https:\/\/primaverde.com\/pl\/produkt\/ram-board-stair-armor\/","og_locale":"pl_PL","og_type":"article","og_title":"Ram Board Stair Armor","og_description":"Trwa\u0142a, tymczasowa ochrona schod\u00f3wRam Board Stair Armor chroni stopnie schod\u00f3w. Ta wytrzyma\u0142a, wielokrotnego u\u017cytku ochrona schod\u00f3w jest wykonana ze wzmocnionego kartonu pochodz\u0105cego z recyklingu i zawsze pasuje.W\u0142a\u015bciwo\u015bci:Wzmocniona powierzchnia z zaokr\u0105glonym profilem naro\u017cnymPasuje do ka\u017cdego stopniaWykonane z materia\u0142\u00f3w pochodz\u0105cych z recyklinguSpill Guard \u2013 ochrona przed wyciekiem p\u0142yn\u00f3wWielokrotnego u\u017cytku i nadaj\u0105ce si\u0119 do recyklingu","og_url":"https:\/\/primaverde.com\/pl\/produkt\/ram-board-stair-armor\/","og_site_name":"Primaverde","article_publisher":"https:\/\/www.facebook.com\/PrimaverdeBV\/","article_modified_time":"2026-04-15T13:41:21+00:00","og_image":[{"width":1100,"height":1100,"url":"https:\/\/primaverde.com\/wp-content\/uploads\/2026\/02\/StairArmor_P0NZ_s01-1100x1100.png","type":"image\/png"}],"twitter_card":"summary_large_image","twitter_site":"@PrimaverdeBV","twitter_misc":{"Szacowany czas czytania":"1 minuta"},"schema":{"@context":"https:\/\/schema.org","@graph":[{"@type":"WebPage","@id":"https:\/\/primaverde.com\/pl\/produkt\/ram-board-stair-armor\/","url":"https:\/\/primaverde.com\/pl\/produkt\/ram-board-stair-armor\/","name":"Ram Board Stair Armor - Primaverde","isPartOf":{"@id":"https:\/\/primaverde.com\/pl\/#website"},"primaryImageOfPage":{"@id":"https:\/\/primaverde.com\/pl\/produkt\/ram-board-stair-armor\/#primaryimage"},"image":{"@id":"https:\/\/primaverde.com\/pl\/produkt\/ram-board-stair-armor\/#primaryimage"},"thumbnailUrl":"https:\/\/primaverde.com\/wp-content\/uploads\/2026\/02\/StairArmor_P0NZ_s01-scaled.png","datePublished":"2026-02-04T09:23:25+00:00","dateModified":"2026-04-15T13:41:21+00:00","breadcrumb":{"@id":"https:\/\/primaverde.com\/pl\/produkt\/ram-board-stair-armor\/#breadcrumb"},"inLanguage":"pl-PL","potentialAction":[{"@type":"ReadAction","target":["https:\/\/primaverde.com\/pl\/produkt\/ram-board-stair-armor\/"]}]},{"@type":"ImageObject","inLanguage":"pl-PL","@id":"https:\/\/primaverde.com\/pl\/produkt\/ram-board-stair-armor\/#primaryimage","url":"https:\/\/primaverde.com\/wp-content\/uploads\/2026\/02\/StairArmor_P0NZ_s01-scaled.png","contentUrl":"https:\/\/primaverde.com\/wp-content\/uploads\/2026\/02\/StairArmor_P0NZ_s01-scaled.png","width":2560,"height":2560},{"@type":"BreadcrumbList","@id":"https:\/\/primaverde.com\/pl\/produkt\/ram-board-stair-armor\/#breadcrumb","itemListElement":[{"@type":"ListItem","position":1,"name":"Home","item":"https:\/\/primaverde.com\/pl\/"},{"@type":"ListItem","position":2,"name":"Boutique","item":"https:\/\/primaverde.com\/pl\/boutique\/"},{"@type":"ListItem","position":3,"name":"Ram Board Stair Armor"}]},{"@type":"WebSite","@id":"https:\/\/primaverde.com\/pl\/#website","url":"https:\/\/primaverde.com\/pl\/","name":"Primaverde","description":"Covering material, protection, tapes, Beschermende materialen","publisher":{"@id":"https:\/\/primaverde.com\/pl\/#organization"},"potentialAction":[{"@type":"SearchAction","target":{"@type":"EntryPoint","urlTemplate":"https:\/\/primaverde.com\/pl\/?s={search_term_string}"},"query-input":{"@type":"PropertyValueSpecification","valueRequired":true,"valueName":"search_term_string"}}],"inLanguage":"pl-PL"},{"@type":"Organization","@id":"https:\/\/primaverde.com\/pl\/#organization","name":"Primaverde B.V.","url":"https:\/\/primaverde.com\/pl\/","logo":{"@type":"ImageObject","inLanguage":"pl-PL","@id":"https:\/\/primaverde.com\/pl\/#\/schema\/logo\/image\/","url":"https:\/\/primaverde.com\/wp-content\/uploads\/2015\/03\/Logo_Primaverde.jpg","contentUrl":"https:\/\/primaverde.com\/wp-content\/uploads\/2015\/03\/Logo_Primaverde.jpg","width":1170,"height":212,"caption":"Primaverde B.V."},"image":{"@id":"https:\/\/primaverde.com\/pl\/#\/schema\/logo\/image\/"},"sameAs":["https:\/\/www.facebook.com\/PrimaverdeBV\/","https:\/\/x.com\/PrimaverdeBV","https:\/\/nl.linkedin.com\/company\/primaverde","http:\/\/www.youtube.com\/channel\/UC3DwQqj8f8tatLdSFA0aWwA"]}]}},"_links":{"self":[{"href":"https:\/\/primaverde.com\/pl\/wp-json\/wp\/v2\/product\/45588","targetHints":{"allow":["GET"]}}],"collection":[{"href":"https:\/\/primaverde.com\/pl\/wp-json\/wp\/v2\/product"}],"about":[{"href":"https:\/\/primaverde.com\/pl\/wp-json\/wp\/v2\/types\/product"}],"replies":[{"embeddable":true,"href":"https:\/\/primaverde.com\/pl\/wp-json\/wp\/v2\/comments?post=45588"}],"wp:featuredmedia":[{"embeddable":true,"href":"https:\/\/primaverde.com\/pl\/wp-json\/wp\/v2\/media\/45693"}],"wp:attachment":[{"href":"https:\/\/primaverde.com\/pl\/wp-json\/wp\/v2\/media?parent=45588"}],"wp:term":[{"taxonomy":"product_brand","embeddable":true,"href":"https:\/\/primaverde.com\/pl\/wp-json\/wp\/v2\/product_brand?post=45588"},{"taxonomy":"product_cat","embeddable":true,"href":"https:\/\/primaverde.com\/pl\/wp-json\/wp\/v2\/product_cat?post=45588"},{"taxonomy":"product_tag","embeddable":true,"href":"https:\/\/primaverde.com\/pl\/wp-json\/wp\/v2\/product_tag?post=45588"}],"curies":[{"name":"wp","href":"https:\/\/api.w.org\/{rel}","templated":true}]}}