{"id":44686,"date":"2025-07-28T10:21:53","date_gmt":"2025-07-28T09:21:53","guid":{"rendered":"https:\/\/primaverde.com\/primaverde\/"},"modified":"2026-01-23T12:09:59","modified_gmt":"2026-01-23T11:09:59","slug":"primaverde","status":"publish","type":"page","link":"https:\/\/primaverde.com\/sv\/","title":{"rendered":"Primaverde"},"content":{"rendered":"\n<h1 class=\"wp-block-heading has-text-align-center\" id=\"h-primaverde-rent-sakert-och-dammfritt-arbete\">Primaverde: rent, s\u00e4kert och dammfritt arbete<\/h1>\n\n\n\n<h2 class=\"wp-block-heading has-text-align-center\" id=\"h-fiberduk-tackfolie-dammdorrar-fogningsverktyg-och-specialtejper-for-bygg-och-renovering\">Fiberduk, t\u00e4ckfolie, dammd\u00f6rrar, fogningsverktyg och specialtejper f\u00f6r bygg och renovering<br><\/h2>\n\n\n\n<h3 class=\"wp-block-heading\" id=\"h-bygg-och-renoveringsforetag-undviker-reparationskostnader-med-primaverdes-produktsortiment\">Bygg- och renoveringsf\u00f6retag undviker reparationskostnader med Primaverdes produktsortiment!<\/h3>\n\n\n\n<p><strong>Bygg- och renoveringsf\u00f6retag b\u00f6r undvika reparationskostnader. Skador p\u00e5 golv, trappor och f\u00f6nster leder inte bara till diskussioner om ers\u00e4ttning, utan ocks\u00e5 till f\u00f6rseningar i byggprocessen. Primaverde BV har ett omfattande sortiment av p\u00e5litliga produkter f\u00f6r rent och s\u00e4kert arbete. Till exempel fiberduk, t\u00e4ckfolie, dammd\u00f6rrar och klistermattor. Men ocks\u00e5 tejp och fogningsverktyg.<\/strong><\/p>\n\n\n\n<div class=\"wp-block-columns has-3-columns is-layout-flex wp-container-core-columns-is-layout-9d6595d7 wp-block-columns-is-layout-flex\">\n<div class=\"wp-block-column is-layout-flow wp-block-column-is-layout-flow\">\n<h3 class=\"wp-block-heading\" id=\"h-palitliga-kvalitetsmarken\">P\u00e5litliga kvalitetsm\u00e4rken<\/h3>\n\n\n\n<p>Primaverdes p\u00e5litliga premiumvarum\u00e4rken utm\u00e4rker sig genom innovation och effektivitet. V\u00e5ra t\u00e4ckmaterial, dammskyddssytem och verktyg bevisar sin kvalitet varje dag. Till exempel inom bygg- och renoveringsbranschen, men \u00e4ven inom andra branscher.<\/p>\n\n\n\n<h3 class=\"wp-block-heading\" id=\"h-primacover-ram-board-dustshield-och-flere-marken\">PrimaCover, Ram Board, Dustshield och flere m\u00e4rken:<\/h3>\n\n\n\n<ul class=\"wp-block-list\">\n<li>PrimaCover t\u00e4ckmaterial och dammd\u00f6rrar<\/li>\n\n\n\n<li>Ram Board t\u00e4ckmaterial<\/li>\n\n\n\n<li>Dustshield dammskyddssytem<\/li>\n\n\n\n<li>FugenMeister fogverktyg<\/li>\n<\/ul>\n<\/div>\n\n\n\n<div class=\"wp-block-column is-layout-flow wp-block-column-is-layout-flow\">\n<h3 class=\"wp-block-heading\" id=\"h-teknisk-och-kommersiell-support\">Teknisk och kommersiell support<\/h3>\n\n\n\n<p>Primaverde \u00e4r verksamma inom m\u00e5nga olika branscher, s\u00e5som bygg- och renoveringsbranschen, m\u00e5lningssektorn, flyttbranschen och industrin. Vi levererar v\u00e5ra produkter via j\u00e4rnhandlare och maskinhandlare, professionella byggvaruhus och m\u00e5lningsbutiker.<\/p>\n\n\n\n<p class=\"has-contrast-color has-text-color has-link-color wp-elements-8e93cb40f4aa559d4248fd601476f5f2\">F\u00f6r Primaverde \u00e4r f\u00f6rs\u00e4ljningen bara en framg\u00e5ng om v\u00e5ra k\u00f6pare och deras kunder \u00e4r n\u00f6jda. D\u00e4rf\u00f6r anst\u00e4ller vi personer med praktisk erfarenhet inom bygge, renovering och underh\u00e5ll. F\u00f6rutom ett genomt\u00e4nkt sortiment av h\u00f6g kvalitet erbjuder vi v\u00e5ra kunder teknisk och kommersiell support. Till exempel inom sortimentssammans\u00e4ttning, praktiska r\u00e5d f\u00f6r specialprojekt och ett <a href=\"\/sv\/?page_id=44740\">tillg\u00e4ngligt f\u00f6rs\u00e4ljningskontor<\/a>.<\/p>\n<\/div>\n\n\n\n<div class=\"wp-block-column is-layout-flow wp-block-column-is-layout-flow\">\n<figure class=\"wp-block-image size-full\"><img loading=\"lazy\" decoding=\"async\" width=\"600\" height=\"399\" src=\"https:\/\/primaverde.com\/wp-content\/uploads\/2025\/07\/Rent-och-sakert-arbete-2025.png\" alt=\"\" class=\"wp-image-45009\" srcset=\"https:\/\/primaverde.com\/wp-content\/uploads\/2025\/07\/Rent-och-sakert-arbete-2025.png 600w, https:\/\/primaverde.com\/wp-content\/uploads\/2025\/07\/Rent-och-sakert-arbete-2025-300x200.png 300w\" sizes=\"auto, (max-width: 600px) 100vw, 600px\" \/><\/figure>\n<\/div>\n<\/div>\n\n\n\n<div class=\"wp-block-columns has-2-columns promo is-layout-flex wp-container-core-columns-is-layout-9d6595d7 wp-block-columns-is-layout-flex\">\n<div class=\"wp-block-column is-layout-flow wp-block-column-is-layout-flow\">\n<div class=\"wp-block-media-text alignwide has-media-on-the-right is-stacked-on-mobile has-background\" style=\"background-color:#ffffff\"><div class=\"wp-block-media-text__content\">\n<h3 class=\"wp-block-heading h3-promo red\" id=\"h-finns-hos-din-lokala-byggvaruhandel-och-jarnhandel\"><strong>Finns hos din lokala byggvaruhandel och j\u00e4rnhandel<\/strong><\/h3>\n\n\n\n<p><\/p>\n<\/div><figure class=\"wp-block-media-text__media\"><img loading=\"lazy\" decoding=\"async\" width=\"600\" height=\"600\" src=\"https:\/\/primaverde.com\/wp-content\/uploads\/2018\/10\/Afb_PC_Evapo_600x600px_.jpg\" alt=\"PrimaCover Evapo op houten vloeren en andere gevoelige ondergronden\" class=\"wp-image-5170 size-full\" srcset=\"https:\/\/primaverde.com\/wp-content\/uploads\/2018\/10\/Afb_PC_Evapo_600x600px_.jpg 600w, https:\/\/primaverde.com\/wp-content\/uploads\/2018\/10\/Afb_PC_Evapo_600x600px_-300x300.jpg 300w, https:\/\/primaverde.com\/wp-content\/uploads\/2018\/10\/Afb_PC_Evapo_600x600px_-100x100.jpg 100w\" sizes=\"auto, (max-width: 600px) 100vw, 600px\" \/><\/figure><\/div>\n<\/div>\n\n\n\n<div class=\"wp-block-column align_vertical is-layout-flow wp-block-column-is-layout-flow\">\n<p><\/p>\n\n\n\n<h3 class=\"wp-block-heading has-text-align-left h3-promo wit\" id=\"h-vara-produkter-ger-sakerhet\"><strong>V\u00e5ra produkter ger s\u00e4kerhet<\/strong><\/h3>\n\n\n\n<p class=\"has-text-color\" style=\"color:#ffffff\"><strong>Hur viktigt det \u00e4r att skydda golvytor och milj\u00f6 under arbetet blir tydligt f\u00f6rst n\u00e4r olyckan \u00e4r framme. V\u00e5ra produkter anv\u00e4nds varje dag p\u00e5 byggarbetsplatser, i hem och p\u00e5 sjukhus, vid evenemang och p\u00e5 museer. V\u00e5ra produkter erbjuder s\u00e4kerhet. Vad kan vi g\u00f6ra f\u00f6r dig? Kontakta oss!<\/strong><\/p>\n<\/div>\n<\/div>\n\n\n\n<p><\/p>\n\n\n\n<div class=\"wp-block-columns has-3-columns is-layout-flex wp-container-core-columns-is-layout-9d6595d7 wp-block-columns-is-layout-flex\">\n<div class=\"wp-block-column is-layout-flow wp-block-column-is-layout-flow\">\n<h3 class=\"wp-block-heading\" id=\"h-primaverde-ar-aktiv-inom-dessa-branscher\">Primaverde \u00e4r aktiv inom dessa branscher<\/h3>\n\n\n\n<p>Primaverdes s\u00e4ljkonsulter \u00e4r ute p\u00e5 v\u00e4garna varje dag f\u00f6r att ge teknisk och kommersiell support. De kan allt om ytskydd (t.ex. golv, trappor och f\u00f6nster) och dammfritt arbete. Primaverde \u00e4r verksamt inom f\u00f6ljande branscher:<\/p>\n\n\n\n<ul class=\"wp-block-list\">\n<li>Bygg<\/li>\n\n\n\n<li>Renovering<\/li>\n\n\n\n<li>Efterbehandling<\/li>\n\n\n\n<li>M\u00e5lararbete<\/li>\n\n\n\n<li>G\u00f6r-det-sj\u00e4lv (DIY)<\/li>\n\n\n\n<li>Tekniskt underh\u00e5ll<\/li>\n\n\n\n<li>Arrangemang<\/li>\n\n\n\n<li>Maritimt<\/li>\n<\/ul>\n<\/div>\n\n\n\n<div class=\"wp-block-column is-layout-flow wp-block-column-is-layout-flow\">\n<h3 class=\"wp-block-heading\" id=\"h-vart-varumarke-eller-ditt-eget-private-label\">V\u00e5rt varum\u00e4rke eller ditt eget private label?<\/h3>\n\n\n\n<p>Primaverde kan ocks\u00e5 tillverka m\u00e5nga produkter \u00e5t dig, till exempel t\u00e4ckmaterial, utifr\u00e5n s\u00e4rskilda kundkrav med eller utan personalisering. Vad s\u00e4gs om ditt eget varum\u00e4rke (EMV, private label), d\u00e4r materialet levereras helt enligt dina specifikationer och med eget tryck?<\/p>\n<\/div>\n\n\n\n<div class=\"wp-block-column is-layout-flow wp-block-column-is-layout-flow\">\n<figure class=\"wp-block-image\"><img loading=\"lazy\" decoding=\"async\" width=\"600\" height=\"399\" src=\"https:\/\/primaverde.com\/wp-content\/uploads\/2015\/03\/Primaverde17_presentatie_PrimaCover.jpg\" alt=\"Primaverde presentatie PrimaCover\" class=\"wp-image-2633\" srcset=\"https:\/\/primaverde.com\/wp-content\/uploads\/2015\/03\/Primaverde17_presentatie_PrimaCover.jpg 600w, https:\/\/primaverde.com\/wp-content\/uploads\/2015\/03\/Primaverde17_presentatie_PrimaCover-300x200.jpg 300w, https:\/\/primaverde.com\/wp-content\/uploads\/2015\/03\/Primaverde17_presentatie_PrimaCover-272x182.jpg 272w\" sizes=\"auto, (max-width: 600px) 100vw, 600px\" \/><\/figure>\n<\/div>\n<\/div>\n\n\n\n<h2 class=\"wp-block-heading\" id=\"h-aktuellt\">Aktuellt<\/h2>\n\n\n<style>.slick-slider#wpsp-5385 {margin-left: 0px; }.slick-slider#wpsp-5385 .wp-show-posts-inner {margin-left: 1em; margin-right: 1em; }#wpsp-5385.wpsp-card .wp-show-posts-single {margin-bottom: 2em; }.slick-slider#wpsp-5385 .wp-show-posts-single {margin-bottom: 0px; }#wpsp-5385 .wp-show-posts-inner {background-color: #ffffff; }#wpsp-5385 .wp-show-posts-read-more,\t\t#wpsp-5385 .wp-show-posts-read-more:visited {background: #ffffff; border-color: #d8d8d8; color: #ffffff; }#wpsp-5385 .wp-show-posts-read-more:hover,\t\t#wpsp-5385 .wp-show-posts-read-more:focus {background: #ffffff; border-color: #d8d8d8; color: #ffffff; }<\/style><style>.wp-show-posts-columns#wpsp-5385 {margin-left: -2em; }.wp-show-posts-columns#wpsp-5385 .wp-show-posts-inner {margin: 0 0 2em 2em; }<\/style><section id=\"wpsp-5385\" class=\" wp-show-posts-columns wp-show-posts\" style=\"\"><article class=\" wp-show-posts-single post-45105 post type-post status-publish format-standard has-post-thumbnail hentry category-beurzen-sv category-primacover-sv category-primaverde-sv wpsp-col-3\" itemtype=\"http:\/\/schema.org\/CreativeWork\" itemscope><div class=\"wp-show-posts-inner\" style=\"\">\t\t\t\t\t\t<header class=\"wp-show-posts-entry-header\">\n\t\t\t\t\t\t\t<h2 class=\"wp-show-posts-entry-title\" itemprop=\"headline\"><a href=\"https:\/\/primaverde.com\/sv\/primacover-sv\/primaverde-pa-massan-bygg-reis-deg-2025-i-norge\/\" rel=\"bookmark\">Primaverde p\u00e5 m\u00e4ssan Bygg Reis Deg 2025 i Norge<\/a><\/h2>\t\t\t\t\t\t<\/header><!-- .entry-header -->\n\t\t\t\t\t\t\t<div class=\"wp-show-posts-image  wpsp-image-center \">\n\t\t\t<a href=\"https:\/\/primaverde.com\/sv\/primacover-sv\/primaverde-pa-massan-bygg-reis-deg-2025-i-norge\/\"  title=\"Primaverde p\u00e5 m\u00e4ssan Bygg Reis Deg 2025 i Norge\"><img loading=\"lazy\" decoding=\"async\" width=\"500\" height=\"232\" src=\"https:\/\/primaverde.com\/wp-content\/uploads\/2025\/09\/Bygg-Reis-Deg-2025.png\" class=\"attachment-full size-full wp-post-image\" alt=\"\" itemprop=\"image\" srcset=\"https:\/\/primaverde.com\/wp-content\/uploads\/2025\/09\/Bygg-Reis-Deg-2025.png 500w, https:\/\/primaverde.com\/wp-content\/uploads\/2025\/09\/Bygg-Reis-Deg-2025-300x139.png 300w\" sizes=\"auto, (max-width: 500px) 100vw, 500px\" \/><\/a>\t\t<\/div>\n\t\t\t\t\t\t\t\t<div class=\"wp-show-posts-entry-summary\" itemprop=\"text\">\n\t\t\t\t\t\t\t<p>Uppt\u00e4ck Primaverde p\u00e5 Bygg Reis Deg 2025 i Norge! Vi kommer att visa hur v\u00e5ra golv- och ytskyddsl\u00f6sningar, s\u00e5som PrimaCover och Ram Board, g\u00f6r byggprojekt rena, s\u00e4kra och effektiva. Bes\u00f6k oss i hall E, monter E03-27 i Lillestr\u00f8m.<\/p>\n\t\t\t\t\t\t<\/div><!-- .entry-summary -->\n\t\t\t\t\t<div class=\"wpsp-read-more\"><a title=\"Primaverde p\u00e5 m\u00e4ssan Bygg Reis Deg 2025 i Norge\" class=\"wp-show-posts-read-more\" href=\"https:\/\/primaverde.com\/sv\/primacover-sv\/primaverde-pa-massan-bygg-reis-deg-2025-i-norge\/\">Lees meer...<\/a><\/div><\/div><!-- wp-show-posts-inner --><\/article><div class=\"wpsp-clear\"><\/div><\/section><!-- .wp-show-posts -->\n\n\n\n<div class=\"wp-block-columns alignfull has-5-columns wit is-layout-flex wp-container-core-columns-is-layout-9d6595d7 wp-block-columns-is-layout-flex\">\n<div class=\"wp-block-column is-vertically-aligned-center is-layout-flow wp-block-column-is-layout-flow\"><div class=\"wp-block-image\">\n<figure class=\"aligncenter\"><a href=\"https:\/\/primaverde.com\/primacover\/\"><img loading=\"lazy\" decoding=\"async\" width=\"194\" height=\"49\" src=\"https:\/\/primaverde.com\/wp-content\/uploads\/2016\/06\/Logo-PrimaCover-grijs_2-6.png\" alt=\"PrimaCover logo grijs\" class=\"wp-image-4253\" srcset=\"https:\/\/primaverde.com\/wp-content\/uploads\/2016\/06\/Logo-PrimaCover-grijs_2-6.png 194w, https:\/\/primaverde.com\/wp-content\/uploads\/2016\/06\/Logo-PrimaCover-grijs_2-6-31x8.png 31w\" sizes=\"auto, (max-width: 194px) 100vw, 194px\" \/><\/a><\/figure>\n<\/div><\/div>\n\n\n\n<div class=\"wp-block-column is-vertically-aligned-center is-layout-flow wp-block-column-is-layout-flow\"><div class=\"wp-block-image\">\n<figure class=\"aligncenter size-large\"><a href=\"https:\/\/primaverde.com\/ram-board\/\"><img loading=\"lazy\" decoding=\"async\" width=\"200\" height=\"60\" src=\"https:\/\/primaverde.com\/wp-content\/uploads\/2018\/12\/Ram-Board.png\" alt=\"Ram Board Primaverde\" class=\"wp-image-30938\"\/><\/a><\/figure>\n<\/div><\/div>\n\n\n\n<div class=\"wp-block-column is-vertically-aligned-center is-layout-flow wp-block-column-is-layout-flow\"><div class=\"wp-block-image\">\n<figure class=\"aligncenter\"><a href=\"https:\/\/primaverde.com\/fugenmeister\/\"><img loading=\"lazy\" decoding=\"async\" width=\"200\" height=\"60\" src=\"https:\/\/primaverde.com\/wp-content\/uploads\/2015\/04\/fugenmeister.png\" alt=\"Fugenmeister logo grijs\" class=\"wp-image-2838\"\/><\/a><\/figure>\n<\/div><\/div>\n<\/div>\n\n\n\n<p><\/p>\n","protected":false},"excerpt":{"rendered":"<p>Primaverde: rent, s\u00e4kert och dammfritt arbete Fiberduk, t\u00e4ckfolie, dammd\u00f6rrar, fogningsverktyg och specialtejper f\u00f6r bygg och renovering Bygg- och renoveringsf\u00f6retag undviker &#8230; <a title=\"Primaverde p\u00e5 m\u00e4ssan Bygg Reis Deg 2025 i Norge\" class=\"read-more\" href=\"https:\/\/primaverde.com\/sv\/primacover-sv\/primaverde-pa-massan-bygg-reis-deg-2025-i-norge\/\" aria-label=\"L\u00e4s mer om Primaverde p\u00e5 m\u00e4ssan Bygg Reis Deg 2025 i Norge\">Lees verder&#8230;<\/a><\/p>\n","protected":false},"author":140,"featured_media":44688,"parent":0,"menu_order":4,"comment_status":"open","ping_status":"closed","template":"homepage.php","meta":{"generate_page_header":"","footnotes":""},"class_list":["post-44686","page","type-page","status-publish","has-post-thumbnail","hentry","infinite-scroll-item","masonry-post","generate-columns","tablet-grid-50","mobile-grid-100","grid-parent","grid-33"],"yoast_head":"<!-- This site is optimized with the Yoast SEO Premium plugin v26.8 (Yoast SEO v27.4) - https:\/\/yoast.com\/product\/yoast-seo-premium-wordpress\/ -->\n<title>Primaverde t\u00e4ckmaterial<\/title>\n<meta name=\"description\" content=\"Undvik reparationskostnader med Primaverde:s t\u00e4ckmaterial. Fr\u00e5n fiberduk till fogverktyg. Dammd\u00f6rrar och h\u00e5llbara golvskydd.\" \/>\n<meta name=\"robots\" content=\"index, follow, max-snippet:-1, max-image-preview:large, max-video-preview:-1\" \/>\n<link rel=\"canonical\" href=\"https:\/\/primaverde.com\/sv\/\" \/>\n<meta property=\"og:locale\" content=\"sv_SE\" \/>\n<meta property=\"og:type\" content=\"article\" \/>\n<meta property=\"og:title\" content=\"Primaverde\" \/>\n<meta property=\"og:description\" content=\"Undvik reparationskostnader med Primaverde:s t\u00e4ckmaterial. Fr\u00e5n fiberduk till fogverktyg. Dammd\u00f6rrar och h\u00e5llbara golvskydd.\" \/>\n<meta property=\"og:url\" content=\"https:\/\/primaverde.com\/sv\/\" \/>\n<meta property=\"og:site_name\" content=\"Primaverde\" \/>\n<meta property=\"article:publisher\" content=\"https:\/\/www.facebook.com\/PrimaverdeBV\/\" \/>\n<meta property=\"article:modified_time\" content=\"2026-01-23T11:09:59+00:00\" \/>\n<meta property=\"og:image\" content=\"https:\/\/primaverde.com\/wp-content\/uploads\/2018\/11\/header_primaverde.jpg\" \/>\n\t<meta property=\"og:image:width\" content=\"1260\" \/>\n\t<meta property=\"og:image:height\" content=\"300\" \/>\n\t<meta property=\"og:image:type\" content=\"image\/jpeg\" \/>\n<meta name=\"twitter:card\" content=\"summary_large_image\" \/>\n<meta name=\"twitter:site\" content=\"@PrimaverdeBV\" \/>\n<meta name=\"twitter:label1\" content=\"Ber\u00e4knad l\u00e4stid\" \/>\n\t<meta name=\"twitter:data1\" content=\"4 minuter\" \/>\n<script type=\"application\/ld+json\" class=\"yoast-schema-graph\">{\"@context\":\"https:\\\/\\\/schema.org\",\"@graph\":[{\"@type\":\"WebPage\",\"@id\":\"https:\\\/\\\/primaverde.com\\\/sv\\\/\",\"url\":\"https:\\\/\\\/primaverde.com\\\/sv\\\/\",\"name\":\"Primaverde t\u00e4ckmaterial\",\"isPartOf\":{\"@id\":\"https:\\\/\\\/primaverde.com\\\/sv\\\/#website\"},\"primaryImageOfPage\":{\"@id\":\"https:\\\/\\\/primaverde.com\\\/sv\\\/#primaryimage\"},\"image\":{\"@id\":\"https:\\\/\\\/primaverde.com\\\/sv\\\/#primaryimage\"},\"thumbnailUrl\":\"https:\\\/\\\/primaverde.com\\\/wp-content\\\/uploads\\\/2018\\\/11\\\/header_primaverde.jpg\",\"datePublished\":\"2025-07-28T09:21:53+00:00\",\"dateModified\":\"2026-01-23T11:09:59+00:00\",\"description\":\"Undvik reparationskostnader med Primaverde:s t\u00e4ckmaterial. Fr\u00e5n fiberduk till fogverktyg. Dammd\u00f6rrar och h\u00e5llbara golvskydd.\",\"breadcrumb\":{\"@id\":\"https:\\\/\\\/primaverde.com\\\/sv\\\/#breadcrumb\"},\"inLanguage\":\"sv-SE\",\"potentialAction\":[{\"@type\":\"ReadAction\",\"target\":[\"https:\\\/\\\/primaverde.com\\\/sv\\\/\"]}]},{\"@type\":\"ImageObject\",\"inLanguage\":\"sv-SE\",\"@id\":\"https:\\\/\\\/primaverde.com\\\/sv\\\/#primaryimage\",\"url\":\"https:\\\/\\\/primaverde.com\\\/wp-content\\\/uploads\\\/2018\\\/11\\\/header_primaverde.jpg\",\"contentUrl\":\"https:\\\/\\\/primaverde.com\\\/wp-content\\\/uploads\\\/2018\\\/11\\\/header_primaverde.jpg\",\"width\":1260,\"height\":300,\"caption\":\"Primaverde verf op de trap afdekmaterialen\"},{\"@type\":\"BreadcrumbList\",\"@id\":\"https:\\\/\\\/primaverde.com\\\/sv\\\/#breadcrumb\",\"itemListElement\":[{\"@type\":\"ListItem\",\"position\":1,\"name\":\"Home\",\"item\":\"https:\\\/\\\/primaverde.com\\\/sv\\\/\"},{\"@type\":\"ListItem\",\"position\":2,\"name\":\"Primaverde\"}]},{\"@type\":\"WebSite\",\"@id\":\"https:\\\/\\\/primaverde.com\\\/sv\\\/#website\",\"url\":\"https:\\\/\\\/primaverde.com\\\/sv\\\/\",\"name\":\"Primaverde\",\"description\":\"Covering material, protection, tapes, Beschermende materialen\",\"publisher\":{\"@id\":\"https:\\\/\\\/primaverde.com\\\/sv\\\/#organization\"},\"potentialAction\":[{\"@type\":\"SearchAction\",\"target\":{\"@type\":\"EntryPoint\",\"urlTemplate\":\"https:\\\/\\\/primaverde.com\\\/sv\\\/?s={search_term_string}\"},\"query-input\":{\"@type\":\"PropertyValueSpecification\",\"valueRequired\":true,\"valueName\":\"search_term_string\"}}],\"inLanguage\":\"sv-SE\"},{\"@type\":\"Organization\",\"@id\":\"https:\\\/\\\/primaverde.com\\\/sv\\\/#organization\",\"name\":\"Primaverde B.V.\",\"url\":\"https:\\\/\\\/primaverde.com\\\/sv\\\/\",\"logo\":{\"@type\":\"ImageObject\",\"inLanguage\":\"sv-SE\",\"@id\":\"https:\\\/\\\/primaverde.com\\\/sv\\\/#\\\/schema\\\/logo\\\/image\\\/\",\"url\":\"https:\\\/\\\/primaverde.com\\\/wp-content\\\/uploads\\\/2015\\\/03\\\/Logo_Primaverde.jpg\",\"contentUrl\":\"https:\\\/\\\/primaverde.com\\\/wp-content\\\/uploads\\\/2015\\\/03\\\/Logo_Primaverde.jpg\",\"width\":1170,\"height\":212,\"caption\":\"Primaverde B.V.\"},\"image\":{\"@id\":\"https:\\\/\\\/primaverde.com\\\/sv\\\/#\\\/schema\\\/logo\\\/image\\\/\"},\"sameAs\":[\"https:\\\/\\\/www.facebook.com\\\/PrimaverdeBV\\\/\",\"https:\\\/\\\/x.com\\\/PrimaverdeBV\",\"https:\\\/\\\/nl.linkedin.com\\\/company\\\/primaverde\",\"http:\\\/\\\/www.youtube.com\\\/channel\\\/UC3DwQqj8f8tatLdSFA0aWwA\"]}]}<\/script>\n<!-- \/ Yoast SEO Premium plugin. -->","yoast_head_json":{"title":"Primaverde t\u00e4ckmaterial","description":"Undvik reparationskostnader med Primaverde:s t\u00e4ckmaterial. Fr\u00e5n fiberduk till fogverktyg. Dammd\u00f6rrar och h\u00e5llbara golvskydd.","robots":{"index":"index","follow":"follow","max-snippet":"max-snippet:-1","max-image-preview":"max-image-preview:large","max-video-preview":"max-video-preview:-1"},"canonical":"https:\/\/primaverde.com\/sv\/","og_locale":"sv_SE","og_type":"article","og_title":"Primaverde","og_description":"Undvik reparationskostnader med Primaverde:s t\u00e4ckmaterial. Fr\u00e5n fiberduk till fogverktyg. Dammd\u00f6rrar och h\u00e5llbara golvskydd.","og_url":"https:\/\/primaverde.com\/sv\/","og_site_name":"Primaverde","article_publisher":"https:\/\/www.facebook.com\/PrimaverdeBV\/","article_modified_time":"2026-01-23T11:09:59+00:00","og_image":[{"width":1260,"height":300,"url":"https:\/\/primaverde.com\/wp-content\/uploads\/2018\/11\/header_primaverde.jpg","type":"image\/jpeg"}],"twitter_card":"summary_large_image","twitter_site":"@PrimaverdeBV","twitter_misc":{"Ber\u00e4knad l\u00e4stid":"4 minuter"},"schema":{"@context":"https:\/\/schema.org","@graph":[{"@type":"WebPage","@id":"https:\/\/primaverde.com\/sv\/","url":"https:\/\/primaverde.com\/sv\/","name":"Primaverde t\u00e4ckmaterial","isPartOf":{"@id":"https:\/\/primaverde.com\/sv\/#website"},"primaryImageOfPage":{"@id":"https:\/\/primaverde.com\/sv\/#primaryimage"},"image":{"@id":"https:\/\/primaverde.com\/sv\/#primaryimage"},"thumbnailUrl":"https:\/\/primaverde.com\/wp-content\/uploads\/2018\/11\/header_primaverde.jpg","datePublished":"2025-07-28T09:21:53+00:00","dateModified":"2026-01-23T11:09:59+00:00","description":"Undvik reparationskostnader med Primaverde:s t\u00e4ckmaterial. Fr\u00e5n fiberduk till fogverktyg. Dammd\u00f6rrar och h\u00e5llbara golvskydd.","breadcrumb":{"@id":"https:\/\/primaverde.com\/sv\/#breadcrumb"},"inLanguage":"sv-SE","potentialAction":[{"@type":"ReadAction","target":["https:\/\/primaverde.com\/sv\/"]}]},{"@type":"ImageObject","inLanguage":"sv-SE","@id":"https:\/\/primaverde.com\/sv\/#primaryimage","url":"https:\/\/primaverde.com\/wp-content\/uploads\/2018\/11\/header_primaverde.jpg","contentUrl":"https:\/\/primaverde.com\/wp-content\/uploads\/2018\/11\/header_primaverde.jpg","width":1260,"height":300,"caption":"Primaverde verf op de trap afdekmaterialen"},{"@type":"BreadcrumbList","@id":"https:\/\/primaverde.com\/sv\/#breadcrumb","itemListElement":[{"@type":"ListItem","position":1,"name":"Home","item":"https:\/\/primaverde.com\/sv\/"},{"@type":"ListItem","position":2,"name":"Primaverde"}]},{"@type":"WebSite","@id":"https:\/\/primaverde.com\/sv\/#website","url":"https:\/\/primaverde.com\/sv\/","name":"Primaverde","description":"Covering material, protection, tapes, Beschermende materialen","publisher":{"@id":"https:\/\/primaverde.com\/sv\/#organization"},"potentialAction":[{"@type":"SearchAction","target":{"@type":"EntryPoint","urlTemplate":"https:\/\/primaverde.com\/sv\/?s={search_term_string}"},"query-input":{"@type":"PropertyValueSpecification","valueRequired":true,"valueName":"search_term_string"}}],"inLanguage":"sv-SE"},{"@type":"Organization","@id":"https:\/\/primaverde.com\/sv\/#organization","name":"Primaverde B.V.","url":"https:\/\/primaverde.com\/sv\/","logo":{"@type":"ImageObject","inLanguage":"sv-SE","@id":"https:\/\/primaverde.com\/sv\/#\/schema\/logo\/image\/","url":"https:\/\/primaverde.com\/wp-content\/uploads\/2015\/03\/Logo_Primaverde.jpg","contentUrl":"https:\/\/primaverde.com\/wp-content\/uploads\/2015\/03\/Logo_Primaverde.jpg","width":1170,"height":212,"caption":"Primaverde B.V."},"image":{"@id":"https:\/\/primaverde.com\/sv\/#\/schema\/logo\/image\/"},"sameAs":["https:\/\/www.facebook.com\/PrimaverdeBV\/","https:\/\/x.com\/PrimaverdeBV","https:\/\/nl.linkedin.com\/company\/primaverde","http:\/\/www.youtube.com\/channel\/UC3DwQqj8f8tatLdSFA0aWwA"]}]}},"_links":{"self":[{"href":"https:\/\/primaverde.com\/sv\/wp-json\/wp\/v2\/pages\/44686","targetHints":{"allow":["GET"]}}],"collection":[{"href":"https:\/\/primaverde.com\/sv\/wp-json\/wp\/v2\/pages"}],"about":[{"href":"https:\/\/primaverde.com\/sv\/wp-json\/wp\/v2\/types\/page"}],"author":[{"embeddable":true,"href":"https:\/\/primaverde.com\/sv\/wp-json\/wp\/v2\/users\/140"}],"replies":[{"embeddable":true,"href":"https:\/\/primaverde.com\/sv\/wp-json\/wp\/v2\/comments?post=44686"}],"version-history":[{"count":32,"href":"https:\/\/primaverde.com\/sv\/wp-json\/wp\/v2\/pages\/44686\/revisions"}],"predecessor-version":[{"id":45509,"href":"https:\/\/primaverde.com\/sv\/wp-json\/wp\/v2\/pages\/44686\/revisions\/45509"}],"wp:featuredmedia":[{"embeddable":true,"href":"https:\/\/primaverde.com\/sv\/wp-json\/wp\/v2\/media\/44688"}],"wp:attachment":[{"href":"https:\/\/primaverde.com\/sv\/wp-json\/wp\/v2\/media?parent=44686"}],"curies":[{"name":"wp","href":"https:\/\/api.w.org\/{rel}","templated":true}]}}